{"id":15955,"date":"2026-02-20T14:32:13","date_gmt":"2026-02-20T12:32:13","guid":{"rendered":"https:\/\/rtt.ee\/?post_type=product&#038;p=15955"},"modified":"2026-03-26T14:29:13","modified_gmt":"2026-03-26T12:29:13","slug":"sharp-bp55c26eu-a3-varvi-koopiamasin","status":"publish","type":"product","link":"https:\/\/rtt.ee\/ru\/toode\/koopiamasinad-ru\/a3-printer-skanner-koopiamasinad-ru\/sharp-bp55c26eu-a3-varvi-koopiamasin\/","title":{"rendered":"SHARP BP56C26EU A3 v\u00e4rvi-koopiamasin"},"content":{"rendered":"<p>Funktsioonid: printimine, skannimine, kopeerimine, failihaldus<\/p>\n<p>Tr\u00fckikiirus A4: 26 Lk\/min (must-valge, v\u00e4rviline)<\/p>\n<p>Tr\u00fckikiirus A3: 15 Lk\/min (must-valge, v\u00e4rviline)<\/p>\n<p>Tr\u00fckikvaliteet (dpi): 1200 x 1200, 600 x 600, 9600 x 600<\/p>\n<p>M\u00e4lu: 5GB<\/p>\n<p>HDD: 128 SSD (Standard), 512GB SSD (v\u00f5imalus)<\/p>\n<p><strong>Sk\u00e4nner: DSPF (s\u00f6\u00f6tja 300 lehte), kiirus 240 ipm<\/strong><\/p>\n<p>Paberis\u00f6\u00f6tja maht: 650 lehte (Standard), 6300 lehte (v\u00f5imalus)<\/p>\n<p>\u00dchendused: USB, Ethernet, WiFi (v\u00f5imalus)<\/p>\n<p>Toetatavad operatsioonis\u00fcsteemid: Windows, Windows Server, MacOS<\/p>\n<p>M\u00f5\u00f5dud (LxSxK): 609x662x860mm<\/p>\n<p>Kaal: 85kg<\/p>\n<p>Lisainfo:\u00a0<a href=\"https:\/\/www.sharp.eu\/sharp-bp-56c26\">Tehniline kirjeldus inglise keeles<\/a><\/p>\n<p>Tel: +372 6 112 256<\/p>\n<p>GSM: +372 5 014 470<\/p>\n<p><strong>Pakume SHARP BP-56C26EU koopiamasina paindlikku rendiv\u00f5imalust:<\/strong><\/p>\n<p>Rendiperiood\u00a0<strong>36 kuud<\/strong>\u00a0igakuine makse\u00a0<strong>79+KM<\/strong><\/p>\n<p>Rendiperiood\u00a0<strong>48 kuud<\/strong>\u00a0igakuine makse\u00a0<strong>59+KM<\/strong><\/p>\n<ul>\n<li><strong>T\u00f6\u00f6kindel ja kvaliteetne<\/strong>\u00a0\u2013 SHARP tehnoloogia, millele saad loota<\/li>\n<li><strong>Tasuta paigaldus ja h\u00e4\u00e4lestus<\/strong>\u00a0\u2013 mugav stardipakett ilma lisakuludeta<\/li>\n<li><strong>Rendiperioodi l\u00f5pus<\/strong>\u00a0\u2013 v\u00f5imalus seade v\u00e4lja osta v\u00f5i renti j\u00e4tkata<\/li>\n<li><strong>Kiire klienditugi<\/strong>\u00a0\u2013 tehniline abi kuni 4 tunni jooksul<\/li>\n<\/ul>\n<p>Soovitame juurde\u00a0<strong>T\u00c4ISHOOLDUSLEPING<\/strong><\/p>\n<p><span style=\"color: #ff0000;font-size: 14pt\"><strong>Lisainfo: <a style=\"color: #ff0000\" href=\"https:\/\/kontoriprinter.ee\/\">Kontoriprinter.ee<\/a><\/strong><\/span><\/p>\n","protected":false},"excerpt":{"rendered":"<p>Funktsioonid: printimine, skannimine, kopeerimine, failihaldus Tr\u00fckikiirus A4: 26 Lk\/min (must-valge, v\u00e4rviline) Tr\u00fckikiirus A3: 15 Lk\/min (must-valge, v\u00e4rviline) Tr\u00fckikvaliteet (dpi): 1200 x 1200, 600 x 600, 9600 x 600 M\u00e4lu: 5GB HDD: 128 SSD (Standard), 512GB SSD (v\u00f5imalus) Sk\u00e4nner: DSPF (s\u00f6\u00f6tja 300 lehte), kiirus 240 ipm Paberis\u00f6\u00f6tja maht: 650 lehte (Standard), 6300 lehte (v\u00f5imalus) \u00dchendused: USB, [&hellip;]<\/p>\n","protected":false},"featured_media":15959,"template":"","meta":{"_acf_changed":false},"product_brand":[404],"product_cat":[233,235],"product_tag":[],"class_list":{"0":"post-15955","1":"product","2":"type-product","3":"status-publish","4":"has-post-thumbnail","6":"product_brand-sharp","7":"product_cat-koopiamasinad-ru","8":"product_cat-a3-printer-skanner-koopiamasinad-ru","10":"first","11":"onbackorder","12":"featured","13":"taxable","14":"shipping-taxable","15":"purchasable","16":"product-type-simple"},"acf":[],"yoast_head":"<!-- This site is optimized with the Yoast SEO plugin v26.2 - https:\/\/yoast.com\/wordpress\/plugins\/seo\/ -->\n<title>SHARP BP56C26EU A3 v\u00e4rvi-koopiamasin - RTT<\/title>\n<meta name=\"description\" content=\"Nutikas A3 v\u00e4rviline MFP Sharp BP-55C26EU. Varustatud mahuka 300-lehelise DSPF-s\u00f6\u00f6turi ja \u00fclikiire kahepoolse skaneerimisega. Ideaalne suureks t\u00f6\u00f6koormuseks.\" \/>\n<meta name=\"robots\" content=\"index, follow, max-snippet:-1, max-image-preview:large, max-video-preview:-1\" \/>\n<link rel=\"canonical\" href=\"https:\/\/rtt.ee\/ru\/toode\/koopiamasinad-ru\/a3-printer-skanner-koopiamasinad-ru\/sharp-bp55c26eu-a3-varvi-koopiamasin\/\" \/>\n<meta property=\"og:locale\" content=\"ru_RU\" \/>\n<meta property=\"og:type\" content=\"article\" \/>\n<meta property=\"og:title\" content=\"SHARP BP56C26EU A3 v\u00e4rvi-koopiamasin - RTT\" \/>\n<meta property=\"og:description\" content=\"Nutikas A3 v\u00e4rviline MFP Sharp BP-55C26EU. Varustatud mahuka 300-lehelise DSPF-s\u00f6\u00f6turi ja \u00fclikiire kahepoolse skaneerimisega. Ideaalne suureks t\u00f6\u00f6koormuseks.\" \/>\n<meta property=\"og:url\" content=\"https:\/\/rtt.ee\/ru\/toode\/koopiamasinad-ru\/a3-printer-skanner-koopiamasinad-ru\/sharp-bp55c26eu-a3-varvi-koopiamasin\/\" \/>\n<meta property=\"og:site_name\" content=\"RTT\" \/>\n<meta property=\"article:modified_time\" content=\"2026-03-26T12:29:13+00:00\" \/>\n<meta property=\"og:image\" content=\"https:\/\/rtt.ee\/wp-content\/uploads\/2026\/02\/BP56C26.webp\" \/>\n\t<meta property=\"og:image:width\" content=\"681\" \/>\n\t<meta property=\"og:image:height\" content=\"1000\" \/>\n\t<meta property=\"og:image:type\" content=\"image\/webp\" \/>\n<meta name=\"twitter:card\" content=\"summary_large_image\" \/>\n<meta name=\"twitter:label1\" content=\"\u041f\u0440\u0438\u043c\u0435\u0440\u043d\u043e\u0435 \u0432\u0440\u0435\u043c\u044f \u0434\u043b\u044f \u0447\u0442\u0435\u043d\u0438\u044f\" \/>\n\t<meta name=\"twitter:data1\" content=\"1 \u043c\u0438\u043d\u0443\u0442\u0430\" \/>\n<script type=\"application\/ld+json\" class=\"yoast-schema-graph\">{\"@context\":\"https:\/\/schema.org\",\"@graph\":[{\"@type\":\"WebPage\",\"@id\":\"https:\/\/rtt.ee\/ru\/toode\/koopiamasinad-ru\/a3-printer-skanner-koopiamasinad-ru\/sharp-bp55c26eu-a3-varvi-koopiamasin\/\",\"url\":\"https:\/\/rtt.ee\/ru\/toode\/koopiamasinad-ru\/a3-printer-skanner-koopiamasinad-ru\/sharp-bp55c26eu-a3-varvi-koopiamasin\/\",\"name\":\"SHARP BP56C26EU A3 v\u00e4rvi-koopiamasin - RTT\",\"isPartOf\":{\"@id\":\"https:\/\/rtt.ee\/en\/#website\"},\"primaryImageOfPage\":{\"@id\":\"https:\/\/rtt.ee\/ru\/toode\/koopiamasinad-ru\/a3-printer-skanner-koopiamasinad-ru\/sharp-bp55c26eu-a3-varvi-koopiamasin\/#primaryimage\"},\"image\":{\"@id\":\"https:\/\/rtt.ee\/ru\/toode\/koopiamasinad-ru\/a3-printer-skanner-koopiamasinad-ru\/sharp-bp55c26eu-a3-varvi-koopiamasin\/#primaryimage\"},\"thumbnailUrl\":\"https:\/\/rtt.ee\/wp-content\/uploads\/2026\/02\/BP56C26.webp\",\"datePublished\":\"2026-02-20T12:32:13+00:00\",\"dateModified\":\"2026-03-26T12:29:13+00:00\",\"description\":\"Nutikas A3 v\u00e4rviline MFP Sharp BP-55C26EU. Varustatud mahuka 300-lehelise DSPF-s\u00f6\u00f6turi ja \u00fclikiire kahepoolse skaneerimisega. Ideaalne suureks t\u00f6\u00f6koormuseks.\",\"breadcrumb\":{\"@id\":\"https:\/\/rtt.ee\/ru\/toode\/koopiamasinad-ru\/a3-printer-skanner-koopiamasinad-ru\/sharp-bp55c26eu-a3-varvi-koopiamasin\/#breadcrumb\"},\"inLanguage\":\"ru-RU\",\"potentialAction\":[{\"@type\":\"ReadAction\",\"target\":[\"https:\/\/rtt.ee\/ru\/toode\/koopiamasinad-ru\/a3-printer-skanner-koopiamasinad-ru\/sharp-bp55c26eu-a3-varvi-koopiamasin\/\"]}]},{\"@type\":\"ImageObject\",\"inLanguage\":\"ru-RU\",\"@id\":\"https:\/\/rtt.ee\/ru\/toode\/koopiamasinad-ru\/a3-printer-skanner-koopiamasinad-ru\/sharp-bp55c26eu-a3-varvi-koopiamasin\/#primaryimage\",\"url\":\"https:\/\/rtt.ee\/wp-content\/uploads\/2026\/02\/BP56C26.webp\",\"contentUrl\":\"https:\/\/rtt.ee\/wp-content\/uploads\/2026\/02\/BP56C26.webp\",\"width\":681,\"height\":1000},{\"@type\":\"BreadcrumbList\",\"@id\":\"https:\/\/rtt.ee\/ru\/toode\/koopiamasinad-ru\/a3-printer-skanner-koopiamasinad-ru\/sharp-bp55c26eu-a3-varvi-koopiamasin\/#breadcrumb\",\"itemListElement\":[{\"@type\":\"ListItem\",\"position\":1,\"name\":\"\u0413\u043b\u0430\u0432\u043d\u0430\u044f\",\"item\":\"https:\/\/rtt.ee\/ru\/\"},{\"@type\":\"ListItem\",\"position\":2,\"name\":\"Magazin\",\"item\":\"https:\/\/rtt.ee\/ru\/pood\/\"},{\"@type\":\"ListItem\",\"position\":3,\"name\":\"Koopiamasinad\",\"item\":\"https:\/\/rtt.ee\/tootekategooria\/koopiamasinad\/\"},{\"@type\":\"ListItem\",\"position\":4,\"name\":\"A3 Printer-Sk\u00e4nner-Koopiamasinad\",\"item\":\"https:\/\/rtt.ee\/tootekategooria\/koopiamasinad\/a3-printer-skanner-koopiamasinad\/\"},{\"@type\":\"ListItem\",\"position\":5,\"name\":\"SHARP BP56C26EU A3 v\u00e4rvi-koopiamasin\"}]},{\"@type\":\"WebSite\",\"@id\":\"https:\/\/rtt.ee\/en\/#website\",\"url\":\"https:\/\/rtt.ee\/en\/\",\"name\":\"RTT\",\"description\":\"Kassaaparaadid ja kontorikaubad\",\"potentialAction\":[{\"@type\":\"SearchAction\",\"target\":{\"@type\":\"EntryPoint\",\"urlTemplate\":\"https:\/\/rtt.ee\/en\/?s={search_term_string}\"},\"query-input\":{\"@type\":\"PropertyValueSpecification\",\"valueRequired\":true,\"valueName\":\"search_term_string\"}}],\"inLanguage\":\"ru-RU\"}]}<\/script>\n<!-- \/ Yoast SEO plugin. -->","yoast_head_json":{"title":"SHARP BP56C26EU A3 v\u00e4rvi-koopiamasin - RTT","description":"Nutikas A3 v\u00e4rviline MFP Sharp BP-55C26EU. Varustatud mahuka 300-lehelise DSPF-s\u00f6\u00f6turi ja \u00fclikiire kahepoolse skaneerimisega. Ideaalne suureks t\u00f6\u00f6koormuseks.","robots":{"index":"index","follow":"follow","max-snippet":"max-snippet:-1","max-image-preview":"max-image-preview:large","max-video-preview":"max-video-preview:-1"},"canonical":"https:\/\/rtt.ee\/ru\/toode\/koopiamasinad-ru\/a3-printer-skanner-koopiamasinad-ru\/sharp-bp55c26eu-a3-varvi-koopiamasin\/","og_locale":"ru_RU","og_type":"article","og_title":"SHARP BP56C26EU A3 v\u00e4rvi-koopiamasin - RTT","og_description":"Nutikas A3 v\u00e4rviline MFP Sharp BP-55C26EU. Varustatud mahuka 300-lehelise DSPF-s\u00f6\u00f6turi ja \u00fclikiire kahepoolse skaneerimisega. Ideaalne suureks t\u00f6\u00f6koormuseks.","og_url":"https:\/\/rtt.ee\/ru\/toode\/koopiamasinad-ru\/a3-printer-skanner-koopiamasinad-ru\/sharp-bp55c26eu-a3-varvi-koopiamasin\/","og_site_name":"RTT","article_modified_time":"2026-03-26T12:29:13+00:00","og_image":[{"width":681,"height":1000,"url":"https:\/\/rtt.ee\/wp-content\/uploads\/2026\/02\/BP56C26.webp","type":"image\/webp"}],"twitter_card":"summary_large_image","twitter_misc":{"\u041f\u0440\u0438\u043c\u0435\u0440\u043d\u043e\u0435 \u0432\u0440\u0435\u043c\u044f \u0434\u043b\u044f \u0447\u0442\u0435\u043d\u0438\u044f":"1 \u043c\u0438\u043d\u0443\u0442\u0430"},"schema":{"@context":"https:\/\/schema.org","@graph":[{"@type":"WebPage","@id":"https:\/\/rtt.ee\/ru\/toode\/koopiamasinad-ru\/a3-printer-skanner-koopiamasinad-ru\/sharp-bp55c26eu-a3-varvi-koopiamasin\/","url":"https:\/\/rtt.ee\/ru\/toode\/koopiamasinad-ru\/a3-printer-skanner-koopiamasinad-ru\/sharp-bp55c26eu-a3-varvi-koopiamasin\/","name":"SHARP BP56C26EU A3 v\u00e4rvi-koopiamasin - RTT","isPartOf":{"@id":"https:\/\/rtt.ee\/en\/#website"},"primaryImageOfPage":{"@id":"https:\/\/rtt.ee\/ru\/toode\/koopiamasinad-ru\/a3-printer-skanner-koopiamasinad-ru\/sharp-bp55c26eu-a3-varvi-koopiamasin\/#primaryimage"},"image":{"@id":"https:\/\/rtt.ee\/ru\/toode\/koopiamasinad-ru\/a3-printer-skanner-koopiamasinad-ru\/sharp-bp55c26eu-a3-varvi-koopiamasin\/#primaryimage"},"thumbnailUrl":"https:\/\/rtt.ee\/wp-content\/uploads\/2026\/02\/BP56C26.webp","datePublished":"2026-02-20T12:32:13+00:00","dateModified":"2026-03-26T12:29:13+00:00","description":"Nutikas A3 v\u00e4rviline MFP Sharp BP-55C26EU. Varustatud mahuka 300-lehelise DSPF-s\u00f6\u00f6turi ja \u00fclikiire kahepoolse skaneerimisega. Ideaalne suureks t\u00f6\u00f6koormuseks.","breadcrumb":{"@id":"https:\/\/rtt.ee\/ru\/toode\/koopiamasinad-ru\/a3-printer-skanner-koopiamasinad-ru\/sharp-bp55c26eu-a3-varvi-koopiamasin\/#breadcrumb"},"inLanguage":"ru-RU","potentialAction":[{"@type":"ReadAction","target":["https:\/\/rtt.ee\/ru\/toode\/koopiamasinad-ru\/a3-printer-skanner-koopiamasinad-ru\/sharp-bp55c26eu-a3-varvi-koopiamasin\/"]}]},{"@type":"ImageObject","inLanguage":"ru-RU","@id":"https:\/\/rtt.ee\/ru\/toode\/koopiamasinad-ru\/a3-printer-skanner-koopiamasinad-ru\/sharp-bp55c26eu-a3-varvi-koopiamasin\/#primaryimage","url":"https:\/\/rtt.ee\/wp-content\/uploads\/2026\/02\/BP56C26.webp","contentUrl":"https:\/\/rtt.ee\/wp-content\/uploads\/2026\/02\/BP56C26.webp","width":681,"height":1000},{"@type":"BreadcrumbList","@id":"https:\/\/rtt.ee\/ru\/toode\/koopiamasinad-ru\/a3-printer-skanner-koopiamasinad-ru\/sharp-bp55c26eu-a3-varvi-koopiamasin\/#breadcrumb","itemListElement":[{"@type":"ListItem","position":1,"name":"\u0413\u043b\u0430\u0432\u043d\u0430\u044f","item":"https:\/\/rtt.ee\/ru\/"},{"@type":"ListItem","position":2,"name":"Magazin","item":"https:\/\/rtt.ee\/ru\/pood\/"},{"@type":"ListItem","position":3,"name":"Koopiamasinad","item":"https:\/\/rtt.ee\/tootekategooria\/koopiamasinad\/"},{"@type":"ListItem","position":4,"name":"A3 Printer-Sk\u00e4nner-Koopiamasinad","item":"https:\/\/rtt.ee\/tootekategooria\/koopiamasinad\/a3-printer-skanner-koopiamasinad\/"},{"@type":"ListItem","position":5,"name":"SHARP BP56C26EU A3 v\u00e4rvi-koopiamasin"}]},{"@type":"WebSite","@id":"https:\/\/rtt.ee\/en\/#website","url":"https:\/\/rtt.ee\/en\/","name":"RTT","description":"Kassaaparaadid ja kontorikaubad","potentialAction":[{"@type":"SearchAction","target":{"@type":"EntryPoint","urlTemplate":"https:\/\/rtt.ee\/en\/?s={search_term_string}"},"query-input":{"@type":"PropertyValueSpecification","valueRequired":true,"valueName":"search_term_string"}}],"inLanguage":"ru-RU"}]}},"_links":{"self":[{"href":"https:\/\/rtt.ee\/ru\/wp-json\/wp\/v2\/product\/15955","targetHints":{"allow":["GET"]}}],"collection":[{"href":"https:\/\/rtt.ee\/ru\/wp-json\/wp\/v2\/product"}],"about":[{"href":"https:\/\/rtt.ee\/ru\/wp-json\/wp\/v2\/types\/product"}],"wp:featuredmedia":[{"embeddable":true,"href":"https:\/\/rtt.ee\/ru\/wp-json\/wp\/v2\/media\/15959"}],"wp:attachment":[{"href":"https:\/\/rtt.ee\/ru\/wp-json\/wp\/v2\/media?parent=15955"}],"wp:term":[{"taxonomy":"product_brand","embeddable":true,"href":"https:\/\/rtt.ee\/ru\/wp-json\/wp\/v2\/product_brand?post=15955"},{"taxonomy":"product_cat","embeddable":true,"href":"https:\/\/rtt.ee\/ru\/wp-json\/wp\/v2\/product_cat?post=15955"},{"taxonomy":"product_tag","embeddable":true,"href":"https:\/\/rtt.ee\/ru\/wp-json\/wp\/v2\/product_tag?post=15955"}],"curies":[{"name":"wp","href":"https:\/\/api.w.org\/{rel}","templated":true}]}}