{"id":15731,"date":"2024-05-13T12:43:24","date_gmt":"2024-05-13T09:43:24","guid":{"rendered":"https:\/\/rtt.ee\/toode\/uncategorized\/hp-color-laserjet-pro-mfp-4302fdw-printer\/"},"modified":"2026-04-01T10:35:13","modified_gmt":"2026-04-01T07:35:13","slug":"hp-color-laserjet-pro-mfp-4302fdw-printer","status":"publish","type":"product","link":"https:\/\/rtt.ee\/ru\/toode\/koopiamasinad-ru\/a4-printer-skanner-koopiamasinad-ru\/hp-color-laserjet-pro-mfp-4302fdw-printer\/","title":{"rendered":"HP Color LaserJet Pro MFP 4302fdw multifunktsionaalne A4 v\u00e4rvi-laserprinter"},"content":{"rendered":"<p>Funktsioonid: Printimine, kopeerimine, skaneerimine, faksimine<\/p>\n<p>Tr\u00fckkimiskiirus:\u00a033 mustvalget, 33 v\u00e4rvilist<\/p>\n<p>Tr\u00fckiresolutsioon: 600\u00d7600 (M), 600\u00d7600 (V)<\/p>\n<p>Paberi mahutavus: standard 300, maksimaalselt 850 lehte<\/p>\n<p>Juhtpaneel: 4,3&#8243; v\u00e4rviline puuteekraan<\/p>\n<p>M\u00e4lu: 512MB<\/p>\n<p>Soovituslik tr\u00fckimaht kuus: umbes 750 kuni 4 000 lehek\u00fclge<\/p>\n<p>\u00dchendused: USB, LAN, WIFI, BT<\/p>\n<p>\u00dchilduvus: Windows 11; Windows 10; Windows Client OS; Android; iOS; Mobile OS; macOS 10.15 Catalina; macOS 11 Big Sur; macOS 12 Monterey; macOS 13 Ventura; macOS 15 Sequoia; Linux; Citrix; Chrome OS<\/p>\n<div id=\"tw-target-text-container\" class=\"tw-ta-container F0azHf tw-nfl\">\n<p>Lisainfo: <a href=\"https:\/\/www.hp.com\/ee-et\/products\/printers\/product-details\/product-specifications\/2100840201\">Tehniline kirjeldus inglise keeles<\/a><\/p>\n<\/div>\n<div class=\"iYB33c\">\n<div class=\"dlJLJe\">\n<div data-cviv=\"false\" data-ved=\"2ahUKEwjJ7fe8qNDxAhWBi8MKHaRDAzAQz_AEMAB6BAgCEA8\">\n<div class=\"U9URNb\">\n<div id=\"tw-container\" class=\"YQaNob\" data-cp=\"1\" data-is-ver=\"false\" data-nnttsvi=\"1\" data-sm=\"1\" data-sugg-time=\"500\" data-sugg-url=\"https:\/\/clients1.google.com\/complete\/search\" data-uilc=\"et\">\n<div id=\"tw-ob\" class=\"tw-src-ltr\">\n<div class=\"oSioSc\">\n<div id=\"tw-target\">\n<div id=\"kAz1tf\" class=\"g9WsWb\">\n<div id=\"tw-target-text-container\" class=\"tw-ta-container F0azHf tw-nfl\">\n<div id=\"tw-container\" class=\"YQaNob\" data-cp=\"1\" data-is-ver=\"false\" data-nnttsvi=\"1\" data-sm=\"1\" data-sugg-time=\"500\" data-sugg-url=\"https:\/\/clients1.google.com\/complete\/search\" data-uilc=\"et\">\n<div id=\"tw-ob\" class=\"tw-src-ltr\">\n<div class=\"oSioSc\">\n<p>Tel: +372 6 112 256<\/p>\n<p>GSM: +372 5 014 470<\/p>\n<\/div>\n<p><span style=\"color: #ff0000\">KAMPAANIA!\u00a0<span class=\"text-4xl\">HP LaserJet Pro Cashback<\/span><\/span><\/p>\n<p><span style=\"color: #ff0000\">Periood: 01.02.2026 \u2013 30.04.2026<\/span><\/p>\n<p><span style=\"color: #ff0000\">Lisainfo:<\/span>\u00a0<a href=\"https:\/\/h41201.www4.hp.com\/WMCF.Web\/ee\/et\/promotion\/13490\/Home\/\">HP LaserJet Pro Cashback<\/a><\/p>\n<\/div>\n<\/div>\n<\/div>\n<\/div>\n<\/div>\n<\/div>\n<\/div>\n<\/div>\n<\/div>\n<\/div>\n<\/div>\n<\/div>\n","protected":false},"excerpt":{"rendered":"<p>Funktsioonid: Printimine, kopeerimine, skaneerimine, faksimine Tr\u00fckkimiskiirus:\u00a033 mustvalget, 33 v\u00e4rvilist Tr\u00fckiresolutsioon: 600\u00d7600 (M), 600\u00d7600 (V) Paberi mahutavus: standard 300, maksimaalselt 850 lehte Juhtpaneel: 4,3&#8243; v\u00e4rviline puuteekraan M\u00e4lu: 512MB Soovituslik tr\u00fckimaht kuus: umbes 750 kuni 4 000 lehek\u00fclge \u00dchendused: USB, LAN, WIFI, BT \u00dchilduvus: Windows 11; Windows 10; Windows Client OS; Android; iOS; Mobile OS; macOS 10.15 [&hellip;]<\/p>\n","protected":false},"featured_media":10809,"template":"","meta":{"_acf_changed":false},"product_brand":[390],"product_cat":[233,236],"product_tag":[],"class_list":{"0":"post-15731","1":"product","2":"type-product","3":"status-publish","4":"has-post-thumbnail","6":"product_brand-hp","7":"product_cat-koopiamasinad-ru","8":"product_cat-a4-printer-skanner-koopiamasinad-ru","9":"product_brands-hp","11":"first","12":"onbackorder","13":"sale","14":"taxable","15":"shipping-taxable","16":"purchasable","17":"product-type-simple"},"acf":[],"yoast_head":"<!-- This site is optimized with the Yoast SEO plugin v26.2 - https:\/\/yoast.com\/wordpress\/plugins\/seo\/ -->\n<title>HP Color LaserJet Pro MFP 4302fdw multifunktsionaalne A4 v\u00e4rvi-laserprinter - RTT<\/title>\n<meta name=\"description\" content=\"HP Color LaserJet Pro MFP 4302fdw \u2013 v\u00f5imekas k\u00f5ik-\u00fches laserprinter. Printimine, kopeerimine, skannimine \u00fches seadmes. Ideaalne lahendus kontorisse\" \/>\n<meta name=\"robots\" content=\"index, follow, max-snippet:-1, max-image-preview:large, max-video-preview:-1\" \/>\n<link rel=\"canonical\" href=\"https:\/\/rtt.ee\/ru\/toode\/koopiamasinad-ru\/a4-printer-skanner-koopiamasinad-ru\/hp-color-laserjet-pro-mfp-4302fdw-printer\/\" \/>\n<meta property=\"og:locale\" content=\"ru_RU\" \/>\n<meta property=\"og:type\" content=\"article\" \/>\n<meta property=\"og:title\" content=\"HP Color LaserJet Pro MFP 4302fdw multifunktsionaalne A4 v\u00e4rvi-laserprinter - RTT\" \/>\n<meta property=\"og:description\" content=\"HP Color LaserJet Pro MFP 4302fdw \u2013 v\u00f5imekas k\u00f5ik-\u00fches laserprinter. Printimine, kopeerimine, skannimine \u00fches seadmes. Ideaalne lahendus kontorisse\" \/>\n<meta property=\"og:url\" content=\"https:\/\/rtt.ee\/ru\/toode\/koopiamasinad-ru\/a4-printer-skanner-koopiamasinad-ru\/hp-color-laserjet-pro-mfp-4302fdw-printer\/\" \/>\n<meta property=\"og:site_name\" content=\"RTT\" \/>\n<meta property=\"article:modified_time\" content=\"2026-04-01T07:35:13+00:00\" \/>\n<meta property=\"og:image\" content=\"https:\/\/rtt.ee\/wp-content\/uploads\/2024\/05\/hp-4302.png\" \/>\n\t<meta property=\"og:image:width\" content=\"800\" \/>\n\t<meta property=\"og:image:height\" content=\"600\" \/>\n\t<meta property=\"og:image:type\" content=\"image\/png\" \/>\n<meta name=\"twitter:card\" content=\"summary_large_image\" \/>\n<script type=\"application\/ld+json\" class=\"yoast-schema-graph\">{\"@context\":\"https:\/\/schema.org\",\"@graph\":[{\"@type\":\"WebPage\",\"@id\":\"https:\/\/rtt.ee\/ru\/toode\/koopiamasinad-ru\/a4-printer-skanner-koopiamasinad-ru\/hp-color-laserjet-pro-mfp-4302fdw-printer\/\",\"url\":\"https:\/\/rtt.ee\/ru\/toode\/koopiamasinad-ru\/a4-printer-skanner-koopiamasinad-ru\/hp-color-laserjet-pro-mfp-4302fdw-printer\/\",\"name\":\"HP Color LaserJet Pro MFP 4302fdw multifunktsionaalne A4 v\u00e4rvi-laserprinter - RTT\",\"isPartOf\":{\"@id\":\"https:\/\/rtt.ee\/en\/#website\"},\"primaryImageOfPage\":{\"@id\":\"https:\/\/rtt.ee\/ru\/toode\/koopiamasinad-ru\/a4-printer-skanner-koopiamasinad-ru\/hp-color-laserjet-pro-mfp-4302fdw-printer\/#primaryimage\"},\"image\":{\"@id\":\"https:\/\/rtt.ee\/ru\/toode\/koopiamasinad-ru\/a4-printer-skanner-koopiamasinad-ru\/hp-color-laserjet-pro-mfp-4302fdw-printer\/#primaryimage\"},\"thumbnailUrl\":\"https:\/\/rtt.ee\/wp-content\/uploads\/2024\/05\/hp-4302.png\",\"datePublished\":\"2024-05-13T09:43:24+00:00\",\"dateModified\":\"2026-04-01T07:35:13+00:00\",\"description\":\"HP Color LaserJet Pro MFP 4302fdw \u2013 v\u00f5imekas k\u00f5ik-\u00fches laserprinter. Printimine, kopeerimine, skannimine \u00fches seadmes. Ideaalne lahendus kontorisse\",\"breadcrumb\":{\"@id\":\"https:\/\/rtt.ee\/ru\/toode\/koopiamasinad-ru\/a4-printer-skanner-koopiamasinad-ru\/hp-color-laserjet-pro-mfp-4302fdw-printer\/#breadcrumb\"},\"inLanguage\":\"ru-RU\",\"potentialAction\":[{\"@type\":\"ReadAction\",\"target\":[\"https:\/\/rtt.ee\/ru\/toode\/koopiamasinad-ru\/a4-printer-skanner-koopiamasinad-ru\/hp-color-laserjet-pro-mfp-4302fdw-printer\/\"]}]},{\"@type\":\"ImageObject\",\"inLanguage\":\"ru-RU\",\"@id\":\"https:\/\/rtt.ee\/ru\/toode\/koopiamasinad-ru\/a4-printer-skanner-koopiamasinad-ru\/hp-color-laserjet-pro-mfp-4302fdw-printer\/#primaryimage\",\"url\":\"https:\/\/rtt.ee\/wp-content\/uploads\/2024\/05\/hp-4302.png\",\"contentUrl\":\"https:\/\/rtt.ee\/wp-content\/uploads\/2024\/05\/hp-4302.png\",\"width\":800,\"height\":600,\"caption\":\"hp 4302dw printer\"},{\"@type\":\"BreadcrumbList\",\"@id\":\"https:\/\/rtt.ee\/ru\/toode\/koopiamasinad-ru\/a4-printer-skanner-koopiamasinad-ru\/hp-color-laserjet-pro-mfp-4302fdw-printer\/#breadcrumb\",\"itemListElement\":[{\"@type\":\"ListItem\",\"position\":1,\"name\":\"\u0413\u043b\u0430\u0432\u043d\u0430\u044f\",\"item\":\"https:\/\/rtt.ee\/ru\/\"},{\"@type\":\"ListItem\",\"position\":2,\"name\":\"Magazin\",\"item\":\"https:\/\/rtt.ee\/ru\/pood\/\"},{\"@type\":\"ListItem\",\"position\":3,\"name\":\"Koopiamasinad\",\"item\":\"https:\/\/rtt.ee\/tootekategooria\/koopiamasinad\/\"},{\"@type\":\"ListItem\",\"position\":4,\"name\":\"A4 Printer-Sk\u00e4nner-Koopiamasinad\",\"item\":\"https:\/\/rtt.ee\/tootekategooria\/koopiamasinad\/a4-printer-skanner-koopiamasinad\/\"},{\"@type\":\"ListItem\",\"position\":5,\"name\":\"HP Color LaserJet Pro MFP 4302fdw multifunktsionaalne A4 v\u00e4rvi-laserprinter\"}]},{\"@type\":\"WebSite\",\"@id\":\"https:\/\/rtt.ee\/en\/#website\",\"url\":\"https:\/\/rtt.ee\/en\/\",\"name\":\"RTT\",\"description\":\"Kassaaparaadid ja kontorikaubad\",\"potentialAction\":[{\"@type\":\"SearchAction\",\"target\":{\"@type\":\"EntryPoint\",\"urlTemplate\":\"https:\/\/rtt.ee\/en\/?s={search_term_string}\"},\"query-input\":{\"@type\":\"PropertyValueSpecification\",\"valueRequired\":true,\"valueName\":\"search_term_string\"}}],\"inLanguage\":\"ru-RU\"}]}<\/script>\n<!-- \/ Yoast SEO plugin. -->","yoast_head_json":{"title":"HP Color LaserJet Pro MFP 4302fdw multifunktsionaalne A4 v\u00e4rvi-laserprinter - RTT","description":"HP Color LaserJet Pro MFP 4302fdw \u2013 v\u00f5imekas k\u00f5ik-\u00fches laserprinter. Printimine, kopeerimine, skannimine \u00fches seadmes. Ideaalne lahendus kontorisse","robots":{"index":"index","follow":"follow","max-snippet":"max-snippet:-1","max-image-preview":"max-image-preview:large","max-video-preview":"max-video-preview:-1"},"canonical":"https:\/\/rtt.ee\/ru\/toode\/koopiamasinad-ru\/a4-printer-skanner-koopiamasinad-ru\/hp-color-laserjet-pro-mfp-4302fdw-printer\/","og_locale":"ru_RU","og_type":"article","og_title":"HP Color LaserJet Pro MFP 4302fdw multifunktsionaalne A4 v\u00e4rvi-laserprinter - RTT","og_description":"HP Color LaserJet Pro MFP 4302fdw \u2013 v\u00f5imekas k\u00f5ik-\u00fches laserprinter. Printimine, kopeerimine, skannimine \u00fches seadmes. Ideaalne lahendus kontorisse","og_url":"https:\/\/rtt.ee\/ru\/toode\/koopiamasinad-ru\/a4-printer-skanner-koopiamasinad-ru\/hp-color-laserjet-pro-mfp-4302fdw-printer\/","og_site_name":"RTT","article_modified_time":"2026-04-01T07:35:13+00:00","og_image":[{"width":800,"height":600,"url":"https:\/\/rtt.ee\/wp-content\/uploads\/2024\/05\/hp-4302.png","type":"image\/png"}],"twitter_card":"summary_large_image","schema":{"@context":"https:\/\/schema.org","@graph":[{"@type":"WebPage","@id":"https:\/\/rtt.ee\/ru\/toode\/koopiamasinad-ru\/a4-printer-skanner-koopiamasinad-ru\/hp-color-laserjet-pro-mfp-4302fdw-printer\/","url":"https:\/\/rtt.ee\/ru\/toode\/koopiamasinad-ru\/a4-printer-skanner-koopiamasinad-ru\/hp-color-laserjet-pro-mfp-4302fdw-printer\/","name":"HP Color LaserJet Pro MFP 4302fdw multifunktsionaalne A4 v\u00e4rvi-laserprinter - RTT","isPartOf":{"@id":"https:\/\/rtt.ee\/en\/#website"},"primaryImageOfPage":{"@id":"https:\/\/rtt.ee\/ru\/toode\/koopiamasinad-ru\/a4-printer-skanner-koopiamasinad-ru\/hp-color-laserjet-pro-mfp-4302fdw-printer\/#primaryimage"},"image":{"@id":"https:\/\/rtt.ee\/ru\/toode\/koopiamasinad-ru\/a4-printer-skanner-koopiamasinad-ru\/hp-color-laserjet-pro-mfp-4302fdw-printer\/#primaryimage"},"thumbnailUrl":"https:\/\/rtt.ee\/wp-content\/uploads\/2024\/05\/hp-4302.png","datePublished":"2024-05-13T09:43:24+00:00","dateModified":"2026-04-01T07:35:13+00:00","description":"HP Color LaserJet Pro MFP 4302fdw \u2013 v\u00f5imekas k\u00f5ik-\u00fches laserprinter. Printimine, kopeerimine, skannimine \u00fches seadmes. Ideaalne lahendus kontorisse","breadcrumb":{"@id":"https:\/\/rtt.ee\/ru\/toode\/koopiamasinad-ru\/a4-printer-skanner-koopiamasinad-ru\/hp-color-laserjet-pro-mfp-4302fdw-printer\/#breadcrumb"},"inLanguage":"ru-RU","potentialAction":[{"@type":"ReadAction","target":["https:\/\/rtt.ee\/ru\/toode\/koopiamasinad-ru\/a4-printer-skanner-koopiamasinad-ru\/hp-color-laserjet-pro-mfp-4302fdw-printer\/"]}]},{"@type":"ImageObject","inLanguage":"ru-RU","@id":"https:\/\/rtt.ee\/ru\/toode\/koopiamasinad-ru\/a4-printer-skanner-koopiamasinad-ru\/hp-color-laserjet-pro-mfp-4302fdw-printer\/#primaryimage","url":"https:\/\/rtt.ee\/wp-content\/uploads\/2024\/05\/hp-4302.png","contentUrl":"https:\/\/rtt.ee\/wp-content\/uploads\/2024\/05\/hp-4302.png","width":800,"height":600,"caption":"hp 4302dw printer"},{"@type":"BreadcrumbList","@id":"https:\/\/rtt.ee\/ru\/toode\/koopiamasinad-ru\/a4-printer-skanner-koopiamasinad-ru\/hp-color-laserjet-pro-mfp-4302fdw-printer\/#breadcrumb","itemListElement":[{"@type":"ListItem","position":1,"name":"\u0413\u043b\u0430\u0432\u043d\u0430\u044f","item":"https:\/\/rtt.ee\/ru\/"},{"@type":"ListItem","position":2,"name":"Magazin","item":"https:\/\/rtt.ee\/ru\/pood\/"},{"@type":"ListItem","position":3,"name":"Koopiamasinad","item":"https:\/\/rtt.ee\/tootekategooria\/koopiamasinad\/"},{"@type":"ListItem","position":4,"name":"A4 Printer-Sk\u00e4nner-Koopiamasinad","item":"https:\/\/rtt.ee\/tootekategooria\/koopiamasinad\/a4-printer-skanner-koopiamasinad\/"},{"@type":"ListItem","position":5,"name":"HP Color LaserJet Pro MFP 4302fdw multifunktsionaalne A4 v\u00e4rvi-laserprinter"}]},{"@type":"WebSite","@id":"https:\/\/rtt.ee\/en\/#website","url":"https:\/\/rtt.ee\/en\/","name":"RTT","description":"Kassaaparaadid ja kontorikaubad","potentialAction":[{"@type":"SearchAction","target":{"@type":"EntryPoint","urlTemplate":"https:\/\/rtt.ee\/en\/?s={search_term_string}"},"query-input":{"@type":"PropertyValueSpecification","valueRequired":true,"valueName":"search_term_string"}}],"inLanguage":"ru-RU"}]}},"_links":{"self":[{"href":"https:\/\/rtt.ee\/ru\/wp-json\/wp\/v2\/product\/15731","targetHints":{"allow":["GET"]}}],"collection":[{"href":"https:\/\/rtt.ee\/ru\/wp-json\/wp\/v2\/product"}],"about":[{"href":"https:\/\/rtt.ee\/ru\/wp-json\/wp\/v2\/types\/product"}],"wp:featuredmedia":[{"embeddable":true,"href":"https:\/\/rtt.ee\/ru\/wp-json\/wp\/v2\/media\/10809"}],"wp:attachment":[{"href":"https:\/\/rtt.ee\/ru\/wp-json\/wp\/v2\/media?parent=15731"}],"wp:term":[{"taxonomy":"product_brand","embeddable":true,"href":"https:\/\/rtt.ee\/ru\/wp-json\/wp\/v2\/product_brand?post=15731"},{"taxonomy":"product_cat","embeddable":true,"href":"https:\/\/rtt.ee\/ru\/wp-json\/wp\/v2\/product_cat?post=15731"},{"taxonomy":"product_tag","embeddable":true,"href":"https:\/\/rtt.ee\/ru\/wp-json\/wp\/v2\/product_tag?post=15731"}],"curies":[{"name":"wp","href":"https:\/\/api.w.org\/{rel}","templated":true}]}}