{"id":15454,"date":"2026-02-18T11:18:05","date_gmt":"2026-02-18T09:18:05","guid":{"rendered":"https:\/\/rtt.ee\/toode\/uncategorized\/tooner-must-analoog-hp-135x-w1350x-2\/"},"modified":"2026-02-18T11:18:05","modified_gmt":"2026-02-18T09:18:05","slug":"tooner-must-analoog-hp-135x-w1350x-2","status":"publish","type":"product","link":"https:\/\/rtt.ee\/ru\/toode\/kulumaterjalid-ru\/analoog-toonerid-ru\/tooner-must-analoog-hp-135x-w1350x-2\/","title":{"rendered":"Tooner must analoog HP 135X (W1350X)"},"content":{"rendered":"<p>HP LaserJet M207d, M207dw, M207 Series, M208d, M208dw, M208 Series, M209d, M209dw, , M209 Series, M210d, M210dw, M210 Series, M211d, M211dw, M212d, M212dw,<br \/>\nHP LaserJet MFP M230 Series, M232d, M232dwc, M232sdw, M233d, M233dw, M233sdw, M234dw, M234sdw, M235d,, M235sdw, M236d, M236dw, M236sdw, M237dw, M237sdn, M237sdw<\/p>\n<p>Tr\u00fckimaht kuni 2400 lehte<\/p>\n<p>NB!\u00a0 Toode ei t\u00f6\u00f6ta j\u00e4rgmistes teenuse HP+ jaoks m\u00f5eldud seadmetes (e-l\u00f5puga mudelid)<\/p>\n","protected":false},"excerpt":{"rendered":"<p>HP LaserJet M207d, M207dw, M207 Series, M208d, M208dw, M208 Series, M209d, M209dw, , M209 Series, M210d, M210dw, M210 Series, M211d, M211dw, M212d, M212dw, HP LaserJet MFP M230 Series, M232d, M232dwc, M232sdw, M233d, M233dw, M233sdw, M234dw, M234sdw, M235d,, M235sdw, M236d, M236dw, M236sdw, M237dw, M237sdn, M237sdw Tr\u00fckimaht kuni 2400 lehte NB!\u00a0 Toode ei t\u00f6\u00f6ta j\u00e4rgmistes teenuse HP+ [&hellip;]<\/p>\n","protected":false},"featured_media":13333,"template":"","meta":{"_acf_changed":false},"product_brand":[407],"product_cat":[241],"product_tag":[],"class_list":{"0":"post-15454","1":"product","2":"type-product","3":"status-publish","4":"has-post-thumbnail","6":"product_brand-oxe","7":"product_cat-analoog-toonerid-ru","8":"product_brands-oxe","10":"first","11":"onbackorder","12":"taxable","13":"shipping-taxable","14":"purchasable","15":"product-type-simple"},"acf":[],"yoast_head":"<!-- This site is optimized with the Yoast SEO plugin v26.2 - https:\/\/yoast.com\/wordpress\/plugins\/seo\/ -->\n<title>Tooner must analoog HP 135X (W1350X) - RTT<\/title>\n<meta name=\"robots\" content=\"index, follow, max-snippet:-1, max-image-preview:large, max-video-preview:-1\" \/>\n<link rel=\"canonical\" href=\"https:\/\/rtt.ee\/ru\/toode\/uncategorized\/tooner-must-analoog-hp-135x-w1350x-2\/\" \/>\n<meta property=\"og:locale\" content=\"ru_RU\" \/>\n<meta property=\"og:type\" content=\"article\" \/>\n<meta property=\"og:title\" content=\"Tooner must analoog HP 135X (W1350X) - RTT\" \/>\n<meta property=\"og:description\" content=\"HP LaserJet M207d, M207dw, M207 Series, M208d, M208dw, M208 Series, M209d, M209dw, , M209 Series, M210d, M210dw, M210 Series, M211d, M211dw, M212d, M212dw, HP LaserJet MFP M230 Series, M232d, M232dwc, M232sdw, M233d, M233dw, M233sdw, M234dw, M234sdw, M235d,, M235sdw, M236d, M236dw, M236sdw, M237dw, M237sdn, M237sdw Tr\u00fckimaht kuni 2400 lehte NB!\u00a0 Toode ei t\u00f6\u00f6ta j\u00e4rgmistes teenuse HP+ [&hellip;]\" \/>\n<meta property=\"og:url\" content=\"https:\/\/rtt.ee\/ru\/toode\/uncategorized\/tooner-must-analoog-hp-135x-w1350x-2\/\" \/>\n<meta property=\"og:site_name\" content=\"RTT\" \/>\n<meta property=\"og:image\" content=\"https:\/\/rtt.ee\/wp-content\/uploads\/2022\/01\/rtt_logo_350X350.jpg\" \/>\n\t<meta property=\"og:image:width\" content=\"350\" \/>\n\t<meta property=\"og:image:height\" content=\"350\" \/>\n\t<meta property=\"og:image:type\" content=\"image\/jpeg\" \/>\n<meta name=\"twitter:card\" content=\"summary_large_image\" \/>\n<script type=\"application\/ld+json\" class=\"yoast-schema-graph\">{\"@context\":\"https:\/\/schema.org\",\"@graph\":[{\"@type\":\"WebPage\",\"@id\":\"https:\/\/rtt.ee\/ru\/toode\/uncategorized\/tooner-must-analoog-hp-135x-w1350x-2\/\",\"url\":\"https:\/\/rtt.ee\/ru\/toode\/uncategorized\/tooner-must-analoog-hp-135x-w1350x-2\/\",\"name\":\"Tooner must analoog HP 135X (W1350X) - RTT\",\"isPartOf\":{\"@id\":\"https:\/\/rtt.ee\/en\/#website\"},\"primaryImageOfPage\":{\"@id\":\"https:\/\/rtt.ee\/ru\/toode\/uncategorized\/tooner-must-analoog-hp-135x-w1350x-2\/#primaryimage\"},\"image\":{\"@id\":\"https:\/\/rtt.ee\/ru\/toode\/uncategorized\/tooner-must-analoog-hp-135x-w1350x-2\/#primaryimage\"},\"thumbnailUrl\":\"https:\/\/rtt.ee\/wp-content\/uploads\/2025\/10\/Toner_OXE_M_K.png\",\"datePublished\":\"2026-02-18T09:18:05+00:00\",\"breadcrumb\":{\"@id\":\"https:\/\/rtt.ee\/ru\/toode\/uncategorized\/tooner-must-analoog-hp-135x-w1350x-2\/#breadcrumb\"},\"inLanguage\":\"ru-RU\",\"potentialAction\":[{\"@type\":\"ReadAction\",\"target\":[\"https:\/\/rtt.ee\/ru\/toode\/uncategorized\/tooner-must-analoog-hp-135x-w1350x-2\/\"]}]},{\"@type\":\"ImageObject\",\"inLanguage\":\"ru-RU\",\"@id\":\"https:\/\/rtt.ee\/ru\/toode\/uncategorized\/tooner-must-analoog-hp-135x-w1350x-2\/#primaryimage\",\"url\":\"https:\/\/rtt.ee\/wp-content\/uploads\/2025\/10\/Toner_OXE_M_K.png\",\"contentUrl\":\"https:\/\/rtt.ee\/wp-content\/uploads\/2025\/10\/Toner_OXE_M_K.png\",\"width\":700,\"height\":466},{\"@type\":\"BreadcrumbList\",\"@id\":\"https:\/\/rtt.ee\/ru\/toode\/uncategorized\/tooner-must-analoog-hp-135x-w1350x-2\/#breadcrumb\",\"itemListElement\":[{\"@type\":\"ListItem\",\"position\":1,\"name\":\"\u0413\u043b\u0430\u0432\u043d\u0430\u044f\",\"item\":\"https:\/\/rtt.ee\/ru\/\"},{\"@type\":\"ListItem\",\"position\":2,\"name\":\"Magazin\",\"item\":\"https:\/\/rtt.ee\/ru\/pood\/\"},{\"@type\":\"ListItem\",\"position\":3,\"name\":\"Tooner must analoog HP 135X (W1350X)\"}]},{\"@type\":\"WebSite\",\"@id\":\"https:\/\/rtt.ee\/en\/#website\",\"url\":\"https:\/\/rtt.ee\/en\/\",\"name\":\"RTT\",\"description\":\"Kassaaparaadid ja kontorikaubad\",\"potentialAction\":[{\"@type\":\"SearchAction\",\"target\":{\"@type\":\"EntryPoint\",\"urlTemplate\":\"https:\/\/rtt.ee\/en\/?s={search_term_string}\"},\"query-input\":{\"@type\":\"PropertyValueSpecification\",\"valueRequired\":true,\"valueName\":\"search_term_string\"}}],\"inLanguage\":\"ru-RU\"}]}<\/script>\n<!-- \/ Yoast SEO plugin. -->","yoast_head_json":{"title":"Tooner must analoog HP 135X (W1350X) - RTT","robots":{"index":"index","follow":"follow","max-snippet":"max-snippet:-1","max-image-preview":"max-image-preview:large","max-video-preview":"max-video-preview:-1"},"canonical":"https:\/\/rtt.ee\/ru\/toode\/uncategorized\/tooner-must-analoog-hp-135x-w1350x-2\/","og_locale":"ru_RU","og_type":"article","og_title":"Tooner must analoog HP 135X (W1350X) - RTT","og_description":"HP LaserJet M207d, M207dw, M207 Series, M208d, M208dw, M208 Series, M209d, M209dw, , M209 Series, M210d, M210dw, M210 Series, M211d, M211dw, M212d, M212dw, HP LaserJet MFP M230 Series, M232d, M232dwc, M232sdw, M233d, M233dw, M233sdw, M234dw, M234sdw, M235d,, M235sdw, M236d, M236dw, M236sdw, M237dw, M237sdn, M237sdw Tr\u00fckimaht kuni 2400 lehte NB!\u00a0 Toode ei t\u00f6\u00f6ta j\u00e4rgmistes teenuse HP+ [&hellip;]","og_url":"https:\/\/rtt.ee\/ru\/toode\/uncategorized\/tooner-must-analoog-hp-135x-w1350x-2\/","og_site_name":"RTT","og_image":[{"width":350,"height":350,"url":"https:\/\/rtt.ee\/wp-content\/uploads\/2022\/01\/rtt_logo_350X350.jpg","type":"image\/jpeg"}],"twitter_card":"summary_large_image","schema":{"@context":"https:\/\/schema.org","@graph":[{"@type":"WebPage","@id":"https:\/\/rtt.ee\/ru\/toode\/uncategorized\/tooner-must-analoog-hp-135x-w1350x-2\/","url":"https:\/\/rtt.ee\/ru\/toode\/uncategorized\/tooner-must-analoog-hp-135x-w1350x-2\/","name":"Tooner must analoog HP 135X (W1350X) - RTT","isPartOf":{"@id":"https:\/\/rtt.ee\/en\/#website"},"primaryImageOfPage":{"@id":"https:\/\/rtt.ee\/ru\/toode\/uncategorized\/tooner-must-analoog-hp-135x-w1350x-2\/#primaryimage"},"image":{"@id":"https:\/\/rtt.ee\/ru\/toode\/uncategorized\/tooner-must-analoog-hp-135x-w1350x-2\/#primaryimage"},"thumbnailUrl":"https:\/\/rtt.ee\/wp-content\/uploads\/2025\/10\/Toner_OXE_M_K.png","datePublished":"2026-02-18T09:18:05+00:00","breadcrumb":{"@id":"https:\/\/rtt.ee\/ru\/toode\/uncategorized\/tooner-must-analoog-hp-135x-w1350x-2\/#breadcrumb"},"inLanguage":"ru-RU","potentialAction":[{"@type":"ReadAction","target":["https:\/\/rtt.ee\/ru\/toode\/uncategorized\/tooner-must-analoog-hp-135x-w1350x-2\/"]}]},{"@type":"ImageObject","inLanguage":"ru-RU","@id":"https:\/\/rtt.ee\/ru\/toode\/uncategorized\/tooner-must-analoog-hp-135x-w1350x-2\/#primaryimage","url":"https:\/\/rtt.ee\/wp-content\/uploads\/2025\/10\/Toner_OXE_M_K.png","contentUrl":"https:\/\/rtt.ee\/wp-content\/uploads\/2025\/10\/Toner_OXE_M_K.png","width":700,"height":466},{"@type":"BreadcrumbList","@id":"https:\/\/rtt.ee\/ru\/toode\/uncategorized\/tooner-must-analoog-hp-135x-w1350x-2\/#breadcrumb","itemListElement":[{"@type":"ListItem","position":1,"name":"\u0413\u043b\u0430\u0432\u043d\u0430\u044f","item":"https:\/\/rtt.ee\/ru\/"},{"@type":"ListItem","position":2,"name":"Magazin","item":"https:\/\/rtt.ee\/ru\/pood\/"},{"@type":"ListItem","position":3,"name":"Tooner must analoog HP 135X (W1350X)"}]},{"@type":"WebSite","@id":"https:\/\/rtt.ee\/en\/#website","url":"https:\/\/rtt.ee\/en\/","name":"RTT","description":"Kassaaparaadid ja kontorikaubad","potentialAction":[{"@type":"SearchAction","target":{"@type":"EntryPoint","urlTemplate":"https:\/\/rtt.ee\/en\/?s={search_term_string}"},"query-input":{"@type":"PropertyValueSpecification","valueRequired":true,"valueName":"search_term_string"}}],"inLanguage":"ru-RU"}]}},"_links":{"self":[{"href":"https:\/\/rtt.ee\/ru\/wp-json\/wp\/v2\/product\/15454","targetHints":{"allow":["GET"]}}],"collection":[{"href":"https:\/\/rtt.ee\/ru\/wp-json\/wp\/v2\/product"}],"about":[{"href":"https:\/\/rtt.ee\/ru\/wp-json\/wp\/v2\/types\/product"}],"wp:featuredmedia":[{"embeddable":true,"href":"https:\/\/rtt.ee\/ru\/wp-json\/wp\/v2\/media\/13333"}],"wp:attachment":[{"href":"https:\/\/rtt.ee\/ru\/wp-json\/wp\/v2\/media?parent=15454"}],"wp:term":[{"taxonomy":"product_brand","embeddable":true,"href":"https:\/\/rtt.ee\/ru\/wp-json\/wp\/v2\/product_brand?post=15454"},{"taxonomy":"product_cat","embeddable":true,"href":"https:\/\/rtt.ee\/ru\/wp-json\/wp\/v2\/product_cat?post=15454"},{"taxonomy":"product_tag","embeddable":true,"href":"https:\/\/rtt.ee\/ru\/wp-json\/wp\/v2\/product_tag?post=15454"}],"curies":[{"name":"wp","href":"https:\/\/api.w.org\/{rel}","templated":true}]}}