{"id":15321,"date":"2025-10-23T11:33:20","date_gmt":"2025-10-23T08:33:20","guid":{"rendered":"https:\/\/rtt.ee\/toode\/uncategorized\/kasutatud-sharp-mx-b350w-multifunktsionaalne-a4-must-laserprinter\/"},"modified":"2026-02-20T11:29:38","modified_gmt":"2026-02-20T09:29:38","slug":"kasutatud-sharp-mx-b350w-multifunktsionaalne-a4-must-laserprinter","status":"publish","type":"product","link":"https:\/\/rtt.ee\/ru\/toode\/a4-kasutatud-koopiamasinad-ru\/kasutatud-sharp-mx-b350w-multifunktsionaalne-a4-must-laserprinter\/","title":{"rendered":"Kasutatud SHARP MX-B350W multifunktsionaalne A4 must-laserprinter"},"content":{"rendered":"<div id=\"product-13577\" class=\"product type-product post-13577 status-publish first instock product_cat-a4-kasutatud-koopiamasinad has-post-thumbnail taxable shipping-taxable purchasable product-type-simple\">\n<div class=\"container product-info-holder\">\n<div class=\"row\">\n<div class=\"summary entry-summary col-md-8\">\n<div class=\"woocommerce-tabs wc-tabs-wrapper\">\n<div id=\"tab-description\" class=\"woocommerce-Tabs-panel woocommerce-Tabs-panel--description panel entry-content wc-tab\" role=\"tabpanel\" aria-labelledby=\"tab-title-description\">\n<p>Tootekood: MXB350W- 8F02306700<\/p>\n<p><strong>V\u00e4he kasutatud mutifunktsionaalne must-laserprinter v\u00e4ike v\u00f5i keskmise suurusega kontorisse.\u00a0<\/strong><\/p>\n<p>Funktsioonid: Printimine, kopeerimine, skaneerimine, faksimine<\/p>\n<p>Tr\u00fckikiirus: 35 lk\/min<\/p>\n<p>Tr\u00fckiresolutsioon: 600 \u00d7 600 dpi<\/p>\n<p>Paberimahutavus: standard 550 lehte<\/p>\n<p>M\u00e4lu: 1GB<\/p>\n<p>\u00dchendused: USB, LAN, WIFI<\/p>\n<p>\u00dchilduvus: Windows, Windows Server, Mac OS X<\/p>\n<p>Seadme seisukord: tehtud v\u00e4ljatr\u00fckke 18000 lehte (must-valge); tooneri j\u00e4\u00e4k 50%.<\/p>\n<p>Seadmele kehtib\u00a0<strong>6 kuu<\/strong>\u00a0pikkune garantii.<\/p>\n<p><strong>RENDI PAKKUMUS<\/strong>:<\/p>\n<p>Rendiperiood\u00a0<strong>36 kuud<\/strong>, ilma sissemakseta igakuine makse 18+KM<\/p>\n<p>Rendiperiood\u00a0<strong>48 kuud<\/strong>, ilma sissemakseta igakuine makse 15+KM<\/p>\n<p>Soovitame juurde\u00a0<strong>T\u00c4ISHOOLDUSLEPING<\/strong>:<\/p>\n<p><strong>Sharp kontoriseadmete rent ja t\u00e4ishooldus lahendused \u2013 lisainfo\u00a0<a href=\"http:\/\/kontoriprinter.ee\/\">Kontoriprinter.ee<\/a><\/strong><\/p>\n<p>Maksmine k\u00e4ib igakuiselt reaalselt tehtud v\u00e4ljatr\u00fckkide\/koopiate eest.<\/p>\n<p>V\u00e4ljatr\u00fckkide\/koopiate hinnad sisaldavad:<\/p>\n<p>\u2022 Seadme hooldust<br \/>\n\u2022 Seadme remonti<br \/>\n\u2022 Seadme varuosasid<br \/>\n\u2022 Toonerid<br \/>\n\u2022 V\u00e4ljakutseid<\/p>\n<p>Lisainfo:\u00a0<a href=\"https:\/\/www.sharp.eu\/sharp-mx-b350w\">Tehniline kirjeldus inglise keeles<\/a><\/p>\n<p>Tel: +372 6 112 256<\/p>\n<div class=\"iYB33c\">\n<div class=\"dlJLJe\">\n<div data-cviv=\"false\" data-ved=\"2ahUKEwjJ7fe8qNDxAhWBi8MKHaRDAzAQz_AEMAB6BAgCEA8\">\n<div class=\"U9URNb\">\n<div id=\"tw-container\" class=\"YQaNob\" data-cp=\"1\" data-is-ver=\"false\" data-nnttsvi=\"1\" data-sm=\"1\" data-sugg-time=\"500\" data-sugg-url=\"https:\/\/clients1.google.com\/complete\/search\" data-uilc=\"et\">\n<div id=\"tw-ob\" class=\"tw-src-ltr\">\n<div class=\"oSioSc\">\n<div id=\"tw-target\">\n<div id=\"kAz1tf\" class=\"g9WsWb\">\n<div id=\"tw-target-text-container\" class=\"tw-ta-container F0azHf tw-nfl\">\n<div id=\"tw-container\" class=\"YQaNob\" data-cp=\"1\" data-is-ver=\"false\" data-nnttsvi=\"1\" data-sm=\"1\" data-sugg-time=\"500\" data-sugg-url=\"https:\/\/clients1.google.com\/complete\/search\" data-uilc=\"et\">\n<div id=\"tw-ob\" class=\"tw-src-ltr\">\n<div class=\"oSioSc\">\n<p>GSM: +372 5 014 470<\/p>\n<\/div>\n<\/div>\n<\/div>\n<\/div>\n<\/div>\n<\/div>\n<\/div>\n<\/div>\n<\/div>\n<\/div>\n<\/div>\n<\/div>\n<\/div>\n<\/div>\n<\/div>\n<\/div>\n<\/div>\n<\/div>\n<\/div>\n","protected":false},"excerpt":{"rendered":"<p>Tootekood: MXB350W- 8F02306700 V\u00e4he kasutatud mutifunktsionaalne must-laserprinter v\u00e4ike v\u00f5i keskmise suurusega kontorisse.\u00a0 Funktsioonid: Printimine, kopeerimine, skaneerimine, faksimine Tr\u00fckikiirus: 35 lk\/min Tr\u00fckiresolutsioon: 600 \u00d7 600 dpi Paberimahutavus: standard 550 lehte M\u00e4lu: 1GB \u00dchendused: USB, LAN, WIFI \u00dchilduvus: Windows, Windows Server, Mac OS X Seadme seisukord: tehtud v\u00e4ljatr\u00fckke 18000 lehte (must-valge); tooneri j\u00e4\u00e4k 50%. Seadmele kehtib\u00a06 kuu\u00a0pikkune [&hellip;]<\/p>\n","protected":false},"featured_media":13587,"template":"","meta":{"_acf_changed":false},"product_brand":[],"product_cat":[340],"product_tag":[],"class_list":{"0":"post-15321","1":"product","2":"type-product","3":"status-publish","4":"has-post-thumbnail","6":"product_cat-a4-kasutatud-koopiamasinad-ru","8":"first","9":"instock","10":"taxable","11":"shipping-taxable","12":"purchasable","13":"product-type-simple"},"acf":[],"yoast_head":"<!-- This site is optimized with the Yoast SEO plugin v26.2 - https:\/\/yoast.com\/wordpress\/plugins\/seo\/ -->\n<title>Kasutatud SHARP MX-B350W multifunktsionaalne A4 must-laserprinter - RTT<\/title>\n<meta name=\"description\" content=\"Kasutatud ja hooldatud Sharp MX-B350W mustvalge multifunktsionaalne printer pakub t\u00f6\u00f6kindlat ja kuluefektiivset lahendust v\u00e4ikekontorile\" \/>\n<meta name=\"robots\" content=\"index, follow, max-snippet:-1, max-image-preview:large, max-video-preview:-1\" \/>\n<link rel=\"canonical\" href=\"https:\/\/rtt.ee\/ru\/toode\/a4-kasutatud-koopiamasinad-ru\/kasutatud-sharp-mx-b350w-multifunktsionaalne-a4-must-laserprinter\/\" \/>\n<meta property=\"og:locale\" content=\"ru_RU\" \/>\n<meta property=\"og:type\" content=\"article\" \/>\n<meta property=\"og:title\" content=\"Kasutatud SHARP MX-B350W multifunktsionaalne A4 must-laserprinter - RTT\" \/>\n<meta property=\"og:description\" content=\"Kasutatud ja hooldatud Sharp MX-B350W mustvalge multifunktsionaalne printer pakub t\u00f6\u00f6kindlat ja kuluefektiivset lahendust v\u00e4ikekontorile\" \/>\n<meta property=\"og:url\" content=\"https:\/\/rtt.ee\/ru\/toode\/a4-kasutatud-koopiamasinad-ru\/kasutatud-sharp-mx-b350w-multifunktsionaalne-a4-must-laserprinter\/\" \/>\n<meta property=\"og:site_name\" content=\"RTT\" \/>\n<meta property=\"article:modified_time\" content=\"2026-02-20T09:29:38+00:00\" \/>\n<meta property=\"og:image\" content=\"https:\/\/rtt.ee\/wp-content\/uploads\/2025\/10\/MXB350W.jpg\" \/>\n\t<meta property=\"og:image:width\" content=\"810\" \/>\n\t<meta property=\"og:image:height\" content=\"1000\" \/>\n\t<meta property=\"og:image:type\" content=\"image\/jpeg\" \/>\n<meta name=\"twitter:card\" content=\"summary_large_image\" \/>\n<meta name=\"twitter:label1\" content=\"\u041f\u0440\u0438\u043c\u0435\u0440\u043d\u043e\u0435 \u0432\u0440\u0435\u043c\u044f \u0434\u043b\u044f \u0447\u0442\u0435\u043d\u0438\u044f\" \/>\n\t<meta name=\"twitter:data1\" content=\"1 \u043c\u0438\u043d\u0443\u0442\u0430\" \/>\n<script type=\"application\/ld+json\" class=\"yoast-schema-graph\">{\"@context\":\"https:\/\/schema.org\",\"@graph\":[{\"@type\":\"WebPage\",\"@id\":\"https:\/\/rtt.ee\/ru\/toode\/a4-kasutatud-koopiamasinad-ru\/kasutatud-sharp-mx-b350w-multifunktsionaalne-a4-must-laserprinter\/\",\"url\":\"https:\/\/rtt.ee\/ru\/toode\/a4-kasutatud-koopiamasinad-ru\/kasutatud-sharp-mx-b350w-multifunktsionaalne-a4-must-laserprinter\/\",\"name\":\"Kasutatud SHARP MX-B350W multifunktsionaalne A4 must-laserprinter - RTT\",\"isPartOf\":{\"@id\":\"https:\/\/rtt.ee\/en\/#website\"},\"primaryImageOfPage\":{\"@id\":\"https:\/\/rtt.ee\/ru\/toode\/a4-kasutatud-koopiamasinad-ru\/kasutatud-sharp-mx-b350w-multifunktsionaalne-a4-must-laserprinter\/#primaryimage\"},\"image\":{\"@id\":\"https:\/\/rtt.ee\/ru\/toode\/a4-kasutatud-koopiamasinad-ru\/kasutatud-sharp-mx-b350w-multifunktsionaalne-a4-must-laserprinter\/#primaryimage\"},\"thumbnailUrl\":\"https:\/\/rtt.ee\/wp-content\/uploads\/2025\/10\/MXB350W.jpg\",\"datePublished\":\"2025-10-23T08:33:20+00:00\",\"dateModified\":\"2026-02-20T09:29:38+00:00\",\"description\":\"Kasutatud ja hooldatud Sharp MX-B350W mustvalge multifunktsionaalne printer pakub t\u00f6\u00f6kindlat ja kuluefektiivset lahendust v\u00e4ikekontorile\",\"breadcrumb\":{\"@id\":\"https:\/\/rtt.ee\/ru\/toode\/a4-kasutatud-koopiamasinad-ru\/kasutatud-sharp-mx-b350w-multifunktsionaalne-a4-must-laserprinter\/#breadcrumb\"},\"inLanguage\":\"ru-RU\",\"potentialAction\":[{\"@type\":\"ReadAction\",\"target\":[\"https:\/\/rtt.ee\/ru\/toode\/a4-kasutatud-koopiamasinad-ru\/kasutatud-sharp-mx-b350w-multifunktsionaalne-a4-must-laserprinter\/\"]}]},{\"@type\":\"ImageObject\",\"inLanguage\":\"ru-RU\",\"@id\":\"https:\/\/rtt.ee\/ru\/toode\/a4-kasutatud-koopiamasinad-ru\/kasutatud-sharp-mx-b350w-multifunktsionaalne-a4-must-laserprinter\/#primaryimage\",\"url\":\"https:\/\/rtt.ee\/wp-content\/uploads\/2025\/10\/MXB350W.jpg\",\"contentUrl\":\"https:\/\/rtt.ee\/wp-content\/uploads\/2025\/10\/MXB350W.jpg\",\"width\":810,\"height\":1000,\"caption\":\"MXB350W\"},{\"@type\":\"BreadcrumbList\",\"@id\":\"https:\/\/rtt.ee\/ru\/toode\/a4-kasutatud-koopiamasinad-ru\/kasutatud-sharp-mx-b350w-multifunktsionaalne-a4-must-laserprinter\/#breadcrumb\",\"itemListElement\":[{\"@type\":\"ListItem\",\"position\":1,\"name\":\"\u0413\u043b\u0430\u0432\u043d\u0430\u044f\",\"item\":\"https:\/\/rtt.ee\/ru\/\"},{\"@type\":\"ListItem\",\"position\":2,\"name\":\"Magazin\",\"item\":\"https:\/\/rtt.ee\/ru\/pood\/\"},{\"@type\":\"ListItem\",\"position\":3,\"name\":\"Koopiamasinad\",\"item\":\"https:\/\/rtt.ee\/tootekategooria\/koopiamasinad\/\"},{\"@type\":\"ListItem\",\"position\":4,\"name\":\"Kasutatud koopiamasinad ja printerid\",\"item\":\"https:\/\/rtt.ee\/tootekategooria\/koopiamasinad\/kasutatud-koopiamasinad\/\"},{\"@type\":\"ListItem\",\"position\":5,\"name\":\"Kasutatud SHARP MX-B350W multifunktsionaalne A4 must-laserprinter\"}]},{\"@type\":\"WebSite\",\"@id\":\"https:\/\/rtt.ee\/en\/#website\",\"url\":\"https:\/\/rtt.ee\/en\/\",\"name\":\"RTT\",\"description\":\"Kassaaparaadid ja kontorikaubad\",\"potentialAction\":[{\"@type\":\"SearchAction\",\"target\":{\"@type\":\"EntryPoint\",\"urlTemplate\":\"https:\/\/rtt.ee\/en\/?s={search_term_string}\"},\"query-input\":{\"@type\":\"PropertyValueSpecification\",\"valueRequired\":true,\"valueName\":\"search_term_string\"}}],\"inLanguage\":\"ru-RU\"}]}<\/script>\n<!-- \/ Yoast SEO plugin. -->","yoast_head_json":{"title":"Kasutatud SHARP MX-B350W multifunktsionaalne A4 must-laserprinter - RTT","description":"Kasutatud ja hooldatud Sharp MX-B350W mustvalge multifunktsionaalne printer pakub t\u00f6\u00f6kindlat ja kuluefektiivset lahendust v\u00e4ikekontorile","robots":{"index":"index","follow":"follow","max-snippet":"max-snippet:-1","max-image-preview":"max-image-preview:large","max-video-preview":"max-video-preview:-1"},"canonical":"https:\/\/rtt.ee\/ru\/toode\/a4-kasutatud-koopiamasinad-ru\/kasutatud-sharp-mx-b350w-multifunktsionaalne-a4-must-laserprinter\/","og_locale":"ru_RU","og_type":"article","og_title":"Kasutatud SHARP MX-B350W multifunktsionaalne A4 must-laserprinter - RTT","og_description":"Kasutatud ja hooldatud Sharp MX-B350W mustvalge multifunktsionaalne printer pakub t\u00f6\u00f6kindlat ja kuluefektiivset lahendust v\u00e4ikekontorile","og_url":"https:\/\/rtt.ee\/ru\/toode\/a4-kasutatud-koopiamasinad-ru\/kasutatud-sharp-mx-b350w-multifunktsionaalne-a4-must-laserprinter\/","og_site_name":"RTT","article_modified_time":"2026-02-20T09:29:38+00:00","og_image":[{"width":810,"height":1000,"url":"https:\/\/rtt.ee\/wp-content\/uploads\/2025\/10\/MXB350W.jpg","type":"image\/jpeg"}],"twitter_card":"summary_large_image","twitter_misc":{"\u041f\u0440\u0438\u043c\u0435\u0440\u043d\u043e\u0435 \u0432\u0440\u0435\u043c\u044f \u0434\u043b\u044f \u0447\u0442\u0435\u043d\u0438\u044f":"1 \u043c\u0438\u043d\u0443\u0442\u0430"},"schema":{"@context":"https:\/\/schema.org","@graph":[{"@type":"WebPage","@id":"https:\/\/rtt.ee\/ru\/toode\/a4-kasutatud-koopiamasinad-ru\/kasutatud-sharp-mx-b350w-multifunktsionaalne-a4-must-laserprinter\/","url":"https:\/\/rtt.ee\/ru\/toode\/a4-kasutatud-koopiamasinad-ru\/kasutatud-sharp-mx-b350w-multifunktsionaalne-a4-must-laserprinter\/","name":"Kasutatud SHARP MX-B350W multifunktsionaalne A4 must-laserprinter - RTT","isPartOf":{"@id":"https:\/\/rtt.ee\/en\/#website"},"primaryImageOfPage":{"@id":"https:\/\/rtt.ee\/ru\/toode\/a4-kasutatud-koopiamasinad-ru\/kasutatud-sharp-mx-b350w-multifunktsionaalne-a4-must-laserprinter\/#primaryimage"},"image":{"@id":"https:\/\/rtt.ee\/ru\/toode\/a4-kasutatud-koopiamasinad-ru\/kasutatud-sharp-mx-b350w-multifunktsionaalne-a4-must-laserprinter\/#primaryimage"},"thumbnailUrl":"https:\/\/rtt.ee\/wp-content\/uploads\/2025\/10\/MXB350W.jpg","datePublished":"2025-10-23T08:33:20+00:00","dateModified":"2026-02-20T09:29:38+00:00","description":"Kasutatud ja hooldatud Sharp MX-B350W mustvalge multifunktsionaalne printer pakub t\u00f6\u00f6kindlat ja kuluefektiivset lahendust v\u00e4ikekontorile","breadcrumb":{"@id":"https:\/\/rtt.ee\/ru\/toode\/a4-kasutatud-koopiamasinad-ru\/kasutatud-sharp-mx-b350w-multifunktsionaalne-a4-must-laserprinter\/#breadcrumb"},"inLanguage":"ru-RU","potentialAction":[{"@type":"ReadAction","target":["https:\/\/rtt.ee\/ru\/toode\/a4-kasutatud-koopiamasinad-ru\/kasutatud-sharp-mx-b350w-multifunktsionaalne-a4-must-laserprinter\/"]}]},{"@type":"ImageObject","inLanguage":"ru-RU","@id":"https:\/\/rtt.ee\/ru\/toode\/a4-kasutatud-koopiamasinad-ru\/kasutatud-sharp-mx-b350w-multifunktsionaalne-a4-must-laserprinter\/#primaryimage","url":"https:\/\/rtt.ee\/wp-content\/uploads\/2025\/10\/MXB350W.jpg","contentUrl":"https:\/\/rtt.ee\/wp-content\/uploads\/2025\/10\/MXB350W.jpg","width":810,"height":1000,"caption":"MXB350W"},{"@type":"BreadcrumbList","@id":"https:\/\/rtt.ee\/ru\/toode\/a4-kasutatud-koopiamasinad-ru\/kasutatud-sharp-mx-b350w-multifunktsionaalne-a4-must-laserprinter\/#breadcrumb","itemListElement":[{"@type":"ListItem","position":1,"name":"\u0413\u043b\u0430\u0432\u043d\u0430\u044f","item":"https:\/\/rtt.ee\/ru\/"},{"@type":"ListItem","position":2,"name":"Magazin","item":"https:\/\/rtt.ee\/ru\/pood\/"},{"@type":"ListItem","position":3,"name":"Koopiamasinad","item":"https:\/\/rtt.ee\/tootekategooria\/koopiamasinad\/"},{"@type":"ListItem","position":4,"name":"Kasutatud koopiamasinad ja printerid","item":"https:\/\/rtt.ee\/tootekategooria\/koopiamasinad\/kasutatud-koopiamasinad\/"},{"@type":"ListItem","position":5,"name":"Kasutatud SHARP MX-B350W multifunktsionaalne A4 must-laserprinter"}]},{"@type":"WebSite","@id":"https:\/\/rtt.ee\/en\/#website","url":"https:\/\/rtt.ee\/en\/","name":"RTT","description":"Kassaaparaadid ja kontorikaubad","potentialAction":[{"@type":"SearchAction","target":{"@type":"EntryPoint","urlTemplate":"https:\/\/rtt.ee\/en\/?s={search_term_string}"},"query-input":{"@type":"PropertyValueSpecification","valueRequired":true,"valueName":"search_term_string"}}],"inLanguage":"ru-RU"}]}},"_links":{"self":[{"href":"https:\/\/rtt.ee\/ru\/wp-json\/wp\/v2\/product\/15321","targetHints":{"allow":["GET"]}}],"collection":[{"href":"https:\/\/rtt.ee\/ru\/wp-json\/wp\/v2\/product"}],"about":[{"href":"https:\/\/rtt.ee\/ru\/wp-json\/wp\/v2\/types\/product"}],"wp:featuredmedia":[{"embeddable":true,"href":"https:\/\/rtt.ee\/ru\/wp-json\/wp\/v2\/media\/13587"}],"wp:attachment":[{"href":"https:\/\/rtt.ee\/ru\/wp-json\/wp\/v2\/media?parent=15321"}],"wp:term":[{"taxonomy":"product_brand","embeddable":true,"href":"https:\/\/rtt.ee\/ru\/wp-json\/wp\/v2\/product_brand?post=15321"},{"taxonomy":"product_cat","embeddable":true,"href":"https:\/\/rtt.ee\/ru\/wp-json\/wp\/v2\/product_cat?post=15321"},{"taxonomy":"product_tag","embeddable":true,"href":"https:\/\/rtt.ee\/ru\/wp-json\/wp\/v2\/product_tag?post=15321"}],"curies":[{"name":"wp","href":"https:\/\/api.w.org\/{rel}","templated":true}]}}