{"id":15149,"date":"2026-02-10T10:41:03","date_gmt":"2026-02-10T08:41:03","guid":{"rendered":"https:\/\/rtt.ee\/?post_type=product&#038;p=15149"},"modified":"2026-02-10T10:44:13","modified_gmt":"2026-02-10T08:44:13","slug":"rendi-a4-multifunktsionaalne-a4-varvi-laserprinter-sharp","status":"publish","type":"product","link":"https:\/\/rtt.ee\/ru\/toode\/seadmete-rent\/rendi-a4-multifunktsionaalne-a4-varvi-laserprinter-sharp\/","title":{"rendered":"Rendi A4 multifunktsionaalne A4 v\u00e4rvi-laserprinter SHARP"},"content":{"rendered":"<p>Mudel: BPC131WDEU<\/p>\n<p>Funktsioonid: printimine, skannimine, kopeerimine, fax<\/p>\n<p>Tr\u00fckikiirus A4: 31 Lk\/min (must-valge, v\u00e4rviline)<\/p>\n<p>Tr\u00fckikvaliteet (dpi): 600 x 600<\/p>\n<p>M\u00e4lu: 2GB<\/p>\n<p>HDD: 16GB eMMC (Standard)<\/p>\n<p>Paberis\u00f6\u00f6tja maht: 300 lehte (Standard), 800 lehte (v\u00f5imalus)<\/p>\n<p>\u00dchendused: USB, Ethernet, WiFi<\/p>\n<p>Toetatavad operatsioonis\u00fcsteemid: Windows, Windows Server, MacOS<\/p>\n<p>Lisainfo:\u00a0<a href=\"https:\/\/www.sharp.eu\/sharp-bp-c131wd\">Tehniline kirjeldus inglise keeles<\/a><\/p>\n<p>Tel: +372 6 112 256<\/p>\n<p>GSM: +372 5 014 470<\/p>\n<p><strong style=\"font-family: georgia, palatino, serif\"><img loading=\"lazy\" decoding=\"async\" class=\"size-full wp-image-11893 alignleft\" src=\"https:\/\/rtt.ee\/wp-content\/uploads\/2025\/07\/Capture.jpg\" alt=\"\" width=\"276\" height=\"222\" srcset=\"https:\/\/rtt.ee\/wp-content\/uploads\/2025\/07\/Capture.jpg 276w, https:\/\/rtt.ee\/wp-content\/uploads\/2025\/07\/Capture-150x121.jpg 150w, https:\/\/rtt.ee\/wp-content\/uploads\/2025\/07\/Capture-64x51.jpg 64w\" sizes=\"auto, (max-width: 276px) 100vw, 276px\" \/><\/strong><\/p>\n<p>&nbsp;<\/p>\n<p>&nbsp;<\/p>\n<p>&nbsp;<\/p>\n<p>&nbsp;<\/p>\n<p>&nbsp;<\/p>\n<p>&nbsp;<\/p>\n<p><span style=\"font-family: georgia, palatino, serif\">Soovitame juurde <strong>T\u00c4ISHOOLDUSLEPING<\/strong>:<\/span><!--more--><\/p>\n<p><strong><span style=\"font-size: 14pt;color: #ff0000\">LISAINFO: <a style=\"color: #ff0000\" href=\"https:\/\/kontoriprinter.ee\/\">Kontoriprinter.ee<\/a><\/span><\/strong><\/p>\n","protected":false},"excerpt":{"rendered":"<p>Mudel: BPC131WDEU Funktsioonid: printimine, skannimine, kopeerimine, fax Tr\u00fckikiirus A4: 31 Lk\/min (must-valge, v\u00e4rviline) Tr\u00fckikvaliteet (dpi): 600 x 600 M\u00e4lu: 2GB HDD: 16GB eMMC (Standard) Paberis\u00f6\u00f6tja maht: 300 lehte (Standard), 800 lehte (v\u00f5imalus) \u00dchendused: USB, Ethernet, WiFi Toetatavad operatsioonis\u00fcsteemid: Windows, Windows Server, MacOS Lisainfo:\u00a0Tehniline kirjeldus inglise keeles Tel: +372 6 112 256 GSM: +372 5 014 [&hellip;]<\/p>\n","protected":false},"featured_media":11917,"template":"","meta":{"_acf_changed":false},"product_brand":[404],"product_cat":[419],"product_tag":[],"class_list":{"0":"post-15149","1":"product","2":"type-product","3":"status-publish","4":"has-post-thumbnail","6":"product_brand-sharp","7":"product_cat-seadmete-rent","8":"product_brands-sharp-ru","10":"first","11":"instock","12":"featured","13":"taxable","14":"shipping-taxable","15":"purchasable","16":"product-type-simple"},"acf":[],"yoast_head":"<!-- This site is optimized with the Yoast SEO plugin v26.2 - https:\/\/yoast.com\/wordpress\/plugins\/seo\/ -->\n<title>Rendi A4 multifunktsionaalne A4 v\u00e4rvi-laserprinter SHARP - RTT<\/title>\n<meta name=\"description\" content=\"Sharp BP-C131WD A4 v\u00e4rviline MFP \u00fchendab ruumis\u00e4\u00e4stliku disaini, 50% taaskasutatud plastiku, energiat\u00f5hususe ja intuitiivse 4-tollise puuteekraani \u2013 ideaalne kaasaegsele kontorile, kus loeb j\u00e4tkusuutlikkus ja tootlikkus.\" \/>\n<meta name=\"robots\" content=\"index, follow, max-snippet:-1, max-image-preview:large, max-video-preview:-1\" \/>\n<link rel=\"canonical\" href=\"https:\/\/rtt.ee\/ru\/toode\/seadmete-rent\/rendi-a4-multifunktsionaalne-a4-varvi-laserprinter-sharp\/\" \/>\n<meta property=\"og:locale\" content=\"ru_RU\" \/>\n<meta property=\"og:type\" content=\"article\" \/>\n<meta property=\"og:title\" content=\"Rendi A4 multifunktsionaalne A4 v\u00e4rvi-laserprinter SHARP - RTT\" \/>\n<meta property=\"og:description\" content=\"Sharp BP-C131WD A4 v\u00e4rviline MFP \u00fchendab ruumis\u00e4\u00e4stliku disaini, 50% taaskasutatud plastiku, energiat\u00f5hususe ja intuitiivse 4-tollise puuteekraani \u2013 ideaalne kaasaegsele kontorile, kus loeb j\u00e4tkusuutlikkus ja tootlikkus.\" \/>\n<meta property=\"og:url\" content=\"https:\/\/rtt.ee\/ru\/toode\/seadmete-rent\/rendi-a4-multifunktsionaalne-a4-varvi-laserprinter-sharp\/\" \/>\n<meta property=\"og:site_name\" content=\"RTT\" \/>\n<meta property=\"article:modified_time\" content=\"2026-02-10T08:44:13+00:00\" \/>\n<meta property=\"og:image\" content=\"https:\/\/rtt.ee\/wp-content\/uploads\/2025\/07\/img-p-bp-c131wd-f-image2-1024x988.png\" \/>\n\t<meta property=\"og:image:width\" content=\"1024\" \/>\n\t<meta property=\"og:image:height\" content=\"988\" \/>\n\t<meta property=\"og:image:type\" content=\"image\/png\" \/>\n<meta name=\"twitter:card\" content=\"summary_large_image\" \/>\n<meta name=\"twitter:label1\" content=\"\u041f\u0440\u0438\u043c\u0435\u0440\u043d\u043e\u0435 \u0432\u0440\u0435\u043c\u044f \u0434\u043b\u044f \u0447\u0442\u0435\u043d\u0438\u044f\" \/>\n\t<meta name=\"twitter:data1\" content=\"2 \u043c\u0438\u043d\u0443\u0442\u044b\" \/>\n<script type=\"application\/ld+json\" class=\"yoast-schema-graph\">{\"@context\":\"https:\/\/schema.org\",\"@graph\":[{\"@type\":\"WebPage\",\"@id\":\"https:\/\/rtt.ee\/ru\/toode\/seadmete-rent\/rendi-a4-multifunktsionaalne-a4-varvi-laserprinter-sharp\/\",\"url\":\"https:\/\/rtt.ee\/ru\/toode\/seadmete-rent\/rendi-a4-multifunktsionaalne-a4-varvi-laserprinter-sharp\/\",\"name\":\"Rendi A4 multifunktsionaalne A4 v\u00e4rvi-laserprinter SHARP - RTT\",\"isPartOf\":{\"@id\":\"https:\/\/rtt.ee\/en\/#website\"},\"primaryImageOfPage\":{\"@id\":\"https:\/\/rtt.ee\/ru\/toode\/seadmete-rent\/rendi-a4-multifunktsionaalne-a4-varvi-laserprinter-sharp\/#primaryimage\"},\"image\":{\"@id\":\"https:\/\/rtt.ee\/ru\/toode\/seadmete-rent\/rendi-a4-multifunktsionaalne-a4-varvi-laserprinter-sharp\/#primaryimage\"},\"thumbnailUrl\":\"https:\/\/rtt.ee\/wp-content\/uploads\/2025\/07\/img-p-bp-c131wd-f-image2.png\",\"datePublished\":\"2026-02-10T08:41:03+00:00\",\"dateModified\":\"2026-02-10T08:44:13+00:00\",\"description\":\"Sharp BP-C131WD A4 v\u00e4rviline MFP \u00fchendab ruumis\u00e4\u00e4stliku disaini, 50% taaskasutatud plastiku, energiat\u00f5hususe ja intuitiivse 4-tollise puuteekraani \u2013 ideaalne kaasaegsele kontorile, kus loeb j\u00e4tkusuutlikkus ja tootlikkus.\",\"breadcrumb\":{\"@id\":\"https:\/\/rtt.ee\/ru\/toode\/seadmete-rent\/rendi-a4-multifunktsionaalne-a4-varvi-laserprinter-sharp\/#breadcrumb\"},\"inLanguage\":\"ru-RU\",\"potentialAction\":[{\"@type\":\"ReadAction\",\"target\":[\"https:\/\/rtt.ee\/ru\/toode\/seadmete-rent\/rendi-a4-multifunktsionaalne-a4-varvi-laserprinter-sharp\/\"]}]},{\"@type\":\"ImageObject\",\"inLanguage\":\"ru-RU\",\"@id\":\"https:\/\/rtt.ee\/ru\/toode\/seadmete-rent\/rendi-a4-multifunktsionaalne-a4-varvi-laserprinter-sharp\/#primaryimage\",\"url\":\"https:\/\/rtt.ee\/wp-content\/uploads\/2025\/07\/img-p-bp-c131wd-f-image2.png\",\"contentUrl\":\"https:\/\/rtt.ee\/wp-content\/uploads\/2025\/07\/img-p-bp-c131wd-f-image2.png\",\"width\":4274,\"height\":4123},{\"@type\":\"BreadcrumbList\",\"@id\":\"https:\/\/rtt.ee\/ru\/toode\/seadmete-rent\/rendi-a4-multifunktsionaalne-a4-varvi-laserprinter-sharp\/#breadcrumb\",\"itemListElement\":[{\"@type\":\"ListItem\",\"position\":1,\"name\":\"\u0413\u043b\u0430\u0432\u043d\u0430\u044f\",\"item\":\"https:\/\/rtt.ee\/ru\/\"},{\"@type\":\"ListItem\",\"position\":2,\"name\":\"Magazin\",\"item\":\"https:\/\/rtt.ee\/ru\/pood\/\"},{\"@type\":\"ListItem\",\"position\":3,\"name\":\"Seadmete rent\",\"item\":\"https:\/\/rtt.ee\/tootekategooria\/seadmete-rent\/\"},{\"@type\":\"ListItem\",\"position\":4,\"name\":\"Rendi A4 multifunktsionaalne A4 v\u00e4rvi-laserprinter SHARP\"}]},{\"@type\":\"WebSite\",\"@id\":\"https:\/\/rtt.ee\/en\/#website\",\"url\":\"https:\/\/rtt.ee\/en\/\",\"name\":\"RTT\",\"description\":\"Kassaaparaadid ja kontorikaubad\",\"potentialAction\":[{\"@type\":\"SearchAction\",\"target\":{\"@type\":\"EntryPoint\",\"urlTemplate\":\"https:\/\/rtt.ee\/en\/?s={search_term_string}\"},\"query-input\":{\"@type\":\"PropertyValueSpecification\",\"valueRequired\":true,\"valueName\":\"search_term_string\"}}],\"inLanguage\":\"ru-RU\"}]}<\/script>\n<!-- \/ Yoast SEO plugin. -->","yoast_head_json":{"title":"Rendi A4 multifunktsionaalne A4 v\u00e4rvi-laserprinter SHARP - RTT","description":"Sharp BP-C131WD A4 v\u00e4rviline MFP \u00fchendab ruumis\u00e4\u00e4stliku disaini, 50% taaskasutatud plastiku, energiat\u00f5hususe ja intuitiivse 4-tollise puuteekraani \u2013 ideaalne kaasaegsele kontorile, kus loeb j\u00e4tkusuutlikkus ja tootlikkus.","robots":{"index":"index","follow":"follow","max-snippet":"max-snippet:-1","max-image-preview":"max-image-preview:large","max-video-preview":"max-video-preview:-1"},"canonical":"https:\/\/rtt.ee\/ru\/toode\/seadmete-rent\/rendi-a4-multifunktsionaalne-a4-varvi-laserprinter-sharp\/","og_locale":"ru_RU","og_type":"article","og_title":"Rendi A4 multifunktsionaalne A4 v\u00e4rvi-laserprinter SHARP - RTT","og_description":"Sharp BP-C131WD A4 v\u00e4rviline MFP \u00fchendab ruumis\u00e4\u00e4stliku disaini, 50% taaskasutatud plastiku, energiat\u00f5hususe ja intuitiivse 4-tollise puuteekraani \u2013 ideaalne kaasaegsele kontorile, kus loeb j\u00e4tkusuutlikkus ja tootlikkus.","og_url":"https:\/\/rtt.ee\/ru\/toode\/seadmete-rent\/rendi-a4-multifunktsionaalne-a4-varvi-laserprinter-sharp\/","og_site_name":"RTT","article_modified_time":"2026-02-10T08:44:13+00:00","og_image":[{"width":1024,"height":988,"url":"https:\/\/rtt.ee\/wp-content\/uploads\/2025\/07\/img-p-bp-c131wd-f-image2-1024x988.png","type":"image\/png"}],"twitter_card":"summary_large_image","twitter_misc":{"\u041f\u0440\u0438\u043c\u0435\u0440\u043d\u043e\u0435 \u0432\u0440\u0435\u043c\u044f \u0434\u043b\u044f \u0447\u0442\u0435\u043d\u0438\u044f":"2 \u043c\u0438\u043d\u0443\u0442\u044b"},"schema":{"@context":"https:\/\/schema.org","@graph":[{"@type":"WebPage","@id":"https:\/\/rtt.ee\/ru\/toode\/seadmete-rent\/rendi-a4-multifunktsionaalne-a4-varvi-laserprinter-sharp\/","url":"https:\/\/rtt.ee\/ru\/toode\/seadmete-rent\/rendi-a4-multifunktsionaalne-a4-varvi-laserprinter-sharp\/","name":"Rendi A4 multifunktsionaalne A4 v\u00e4rvi-laserprinter SHARP - RTT","isPartOf":{"@id":"https:\/\/rtt.ee\/en\/#website"},"primaryImageOfPage":{"@id":"https:\/\/rtt.ee\/ru\/toode\/seadmete-rent\/rendi-a4-multifunktsionaalne-a4-varvi-laserprinter-sharp\/#primaryimage"},"image":{"@id":"https:\/\/rtt.ee\/ru\/toode\/seadmete-rent\/rendi-a4-multifunktsionaalne-a4-varvi-laserprinter-sharp\/#primaryimage"},"thumbnailUrl":"https:\/\/rtt.ee\/wp-content\/uploads\/2025\/07\/img-p-bp-c131wd-f-image2.png","datePublished":"2026-02-10T08:41:03+00:00","dateModified":"2026-02-10T08:44:13+00:00","description":"Sharp BP-C131WD A4 v\u00e4rviline MFP \u00fchendab ruumis\u00e4\u00e4stliku disaini, 50% taaskasutatud plastiku, energiat\u00f5hususe ja intuitiivse 4-tollise puuteekraani \u2013 ideaalne kaasaegsele kontorile, kus loeb j\u00e4tkusuutlikkus ja tootlikkus.","breadcrumb":{"@id":"https:\/\/rtt.ee\/ru\/toode\/seadmete-rent\/rendi-a4-multifunktsionaalne-a4-varvi-laserprinter-sharp\/#breadcrumb"},"inLanguage":"ru-RU","potentialAction":[{"@type":"ReadAction","target":["https:\/\/rtt.ee\/ru\/toode\/seadmete-rent\/rendi-a4-multifunktsionaalne-a4-varvi-laserprinter-sharp\/"]}]},{"@type":"ImageObject","inLanguage":"ru-RU","@id":"https:\/\/rtt.ee\/ru\/toode\/seadmete-rent\/rendi-a4-multifunktsionaalne-a4-varvi-laserprinter-sharp\/#primaryimage","url":"https:\/\/rtt.ee\/wp-content\/uploads\/2025\/07\/img-p-bp-c131wd-f-image2.png","contentUrl":"https:\/\/rtt.ee\/wp-content\/uploads\/2025\/07\/img-p-bp-c131wd-f-image2.png","width":4274,"height":4123},{"@type":"BreadcrumbList","@id":"https:\/\/rtt.ee\/ru\/toode\/seadmete-rent\/rendi-a4-multifunktsionaalne-a4-varvi-laserprinter-sharp\/#breadcrumb","itemListElement":[{"@type":"ListItem","position":1,"name":"\u0413\u043b\u0430\u0432\u043d\u0430\u044f","item":"https:\/\/rtt.ee\/ru\/"},{"@type":"ListItem","position":2,"name":"Magazin","item":"https:\/\/rtt.ee\/ru\/pood\/"},{"@type":"ListItem","position":3,"name":"Seadmete rent","item":"https:\/\/rtt.ee\/tootekategooria\/seadmete-rent\/"},{"@type":"ListItem","position":4,"name":"Rendi A4 multifunktsionaalne A4 v\u00e4rvi-laserprinter SHARP"}]},{"@type":"WebSite","@id":"https:\/\/rtt.ee\/en\/#website","url":"https:\/\/rtt.ee\/en\/","name":"RTT","description":"Kassaaparaadid ja kontorikaubad","potentialAction":[{"@type":"SearchAction","target":{"@type":"EntryPoint","urlTemplate":"https:\/\/rtt.ee\/en\/?s={search_term_string}"},"query-input":{"@type":"PropertyValueSpecification","valueRequired":true,"valueName":"search_term_string"}}],"inLanguage":"ru-RU"}]}},"_links":{"self":[{"href":"https:\/\/rtt.ee\/ru\/wp-json\/wp\/v2\/product\/15149","targetHints":{"allow":["GET"]}}],"collection":[{"href":"https:\/\/rtt.ee\/ru\/wp-json\/wp\/v2\/product"}],"about":[{"href":"https:\/\/rtt.ee\/ru\/wp-json\/wp\/v2\/types\/product"}],"wp:featuredmedia":[{"embeddable":true,"href":"https:\/\/rtt.ee\/ru\/wp-json\/wp\/v2\/media\/11917"}],"wp:attachment":[{"href":"https:\/\/rtt.ee\/ru\/wp-json\/wp\/v2\/media?parent=15149"}],"wp:term":[{"taxonomy":"product_brand","embeddable":true,"href":"https:\/\/rtt.ee\/ru\/wp-json\/wp\/v2\/product_brand?post=15149"},{"taxonomy":"product_cat","embeddable":true,"href":"https:\/\/rtt.ee\/ru\/wp-json\/wp\/v2\/product_cat?post=15149"},{"taxonomy":"product_tag","embeddable":true,"href":"https:\/\/rtt.ee\/ru\/wp-json\/wp\/v2\/product_tag?post=15149"}],"curies":[{"name":"wp","href":"https:\/\/api.w.org\/{rel}","templated":true}]}}