{"id":14898,"date":"2026-01-21T10:04:05","date_gmt":"2026-01-21T08:04:05","guid":{"rendered":"https:\/\/rtt.ee\/toode\/uncategorized\/tooner-must-analoog-hp-87x-cf287x\/"},"modified":"2026-02-09T13:07:56","modified_gmt":"2026-02-09T11:07:56","slug":"tooner-must-analoog-hp-87x-cf287x","status":"publish","type":"product","link":"https:\/\/rtt.ee\/ru\/toode\/kulumaterjalid-ru\/analoog-toonerid-ru\/tooner-must-analoog-hp-87x-cf287x\/","title":{"rendered":"Tooner must analoog HP 87X (CF287X) &#8212; Jetworld"},"content":{"rendered":"<p>Sobivus: HP LaserJet Enterprise M506dn (F2A69A), HP LaserJet Enterprise M506x (F2A70A), HP LaserJet Enterprise M527c (F2A81A), HP LaserJet Enterprise M527dn (F2A76A), HP LaserJet Enterprise M527f (F2A77A), HP LaserJet Pro M501dn<\/p>\n<p>Tr\u00fckimaht kuni 18 000 lehte<\/p>\n","protected":false},"excerpt":{"rendered":"<p>Sobivus: HP LaserJet Enterprise M506dn (F2A69A), HP LaserJet Enterprise M506x (F2A70A), HP LaserJet Enterprise M527c (F2A81A), HP LaserJet Enterprise M527dn (F2A76A), HP LaserJet Enterprise M527f (F2A77A), HP LaserJet Pro M501dn Tr\u00fckimaht kuni 18 000 lehte<\/p>\n","protected":false},"featured_media":13214,"template":"","meta":{"_acf_changed":false},"product_brand":[406],"product_cat":[241],"product_tag":[],"class_list":{"0":"post-14898","1":"product","2":"type-product","3":"status-publish","4":"has-post-thumbnail","6":"product_brand-jetworld","7":"product_cat-analoog-toonerid-ru","8":"product_brands-jetworld","10":"first","11":"onbackorder","12":"taxable","13":"shipping-taxable","14":"purchasable","15":"product-type-simple"},"acf":[],"yoast_head":"<!-- This site is optimized with the Yoast SEO plugin v26.2 - https:\/\/yoast.com\/wordpress\/plugins\/seo\/ -->\n<title>Tooner must analoog HP 87X (CF287X) - Jetworld - RTT<\/title>\n<meta name=\"description\" content=\"JetWorld toonerid \u2013 premium-klassi analoogtoonerid n\u00f5udlikule kasutajale. Suurem t\u00e4itekogus, ISO-sertifitseeritud kvaliteet ja 100% \u00fchilduvus\" \/>\n<meta name=\"robots\" content=\"index, follow, max-snippet:-1, max-image-preview:large, max-video-preview:-1\" \/>\n<link rel=\"canonical\" href=\"https:\/\/rtt.ee\/toode\/kulumaterjalid\/analoog-toonerid\/tooner-must-analoog-hp-87x-cf287x\/\" \/>\n<meta property=\"og:locale\" content=\"ru_RU\" \/>\n<meta property=\"og:type\" content=\"article\" \/>\n<meta property=\"og:title\" content=\"Tooner must analoog HP 87X (CF287X) - Jetworld - RTT\" \/>\n<meta property=\"og:description\" content=\"JetWorld toonerid \u2013 premium-klassi analoogtoonerid n\u00f5udlikule kasutajale. Suurem t\u00e4itekogus, ISO-sertifitseeritud kvaliteet ja 100% \u00fchilduvus\" \/>\n<meta property=\"og:url\" content=\"https:\/\/rtt.ee\/toode\/kulumaterjalid\/analoog-toonerid\/tooner-must-analoog-hp-87x-cf287x\/\" \/>\n<meta property=\"og:site_name\" content=\"RTT\" \/>\n<meta property=\"article:modified_time\" content=\"2026-02-09T11:07:56+00:00\" \/>\n<meta property=\"og:image\" content=\"https:\/\/rtt.ee\/wp-content\/uploads\/2025\/10\/jetworld_toner_bk.jpg\" \/>\n\t<meta property=\"og:image:width\" content=\"700\" \/>\n\t<meta property=\"og:image:height\" content=\"390\" \/>\n\t<meta property=\"og:image:type\" content=\"image\/jpeg\" \/>\n<meta name=\"twitter:card\" content=\"summary_large_image\" \/>\n<script type=\"application\/ld+json\" class=\"yoast-schema-graph\">{\"@context\":\"https:\/\/schema.org\",\"@graph\":[{\"@type\":\"WebPage\",\"@id\":\"https:\/\/rtt.ee\/toode\/kulumaterjalid\/analoog-toonerid\/tooner-must-analoog-hp-87x-cf287x\/\",\"url\":\"https:\/\/rtt.ee\/toode\/kulumaterjalid\/analoog-toonerid\/tooner-must-analoog-hp-87x-cf287x\/\",\"name\":\"Tooner must analoog HP 87X (CF287X) - Jetworld - RTT\",\"isPartOf\":{\"@id\":\"https:\/\/rtt.ee\/en\/#website\"},\"primaryImageOfPage\":{\"@id\":\"https:\/\/rtt.ee\/toode\/kulumaterjalid\/analoog-toonerid\/tooner-must-analoog-hp-87x-cf287x\/#primaryimage\"},\"image\":{\"@id\":\"https:\/\/rtt.ee\/toode\/kulumaterjalid\/analoog-toonerid\/tooner-must-analoog-hp-87x-cf287x\/#primaryimage\"},\"thumbnailUrl\":\"https:\/\/rtt.ee\/wp-content\/uploads\/2025\/10\/jetworld_toner_bk.jpg\",\"datePublished\":\"2026-01-21T08:04:05+00:00\",\"dateModified\":\"2026-02-09T11:07:56+00:00\",\"description\":\"JetWorld toonerid \u2013 premium-klassi analoogtoonerid n\u00f5udlikule kasutajale. Suurem t\u00e4itekogus, ISO-sertifitseeritud kvaliteet ja 100% \u00fchilduvus\",\"breadcrumb\":{\"@id\":\"https:\/\/rtt.ee\/toode\/kulumaterjalid\/analoog-toonerid\/tooner-must-analoog-hp-87x-cf287x\/#breadcrumb\"},\"inLanguage\":\"ru-RU\",\"potentialAction\":[{\"@type\":\"ReadAction\",\"target\":[\"https:\/\/rtt.ee\/toode\/kulumaterjalid\/analoog-toonerid\/tooner-must-analoog-hp-87x-cf287x\/\"]}]},{\"@type\":\"ImageObject\",\"inLanguage\":\"ru-RU\",\"@id\":\"https:\/\/rtt.ee\/toode\/kulumaterjalid\/analoog-toonerid\/tooner-must-analoog-hp-87x-cf287x\/#primaryimage\",\"url\":\"https:\/\/rtt.ee\/wp-content\/uploads\/2025\/10\/jetworld_toner_bk.jpg\",\"contentUrl\":\"https:\/\/rtt.ee\/wp-content\/uploads\/2025\/10\/jetworld_toner_bk.jpg\",\"width\":700,\"height\":390},{\"@type\":\"BreadcrumbList\",\"@id\":\"https:\/\/rtt.ee\/toode\/kulumaterjalid\/analoog-toonerid\/tooner-must-analoog-hp-87x-cf287x\/#breadcrumb\",\"itemListElement\":[{\"@type\":\"ListItem\",\"position\":1,\"name\":\"\u0413\u043b\u0430\u0432\u043d\u0430\u044f\",\"item\":\"https:\/\/rtt.ee\/ru\/\"},{\"@type\":\"ListItem\",\"position\":2,\"name\":\"Magazin\",\"item\":\"https:\/\/rtt.ee\/ru\/pood\/\"},{\"@type\":\"ListItem\",\"position\":3,\"name\":\"\u0420\u0430\u0441\u0445\u043e\u0434\u043d\u044b\u0435 \u043c\u0430\u0442\u0435\u0440\u0438\u0430\u043b\u044b\",\"item\":\"https:\/\/rtt.ee\/ru\/tootekategooria\/kulumaterjalid-ru\/\"},{\"@type\":\"ListItem\",\"position\":4,\"name\":\"\u0410\u043d\u0430\u043b\u043e\u0433\u043e\u0432\u044b\u0435 \u0442\u043e\u043d\u0435\u0440\u044b\",\"item\":\"https:\/\/rtt.ee\/ru\/tootekategooria\/kulumaterjalid-ru\/analoog-toonerid-ru\/\"},{\"@type\":\"ListItem\",\"position\":5,\"name\":\"Tooner must analoog HP 87X (CF287X) &#8211; Jetworld\"}]},{\"@type\":\"WebSite\",\"@id\":\"https:\/\/rtt.ee\/en\/#website\",\"url\":\"https:\/\/rtt.ee\/en\/\",\"name\":\"RTT\",\"description\":\"Kassaaparaadid ja kontorikaubad\",\"potentialAction\":[{\"@type\":\"SearchAction\",\"target\":{\"@type\":\"EntryPoint\",\"urlTemplate\":\"https:\/\/rtt.ee\/en\/?s={search_term_string}\"},\"query-input\":{\"@type\":\"PropertyValueSpecification\",\"valueRequired\":true,\"valueName\":\"search_term_string\"}}],\"inLanguage\":\"ru-RU\"}]}<\/script>\n<!-- \/ Yoast SEO plugin. -->","yoast_head_json":{"title":"Tooner must analoog HP 87X (CF287X) - Jetworld - RTT","description":"JetWorld toonerid \u2013 premium-klassi analoogtoonerid n\u00f5udlikule kasutajale. Suurem t\u00e4itekogus, ISO-sertifitseeritud kvaliteet ja 100% \u00fchilduvus","robots":{"index":"index","follow":"follow","max-snippet":"max-snippet:-1","max-image-preview":"max-image-preview:large","max-video-preview":"max-video-preview:-1"},"canonical":"https:\/\/rtt.ee\/toode\/kulumaterjalid\/analoog-toonerid\/tooner-must-analoog-hp-87x-cf287x\/","og_locale":"ru_RU","og_type":"article","og_title":"Tooner must analoog HP 87X (CF287X) - Jetworld - RTT","og_description":"JetWorld toonerid \u2013 premium-klassi analoogtoonerid n\u00f5udlikule kasutajale. Suurem t\u00e4itekogus, ISO-sertifitseeritud kvaliteet ja 100% \u00fchilduvus","og_url":"https:\/\/rtt.ee\/toode\/kulumaterjalid\/analoog-toonerid\/tooner-must-analoog-hp-87x-cf287x\/","og_site_name":"RTT","article_modified_time":"2026-02-09T11:07:56+00:00","og_image":[{"width":700,"height":390,"url":"https:\/\/rtt.ee\/wp-content\/uploads\/2025\/10\/jetworld_toner_bk.jpg","type":"image\/jpeg"}],"twitter_card":"summary_large_image","schema":{"@context":"https:\/\/schema.org","@graph":[{"@type":"WebPage","@id":"https:\/\/rtt.ee\/toode\/kulumaterjalid\/analoog-toonerid\/tooner-must-analoog-hp-87x-cf287x\/","url":"https:\/\/rtt.ee\/toode\/kulumaterjalid\/analoog-toonerid\/tooner-must-analoog-hp-87x-cf287x\/","name":"Tooner must analoog HP 87X (CF287X) - Jetworld - RTT","isPartOf":{"@id":"https:\/\/rtt.ee\/en\/#website"},"primaryImageOfPage":{"@id":"https:\/\/rtt.ee\/toode\/kulumaterjalid\/analoog-toonerid\/tooner-must-analoog-hp-87x-cf287x\/#primaryimage"},"image":{"@id":"https:\/\/rtt.ee\/toode\/kulumaterjalid\/analoog-toonerid\/tooner-must-analoog-hp-87x-cf287x\/#primaryimage"},"thumbnailUrl":"https:\/\/rtt.ee\/wp-content\/uploads\/2025\/10\/jetworld_toner_bk.jpg","datePublished":"2026-01-21T08:04:05+00:00","dateModified":"2026-02-09T11:07:56+00:00","description":"JetWorld toonerid \u2013 premium-klassi analoogtoonerid n\u00f5udlikule kasutajale. Suurem t\u00e4itekogus, ISO-sertifitseeritud kvaliteet ja 100% \u00fchilduvus","breadcrumb":{"@id":"https:\/\/rtt.ee\/toode\/kulumaterjalid\/analoog-toonerid\/tooner-must-analoog-hp-87x-cf287x\/#breadcrumb"},"inLanguage":"ru-RU","potentialAction":[{"@type":"ReadAction","target":["https:\/\/rtt.ee\/toode\/kulumaterjalid\/analoog-toonerid\/tooner-must-analoog-hp-87x-cf287x\/"]}]},{"@type":"ImageObject","inLanguage":"ru-RU","@id":"https:\/\/rtt.ee\/toode\/kulumaterjalid\/analoog-toonerid\/tooner-must-analoog-hp-87x-cf287x\/#primaryimage","url":"https:\/\/rtt.ee\/wp-content\/uploads\/2025\/10\/jetworld_toner_bk.jpg","contentUrl":"https:\/\/rtt.ee\/wp-content\/uploads\/2025\/10\/jetworld_toner_bk.jpg","width":700,"height":390},{"@type":"BreadcrumbList","@id":"https:\/\/rtt.ee\/toode\/kulumaterjalid\/analoog-toonerid\/tooner-must-analoog-hp-87x-cf287x\/#breadcrumb","itemListElement":[{"@type":"ListItem","position":1,"name":"\u0413\u043b\u0430\u0432\u043d\u0430\u044f","item":"https:\/\/rtt.ee\/ru\/"},{"@type":"ListItem","position":2,"name":"Magazin","item":"https:\/\/rtt.ee\/ru\/pood\/"},{"@type":"ListItem","position":3,"name":"\u0420\u0430\u0441\u0445\u043e\u0434\u043d\u044b\u0435 \u043c\u0430\u0442\u0435\u0440\u0438\u0430\u043b\u044b","item":"https:\/\/rtt.ee\/ru\/tootekategooria\/kulumaterjalid-ru\/"},{"@type":"ListItem","position":4,"name":"\u0410\u043d\u0430\u043b\u043e\u0433\u043e\u0432\u044b\u0435 \u0442\u043e\u043d\u0435\u0440\u044b","item":"https:\/\/rtt.ee\/ru\/tootekategooria\/kulumaterjalid-ru\/analoog-toonerid-ru\/"},{"@type":"ListItem","position":5,"name":"Tooner must analoog HP 87X (CF287X) &#8211; Jetworld"}]},{"@type":"WebSite","@id":"https:\/\/rtt.ee\/en\/#website","url":"https:\/\/rtt.ee\/en\/","name":"RTT","description":"Kassaaparaadid ja kontorikaubad","potentialAction":[{"@type":"SearchAction","target":{"@type":"EntryPoint","urlTemplate":"https:\/\/rtt.ee\/en\/?s={search_term_string}"},"query-input":{"@type":"PropertyValueSpecification","valueRequired":true,"valueName":"search_term_string"}}],"inLanguage":"ru-RU"}]}},"_links":{"self":[{"href":"https:\/\/rtt.ee\/ru\/wp-json\/wp\/v2\/product\/14898","targetHints":{"allow":["GET"]}}],"collection":[{"href":"https:\/\/rtt.ee\/ru\/wp-json\/wp\/v2\/product"}],"about":[{"href":"https:\/\/rtt.ee\/ru\/wp-json\/wp\/v2\/types\/product"}],"wp:featuredmedia":[{"embeddable":true,"href":"https:\/\/rtt.ee\/ru\/wp-json\/wp\/v2\/media\/13214"}],"wp:attachment":[{"href":"https:\/\/rtt.ee\/ru\/wp-json\/wp\/v2\/media?parent=14898"}],"wp:term":[{"taxonomy":"product_brand","embeddable":true,"href":"https:\/\/rtt.ee\/ru\/wp-json\/wp\/v2\/product_brand?post=14898"},{"taxonomy":"product_cat","embeddable":true,"href":"https:\/\/rtt.ee\/ru\/wp-json\/wp\/v2\/product_cat?post=14898"},{"taxonomy":"product_tag","embeddable":true,"href":"https:\/\/rtt.ee\/ru\/wp-json\/wp\/v2\/product_tag?post=14898"}],"curies":[{"name":"wp","href":"https:\/\/api.w.org\/{rel}","templated":true}]}}