{"id":14849,"date":"2025-10-08T16:12:10","date_gmt":"2025-10-08T13:12:10","guid":{"rendered":"https:\/\/rtt.ee\/toode\/uncategorized\/tooner-must-analoog-hp-135x-w1350x\/"},"modified":"2026-02-09T14:05:12","modified_gmt":"2026-02-09T12:05:12","slug":"tooner-must-analoog-hp-135x-w1350x","status":"publish","type":"product","link":"https:\/\/rtt.ee\/ru\/toode\/kulumaterjalid-ru\/analoog-toonerid-ru\/tooner-must-analoog-hp-135x-w1350x\/","title":{"rendered":"Tooner must analoog HP 135X (W1350X) &#8212; Jetworld"},"content":{"rendered":"<p>Sobivus: HP LaserJet M207d, M207dw, M207 Series, M208d, M208dw, M208 Series, M209d, M209dw, , M209 Series, M210d, M210dw, M210 Series, M211d, M211dw, M212d, M212dw,<br \/>\nHP LaserJet MFP M230 Series, M232d, M232dwc, M232sdw, M233d, M233dw, M233sdw, M234dw, M234sdw, M235d,, M235sdw, M236d, M236dw, M236sdw, M237dw, M237sdn, M237sdw<\/p>\n<p>Tr\u00fckimaht kuni 2400 lehte<\/p>\n<p>Toode <strong>ei t\u00f6\u00f6ta seadmetes<\/strong>, mis on m\u00f5eldud kasutamiseks <strong>HP+ teenusega<\/strong> (ehk seadmed, mille mudelinimi l\u00f5peb t\u00e4hega \u201ee\u201c)<\/p>\n","protected":false},"excerpt":{"rendered":"<p>Sobivus: HP LaserJet M207d, M207dw, M207 Series, M208d, M208dw, M208 Series, M209d, M209dw, , M209 Series, M210d, M210dw, M210 Series, M211d, M211dw, M212d, M212dw, HP LaserJet MFP M230 Series, M232d, M232dwc, M232sdw, M233d, M233dw, M233sdw, M234dw, M234sdw, M235d,, M235sdw, M236d, M236dw, M236sdw, M237dw, M237sdn, M237sdw Tr\u00fckimaht kuni 2400 lehte Toode ei t\u00f6\u00f6ta seadmetes, mis on [&hellip;]<\/p>\n","protected":false},"featured_media":13214,"template":"","meta":{"_acf_changed":false},"product_brand":[406],"product_cat":[241],"product_tag":[],"class_list":{"0":"post-14849","1":"product","2":"type-product","3":"status-publish","4":"has-post-thumbnail","6":"product_brand-jetworld","7":"product_cat-analoog-toonerid-ru","8":"product_brands-jetworld","10":"first","11":"onbackorder","12":"taxable","13":"shipping-taxable","14":"purchasable","15":"product-type-simple"},"acf":[],"yoast_head":"<!-- This site is optimized with the Yoast SEO plugin v26.2 - https:\/\/yoast.com\/wordpress\/plugins\/seo\/ -->\n<title>Tooner must analoog HP 135X (W1350X) - Jetworld - RTT<\/title>\n<meta name=\"description\" content=\"JetWorld toonerid on tuntud oma soodsa hinna ja hea kvaliteedi poolest, olles sobiv valik neile, kes soovivad s\u00e4\u00e4sta printimiskuludelt.\" \/>\n<meta name=\"robots\" content=\"index, follow, max-snippet:-1, max-image-preview:large, max-video-preview:-1\" \/>\n<link rel=\"canonical\" href=\"https:\/\/rtt.ee\/toode\/kulumaterjalid\/analoog-toonerid\/tooner-must-analoog-hp-135x-w1350x\/\" \/>\n<meta property=\"og:locale\" content=\"ru_RU\" \/>\n<meta property=\"og:type\" content=\"article\" \/>\n<meta property=\"og:title\" content=\"Tooner must analoog HP 135X (W1350X) - Jetworld - RTT\" \/>\n<meta property=\"og:description\" content=\"JetWorld toonerid on tuntud oma soodsa hinna ja hea kvaliteedi poolest, olles sobiv valik neile, kes soovivad s\u00e4\u00e4sta printimiskuludelt.\" \/>\n<meta property=\"og:url\" content=\"https:\/\/rtt.ee\/toode\/kulumaterjalid\/analoog-toonerid\/tooner-must-analoog-hp-135x-w1350x\/\" \/>\n<meta property=\"og:site_name\" content=\"RTT\" \/>\n<meta property=\"article:modified_time\" content=\"2026-02-09T12:05:12+00:00\" \/>\n<meta property=\"og:image\" content=\"https:\/\/rtt.ee\/wp-content\/uploads\/2025\/10\/jetworld_toner_bk.jpg\" \/>\n\t<meta property=\"og:image:width\" content=\"700\" \/>\n\t<meta property=\"og:image:height\" content=\"390\" \/>\n\t<meta property=\"og:image:type\" content=\"image\/jpeg\" \/>\n<meta name=\"twitter:card\" content=\"summary_large_image\" \/>\n<meta name=\"twitter:label1\" content=\"\u041f\u0440\u0438\u043c\u0435\u0440\u043d\u043e\u0435 \u0432\u0440\u0435\u043c\u044f \u0434\u043b\u044f \u0447\u0442\u0435\u043d\u0438\u044f\" \/>\n\t<meta name=\"twitter:data1\" content=\"1 \u043c\u0438\u043d\u0443\u0442\u0430\" \/>\n<script type=\"application\/ld+json\" class=\"yoast-schema-graph\">{\"@context\":\"https:\/\/schema.org\",\"@graph\":[{\"@type\":\"WebPage\",\"@id\":\"https:\/\/rtt.ee\/toode\/kulumaterjalid\/analoog-toonerid\/tooner-must-analoog-hp-135x-w1350x\/\",\"url\":\"https:\/\/rtt.ee\/toode\/kulumaterjalid\/analoog-toonerid\/tooner-must-analoog-hp-135x-w1350x\/\",\"name\":\"Tooner must analoog HP 135X (W1350X) - Jetworld - RTT\",\"isPartOf\":{\"@id\":\"https:\/\/rtt.ee\/en\/#website\"},\"primaryImageOfPage\":{\"@id\":\"https:\/\/rtt.ee\/toode\/kulumaterjalid\/analoog-toonerid\/tooner-must-analoog-hp-135x-w1350x\/#primaryimage\"},\"image\":{\"@id\":\"https:\/\/rtt.ee\/toode\/kulumaterjalid\/analoog-toonerid\/tooner-must-analoog-hp-135x-w1350x\/#primaryimage\"},\"thumbnailUrl\":\"https:\/\/rtt.ee\/wp-content\/uploads\/2025\/10\/jetworld_toner_bk.jpg\",\"datePublished\":\"2025-10-08T13:12:10+00:00\",\"dateModified\":\"2026-02-09T12:05:12+00:00\",\"description\":\"JetWorld toonerid on tuntud oma soodsa hinna ja hea kvaliteedi poolest, olles sobiv valik neile, kes soovivad s\u00e4\u00e4sta printimiskuludelt.\",\"breadcrumb\":{\"@id\":\"https:\/\/rtt.ee\/toode\/kulumaterjalid\/analoog-toonerid\/tooner-must-analoog-hp-135x-w1350x\/#breadcrumb\"},\"inLanguage\":\"ru-RU\",\"potentialAction\":[{\"@type\":\"ReadAction\",\"target\":[\"https:\/\/rtt.ee\/toode\/kulumaterjalid\/analoog-toonerid\/tooner-must-analoog-hp-135x-w1350x\/\"]}]},{\"@type\":\"ImageObject\",\"inLanguage\":\"ru-RU\",\"@id\":\"https:\/\/rtt.ee\/toode\/kulumaterjalid\/analoog-toonerid\/tooner-must-analoog-hp-135x-w1350x\/#primaryimage\",\"url\":\"https:\/\/rtt.ee\/wp-content\/uploads\/2025\/10\/jetworld_toner_bk.jpg\",\"contentUrl\":\"https:\/\/rtt.ee\/wp-content\/uploads\/2025\/10\/jetworld_toner_bk.jpg\",\"width\":700,\"height\":390},{\"@type\":\"BreadcrumbList\",\"@id\":\"https:\/\/rtt.ee\/toode\/kulumaterjalid\/analoog-toonerid\/tooner-must-analoog-hp-135x-w1350x\/#breadcrumb\",\"itemListElement\":[{\"@type\":\"ListItem\",\"position\":1,\"name\":\"\u0413\u043b\u0430\u0432\u043d\u0430\u044f\",\"item\":\"https:\/\/rtt.ee\/ru\/\"},{\"@type\":\"ListItem\",\"position\":2,\"name\":\"Magazin\",\"item\":\"https:\/\/rtt.ee\/ru\/pood\/\"},{\"@type\":\"ListItem\",\"position\":3,\"name\":\"\u0420\u0430\u0441\u0445\u043e\u0434\u043d\u044b\u0435 \u043c\u0430\u0442\u0435\u0440\u0438\u0430\u043b\u044b\",\"item\":\"https:\/\/rtt.ee\/ru\/tootekategooria\/kulumaterjalid-ru\/\"},{\"@type\":\"ListItem\",\"position\":4,\"name\":\"\u0410\u043d\u0430\u043b\u043e\u0433\u043e\u0432\u044b\u0435 \u0442\u043e\u043d\u0435\u0440\u044b\",\"item\":\"https:\/\/rtt.ee\/ru\/tootekategooria\/kulumaterjalid-ru\/analoog-toonerid-ru\/\"},{\"@type\":\"ListItem\",\"position\":5,\"name\":\"Tooner must analoog HP 135X (W1350X) &#8211; Jetworld\"}]},{\"@type\":\"WebSite\",\"@id\":\"https:\/\/rtt.ee\/en\/#website\",\"url\":\"https:\/\/rtt.ee\/en\/\",\"name\":\"RTT\",\"description\":\"Kassaaparaadid ja kontorikaubad\",\"potentialAction\":[{\"@type\":\"SearchAction\",\"target\":{\"@type\":\"EntryPoint\",\"urlTemplate\":\"https:\/\/rtt.ee\/en\/?s={search_term_string}\"},\"query-input\":{\"@type\":\"PropertyValueSpecification\",\"valueRequired\":true,\"valueName\":\"search_term_string\"}}],\"inLanguage\":\"ru-RU\"}]}<\/script>\n<!-- \/ Yoast SEO plugin. -->","yoast_head_json":{"title":"Tooner must analoog HP 135X (W1350X) - Jetworld - RTT","description":"JetWorld toonerid on tuntud oma soodsa hinna ja hea kvaliteedi poolest, olles sobiv valik neile, kes soovivad s\u00e4\u00e4sta printimiskuludelt.","robots":{"index":"index","follow":"follow","max-snippet":"max-snippet:-1","max-image-preview":"max-image-preview:large","max-video-preview":"max-video-preview:-1"},"canonical":"https:\/\/rtt.ee\/toode\/kulumaterjalid\/analoog-toonerid\/tooner-must-analoog-hp-135x-w1350x\/","og_locale":"ru_RU","og_type":"article","og_title":"Tooner must analoog HP 135X (W1350X) - Jetworld - RTT","og_description":"JetWorld toonerid on tuntud oma soodsa hinna ja hea kvaliteedi poolest, olles sobiv valik neile, kes soovivad s\u00e4\u00e4sta printimiskuludelt.","og_url":"https:\/\/rtt.ee\/toode\/kulumaterjalid\/analoog-toonerid\/tooner-must-analoog-hp-135x-w1350x\/","og_site_name":"RTT","article_modified_time":"2026-02-09T12:05:12+00:00","og_image":[{"width":700,"height":390,"url":"https:\/\/rtt.ee\/wp-content\/uploads\/2025\/10\/jetworld_toner_bk.jpg","type":"image\/jpeg"}],"twitter_card":"summary_large_image","twitter_misc":{"\u041f\u0440\u0438\u043c\u0435\u0440\u043d\u043e\u0435 \u0432\u0440\u0435\u043c\u044f \u0434\u043b\u044f \u0447\u0442\u0435\u043d\u0438\u044f":"1 \u043c\u0438\u043d\u0443\u0442\u0430"},"schema":{"@context":"https:\/\/schema.org","@graph":[{"@type":"WebPage","@id":"https:\/\/rtt.ee\/toode\/kulumaterjalid\/analoog-toonerid\/tooner-must-analoog-hp-135x-w1350x\/","url":"https:\/\/rtt.ee\/toode\/kulumaterjalid\/analoog-toonerid\/tooner-must-analoog-hp-135x-w1350x\/","name":"Tooner must analoog HP 135X (W1350X) - Jetworld - RTT","isPartOf":{"@id":"https:\/\/rtt.ee\/en\/#website"},"primaryImageOfPage":{"@id":"https:\/\/rtt.ee\/toode\/kulumaterjalid\/analoog-toonerid\/tooner-must-analoog-hp-135x-w1350x\/#primaryimage"},"image":{"@id":"https:\/\/rtt.ee\/toode\/kulumaterjalid\/analoog-toonerid\/tooner-must-analoog-hp-135x-w1350x\/#primaryimage"},"thumbnailUrl":"https:\/\/rtt.ee\/wp-content\/uploads\/2025\/10\/jetworld_toner_bk.jpg","datePublished":"2025-10-08T13:12:10+00:00","dateModified":"2026-02-09T12:05:12+00:00","description":"JetWorld toonerid on tuntud oma soodsa hinna ja hea kvaliteedi poolest, olles sobiv valik neile, kes soovivad s\u00e4\u00e4sta printimiskuludelt.","breadcrumb":{"@id":"https:\/\/rtt.ee\/toode\/kulumaterjalid\/analoog-toonerid\/tooner-must-analoog-hp-135x-w1350x\/#breadcrumb"},"inLanguage":"ru-RU","potentialAction":[{"@type":"ReadAction","target":["https:\/\/rtt.ee\/toode\/kulumaterjalid\/analoog-toonerid\/tooner-must-analoog-hp-135x-w1350x\/"]}]},{"@type":"ImageObject","inLanguage":"ru-RU","@id":"https:\/\/rtt.ee\/toode\/kulumaterjalid\/analoog-toonerid\/tooner-must-analoog-hp-135x-w1350x\/#primaryimage","url":"https:\/\/rtt.ee\/wp-content\/uploads\/2025\/10\/jetworld_toner_bk.jpg","contentUrl":"https:\/\/rtt.ee\/wp-content\/uploads\/2025\/10\/jetworld_toner_bk.jpg","width":700,"height":390},{"@type":"BreadcrumbList","@id":"https:\/\/rtt.ee\/toode\/kulumaterjalid\/analoog-toonerid\/tooner-must-analoog-hp-135x-w1350x\/#breadcrumb","itemListElement":[{"@type":"ListItem","position":1,"name":"\u0413\u043b\u0430\u0432\u043d\u0430\u044f","item":"https:\/\/rtt.ee\/ru\/"},{"@type":"ListItem","position":2,"name":"Magazin","item":"https:\/\/rtt.ee\/ru\/pood\/"},{"@type":"ListItem","position":3,"name":"\u0420\u0430\u0441\u0445\u043e\u0434\u043d\u044b\u0435 \u043c\u0430\u0442\u0435\u0440\u0438\u0430\u043b\u044b","item":"https:\/\/rtt.ee\/ru\/tootekategooria\/kulumaterjalid-ru\/"},{"@type":"ListItem","position":4,"name":"\u0410\u043d\u0430\u043b\u043e\u0433\u043e\u0432\u044b\u0435 \u0442\u043e\u043d\u0435\u0440\u044b","item":"https:\/\/rtt.ee\/ru\/tootekategooria\/kulumaterjalid-ru\/analoog-toonerid-ru\/"},{"@type":"ListItem","position":5,"name":"Tooner must analoog HP 135X (W1350X) &#8211; Jetworld"}]},{"@type":"WebSite","@id":"https:\/\/rtt.ee\/en\/#website","url":"https:\/\/rtt.ee\/en\/","name":"RTT","description":"Kassaaparaadid ja kontorikaubad","potentialAction":[{"@type":"SearchAction","target":{"@type":"EntryPoint","urlTemplate":"https:\/\/rtt.ee\/en\/?s={search_term_string}"},"query-input":{"@type":"PropertyValueSpecification","valueRequired":true,"valueName":"search_term_string"}}],"inLanguage":"ru-RU"}]}},"_links":{"self":[{"href":"https:\/\/rtt.ee\/ru\/wp-json\/wp\/v2\/product\/14849","targetHints":{"allow":["GET"]}}],"collection":[{"href":"https:\/\/rtt.ee\/ru\/wp-json\/wp\/v2\/product"}],"about":[{"href":"https:\/\/rtt.ee\/ru\/wp-json\/wp\/v2\/types\/product"}],"wp:featuredmedia":[{"embeddable":true,"href":"https:\/\/rtt.ee\/ru\/wp-json\/wp\/v2\/media\/13214"}],"wp:attachment":[{"href":"https:\/\/rtt.ee\/ru\/wp-json\/wp\/v2\/media?parent=14849"}],"wp:term":[{"taxonomy":"product_brand","embeddable":true,"href":"https:\/\/rtt.ee\/ru\/wp-json\/wp\/v2\/product_brand?post=14849"},{"taxonomy":"product_cat","embeddable":true,"href":"https:\/\/rtt.ee\/ru\/wp-json\/wp\/v2\/product_cat?post=14849"},{"taxonomy":"product_tag","embeddable":true,"href":"https:\/\/rtt.ee\/ru\/wp-json\/wp\/v2\/product_tag?post=14849"}],"curies":[{"name":"wp","href":"https:\/\/api.w.org\/{rel}","templated":true}]}}