{"id":14781,"date":"2026-01-15T11:21:32","date_gmt":"2026-01-15T09:21:32","guid":{"rendered":"https:\/\/rtt.ee\/toode\/uncategorized\/tooner-must-analoog-brother-tn241bk\/"},"modified":"2026-02-19T11:53:48","modified_gmt":"2026-02-19T09:53:48","slug":"tooner-must-analoog-brother-tn241bk","status":"publish","type":"product","link":"https:\/\/rtt.ee\/ru\/toode\/kulumaterjalid-ru\/analoog-toonerid-ru\/tooner-must-analoog-brother-tn241bk\/","title":{"rendered":"Tooner must analoog Brother TN241BK &#8212; Jetworld"},"content":{"rendered":"<p>Sobivus: HL3140, HL3150, HL3170, MFC9130, MFC9140, MFC9330, MFC9340CDW, DCP9015, DCP9020<br \/>\nHL-3140, HL-3150, HL-3170, MFC-9130, MFC-9140, MFC-9330, MFC-9340CDW, DCP-9015, DCP-9020<br \/>\nHL 3140, HL 3150, HL 3170, MFC 9130, MFC 9140, MFC 9330, MFC 9340CDW, DCP 9015, DCP 9020<\/p>\n<p>Tr\u00fckimaht kuni 2500 lehte<\/p>\n","protected":false},"excerpt":{"rendered":"<p>Sobivus: HL3140, HL3150, HL3170, MFC9130, MFC9140, MFC9330, MFC9340CDW, DCP9015, DCP9020 HL-3140, HL-3150, HL-3170, MFC-9130, MFC-9140, MFC-9330, MFC-9340CDW, DCP-9015, DCP-9020 HL 3140, HL 3150, HL 3170, MFC 9130, MFC 9140, MFC 9330, MFC 9340CDW, DCP 9015, DCP 9020 Tr\u00fckimaht kuni 2500 lehte<\/p>\n","protected":false},"featured_media":13214,"template":"","meta":{"_acf_changed":false},"product_brand":[406],"product_cat":[241],"product_tag":[],"class_list":{"0":"post-14781","1":"product","2":"type-product","3":"status-publish","4":"has-post-thumbnail","6":"product_brand-jetworld","7":"product_cat-analoog-toonerid-ru","8":"product_brands-jetworld","10":"first","11":"onbackorder","12":"taxable","13":"shipping-taxable","14":"purchasable","15":"product-type-simple"},"acf":[],"yoast_head":"<!-- This site is optimized with the Yoast SEO plugin v26.2 - https:\/\/yoast.com\/wordpress\/plugins\/seo\/ -->\n<title>Tooner must analoog Brother TN241BK - Jetworld - RTT<\/title>\n<meta name=\"description\" content=\"JetWorld toonerid \u2013 premium-klassi analoogtoonerid n\u00f5udlikule kasutajale. Suurem t\u00e4itekogus, ISO-sertifitseeritud kvaliteet ja 100% \u00fchilduvus.\" \/>\n<meta name=\"robots\" content=\"index, follow, max-snippet:-1, max-image-preview:large, max-video-preview:-1\" \/>\n<link rel=\"canonical\" href=\"https:\/\/rtt.ee\/toode\/kulumaterjalid\/analoog-toonerid\/tooner-must-analoog-brother-tn241bk\/\" \/>\n<meta property=\"og:locale\" content=\"ru_RU\" \/>\n<meta property=\"og:type\" content=\"article\" \/>\n<meta property=\"og:title\" content=\"Tooner must analoog Brother TN241BK - Jetworld - RTT\" \/>\n<meta property=\"og:description\" content=\"JetWorld toonerid \u2013 premium-klassi analoogtoonerid n\u00f5udlikule kasutajale. Suurem t\u00e4itekogus, ISO-sertifitseeritud kvaliteet ja 100% \u00fchilduvus.\" \/>\n<meta property=\"og:url\" content=\"https:\/\/rtt.ee\/toode\/kulumaterjalid\/analoog-toonerid\/tooner-must-analoog-brother-tn241bk\/\" \/>\n<meta property=\"og:site_name\" content=\"RTT\" \/>\n<meta property=\"article:modified_time\" content=\"2026-02-19T09:53:48+00:00\" \/>\n<meta property=\"og:image\" content=\"https:\/\/rtt.ee\/wp-content\/uploads\/2025\/10\/jetworld_toner_bk.jpg\" \/>\n\t<meta property=\"og:image:width\" content=\"700\" \/>\n\t<meta property=\"og:image:height\" content=\"390\" \/>\n\t<meta property=\"og:image:type\" content=\"image\/jpeg\" \/>\n<meta name=\"twitter:card\" content=\"summary_large_image\" \/>\n<script type=\"application\/ld+json\" class=\"yoast-schema-graph\">{\"@context\":\"https:\/\/schema.org\",\"@graph\":[{\"@type\":\"WebPage\",\"@id\":\"https:\/\/rtt.ee\/toode\/kulumaterjalid\/analoog-toonerid\/tooner-must-analoog-brother-tn241bk\/\",\"url\":\"https:\/\/rtt.ee\/toode\/kulumaterjalid\/analoog-toonerid\/tooner-must-analoog-brother-tn241bk\/\",\"name\":\"Tooner must analoog Brother TN241BK - Jetworld - RTT\",\"isPartOf\":{\"@id\":\"https:\/\/rtt.ee\/en\/#website\"},\"primaryImageOfPage\":{\"@id\":\"https:\/\/rtt.ee\/toode\/kulumaterjalid\/analoog-toonerid\/tooner-must-analoog-brother-tn241bk\/#primaryimage\"},\"image\":{\"@id\":\"https:\/\/rtt.ee\/toode\/kulumaterjalid\/analoog-toonerid\/tooner-must-analoog-brother-tn241bk\/#primaryimage\"},\"thumbnailUrl\":\"https:\/\/rtt.ee\/wp-content\/uploads\/2025\/10\/jetworld_toner_bk.jpg\",\"datePublished\":\"2026-01-15T09:21:32+00:00\",\"dateModified\":\"2026-02-19T09:53:48+00:00\",\"description\":\"JetWorld toonerid \u2013 premium-klassi analoogtoonerid n\u00f5udlikule kasutajale. Suurem t\u00e4itekogus, ISO-sertifitseeritud kvaliteet ja 100% \u00fchilduvus.\",\"breadcrumb\":{\"@id\":\"https:\/\/rtt.ee\/toode\/kulumaterjalid\/analoog-toonerid\/tooner-must-analoog-brother-tn241bk\/#breadcrumb\"},\"inLanguage\":\"ru-RU\",\"potentialAction\":[{\"@type\":\"ReadAction\",\"target\":[\"https:\/\/rtt.ee\/toode\/kulumaterjalid\/analoog-toonerid\/tooner-must-analoog-brother-tn241bk\/\"]}]},{\"@type\":\"ImageObject\",\"inLanguage\":\"ru-RU\",\"@id\":\"https:\/\/rtt.ee\/toode\/kulumaterjalid\/analoog-toonerid\/tooner-must-analoog-brother-tn241bk\/#primaryimage\",\"url\":\"https:\/\/rtt.ee\/wp-content\/uploads\/2025\/10\/jetworld_toner_bk.jpg\",\"contentUrl\":\"https:\/\/rtt.ee\/wp-content\/uploads\/2025\/10\/jetworld_toner_bk.jpg\",\"width\":700,\"height\":390},{\"@type\":\"BreadcrumbList\",\"@id\":\"https:\/\/rtt.ee\/toode\/kulumaterjalid\/analoog-toonerid\/tooner-must-analoog-brother-tn241bk\/#breadcrumb\",\"itemListElement\":[{\"@type\":\"ListItem\",\"position\":1,\"name\":\"\u0413\u043b\u0430\u0432\u043d\u0430\u044f\",\"item\":\"https:\/\/rtt.ee\/ru\/\"},{\"@type\":\"ListItem\",\"position\":2,\"name\":\"Magazin\",\"item\":\"https:\/\/rtt.ee\/ru\/pood\/\"},{\"@type\":\"ListItem\",\"position\":3,\"name\":\"\u0420\u0430\u0441\u0445\u043e\u0434\u043d\u044b\u0435 \u043c\u0430\u0442\u0435\u0440\u0438\u0430\u043b\u044b\",\"item\":\"https:\/\/rtt.ee\/ru\/tootekategooria\/kulumaterjalid-ru\/\"},{\"@type\":\"ListItem\",\"position\":4,\"name\":\"\u0410\u043d\u0430\u043b\u043e\u0433\u043e\u0432\u044b\u0435 \u0442\u043e\u043d\u0435\u0440\u044b\",\"item\":\"https:\/\/rtt.ee\/ru\/tootekategooria\/kulumaterjalid-ru\/analoog-toonerid-ru\/\"},{\"@type\":\"ListItem\",\"position\":5,\"name\":\"Tooner must analoog Brother TN241BK &#8211; Jetworld\"}]},{\"@type\":\"WebSite\",\"@id\":\"https:\/\/rtt.ee\/en\/#website\",\"url\":\"https:\/\/rtt.ee\/en\/\",\"name\":\"RTT\",\"description\":\"Kassaaparaadid ja kontorikaubad\",\"potentialAction\":[{\"@type\":\"SearchAction\",\"target\":{\"@type\":\"EntryPoint\",\"urlTemplate\":\"https:\/\/rtt.ee\/en\/?s={search_term_string}\"},\"query-input\":{\"@type\":\"PropertyValueSpecification\",\"valueRequired\":true,\"valueName\":\"search_term_string\"}}],\"inLanguage\":\"ru-RU\"}]}<\/script>\n<!-- \/ Yoast SEO plugin. -->","yoast_head_json":{"title":"Tooner must analoog Brother TN241BK - Jetworld - RTT","description":"JetWorld toonerid \u2013 premium-klassi analoogtoonerid n\u00f5udlikule kasutajale. Suurem t\u00e4itekogus, ISO-sertifitseeritud kvaliteet ja 100% \u00fchilduvus.","robots":{"index":"index","follow":"follow","max-snippet":"max-snippet:-1","max-image-preview":"max-image-preview:large","max-video-preview":"max-video-preview:-1"},"canonical":"https:\/\/rtt.ee\/toode\/kulumaterjalid\/analoog-toonerid\/tooner-must-analoog-brother-tn241bk\/","og_locale":"ru_RU","og_type":"article","og_title":"Tooner must analoog Brother TN241BK - Jetworld - RTT","og_description":"JetWorld toonerid \u2013 premium-klassi analoogtoonerid n\u00f5udlikule kasutajale. Suurem t\u00e4itekogus, ISO-sertifitseeritud kvaliteet ja 100% \u00fchilduvus.","og_url":"https:\/\/rtt.ee\/toode\/kulumaterjalid\/analoog-toonerid\/tooner-must-analoog-brother-tn241bk\/","og_site_name":"RTT","article_modified_time":"2026-02-19T09:53:48+00:00","og_image":[{"width":700,"height":390,"url":"https:\/\/rtt.ee\/wp-content\/uploads\/2025\/10\/jetworld_toner_bk.jpg","type":"image\/jpeg"}],"twitter_card":"summary_large_image","schema":{"@context":"https:\/\/schema.org","@graph":[{"@type":"WebPage","@id":"https:\/\/rtt.ee\/toode\/kulumaterjalid\/analoog-toonerid\/tooner-must-analoog-brother-tn241bk\/","url":"https:\/\/rtt.ee\/toode\/kulumaterjalid\/analoog-toonerid\/tooner-must-analoog-brother-tn241bk\/","name":"Tooner must analoog Brother TN241BK - Jetworld - RTT","isPartOf":{"@id":"https:\/\/rtt.ee\/en\/#website"},"primaryImageOfPage":{"@id":"https:\/\/rtt.ee\/toode\/kulumaterjalid\/analoog-toonerid\/tooner-must-analoog-brother-tn241bk\/#primaryimage"},"image":{"@id":"https:\/\/rtt.ee\/toode\/kulumaterjalid\/analoog-toonerid\/tooner-must-analoog-brother-tn241bk\/#primaryimage"},"thumbnailUrl":"https:\/\/rtt.ee\/wp-content\/uploads\/2025\/10\/jetworld_toner_bk.jpg","datePublished":"2026-01-15T09:21:32+00:00","dateModified":"2026-02-19T09:53:48+00:00","description":"JetWorld toonerid \u2013 premium-klassi analoogtoonerid n\u00f5udlikule kasutajale. Suurem t\u00e4itekogus, ISO-sertifitseeritud kvaliteet ja 100% \u00fchilduvus.","breadcrumb":{"@id":"https:\/\/rtt.ee\/toode\/kulumaterjalid\/analoog-toonerid\/tooner-must-analoog-brother-tn241bk\/#breadcrumb"},"inLanguage":"ru-RU","potentialAction":[{"@type":"ReadAction","target":["https:\/\/rtt.ee\/toode\/kulumaterjalid\/analoog-toonerid\/tooner-must-analoog-brother-tn241bk\/"]}]},{"@type":"ImageObject","inLanguage":"ru-RU","@id":"https:\/\/rtt.ee\/toode\/kulumaterjalid\/analoog-toonerid\/tooner-must-analoog-brother-tn241bk\/#primaryimage","url":"https:\/\/rtt.ee\/wp-content\/uploads\/2025\/10\/jetworld_toner_bk.jpg","contentUrl":"https:\/\/rtt.ee\/wp-content\/uploads\/2025\/10\/jetworld_toner_bk.jpg","width":700,"height":390},{"@type":"BreadcrumbList","@id":"https:\/\/rtt.ee\/toode\/kulumaterjalid\/analoog-toonerid\/tooner-must-analoog-brother-tn241bk\/#breadcrumb","itemListElement":[{"@type":"ListItem","position":1,"name":"\u0413\u043b\u0430\u0432\u043d\u0430\u044f","item":"https:\/\/rtt.ee\/ru\/"},{"@type":"ListItem","position":2,"name":"Magazin","item":"https:\/\/rtt.ee\/ru\/pood\/"},{"@type":"ListItem","position":3,"name":"\u0420\u0430\u0441\u0445\u043e\u0434\u043d\u044b\u0435 \u043c\u0430\u0442\u0435\u0440\u0438\u0430\u043b\u044b","item":"https:\/\/rtt.ee\/ru\/tootekategooria\/kulumaterjalid-ru\/"},{"@type":"ListItem","position":4,"name":"\u0410\u043d\u0430\u043b\u043e\u0433\u043e\u0432\u044b\u0435 \u0442\u043e\u043d\u0435\u0440\u044b","item":"https:\/\/rtt.ee\/ru\/tootekategooria\/kulumaterjalid-ru\/analoog-toonerid-ru\/"},{"@type":"ListItem","position":5,"name":"Tooner must analoog Brother TN241BK &#8211; Jetworld"}]},{"@type":"WebSite","@id":"https:\/\/rtt.ee\/en\/#website","url":"https:\/\/rtt.ee\/en\/","name":"RTT","description":"Kassaaparaadid ja kontorikaubad","potentialAction":[{"@type":"SearchAction","target":{"@type":"EntryPoint","urlTemplate":"https:\/\/rtt.ee\/en\/?s={search_term_string}"},"query-input":{"@type":"PropertyValueSpecification","valueRequired":true,"valueName":"search_term_string"}}],"inLanguage":"ru-RU"}]}},"_links":{"self":[{"href":"https:\/\/rtt.ee\/ru\/wp-json\/wp\/v2\/product\/14781","targetHints":{"allow":["GET"]}}],"collection":[{"href":"https:\/\/rtt.ee\/ru\/wp-json\/wp\/v2\/product"}],"about":[{"href":"https:\/\/rtt.ee\/ru\/wp-json\/wp\/v2\/types\/product"}],"wp:featuredmedia":[{"embeddable":true,"href":"https:\/\/rtt.ee\/ru\/wp-json\/wp\/v2\/media\/13214"}],"wp:attachment":[{"href":"https:\/\/rtt.ee\/ru\/wp-json\/wp\/v2\/media?parent=14781"}],"wp:term":[{"taxonomy":"product_brand","embeddable":true,"href":"https:\/\/rtt.ee\/ru\/wp-json\/wp\/v2\/product_brand?post=14781"},{"taxonomy":"product_cat","embeddable":true,"href":"https:\/\/rtt.ee\/ru\/wp-json\/wp\/v2\/product_cat?post=14781"},{"taxonomy":"product_tag","embeddable":true,"href":"https:\/\/rtt.ee\/ru\/wp-json\/wp\/v2\/product_tag?post=14781"}],"curies":[{"name":"wp","href":"https:\/\/api.w.org\/{rel}","templated":true}]}}