{"id":12519,"date":"2025-07-14T16:12:10","date_gmt":"2025-07-14T13:12:10","guid":{"rendered":"https:\/\/rtt.ee\/toode\/uncategorized\/sharp-mx-b468f-multifunktsionaalne-must-laserprinter\/"},"modified":"2026-04-01T10:19:45","modified_gmt":"2026-04-01T07:19:45","slug":"sharp-mx-b468f-multifunktsionaalne-must-laserprinter","status":"publish","type":"product","link":"https:\/\/rtt.ee\/ru\/toode\/koopiamasinad-ru\/a4-printer-skanner-koopiamasinad-ru\/sharp-mx-b468f-multifunktsionaalne-must-laserprinter\/","title":{"rendered":"SHARP MX-B468F multifunktsionaalne A4 must-laserprinter"},"content":{"rendered":"<p>Funktsioonid: printimine, skannimine, kopeerimine, fax<\/p>\n<p>Tr\u00fckikiirus A4: 44 Lk\/min (must-valge)<\/p>\n<p>Tr\u00fckikvaliteet (dpi): 1200 x 1200<\/p>\n<p>M\u00e4lu: 2GB<\/p>\n<p>HDD: 500GB HDD v\u00f5i 128GB ISD (lisav\u00f5imalus)<\/p>\n<p>Paberis\u00f6\u00f6tja maht: 650 lehte (Standard), 2300 lehte (lisav\u00f5imalus)<\/p>\n<p>\u00dchendused: USB, Ethernet, WiFi (lisav\u00f5imalus)<\/p>\n<p>Toetatavad operatsioonis\u00fcsteemid: Windows, Windows Server, MacOS<\/p>\n<p>Lisainfo:\u00a0<a href=\"https:\/\/www.sharp.eu\/sharp-mx-b468f\">Tehniline kirjeldus inglise keeles<\/a><\/p>\n<p>Tel: +372 6 112 256<\/p>\n<p>GSM: +372 5 014 470<\/p>\n<p><strong>Pakume SHARP MX-B468F koopiamasina paindlikku rendiv\u00f5imalust:<\/strong><\/p>\n<p>Rendiperiood\u00a0<strong>36 kuud<\/strong>\u00a0igakuine makse\u00a0<strong>30+KM<\/strong><\/p>\n<p>Rendiperiood\u00a0<strong>48 kuud<\/strong>\u00a0igakuine makse\u00a0<strong>25+KM<\/strong><\/p>\n<ul>\n<li><strong>T\u00f6\u00f6kindel ja kvaliteetne<\/strong>\u00a0\u2013 SHARP tehnoloogia, millele saad loota<\/li>\n<li><strong>Tasuta paigaldus ja h\u00e4\u00e4lestus<\/strong>\u00a0\u2013 mugav stardipakett ilma lisakuludeta<\/li>\n<li><strong>Rendiperioodi l\u00f5pus<\/strong>\u00a0\u2013 v\u00f5imalus seade v\u00e4lja osta v\u00f5i renti j\u00e4tkata<\/li>\n<li><strong>Kiire klienditugi<\/strong>\u00a0\u2013 tehniline abi kuni 4 tunni jooksul<\/li>\n<\/ul>\n<p>Soovitame juurde\u00a0<strong>T\u00c4ISHOOLDUSLEPING<\/strong><\/p>\n<p><!--more--><\/p>\n<p><span style=\"font-size: 14pt;color: #ff0000\"><strong>LISAINFO: <a style=\"color: #ff0000\" href=\"http:\/\/kontoriprinter.ee\/\">Kontoriprinter.ee<\/a><\/strong><\/span><\/p>\n","protected":false},"excerpt":{"rendered":"<p>Funktsioonid: printimine, skannimine, kopeerimine, fax Tr\u00fckikiirus A4: 44 Lk\/min (must-valge) Tr\u00fckikvaliteet (dpi): 1200 x 1200 M\u00e4lu: 2GB HDD: 500GB HDD v\u00f5i 128GB ISD (lisav\u00f5imalus) Paberis\u00f6\u00f6tja maht: 650 lehte (Standard), 2300 lehte (lisav\u00f5imalus) \u00dchendused: USB, Ethernet, WiFi (lisav\u00f5imalus) Toetatavad operatsioonis\u00fcsteemid: Windows, Windows Server, MacOS Lisainfo:\u00a0Tehniline kirjeldus inglise keeles Tel: +372 6 112 256 GSM: +372 5 [&hellip;]<\/p>\n","protected":false},"featured_media":12110,"template":"","meta":{"_acf_changed":false},"product_brand":[404],"product_cat":[233,236],"product_tag":[],"class_list":{"0":"post-12519","1":"product","2":"type-product","3":"status-publish","4":"has-post-thumbnail","6":"product_brand-sharp","7":"product_cat-koopiamasinad-ru","8":"product_cat-a4-printer-skanner-koopiamasinad-ru","9":"product_brands-sharp-ru","11":"first","12":"instock","13":"featured","14":"taxable","15":"shipping-taxable","16":"purchasable","17":"product-type-simple"},"acf":[],"yoast_head":"<!-- This site is optimized with the Yoast SEO plugin v26.2 - https:\/\/yoast.com\/wordpress\/plugins\/seo\/ -->\n<title>SHARP MX-B468F multifunktsionaalne A4 must-laserprinter - RTT<\/title>\n<meta name=\"description\" content=\"Professionaalne A4 mustvalge seade Sharp MX-B468F. Kiire skannimine, sisseehitatud turvafunktsioonid ja kompaktne disain. Ideaalne n\u00f5udlikule \u00e4rikasutajale.\" \/>\n<meta name=\"robots\" content=\"index, follow, max-snippet:-1, max-image-preview:large, max-video-preview:-1\" \/>\n<link rel=\"canonical\" href=\"https:\/\/rtt.ee\/ru\/toode\/koopiamasinad-ru\/a4-printer-skanner-koopiamasinad-ru\/sharp-mx-b468f-multifunktsionaalne-must-laserprinter\/\" \/>\n<meta property=\"og:locale\" content=\"ru_RU\" \/>\n<meta property=\"og:type\" content=\"article\" \/>\n<meta property=\"og:title\" content=\"SHARP MX-B468F multifunktsionaalne A4 must-laserprinter - RTT\" \/>\n<meta property=\"og:description\" content=\"Professionaalne A4 mustvalge seade Sharp MX-B468F. Kiire skannimine, sisseehitatud turvafunktsioonid ja kompaktne disain. Ideaalne n\u00f5udlikule \u00e4rikasutajale.\" \/>\n<meta property=\"og:url\" content=\"https:\/\/rtt.ee\/ru\/toode\/koopiamasinad-ru\/a4-printer-skanner-koopiamasinad-ru\/sharp-mx-b468f-multifunktsionaalne-must-laserprinter\/\" \/>\n<meta property=\"og:site_name\" content=\"RTT\" \/>\n<meta property=\"article:modified_time\" content=\"2026-04-01T07:19:45+00:00\" \/>\n<meta property=\"og:image\" content=\"https:\/\/rtt.ee\/wp-content\/uploads\/2025\/07\/img-p-mx-b468f-cs32-front-scaled.jpeg\" \/>\n\t<meta property=\"og:image:width\" content=\"1884\" \/>\n\t<meta property=\"og:image:height\" content=\"2560\" \/>\n\t<meta property=\"og:image:type\" content=\"image\/jpeg\" \/>\n<meta name=\"twitter:card\" content=\"summary_large_image\" \/>\n<meta name=\"twitter:label1\" content=\"\u041f\u0440\u0438\u043c\u0435\u0440\u043d\u043e\u0435 \u0432\u0440\u0435\u043c\u044f \u0434\u043b\u044f \u0447\u0442\u0435\u043d\u0438\u044f\" \/>\n\t<meta name=\"twitter:data1\" content=\"2 \u043c\u0438\u043d\u0443\u0442\u044b\" \/>\n<script type=\"application\/ld+json\" class=\"yoast-schema-graph\">{\"@context\":\"https:\/\/schema.org\",\"@graph\":[{\"@type\":\"WebPage\",\"@id\":\"https:\/\/rtt.ee\/ru\/toode\/koopiamasinad-ru\/a4-printer-skanner-koopiamasinad-ru\/sharp-mx-b468f-multifunktsionaalne-must-laserprinter\/\",\"url\":\"https:\/\/rtt.ee\/ru\/toode\/koopiamasinad-ru\/a4-printer-skanner-koopiamasinad-ru\/sharp-mx-b468f-multifunktsionaalne-must-laserprinter\/\",\"name\":\"SHARP MX-B468F multifunktsionaalne A4 must-laserprinter - RTT\",\"isPartOf\":{\"@id\":\"https:\/\/rtt.ee\/en\/#website\"},\"primaryImageOfPage\":{\"@id\":\"https:\/\/rtt.ee\/ru\/toode\/koopiamasinad-ru\/a4-printer-skanner-koopiamasinad-ru\/sharp-mx-b468f-multifunktsionaalne-must-laserprinter\/#primaryimage\"},\"image\":{\"@id\":\"https:\/\/rtt.ee\/ru\/toode\/koopiamasinad-ru\/a4-printer-skanner-koopiamasinad-ru\/sharp-mx-b468f-multifunktsionaalne-must-laserprinter\/#primaryimage\"},\"thumbnailUrl\":\"https:\/\/rtt.ee\/wp-content\/uploads\/2025\/07\/img-p-mx-b468f-cs32-front-scaled.jpeg\",\"datePublished\":\"2025-07-14T13:12:10+00:00\",\"dateModified\":\"2026-04-01T07:19:45+00:00\",\"description\":\"Professionaalne A4 mustvalge seade Sharp MX-B468F. Kiire skannimine, sisseehitatud turvafunktsioonid ja kompaktne disain. Ideaalne n\u00f5udlikule \u00e4rikasutajale.\",\"breadcrumb\":{\"@id\":\"https:\/\/rtt.ee\/ru\/toode\/koopiamasinad-ru\/a4-printer-skanner-koopiamasinad-ru\/sharp-mx-b468f-multifunktsionaalne-must-laserprinter\/#breadcrumb\"},\"inLanguage\":\"ru-RU\",\"potentialAction\":[{\"@type\":\"ReadAction\",\"target\":[\"https:\/\/rtt.ee\/ru\/toode\/koopiamasinad-ru\/a4-printer-skanner-koopiamasinad-ru\/sharp-mx-b468f-multifunktsionaalne-must-laserprinter\/\"]}]},{\"@type\":\"ImageObject\",\"inLanguage\":\"ru-RU\",\"@id\":\"https:\/\/rtt.ee\/ru\/toode\/koopiamasinad-ru\/a4-printer-skanner-koopiamasinad-ru\/sharp-mx-b468f-multifunktsionaalne-must-laserprinter\/#primaryimage\",\"url\":\"https:\/\/rtt.ee\/wp-content\/uploads\/2025\/07\/img-p-mx-b468f-cs32-front-scaled.jpeg\",\"contentUrl\":\"https:\/\/rtt.ee\/wp-content\/uploads\/2025\/07\/img-p-mx-b468f-cs32-front-scaled.jpeg\",\"width\":1884,\"height\":2560},{\"@type\":\"BreadcrumbList\",\"@id\":\"https:\/\/rtt.ee\/ru\/toode\/koopiamasinad-ru\/a4-printer-skanner-koopiamasinad-ru\/sharp-mx-b468f-multifunktsionaalne-must-laserprinter\/#breadcrumb\",\"itemListElement\":[{\"@type\":\"ListItem\",\"position\":1,\"name\":\"\u0413\u043b\u0430\u0432\u043d\u0430\u044f\",\"item\":\"https:\/\/rtt.ee\/ru\/\"},{\"@type\":\"ListItem\",\"position\":2,\"name\":\"Magazin\",\"item\":\"https:\/\/rtt.ee\/ru\/pood\/\"},{\"@type\":\"ListItem\",\"position\":3,\"name\":\"Koopiamasinad\",\"item\":\"https:\/\/rtt.ee\/tootekategooria\/koopiamasinad\/\"},{\"@type\":\"ListItem\",\"position\":4,\"name\":\"A4 Printer-Sk\u00e4nner-Koopiamasinad\",\"item\":\"https:\/\/rtt.ee\/tootekategooria\/koopiamasinad\/a4-printer-skanner-koopiamasinad\/\"},{\"@type\":\"ListItem\",\"position\":5,\"name\":\"SHARP MX-B468F multifunktsionaalne A4 must-laserprinter\"}]},{\"@type\":\"WebSite\",\"@id\":\"https:\/\/rtt.ee\/en\/#website\",\"url\":\"https:\/\/rtt.ee\/en\/\",\"name\":\"RTT\",\"description\":\"Kassaaparaadid ja kontorikaubad\",\"potentialAction\":[{\"@type\":\"SearchAction\",\"target\":{\"@type\":\"EntryPoint\",\"urlTemplate\":\"https:\/\/rtt.ee\/en\/?s={search_term_string}\"},\"query-input\":{\"@type\":\"PropertyValueSpecification\",\"valueRequired\":true,\"valueName\":\"search_term_string\"}}],\"inLanguage\":\"ru-RU\"}]}<\/script>\n<!-- \/ Yoast SEO plugin. -->","yoast_head_json":{"title":"SHARP MX-B468F multifunktsionaalne A4 must-laserprinter - RTT","description":"Professionaalne A4 mustvalge seade Sharp MX-B468F. Kiire skannimine, sisseehitatud turvafunktsioonid ja kompaktne disain. Ideaalne n\u00f5udlikule \u00e4rikasutajale.","robots":{"index":"index","follow":"follow","max-snippet":"max-snippet:-1","max-image-preview":"max-image-preview:large","max-video-preview":"max-video-preview:-1"},"canonical":"https:\/\/rtt.ee\/ru\/toode\/koopiamasinad-ru\/a4-printer-skanner-koopiamasinad-ru\/sharp-mx-b468f-multifunktsionaalne-must-laserprinter\/","og_locale":"ru_RU","og_type":"article","og_title":"SHARP MX-B468F multifunktsionaalne A4 must-laserprinter - RTT","og_description":"Professionaalne A4 mustvalge seade Sharp MX-B468F. Kiire skannimine, sisseehitatud turvafunktsioonid ja kompaktne disain. Ideaalne n\u00f5udlikule \u00e4rikasutajale.","og_url":"https:\/\/rtt.ee\/ru\/toode\/koopiamasinad-ru\/a4-printer-skanner-koopiamasinad-ru\/sharp-mx-b468f-multifunktsionaalne-must-laserprinter\/","og_site_name":"RTT","article_modified_time":"2026-04-01T07:19:45+00:00","og_image":[{"width":1884,"height":2560,"url":"https:\/\/rtt.ee\/wp-content\/uploads\/2025\/07\/img-p-mx-b468f-cs32-front-scaled.jpeg","type":"image\/jpeg"}],"twitter_card":"summary_large_image","twitter_misc":{"\u041f\u0440\u0438\u043c\u0435\u0440\u043d\u043e\u0435 \u0432\u0440\u0435\u043c\u044f \u0434\u043b\u044f \u0447\u0442\u0435\u043d\u0438\u044f":"2 \u043c\u0438\u043d\u0443\u0442\u044b"},"schema":{"@context":"https:\/\/schema.org","@graph":[{"@type":"WebPage","@id":"https:\/\/rtt.ee\/ru\/toode\/koopiamasinad-ru\/a4-printer-skanner-koopiamasinad-ru\/sharp-mx-b468f-multifunktsionaalne-must-laserprinter\/","url":"https:\/\/rtt.ee\/ru\/toode\/koopiamasinad-ru\/a4-printer-skanner-koopiamasinad-ru\/sharp-mx-b468f-multifunktsionaalne-must-laserprinter\/","name":"SHARP MX-B468F multifunktsionaalne A4 must-laserprinter - RTT","isPartOf":{"@id":"https:\/\/rtt.ee\/en\/#website"},"primaryImageOfPage":{"@id":"https:\/\/rtt.ee\/ru\/toode\/koopiamasinad-ru\/a4-printer-skanner-koopiamasinad-ru\/sharp-mx-b468f-multifunktsionaalne-must-laserprinter\/#primaryimage"},"image":{"@id":"https:\/\/rtt.ee\/ru\/toode\/koopiamasinad-ru\/a4-printer-skanner-koopiamasinad-ru\/sharp-mx-b468f-multifunktsionaalne-must-laserprinter\/#primaryimage"},"thumbnailUrl":"https:\/\/rtt.ee\/wp-content\/uploads\/2025\/07\/img-p-mx-b468f-cs32-front-scaled.jpeg","datePublished":"2025-07-14T13:12:10+00:00","dateModified":"2026-04-01T07:19:45+00:00","description":"Professionaalne A4 mustvalge seade Sharp MX-B468F. Kiire skannimine, sisseehitatud turvafunktsioonid ja kompaktne disain. Ideaalne n\u00f5udlikule \u00e4rikasutajale.","breadcrumb":{"@id":"https:\/\/rtt.ee\/ru\/toode\/koopiamasinad-ru\/a4-printer-skanner-koopiamasinad-ru\/sharp-mx-b468f-multifunktsionaalne-must-laserprinter\/#breadcrumb"},"inLanguage":"ru-RU","potentialAction":[{"@type":"ReadAction","target":["https:\/\/rtt.ee\/ru\/toode\/koopiamasinad-ru\/a4-printer-skanner-koopiamasinad-ru\/sharp-mx-b468f-multifunktsionaalne-must-laserprinter\/"]}]},{"@type":"ImageObject","inLanguage":"ru-RU","@id":"https:\/\/rtt.ee\/ru\/toode\/koopiamasinad-ru\/a4-printer-skanner-koopiamasinad-ru\/sharp-mx-b468f-multifunktsionaalne-must-laserprinter\/#primaryimage","url":"https:\/\/rtt.ee\/wp-content\/uploads\/2025\/07\/img-p-mx-b468f-cs32-front-scaled.jpeg","contentUrl":"https:\/\/rtt.ee\/wp-content\/uploads\/2025\/07\/img-p-mx-b468f-cs32-front-scaled.jpeg","width":1884,"height":2560},{"@type":"BreadcrumbList","@id":"https:\/\/rtt.ee\/ru\/toode\/koopiamasinad-ru\/a4-printer-skanner-koopiamasinad-ru\/sharp-mx-b468f-multifunktsionaalne-must-laserprinter\/#breadcrumb","itemListElement":[{"@type":"ListItem","position":1,"name":"\u0413\u043b\u0430\u0432\u043d\u0430\u044f","item":"https:\/\/rtt.ee\/ru\/"},{"@type":"ListItem","position":2,"name":"Magazin","item":"https:\/\/rtt.ee\/ru\/pood\/"},{"@type":"ListItem","position":3,"name":"Koopiamasinad","item":"https:\/\/rtt.ee\/tootekategooria\/koopiamasinad\/"},{"@type":"ListItem","position":4,"name":"A4 Printer-Sk\u00e4nner-Koopiamasinad","item":"https:\/\/rtt.ee\/tootekategooria\/koopiamasinad\/a4-printer-skanner-koopiamasinad\/"},{"@type":"ListItem","position":5,"name":"SHARP MX-B468F multifunktsionaalne A4 must-laserprinter"}]},{"@type":"WebSite","@id":"https:\/\/rtt.ee\/en\/#website","url":"https:\/\/rtt.ee\/en\/","name":"RTT","description":"Kassaaparaadid ja kontorikaubad","potentialAction":[{"@type":"SearchAction","target":{"@type":"EntryPoint","urlTemplate":"https:\/\/rtt.ee\/en\/?s={search_term_string}"},"query-input":{"@type":"PropertyValueSpecification","valueRequired":true,"valueName":"search_term_string"}}],"inLanguage":"ru-RU"}]}},"_links":{"self":[{"href":"https:\/\/rtt.ee\/ru\/wp-json\/wp\/v2\/product\/12519","targetHints":{"allow":["GET"]}}],"collection":[{"href":"https:\/\/rtt.ee\/ru\/wp-json\/wp\/v2\/product"}],"about":[{"href":"https:\/\/rtt.ee\/ru\/wp-json\/wp\/v2\/types\/product"}],"wp:featuredmedia":[{"embeddable":true,"href":"https:\/\/rtt.ee\/ru\/wp-json\/wp\/v2\/media\/12110"}],"wp:attachment":[{"href":"https:\/\/rtt.ee\/ru\/wp-json\/wp\/v2\/media?parent=12519"}],"wp:term":[{"taxonomy":"product_brand","embeddable":true,"href":"https:\/\/rtt.ee\/ru\/wp-json\/wp\/v2\/product_brand?post=12519"},{"taxonomy":"product_cat","embeddable":true,"href":"https:\/\/rtt.ee\/ru\/wp-json\/wp\/v2\/product_cat?post=12519"},{"taxonomy":"product_tag","embeddable":true,"href":"https:\/\/rtt.ee\/ru\/wp-json\/wp\/v2\/product_tag?post=12519"}],"curies":[{"name":"wp","href":"https:\/\/api.w.org\/{rel}","templated":true}]}}