{"id":12506,"date":"2025-07-21T11:55:06","date_gmt":"2025-07-21T08:55:06","guid":{"rendered":"https:\/\/rtt.ee\/toode\/uncategorized\/sharp-bp-c542wd-a4-varvi-koopiamasin\/"},"modified":"2026-03-31T01:00:04","modified_gmt":"2026-03-30T22:00:04","slug":"sharp-bp-c542wd-a4-varvi-koopiamasin","status":"publish","type":"product","link":"https:\/\/rtt.ee\/ru\/toode\/koopiamasinad-ru\/a4-printer-skanner-koopiamasinad-ru\/sharp-bp-c542wd-a4-varvi-koopiamasin\/","title":{"rendered":"SHARP BP-C542WD A4 v\u00e4rvi-koopiamasin"},"content":{"rendered":"<p>P\u00f5hifunktsioonid: printimine, kopeerimine, skaneerimine, faksimine, failihaldus<\/p>\n<p>Printimiskiirus: 42 lehek\u00fclge minutis mustvalgel ja v\u00e4rviliselt<\/p>\n<p>Paberimaht: standardne 550 lehte, maksimaalselt kuni 2,350 lehte<\/p>\n<p>Kiire skaneerimine: kuni 130 lehek\u00fclge minutis<\/p>\n<p>7-tolline puutejuhtimise ekraan<\/p>\n<p>Sisseehitatud Microsoft\u00ae Teams \u00fchenduvus v\u00f5imaldab otse ja turvaliselt printida v\u00f5i skaneerida Teamsi kanalitesse<\/p>\n<p>\u00dchenduvus mobiilseadmetega: WiFi, AirPrint, Bluetooth, NFC ja QR-kood<\/p>\n<p>Tippklassi s\u00fcsteemi- ja andmekaitse: BIOS-p\u00f5hine turvalisus, valikuline pahavarakaitse ning standardne Trusted Platform Module tagavad konfidentsiaalse teabe kaitse<\/p>\n<p>Lisainfo:<\/p>\n<div class=\"iYB33c\">\n<div class=\"dlJLJe\">\n<div data-cviv=\"false\" data-ved=\"2ahUKEwjJ7fe8qNDxAhWBi8MKHaRDAzAQz_AEMAB6BAgCEA8\">\n<div class=\"U9URNb\">\n<div id=\"tw-container\" class=\"YQaNob\" data-cp=\"1\" data-is-ver=\"false\" data-nnttsvi=\"1\" data-sm=\"1\" data-sugg-time=\"500\" data-sugg-url=\"https:\/\/clients1.google.com\/complete\/search\" data-uilc=\"et\">\n<div id=\"tw-ob\" class=\"tw-src-ltr\">\n<div class=\"oSioSc\">\n<div id=\"tw-target\">\n<div id=\"kAz1tf\" class=\"g9WsWb\">\n<div id=\"tw-target-text-container\" class=\"tw-ta-container F0azHf tw-nfl\">\n<div id=\"tw-container\" class=\"YQaNob\" data-cp=\"1\" data-is-ver=\"false\" data-nnttsvi=\"1\" data-sm=\"1\" data-sugg-time=\"500\" data-sugg-url=\"https:\/\/clients1.google.com\/complete\/search\" data-uilc=\"et\">\n<div id=\"tw-ob\" class=\"tw-src-ltr\">\n<div class=\"oSioSc\">\n<p>Tel: +372 6 112 256<br \/>\nGSM: +372 5 014 470<\/p>\n<\/div>\n<\/div>\n<\/div>\n<\/div>\n<\/div>\n<\/div>\n<\/div>\n<\/div>\n<\/div>\n<\/div>\n<\/div>\n<\/div>\n<\/div>\n","protected":false},"excerpt":{"rendered":"<p>P\u00f5hifunktsioonid: printimine, kopeerimine, skaneerimine, faksimine, failihaldus Printimiskiirus: 42 lehek\u00fclge minutis mustvalgel ja v\u00e4rviliselt Paberimaht: standardne 550 lehte, maksimaalselt kuni 2,350 lehte Kiire skaneerimine: kuni 130 lehek\u00fclge minutis 7-tolline puutejuhtimise ekraan Sisseehitatud Microsoft\u00ae Teams \u00fchenduvus v\u00f5imaldab otse ja turvaliselt printida v\u00f5i skaneerida Teamsi kanalitesse \u00dchenduvus mobiilseadmetega: WiFi, AirPrint, Bluetooth, NFC ja QR-kood Tippklassi s\u00fcsteemi- ja andmekaitse: [&hellip;]<\/p>\n","protected":false},"featured_media":12270,"template":"","meta":{"_acf_changed":false},"product_brand":[],"product_cat":[233,236],"product_tag":[],"class_list":{"0":"post-12506","1":"product","2":"type-product","3":"status-publish","4":"has-post-thumbnail","6":"product_cat-koopiamasinad-ru","7":"product_cat-a4-printer-skanner-koopiamasinad-ru","8":"product_brands-sharp-ru","10":"first","11":"onbackorder","12":"taxable","13":"shipping-taxable","14":"purchasable","15":"product-type-simple"},"acf":[],"yoast_head":"<!-- This site is optimized with the Yoast SEO plugin v26.2 - https:\/\/yoast.com\/wordpress\/plugins\/seo\/ -->\n<title>SHARP BP-C542WD A4 v\u00e4rvi-koopiamasin - RTT<\/title>\n<meta name=\"robots\" content=\"index, follow, max-snippet:-1, max-image-preview:large, max-video-preview:-1\" \/>\n<link rel=\"canonical\" href=\"https:\/\/rtt.ee\/ru\/toode\/koopiamasinad-ru\/a4-printer-skanner-koopiamasinad-ru\/sharp-bp-c542wd-a4-varvi-koopiamasin\/\" \/>\n<meta property=\"og:locale\" content=\"ru_RU\" \/>\n<meta property=\"og:type\" content=\"article\" \/>\n<meta property=\"og:title\" content=\"SHARP BP-C542WD A4 v\u00e4rvi-koopiamasin - RTT\" \/>\n<meta property=\"og:description\" content=\"P\u00f5hifunktsioonid: printimine, kopeerimine, skaneerimine, faksimine, failihaldus Printimiskiirus: 42 lehek\u00fclge minutis mustvalgel ja v\u00e4rviliselt Paberimaht: standardne 550 lehte, maksimaalselt kuni 2,350 lehte Kiire skaneerimine: kuni 130 lehek\u00fclge minutis 7-tolline puutejuhtimise ekraan Sisseehitatud Microsoft\u00ae Teams \u00fchenduvus v\u00f5imaldab otse ja turvaliselt printida v\u00f5i skaneerida Teamsi kanalitesse \u00dchenduvus mobiilseadmetega: WiFi, AirPrint, Bluetooth, NFC ja QR-kood Tippklassi s\u00fcsteemi- ja andmekaitse: [&hellip;]\" \/>\n<meta property=\"og:url\" content=\"https:\/\/rtt.ee\/ru\/toode\/koopiamasinad-ru\/a4-printer-skanner-koopiamasinad-ru\/sharp-bp-c542wd-a4-varvi-koopiamasin\/\" \/>\n<meta property=\"og:site_name\" content=\"RTT\" \/>\n<meta property=\"article:modified_time\" content=\"2026-03-30T22:00:04+00:00\" \/>\n<meta property=\"og:image\" content=\"https:\/\/rtt.ee\/wp-content\/uploads\/2025\/07\/img-p-03-proimg-bp-c542wd-png-ds15-front-1.png\" \/>\n\t<meta property=\"og:image:width\" content=\"459\" \/>\n\t<meta property=\"og:image:height\" content=\"654\" \/>\n\t<meta property=\"og:image:type\" content=\"image\/png\" \/>\n<meta name=\"twitter:card\" content=\"summary_large_image\" \/>\n<meta name=\"twitter:label1\" content=\"\u041f\u0440\u0438\u043c\u0435\u0440\u043d\u043e\u0435 \u0432\u0440\u0435\u043c\u044f \u0434\u043b\u044f \u0447\u0442\u0435\u043d\u0438\u044f\" \/>\n\t<meta name=\"twitter:data1\" content=\"2 \u043c\u0438\u043d\u0443\u0442\u044b\" \/>\n<script type=\"application\/ld+json\" class=\"yoast-schema-graph\">{\"@context\":\"https:\/\/schema.org\",\"@graph\":[{\"@type\":\"WebPage\",\"@id\":\"https:\/\/rtt.ee\/ru\/toode\/koopiamasinad-ru\/a4-printer-skanner-koopiamasinad-ru\/sharp-bp-c542wd-a4-varvi-koopiamasin\/\",\"url\":\"https:\/\/rtt.ee\/ru\/toode\/koopiamasinad-ru\/a4-printer-skanner-koopiamasinad-ru\/sharp-bp-c542wd-a4-varvi-koopiamasin\/\",\"name\":\"SHARP BP-C542WD A4 v\u00e4rvi-koopiamasin - RTT\",\"isPartOf\":{\"@id\":\"https:\/\/rtt.ee\/en\/#website\"},\"primaryImageOfPage\":{\"@id\":\"https:\/\/rtt.ee\/ru\/toode\/koopiamasinad-ru\/a4-printer-skanner-koopiamasinad-ru\/sharp-bp-c542wd-a4-varvi-koopiamasin\/#primaryimage\"},\"image\":{\"@id\":\"https:\/\/rtt.ee\/ru\/toode\/koopiamasinad-ru\/a4-printer-skanner-koopiamasinad-ru\/sharp-bp-c542wd-a4-varvi-koopiamasin\/#primaryimage\"},\"thumbnailUrl\":\"https:\/\/rtt.ee\/wp-content\/uploads\/2025\/07\/img-p-03-proimg-bp-c542wd-png-ds15-front-1.png\",\"datePublished\":\"2025-07-21T08:55:06+00:00\",\"dateModified\":\"2026-03-30T22:00:04+00:00\",\"breadcrumb\":{\"@id\":\"https:\/\/rtt.ee\/ru\/toode\/koopiamasinad-ru\/a4-printer-skanner-koopiamasinad-ru\/sharp-bp-c542wd-a4-varvi-koopiamasin\/#breadcrumb\"},\"inLanguage\":\"ru-RU\",\"potentialAction\":[{\"@type\":\"ReadAction\",\"target\":[\"https:\/\/rtt.ee\/ru\/toode\/koopiamasinad-ru\/a4-printer-skanner-koopiamasinad-ru\/sharp-bp-c542wd-a4-varvi-koopiamasin\/\"]}]},{\"@type\":\"ImageObject\",\"inLanguage\":\"ru-RU\",\"@id\":\"https:\/\/rtt.ee\/ru\/toode\/koopiamasinad-ru\/a4-printer-skanner-koopiamasinad-ru\/sharp-bp-c542wd-a4-varvi-koopiamasin\/#primaryimage\",\"url\":\"https:\/\/rtt.ee\/wp-content\/uploads\/2025\/07\/img-p-03-proimg-bp-c542wd-png-ds15-front-1.png\",\"contentUrl\":\"https:\/\/rtt.ee\/wp-content\/uploads\/2025\/07\/img-p-03-proimg-bp-c542wd-png-ds15-front-1.png\",\"width\":459,\"height\":654,\"caption\":\"bp-c542wd\"},{\"@type\":\"BreadcrumbList\",\"@id\":\"https:\/\/rtt.ee\/ru\/toode\/koopiamasinad-ru\/a4-printer-skanner-koopiamasinad-ru\/sharp-bp-c542wd-a4-varvi-koopiamasin\/#breadcrumb\",\"itemListElement\":[{\"@type\":\"ListItem\",\"position\":1,\"name\":\"\u0413\u043b\u0430\u0432\u043d\u0430\u044f\",\"item\":\"https:\/\/rtt.ee\/ru\/\"},{\"@type\":\"ListItem\",\"position\":2,\"name\":\"Magazin\",\"item\":\"https:\/\/rtt.ee\/ru\/pood\/\"},{\"@type\":\"ListItem\",\"position\":3,\"name\":\"\u041a\u043e\u043f\u0438\u0440\u043e\u0432\u0430\u043b\u044c\u043d\u044b\u0435 \u0430\u043f\u043f\u0430\u0440\u0430\u0442\u044b\",\"item\":\"https:\/\/rtt.ee\/ru\/tootekategooria\/koopiamasinad-ru\/\"},{\"@type\":\"ListItem\",\"position\":4,\"name\":\"A4 Printer-Sk\u00e4nner-Koopiamasinad\",\"item\":\"https:\/\/rtt.ee\/tootekategooria\/koopiamasinad\/a4-printer-skanner-koopiamasinad\/\"},{\"@type\":\"ListItem\",\"position\":5,\"name\":\"SHARP BP-C542WD A4 v\u00e4rvi-koopiamasin\"}]},{\"@type\":\"WebSite\",\"@id\":\"https:\/\/rtt.ee\/en\/#website\",\"url\":\"https:\/\/rtt.ee\/en\/\",\"name\":\"RTT\",\"description\":\"Kassaaparaadid ja kontorikaubad\",\"potentialAction\":[{\"@type\":\"SearchAction\",\"target\":{\"@type\":\"EntryPoint\",\"urlTemplate\":\"https:\/\/rtt.ee\/en\/?s={search_term_string}\"},\"query-input\":{\"@type\":\"PropertyValueSpecification\",\"valueRequired\":true,\"valueName\":\"search_term_string\"}}],\"inLanguage\":\"ru-RU\"}]}<\/script>\n<!-- \/ Yoast SEO plugin. -->","yoast_head_json":{"title":"SHARP BP-C542WD A4 v\u00e4rvi-koopiamasin - RTT","robots":{"index":"index","follow":"follow","max-snippet":"max-snippet:-1","max-image-preview":"max-image-preview:large","max-video-preview":"max-video-preview:-1"},"canonical":"https:\/\/rtt.ee\/ru\/toode\/koopiamasinad-ru\/a4-printer-skanner-koopiamasinad-ru\/sharp-bp-c542wd-a4-varvi-koopiamasin\/","og_locale":"ru_RU","og_type":"article","og_title":"SHARP BP-C542WD A4 v\u00e4rvi-koopiamasin - RTT","og_description":"P\u00f5hifunktsioonid: printimine, kopeerimine, skaneerimine, faksimine, failihaldus Printimiskiirus: 42 lehek\u00fclge minutis mustvalgel ja v\u00e4rviliselt Paberimaht: standardne 550 lehte, maksimaalselt kuni 2,350 lehte Kiire skaneerimine: kuni 130 lehek\u00fclge minutis 7-tolline puutejuhtimise ekraan Sisseehitatud Microsoft\u00ae Teams \u00fchenduvus v\u00f5imaldab otse ja turvaliselt printida v\u00f5i skaneerida Teamsi kanalitesse \u00dchenduvus mobiilseadmetega: WiFi, AirPrint, Bluetooth, NFC ja QR-kood Tippklassi s\u00fcsteemi- ja andmekaitse: [&hellip;]","og_url":"https:\/\/rtt.ee\/ru\/toode\/koopiamasinad-ru\/a4-printer-skanner-koopiamasinad-ru\/sharp-bp-c542wd-a4-varvi-koopiamasin\/","og_site_name":"RTT","article_modified_time":"2026-03-30T22:00:04+00:00","og_image":[{"width":459,"height":654,"url":"https:\/\/rtt.ee\/wp-content\/uploads\/2025\/07\/img-p-03-proimg-bp-c542wd-png-ds15-front-1.png","type":"image\/png"}],"twitter_card":"summary_large_image","twitter_misc":{"\u041f\u0440\u0438\u043c\u0435\u0440\u043d\u043e\u0435 \u0432\u0440\u0435\u043c\u044f \u0434\u043b\u044f \u0447\u0442\u0435\u043d\u0438\u044f":"2 \u043c\u0438\u043d\u0443\u0442\u044b"},"schema":{"@context":"https:\/\/schema.org","@graph":[{"@type":"WebPage","@id":"https:\/\/rtt.ee\/ru\/toode\/koopiamasinad-ru\/a4-printer-skanner-koopiamasinad-ru\/sharp-bp-c542wd-a4-varvi-koopiamasin\/","url":"https:\/\/rtt.ee\/ru\/toode\/koopiamasinad-ru\/a4-printer-skanner-koopiamasinad-ru\/sharp-bp-c542wd-a4-varvi-koopiamasin\/","name":"SHARP BP-C542WD A4 v\u00e4rvi-koopiamasin - RTT","isPartOf":{"@id":"https:\/\/rtt.ee\/en\/#website"},"primaryImageOfPage":{"@id":"https:\/\/rtt.ee\/ru\/toode\/koopiamasinad-ru\/a4-printer-skanner-koopiamasinad-ru\/sharp-bp-c542wd-a4-varvi-koopiamasin\/#primaryimage"},"image":{"@id":"https:\/\/rtt.ee\/ru\/toode\/koopiamasinad-ru\/a4-printer-skanner-koopiamasinad-ru\/sharp-bp-c542wd-a4-varvi-koopiamasin\/#primaryimage"},"thumbnailUrl":"https:\/\/rtt.ee\/wp-content\/uploads\/2025\/07\/img-p-03-proimg-bp-c542wd-png-ds15-front-1.png","datePublished":"2025-07-21T08:55:06+00:00","dateModified":"2026-03-30T22:00:04+00:00","breadcrumb":{"@id":"https:\/\/rtt.ee\/ru\/toode\/koopiamasinad-ru\/a4-printer-skanner-koopiamasinad-ru\/sharp-bp-c542wd-a4-varvi-koopiamasin\/#breadcrumb"},"inLanguage":"ru-RU","potentialAction":[{"@type":"ReadAction","target":["https:\/\/rtt.ee\/ru\/toode\/koopiamasinad-ru\/a4-printer-skanner-koopiamasinad-ru\/sharp-bp-c542wd-a4-varvi-koopiamasin\/"]}]},{"@type":"ImageObject","inLanguage":"ru-RU","@id":"https:\/\/rtt.ee\/ru\/toode\/koopiamasinad-ru\/a4-printer-skanner-koopiamasinad-ru\/sharp-bp-c542wd-a4-varvi-koopiamasin\/#primaryimage","url":"https:\/\/rtt.ee\/wp-content\/uploads\/2025\/07\/img-p-03-proimg-bp-c542wd-png-ds15-front-1.png","contentUrl":"https:\/\/rtt.ee\/wp-content\/uploads\/2025\/07\/img-p-03-proimg-bp-c542wd-png-ds15-front-1.png","width":459,"height":654,"caption":"bp-c542wd"},{"@type":"BreadcrumbList","@id":"https:\/\/rtt.ee\/ru\/toode\/koopiamasinad-ru\/a4-printer-skanner-koopiamasinad-ru\/sharp-bp-c542wd-a4-varvi-koopiamasin\/#breadcrumb","itemListElement":[{"@type":"ListItem","position":1,"name":"\u0413\u043b\u0430\u0432\u043d\u0430\u044f","item":"https:\/\/rtt.ee\/ru\/"},{"@type":"ListItem","position":2,"name":"Magazin","item":"https:\/\/rtt.ee\/ru\/pood\/"},{"@type":"ListItem","position":3,"name":"\u041a\u043e\u043f\u0438\u0440\u043e\u0432\u0430\u043b\u044c\u043d\u044b\u0435 \u0430\u043f\u043f\u0430\u0440\u0430\u0442\u044b","item":"https:\/\/rtt.ee\/ru\/tootekategooria\/koopiamasinad-ru\/"},{"@type":"ListItem","position":4,"name":"A4 Printer-Sk\u00e4nner-Koopiamasinad","item":"https:\/\/rtt.ee\/tootekategooria\/koopiamasinad\/a4-printer-skanner-koopiamasinad\/"},{"@type":"ListItem","position":5,"name":"SHARP BP-C542WD A4 v\u00e4rvi-koopiamasin"}]},{"@type":"WebSite","@id":"https:\/\/rtt.ee\/en\/#website","url":"https:\/\/rtt.ee\/en\/","name":"RTT","description":"Kassaaparaadid ja kontorikaubad","potentialAction":[{"@type":"SearchAction","target":{"@type":"EntryPoint","urlTemplate":"https:\/\/rtt.ee\/en\/?s={search_term_string}"},"query-input":{"@type":"PropertyValueSpecification","valueRequired":true,"valueName":"search_term_string"}}],"inLanguage":"ru-RU"}]}},"_links":{"self":[{"href":"https:\/\/rtt.ee\/ru\/wp-json\/wp\/v2\/product\/12506","targetHints":{"allow":["GET"]}}],"collection":[{"href":"https:\/\/rtt.ee\/ru\/wp-json\/wp\/v2\/product"}],"about":[{"href":"https:\/\/rtt.ee\/ru\/wp-json\/wp\/v2\/types\/product"}],"wp:featuredmedia":[{"embeddable":true,"href":"https:\/\/rtt.ee\/ru\/wp-json\/wp\/v2\/media\/12270"}],"wp:attachment":[{"href":"https:\/\/rtt.ee\/ru\/wp-json\/wp\/v2\/media?parent=12506"}],"wp:term":[{"taxonomy":"product_brand","embeddable":true,"href":"https:\/\/rtt.ee\/ru\/wp-json\/wp\/v2\/product_brand?post=12506"},{"taxonomy":"product_cat","embeddable":true,"href":"https:\/\/rtt.ee\/ru\/wp-json\/wp\/v2\/product_cat?post=12506"},{"taxonomy":"product_tag","embeddable":true,"href":"https:\/\/rtt.ee\/ru\/wp-json\/wp\/v2\/product_tag?post=12506"}],"curies":[{"name":"wp","href":"https:\/\/api.w.org\/{rel}","templated":true}]}}