{"id":12421,"date":"2023-12-15T14:51:23","date_gmt":"2023-12-15T12:51:23","guid":{"rendered":"https:\/\/rtt.ee\/toode\/uncategorized\/kasiterminal-zebra-tc22-se4710\/"},"modified":"2026-04-10T11:18:45","modified_gmt":"2026-04-10T08:18:45","slug":"kasiterminal-zebra-tc22-se4710","status":"publish","type":"product","link":"https:\/\/rtt.ee\/ru\/toode\/mobiilsed-arvutid-ru\/kasiterminalid-ru\/kasiterminal-zebra-tc22-se4710\/","title":{"rendered":"K\u00e4siterminal Zebra TC22 standard sk\u00e4nneriga SE4710"},"content":{"rendered":"","protected":false},"excerpt":{"rendered":"","protected":false},"featured_media":10428,"template":"","meta":{"_acf_changed":false},"product_brand":[408],"product_cat":[252,254],"product_tag":[304],"class_list":{"0":"post-12421","1":"product","2":"type-product","3":"status-publish","4":"has-post-thumbnail","6":"product_brand-zebra","7":"product_cat-mobiilsed-arvutid-ru","8":"product_cat-kasiterminalid-ru","9":"product_tag-uus-ru","10":"product_brands-zebra-ru","12":"first","13":"onbackorder","14":"taxable","15":"shipping-taxable","16":"purchasable","17":"product-type-simple"},"acf":[],"yoast_head":"<!-- This site is optimized with the Yoast SEO plugin v26.2 - https:\/\/yoast.com\/wordpress\/plugins\/seo\/ -->\n<title>K\u00e4siterminal Zebra TC22 standard sk\u00e4nneriga SE4710 - RTT<\/title>\n<meta name=\"description\" content=\"Zebra TC22 \u00fchendab endas nutitelefoni kasutusmugavuse ja t\u00f6\u00f6stusliku vastupidavuse. Parim valik logistikasse ja klienditeenindusse\" \/>\n<meta name=\"robots\" content=\"index, follow, max-snippet:-1, max-image-preview:large, max-video-preview:-1\" \/>\n<link rel=\"canonical\" href=\"https:\/\/rtt.ee\/toode\/mobiilsed-arvutid\/kasiterminalid\/kasiterminal-zebra-tc22-se4710\/\" \/>\n<meta property=\"og:locale\" content=\"ru_RU\" \/>\n<meta property=\"og:type\" content=\"article\" \/>\n<meta property=\"og:title\" content=\"K\u00e4siterminal Zebra TC22 standard sk\u00e4nneriga SE4710 - RTT\" \/>\n<meta property=\"og:description\" content=\"Zebra TC22 \u00fchendab endas nutitelefoni kasutusmugavuse ja t\u00f6\u00f6stusliku vastupidavuse. Parim valik logistikasse ja klienditeenindusse\" \/>\n<meta property=\"og:url\" content=\"https:\/\/rtt.ee\/toode\/mobiilsed-arvutid\/kasiterminalid\/kasiterminal-zebra-tc22-se4710\/\" \/>\n<meta property=\"og:site_name\" content=\"RTT\" \/>\n<meta property=\"article:modified_time\" content=\"2026-04-10T08:18:45+00:00\" \/>\n<meta property=\"og:image\" content=\"https:\/\/rtt.ee\/wp-content\/uploads\/2023\/12\/pic_TC22.jpg\" \/>\n\t<meta property=\"og:image:width\" content=\"1444\" \/>\n\t<meta property=\"og:image:height\" content=\"2152\" \/>\n\t<meta property=\"og:image:type\" content=\"image\/jpeg\" \/>\n<meta name=\"twitter:card\" content=\"summary_large_image\" \/>\n<script type=\"application\/ld+json\" class=\"yoast-schema-graph\">{\"@context\":\"https:\/\/schema.org\",\"@graph\":[{\"@type\":\"WebPage\",\"@id\":\"https:\/\/rtt.ee\/toode\/mobiilsed-arvutid\/kasiterminalid\/kasiterminal-zebra-tc22-se4710\/\",\"url\":\"https:\/\/rtt.ee\/toode\/mobiilsed-arvutid\/kasiterminalid\/kasiterminal-zebra-tc22-se4710\/\",\"name\":\"K\u00e4siterminal Zebra TC22 standard sk\u00e4nneriga SE4710 - RTT\",\"isPartOf\":{\"@id\":\"https:\/\/rtt.ee\/en\/#website\"},\"primaryImageOfPage\":{\"@id\":\"https:\/\/rtt.ee\/toode\/mobiilsed-arvutid\/kasiterminalid\/kasiterminal-zebra-tc22-se4710\/#primaryimage\"},\"image\":{\"@id\":\"https:\/\/rtt.ee\/toode\/mobiilsed-arvutid\/kasiterminalid\/kasiterminal-zebra-tc22-se4710\/#primaryimage\"},\"thumbnailUrl\":\"https:\/\/rtt.ee\/wp-content\/uploads\/2023\/12\/pic_TC22.jpg\",\"datePublished\":\"2023-12-15T12:51:23+00:00\",\"dateModified\":\"2026-04-10T08:18:45+00:00\",\"description\":\"Zebra TC22 \u00fchendab endas nutitelefoni kasutusmugavuse ja t\u00f6\u00f6stusliku vastupidavuse. Parim valik logistikasse ja klienditeenindusse\",\"breadcrumb\":{\"@id\":\"https:\/\/rtt.ee\/toode\/mobiilsed-arvutid\/kasiterminalid\/kasiterminal-zebra-tc22-se4710\/#breadcrumb\"},\"inLanguage\":\"ru-RU\",\"potentialAction\":[{\"@type\":\"ReadAction\",\"target\":[\"https:\/\/rtt.ee\/toode\/mobiilsed-arvutid\/kasiterminalid\/kasiterminal-zebra-tc22-se4710\/\"]}]},{\"@type\":\"ImageObject\",\"inLanguage\":\"ru-RU\",\"@id\":\"https:\/\/rtt.ee\/toode\/mobiilsed-arvutid\/kasiterminalid\/kasiterminal-zebra-tc22-se4710\/#primaryimage\",\"url\":\"https:\/\/rtt.ee\/wp-content\/uploads\/2023\/12\/pic_TC22.jpg\",\"contentUrl\":\"https:\/\/rtt.ee\/wp-content\/uploads\/2023\/12\/pic_TC22.jpg\",\"width\":1444,\"height\":2152,\"caption\":\"Zebra TC22 k\u00e4siterminal\"},{\"@type\":\"BreadcrumbList\",\"@id\":\"https:\/\/rtt.ee\/toode\/mobiilsed-arvutid\/kasiterminalid\/kasiterminal-zebra-tc22-se4710\/#breadcrumb\",\"itemListElement\":[{\"@type\":\"ListItem\",\"position\":1,\"name\":\"\u0413\u043b\u0430\u0432\u043d\u0430\u044f\",\"item\":\"https:\/\/rtt.ee\/ru\/\"},{\"@type\":\"ListItem\",\"position\":2,\"name\":\"Magazin\",\"item\":\"https:\/\/rtt.ee\/ru\/pood\/\"},{\"@type\":\"ListItem\",\"position\":3,\"name\":\"Mobiilsed arvutid\",\"item\":\"https:\/\/rtt.ee\/tootekategooria\/mobiilsed-arvutid\/\"},{\"@type\":\"ListItem\",\"position\":4,\"name\":\"K\u00e4siterminalid\",\"item\":\"https:\/\/rtt.ee\/tootekategooria\/mobiilsed-arvutid\/kasiterminalid\/\"},{\"@type\":\"ListItem\",\"position\":5,\"name\":\"K\u00e4siterminal Zebra TC22 standard sk\u00e4nneriga SE4710\"}]},{\"@type\":\"WebSite\",\"@id\":\"https:\/\/rtt.ee\/en\/#website\",\"url\":\"https:\/\/rtt.ee\/en\/\",\"name\":\"RTT\",\"description\":\"Kassaaparaadid ja kontorikaubad\",\"potentialAction\":[{\"@type\":\"SearchAction\",\"target\":{\"@type\":\"EntryPoint\",\"urlTemplate\":\"https:\/\/rtt.ee\/en\/?s={search_term_string}\"},\"query-input\":{\"@type\":\"PropertyValueSpecification\",\"valueRequired\":true,\"valueName\":\"search_term_string\"}}],\"inLanguage\":\"ru-RU\"}]}<\/script>\n<!-- \/ Yoast SEO plugin. -->","yoast_head_json":{"title":"K\u00e4siterminal Zebra TC22 standard sk\u00e4nneriga SE4710 - RTT","description":"Zebra TC22 \u00fchendab endas nutitelefoni kasutusmugavuse ja t\u00f6\u00f6stusliku vastupidavuse. Parim valik logistikasse ja klienditeenindusse","robots":{"index":"index","follow":"follow","max-snippet":"max-snippet:-1","max-image-preview":"max-image-preview:large","max-video-preview":"max-video-preview:-1"},"canonical":"https:\/\/rtt.ee\/toode\/mobiilsed-arvutid\/kasiterminalid\/kasiterminal-zebra-tc22-se4710\/","og_locale":"ru_RU","og_type":"article","og_title":"K\u00e4siterminal Zebra TC22 standard sk\u00e4nneriga SE4710 - RTT","og_description":"Zebra TC22 \u00fchendab endas nutitelefoni kasutusmugavuse ja t\u00f6\u00f6stusliku vastupidavuse. Parim valik logistikasse ja klienditeenindusse","og_url":"https:\/\/rtt.ee\/toode\/mobiilsed-arvutid\/kasiterminalid\/kasiterminal-zebra-tc22-se4710\/","og_site_name":"RTT","article_modified_time":"2026-04-10T08:18:45+00:00","og_image":[{"width":1444,"height":2152,"url":"https:\/\/rtt.ee\/wp-content\/uploads\/2023\/12\/pic_TC22.jpg","type":"image\/jpeg"}],"twitter_card":"summary_large_image","schema":{"@context":"https:\/\/schema.org","@graph":[{"@type":"WebPage","@id":"https:\/\/rtt.ee\/toode\/mobiilsed-arvutid\/kasiterminalid\/kasiterminal-zebra-tc22-se4710\/","url":"https:\/\/rtt.ee\/toode\/mobiilsed-arvutid\/kasiterminalid\/kasiterminal-zebra-tc22-se4710\/","name":"K\u00e4siterminal Zebra TC22 standard sk\u00e4nneriga SE4710 - RTT","isPartOf":{"@id":"https:\/\/rtt.ee\/en\/#website"},"primaryImageOfPage":{"@id":"https:\/\/rtt.ee\/toode\/mobiilsed-arvutid\/kasiterminalid\/kasiterminal-zebra-tc22-se4710\/#primaryimage"},"image":{"@id":"https:\/\/rtt.ee\/toode\/mobiilsed-arvutid\/kasiterminalid\/kasiterminal-zebra-tc22-se4710\/#primaryimage"},"thumbnailUrl":"https:\/\/rtt.ee\/wp-content\/uploads\/2023\/12\/pic_TC22.jpg","datePublished":"2023-12-15T12:51:23+00:00","dateModified":"2026-04-10T08:18:45+00:00","description":"Zebra TC22 \u00fchendab endas nutitelefoni kasutusmugavuse ja t\u00f6\u00f6stusliku vastupidavuse. Parim valik logistikasse ja klienditeenindusse","breadcrumb":{"@id":"https:\/\/rtt.ee\/toode\/mobiilsed-arvutid\/kasiterminalid\/kasiterminal-zebra-tc22-se4710\/#breadcrumb"},"inLanguage":"ru-RU","potentialAction":[{"@type":"ReadAction","target":["https:\/\/rtt.ee\/toode\/mobiilsed-arvutid\/kasiterminalid\/kasiterminal-zebra-tc22-se4710\/"]}]},{"@type":"ImageObject","inLanguage":"ru-RU","@id":"https:\/\/rtt.ee\/toode\/mobiilsed-arvutid\/kasiterminalid\/kasiterminal-zebra-tc22-se4710\/#primaryimage","url":"https:\/\/rtt.ee\/wp-content\/uploads\/2023\/12\/pic_TC22.jpg","contentUrl":"https:\/\/rtt.ee\/wp-content\/uploads\/2023\/12\/pic_TC22.jpg","width":1444,"height":2152,"caption":"Zebra TC22 k\u00e4siterminal"},{"@type":"BreadcrumbList","@id":"https:\/\/rtt.ee\/toode\/mobiilsed-arvutid\/kasiterminalid\/kasiterminal-zebra-tc22-se4710\/#breadcrumb","itemListElement":[{"@type":"ListItem","position":1,"name":"\u0413\u043b\u0430\u0432\u043d\u0430\u044f","item":"https:\/\/rtt.ee\/ru\/"},{"@type":"ListItem","position":2,"name":"Magazin","item":"https:\/\/rtt.ee\/ru\/pood\/"},{"@type":"ListItem","position":3,"name":"Mobiilsed arvutid","item":"https:\/\/rtt.ee\/tootekategooria\/mobiilsed-arvutid\/"},{"@type":"ListItem","position":4,"name":"K\u00e4siterminalid","item":"https:\/\/rtt.ee\/tootekategooria\/mobiilsed-arvutid\/kasiterminalid\/"},{"@type":"ListItem","position":5,"name":"K\u00e4siterminal Zebra TC22 standard sk\u00e4nneriga SE4710"}]},{"@type":"WebSite","@id":"https:\/\/rtt.ee\/en\/#website","url":"https:\/\/rtt.ee\/en\/","name":"RTT","description":"Kassaaparaadid ja kontorikaubad","potentialAction":[{"@type":"SearchAction","target":{"@type":"EntryPoint","urlTemplate":"https:\/\/rtt.ee\/en\/?s={search_term_string}"},"query-input":{"@type":"PropertyValueSpecification","valueRequired":true,"valueName":"search_term_string"}}],"inLanguage":"ru-RU"}]}},"_links":{"self":[{"href":"https:\/\/rtt.ee\/ru\/wp-json\/wp\/v2\/product\/12421","targetHints":{"allow":["GET"]}}],"collection":[{"href":"https:\/\/rtt.ee\/ru\/wp-json\/wp\/v2\/product"}],"about":[{"href":"https:\/\/rtt.ee\/ru\/wp-json\/wp\/v2\/types\/product"}],"wp:featuredmedia":[{"embeddable":true,"href":"https:\/\/rtt.ee\/ru\/wp-json\/wp\/v2\/media\/10428"}],"wp:attachment":[{"href":"https:\/\/rtt.ee\/ru\/wp-json\/wp\/v2\/media?parent=12421"}],"wp:term":[{"taxonomy":"product_brand","embeddable":true,"href":"https:\/\/rtt.ee\/ru\/wp-json\/wp\/v2\/product_brand?post=12421"},{"taxonomy":"product_cat","embeddable":true,"href":"https:\/\/rtt.ee\/ru\/wp-json\/wp\/v2\/product_cat?post=12421"},{"taxonomy":"product_tag","embeddable":true,"href":"https:\/\/rtt.ee\/ru\/wp-json\/wp\/v2\/product_tag?post=12421"}],"curies":[{"name":"wp","href":"https:\/\/api.w.org\/{rel}","templated":true}]}}