{"id":10903,"date":"2024-06-12T09:52:55","date_gmt":"2024-06-12T06:52:55","guid":{"rendered":"https:\/\/rtt.ee\/?post_type=product&#038;p=10903"},"modified":"2026-03-17T14:11:10","modified_gmt":"2026-03-17T12:11:10","slug":"evolis-avansia","status":"publish","type":"product","link":"https:\/\/rtt.ee\/ru\/toode\/printerid-ru\/kaardiprinter-ru\/evolis-avansia\/","title":{"rendered":"Kaardiprinter Evolis Avansia"},"content":{"rendered":"<p>Kahepoolne tr\u00fckk<\/p>\n<p>Printimiskiirus: kuni 144 kaarti\/ h (\u00fchepoolne)<\/p>\n<p>kuni 96 kaarti\/h (kahepoolne)<\/p>\n<p>Koguja mahutavus: 250 kaarti<\/p>\n<p>S\u00f6\u00f6turi mahutavus: 250 kaarti<\/p>\n<p>Printeri pea 600 dpi (24 punkti\/mm)<\/p>\n<p>USB \u00fchendus, LAN<\/p>\n<p><a href=\"https:\/\/www.evolis.com\/solutions\/card-printers\/avansia-card-printer\/\">Tehniline kirjeldus inglise keeles<\/a><\/p>\n","protected":false},"excerpt":{"rendered":"<p>Kahepoolne tr\u00fckk Printimiskiirus: kuni 144 kaarti\/ h (\u00fchepoolne) kuni 96 kaarti\/h (kahepoolne) Koguja mahutavus: 250 kaarti S\u00f6\u00f6turi mahutavus: 250 kaarti Printeri pea 600 dpi (24 punkti\/mm) USB \u00fchendus, LAN Tehniline kirjeldus inglise keeles<\/p>\n","protected":false},"featured_media":10912,"template":"","meta":{"_acf_changed":false},"product_brand":[410],"product_cat":[262],"product_tag":[372],"class_list":{"0":"post-10903","1":"product","2":"type-product","3":"status-publish","4":"has-post-thumbnail","6":"product_brand-evolis","7":"product_cat-kaardiprinter-ru","8":"product_tag-evolis-ru","9":"product_brands-evolis-ru","11":"first","12":"onbackorder","13":"taxable","14":"shipping-taxable","15":"product-type-simple"},"acf":[],"yoast_head":"<!-- This site is optimized with the Yoast SEO plugin v26.2 - https:\/\/yoast.com\/wordpress\/plugins\/seo\/ -->\n<title>Kaardiprinter Evolis Avansia - T\u00e4ielik lahendus professionaalseks kaarditr\u00fckiks<\/title>\n<meta name=\"description\" content=\"Evolis Avansia on k\u00f5rge kvaliteediga retransfer-kaardiprinter, mis suudab tr\u00fckkida kuni 140 \u00fchepoolset v\u00e4rvikaarti tunnis 600 dpi eraldusv\u00f5imega. See \u00e4\u00e4rmiselt vastupidav seade tagab k\u00f5rgetasemelise turvalisuse ja sellele kehtib 3-aastane garantii.\" \/>\n<meta name=\"robots\" content=\"index, follow, max-snippet:-1, max-image-preview:large, max-video-preview:-1\" \/>\n<link rel=\"canonical\" href=\"https:\/\/rtt.ee\/ru\/toode\/printerid-ru\/kaardiprinter-ru\/evolis-avansia\/\" \/>\n<meta property=\"og:locale\" content=\"ru_RU\" \/>\n<meta property=\"og:type\" content=\"article\" \/>\n<meta property=\"og:title\" content=\"Kaardiprinter Evolis Avansia - T\u00e4ielik lahendus professionaalseks kaarditr\u00fckiks\" \/>\n<meta property=\"og:description\" content=\"Evolis Avansia on k\u00f5rge kvaliteediga retransfer-kaardiprinter, mis suudab tr\u00fckkida kuni 140 \u00fchepoolset v\u00e4rvikaarti tunnis 600 dpi eraldusv\u00f5imega. See \u00e4\u00e4rmiselt vastupidav seade tagab k\u00f5rgetasemelise turvalisuse ja sellele kehtib 3-aastane garantii.\" \/>\n<meta property=\"og:url\" content=\"https:\/\/rtt.ee\/ru\/toode\/printerid-ru\/kaardiprinter-ru\/evolis-avansia\/\" \/>\n<meta property=\"og:site_name\" content=\"RTT\" \/>\n<meta property=\"article:modified_time\" content=\"2026-03-17T12:11:10+00:00\" \/>\n<meta property=\"og:image\" content=\"https:\/\/rtt.ee\/wp-content\/uploads\/2024\/06\/Img3766-scaled.jpg\" \/>\n\t<meta property=\"og:image:width\" content=\"2560\" \/>\n\t<meta property=\"og:image:height\" content=\"2501\" \/>\n\t<meta property=\"og:image:type\" content=\"image\/jpeg\" \/>\n<meta name=\"twitter:card\" content=\"summary_large_image\" \/>\n<script type=\"application\/ld+json\" class=\"yoast-schema-graph\">{\"@context\":\"https:\/\/schema.org\",\"@graph\":[{\"@type\":\"WebPage\",\"@id\":\"https:\/\/rtt.ee\/ru\/toode\/printerid-ru\/kaardiprinter-ru\/evolis-avansia\/\",\"url\":\"https:\/\/rtt.ee\/ru\/toode\/printerid-ru\/kaardiprinter-ru\/evolis-avansia\/\",\"name\":\"Kaardiprinter Evolis Avansia - T\u00e4ielik lahendus professionaalseks kaarditr\u00fckiks\",\"isPartOf\":{\"@id\":\"https:\/\/rtt.ee\/en\/#website\"},\"primaryImageOfPage\":{\"@id\":\"https:\/\/rtt.ee\/ru\/toode\/printerid-ru\/kaardiprinter-ru\/evolis-avansia\/#primaryimage\"},\"image\":{\"@id\":\"https:\/\/rtt.ee\/ru\/toode\/printerid-ru\/kaardiprinter-ru\/evolis-avansia\/#primaryimage\"},\"thumbnailUrl\":\"https:\/\/rtt.ee\/wp-content\/uploads\/2024\/06\/Img3766-scaled.jpg\",\"datePublished\":\"2024-06-12T06:52:55+00:00\",\"dateModified\":\"2026-03-17T12:11:10+00:00\",\"description\":\"Evolis Avansia on k\u00f5rge kvaliteediga retransfer-kaardiprinter, mis suudab tr\u00fckkida kuni 140 \u00fchepoolset v\u00e4rvikaarti tunnis 600 dpi eraldusv\u00f5imega. See \u00e4\u00e4rmiselt vastupidav seade tagab k\u00f5rgetasemelise turvalisuse ja sellele kehtib 3-aastane garantii.\",\"breadcrumb\":{\"@id\":\"https:\/\/rtt.ee\/ru\/toode\/printerid-ru\/kaardiprinter-ru\/evolis-avansia\/#breadcrumb\"},\"inLanguage\":\"ru-RU\",\"potentialAction\":[{\"@type\":\"ReadAction\",\"target\":[\"https:\/\/rtt.ee\/ru\/toode\/printerid-ru\/kaardiprinter-ru\/evolis-avansia\/\"]}]},{\"@type\":\"ImageObject\",\"inLanguage\":\"ru-RU\",\"@id\":\"https:\/\/rtt.ee\/ru\/toode\/printerid-ru\/kaardiprinter-ru\/evolis-avansia\/#primaryimage\",\"url\":\"https:\/\/rtt.ee\/wp-content\/uploads\/2024\/06\/Img3766-scaled.jpg\",\"contentUrl\":\"https:\/\/rtt.ee\/wp-content\/uploads\/2024\/06\/Img3766-scaled.jpg\",\"width\":2560,\"height\":2501,\"caption\":\"APIDENT POUR M\u00c9DIAPILOTE 2013 \u00a9 Photos O.CALVEZ 11 2013 [#Beginning of Shooting Data Section] Nikon D800E 2014\/07\/01 11:18:14.90 Fuseau horaire\/date : UTC, Heure d'\u00e9t\u00e9:D\u00e9sactiv\u00e9e RAW, compression sans perte (12 bits) Taille d'image : L (7360 x 4912), FX Objectif : 24-70mm f\/2.8G Photographe : CALVEZolivier Copyright : OCALVEZ Focale : 70mm Mode d'exposition : Manuel Mesure : Matricielle Vitesse d'obturation : 1\/80s Ouverture : f\/16 Correction expo. : 0IL R\u00e9gl. pr\u00e9cis expo. : Sensibilit\u00e9 : ISO 125 Optimisation image : Balance des blancs : Auto1, 0, 0 Mode mise au point : Manuel (MF) Mode de zone AF : Point s\u00e9lectif R\u00e9glage pr\u00e9cis AF : Activ\u00e9(0) VR : R\u00e9duction du bruit : D\u00e9sactiv\u00e9e R\u00e9duc. bruit ISO : Normale Mode couleur : Espace colorim\u00e9trique : Adobe RVB Correction des tons : R\u00e9glage des teintes : Saturation : Accentuation : D-Lighting actif : D\u00e9sactiv\u00e9 Contr\u00f4le du vignetage : Normal Contr\u00f4le auto de la distorsion : D\u00e9sactiv\u00e9 Picture Control : [NL] Neutre Fond\u00e9 sur : [NL] Neutre R\u00e9glage rapide : - Accentuation : 0 Contraste : 0 Luminosit\u00e9 : 0 Saturation : 0 Teinte : 0 Effets de filtres : Virage : Sys coord : Nettoyage du capteur d'image : 2014\/05\/17 12:37:06 [#End of Shooting Data Section]\"},{\"@type\":\"BreadcrumbList\",\"@id\":\"https:\/\/rtt.ee\/ru\/toode\/printerid-ru\/kaardiprinter-ru\/evolis-avansia\/#breadcrumb\",\"itemListElement\":[{\"@type\":\"ListItem\",\"position\":1,\"name\":\"\u0413\u043b\u0430\u0432\u043d\u0430\u044f\",\"item\":\"https:\/\/rtt.ee\/ru\/\"},{\"@type\":\"ListItem\",\"position\":2,\"name\":\"Magazin\",\"item\":\"https:\/\/rtt.ee\/ru\/pood\/\"},{\"@type\":\"ListItem\",\"position\":3,\"name\":\"Printerid\",\"item\":\"https:\/\/rtt.ee\/tootekategooria\/printerid\/\"},{\"@type\":\"ListItem\",\"position\":4,\"name\":\"Kaardiprinter\",\"item\":\"https:\/\/rtt.ee\/tootekategooria\/printerid\/kaardiprinter\/\"},{\"@type\":\"ListItem\",\"position\":5,\"name\":\"Kaardiprinter Evolis Avansia\"}]},{\"@type\":\"WebSite\",\"@id\":\"https:\/\/rtt.ee\/en\/#website\",\"url\":\"https:\/\/rtt.ee\/en\/\",\"name\":\"RTT\",\"description\":\"Kassaaparaadid ja kontorikaubad\",\"potentialAction\":[{\"@type\":\"SearchAction\",\"target\":{\"@type\":\"EntryPoint\",\"urlTemplate\":\"https:\/\/rtt.ee\/en\/?s={search_term_string}\"},\"query-input\":{\"@type\":\"PropertyValueSpecification\",\"valueRequired\":true,\"valueName\":\"search_term_string\"}}],\"inLanguage\":\"ru-RU\"}]}<\/script>\n<!-- \/ Yoast SEO plugin. -->","yoast_head_json":{"title":"Kaardiprinter Evolis Avansia - T\u00e4ielik lahendus professionaalseks kaarditr\u00fckiks","description":"Evolis Avansia on k\u00f5rge kvaliteediga retransfer-kaardiprinter, mis suudab tr\u00fckkida kuni 140 \u00fchepoolset v\u00e4rvikaarti tunnis 600 dpi eraldusv\u00f5imega. See \u00e4\u00e4rmiselt vastupidav seade tagab k\u00f5rgetasemelise turvalisuse ja sellele kehtib 3-aastane garantii.","robots":{"index":"index","follow":"follow","max-snippet":"max-snippet:-1","max-image-preview":"max-image-preview:large","max-video-preview":"max-video-preview:-1"},"canonical":"https:\/\/rtt.ee\/ru\/toode\/printerid-ru\/kaardiprinter-ru\/evolis-avansia\/","og_locale":"ru_RU","og_type":"article","og_title":"Kaardiprinter Evolis Avansia - T\u00e4ielik lahendus professionaalseks kaarditr\u00fckiks","og_description":"Evolis Avansia on k\u00f5rge kvaliteediga retransfer-kaardiprinter, mis suudab tr\u00fckkida kuni 140 \u00fchepoolset v\u00e4rvikaarti tunnis 600 dpi eraldusv\u00f5imega. See \u00e4\u00e4rmiselt vastupidav seade tagab k\u00f5rgetasemelise turvalisuse ja sellele kehtib 3-aastane garantii.","og_url":"https:\/\/rtt.ee\/ru\/toode\/printerid-ru\/kaardiprinter-ru\/evolis-avansia\/","og_site_name":"RTT","article_modified_time":"2026-03-17T12:11:10+00:00","og_image":[{"width":2560,"height":2501,"url":"https:\/\/rtt.ee\/wp-content\/uploads\/2024\/06\/Img3766-scaled.jpg","type":"image\/jpeg"}],"twitter_card":"summary_large_image","schema":{"@context":"https:\/\/schema.org","@graph":[{"@type":"WebPage","@id":"https:\/\/rtt.ee\/ru\/toode\/printerid-ru\/kaardiprinter-ru\/evolis-avansia\/","url":"https:\/\/rtt.ee\/ru\/toode\/printerid-ru\/kaardiprinter-ru\/evolis-avansia\/","name":"Kaardiprinter Evolis Avansia - T\u00e4ielik lahendus professionaalseks kaarditr\u00fckiks","isPartOf":{"@id":"https:\/\/rtt.ee\/en\/#website"},"primaryImageOfPage":{"@id":"https:\/\/rtt.ee\/ru\/toode\/printerid-ru\/kaardiprinter-ru\/evolis-avansia\/#primaryimage"},"image":{"@id":"https:\/\/rtt.ee\/ru\/toode\/printerid-ru\/kaardiprinter-ru\/evolis-avansia\/#primaryimage"},"thumbnailUrl":"https:\/\/rtt.ee\/wp-content\/uploads\/2024\/06\/Img3766-scaled.jpg","datePublished":"2024-06-12T06:52:55+00:00","dateModified":"2026-03-17T12:11:10+00:00","description":"Evolis Avansia on k\u00f5rge kvaliteediga retransfer-kaardiprinter, mis suudab tr\u00fckkida kuni 140 \u00fchepoolset v\u00e4rvikaarti tunnis 600 dpi eraldusv\u00f5imega. See \u00e4\u00e4rmiselt vastupidav seade tagab k\u00f5rgetasemelise turvalisuse ja sellele kehtib 3-aastane garantii.","breadcrumb":{"@id":"https:\/\/rtt.ee\/ru\/toode\/printerid-ru\/kaardiprinter-ru\/evolis-avansia\/#breadcrumb"},"inLanguage":"ru-RU","potentialAction":[{"@type":"ReadAction","target":["https:\/\/rtt.ee\/ru\/toode\/printerid-ru\/kaardiprinter-ru\/evolis-avansia\/"]}]},{"@type":"ImageObject","inLanguage":"ru-RU","@id":"https:\/\/rtt.ee\/ru\/toode\/printerid-ru\/kaardiprinter-ru\/evolis-avansia\/#primaryimage","url":"https:\/\/rtt.ee\/wp-content\/uploads\/2024\/06\/Img3766-scaled.jpg","contentUrl":"https:\/\/rtt.ee\/wp-content\/uploads\/2024\/06\/Img3766-scaled.jpg","width":2560,"height":2501,"caption":"APIDENT POUR M\u00c9DIAPILOTE 2013 \u00a9 Photos O.CALVEZ 11 2013 [#Beginning of Shooting Data Section] Nikon D800E 2014\/07\/01 11:18:14.90 Fuseau horaire\/date : UTC, Heure d'\u00e9t\u00e9:D\u00e9sactiv\u00e9e RAW, compression sans perte (12 bits) Taille d'image : L (7360 x 4912), FX Objectif : 24-70mm f\/2.8G Photographe : CALVEZolivier Copyright : OCALVEZ Focale : 70mm Mode d'exposition : Manuel Mesure : Matricielle Vitesse d'obturation : 1\/80s Ouverture : f\/16 Correction expo. : 0IL R\u00e9gl. pr\u00e9cis expo. : Sensibilit\u00e9 : ISO 125 Optimisation image : Balance des blancs : Auto1, 0, 0 Mode mise au point : Manuel (MF) Mode de zone AF : Point s\u00e9lectif R\u00e9glage pr\u00e9cis AF : Activ\u00e9(0) VR : R\u00e9duction du bruit : D\u00e9sactiv\u00e9e R\u00e9duc. bruit ISO : Normale Mode couleur : Espace colorim\u00e9trique : Adobe RVB Correction des tons : R\u00e9glage des teintes : Saturation : Accentuation : D-Lighting actif : D\u00e9sactiv\u00e9 Contr\u00f4le du vignetage : Normal Contr\u00f4le auto de la distorsion : D\u00e9sactiv\u00e9 Picture Control : [NL] Neutre Fond\u00e9 sur : [NL] Neutre R\u00e9glage rapide : - Accentuation : 0 Contraste : 0 Luminosit\u00e9 : 0 Saturation : 0 Teinte : 0 Effets de filtres : Virage : Sys coord : Nettoyage du capteur d'image : 2014\/05\/17 12:37:06 [#End of Shooting Data Section]"},{"@type":"BreadcrumbList","@id":"https:\/\/rtt.ee\/ru\/toode\/printerid-ru\/kaardiprinter-ru\/evolis-avansia\/#breadcrumb","itemListElement":[{"@type":"ListItem","position":1,"name":"\u0413\u043b\u0430\u0432\u043d\u0430\u044f","item":"https:\/\/rtt.ee\/ru\/"},{"@type":"ListItem","position":2,"name":"Magazin","item":"https:\/\/rtt.ee\/ru\/pood\/"},{"@type":"ListItem","position":3,"name":"Printerid","item":"https:\/\/rtt.ee\/tootekategooria\/printerid\/"},{"@type":"ListItem","position":4,"name":"Kaardiprinter","item":"https:\/\/rtt.ee\/tootekategooria\/printerid\/kaardiprinter\/"},{"@type":"ListItem","position":5,"name":"Kaardiprinter Evolis Avansia"}]},{"@type":"WebSite","@id":"https:\/\/rtt.ee\/en\/#website","url":"https:\/\/rtt.ee\/en\/","name":"RTT","description":"Kassaaparaadid ja kontorikaubad","potentialAction":[{"@type":"SearchAction","target":{"@type":"EntryPoint","urlTemplate":"https:\/\/rtt.ee\/en\/?s={search_term_string}"},"query-input":{"@type":"PropertyValueSpecification","valueRequired":true,"valueName":"search_term_string"}}],"inLanguage":"ru-RU"}]}},"_links":{"self":[{"href":"https:\/\/rtt.ee\/ru\/wp-json\/wp\/v2\/product\/10903","targetHints":{"allow":["GET"]}}],"collection":[{"href":"https:\/\/rtt.ee\/ru\/wp-json\/wp\/v2\/product"}],"about":[{"href":"https:\/\/rtt.ee\/ru\/wp-json\/wp\/v2\/types\/product"}],"wp:featuredmedia":[{"embeddable":true,"href":"https:\/\/rtt.ee\/ru\/wp-json\/wp\/v2\/media\/10912"}],"wp:attachment":[{"href":"https:\/\/rtt.ee\/ru\/wp-json\/wp\/v2\/media?parent=10903"}],"wp:term":[{"taxonomy":"product_brand","embeddable":true,"href":"https:\/\/rtt.ee\/ru\/wp-json\/wp\/v2\/product_brand?post=10903"},{"taxonomy":"product_cat","embeddable":true,"href":"https:\/\/rtt.ee\/ru\/wp-json\/wp\/v2\/product_cat?post=10903"},{"taxonomy":"product_tag","embeddable":true,"href":"https:\/\/rtt.ee\/ru\/wp-json\/wp\/v2\/product_tag?post=10903"}],"curies":[{"name":"wp","href":"https:\/\/api.w.org\/{rel}","templated":true}]}}