{"id":10318,"date":"2023-11-27T16:14:40","date_gmt":"2023-11-27T14:14:40","guid":{"rendered":"https:\/\/rtt.ee\/?post_type=product&#038;p=10318"},"modified":"2025-07-07T21:16:41","modified_gmt":"2025-07-07T18:16:41","slug":"ezviz-t51c-juhtmevaba-ohuniiskuse-ja-temperatuuri-andur","status":"publish","type":"product","link":"https:\/\/rtt.ee\/ru\/toode\/valvekaamerad-ru\/ezviz-t51c-juhtmevaba-ohuniiskuse-ja-temperatuuri-andur\/","title":{"rendered":"EZVIZ T51C juhtmevaba \u00f5huniiskuse ja temperatuuri andur"},"content":{"rendered":"<ul style=\"list-style-type: circle;\">\n<li>Paigaldatav kahepoolse teibiga (komplektis kaasas)<\/li>\n<li>Temperatuuri ja \u00f5huniiskuse monitooring -1,8&#8243; ekraan<\/li>\n<li>M\u00f5\u00f5tmiste ajalugu<\/li>\n<li>Kasutatav n\u00e4iteks k\u00f6\u00f6gis, vannitoas, lastetoas, kasvuhoones<\/li>\n<li>Patarei (CR2450) kuni 1a<\/li>\n<li>ZigBee 3.0<\/li>\n<li>T\u00f6\u00f6temp: -10\u00baC ~ 60\u00baC<\/li>\n<li>Keskusega \u00fchendus kuni 200m kauguselt<\/li>\n<li><strong>Annab h\u00e4iret nutitelefoni!<\/strong><\/li>\n<\/ul>\n<p><img loading=\"lazy\" decoding=\"async\" class=\"alignnone size-large wp-image-10288\" src=\"https:\/\/rtt.ee\/wp-content\/uploads\/2019\/02\/ezviz_a3_features-1024x511.png\" alt=\"\" width=\"1024\" height=\"511\" srcset=\"https:\/\/rtt.ee\/wp-content\/uploads\/2019\/02\/ezviz_a3_features-1024x511.png 1024w, https:\/\/rtt.ee\/wp-content\/uploads\/2019\/02\/ezviz_a3_features-300x150.png 300w, https:\/\/rtt.ee\/wp-content\/uploads\/2019\/02\/ezviz_a3_features-768x383.png 768w, https:\/\/rtt.ee\/wp-content\/uploads\/2019\/02\/ezviz_a3_features-150x75.png 150w, https:\/\/rtt.ee\/wp-content\/uploads\/2019\/02\/ezviz_a3_features-600x299.png 600w, https:\/\/rtt.ee\/wp-content\/uploads\/2019\/02\/ezviz_a3_features-64x32.png 64w, https:\/\/rtt.ee\/wp-content\/uploads\/2019\/02\/ezviz_a3_features.png 1191w\" sizes=\"auto, (max-width: 1024px) 100vw, 1024px\" \/><\/p>\n<p>&nbsp;<\/p>\n<p><iframe loading=\"lazy\" title=\"YouTube video player\" src=\"https:\/\/www.youtube.com\/embed\/nfSIDLfQzqI?si=5HNnMInh_JlTcbFm\" width=\"560\" height=\"315\" frameborder=\"0\" allowfullscreen=\"allowfullscreen\"><\/iframe><\/p>\n","protected":false},"excerpt":{"rendered":"<p>Paigaldatav kahepoolse teibiga (komplektis kaasas) Temperatuuri ja \u00f5huniiskuse monitooring -1,8&#8243; ekraan M\u00f5\u00f5tmiste ajalugu Kasutatav n\u00e4iteks k\u00f6\u00f6gis, vannitoas, lastetoas, kasvuhoones Patarei (CR2450) kuni 1a ZigBee 3.0 T\u00f6\u00f6temp: -10\u00baC ~ 60\u00baC Keskusega \u00fchendus kuni 200m kauguselt Annab h\u00e4iret nutitelefoni! &nbsp;<\/p>\n","protected":false},"featured_media":10324,"template":"","meta":{"_acf_changed":false},"product_brand":[],"product_cat":[358],"product_tag":[],"class_list":{"0":"post-10318","1":"product","2":"type-product","3":"status-publish","4":"has-post-thumbnail","6":"product_cat-valvekaamerad-ru","7":"product_brands-valvekaamerad-sise-ja-valistingimustesse-ru","9":"first","10":"outofstock","11":"taxable","12":"shipping-taxable","13":"purchasable","14":"product-type-simple"},"acf":[],"yoast_head":"<!-- This site is optimized with the Yoast SEO plugin v26.2 - https:\/\/yoast.com\/wordpress\/plugins\/seo\/ -->\n<title>EZVIZ T51C juhtmevaba \u00f5huniiskuse ja temperatuuri andur - RTT<\/title>\n<meta name=\"description\" content=\"EZVIZ T51C juhtmevaba \u00f5huniiskuse ja temperatuuri andur t\u00f6\u00f6tab ainult koos A3 keskusega v\u00f5imaldades kasutajatel j\u00e4lgida oma vara reaalajas l\u00e4bi telefoni.\" \/>\n<meta name=\"robots\" content=\"index, follow, max-snippet:-1, max-image-preview:large, max-video-preview:-1\" \/>\n<link rel=\"canonical\" href=\"https:\/\/rtt.ee\/ru\/toode\/valvekaamerad-ru\/ezviz-t51c-juhtmevaba-ohuniiskuse-ja-temperatuuri-andur\/\" \/>\n<meta property=\"og:locale\" content=\"ru_RU\" \/>\n<meta property=\"og:type\" content=\"article\" \/>\n<meta property=\"og:title\" content=\"EZVIZ T51C juhtmevaba \u00f5huniiskuse ja temperatuuri andur - RTT\" \/>\n<meta property=\"og:description\" content=\"EZVIZ T51C juhtmevaba \u00f5huniiskuse ja temperatuuri andur t\u00f6\u00f6tab ainult koos A3 keskusega v\u00f5imaldades kasutajatel j\u00e4lgida oma vara reaalajas l\u00e4bi telefoni.\" \/>\n<meta property=\"og:url\" content=\"https:\/\/rtt.ee\/ru\/toode\/valvekaamerad-ru\/ezviz-t51c-juhtmevaba-ohuniiskuse-ja-temperatuuri-andur\/\" \/>\n<meta property=\"og:site_name\" content=\"RTT\" \/>\n<meta property=\"article:modified_time\" content=\"2025-07-07T18:16:41+00:00\" \/>\n<meta property=\"og:image\" content=\"https:\/\/rtt.ee\/wp-content\/uploads\/2023\/11\/t51c.jpg\" \/>\n\t<meta property=\"og:image:width\" content=\"1200\" \/>\n\t<meta property=\"og:image:height\" content=\"1200\" \/>\n\t<meta property=\"og:image:type\" content=\"image\/jpeg\" \/>\n<meta name=\"twitter:card\" content=\"summary_large_image\" \/>\n<script type=\"application\/ld+json\" class=\"yoast-schema-graph\">{\"@context\":\"https:\/\/schema.org\",\"@graph\":[{\"@type\":\"WebPage\",\"@id\":\"https:\/\/rtt.ee\/ru\/toode\/valvekaamerad-ru\/ezviz-t51c-juhtmevaba-ohuniiskuse-ja-temperatuuri-andur\/\",\"url\":\"https:\/\/rtt.ee\/ru\/toode\/valvekaamerad-ru\/ezviz-t51c-juhtmevaba-ohuniiskuse-ja-temperatuuri-andur\/\",\"name\":\"EZVIZ T51C juhtmevaba \u00f5huniiskuse ja temperatuuri andur - RTT\",\"isPartOf\":{\"@id\":\"https:\/\/rtt.ee\/en\/#website\"},\"primaryImageOfPage\":{\"@id\":\"https:\/\/rtt.ee\/ru\/toode\/valvekaamerad-ru\/ezviz-t51c-juhtmevaba-ohuniiskuse-ja-temperatuuri-andur\/#primaryimage\"},\"image\":{\"@id\":\"https:\/\/rtt.ee\/ru\/toode\/valvekaamerad-ru\/ezviz-t51c-juhtmevaba-ohuniiskuse-ja-temperatuuri-andur\/#primaryimage\"},\"thumbnailUrl\":\"https:\/\/rtt.ee\/wp-content\/uploads\/2023\/11\/t51c.jpg\",\"datePublished\":\"2023-11-27T14:14:40+00:00\",\"dateModified\":\"2025-07-07T18:16:41+00:00\",\"description\":\"EZVIZ T51C juhtmevaba \u00f5huniiskuse ja temperatuuri andur t\u00f6\u00f6tab ainult koos A3 keskusega v\u00f5imaldades kasutajatel j\u00e4lgida oma vara reaalajas l\u00e4bi telefoni.\",\"breadcrumb\":{\"@id\":\"https:\/\/rtt.ee\/ru\/toode\/valvekaamerad-ru\/ezviz-t51c-juhtmevaba-ohuniiskuse-ja-temperatuuri-andur\/#breadcrumb\"},\"inLanguage\":\"ru-RU\",\"potentialAction\":[{\"@type\":\"ReadAction\",\"target\":[\"https:\/\/rtt.ee\/ru\/toode\/valvekaamerad-ru\/ezviz-t51c-juhtmevaba-ohuniiskuse-ja-temperatuuri-andur\/\"]}]},{\"@type\":\"ImageObject\",\"inLanguage\":\"ru-RU\",\"@id\":\"https:\/\/rtt.ee\/ru\/toode\/valvekaamerad-ru\/ezviz-t51c-juhtmevaba-ohuniiskuse-ja-temperatuuri-andur\/#primaryimage\",\"url\":\"https:\/\/rtt.ee\/wp-content\/uploads\/2023\/11\/t51c.jpg\",\"contentUrl\":\"https:\/\/rtt.ee\/wp-content\/uploads\/2023\/11\/t51c.jpg\",\"width\":1200,\"height\":1200,\"caption\":\"juhtmevaba \u00f5huniiskuse ja temperatuuri andur\"},{\"@type\":\"BreadcrumbList\",\"@id\":\"https:\/\/rtt.ee\/ru\/toode\/valvekaamerad-ru\/ezviz-t51c-juhtmevaba-ohuniiskuse-ja-temperatuuri-andur\/#breadcrumb\",\"itemListElement\":[{\"@type\":\"ListItem\",\"position\":1,\"name\":\"\u0413\u043b\u0430\u0432\u043d\u0430\u044f\",\"item\":\"https:\/\/rtt.ee\/ru\/\"},{\"@type\":\"ListItem\",\"position\":2,\"name\":\"Magazin\",\"item\":\"https:\/\/rtt.ee\/ru\/pood\/\"},{\"@type\":\"ListItem\",\"position\":3,\"name\":\"Valvekaamerad\",\"item\":\"https:\/\/rtt.ee\/en\/tootekategooria\/valvekaamerad-en\/\"},{\"@type\":\"ListItem\",\"position\":4,\"name\":\"EZVIZ T51C juhtmevaba \u00f5huniiskuse ja temperatuuri andur\"}]},{\"@type\":\"WebSite\",\"@id\":\"https:\/\/rtt.ee\/en\/#website\",\"url\":\"https:\/\/rtt.ee\/en\/\",\"name\":\"RTT\",\"description\":\"Kassaaparaadid ja kontorikaubad\",\"potentialAction\":[{\"@type\":\"SearchAction\",\"target\":{\"@type\":\"EntryPoint\",\"urlTemplate\":\"https:\/\/rtt.ee\/en\/?s={search_term_string}\"},\"query-input\":{\"@type\":\"PropertyValueSpecification\",\"valueRequired\":true,\"valueName\":\"search_term_string\"}}],\"inLanguage\":\"ru-RU\"}]}<\/script>\n<!-- \/ Yoast SEO plugin. -->","yoast_head_json":{"title":"EZVIZ T51C juhtmevaba \u00f5huniiskuse ja temperatuuri andur - RTT","description":"EZVIZ T51C juhtmevaba \u00f5huniiskuse ja temperatuuri andur t\u00f6\u00f6tab ainult koos A3 keskusega v\u00f5imaldades kasutajatel j\u00e4lgida oma vara reaalajas l\u00e4bi telefoni.","robots":{"index":"index","follow":"follow","max-snippet":"max-snippet:-1","max-image-preview":"max-image-preview:large","max-video-preview":"max-video-preview:-1"},"canonical":"https:\/\/rtt.ee\/ru\/toode\/valvekaamerad-ru\/ezviz-t51c-juhtmevaba-ohuniiskuse-ja-temperatuuri-andur\/","og_locale":"ru_RU","og_type":"article","og_title":"EZVIZ T51C juhtmevaba \u00f5huniiskuse ja temperatuuri andur - RTT","og_description":"EZVIZ T51C juhtmevaba \u00f5huniiskuse ja temperatuuri andur t\u00f6\u00f6tab ainult koos A3 keskusega v\u00f5imaldades kasutajatel j\u00e4lgida oma vara reaalajas l\u00e4bi telefoni.","og_url":"https:\/\/rtt.ee\/ru\/toode\/valvekaamerad-ru\/ezviz-t51c-juhtmevaba-ohuniiskuse-ja-temperatuuri-andur\/","og_site_name":"RTT","article_modified_time":"2025-07-07T18:16:41+00:00","og_image":[{"width":1200,"height":1200,"url":"https:\/\/rtt.ee\/wp-content\/uploads\/2023\/11\/t51c.jpg","type":"image\/jpeg"}],"twitter_card":"summary_large_image","schema":{"@context":"https:\/\/schema.org","@graph":[{"@type":"WebPage","@id":"https:\/\/rtt.ee\/ru\/toode\/valvekaamerad-ru\/ezviz-t51c-juhtmevaba-ohuniiskuse-ja-temperatuuri-andur\/","url":"https:\/\/rtt.ee\/ru\/toode\/valvekaamerad-ru\/ezviz-t51c-juhtmevaba-ohuniiskuse-ja-temperatuuri-andur\/","name":"EZVIZ T51C juhtmevaba \u00f5huniiskuse ja temperatuuri andur - RTT","isPartOf":{"@id":"https:\/\/rtt.ee\/en\/#website"},"primaryImageOfPage":{"@id":"https:\/\/rtt.ee\/ru\/toode\/valvekaamerad-ru\/ezviz-t51c-juhtmevaba-ohuniiskuse-ja-temperatuuri-andur\/#primaryimage"},"image":{"@id":"https:\/\/rtt.ee\/ru\/toode\/valvekaamerad-ru\/ezviz-t51c-juhtmevaba-ohuniiskuse-ja-temperatuuri-andur\/#primaryimage"},"thumbnailUrl":"https:\/\/rtt.ee\/wp-content\/uploads\/2023\/11\/t51c.jpg","datePublished":"2023-11-27T14:14:40+00:00","dateModified":"2025-07-07T18:16:41+00:00","description":"EZVIZ T51C juhtmevaba \u00f5huniiskuse ja temperatuuri andur t\u00f6\u00f6tab ainult koos A3 keskusega v\u00f5imaldades kasutajatel j\u00e4lgida oma vara reaalajas l\u00e4bi telefoni.","breadcrumb":{"@id":"https:\/\/rtt.ee\/ru\/toode\/valvekaamerad-ru\/ezviz-t51c-juhtmevaba-ohuniiskuse-ja-temperatuuri-andur\/#breadcrumb"},"inLanguage":"ru-RU","potentialAction":[{"@type":"ReadAction","target":["https:\/\/rtt.ee\/ru\/toode\/valvekaamerad-ru\/ezviz-t51c-juhtmevaba-ohuniiskuse-ja-temperatuuri-andur\/"]}]},{"@type":"ImageObject","inLanguage":"ru-RU","@id":"https:\/\/rtt.ee\/ru\/toode\/valvekaamerad-ru\/ezviz-t51c-juhtmevaba-ohuniiskuse-ja-temperatuuri-andur\/#primaryimage","url":"https:\/\/rtt.ee\/wp-content\/uploads\/2023\/11\/t51c.jpg","contentUrl":"https:\/\/rtt.ee\/wp-content\/uploads\/2023\/11\/t51c.jpg","width":1200,"height":1200,"caption":"juhtmevaba \u00f5huniiskuse ja temperatuuri andur"},{"@type":"BreadcrumbList","@id":"https:\/\/rtt.ee\/ru\/toode\/valvekaamerad-ru\/ezviz-t51c-juhtmevaba-ohuniiskuse-ja-temperatuuri-andur\/#breadcrumb","itemListElement":[{"@type":"ListItem","position":1,"name":"\u0413\u043b\u0430\u0432\u043d\u0430\u044f","item":"https:\/\/rtt.ee\/ru\/"},{"@type":"ListItem","position":2,"name":"Magazin","item":"https:\/\/rtt.ee\/ru\/pood\/"},{"@type":"ListItem","position":3,"name":"Valvekaamerad","item":"https:\/\/rtt.ee\/en\/tootekategooria\/valvekaamerad-en\/"},{"@type":"ListItem","position":4,"name":"EZVIZ T51C juhtmevaba \u00f5huniiskuse ja temperatuuri andur"}]},{"@type":"WebSite","@id":"https:\/\/rtt.ee\/en\/#website","url":"https:\/\/rtt.ee\/en\/","name":"RTT","description":"Kassaaparaadid ja kontorikaubad","potentialAction":[{"@type":"SearchAction","target":{"@type":"EntryPoint","urlTemplate":"https:\/\/rtt.ee\/en\/?s={search_term_string}"},"query-input":{"@type":"PropertyValueSpecification","valueRequired":true,"valueName":"search_term_string"}}],"inLanguage":"ru-RU"}]}},"_links":{"self":[{"href":"https:\/\/rtt.ee\/ru\/wp-json\/wp\/v2\/product\/10318","targetHints":{"allow":["GET"]}}],"collection":[{"href":"https:\/\/rtt.ee\/ru\/wp-json\/wp\/v2\/product"}],"about":[{"href":"https:\/\/rtt.ee\/ru\/wp-json\/wp\/v2\/types\/product"}],"wp:featuredmedia":[{"embeddable":true,"href":"https:\/\/rtt.ee\/ru\/wp-json\/wp\/v2\/media\/10324"}],"wp:attachment":[{"href":"https:\/\/rtt.ee\/ru\/wp-json\/wp\/v2\/media?parent=10318"}],"wp:term":[{"taxonomy":"product_brand","embeddable":true,"href":"https:\/\/rtt.ee\/ru\/wp-json\/wp\/v2\/product_brand?post=10318"},{"taxonomy":"product_cat","embeddable":true,"href":"https:\/\/rtt.ee\/ru\/wp-json\/wp\/v2\/product_cat?post=10318"},{"taxonomy":"product_tag","embeddable":true,"href":"https:\/\/rtt.ee\/ru\/wp-json\/wp\/v2\/product_tag?post=10318"}],"curies":[{"name":"wp","href":"https:\/\/api.w.org\/{rel}","templated":true}]}}