{"id":8397,"date":"2022-03-22T11:16:26","date_gmt":"2022-03-22T09:16:26","guid":{"rendered":"https:\/\/rtt.ee\/toode\/uncategorized\/kasutatud-varviline-a4-sharp-mx-c301w\/"},"modified":"2025-10-23T13:05:13","modified_gmt":"2025-10-23T10:05:13","slug":"varviline-printer","status":"publish","type":"product","link":"https:\/\/rtt.ee\/en\/toode\/koopiamasinad-en\/a4-used-copiers\/varviline-printer\/","title":{"rendered":"Used SHARP MX-C301W MFP A4 Colour Printer"},"content":{"rendered":"<p>Used multifunction color printer for a small or medium-sized office<\/p>\n<p>Print, Copy, Scan, Fax, File<\/p>\n<p>Print speed: 30 ppm (B), 30 ppm (C)<\/p>\n<p>Print quality: 600 \u00d7 600 dpi<\/p>\n<p>Paper handling: standard 300 sheet<\/p>\n<p>Memory: 5GB, HDD: 250GB<\/p>\n<p>Connectivity: USB, LAN, WIFI<\/p>\n<p>Compatible operating systems: Windows, Windows Server, Mac OS X<\/p>\n<p>Condition: made prints 10 000 sheets (B), 14 000 sheets (Colour); Toners 50%.<\/p>\n<p><strong>Warranty 6 months<\/strong>.<\/p>\n<p><a href=\"https:\/\/www.sharp.eu\/sharp-mx-c301w\">Product specifications<\/a><\/p>\n<p>Tel: +372 6 112 256<\/p>\n<div class=\"iYB33c\">\n<div class=\"dlJLJe\">\n<div data-cviv=\"false\" data-ved=\"2ahUKEwjJ7fe8qNDxAhWBi8MKHaRDAzAQz_AEMAB6BAgCEA8\">\n<div class=\"U9URNb\">\n<div id=\"tw-container\" class=\"YQaNob\" data-cp=\"1\" data-is-ver=\"false\" data-nnttsvi=\"1\" data-sm=\"1\" data-sugg-time=\"500\" data-sugg-url=\"https:\/\/clients1.google.com\/complete\/search\" data-uilc=\"et\">\n<div id=\"tw-ob\" class=\"tw-src-ltr\">\n<div class=\"oSioSc\">\n<div id=\"tw-target\">\n<div id=\"kAz1tf\" class=\"g9WsWb\">\n<div id=\"tw-target-text-container\" class=\"tw-ta-container F0azHf tw-nfl\">\n<div id=\"tw-container\" class=\"YQaNob\" data-cp=\"1\" data-is-ver=\"false\" data-nnttsvi=\"1\" data-sm=\"1\" data-sugg-time=\"500\" data-sugg-url=\"https:\/\/clients1.google.com\/complete\/search\" data-uilc=\"et\">\n<div id=\"tw-ob\" class=\"tw-src-ltr\">\n<div class=\"oSioSc\">\n<p>GSM: +372 5 014 470<\/p>\n<\/div>\n<\/div>\n<\/div>\n<\/div>\n<\/div>\n<\/div>\n<\/div>\n<\/div>\n<\/div>\n<\/div>\n<\/div>\n<\/div>\n<\/div>\n","protected":false},"excerpt":{"rendered":"<p>Used multifunction color printer for a small or medium-sized office Print, Copy, Scan, Fax, File Print speed: 30 ppm (B), 30 ppm (C) Print quality: 600 \u00d7 600 dpi Paper handling: standard 300 sheet Memory: 5GB, HDD: 250GB Connectivity: USB, LAN, WIFI Compatible operating systems: Windows, Windows Server, Mac OS X Condition: made prints 10 [&hellip;]<\/p>\n","protected":false},"featured_media":8398,"template":"","meta":{"_acf_changed":false},"product_brand":[],"product_cat":[335],"product_tag":[],"class_list":{"0":"post-8397","1":"product","2":"type-product","3":"status-publish","4":"has-post-thumbnail","6":"product_cat-a4-used-copiers","7":"product_brands-sharp-office-printers","9":"first","10":"instock","11":"taxable","12":"shipping-taxable","13":"purchasable","14":"product-type-simple"},"acf":[],"yoast_head":"<!-- This site is optimized with the Yoast SEO plugin v26.2 - https:\/\/yoast.com\/wordpress\/plugins\/seo\/ -->\n<title>Used SHARP MX-C301W MFP A4 Colour Printer - RTT<\/title>\n<meta name=\"description\" content=\"Kasutatud A4 v\u00e4rviline printer, koopiamasin. M\u00f5istlikud \u00fclalpidamiskulud, t\u00e4isteenusrendi v\u00f5imalus! Multifunktsionaalne printer\" \/>\n<meta name=\"robots\" content=\"index, follow, max-snippet:-1, max-image-preview:large, max-video-preview:-1\" \/>\n<link rel=\"canonical\" href=\"https:\/\/rtt.ee\/toode\/koopiamasinad\/kasutatud-koopiamasinad\/varviline-printer\/\" \/>\n<meta property=\"og:locale\" content=\"en_US\" \/>\n<meta property=\"og:type\" content=\"article\" \/>\n<meta property=\"og:title\" content=\"Used SHARP MX-C301W MFP A4 Colour Printer - RTT\" \/>\n<meta property=\"og:description\" content=\"Kasutatud A4 v\u00e4rviline printer, koopiamasin. M\u00f5istlikud \u00fclalpidamiskulud, t\u00e4isteenusrendi v\u00f5imalus! Multifunktsionaalne printer\" \/>\n<meta property=\"og:url\" content=\"https:\/\/rtt.ee\/toode\/koopiamasinad\/kasutatud-koopiamasinad\/varviline-printer\/\" \/>\n<meta property=\"og:site_name\" content=\"RTT\" \/>\n<meta property=\"article:modified_time\" content=\"2025-10-23T10:05:13+00:00\" \/>\n<meta property=\"og:image\" content=\"https:\/\/rtt.ee\/wp-content\/uploads\/2018\/10\/232_1_s.jpg\" \/>\n\t<meta property=\"og:image:width\" content=\"374\" \/>\n\t<meta property=\"og:image:height\" content=\"380\" \/>\n\t<meta property=\"og:image:type\" content=\"image\/jpeg\" \/>\n<meta name=\"twitter:card\" content=\"summary_large_image\" \/>\n<meta name=\"twitter:label1\" content=\"Est. reading time\" \/>\n\t<meta name=\"twitter:data1\" content=\"1 minute\" \/>\n<script type=\"application\/ld+json\" class=\"yoast-schema-graph\">{\"@context\":\"https:\/\/schema.org\",\"@graph\":[{\"@type\":\"WebPage\",\"@id\":\"https:\/\/rtt.ee\/toode\/koopiamasinad\/kasutatud-koopiamasinad\/varviline-printer\/\",\"url\":\"https:\/\/rtt.ee\/toode\/koopiamasinad\/kasutatud-koopiamasinad\/varviline-printer\/\",\"name\":\"Used SHARP MX-C301W MFP A4 Colour Printer - RTT\",\"isPartOf\":{\"@id\":\"https:\/\/rtt.ee\/en\/#website\"},\"primaryImageOfPage\":{\"@id\":\"https:\/\/rtt.ee\/toode\/koopiamasinad\/kasutatud-koopiamasinad\/varviline-printer\/#primaryimage\"},\"image\":{\"@id\":\"https:\/\/rtt.ee\/toode\/koopiamasinad\/kasutatud-koopiamasinad\/varviline-printer\/#primaryimage\"},\"thumbnailUrl\":\"https:\/\/rtt.ee\/wp-content\/uploads\/2018\/10\/232_1_s.jpg\",\"datePublished\":\"2022-03-22T09:16:26+00:00\",\"dateModified\":\"2025-10-23T10:05:13+00:00\",\"description\":\"Kasutatud A4 v\u00e4rviline printer, koopiamasin. M\u00f5istlikud \u00fclalpidamiskulud, t\u00e4isteenusrendi v\u00f5imalus! Multifunktsionaalne printer\",\"breadcrumb\":{\"@id\":\"https:\/\/rtt.ee\/toode\/koopiamasinad\/kasutatud-koopiamasinad\/varviline-printer\/#breadcrumb\"},\"inLanguage\":\"en-US\",\"potentialAction\":[{\"@type\":\"ReadAction\",\"target\":[\"https:\/\/rtt.ee\/toode\/koopiamasinad\/kasutatud-koopiamasinad\/varviline-printer\/\"]}]},{\"@type\":\"ImageObject\",\"inLanguage\":\"en-US\",\"@id\":\"https:\/\/rtt.ee\/toode\/koopiamasinad\/kasutatud-koopiamasinad\/varviline-printer\/#primaryimage\",\"url\":\"https:\/\/rtt.ee\/wp-content\/uploads\/2018\/10\/232_1_s.jpg\",\"contentUrl\":\"https:\/\/rtt.ee\/wp-content\/uploads\/2018\/10\/232_1_s.jpg\",\"width\":374,\"height\":380},{\"@type\":\"BreadcrumbList\",\"@id\":\"https:\/\/rtt.ee\/toode\/koopiamasinad\/kasutatud-koopiamasinad\/varviline-printer\/#breadcrumb\",\"itemListElement\":[{\"@type\":\"ListItem\",\"position\":1,\"name\":\"Home\",\"item\":\"https:\/\/rtt.ee\/en\/\"},{\"@type\":\"ListItem\",\"position\":2,\"name\":\"Shop\",\"item\":\"https:\/\/rtt.ee\/en\/shop\/\"},{\"@type\":\"ListItem\",\"position\":3,\"name\":\"Printers &amp; Multifunctional printers\",\"item\":\"https:\/\/rtt.ee\/en\/tootekategooria\/koopiamasinad-en\/\"},{\"@type\":\"ListItem\",\"position\":4,\"name\":\"Used printers\",\"item\":\"https:\/\/rtt.ee\/en\/tootekategooria\/koopiamasinad-en\/a4-used-copiers\/\"},{\"@type\":\"ListItem\",\"position\":5,\"name\":\"Used SHARP MX-C301W MFP A4 Colour Printer\"}]},{\"@type\":\"WebSite\",\"@id\":\"https:\/\/rtt.ee\/en\/#website\",\"url\":\"https:\/\/rtt.ee\/en\/\",\"name\":\"RTT\",\"description\":\"Kassaaparaadid ja kontorikaubad\",\"potentialAction\":[{\"@type\":\"SearchAction\",\"target\":{\"@type\":\"EntryPoint\",\"urlTemplate\":\"https:\/\/rtt.ee\/en\/?s={search_term_string}\"},\"query-input\":{\"@type\":\"PropertyValueSpecification\",\"valueRequired\":true,\"valueName\":\"search_term_string\"}}],\"inLanguage\":\"en-US\"}]}<\/script>\n<!-- \/ Yoast SEO plugin. -->","yoast_head_json":{"title":"Used SHARP MX-C301W MFP A4 Colour Printer - RTT","description":"Kasutatud A4 v\u00e4rviline printer, koopiamasin. M\u00f5istlikud \u00fclalpidamiskulud, t\u00e4isteenusrendi v\u00f5imalus! Multifunktsionaalne printer","robots":{"index":"index","follow":"follow","max-snippet":"max-snippet:-1","max-image-preview":"max-image-preview:large","max-video-preview":"max-video-preview:-1"},"canonical":"https:\/\/rtt.ee\/toode\/koopiamasinad\/kasutatud-koopiamasinad\/varviline-printer\/","og_locale":"en_US","og_type":"article","og_title":"Used SHARP MX-C301W MFP A4 Colour Printer - RTT","og_description":"Kasutatud A4 v\u00e4rviline printer, koopiamasin. M\u00f5istlikud \u00fclalpidamiskulud, t\u00e4isteenusrendi v\u00f5imalus! Multifunktsionaalne printer","og_url":"https:\/\/rtt.ee\/toode\/koopiamasinad\/kasutatud-koopiamasinad\/varviline-printer\/","og_site_name":"RTT","article_modified_time":"2025-10-23T10:05:13+00:00","og_image":[{"width":374,"height":380,"url":"https:\/\/rtt.ee\/wp-content\/uploads\/2018\/10\/232_1_s.jpg","type":"image\/jpeg"}],"twitter_card":"summary_large_image","twitter_misc":{"Est. reading time":"1 minute"},"schema":{"@context":"https:\/\/schema.org","@graph":[{"@type":"WebPage","@id":"https:\/\/rtt.ee\/toode\/koopiamasinad\/kasutatud-koopiamasinad\/varviline-printer\/","url":"https:\/\/rtt.ee\/toode\/koopiamasinad\/kasutatud-koopiamasinad\/varviline-printer\/","name":"Used SHARP MX-C301W MFP A4 Colour Printer - RTT","isPartOf":{"@id":"https:\/\/rtt.ee\/en\/#website"},"primaryImageOfPage":{"@id":"https:\/\/rtt.ee\/toode\/koopiamasinad\/kasutatud-koopiamasinad\/varviline-printer\/#primaryimage"},"image":{"@id":"https:\/\/rtt.ee\/toode\/koopiamasinad\/kasutatud-koopiamasinad\/varviline-printer\/#primaryimage"},"thumbnailUrl":"https:\/\/rtt.ee\/wp-content\/uploads\/2018\/10\/232_1_s.jpg","datePublished":"2022-03-22T09:16:26+00:00","dateModified":"2025-10-23T10:05:13+00:00","description":"Kasutatud A4 v\u00e4rviline printer, koopiamasin. M\u00f5istlikud \u00fclalpidamiskulud, t\u00e4isteenusrendi v\u00f5imalus! Multifunktsionaalne printer","breadcrumb":{"@id":"https:\/\/rtt.ee\/toode\/koopiamasinad\/kasutatud-koopiamasinad\/varviline-printer\/#breadcrumb"},"inLanguage":"en-US","potentialAction":[{"@type":"ReadAction","target":["https:\/\/rtt.ee\/toode\/koopiamasinad\/kasutatud-koopiamasinad\/varviline-printer\/"]}]},{"@type":"ImageObject","inLanguage":"en-US","@id":"https:\/\/rtt.ee\/toode\/koopiamasinad\/kasutatud-koopiamasinad\/varviline-printer\/#primaryimage","url":"https:\/\/rtt.ee\/wp-content\/uploads\/2018\/10\/232_1_s.jpg","contentUrl":"https:\/\/rtt.ee\/wp-content\/uploads\/2018\/10\/232_1_s.jpg","width":374,"height":380},{"@type":"BreadcrumbList","@id":"https:\/\/rtt.ee\/toode\/koopiamasinad\/kasutatud-koopiamasinad\/varviline-printer\/#breadcrumb","itemListElement":[{"@type":"ListItem","position":1,"name":"Home","item":"https:\/\/rtt.ee\/en\/"},{"@type":"ListItem","position":2,"name":"Shop","item":"https:\/\/rtt.ee\/en\/shop\/"},{"@type":"ListItem","position":3,"name":"Printers &amp; Multifunctional printers","item":"https:\/\/rtt.ee\/en\/tootekategooria\/koopiamasinad-en\/"},{"@type":"ListItem","position":4,"name":"Used printers","item":"https:\/\/rtt.ee\/en\/tootekategooria\/koopiamasinad-en\/a4-used-copiers\/"},{"@type":"ListItem","position":5,"name":"Used SHARP MX-C301W MFP A4 Colour Printer"}]},{"@type":"WebSite","@id":"https:\/\/rtt.ee\/en\/#website","url":"https:\/\/rtt.ee\/en\/","name":"RTT","description":"Kassaaparaadid ja kontorikaubad","potentialAction":[{"@type":"SearchAction","target":{"@type":"EntryPoint","urlTemplate":"https:\/\/rtt.ee\/en\/?s={search_term_string}"},"query-input":{"@type":"PropertyValueSpecification","valueRequired":true,"valueName":"search_term_string"}}],"inLanguage":"en-US"}]}},"_links":{"self":[{"href":"https:\/\/rtt.ee\/en\/wp-json\/wp\/v2\/product\/8397","targetHints":{"allow":["GET"]}}],"collection":[{"href":"https:\/\/rtt.ee\/en\/wp-json\/wp\/v2\/product"}],"about":[{"href":"https:\/\/rtt.ee\/en\/wp-json\/wp\/v2\/types\/product"}],"wp:featuredmedia":[{"embeddable":true,"href":"https:\/\/rtt.ee\/en\/wp-json\/wp\/v2\/media\/8398"}],"wp:attachment":[{"href":"https:\/\/rtt.ee\/en\/wp-json\/wp\/v2\/media?parent=8397"}],"wp:term":[{"taxonomy":"product_brand","embeddable":true,"href":"https:\/\/rtt.ee\/en\/wp-json\/wp\/v2\/product_brand?post=8397"},{"taxonomy":"product_cat","embeddable":true,"href":"https:\/\/rtt.ee\/en\/wp-json\/wp\/v2\/product_cat?post=8397"},{"taxonomy":"product_tag","embeddable":true,"href":"https:\/\/rtt.ee\/en\/wp-json\/wp\/v2\/product_tag?post=8397"}],"curies":[{"name":"wp","href":"https:\/\/api.w.org\/{rel}","templated":true}]}}