{"id":7679,"date":"2021-07-27T13:26:13","date_gmt":"2021-07-27T10:26:13","guid":{"rendered":"https:\/\/rtt.ee\/?post_type=product&#038;p=7679"},"modified":"2025-12-15T16:12:47","modified_gmt":"2025-12-15T14:12:47","slug":"epson-ecotank-pro-m15180","status":"publish","type":"product","link":"https:\/\/rtt.ee\/en\/toode\/koopiamasinad-en\/a3-printer-skanner-koopiamasinad-en\/epson-ecotank-pro-m15180\/","title":{"rendered":"Epson EcoTank Pro M15180 MF A3 Black Inkjet Printer"},"content":{"rendered":"<p>Functions: Printing, scanning, copying<\/p>\n<p>Printing Speed (ISO\/IEC 24734): 25 pages\/min Monochrome<\/p>\n<p>Paper feeder capacity: 250 lehte (Standardne), 550 lehte (lisa)<\/p>\n<div class=\"spec-pair\">\n<div class=\"key\">Connectivity: USB 2.0 , LAN liides, WIFI (IEEE 802.11a\/b\/g\/n\/ac)<\/div>\n<\/div>\n<p>Supported operating systems: Android, Windows, Windows Server, MacOS<\/p>\n<p><a href=\"https:\/\/www.epson.ee\/et_EE\/tooted\/printerid\/inkjet\/\u00c4riline-tindiprinter\/ecotank-pro-m15180\/p\/31130\">Additional Information<\/a><\/p>\n<p>Tel: +372 6 112 256<\/p>\n<p>GSM: +372 5 014 470<\/p>\n<p>&nbsp;<\/p>\n","protected":false},"excerpt":{"rendered":"<p>Functions: Printing, scanning, copying Printing Speed (ISO\/IEC 24734): 25 pages\/min Monochrome Paper feeder capacity: 250 lehte (Standardne), 550 lehte (lisa) Connectivity: USB 2.0 , LAN liides, WIFI (IEEE 802.11a\/b\/g\/n\/ac) Supported operating systems: Android, Windows, Windows Server, MacOS Additional Information Tel: +372 6 112 256 GSM: +372 5 014 470 &nbsp;<\/p>\n","protected":false},"featured_media":12102,"template":"","meta":{"_acf_changed":false},"product_brand":[405],"product_cat":[115,120],"product_tag":[],"class_list":{"0":"post-7679","1":"product","2":"type-product","3":"status-publish","4":"has-post-thumbnail","6":"product_brand-epson","7":"product_cat-koopiamasinad-en","8":"product_cat-a3-printer-skanner-koopiamasinad-en","9":"product_brands-epson-en","11":"first","12":"onbackorder","13":"sale","14":"taxable","15":"shipping-taxable","16":"purchasable","17":"product-type-simple"},"acf":[],"yoast_head":"<!-- This site is optimized with the Yoast SEO plugin v26.2 - https:\/\/yoast.com\/wordpress\/plugins\/seo\/ -->\n<title>Epson EcoTank Pro M15180 MF A3 Black Inkjet Printer - RTT<\/title>\n<meta name=\"description\" content=\"Epson kontorikombainid, MFP,printerid ,skannerid ja fax. Odav printimine ja energias\u00e4\u00e4stlik. Roheline m\u00f5tlemine! M15180\" \/>\n<meta name=\"robots\" content=\"index, follow, max-snippet:-1, max-image-preview:large, max-video-preview:-1\" \/>\n<link rel=\"canonical\" href=\"https:\/\/rtt.ee\/en\/toode\/koopiamasinad-en\/a3-printer-skanner-koopiamasinad-en\/epson-ecotank-pro-m15180\/\" \/>\n<meta property=\"og:locale\" content=\"en_US\" \/>\n<meta property=\"og:type\" content=\"article\" \/>\n<meta property=\"og:title\" content=\"Epson EcoTank Pro M15180 MF A3 Black Inkjet Printer - RTT\" \/>\n<meta property=\"og:description\" content=\"Epson kontorikombainid, MFP,printerid ,skannerid ja fax. Odav printimine ja energias\u00e4\u00e4stlik. Roheline m\u00f5tlemine! M15180\" \/>\n<meta property=\"og:url\" content=\"https:\/\/rtt.ee\/en\/toode\/koopiamasinad-en\/a3-printer-skanner-koopiamasinad-en\/epson-ecotank-pro-m15180\/\" \/>\n<meta property=\"og:site_name\" content=\"RTT\" \/>\n<meta property=\"article:modified_time\" content=\"2025-12-15T14:12:47+00:00\" \/>\n<meta property=\"og:image\" content=\"https:\/\/rtt.ee\/wp-content\/uploads\/2021\/07\/M15180-MB.jpg\" \/>\n\t<meta property=\"og:image:width\" content=\"2000\" \/>\n\t<meta property=\"og:image:height\" content=\"2000\" \/>\n\t<meta property=\"og:image:type\" content=\"image\/jpeg\" \/>\n<meta name=\"twitter:card\" content=\"summary_large_image\" \/>\n<meta name=\"twitter:label1\" content=\"Est. reading time\" \/>\n\t<meta name=\"twitter:data1\" content=\"1 minute\" \/>\n<script type=\"application\/ld+json\" class=\"yoast-schema-graph\">{\"@context\":\"https:\/\/schema.org\",\"@graph\":[{\"@type\":\"WebPage\",\"@id\":\"https:\/\/rtt.ee\/en\/toode\/koopiamasinad-en\/a3-printer-skanner-koopiamasinad-en\/epson-ecotank-pro-m15180\/\",\"url\":\"https:\/\/rtt.ee\/en\/toode\/koopiamasinad-en\/a3-printer-skanner-koopiamasinad-en\/epson-ecotank-pro-m15180\/\",\"name\":\"Epson EcoTank Pro M15180 MF A3 Black Inkjet Printer - RTT\",\"isPartOf\":{\"@id\":\"https:\/\/rtt.ee\/en\/#website\"},\"primaryImageOfPage\":{\"@id\":\"https:\/\/rtt.ee\/en\/toode\/koopiamasinad-en\/a3-printer-skanner-koopiamasinad-en\/epson-ecotank-pro-m15180\/#primaryimage\"},\"image\":{\"@id\":\"https:\/\/rtt.ee\/en\/toode\/koopiamasinad-en\/a3-printer-skanner-koopiamasinad-en\/epson-ecotank-pro-m15180\/#primaryimage\"},\"thumbnailUrl\":\"https:\/\/rtt.ee\/wp-content\/uploads\/2021\/07\/31129-productpicture-lores-en-ecotank-pro-et-m16680_m15180_main.webp\",\"datePublished\":\"2021-07-27T10:26:13+00:00\",\"dateModified\":\"2025-12-15T14:12:47+00:00\",\"description\":\"Epson kontorikombainid, MFP,printerid ,skannerid ja fax. Odav printimine ja energias\u00e4\u00e4stlik. Roheline m\u00f5tlemine! M15180\",\"breadcrumb\":{\"@id\":\"https:\/\/rtt.ee\/en\/toode\/koopiamasinad-en\/a3-printer-skanner-koopiamasinad-en\/epson-ecotank-pro-m15180\/#breadcrumb\"},\"inLanguage\":\"en-US\",\"potentialAction\":[{\"@type\":\"ReadAction\",\"target\":[\"https:\/\/rtt.ee\/en\/toode\/koopiamasinad-en\/a3-printer-skanner-koopiamasinad-en\/epson-ecotank-pro-m15180\/\"]}]},{\"@type\":\"ImageObject\",\"inLanguage\":\"en-US\",\"@id\":\"https:\/\/rtt.ee\/en\/toode\/koopiamasinad-en\/a3-printer-skanner-koopiamasinad-en\/epson-ecotank-pro-m15180\/#primaryimage\",\"url\":\"https:\/\/rtt.ee\/wp-content\/uploads\/2021\/07\/31129-productpicture-lores-en-ecotank-pro-et-m16680_m15180_main.webp\",\"contentUrl\":\"https:\/\/rtt.ee\/wp-content\/uploads\/2021\/07\/31129-productpicture-lores-en-ecotank-pro-et-m16680_m15180_main.webp\",\"width\":527,\"height\":388},{\"@type\":\"BreadcrumbList\",\"@id\":\"https:\/\/rtt.ee\/en\/toode\/koopiamasinad-en\/a3-printer-skanner-koopiamasinad-en\/epson-ecotank-pro-m15180\/#breadcrumb\",\"itemListElement\":[{\"@type\":\"ListItem\",\"position\":1,\"name\":\"Home\",\"item\":\"https:\/\/rtt.ee\/en\/\"},{\"@type\":\"ListItem\",\"position\":2,\"name\":\"Shop\",\"item\":\"https:\/\/rtt.ee\/en\/shop\/\"},{\"@type\":\"ListItem\",\"position\":3,\"name\":\"Printers &amp; Multifunctional printers\",\"item\":\"https:\/\/rtt.ee\/en\/tootekategooria\/koopiamasinad-en\/\"},{\"@type\":\"ListItem\",\"position\":4,\"name\":\"A3 Printer-Sk\u00e4nner-Koopiamasinad\",\"item\":\"https:\/\/rtt.ee\/tootekategooria\/koopiamasinad\/a3-printer-skanner-koopiamasinad\/\"},{\"@type\":\"ListItem\",\"position\":5,\"name\":\"Epson EcoTank Pro M15180 MF A3 Black Inkjet Printer\"}]},{\"@type\":\"WebSite\",\"@id\":\"https:\/\/rtt.ee\/en\/#website\",\"url\":\"https:\/\/rtt.ee\/en\/\",\"name\":\"RTT\",\"description\":\"Kassaaparaadid ja kontorikaubad\",\"potentialAction\":[{\"@type\":\"SearchAction\",\"target\":{\"@type\":\"EntryPoint\",\"urlTemplate\":\"https:\/\/rtt.ee\/en\/?s={search_term_string}\"},\"query-input\":{\"@type\":\"PropertyValueSpecification\",\"valueRequired\":true,\"valueName\":\"search_term_string\"}}],\"inLanguage\":\"en-US\"}]}<\/script>\n<!-- \/ Yoast SEO plugin. -->","yoast_head_json":{"title":"Epson EcoTank Pro M15180 MF A3 Black Inkjet Printer - RTT","description":"Epson kontorikombainid, MFP,printerid ,skannerid ja fax. Odav printimine ja energias\u00e4\u00e4stlik. Roheline m\u00f5tlemine! M15180","robots":{"index":"index","follow":"follow","max-snippet":"max-snippet:-1","max-image-preview":"max-image-preview:large","max-video-preview":"max-video-preview:-1"},"canonical":"https:\/\/rtt.ee\/en\/toode\/koopiamasinad-en\/a3-printer-skanner-koopiamasinad-en\/epson-ecotank-pro-m15180\/","og_locale":"en_US","og_type":"article","og_title":"Epson EcoTank Pro M15180 MF A3 Black Inkjet Printer - RTT","og_description":"Epson kontorikombainid, MFP,printerid ,skannerid ja fax. Odav printimine ja energias\u00e4\u00e4stlik. Roheline m\u00f5tlemine! M15180","og_url":"https:\/\/rtt.ee\/en\/toode\/koopiamasinad-en\/a3-printer-skanner-koopiamasinad-en\/epson-ecotank-pro-m15180\/","og_site_name":"RTT","article_modified_time":"2025-12-15T14:12:47+00:00","og_image":[{"width":2000,"height":2000,"url":"https:\/\/rtt.ee\/wp-content\/uploads\/2021\/07\/M15180-MB.jpg","type":"image\/jpeg"}],"twitter_card":"summary_large_image","twitter_misc":{"Est. reading time":"1 minute"},"schema":{"@context":"https:\/\/schema.org","@graph":[{"@type":"WebPage","@id":"https:\/\/rtt.ee\/en\/toode\/koopiamasinad-en\/a3-printer-skanner-koopiamasinad-en\/epson-ecotank-pro-m15180\/","url":"https:\/\/rtt.ee\/en\/toode\/koopiamasinad-en\/a3-printer-skanner-koopiamasinad-en\/epson-ecotank-pro-m15180\/","name":"Epson EcoTank Pro M15180 MF A3 Black Inkjet Printer - RTT","isPartOf":{"@id":"https:\/\/rtt.ee\/en\/#website"},"primaryImageOfPage":{"@id":"https:\/\/rtt.ee\/en\/toode\/koopiamasinad-en\/a3-printer-skanner-koopiamasinad-en\/epson-ecotank-pro-m15180\/#primaryimage"},"image":{"@id":"https:\/\/rtt.ee\/en\/toode\/koopiamasinad-en\/a3-printer-skanner-koopiamasinad-en\/epson-ecotank-pro-m15180\/#primaryimage"},"thumbnailUrl":"https:\/\/rtt.ee\/wp-content\/uploads\/2021\/07\/31129-productpicture-lores-en-ecotank-pro-et-m16680_m15180_main.webp","datePublished":"2021-07-27T10:26:13+00:00","dateModified":"2025-12-15T14:12:47+00:00","description":"Epson kontorikombainid, MFP,printerid ,skannerid ja fax. Odav printimine ja energias\u00e4\u00e4stlik. Roheline m\u00f5tlemine! M15180","breadcrumb":{"@id":"https:\/\/rtt.ee\/en\/toode\/koopiamasinad-en\/a3-printer-skanner-koopiamasinad-en\/epson-ecotank-pro-m15180\/#breadcrumb"},"inLanguage":"en-US","potentialAction":[{"@type":"ReadAction","target":["https:\/\/rtt.ee\/en\/toode\/koopiamasinad-en\/a3-printer-skanner-koopiamasinad-en\/epson-ecotank-pro-m15180\/"]}]},{"@type":"ImageObject","inLanguage":"en-US","@id":"https:\/\/rtt.ee\/en\/toode\/koopiamasinad-en\/a3-printer-skanner-koopiamasinad-en\/epson-ecotank-pro-m15180\/#primaryimage","url":"https:\/\/rtt.ee\/wp-content\/uploads\/2021\/07\/31129-productpicture-lores-en-ecotank-pro-et-m16680_m15180_main.webp","contentUrl":"https:\/\/rtt.ee\/wp-content\/uploads\/2021\/07\/31129-productpicture-lores-en-ecotank-pro-et-m16680_m15180_main.webp","width":527,"height":388},{"@type":"BreadcrumbList","@id":"https:\/\/rtt.ee\/en\/toode\/koopiamasinad-en\/a3-printer-skanner-koopiamasinad-en\/epson-ecotank-pro-m15180\/#breadcrumb","itemListElement":[{"@type":"ListItem","position":1,"name":"Home","item":"https:\/\/rtt.ee\/en\/"},{"@type":"ListItem","position":2,"name":"Shop","item":"https:\/\/rtt.ee\/en\/shop\/"},{"@type":"ListItem","position":3,"name":"Printers &amp; Multifunctional printers","item":"https:\/\/rtt.ee\/en\/tootekategooria\/koopiamasinad-en\/"},{"@type":"ListItem","position":4,"name":"A3 Printer-Sk\u00e4nner-Koopiamasinad","item":"https:\/\/rtt.ee\/tootekategooria\/koopiamasinad\/a3-printer-skanner-koopiamasinad\/"},{"@type":"ListItem","position":5,"name":"Epson EcoTank Pro M15180 MF A3 Black Inkjet Printer"}]},{"@type":"WebSite","@id":"https:\/\/rtt.ee\/en\/#website","url":"https:\/\/rtt.ee\/en\/","name":"RTT","description":"Kassaaparaadid ja kontorikaubad","potentialAction":[{"@type":"SearchAction","target":{"@type":"EntryPoint","urlTemplate":"https:\/\/rtt.ee\/en\/?s={search_term_string}"},"query-input":{"@type":"PropertyValueSpecification","valueRequired":true,"valueName":"search_term_string"}}],"inLanguage":"en-US"}]}},"_links":{"self":[{"href":"https:\/\/rtt.ee\/en\/wp-json\/wp\/v2\/product\/7679","targetHints":{"allow":["GET"]}}],"collection":[{"href":"https:\/\/rtt.ee\/en\/wp-json\/wp\/v2\/product"}],"about":[{"href":"https:\/\/rtt.ee\/en\/wp-json\/wp\/v2\/types\/product"}],"wp:featuredmedia":[{"embeddable":true,"href":"https:\/\/rtt.ee\/en\/wp-json\/wp\/v2\/media\/12102"}],"wp:attachment":[{"href":"https:\/\/rtt.ee\/en\/wp-json\/wp\/v2\/media?parent=7679"}],"wp:term":[{"taxonomy":"product_brand","embeddable":true,"href":"https:\/\/rtt.ee\/en\/wp-json\/wp\/v2\/product_brand?post=7679"},{"taxonomy":"product_cat","embeddable":true,"href":"https:\/\/rtt.ee\/en\/wp-json\/wp\/v2\/product_cat?post=7679"},{"taxonomy":"product_tag","embeddable":true,"href":"https:\/\/rtt.ee\/en\/wp-json\/wp\/v2\/product_tag?post=7679"}],"curies":[{"name":"wp","href":"https:\/\/api.w.org\/{rel}","templated":true}]}}