{"id":2784,"date":"2018-10-16T00:47:27","date_gmt":"2018-10-15T21:47:27","guid":{"rendered":"https:\/\/rtt.ee\/toode\/maaratlemata\/open-c6\/"},"modified":"2025-07-07T21:20:47","modified_gmt":"2025-07-07T18:20:47","slug":"open-c6","status":"publish","type":"product","link":"https:\/\/rtt.ee\/en\/toode\/hinnapustolid-en\/open-c6\/","title":{"rendered":"Open C6"},"content":{"rendered":"<p>\u00c3\u0153herealine hinnap\u00fcstol<\/p>\n","protected":false},"excerpt":{"rendered":"<p>\u00c3\u0153herealine hinnap\u00fcstol<\/p>\n","protected":false},"featured_media":2785,"template":"","meta":{"_acf_changed":false},"product_brand":[],"product_cat":[143],"product_tag":[],"class_list":{"0":"post-2784","1":"product","2":"type-product","3":"status-publish","4":"has-post-thumbnail","6":"product_cat-hinnapustolid-en","8":"first","9":"outofstock","10":"taxable","11":"shipping-taxable","12":"purchasable","13":"product-type-simple"},"acf":[],"yoast_head":"<!-- This site is optimized with the Yoast SEO plugin v26.2 - https:\/\/yoast.com\/wordpress\/plugins\/seo\/ -->\n<title>Open C6 - RTT<\/title>\n<meta name=\"robots\" content=\"index, follow, max-snippet:-1, max-image-preview:large, max-video-preview:-1\" \/>\n<link rel=\"canonical\" href=\"https:\/\/rtt.ee\/en\/toode\/hinnapustolid-en\/open-c6\/\" \/>\n<meta property=\"og:locale\" content=\"en_US\" \/>\n<meta property=\"og:type\" content=\"article\" \/>\n<meta property=\"og:title\" content=\"Open C6 - RTT\" \/>\n<meta property=\"og:description\" content=\"\u00c3\u0153herealine hinnap\u00fcstol\" \/>\n<meta property=\"og:url\" content=\"https:\/\/rtt.ee\/en\/toode\/hinnapustolid-en\/open-c6\/\" \/>\n<meta property=\"og:site_name\" content=\"RTT\" \/>\n<meta property=\"article:modified_time\" content=\"2025-07-07T18:20:47+00:00\" \/>\n<meta property=\"og:image\" content=\"https:\/\/rtt.ee\/wp-content\/uploads\/2018\/10\/183_1_s.jpg\" \/>\n\t<meta property=\"og:image:width\" content=\"480\" \/>\n\t<meta property=\"og:image:height\" content=\"360\" \/>\n\t<meta property=\"og:image:type\" content=\"image\/jpeg\" \/>\n<meta name=\"twitter:card\" content=\"summary_large_image\" \/>\n<script type=\"application\/ld+json\" class=\"yoast-schema-graph\">{\"@context\":\"https:\/\/schema.org\",\"@graph\":[{\"@type\":\"WebPage\",\"@id\":\"https:\/\/rtt.ee\/en\/toode\/hinnapustolid-en\/open-c6\/\",\"url\":\"https:\/\/rtt.ee\/en\/toode\/hinnapustolid-en\/open-c6\/\",\"name\":\"Open C6 - RTT\",\"isPartOf\":{\"@id\":\"https:\/\/rtt.ee\/en\/#website\"},\"primaryImageOfPage\":{\"@id\":\"https:\/\/rtt.ee\/en\/toode\/hinnapustolid-en\/open-c6\/#primaryimage\"},\"image\":{\"@id\":\"https:\/\/rtt.ee\/en\/toode\/hinnapustolid-en\/open-c6\/#primaryimage\"},\"thumbnailUrl\":\"https:\/\/rtt.ee\/wp-content\/uploads\/2018\/10\/183_1_s.jpg\",\"datePublished\":\"2018-10-15T21:47:27+00:00\",\"dateModified\":\"2025-07-07T18:20:47+00:00\",\"breadcrumb\":{\"@id\":\"https:\/\/rtt.ee\/en\/toode\/hinnapustolid-en\/open-c6\/#breadcrumb\"},\"inLanguage\":\"en-US\",\"potentialAction\":[{\"@type\":\"ReadAction\",\"target\":[\"https:\/\/rtt.ee\/en\/toode\/hinnapustolid-en\/open-c6\/\"]}]},{\"@type\":\"ImageObject\",\"inLanguage\":\"en-US\",\"@id\":\"https:\/\/rtt.ee\/en\/toode\/hinnapustolid-en\/open-c6\/#primaryimage\",\"url\":\"https:\/\/rtt.ee\/wp-content\/uploads\/2018\/10\/183_1_s.jpg\",\"contentUrl\":\"https:\/\/rtt.ee\/wp-content\/uploads\/2018\/10\/183_1_s.jpg\",\"width\":480,\"height\":360},{\"@type\":\"BreadcrumbList\",\"@id\":\"https:\/\/rtt.ee\/en\/toode\/hinnapustolid-en\/open-c6\/#breadcrumb\",\"itemListElement\":[{\"@type\":\"ListItem\",\"position\":1,\"name\":\"Home\",\"item\":\"https:\/\/rtt.ee\/en\/\"},{\"@type\":\"ListItem\",\"position\":2,\"name\":\"Shop\",\"item\":\"https:\/\/rtt.ee\/en\/shop\/\"},{\"@type\":\"ListItem\",\"position\":3,\"name\":\"Hinnap\u00fcstolid\",\"item\":\"https:\/\/rtt.ee\/tootekategooria\/hinnapustolid\/\"},{\"@type\":\"ListItem\",\"position\":4,\"name\":\"Open C6\"}]},{\"@type\":\"WebSite\",\"@id\":\"https:\/\/rtt.ee\/en\/#website\",\"url\":\"https:\/\/rtt.ee\/en\/\",\"name\":\"RTT\",\"description\":\"Kassaaparaadid ja kontorikaubad\",\"potentialAction\":[{\"@type\":\"SearchAction\",\"target\":{\"@type\":\"EntryPoint\",\"urlTemplate\":\"https:\/\/rtt.ee\/en\/?s={search_term_string}\"},\"query-input\":{\"@type\":\"PropertyValueSpecification\",\"valueRequired\":true,\"valueName\":\"search_term_string\"}}],\"inLanguage\":\"en-US\"}]}<\/script>\n<!-- \/ Yoast SEO plugin. -->","yoast_head_json":{"title":"Open C6 - RTT","robots":{"index":"index","follow":"follow","max-snippet":"max-snippet:-1","max-image-preview":"max-image-preview:large","max-video-preview":"max-video-preview:-1"},"canonical":"https:\/\/rtt.ee\/en\/toode\/hinnapustolid-en\/open-c6\/","og_locale":"en_US","og_type":"article","og_title":"Open C6 - RTT","og_description":"\u00c3\u0153herealine hinnap\u00fcstol","og_url":"https:\/\/rtt.ee\/en\/toode\/hinnapustolid-en\/open-c6\/","og_site_name":"RTT","article_modified_time":"2025-07-07T18:20:47+00:00","og_image":[{"width":480,"height":360,"url":"https:\/\/rtt.ee\/wp-content\/uploads\/2018\/10\/183_1_s.jpg","type":"image\/jpeg"}],"twitter_card":"summary_large_image","schema":{"@context":"https:\/\/schema.org","@graph":[{"@type":"WebPage","@id":"https:\/\/rtt.ee\/en\/toode\/hinnapustolid-en\/open-c6\/","url":"https:\/\/rtt.ee\/en\/toode\/hinnapustolid-en\/open-c6\/","name":"Open C6 - RTT","isPartOf":{"@id":"https:\/\/rtt.ee\/en\/#website"},"primaryImageOfPage":{"@id":"https:\/\/rtt.ee\/en\/toode\/hinnapustolid-en\/open-c6\/#primaryimage"},"image":{"@id":"https:\/\/rtt.ee\/en\/toode\/hinnapustolid-en\/open-c6\/#primaryimage"},"thumbnailUrl":"https:\/\/rtt.ee\/wp-content\/uploads\/2018\/10\/183_1_s.jpg","datePublished":"2018-10-15T21:47:27+00:00","dateModified":"2025-07-07T18:20:47+00:00","breadcrumb":{"@id":"https:\/\/rtt.ee\/en\/toode\/hinnapustolid-en\/open-c6\/#breadcrumb"},"inLanguage":"en-US","potentialAction":[{"@type":"ReadAction","target":["https:\/\/rtt.ee\/en\/toode\/hinnapustolid-en\/open-c6\/"]}]},{"@type":"ImageObject","inLanguage":"en-US","@id":"https:\/\/rtt.ee\/en\/toode\/hinnapustolid-en\/open-c6\/#primaryimage","url":"https:\/\/rtt.ee\/wp-content\/uploads\/2018\/10\/183_1_s.jpg","contentUrl":"https:\/\/rtt.ee\/wp-content\/uploads\/2018\/10\/183_1_s.jpg","width":480,"height":360},{"@type":"BreadcrumbList","@id":"https:\/\/rtt.ee\/en\/toode\/hinnapustolid-en\/open-c6\/#breadcrumb","itemListElement":[{"@type":"ListItem","position":1,"name":"Home","item":"https:\/\/rtt.ee\/en\/"},{"@type":"ListItem","position":2,"name":"Shop","item":"https:\/\/rtt.ee\/en\/shop\/"},{"@type":"ListItem","position":3,"name":"Hinnap\u00fcstolid","item":"https:\/\/rtt.ee\/tootekategooria\/hinnapustolid\/"},{"@type":"ListItem","position":4,"name":"Open C6"}]},{"@type":"WebSite","@id":"https:\/\/rtt.ee\/en\/#website","url":"https:\/\/rtt.ee\/en\/","name":"RTT","description":"Kassaaparaadid ja kontorikaubad","potentialAction":[{"@type":"SearchAction","target":{"@type":"EntryPoint","urlTemplate":"https:\/\/rtt.ee\/en\/?s={search_term_string}"},"query-input":{"@type":"PropertyValueSpecification","valueRequired":true,"valueName":"search_term_string"}}],"inLanguage":"en-US"}]}},"_links":{"self":[{"href":"https:\/\/rtt.ee\/en\/wp-json\/wp\/v2\/product\/2784","targetHints":{"allow":["GET"]}}],"collection":[{"href":"https:\/\/rtt.ee\/en\/wp-json\/wp\/v2\/product"}],"about":[{"href":"https:\/\/rtt.ee\/en\/wp-json\/wp\/v2\/types\/product"}],"wp:featuredmedia":[{"embeddable":true,"href":"https:\/\/rtt.ee\/en\/wp-json\/wp\/v2\/media\/2785"}],"wp:attachment":[{"href":"https:\/\/rtt.ee\/en\/wp-json\/wp\/v2\/media?parent=2784"}],"wp:term":[{"taxonomy":"product_brand","embeddable":true,"href":"https:\/\/rtt.ee\/en\/wp-json\/wp\/v2\/product_brand?post=2784"},{"taxonomy":"product_cat","embeddable":true,"href":"https:\/\/rtt.ee\/en\/wp-json\/wp\/v2\/product_cat?post=2784"},{"taxonomy":"product_tag","embeddable":true,"href":"https:\/\/rtt.ee\/en\/wp-json\/wp\/v2\/product_tag?post=2784"}],"curies":[{"name":"wp","href":"https:\/\/api.w.org\/{rel}","templated":true}]}}