{"id":2424,"date":"2018-10-16T02:09:05","date_gmt":"2018-10-15T23:09:05","guid":{"rendered":"https:\/\/rtt.ee\/toode\/maaratlemata\/etiketikerija-cat-3-chuck\/"},"modified":"2025-07-07T21:20:33","modified_gmt":"2025-07-07T18:20:33","slug":"label-rewinder-cat-3-chuck","status":"publish","type":"product","link":"https:\/\/rtt.ee\/en\/toode\/printerid-en\/etiketikerija-en\/label-rewinder-cat-3-chuck\/","title":{"rendered":"Label Rewinder CAT-3-CHUCK"},"content":{"rendered":"<div style=\"border: 1px;\"><strong>Etiketikerija.<\/strong><br \/>\n<strong>Etiketi laius:\u00a0<\/strong>\u00a0kuni 170\u00a0mm.<br \/>\n<strong>Maksimum rulli raskus:<\/strong>\u00a05 Kg.<br \/>\n<strong>Etiketirulli diameeter:<\/strong>\u00a0 300\u00a0mm.<br \/>\n<strong>S\u00fcdamiku l\u00e4bim\u00f5\u00f5t: 76mm<br \/>\nEtiketi kerimiskiirus : \u00a0125<\/strong>+ cm\/sec.<br \/>\n<strong>Start\/Stop:<\/strong>\u00a0 ON-OFF l\u00fclitus<br \/>\n230 vac 50Hz.<br \/>\n<strong>M\u00f5\u00f5dud:\u00a0<\/strong>H-W-D 300\u00a0x<strong>\u00a0385<\/strong>\u00a0x 320-mm. kaal\u00a0<strong>:\u00a0<\/strong>8 kg.<\/div>\n","protected":false},"excerpt":{"rendered":"<p>Etiketikerija. Etiketi laius:\u00a0\u00a0kuni 170\u00a0mm. Maksimum rulli raskus:\u00a05 Kg. Etiketirulli diameeter:\u00a0 300\u00a0mm. S\u00fcdamiku l\u00e4bim\u00f5\u00f5t: 76mm Etiketi kerimiskiirus : \u00a0125+ cm\/sec. Start\/Stop:\u00a0 ON-OFF l\u00fclitus 230 vac 50Hz. M\u00f5\u00f5dud:\u00a0H-W-D 300\u00a0x\u00a0385\u00a0x 320-mm. kaal\u00a0:\u00a08 kg.<\/p>\n","protected":false},"featured_media":2425,"template":"","meta":{"_acf_changed":false},"product_brand":[],"product_cat":[130],"product_tag":[],"class_list":{"0":"post-2424","1":"product","2":"type-product","3":"status-publish","4":"has-post-thumbnail","6":"product_cat-etiketikerija-en","8":"first","9":"outofstock","10":"taxable","11":"shipping-taxable","12":"purchasable","13":"product-type-simple"},"acf":[],"yoast_head":"<!-- This site is optimized with the Yoast SEO plugin v26.2 - https:\/\/yoast.com\/wordpress\/plugins\/seo\/ -->\n<title>Label Rewinder CAT-3-CHUCK - RTT<\/title>\n<meta name=\"robots\" content=\"index, follow, max-snippet:-1, max-image-preview:large, max-video-preview:-1\" \/>\n<link rel=\"canonical\" href=\"https:\/\/rtt.ee\/toode\/printerid\/etiketikerija\/etiketikerija-cat-3-chuck\/\" \/>\n<meta property=\"og:locale\" content=\"en_US\" \/>\n<meta property=\"og:type\" content=\"article\" \/>\n<meta property=\"og:title\" content=\"Label Rewinder CAT-3-CHUCK - RTT\" \/>\n<meta property=\"og:description\" content=\"Etiketikerija. Etiketi laius:\u00a0\u00a0kuni 170\u00a0mm. Maksimum rulli raskus:\u00a05 Kg. Etiketirulli diameeter:\u00a0 300\u00a0mm. S\u00fcdamiku l\u00e4bim\u00f5\u00f5t: 76mm Etiketi kerimiskiirus : \u00a0125+ cm\/sec. Start\/Stop:\u00a0 ON-OFF l\u00fclitus 230 vac 50Hz. M\u00f5\u00f5dud:\u00a0H-W-D 300\u00a0x\u00a0385\u00a0x 320-mm. kaal\u00a0:\u00a08 kg.\" \/>\n<meta property=\"og:url\" content=\"https:\/\/rtt.ee\/toode\/printerid\/etiketikerija\/etiketikerija-cat-3-chuck\/\" \/>\n<meta property=\"og:site_name\" content=\"RTT\" \/>\n<meta property=\"article:modified_time\" content=\"2025-07-07T18:20:33+00:00\" \/>\n<meta property=\"og:image\" content=\"https:\/\/rtt.ee\/wp-content\/uploads\/2018\/10\/565_1_s.jpg\" \/>\n\t<meta property=\"og:image:width\" content=\"283\" \/>\n\t<meta property=\"og:image:height\" content=\"208\" \/>\n\t<meta property=\"og:image:type\" content=\"image\/jpeg\" \/>\n<meta name=\"twitter:card\" content=\"summary_large_image\" \/>\n<script type=\"application\/ld+json\" class=\"yoast-schema-graph\">{\"@context\":\"https:\/\/schema.org\",\"@graph\":[{\"@type\":\"WebPage\",\"@id\":\"https:\/\/rtt.ee\/toode\/printerid\/etiketikerija\/etiketikerija-cat-3-chuck\/\",\"url\":\"https:\/\/rtt.ee\/toode\/printerid\/etiketikerija\/etiketikerija-cat-3-chuck\/\",\"name\":\"Label Rewinder CAT-3-CHUCK - RTT\",\"isPartOf\":{\"@id\":\"https:\/\/rtt.ee\/en\/#website\"},\"primaryImageOfPage\":{\"@id\":\"https:\/\/rtt.ee\/toode\/printerid\/etiketikerija\/etiketikerija-cat-3-chuck\/#primaryimage\"},\"image\":{\"@id\":\"https:\/\/rtt.ee\/toode\/printerid\/etiketikerija\/etiketikerija-cat-3-chuck\/#primaryimage\"},\"thumbnailUrl\":\"https:\/\/rtt.ee\/wp-content\/uploads\/2018\/10\/565_1_s.jpg\",\"datePublished\":\"2018-10-15T23:09:05+00:00\",\"dateModified\":\"2025-07-07T18:20:33+00:00\",\"breadcrumb\":{\"@id\":\"https:\/\/rtt.ee\/toode\/printerid\/etiketikerija\/etiketikerija-cat-3-chuck\/#breadcrumb\"},\"inLanguage\":\"en-US\",\"potentialAction\":[{\"@type\":\"ReadAction\",\"target\":[\"https:\/\/rtt.ee\/toode\/printerid\/etiketikerija\/etiketikerija-cat-3-chuck\/\"]}]},{\"@type\":\"ImageObject\",\"inLanguage\":\"en-US\",\"@id\":\"https:\/\/rtt.ee\/toode\/printerid\/etiketikerija\/etiketikerija-cat-3-chuck\/#primaryimage\",\"url\":\"https:\/\/rtt.ee\/wp-content\/uploads\/2018\/10\/565_1_s.jpg\",\"contentUrl\":\"https:\/\/rtt.ee\/wp-content\/uploads\/2018\/10\/565_1_s.jpg\",\"width\":283,\"height\":208},{\"@type\":\"BreadcrumbList\",\"@id\":\"https:\/\/rtt.ee\/toode\/printerid\/etiketikerija\/etiketikerija-cat-3-chuck\/#breadcrumb\",\"itemListElement\":[{\"@type\":\"ListItem\",\"position\":1,\"name\":\"Home\",\"item\":\"https:\/\/rtt.ee\/en\/\"},{\"@type\":\"ListItem\",\"position\":2,\"name\":\"Shop\",\"item\":\"https:\/\/rtt.ee\/en\/shop\/\"},{\"@type\":\"ListItem\",\"position\":3,\"name\":\"Printerid\",\"item\":\"https:\/\/rtt.ee\/tootekategooria\/printerid\/\"},{\"@type\":\"ListItem\",\"position\":4,\"name\":\"Etiketikerija\",\"item\":\"https:\/\/rtt.ee\/tootekategooria\/printerid\/etiketikerija\/\"},{\"@type\":\"ListItem\",\"position\":5,\"name\":\"Label Rewinder CAT-3-CHUCK\"}]},{\"@type\":\"WebSite\",\"@id\":\"https:\/\/rtt.ee\/en\/#website\",\"url\":\"https:\/\/rtt.ee\/en\/\",\"name\":\"RTT\",\"description\":\"Kassaaparaadid ja kontorikaubad\",\"potentialAction\":[{\"@type\":\"SearchAction\",\"target\":{\"@type\":\"EntryPoint\",\"urlTemplate\":\"https:\/\/rtt.ee\/en\/?s={search_term_string}\"},\"query-input\":{\"@type\":\"PropertyValueSpecification\",\"valueRequired\":true,\"valueName\":\"search_term_string\"}}],\"inLanguage\":\"en-US\"}]}<\/script>\n<!-- \/ Yoast SEO plugin. -->","yoast_head_json":{"title":"Label Rewinder CAT-3-CHUCK - RTT","robots":{"index":"index","follow":"follow","max-snippet":"max-snippet:-1","max-image-preview":"max-image-preview:large","max-video-preview":"max-video-preview:-1"},"canonical":"https:\/\/rtt.ee\/toode\/printerid\/etiketikerija\/etiketikerija-cat-3-chuck\/","og_locale":"en_US","og_type":"article","og_title":"Label Rewinder CAT-3-CHUCK - RTT","og_description":"Etiketikerija. Etiketi laius:\u00a0\u00a0kuni 170\u00a0mm. Maksimum rulli raskus:\u00a05 Kg. Etiketirulli diameeter:\u00a0 300\u00a0mm. S\u00fcdamiku l\u00e4bim\u00f5\u00f5t: 76mm Etiketi kerimiskiirus : \u00a0125+ cm\/sec. Start\/Stop:\u00a0 ON-OFF l\u00fclitus 230 vac 50Hz. M\u00f5\u00f5dud:\u00a0H-W-D 300\u00a0x\u00a0385\u00a0x 320-mm. kaal\u00a0:\u00a08 kg.","og_url":"https:\/\/rtt.ee\/toode\/printerid\/etiketikerija\/etiketikerija-cat-3-chuck\/","og_site_name":"RTT","article_modified_time":"2025-07-07T18:20:33+00:00","og_image":[{"width":283,"height":208,"url":"https:\/\/rtt.ee\/wp-content\/uploads\/2018\/10\/565_1_s.jpg","type":"image\/jpeg"}],"twitter_card":"summary_large_image","schema":{"@context":"https:\/\/schema.org","@graph":[{"@type":"WebPage","@id":"https:\/\/rtt.ee\/toode\/printerid\/etiketikerija\/etiketikerija-cat-3-chuck\/","url":"https:\/\/rtt.ee\/toode\/printerid\/etiketikerija\/etiketikerija-cat-3-chuck\/","name":"Label Rewinder CAT-3-CHUCK - RTT","isPartOf":{"@id":"https:\/\/rtt.ee\/en\/#website"},"primaryImageOfPage":{"@id":"https:\/\/rtt.ee\/toode\/printerid\/etiketikerija\/etiketikerija-cat-3-chuck\/#primaryimage"},"image":{"@id":"https:\/\/rtt.ee\/toode\/printerid\/etiketikerija\/etiketikerija-cat-3-chuck\/#primaryimage"},"thumbnailUrl":"https:\/\/rtt.ee\/wp-content\/uploads\/2018\/10\/565_1_s.jpg","datePublished":"2018-10-15T23:09:05+00:00","dateModified":"2025-07-07T18:20:33+00:00","breadcrumb":{"@id":"https:\/\/rtt.ee\/toode\/printerid\/etiketikerija\/etiketikerija-cat-3-chuck\/#breadcrumb"},"inLanguage":"en-US","potentialAction":[{"@type":"ReadAction","target":["https:\/\/rtt.ee\/toode\/printerid\/etiketikerija\/etiketikerija-cat-3-chuck\/"]}]},{"@type":"ImageObject","inLanguage":"en-US","@id":"https:\/\/rtt.ee\/toode\/printerid\/etiketikerija\/etiketikerija-cat-3-chuck\/#primaryimage","url":"https:\/\/rtt.ee\/wp-content\/uploads\/2018\/10\/565_1_s.jpg","contentUrl":"https:\/\/rtt.ee\/wp-content\/uploads\/2018\/10\/565_1_s.jpg","width":283,"height":208},{"@type":"BreadcrumbList","@id":"https:\/\/rtt.ee\/toode\/printerid\/etiketikerija\/etiketikerija-cat-3-chuck\/#breadcrumb","itemListElement":[{"@type":"ListItem","position":1,"name":"Home","item":"https:\/\/rtt.ee\/en\/"},{"@type":"ListItem","position":2,"name":"Shop","item":"https:\/\/rtt.ee\/en\/shop\/"},{"@type":"ListItem","position":3,"name":"Printerid","item":"https:\/\/rtt.ee\/tootekategooria\/printerid\/"},{"@type":"ListItem","position":4,"name":"Etiketikerija","item":"https:\/\/rtt.ee\/tootekategooria\/printerid\/etiketikerija\/"},{"@type":"ListItem","position":5,"name":"Label Rewinder CAT-3-CHUCK"}]},{"@type":"WebSite","@id":"https:\/\/rtt.ee\/en\/#website","url":"https:\/\/rtt.ee\/en\/","name":"RTT","description":"Kassaaparaadid ja kontorikaubad","potentialAction":[{"@type":"SearchAction","target":{"@type":"EntryPoint","urlTemplate":"https:\/\/rtt.ee\/en\/?s={search_term_string}"},"query-input":{"@type":"PropertyValueSpecification","valueRequired":true,"valueName":"search_term_string"}}],"inLanguage":"en-US"}]}},"_links":{"self":[{"href":"https:\/\/rtt.ee\/en\/wp-json\/wp\/v2\/product\/2424","targetHints":{"allow":["GET"]}}],"collection":[{"href":"https:\/\/rtt.ee\/en\/wp-json\/wp\/v2\/product"}],"about":[{"href":"https:\/\/rtt.ee\/en\/wp-json\/wp\/v2\/types\/product"}],"wp:featuredmedia":[{"embeddable":true,"href":"https:\/\/rtt.ee\/en\/wp-json\/wp\/v2\/media\/2425"}],"wp:attachment":[{"href":"https:\/\/rtt.ee\/en\/wp-json\/wp\/v2\/media?parent=2424"}],"wp:term":[{"taxonomy":"product_brand","embeddable":true,"href":"https:\/\/rtt.ee\/en\/wp-json\/wp\/v2\/product_brand?post=2424"},{"taxonomy":"product_cat","embeddable":true,"href":"https:\/\/rtt.ee\/en\/wp-json\/wp\/v2\/product_cat?post=2424"},{"taxonomy":"product_tag","embeddable":true,"href":"https:\/\/rtt.ee\/en\/wp-json\/wp\/v2\/product_tag?post=2424"}],"curies":[{"name":"wp","href":"https:\/\/api.w.org\/{rel}","templated":true}]}}