{"id":2422,"date":"2018-10-16T01:48:09","date_gmt":"2018-10-15T22:48:09","guid":{"rendered":"https:\/\/rtt.ee\/toode\/maaratlemata\/epson-tm-t20ii-taekiprinter-lan\/"},"modified":"2025-07-07T21:20:35","modified_gmt":"2025-07-07T18:20:35","slug":"epson-tm-t20ii-receipt-printer-lan","status":"publish","type":"product","link":"https:\/\/rtt.ee\/en\/toode\/printerid-en\/tsekiprinterid-en\/epson-tm-t20ii-receipt-printer-lan\/","title":{"rendered":"Epson TM-T20III Receipt printer LAN\/USB"},"content":{"rendered":"<p>203 DPI<br \/>\nPaberilaius 58\/80mm<br \/>\nKiirus: 250 mm\/s<br \/>\nLiides: LAN<\/p>\n<p>P.S. V\u00f5imalik tellida ka RS232 liidesega.<br \/>\nK\u00f6\u00f6giprintimiseks vajalik Buzzer 45 eur.<br \/>\nSobib iga kassas\u00fcsteemiga.<\/p>\n","protected":false},"excerpt":{"rendered":"<p>203 DPI Paberilaius 58\/80mm Kiirus: 250 mm\/s Liides: LAN P.S. V\u00f5imalik tellida ka RS232 liidesega. K\u00f6\u00f6giprintimiseks vajalik Buzzer 45 eur. Sobib iga kassas\u00fcsteemiga.<\/p>\n","protected":false},"featured_media":2423,"template":"","meta":{"_acf_changed":false},"product_brand":[],"product_cat":[131],"product_tag":[],"class_list":{"0":"post-2422","1":"product","2":"type-product","3":"status-publish","4":"has-post-thumbnail","6":"product_cat-tsekiprinterid-en","7":"product_brands-epson-en","9":"first","10":"instock","11":"taxable","12":"shipping-taxable","13":"purchasable","14":"product-type-simple"},"acf":[],"yoast_head":"<!-- This site is optimized with the Yoast SEO plugin v26.2 - https:\/\/yoast.com\/wordpress\/plugins\/seo\/ -->\n<title>Epson TM-T20III Receipt printer LAN\/USB - RTT<\/title>\n<meta name=\"robots\" content=\"index, follow, max-snippet:-1, max-image-preview:large, max-video-preview:-1\" \/>\n<link rel=\"canonical\" href=\"https:\/\/rtt.ee\/en\/toode\/printerid-en\/tsekiprinterid-en\/epson-tm-t20ii-receipt-printer-lan\/\" \/>\n<meta property=\"og:locale\" content=\"en_US\" \/>\n<meta property=\"og:type\" content=\"article\" \/>\n<meta property=\"og:title\" content=\"Epson TM-T20III Receipt printer LAN\/USB - RTT\" \/>\n<meta property=\"og:description\" content=\"203 DPI Paberilaius 58\/80mm Kiirus: 250 mm\/s Liides: LAN P.S. V\u00f5imalik tellida ka RS232 liidesega. K\u00f6\u00f6giprintimiseks vajalik Buzzer 45 eur. Sobib iga kassas\u00fcsteemiga.\" \/>\n<meta property=\"og:url\" content=\"https:\/\/rtt.ee\/en\/toode\/printerid-en\/tsekiprinterid-en\/epson-tm-t20ii-receipt-printer-lan\/\" \/>\n<meta property=\"og:site_name\" content=\"RTT\" \/>\n<meta property=\"article:modified_time\" content=\"2025-07-07T18:20:35+00:00\" \/>\n<meta property=\"og:image\" content=\"https:\/\/rtt.ee\/wp-content\/uploads\/2018\/10\/457_1_s.jpg\" \/>\n\t<meta property=\"og:image:width\" content=\"289\" \/>\n\t<meta property=\"og:image:height\" content=\"310\" \/>\n\t<meta property=\"og:image:type\" content=\"image\/jpeg\" \/>\n<meta name=\"twitter:card\" content=\"summary_large_image\" \/>\n<script type=\"application\/ld+json\" class=\"yoast-schema-graph\">{\"@context\":\"https:\/\/schema.org\",\"@graph\":[{\"@type\":\"WebPage\",\"@id\":\"https:\/\/rtt.ee\/en\/toode\/printerid-en\/tsekiprinterid-en\/epson-tm-t20ii-receipt-printer-lan\/\",\"url\":\"https:\/\/rtt.ee\/en\/toode\/printerid-en\/tsekiprinterid-en\/epson-tm-t20ii-receipt-printer-lan\/\",\"name\":\"Epson TM-T20III Receipt printer LAN\/USB - RTT\",\"isPartOf\":{\"@id\":\"https:\/\/rtt.ee\/en\/#website\"},\"primaryImageOfPage\":{\"@id\":\"https:\/\/rtt.ee\/en\/toode\/printerid-en\/tsekiprinterid-en\/epson-tm-t20ii-receipt-printer-lan\/#primaryimage\"},\"image\":{\"@id\":\"https:\/\/rtt.ee\/en\/toode\/printerid-en\/tsekiprinterid-en\/epson-tm-t20ii-receipt-printer-lan\/#primaryimage\"},\"thumbnailUrl\":\"https:\/\/rtt.ee\/wp-content\/uploads\/2018\/10\/457_1_s.jpg\",\"datePublished\":\"2018-10-15T22:48:09+00:00\",\"dateModified\":\"2025-07-07T18:20:35+00:00\",\"breadcrumb\":{\"@id\":\"https:\/\/rtt.ee\/en\/toode\/printerid-en\/tsekiprinterid-en\/epson-tm-t20ii-receipt-printer-lan\/#breadcrumb\"},\"inLanguage\":\"en-US\",\"potentialAction\":[{\"@type\":\"ReadAction\",\"target\":[\"https:\/\/rtt.ee\/en\/toode\/printerid-en\/tsekiprinterid-en\/epson-tm-t20ii-receipt-printer-lan\/\"]}]},{\"@type\":\"ImageObject\",\"inLanguage\":\"en-US\",\"@id\":\"https:\/\/rtt.ee\/en\/toode\/printerid-en\/tsekiprinterid-en\/epson-tm-t20ii-receipt-printer-lan\/#primaryimage\",\"url\":\"https:\/\/rtt.ee\/wp-content\/uploads\/2018\/10\/457_1_s.jpg\",\"contentUrl\":\"https:\/\/rtt.ee\/wp-content\/uploads\/2018\/10\/457_1_s.jpg\",\"width\":289,\"height\":310},{\"@type\":\"BreadcrumbList\",\"@id\":\"https:\/\/rtt.ee\/en\/toode\/printerid-en\/tsekiprinterid-en\/epson-tm-t20ii-receipt-printer-lan\/#breadcrumb\",\"itemListElement\":[{\"@type\":\"ListItem\",\"position\":1,\"name\":\"Home\",\"item\":\"https:\/\/rtt.ee\/en\/\"},{\"@type\":\"ListItem\",\"position\":2,\"name\":\"Shop\",\"item\":\"https:\/\/rtt.ee\/en\/shop\/\"},{\"@type\":\"ListItem\",\"position\":3,\"name\":\"Printers\",\"item\":\"https:\/\/rtt.ee\/en\/tootekategooria\/printerid-en\/\"},{\"@type\":\"ListItem\",\"position\":4,\"name\":\"Receipt printers\",\"item\":\"https:\/\/rtt.ee\/en\/tootekategooria\/printerid-en\/tsekiprinterid-en\/\"},{\"@type\":\"ListItem\",\"position\":5,\"name\":\"Epson TM-T20III Receipt printer LAN\/USB\"}]},{\"@type\":\"WebSite\",\"@id\":\"https:\/\/rtt.ee\/en\/#website\",\"url\":\"https:\/\/rtt.ee\/en\/\",\"name\":\"RTT\",\"description\":\"Kassaaparaadid ja kontorikaubad\",\"potentialAction\":[{\"@type\":\"SearchAction\",\"target\":{\"@type\":\"EntryPoint\",\"urlTemplate\":\"https:\/\/rtt.ee\/en\/?s={search_term_string}\"},\"query-input\":{\"@type\":\"PropertyValueSpecification\",\"valueRequired\":true,\"valueName\":\"search_term_string\"}}],\"inLanguage\":\"en-US\"}]}<\/script>\n<!-- \/ Yoast SEO plugin. -->","yoast_head_json":{"title":"Epson TM-T20III Receipt printer LAN\/USB - RTT","robots":{"index":"index","follow":"follow","max-snippet":"max-snippet:-1","max-image-preview":"max-image-preview:large","max-video-preview":"max-video-preview:-1"},"canonical":"https:\/\/rtt.ee\/en\/toode\/printerid-en\/tsekiprinterid-en\/epson-tm-t20ii-receipt-printer-lan\/","og_locale":"en_US","og_type":"article","og_title":"Epson TM-T20III Receipt printer LAN\/USB - RTT","og_description":"203 DPI Paberilaius 58\/80mm Kiirus: 250 mm\/s Liides: LAN P.S. V\u00f5imalik tellida ka RS232 liidesega. K\u00f6\u00f6giprintimiseks vajalik Buzzer 45 eur. Sobib iga kassas\u00fcsteemiga.","og_url":"https:\/\/rtt.ee\/en\/toode\/printerid-en\/tsekiprinterid-en\/epson-tm-t20ii-receipt-printer-lan\/","og_site_name":"RTT","article_modified_time":"2025-07-07T18:20:35+00:00","og_image":[{"width":289,"height":310,"url":"https:\/\/rtt.ee\/wp-content\/uploads\/2018\/10\/457_1_s.jpg","type":"image\/jpeg"}],"twitter_card":"summary_large_image","schema":{"@context":"https:\/\/schema.org","@graph":[{"@type":"WebPage","@id":"https:\/\/rtt.ee\/en\/toode\/printerid-en\/tsekiprinterid-en\/epson-tm-t20ii-receipt-printer-lan\/","url":"https:\/\/rtt.ee\/en\/toode\/printerid-en\/tsekiprinterid-en\/epson-tm-t20ii-receipt-printer-lan\/","name":"Epson TM-T20III Receipt printer LAN\/USB - RTT","isPartOf":{"@id":"https:\/\/rtt.ee\/en\/#website"},"primaryImageOfPage":{"@id":"https:\/\/rtt.ee\/en\/toode\/printerid-en\/tsekiprinterid-en\/epson-tm-t20ii-receipt-printer-lan\/#primaryimage"},"image":{"@id":"https:\/\/rtt.ee\/en\/toode\/printerid-en\/tsekiprinterid-en\/epson-tm-t20ii-receipt-printer-lan\/#primaryimage"},"thumbnailUrl":"https:\/\/rtt.ee\/wp-content\/uploads\/2018\/10\/457_1_s.jpg","datePublished":"2018-10-15T22:48:09+00:00","dateModified":"2025-07-07T18:20:35+00:00","breadcrumb":{"@id":"https:\/\/rtt.ee\/en\/toode\/printerid-en\/tsekiprinterid-en\/epson-tm-t20ii-receipt-printer-lan\/#breadcrumb"},"inLanguage":"en-US","potentialAction":[{"@type":"ReadAction","target":["https:\/\/rtt.ee\/en\/toode\/printerid-en\/tsekiprinterid-en\/epson-tm-t20ii-receipt-printer-lan\/"]}]},{"@type":"ImageObject","inLanguage":"en-US","@id":"https:\/\/rtt.ee\/en\/toode\/printerid-en\/tsekiprinterid-en\/epson-tm-t20ii-receipt-printer-lan\/#primaryimage","url":"https:\/\/rtt.ee\/wp-content\/uploads\/2018\/10\/457_1_s.jpg","contentUrl":"https:\/\/rtt.ee\/wp-content\/uploads\/2018\/10\/457_1_s.jpg","width":289,"height":310},{"@type":"BreadcrumbList","@id":"https:\/\/rtt.ee\/en\/toode\/printerid-en\/tsekiprinterid-en\/epson-tm-t20ii-receipt-printer-lan\/#breadcrumb","itemListElement":[{"@type":"ListItem","position":1,"name":"Home","item":"https:\/\/rtt.ee\/en\/"},{"@type":"ListItem","position":2,"name":"Shop","item":"https:\/\/rtt.ee\/en\/shop\/"},{"@type":"ListItem","position":3,"name":"Printers","item":"https:\/\/rtt.ee\/en\/tootekategooria\/printerid-en\/"},{"@type":"ListItem","position":4,"name":"Receipt printers","item":"https:\/\/rtt.ee\/en\/tootekategooria\/printerid-en\/tsekiprinterid-en\/"},{"@type":"ListItem","position":5,"name":"Epson TM-T20III Receipt printer LAN\/USB"}]},{"@type":"WebSite","@id":"https:\/\/rtt.ee\/en\/#website","url":"https:\/\/rtt.ee\/en\/","name":"RTT","description":"Kassaaparaadid ja kontorikaubad","potentialAction":[{"@type":"SearchAction","target":{"@type":"EntryPoint","urlTemplate":"https:\/\/rtt.ee\/en\/?s={search_term_string}"},"query-input":{"@type":"PropertyValueSpecification","valueRequired":true,"valueName":"search_term_string"}}],"inLanguage":"en-US"}]}},"_links":{"self":[{"href":"https:\/\/rtt.ee\/en\/wp-json\/wp\/v2\/product\/2422","targetHints":{"allow":["GET"]}}],"collection":[{"href":"https:\/\/rtt.ee\/en\/wp-json\/wp\/v2\/product"}],"about":[{"href":"https:\/\/rtt.ee\/en\/wp-json\/wp\/v2\/types\/product"}],"wp:featuredmedia":[{"embeddable":true,"href":"https:\/\/rtt.ee\/en\/wp-json\/wp\/v2\/media\/2423"}],"wp:attachment":[{"href":"https:\/\/rtt.ee\/en\/wp-json\/wp\/v2\/media?parent=2422"}],"wp:term":[{"taxonomy":"product_brand","embeddable":true,"href":"https:\/\/rtt.ee\/en\/wp-json\/wp\/v2\/product_brand?post=2422"},{"taxonomy":"product_cat","embeddable":true,"href":"https:\/\/rtt.ee\/en\/wp-json\/wp\/v2\/product_cat?post=2422"},{"taxonomy":"product_tag","embeddable":true,"href":"https:\/\/rtt.ee\/en\/wp-json\/wp\/v2\/product_tag?post=2422"}],"curies":[{"name":"wp","href":"https:\/\/api.w.org\/{rel}","templated":true}]}}