{"id":2412,"date":"2018-10-16T01:48:09","date_gmt":"2018-10-15T22:48:09","guid":{"rendered":"https:\/\/rtt.ee\/toode\/maaratlemata\/elcom-juhtmevaba-ka%c2%a4siska%c2%a4nner\/"},"modified":"2025-07-07T21:20:35","modified_gmt":"2025-07-07T18:20:35","slug":"elcom-wireless-scanner","status":"publish","type":"product","link":"https:\/\/rtt.ee\/en\/toode\/kassatehnika-en\/ribakoodi-skannerid-en\/elcom-wireless-scanner\/","title":{"rendered":"Elcom Wireless scanner"},"content":{"rendered":"<p>Juhtmevaba triipkoodilugeja<br \/>\nUSB jaam<br \/>\nJuhtmevaba kaugus kuni 300m<br \/>\nAku kestvus kuni 10 tundi<br \/>\nLugeja: Laser<br \/>\nStandardid:\u00a0Code 39, Full ASCII, Coda bar, Industrial 2 of 5, Interleave 2 of 5,<br \/>\nMatrix 2 of 5, Code 93, Code 128, Code 32, Standard Code 39, Ean 128, MSI,<br \/>\nEAN 8&amp;13, UPCA&amp;E, Plessey, DataBar14, TELEPE<\/p>\n<p>Sobib h\u00e4sti kohtadesse , kus baasjaama jaoks ei ole ruumi v\u00f5i on piiratud ligip\u00e4\u00e4s.<\/p>\n","protected":false},"excerpt":{"rendered":"<p>Juhtmevaba triipkoodilugeja USB jaam Juhtmevaba kaugus kuni 300m Aku kestvus kuni 10 tundi Lugeja: Laser Standardid:\u00a0Code 39, Full ASCII, Coda bar, Industrial 2 of 5, Interleave 2 of 5, Matrix 2 of 5, Code 93, Code 128, Code 32, Standard Code 39, Ean 128, MSI, EAN 8&amp;13, UPCA&amp;E, Plessey, DataBar14, TELEPE Sobib h\u00e4sti kohtadesse , [&hellip;]<\/p>\n","protected":false},"featured_media":2413,"template":"","meta":{"_acf_changed":false},"product_brand":[],"product_cat":[125],"product_tag":[],"class_list":{"0":"post-2412","1":"product","2":"type-product","3":"status-publish","4":"has-post-thumbnail","6":"product_cat-ribakoodi-skannerid-en","8":"first","9":"instock","10":"taxable","11":"shipping-taxable","12":"purchasable","13":"product-type-simple"},"acf":[],"yoast_head":"<!-- This site is optimized with the Yoast SEO plugin v26.2 - https:\/\/yoast.com\/wordpress\/plugins\/seo\/ -->\n<title>Elcom Wireless scanner - RTT<\/title>\n<meta name=\"robots\" content=\"index, follow, max-snippet:-1, max-image-preview:large, max-video-preview:-1\" \/>\n<link rel=\"canonical\" href=\"https:\/\/rtt.ee\/en\/toode\/kassatehnika-en\/ribakoodi-skannerid-en\/elcom-wireless-scanner\/\" \/>\n<meta property=\"og:locale\" content=\"en_US\" \/>\n<meta property=\"og:type\" content=\"article\" \/>\n<meta property=\"og:title\" content=\"Elcom Wireless scanner - RTT\" \/>\n<meta property=\"og:description\" content=\"Juhtmevaba triipkoodilugeja USB jaam Juhtmevaba kaugus kuni 300m Aku kestvus kuni 10 tundi Lugeja: Laser Standardid:\u00a0Code 39, Full ASCII, Coda bar, Industrial 2 of 5, Interleave 2 of 5, Matrix 2 of 5, Code 93, Code 128, Code 32, Standard Code 39, Ean 128, MSI, EAN 8&amp;13, UPCA&amp;E, Plessey, DataBar14, TELEPE Sobib h\u00e4sti kohtadesse , [&hellip;]\" \/>\n<meta property=\"og:url\" content=\"https:\/\/rtt.ee\/en\/toode\/kassatehnika-en\/ribakoodi-skannerid-en\/elcom-wireless-scanner\/\" \/>\n<meta property=\"og:site_name\" content=\"RTT\" \/>\n<meta property=\"article:modified_time\" content=\"2025-07-07T18:20:35+00:00\" \/>\n<meta property=\"og:image\" content=\"https:\/\/rtt.ee\/wp-content\/uploads\/2018\/10\/463_1_s-e1775833667658.jpg\" \/>\n\t<meta property=\"og:image:width\" content=\"800\" \/>\n\t<meta property=\"og:image:height\" content=\"533\" \/>\n\t<meta property=\"og:image:type\" content=\"image\/jpeg\" \/>\n<meta name=\"twitter:card\" content=\"summary_large_image\" \/>\n<script type=\"application\/ld+json\" class=\"yoast-schema-graph\">{\"@context\":\"https:\/\/schema.org\",\"@graph\":[{\"@type\":\"WebPage\",\"@id\":\"https:\/\/rtt.ee\/en\/toode\/kassatehnika-en\/ribakoodi-skannerid-en\/elcom-wireless-scanner\/\",\"url\":\"https:\/\/rtt.ee\/en\/toode\/kassatehnika-en\/ribakoodi-skannerid-en\/elcom-wireless-scanner\/\",\"name\":\"Elcom Wireless scanner - RTT\",\"isPartOf\":{\"@id\":\"https:\/\/rtt.ee\/en\/#website\"},\"primaryImageOfPage\":{\"@id\":\"https:\/\/rtt.ee\/en\/toode\/kassatehnika-en\/ribakoodi-skannerid-en\/elcom-wireless-scanner\/#primaryimage\"},\"image\":{\"@id\":\"https:\/\/rtt.ee\/en\/toode\/kassatehnika-en\/ribakoodi-skannerid-en\/elcom-wireless-scanner\/#primaryimage\"},\"thumbnailUrl\":\"https:\/\/rtt.ee\/wp-content\/uploads\/2018\/10\/463_1_s-e1775833667658.jpg\",\"datePublished\":\"2018-10-15T22:48:09+00:00\",\"dateModified\":\"2025-07-07T18:20:35+00:00\",\"breadcrumb\":{\"@id\":\"https:\/\/rtt.ee\/en\/toode\/kassatehnika-en\/ribakoodi-skannerid-en\/elcom-wireless-scanner\/#breadcrumb\"},\"inLanguage\":\"en-US\",\"potentialAction\":[{\"@type\":\"ReadAction\",\"target\":[\"https:\/\/rtt.ee\/en\/toode\/kassatehnika-en\/ribakoodi-skannerid-en\/elcom-wireless-scanner\/\"]}]},{\"@type\":\"ImageObject\",\"inLanguage\":\"en-US\",\"@id\":\"https:\/\/rtt.ee\/en\/toode\/kassatehnika-en\/ribakoodi-skannerid-en\/elcom-wireless-scanner\/#primaryimage\",\"url\":\"https:\/\/rtt.ee\/wp-content\/uploads\/2018\/10\/463_1_s-e1775833667658.jpg\",\"contentUrl\":\"https:\/\/rtt.ee\/wp-content\/uploads\/2018\/10\/463_1_s-e1775833667658.jpg\",\"width\":800,\"height\":533},{\"@type\":\"BreadcrumbList\",\"@id\":\"https:\/\/rtt.ee\/en\/toode\/kassatehnika-en\/ribakoodi-skannerid-en\/elcom-wireless-scanner\/#breadcrumb\",\"itemListElement\":[{\"@type\":\"ListItem\",\"position\":1,\"name\":\"Home\",\"item\":\"https:\/\/rtt.ee\/en\/\"},{\"@type\":\"ListItem\",\"position\":2,\"name\":\"Shop\",\"item\":\"https:\/\/rtt.ee\/en\/shop\/\"},{\"@type\":\"ListItem\",\"position\":3,\"name\":\"Cash register technology\",\"item\":\"https:\/\/rtt.ee\/en\/tootekategooria\/kassatehnika-en\/\"},{\"@type\":\"ListItem\",\"position\":4,\"name\":\"Ribakoodi sk\u00e4nnerid\",\"item\":\"https:\/\/rtt.ee\/tootekategooria\/kassatehnika\/ribakoodi-skannerid\/\"},{\"@type\":\"ListItem\",\"position\":5,\"name\":\"Elcom Wireless scanner\"}]},{\"@type\":\"WebSite\",\"@id\":\"https:\/\/rtt.ee\/en\/#website\",\"url\":\"https:\/\/rtt.ee\/en\/\",\"name\":\"RTT\",\"description\":\"Kassaaparaadid ja kontorikaubad\",\"potentialAction\":[{\"@type\":\"SearchAction\",\"target\":{\"@type\":\"EntryPoint\",\"urlTemplate\":\"https:\/\/rtt.ee\/en\/?s={search_term_string}\"},\"query-input\":{\"@type\":\"PropertyValueSpecification\",\"valueRequired\":true,\"valueName\":\"search_term_string\"}}],\"inLanguage\":\"en-US\"}]}<\/script>\n<!-- \/ Yoast SEO plugin. -->","yoast_head_json":{"title":"Elcom Wireless scanner - RTT","robots":{"index":"index","follow":"follow","max-snippet":"max-snippet:-1","max-image-preview":"max-image-preview:large","max-video-preview":"max-video-preview:-1"},"canonical":"https:\/\/rtt.ee\/en\/toode\/kassatehnika-en\/ribakoodi-skannerid-en\/elcom-wireless-scanner\/","og_locale":"en_US","og_type":"article","og_title":"Elcom Wireless scanner - RTT","og_description":"Juhtmevaba triipkoodilugeja USB jaam Juhtmevaba kaugus kuni 300m Aku kestvus kuni 10 tundi Lugeja: Laser Standardid:\u00a0Code 39, Full ASCII, Coda bar, Industrial 2 of 5, Interleave 2 of 5, Matrix 2 of 5, Code 93, Code 128, Code 32, Standard Code 39, Ean 128, MSI, EAN 8&amp;13, UPCA&amp;E, Plessey, DataBar14, TELEPE Sobib h\u00e4sti kohtadesse , [&hellip;]","og_url":"https:\/\/rtt.ee\/en\/toode\/kassatehnika-en\/ribakoodi-skannerid-en\/elcom-wireless-scanner\/","og_site_name":"RTT","article_modified_time":"2025-07-07T18:20:35+00:00","og_image":[{"width":800,"height":533,"url":"https:\/\/rtt.ee\/wp-content\/uploads\/2018\/10\/463_1_s-e1775833667658.jpg","type":"image\/jpeg"}],"twitter_card":"summary_large_image","schema":{"@context":"https:\/\/schema.org","@graph":[{"@type":"WebPage","@id":"https:\/\/rtt.ee\/en\/toode\/kassatehnika-en\/ribakoodi-skannerid-en\/elcom-wireless-scanner\/","url":"https:\/\/rtt.ee\/en\/toode\/kassatehnika-en\/ribakoodi-skannerid-en\/elcom-wireless-scanner\/","name":"Elcom Wireless scanner - RTT","isPartOf":{"@id":"https:\/\/rtt.ee\/en\/#website"},"primaryImageOfPage":{"@id":"https:\/\/rtt.ee\/en\/toode\/kassatehnika-en\/ribakoodi-skannerid-en\/elcom-wireless-scanner\/#primaryimage"},"image":{"@id":"https:\/\/rtt.ee\/en\/toode\/kassatehnika-en\/ribakoodi-skannerid-en\/elcom-wireless-scanner\/#primaryimage"},"thumbnailUrl":"https:\/\/rtt.ee\/wp-content\/uploads\/2018\/10\/463_1_s-e1775833667658.jpg","datePublished":"2018-10-15T22:48:09+00:00","dateModified":"2025-07-07T18:20:35+00:00","breadcrumb":{"@id":"https:\/\/rtt.ee\/en\/toode\/kassatehnika-en\/ribakoodi-skannerid-en\/elcom-wireless-scanner\/#breadcrumb"},"inLanguage":"en-US","potentialAction":[{"@type":"ReadAction","target":["https:\/\/rtt.ee\/en\/toode\/kassatehnika-en\/ribakoodi-skannerid-en\/elcom-wireless-scanner\/"]}]},{"@type":"ImageObject","inLanguage":"en-US","@id":"https:\/\/rtt.ee\/en\/toode\/kassatehnika-en\/ribakoodi-skannerid-en\/elcom-wireless-scanner\/#primaryimage","url":"https:\/\/rtt.ee\/wp-content\/uploads\/2018\/10\/463_1_s-e1775833667658.jpg","contentUrl":"https:\/\/rtt.ee\/wp-content\/uploads\/2018\/10\/463_1_s-e1775833667658.jpg","width":800,"height":533},{"@type":"BreadcrumbList","@id":"https:\/\/rtt.ee\/en\/toode\/kassatehnika-en\/ribakoodi-skannerid-en\/elcom-wireless-scanner\/#breadcrumb","itemListElement":[{"@type":"ListItem","position":1,"name":"Home","item":"https:\/\/rtt.ee\/en\/"},{"@type":"ListItem","position":2,"name":"Shop","item":"https:\/\/rtt.ee\/en\/shop\/"},{"@type":"ListItem","position":3,"name":"Cash register technology","item":"https:\/\/rtt.ee\/en\/tootekategooria\/kassatehnika-en\/"},{"@type":"ListItem","position":4,"name":"Ribakoodi sk\u00e4nnerid","item":"https:\/\/rtt.ee\/tootekategooria\/kassatehnika\/ribakoodi-skannerid\/"},{"@type":"ListItem","position":5,"name":"Elcom Wireless scanner"}]},{"@type":"WebSite","@id":"https:\/\/rtt.ee\/en\/#website","url":"https:\/\/rtt.ee\/en\/","name":"RTT","description":"Kassaaparaadid ja kontorikaubad","potentialAction":[{"@type":"SearchAction","target":{"@type":"EntryPoint","urlTemplate":"https:\/\/rtt.ee\/en\/?s={search_term_string}"},"query-input":{"@type":"PropertyValueSpecification","valueRequired":true,"valueName":"search_term_string"}}],"inLanguage":"en-US"}]}},"_links":{"self":[{"href":"https:\/\/rtt.ee\/en\/wp-json\/wp\/v2\/product\/2412","targetHints":{"allow":["GET"]}}],"collection":[{"href":"https:\/\/rtt.ee\/en\/wp-json\/wp\/v2\/product"}],"about":[{"href":"https:\/\/rtt.ee\/en\/wp-json\/wp\/v2\/types\/product"}],"wp:featuredmedia":[{"embeddable":true,"href":"https:\/\/rtt.ee\/en\/wp-json\/wp\/v2\/media\/2413"}],"wp:attachment":[{"href":"https:\/\/rtt.ee\/en\/wp-json\/wp\/v2\/media?parent=2412"}],"wp:term":[{"taxonomy":"product_brand","embeddable":true,"href":"https:\/\/rtt.ee\/en\/wp-json\/wp\/v2\/product_brand?post=2412"},{"taxonomy":"product_cat","embeddable":true,"href":"https:\/\/rtt.ee\/en\/wp-json\/wp\/v2\/product_cat?post=2412"},{"taxonomy":"product_tag","embeddable":true,"href":"https:\/\/rtt.ee\/en\/wp-json\/wp\/v2\/product_tag?post=2412"}],"curies":[{"name":"wp","href":"https:\/\/api.w.org\/{rel}","templated":true}]}}