{"id":2407,"date":"2018-10-16T01:48:09","date_gmt":"2018-10-15T22:48:09","guid":{"rendered":"https:\/\/rtt.ee\/toode\/maaratlemata\/reklaamekraan-pakett-i\/"},"modified":"2025-07-07T21:20:35","modified_gmt":"2025-07-07T18:20:35","slug":"reklaamekraan-pakett-i","status":"publish","type":"product","link":"https:\/\/rtt.ee\/en\/toode\/reklaamekraanid-en\/reklaamekraan-pakett-i\/","title":{"rendered":"Reklaamekraan Pakett I"},"content":{"rendered":"<p>Digital Signage ehk Digitaalne infoekraan on m\u00f5eldud k\u00f5igile ettev\u00f5tetele, kellele on oluline visuaalne reklaami ja info edastamine. Antud pakett v\u00f5imaldab \u00a0koostada omale sobilik sisu ning j\u00e4rjestus etteantud kellaaegadel. H\u00e4sti populaarseks on ka saanud disainsisu , kus kasutatakse loodusfotosid v\u00f5i erinevaid k\u00f5rgkvaliteediga videosid, mis muudab ruumi modernseks ja hubaseks. Muuda oma \u00e4ri atraktiivseks ning kasuta selleks \u00fcht odavamat reklaamallikat<\/p>\n<p>M\u00f5ningad eelised:<br \/>\n1. Fantastilise kvaliteediga pilt<br \/>\n2. Suurep\u00e4rane kontrast, mis tagab n\u00e4htavuse ka \u00fclevalgustatud tubades.<br \/>\n3. 178 kraadi vaatenurk<br \/>\n4. Madal voolutarve (75W)<br \/>\n5. Uusin Led tehnoloogia<br \/>\n6. VESA kinnitus<\/p>\n<p>Antud lahendus sisaldab 40&#8243; professionaalset infoekraani, sisuhaldustarkvara ja VESA kinnitust.<br \/>\nTehnilise info saamiseks p\u00f6\u00f6rduge <a href=\"mailto:info@rtt.ee\">info@rtt.ee<\/a> v\u00f5i\u00a0\u00a0611 2258<\/p>\n","protected":false},"excerpt":{"rendered":"<p>Digital Signage ehk Digitaalne infoekraan on m\u00f5eldud k\u00f5igile ettev\u00f5tetele, kellele on oluline visuaalne reklaami ja info edastamine. Antud pakett v\u00f5imaldab \u00a0koostada omale sobilik sisu ning j\u00e4rjestus etteantud kellaaegadel. H\u00e4sti populaarseks on ka saanud disainsisu , kus kasutatakse loodusfotosid v\u00f5i erinevaid k\u00f5rgkvaliteediga videosid, mis muudab ruumi modernseks ja hubaseks. Muuda oma \u00e4ri atraktiivseks ning kasuta selleks [&hellip;]<\/p>\n","protected":false},"featured_media":2408,"template":"","meta":{"_acf_changed":false},"product_brand":[],"product_cat":[145],"product_tag":[],"class_list":{"0":"post-2407","1":"product","2":"type-product","3":"status-publish","4":"has-post-thumbnail","6":"product_cat-reklaamekraanid-en","7":"product_brands-toshiba-en","9":"first","10":"outofstock","11":"taxable","12":"shipping-taxable","13":"purchasable","14":"product-type-simple"},"acf":[],"yoast_head":"<!-- This site is optimized with the Yoast SEO plugin v26.2 - https:\/\/yoast.com\/wordpress\/plugins\/seo\/ -->\n<title>Reklaamekraan Pakett I - RTT<\/title>\n<meta name=\"robots\" content=\"index, follow, max-snippet:-1, max-image-preview:large, max-video-preview:-1\" \/>\n<link rel=\"canonical\" href=\"https:\/\/rtt.ee\/en\/toode\/reklaamekraanid-en\/reklaamekraan-pakett-i\/\" \/>\n<meta property=\"og:locale\" content=\"en_US\" \/>\n<meta property=\"og:type\" content=\"article\" \/>\n<meta property=\"og:title\" content=\"Reklaamekraan Pakett I - RTT\" \/>\n<meta property=\"og:description\" content=\"Digital Signage ehk Digitaalne infoekraan on m\u00f5eldud k\u00f5igile ettev\u00f5tetele, kellele on oluline visuaalne reklaami ja info edastamine. Antud pakett v\u00f5imaldab \u00a0koostada omale sobilik sisu ning j\u00e4rjestus etteantud kellaaegadel. H\u00e4sti populaarseks on ka saanud disainsisu , kus kasutatakse loodusfotosid v\u00f5i erinevaid k\u00f5rgkvaliteediga videosid, mis muudab ruumi modernseks ja hubaseks. Muuda oma \u00e4ri atraktiivseks ning kasuta selleks [&hellip;]\" \/>\n<meta property=\"og:url\" content=\"https:\/\/rtt.ee\/en\/toode\/reklaamekraanid-en\/reklaamekraan-pakett-i\/\" \/>\n<meta property=\"og:site_name\" content=\"RTT\" \/>\n<meta property=\"article:modified_time\" content=\"2025-07-07T18:20:35+00:00\" \/>\n<meta property=\"og:image\" content=\"https:\/\/rtt.ee\/wp-content\/uploads\/2018\/10\/466_1_s.jpg\" \/>\n\t<meta property=\"og:image:width\" content=\"446\" \/>\n\t<meta property=\"og:image:height\" content=\"272\" \/>\n\t<meta property=\"og:image:type\" content=\"image\/jpeg\" \/>\n<meta name=\"twitter:card\" content=\"summary_large_image\" \/>\n<meta name=\"twitter:label1\" content=\"Est. reading time\" \/>\n\t<meta name=\"twitter:data1\" content=\"1 minute\" \/>\n<script type=\"application\/ld+json\" class=\"yoast-schema-graph\">{\"@context\":\"https:\/\/schema.org\",\"@graph\":[{\"@type\":\"WebPage\",\"@id\":\"https:\/\/rtt.ee\/en\/toode\/reklaamekraanid-en\/reklaamekraan-pakett-i\/\",\"url\":\"https:\/\/rtt.ee\/en\/toode\/reklaamekraanid-en\/reklaamekraan-pakett-i\/\",\"name\":\"Reklaamekraan Pakett I - RTT\",\"isPartOf\":{\"@id\":\"https:\/\/rtt.ee\/en\/#website\"},\"primaryImageOfPage\":{\"@id\":\"https:\/\/rtt.ee\/en\/toode\/reklaamekraanid-en\/reklaamekraan-pakett-i\/#primaryimage\"},\"image\":{\"@id\":\"https:\/\/rtt.ee\/en\/toode\/reklaamekraanid-en\/reklaamekraan-pakett-i\/#primaryimage\"},\"thumbnailUrl\":\"https:\/\/rtt.ee\/wp-content\/uploads\/2018\/10\/466_1_s.jpg\",\"datePublished\":\"2018-10-15T22:48:09+00:00\",\"dateModified\":\"2025-07-07T18:20:35+00:00\",\"breadcrumb\":{\"@id\":\"https:\/\/rtt.ee\/en\/toode\/reklaamekraanid-en\/reklaamekraan-pakett-i\/#breadcrumb\"},\"inLanguage\":\"en-US\",\"potentialAction\":[{\"@type\":\"ReadAction\",\"target\":[\"https:\/\/rtt.ee\/en\/toode\/reklaamekraanid-en\/reklaamekraan-pakett-i\/\"]}]},{\"@type\":\"ImageObject\",\"inLanguage\":\"en-US\",\"@id\":\"https:\/\/rtt.ee\/en\/toode\/reklaamekraanid-en\/reklaamekraan-pakett-i\/#primaryimage\",\"url\":\"https:\/\/rtt.ee\/wp-content\/uploads\/2018\/10\/466_1_s.jpg\",\"contentUrl\":\"https:\/\/rtt.ee\/wp-content\/uploads\/2018\/10\/466_1_s.jpg\",\"width\":446,\"height\":272},{\"@type\":\"BreadcrumbList\",\"@id\":\"https:\/\/rtt.ee\/en\/toode\/reklaamekraanid-en\/reklaamekraan-pakett-i\/#breadcrumb\",\"itemListElement\":[{\"@type\":\"ListItem\",\"position\":1,\"name\":\"Home\",\"item\":\"https:\/\/rtt.ee\/en\/\"},{\"@type\":\"ListItem\",\"position\":2,\"name\":\"Shop\",\"item\":\"https:\/\/rtt.ee\/en\/shop\/\"},{\"@type\":\"ListItem\",\"position\":3,\"name\":\"Reklaamekraanid\",\"item\":\"https:\/\/rtt.ee\/tootekategooria\/reklaamekraanid\/\"},{\"@type\":\"ListItem\",\"position\":4,\"name\":\"Reklaamekraan Pakett I\"}]},{\"@type\":\"WebSite\",\"@id\":\"https:\/\/rtt.ee\/en\/#website\",\"url\":\"https:\/\/rtt.ee\/en\/\",\"name\":\"RTT\",\"description\":\"Kassaaparaadid ja kontorikaubad\",\"potentialAction\":[{\"@type\":\"SearchAction\",\"target\":{\"@type\":\"EntryPoint\",\"urlTemplate\":\"https:\/\/rtt.ee\/en\/?s={search_term_string}\"},\"query-input\":{\"@type\":\"PropertyValueSpecification\",\"valueRequired\":true,\"valueName\":\"search_term_string\"}}],\"inLanguage\":\"en-US\"}]}<\/script>\n<!-- \/ Yoast SEO plugin. -->","yoast_head_json":{"title":"Reklaamekraan Pakett I - RTT","robots":{"index":"index","follow":"follow","max-snippet":"max-snippet:-1","max-image-preview":"max-image-preview:large","max-video-preview":"max-video-preview:-1"},"canonical":"https:\/\/rtt.ee\/en\/toode\/reklaamekraanid-en\/reklaamekraan-pakett-i\/","og_locale":"en_US","og_type":"article","og_title":"Reklaamekraan Pakett I - RTT","og_description":"Digital Signage ehk Digitaalne infoekraan on m\u00f5eldud k\u00f5igile ettev\u00f5tetele, kellele on oluline visuaalne reklaami ja info edastamine. Antud pakett v\u00f5imaldab \u00a0koostada omale sobilik sisu ning j\u00e4rjestus etteantud kellaaegadel. H\u00e4sti populaarseks on ka saanud disainsisu , kus kasutatakse loodusfotosid v\u00f5i erinevaid k\u00f5rgkvaliteediga videosid, mis muudab ruumi modernseks ja hubaseks. Muuda oma \u00e4ri atraktiivseks ning kasuta selleks [&hellip;]","og_url":"https:\/\/rtt.ee\/en\/toode\/reklaamekraanid-en\/reklaamekraan-pakett-i\/","og_site_name":"RTT","article_modified_time":"2025-07-07T18:20:35+00:00","og_image":[{"width":446,"height":272,"url":"https:\/\/rtt.ee\/wp-content\/uploads\/2018\/10\/466_1_s.jpg","type":"image\/jpeg"}],"twitter_card":"summary_large_image","twitter_misc":{"Est. reading time":"1 minute"},"schema":{"@context":"https:\/\/schema.org","@graph":[{"@type":"WebPage","@id":"https:\/\/rtt.ee\/en\/toode\/reklaamekraanid-en\/reklaamekraan-pakett-i\/","url":"https:\/\/rtt.ee\/en\/toode\/reklaamekraanid-en\/reklaamekraan-pakett-i\/","name":"Reklaamekraan Pakett I - RTT","isPartOf":{"@id":"https:\/\/rtt.ee\/en\/#website"},"primaryImageOfPage":{"@id":"https:\/\/rtt.ee\/en\/toode\/reklaamekraanid-en\/reklaamekraan-pakett-i\/#primaryimage"},"image":{"@id":"https:\/\/rtt.ee\/en\/toode\/reklaamekraanid-en\/reklaamekraan-pakett-i\/#primaryimage"},"thumbnailUrl":"https:\/\/rtt.ee\/wp-content\/uploads\/2018\/10\/466_1_s.jpg","datePublished":"2018-10-15T22:48:09+00:00","dateModified":"2025-07-07T18:20:35+00:00","breadcrumb":{"@id":"https:\/\/rtt.ee\/en\/toode\/reklaamekraanid-en\/reklaamekraan-pakett-i\/#breadcrumb"},"inLanguage":"en-US","potentialAction":[{"@type":"ReadAction","target":["https:\/\/rtt.ee\/en\/toode\/reklaamekraanid-en\/reklaamekraan-pakett-i\/"]}]},{"@type":"ImageObject","inLanguage":"en-US","@id":"https:\/\/rtt.ee\/en\/toode\/reklaamekraanid-en\/reklaamekraan-pakett-i\/#primaryimage","url":"https:\/\/rtt.ee\/wp-content\/uploads\/2018\/10\/466_1_s.jpg","contentUrl":"https:\/\/rtt.ee\/wp-content\/uploads\/2018\/10\/466_1_s.jpg","width":446,"height":272},{"@type":"BreadcrumbList","@id":"https:\/\/rtt.ee\/en\/toode\/reklaamekraanid-en\/reklaamekraan-pakett-i\/#breadcrumb","itemListElement":[{"@type":"ListItem","position":1,"name":"Home","item":"https:\/\/rtt.ee\/en\/"},{"@type":"ListItem","position":2,"name":"Shop","item":"https:\/\/rtt.ee\/en\/shop\/"},{"@type":"ListItem","position":3,"name":"Reklaamekraanid","item":"https:\/\/rtt.ee\/tootekategooria\/reklaamekraanid\/"},{"@type":"ListItem","position":4,"name":"Reklaamekraan Pakett I"}]},{"@type":"WebSite","@id":"https:\/\/rtt.ee\/en\/#website","url":"https:\/\/rtt.ee\/en\/","name":"RTT","description":"Kassaaparaadid ja kontorikaubad","potentialAction":[{"@type":"SearchAction","target":{"@type":"EntryPoint","urlTemplate":"https:\/\/rtt.ee\/en\/?s={search_term_string}"},"query-input":{"@type":"PropertyValueSpecification","valueRequired":true,"valueName":"search_term_string"}}],"inLanguage":"en-US"}]}},"_links":{"self":[{"href":"https:\/\/rtt.ee\/en\/wp-json\/wp\/v2\/product\/2407","targetHints":{"allow":["GET"]}}],"collection":[{"href":"https:\/\/rtt.ee\/en\/wp-json\/wp\/v2\/product"}],"about":[{"href":"https:\/\/rtt.ee\/en\/wp-json\/wp\/v2\/types\/product"}],"wp:featuredmedia":[{"embeddable":true,"href":"https:\/\/rtt.ee\/en\/wp-json\/wp\/v2\/media\/2408"}],"wp:attachment":[{"href":"https:\/\/rtt.ee\/en\/wp-json\/wp\/v2\/media?parent=2407"}],"wp:term":[{"taxonomy":"product_brand","embeddable":true,"href":"https:\/\/rtt.ee\/en\/wp-json\/wp\/v2\/product_brand?post=2407"},{"taxonomy":"product_cat","embeddable":true,"href":"https:\/\/rtt.ee\/en\/wp-json\/wp\/v2\/product_cat?post=2407"},{"taxonomy":"product_tag","embeddable":true,"href":"https:\/\/rtt.ee\/en\/wp-json\/wp\/v2\/product_tag?post=2407"}],"curies":[{"name":"wp","href":"https:\/\/api.w.org\/{rel}","templated":true}]}}