{"id":2358,"date":"2018-10-16T01:52:13","date_gmt":"2018-10-15T22:52:13","guid":{"rendered":"https:\/\/rtt.ee\/toode\/maaratlemata\/ta%c2%b5stukiarvuti-honeywell-thor-vm2\/"},"modified":"2025-07-07T21:20:35","modified_gmt":"2025-07-07T18:20:35","slug":"forklift-computer-honeywell-thor-vm2","status":"publish","type":"product","link":"https:\/\/rtt.ee\/en\/toode\/mobiilsed-arvutid-en\/tostuki-arvutid-en\/forklift-computer-honeywell-thor-vm2\/","title":{"rendered":"Forklift computer Honeywell THOR VM2"},"content":{"rendered":"<h3><strong><em>T\u00f5stukiarvuti Honeywell THOR VM2<\/em><\/strong><\/h3>\n<p>-\u00c2\u0178 9.7\u00cb\u009d ekraan (1024&#215;768)<\/p>\n<p>-\u00c2\u0178 Microsoft Windows 7 PRO op.s\u00fcsteem<\/p>\n<p>-\u00c2\u0178 Wi-Fi \u00a0ja Bluetooth<\/p>\n<p>-\u00c2\u0178 Spetsiaalselt etten\u00e4htud kasutamiseks t\u00f5stukil<\/p>\n","protected":false},"excerpt":{"rendered":"<p>T\u00f5stukiarvuti Honeywell THOR VM2 -\u00c2\u0178 9.7\u00cb\u009d ekraan (1024&#215;768) -\u00c2\u0178 Microsoft Windows 7 PRO op.s\u00fcsteem -\u00c2\u0178 Wi-Fi \u00a0ja Bluetooth -\u00c2\u0178 Spetsiaalselt etten\u00e4htud kasutamiseks t\u00f5stukil<\/p>\n","protected":false},"featured_media":2359,"template":"","meta":{"_acf_changed":false},"product_brand":[],"product_cat":[136],"product_tag":[],"class_list":{"0":"post-2358","1":"product","2":"type-product","3":"status-publish","4":"has-post-thumbnail","6":"product_cat-tostuki-arvutid-en","8":"first","9":"outofstock","10":"taxable","11":"shipping-taxable","12":"purchasable","13":"product-type-simple"},"acf":[],"yoast_head":"<!-- This site is optimized with the Yoast SEO plugin v26.2 - https:\/\/yoast.com\/wordpress\/plugins\/seo\/ -->\n<title>Forklift computer Honeywell THOR VM2 - RTT<\/title>\n<meta name=\"robots\" content=\"index, follow, max-snippet:-1, max-image-preview:large, max-video-preview:-1\" \/>\n<link rel=\"canonical\" href=\"https:\/\/rtt.ee\/toode\/mobiilsed-arvutid\/tostuki-arvutid\/ta\u00b5stukiarvuti-honeywell-thor-vm2\/\" \/>\n<meta property=\"og:locale\" content=\"en_US\" \/>\n<meta property=\"og:type\" content=\"article\" \/>\n<meta property=\"og:title\" content=\"Forklift computer Honeywell THOR VM2 - RTT\" \/>\n<meta property=\"og:description\" content=\"T\u00f5stukiarvuti Honeywell THOR VM2 -\u00c2\u0178 9.7\u00cb\u009d ekraan (1024&#215;768) -\u00c2\u0178 Microsoft Windows 7 PRO op.s\u00fcsteem -\u00c2\u0178 Wi-Fi \u00a0ja Bluetooth -\u00c2\u0178 Spetsiaalselt etten\u00e4htud kasutamiseks t\u00f5stukil\" \/>\n<meta property=\"og:url\" content=\"https:\/\/rtt.ee\/toode\/mobiilsed-arvutid\/tostuki-arvutid\/ta\u00b5stukiarvuti-honeywell-thor-vm2\/\" \/>\n<meta property=\"og:site_name\" content=\"RTT\" \/>\n<meta property=\"article:modified_time\" content=\"2025-07-07T18:20:35+00:00\" \/>\n<meta property=\"og:image\" content=\"https:\/\/rtt.ee\/wp-content\/uploads\/2018\/10\/491_1_s.jpg\" \/>\n\t<meta property=\"og:image:width\" content=\"861\" \/>\n\t<meta property=\"og:image:height\" content=\"736\" \/>\n\t<meta property=\"og:image:type\" content=\"image\/jpeg\" \/>\n<meta name=\"twitter:card\" content=\"summary_large_image\" \/>\n<script type=\"application\/ld+json\" class=\"yoast-schema-graph\">{\"@context\":\"https:\/\/schema.org\",\"@graph\":[{\"@type\":\"WebPage\",\"@id\":\"https:\/\/rtt.ee\/toode\/mobiilsed-arvutid\/tostuki-arvutid\/ta%c2%b5stukiarvuti-honeywell-thor-vm2\/\",\"url\":\"https:\/\/rtt.ee\/toode\/mobiilsed-arvutid\/tostuki-arvutid\/ta%c2%b5stukiarvuti-honeywell-thor-vm2\/\",\"name\":\"Forklift computer Honeywell THOR VM2 - RTT\",\"isPartOf\":{\"@id\":\"https:\/\/rtt.ee\/en\/#website\"},\"primaryImageOfPage\":{\"@id\":\"https:\/\/rtt.ee\/toode\/mobiilsed-arvutid\/tostuki-arvutid\/ta%c2%b5stukiarvuti-honeywell-thor-vm2\/#primaryimage\"},\"image\":{\"@id\":\"https:\/\/rtt.ee\/toode\/mobiilsed-arvutid\/tostuki-arvutid\/ta%c2%b5stukiarvuti-honeywell-thor-vm2\/#primaryimage\"},\"thumbnailUrl\":\"https:\/\/rtt.ee\/wp-content\/uploads\/2018\/10\/491_1_s.jpg\",\"datePublished\":\"2018-10-15T22:52:13+00:00\",\"dateModified\":\"2025-07-07T18:20:35+00:00\",\"breadcrumb\":{\"@id\":\"https:\/\/rtt.ee\/toode\/mobiilsed-arvutid\/tostuki-arvutid\/ta%c2%b5stukiarvuti-honeywell-thor-vm2\/#breadcrumb\"},\"inLanguage\":\"en-US\",\"potentialAction\":[{\"@type\":\"ReadAction\",\"target\":[\"https:\/\/rtt.ee\/toode\/mobiilsed-arvutid\/tostuki-arvutid\/ta%c2%b5stukiarvuti-honeywell-thor-vm2\/\"]}]},{\"@type\":\"ImageObject\",\"inLanguage\":\"en-US\",\"@id\":\"https:\/\/rtt.ee\/toode\/mobiilsed-arvutid\/tostuki-arvutid\/ta%c2%b5stukiarvuti-honeywell-thor-vm2\/#primaryimage\",\"url\":\"https:\/\/rtt.ee\/wp-content\/uploads\/2018\/10\/491_1_s.jpg\",\"contentUrl\":\"https:\/\/rtt.ee\/wp-content\/uploads\/2018\/10\/491_1_s.jpg\",\"width\":861,\"height\":736},{\"@type\":\"BreadcrumbList\",\"@id\":\"https:\/\/rtt.ee\/toode\/mobiilsed-arvutid\/tostuki-arvutid\/ta%c2%b5stukiarvuti-honeywell-thor-vm2\/#breadcrumb\",\"itemListElement\":[{\"@type\":\"ListItem\",\"position\":1,\"name\":\"Home\",\"item\":\"https:\/\/rtt.ee\/en\/\"},{\"@type\":\"ListItem\",\"position\":2,\"name\":\"Shop\",\"item\":\"https:\/\/rtt.ee\/en\/shop\/\"},{\"@type\":\"ListItem\",\"position\":3,\"name\":\"Mobiilsed arvutid\",\"item\":\"https:\/\/rtt.ee\/tootekategooria\/mobiilsed-arvutid\/\"},{\"@type\":\"ListItem\",\"position\":4,\"name\":\"T\u00f5stuki arvutid\",\"item\":\"https:\/\/rtt.ee\/tootekategooria\/mobiilsed-arvutid\/tostuki-arvutid\/\"},{\"@type\":\"ListItem\",\"position\":5,\"name\":\"Forklift computer Honeywell THOR VM2\"}]},{\"@type\":\"WebSite\",\"@id\":\"https:\/\/rtt.ee\/en\/#website\",\"url\":\"https:\/\/rtt.ee\/en\/\",\"name\":\"RTT\",\"description\":\"Kassaaparaadid ja kontorikaubad\",\"potentialAction\":[{\"@type\":\"SearchAction\",\"target\":{\"@type\":\"EntryPoint\",\"urlTemplate\":\"https:\/\/rtt.ee\/en\/?s={search_term_string}\"},\"query-input\":{\"@type\":\"PropertyValueSpecification\",\"valueRequired\":true,\"valueName\":\"search_term_string\"}}],\"inLanguage\":\"en-US\"}]}<\/script>\n<!-- \/ Yoast SEO plugin. -->","yoast_head_json":{"title":"Forklift computer Honeywell THOR VM2 - RTT","robots":{"index":"index","follow":"follow","max-snippet":"max-snippet:-1","max-image-preview":"max-image-preview:large","max-video-preview":"max-video-preview:-1"},"canonical":"https:\/\/rtt.ee\/toode\/mobiilsed-arvutid\/tostuki-arvutid\/ta\u00b5stukiarvuti-honeywell-thor-vm2\/","og_locale":"en_US","og_type":"article","og_title":"Forklift computer Honeywell THOR VM2 - RTT","og_description":"T\u00f5stukiarvuti Honeywell THOR VM2 -\u00c2\u0178 9.7\u00cb\u009d ekraan (1024&#215;768) -\u00c2\u0178 Microsoft Windows 7 PRO op.s\u00fcsteem -\u00c2\u0178 Wi-Fi \u00a0ja Bluetooth -\u00c2\u0178 Spetsiaalselt etten\u00e4htud kasutamiseks t\u00f5stukil","og_url":"https:\/\/rtt.ee\/toode\/mobiilsed-arvutid\/tostuki-arvutid\/ta\u00b5stukiarvuti-honeywell-thor-vm2\/","og_site_name":"RTT","article_modified_time":"2025-07-07T18:20:35+00:00","og_image":[{"width":861,"height":736,"url":"https:\/\/rtt.ee\/wp-content\/uploads\/2018\/10\/491_1_s.jpg","type":"image\/jpeg"}],"twitter_card":"summary_large_image","schema":{"@context":"https:\/\/schema.org","@graph":[{"@type":"WebPage","@id":"https:\/\/rtt.ee\/toode\/mobiilsed-arvutid\/tostuki-arvutid\/ta%c2%b5stukiarvuti-honeywell-thor-vm2\/","url":"https:\/\/rtt.ee\/toode\/mobiilsed-arvutid\/tostuki-arvutid\/ta%c2%b5stukiarvuti-honeywell-thor-vm2\/","name":"Forklift computer Honeywell THOR VM2 - RTT","isPartOf":{"@id":"https:\/\/rtt.ee\/en\/#website"},"primaryImageOfPage":{"@id":"https:\/\/rtt.ee\/toode\/mobiilsed-arvutid\/tostuki-arvutid\/ta%c2%b5stukiarvuti-honeywell-thor-vm2\/#primaryimage"},"image":{"@id":"https:\/\/rtt.ee\/toode\/mobiilsed-arvutid\/tostuki-arvutid\/ta%c2%b5stukiarvuti-honeywell-thor-vm2\/#primaryimage"},"thumbnailUrl":"https:\/\/rtt.ee\/wp-content\/uploads\/2018\/10\/491_1_s.jpg","datePublished":"2018-10-15T22:52:13+00:00","dateModified":"2025-07-07T18:20:35+00:00","breadcrumb":{"@id":"https:\/\/rtt.ee\/toode\/mobiilsed-arvutid\/tostuki-arvutid\/ta%c2%b5stukiarvuti-honeywell-thor-vm2\/#breadcrumb"},"inLanguage":"en-US","potentialAction":[{"@type":"ReadAction","target":["https:\/\/rtt.ee\/toode\/mobiilsed-arvutid\/tostuki-arvutid\/ta%c2%b5stukiarvuti-honeywell-thor-vm2\/"]}]},{"@type":"ImageObject","inLanguage":"en-US","@id":"https:\/\/rtt.ee\/toode\/mobiilsed-arvutid\/tostuki-arvutid\/ta%c2%b5stukiarvuti-honeywell-thor-vm2\/#primaryimage","url":"https:\/\/rtt.ee\/wp-content\/uploads\/2018\/10\/491_1_s.jpg","contentUrl":"https:\/\/rtt.ee\/wp-content\/uploads\/2018\/10\/491_1_s.jpg","width":861,"height":736},{"@type":"BreadcrumbList","@id":"https:\/\/rtt.ee\/toode\/mobiilsed-arvutid\/tostuki-arvutid\/ta%c2%b5stukiarvuti-honeywell-thor-vm2\/#breadcrumb","itemListElement":[{"@type":"ListItem","position":1,"name":"Home","item":"https:\/\/rtt.ee\/en\/"},{"@type":"ListItem","position":2,"name":"Shop","item":"https:\/\/rtt.ee\/en\/shop\/"},{"@type":"ListItem","position":3,"name":"Mobiilsed arvutid","item":"https:\/\/rtt.ee\/tootekategooria\/mobiilsed-arvutid\/"},{"@type":"ListItem","position":4,"name":"T\u00f5stuki arvutid","item":"https:\/\/rtt.ee\/tootekategooria\/mobiilsed-arvutid\/tostuki-arvutid\/"},{"@type":"ListItem","position":5,"name":"Forklift computer Honeywell THOR VM2"}]},{"@type":"WebSite","@id":"https:\/\/rtt.ee\/en\/#website","url":"https:\/\/rtt.ee\/en\/","name":"RTT","description":"Kassaaparaadid ja kontorikaubad","potentialAction":[{"@type":"SearchAction","target":{"@type":"EntryPoint","urlTemplate":"https:\/\/rtt.ee\/en\/?s={search_term_string}"},"query-input":{"@type":"PropertyValueSpecification","valueRequired":true,"valueName":"search_term_string"}}],"inLanguage":"en-US"}]}},"_links":{"self":[{"href":"https:\/\/rtt.ee\/en\/wp-json\/wp\/v2\/product\/2358","targetHints":{"allow":["GET"]}}],"collection":[{"href":"https:\/\/rtt.ee\/en\/wp-json\/wp\/v2\/product"}],"about":[{"href":"https:\/\/rtt.ee\/en\/wp-json\/wp\/v2\/types\/product"}],"wp:featuredmedia":[{"embeddable":true,"href":"https:\/\/rtt.ee\/en\/wp-json\/wp\/v2\/media\/2359"}],"wp:attachment":[{"href":"https:\/\/rtt.ee\/en\/wp-json\/wp\/v2\/media?parent=2358"}],"wp:term":[{"taxonomy":"product_brand","embeddable":true,"href":"https:\/\/rtt.ee\/en\/wp-json\/wp\/v2\/product_brand?post=2358"},{"taxonomy":"product_cat","embeddable":true,"href":"https:\/\/rtt.ee\/en\/wp-json\/wp\/v2\/product_cat?post=2358"},{"taxonomy":"product_tag","embeddable":true,"href":"https:\/\/rtt.ee\/en\/wp-json\/wp\/v2\/product_tag?post=2358"}],"curies":[{"name":"wp","href":"https:\/\/api.w.org\/{rel}","templated":true}]}}