{"id":2109,"date":"2018-10-16T02:16:47","date_gmt":"2018-10-15T23:16:47","guid":{"rendered":"https:\/\/rtt.ee\/toode\/maaratlemata\/epson-tm-c7500-va%c2%a4rviline-etiketiprinter\/"},"modified":"2025-07-07T21:20:32","modified_gmt":"2025-07-07T18:20:32","slug":"epson-tm-c7500-color-label-printer","status":"publish","type":"product","link":"https:\/\/rtt.ee\/en\/toode\/printerid-en\/etiketiprinter-en\/epson-tm-c7500-color-label-printer\/","title":{"rendered":"Epson TM-C7500 Color Label Printer"},"content":{"rendered":"<p>\u00dcks esimesi v\u00e4rvilisi etiketiprintereid tootmisesse, mis t\u00e4idavad ka k\u00f5ige n\u00f5udlikuma kliendi soovid. Epson on suutnud teha printeri , mille kulu v\u00e4rvilisele etiketile on viidud maksimaalselt madalale. Sealjuures j\u00e4\u00e4b teile v\u00f5imalus printida sobiva m\u00f5\u00f5du ja disainiga etikett\u00a0ilma kontorist lahkumata . Eeltr\u00fckitud etikettide aeg on l\u00e4bisaamas !<br \/>\nTule konsultatsioonile !<\/p>\n<p><strong>Kontakt:<\/strong> +372 6112258<br \/>\njulius@rtt.ee<\/p>\n","protected":false},"excerpt":{"rendered":"<p>\u00dcks esimesi v\u00e4rvilisi etiketiprintereid tootmisesse, mis t\u00e4idavad ka k\u00f5ige n\u00f5udlikuma kliendi soovid. Epson on suutnud teha printeri , mille kulu v\u00e4rvilisele etiketile on viidud maksimaalselt madalale. Sealjuures j\u00e4\u00e4b teile v\u00f5imalus printida sobiva m\u00f5\u00f5du ja disainiga etikett\u00a0ilma kontorist lahkumata . Eeltr\u00fckitud etikettide aeg on l\u00e4bisaamas ! Tule konsultatsioonile ! Kontakt: +372 6112258 julius@rtt.ee<\/p>\n","protected":false},"featured_media":2112,"template":"","meta":{"_acf_changed":false},"product_brand":[],"product_cat":[129],"product_tag":[],"class_list":{"0":"post-2109","1":"product","2":"type-product","3":"status-publish","4":"has-post-thumbnail","6":"product_cat-etiketiprinter-en","7":"product_brands-epson-en","9":"first","10":"outofstock","11":"taxable","12":"shipping-taxable","13":"purchasable","14":"product-type-simple"},"acf":[],"yoast_head":"<!-- This site is optimized with the Yoast SEO plugin v26.2 - https:\/\/yoast.com\/wordpress\/plugins\/seo\/ -->\n<title>Epson TM-C7500 Color Label Printer - RTT<\/title>\n<meta name=\"robots\" content=\"index, follow, max-snippet:-1, max-image-preview:large, max-video-preview:-1\" \/>\n<link rel=\"canonical\" href=\"https:\/\/rtt.ee\/en\/toode\/printerid-en\/etiketiprinter-en\/epson-tm-c7500-color-label-printer\/\" \/>\n<meta property=\"og:locale\" content=\"en_US\" \/>\n<meta property=\"og:type\" content=\"article\" \/>\n<meta property=\"og:title\" content=\"Epson TM-C7500 Color Label Printer - RTT\" \/>\n<meta property=\"og:description\" content=\"\u00dcks esimesi v\u00e4rvilisi etiketiprintereid tootmisesse, mis t\u00e4idavad ka k\u00f5ige n\u00f5udlikuma kliendi soovid. Epson on suutnud teha printeri , mille kulu v\u00e4rvilisele etiketile on viidud maksimaalselt madalale. Sealjuures j\u00e4\u00e4b teile v\u00f5imalus printida sobiva m\u00f5\u00f5du ja disainiga etikett\u00a0ilma kontorist lahkumata . Eeltr\u00fckitud etikettide aeg on l\u00e4bisaamas ! Tule konsultatsioonile ! Kontakt: +372 6112258 julius@rtt.ee\" \/>\n<meta property=\"og:url\" content=\"https:\/\/rtt.ee\/en\/toode\/printerid-en\/etiketiprinter-en\/epson-tm-c7500-color-label-printer\/\" \/>\n<meta property=\"og:site_name\" content=\"RTT\" \/>\n<meta property=\"article:modified_time\" content=\"2025-07-07T18:20:32+00:00\" \/>\n<meta property=\"og:image\" content=\"https:\/\/rtt.ee\/wp-content\/uploads\/2018\/10\/599_1_s.jpg\" \/>\n\t<meta property=\"og:image:width\" content=\"1920\" \/>\n\t<meta property=\"og:image:height\" content=\"1080\" \/>\n\t<meta property=\"og:image:type\" content=\"image\/jpeg\" \/>\n<meta name=\"twitter:card\" content=\"summary_large_image\" \/>\n<script type=\"application\/ld+json\" class=\"yoast-schema-graph\">{\"@context\":\"https:\/\/schema.org\",\"@graph\":[{\"@type\":\"WebPage\",\"@id\":\"https:\/\/rtt.ee\/en\/toode\/printerid-en\/etiketiprinter-en\/epson-tm-c7500-color-label-printer\/\",\"url\":\"https:\/\/rtt.ee\/en\/toode\/printerid-en\/etiketiprinter-en\/epson-tm-c7500-color-label-printer\/\",\"name\":\"Epson TM-C7500 Color Label Printer - RTT\",\"isPartOf\":{\"@id\":\"https:\/\/rtt.ee\/en\/#website\"},\"primaryImageOfPage\":{\"@id\":\"https:\/\/rtt.ee\/en\/toode\/printerid-en\/etiketiprinter-en\/epson-tm-c7500-color-label-printer\/#primaryimage\"},\"image\":{\"@id\":\"https:\/\/rtt.ee\/en\/toode\/printerid-en\/etiketiprinter-en\/epson-tm-c7500-color-label-printer\/#primaryimage\"},\"thumbnailUrl\":\"https:\/\/rtt.ee\/wp-content\/uploads\/2018\/10\/599_1_s.jpg\",\"datePublished\":\"2018-10-15T23:16:47+00:00\",\"dateModified\":\"2025-07-07T18:20:32+00:00\",\"breadcrumb\":{\"@id\":\"https:\/\/rtt.ee\/en\/toode\/printerid-en\/etiketiprinter-en\/epson-tm-c7500-color-label-printer\/#breadcrumb\"},\"inLanguage\":\"en-US\",\"potentialAction\":[{\"@type\":\"ReadAction\",\"target\":[\"https:\/\/rtt.ee\/en\/toode\/printerid-en\/etiketiprinter-en\/epson-tm-c7500-color-label-printer\/\"]}]},{\"@type\":\"ImageObject\",\"inLanguage\":\"en-US\",\"@id\":\"https:\/\/rtt.ee\/en\/toode\/printerid-en\/etiketiprinter-en\/epson-tm-c7500-color-label-printer\/#primaryimage\",\"url\":\"https:\/\/rtt.ee\/wp-content\/uploads\/2018\/10\/599_1_s.jpg\",\"contentUrl\":\"https:\/\/rtt.ee\/wp-content\/uploads\/2018\/10\/599_1_s.jpg\",\"width\":1920,\"height\":1080},{\"@type\":\"BreadcrumbList\",\"@id\":\"https:\/\/rtt.ee\/en\/toode\/printerid-en\/etiketiprinter-en\/epson-tm-c7500-color-label-printer\/#breadcrumb\",\"itemListElement\":[{\"@type\":\"ListItem\",\"position\":1,\"name\":\"Home\",\"item\":\"https:\/\/rtt.ee\/en\/\"},{\"@type\":\"ListItem\",\"position\":2,\"name\":\"Shop\",\"item\":\"https:\/\/rtt.ee\/en\/shop\/\"},{\"@type\":\"ListItem\",\"position\":3,\"name\":\"Printers\",\"item\":\"https:\/\/rtt.ee\/en\/tootekategooria\/printerid-en\/\"},{\"@type\":\"ListItem\",\"position\":4,\"name\":\"Label printers\",\"item\":\"https:\/\/rtt.ee\/en\/tootekategooria\/printerid-en\/etiketiprinter-en\/\"},{\"@type\":\"ListItem\",\"position\":5,\"name\":\"Epson TM-C7500 Color Label Printer\"}]},{\"@type\":\"WebSite\",\"@id\":\"https:\/\/rtt.ee\/en\/#website\",\"url\":\"https:\/\/rtt.ee\/en\/\",\"name\":\"RTT\",\"description\":\"Kassaaparaadid ja kontorikaubad\",\"potentialAction\":[{\"@type\":\"SearchAction\",\"target\":{\"@type\":\"EntryPoint\",\"urlTemplate\":\"https:\/\/rtt.ee\/en\/?s={search_term_string}\"},\"query-input\":{\"@type\":\"PropertyValueSpecification\",\"valueRequired\":true,\"valueName\":\"search_term_string\"}}],\"inLanguage\":\"en-US\"}]}<\/script>\n<!-- \/ Yoast SEO plugin. -->","yoast_head_json":{"title":"Epson TM-C7500 Color Label Printer - RTT","robots":{"index":"index","follow":"follow","max-snippet":"max-snippet:-1","max-image-preview":"max-image-preview:large","max-video-preview":"max-video-preview:-1"},"canonical":"https:\/\/rtt.ee\/en\/toode\/printerid-en\/etiketiprinter-en\/epson-tm-c7500-color-label-printer\/","og_locale":"en_US","og_type":"article","og_title":"Epson TM-C7500 Color Label Printer - RTT","og_description":"\u00dcks esimesi v\u00e4rvilisi etiketiprintereid tootmisesse, mis t\u00e4idavad ka k\u00f5ige n\u00f5udlikuma kliendi soovid. Epson on suutnud teha printeri , mille kulu v\u00e4rvilisele etiketile on viidud maksimaalselt madalale. Sealjuures j\u00e4\u00e4b teile v\u00f5imalus printida sobiva m\u00f5\u00f5du ja disainiga etikett\u00a0ilma kontorist lahkumata . Eeltr\u00fckitud etikettide aeg on l\u00e4bisaamas ! Tule konsultatsioonile ! Kontakt: +372 6112258 julius@rtt.ee","og_url":"https:\/\/rtt.ee\/en\/toode\/printerid-en\/etiketiprinter-en\/epson-tm-c7500-color-label-printer\/","og_site_name":"RTT","article_modified_time":"2025-07-07T18:20:32+00:00","og_image":[{"width":1920,"height":1080,"url":"https:\/\/rtt.ee\/wp-content\/uploads\/2018\/10\/599_1_s.jpg","type":"image\/jpeg"}],"twitter_card":"summary_large_image","schema":{"@context":"https:\/\/schema.org","@graph":[{"@type":"WebPage","@id":"https:\/\/rtt.ee\/en\/toode\/printerid-en\/etiketiprinter-en\/epson-tm-c7500-color-label-printer\/","url":"https:\/\/rtt.ee\/en\/toode\/printerid-en\/etiketiprinter-en\/epson-tm-c7500-color-label-printer\/","name":"Epson TM-C7500 Color Label Printer - RTT","isPartOf":{"@id":"https:\/\/rtt.ee\/en\/#website"},"primaryImageOfPage":{"@id":"https:\/\/rtt.ee\/en\/toode\/printerid-en\/etiketiprinter-en\/epson-tm-c7500-color-label-printer\/#primaryimage"},"image":{"@id":"https:\/\/rtt.ee\/en\/toode\/printerid-en\/etiketiprinter-en\/epson-tm-c7500-color-label-printer\/#primaryimage"},"thumbnailUrl":"https:\/\/rtt.ee\/wp-content\/uploads\/2018\/10\/599_1_s.jpg","datePublished":"2018-10-15T23:16:47+00:00","dateModified":"2025-07-07T18:20:32+00:00","breadcrumb":{"@id":"https:\/\/rtt.ee\/en\/toode\/printerid-en\/etiketiprinter-en\/epson-tm-c7500-color-label-printer\/#breadcrumb"},"inLanguage":"en-US","potentialAction":[{"@type":"ReadAction","target":["https:\/\/rtt.ee\/en\/toode\/printerid-en\/etiketiprinter-en\/epson-tm-c7500-color-label-printer\/"]}]},{"@type":"ImageObject","inLanguage":"en-US","@id":"https:\/\/rtt.ee\/en\/toode\/printerid-en\/etiketiprinter-en\/epson-tm-c7500-color-label-printer\/#primaryimage","url":"https:\/\/rtt.ee\/wp-content\/uploads\/2018\/10\/599_1_s.jpg","contentUrl":"https:\/\/rtt.ee\/wp-content\/uploads\/2018\/10\/599_1_s.jpg","width":1920,"height":1080},{"@type":"BreadcrumbList","@id":"https:\/\/rtt.ee\/en\/toode\/printerid-en\/etiketiprinter-en\/epson-tm-c7500-color-label-printer\/#breadcrumb","itemListElement":[{"@type":"ListItem","position":1,"name":"Home","item":"https:\/\/rtt.ee\/en\/"},{"@type":"ListItem","position":2,"name":"Shop","item":"https:\/\/rtt.ee\/en\/shop\/"},{"@type":"ListItem","position":3,"name":"Printers","item":"https:\/\/rtt.ee\/en\/tootekategooria\/printerid-en\/"},{"@type":"ListItem","position":4,"name":"Label printers","item":"https:\/\/rtt.ee\/en\/tootekategooria\/printerid-en\/etiketiprinter-en\/"},{"@type":"ListItem","position":5,"name":"Epson TM-C7500 Color Label Printer"}]},{"@type":"WebSite","@id":"https:\/\/rtt.ee\/en\/#website","url":"https:\/\/rtt.ee\/en\/","name":"RTT","description":"Kassaaparaadid ja kontorikaubad","potentialAction":[{"@type":"SearchAction","target":{"@type":"EntryPoint","urlTemplate":"https:\/\/rtt.ee\/en\/?s={search_term_string}"},"query-input":{"@type":"PropertyValueSpecification","valueRequired":true,"valueName":"search_term_string"}}],"inLanguage":"en-US"}]}},"_links":{"self":[{"href":"https:\/\/rtt.ee\/en\/wp-json\/wp\/v2\/product\/2109","targetHints":{"allow":["GET"]}}],"collection":[{"href":"https:\/\/rtt.ee\/en\/wp-json\/wp\/v2\/product"}],"about":[{"href":"https:\/\/rtt.ee\/en\/wp-json\/wp\/v2\/types\/product"}],"wp:featuredmedia":[{"embeddable":true,"href":"https:\/\/rtt.ee\/en\/wp-json\/wp\/v2\/media\/2112"}],"wp:attachment":[{"href":"https:\/\/rtt.ee\/en\/wp-json\/wp\/v2\/media?parent=2109"}],"wp:term":[{"taxonomy":"product_brand","embeddable":true,"href":"https:\/\/rtt.ee\/en\/wp-json\/wp\/v2\/product_brand?post=2109"},{"taxonomy":"product_cat","embeddable":true,"href":"https:\/\/rtt.ee\/en\/wp-json\/wp\/v2\/product_cat?post=2109"},{"taxonomy":"product_tag","embeddable":true,"href":"https:\/\/rtt.ee\/en\/wp-json\/wp\/v2\/product_tag?post=2109"}],"curies":[{"name":"wp","href":"https:\/\/api.w.org\/{rel}","templated":true}]}}