{"id":2101,"date":"2018-10-16T02:16:47","date_gmt":"2018-10-15T23:16:47","guid":{"rendered":"https:\/\/rtt.ee\/toode\/maaratlemata\/juhtmevaba-ribakoodi-ska%c2%a4nner-zebra-ds2278must-laadimisalusega\/"},"modified":"2025-07-07T21:20:32","modified_gmt":"2025-07-07T18:20:32","slug":"wiereless-barcode-skanner-zebra-ds2278-black","status":"publish","type":"product","link":"https:\/\/rtt.ee\/en\/toode\/kassatehnika-en\/ribakoodi-skannerid-en\/wiereless-barcode-skanner-zebra-ds2278-black\/","title":{"rendered":"Wireless Barcode reader Zebra DS2278(Black)"},"content":{"rendered":"<h1><strong>Ribakoodisk\u00e4nneri DS2278 tehnilised andmed:<\/strong><\/h1>\n<p>&nbsp;<\/p>\n<table border=\"&quot;0&quot;\" cellspacing=\"&quot;0&quot;\" cellpadding=\"&quot;0&quot;\">\n<tbody>\n<tr>\n<td>Sk\u00e4nneri t\u00fc\u00fcp:<\/td>\n<td>juhtmevaba\u00a0\u00a02D sk\u00e4nner<\/td>\n<\/tr>\n<tr>\n<td>Valgusallikas:<\/td>\n<td>LED<\/td>\n<\/tr>\n<tr>\n<td>Lugemiskaugus:<\/td>\n<td>1,3 cm \u2013 36,8 cm (UPC 13 mil )<\/td>\n<\/tr>\n<tr>\n<td>1D ribakoodid:<\/td>\n<td>Code 39, Code 128, Code 93, Codabar\/NW7, Code 11, MSI Plessey, UPC\/EAN, I 2 of 5, Korean 3 of 5, GS1 DataBar,<\/p>\n<p>Base 32 (Italian Pharma)<\/p>\n<p><strong>M\u00e4rkus: t\u00e4ielik loetelu kasutusjuhendis<\/strong><\/td>\n<\/tr>\n<tr>\n<td>2D ribakoodid:<\/td>\n<td>PDF417, Composite Codes, TLC-39,<\/p>\n<p>Aztec, DataMatrix, MaxiCode, QR Code, Micro QR, Chinese Sensible (Han Xin),<\/p>\n<p>Postal Codes<\/p>\n<p><strong>M\u00e4rkus: t\u00e4ielik loetelu kasutusjuhendis<\/strong><\/td>\n<\/tr>\n<tr>\n<td>Lugemiskaugus:<\/p>\n<p>Tegevusraadius:<\/td>\n<td>1,3 cm \u2013 36,8 cm (UPC 13 mil )<\/p>\n<p>10m<\/td>\n<\/tr>\n<tr>\n<td>Kaitseklass:<\/td>\n<td>IP42<\/td>\n<\/tr>\n<tr>\n<td>Kukkumiskindlus:<\/td>\n<td>1,5m betoonile<\/td>\n<\/tr>\n<tr>\n<td>Kaal:<\/td>\n<td>161,6 g<\/td>\n<\/tr>\n<tr>\n<td>V\u00e4rv:<\/td>\n<td>Must<\/td>\n<\/tr>\n<tr>\n<td>Komplektis:<\/td>\n<td>Laadimisalus ,USB kaabel<\/td>\n<\/tr>\n<\/tbody>\n<\/table>\n<p>Lisainfo telefonil\u00a0\u00a0<strong>6112255\u00a0<\/strong>v\u00f5i\u00a0<strong><a href=\"mailto:info@rtt.ee\">info@rtt.ee<\/a><\/strong><\/p>\n","protected":false},"excerpt":{"rendered":"<p>Ribakoodisk\u00e4nneri DS2278 tehnilised andmed: &nbsp; Sk\u00e4nneri t\u00fc\u00fcp: juhtmevaba\u00a0\u00a02D sk\u00e4nner Valgusallikas: LED Lugemiskaugus: 1,3 cm \u2013 36,8 cm (UPC 13 mil ) 1D ribakoodid: Code 39, Code 128, Code 93, Codabar\/NW7, Code 11, MSI Plessey, UPC\/EAN, I 2 of 5, Korean 3 of 5, GS1 DataBar, Base 32 (Italian Pharma) M\u00e4rkus: t\u00e4ielik loetelu kasutusjuhendis 2D ribakoodid: [&hellip;]<\/p>\n","protected":false},"featured_media":2102,"template":"","meta":{"_acf_changed":false},"product_brand":[],"product_cat":[125],"product_tag":[],"class_list":{"0":"post-2101","1":"product","2":"type-product","3":"status-publish","4":"has-post-thumbnail","6":"product_cat-ribakoodi-skannerid-en","7":"product_brands-zebra-en","9":"first","10":"instock","11":"taxable","12":"shipping-taxable","13":"purchasable","14":"product-type-simple"},"acf":[],"yoast_head":"<!-- This site is optimized with the Yoast SEO plugin v26.2 - https:\/\/yoast.com\/wordpress\/plugins\/seo\/ -->\n<title>Wireless Barcode reader Zebra DS2278(Black) - RTT<\/title>\n<meta name=\"robots\" content=\"index, follow, max-snippet:-1, max-image-preview:large, max-video-preview:-1\" \/>\n<link rel=\"canonical\" href=\"https:\/\/rtt.ee\/en\/toode\/kassatehnika-en\/ribakoodi-skannerid-en\/wiereless-barcode-skanner-zebra-ds2278-black\/\" \/>\n<meta property=\"og:locale\" content=\"en_US\" \/>\n<meta property=\"og:type\" content=\"article\" \/>\n<meta property=\"og:title\" content=\"Wireless Barcode reader Zebra DS2278(Black) - RTT\" \/>\n<meta property=\"og:description\" content=\"Ribakoodisk\u00e4nneri DS2278 tehnilised andmed: &nbsp; Sk\u00e4nneri t\u00fc\u00fcp: juhtmevaba\u00a0\u00a02D sk\u00e4nner Valgusallikas: LED Lugemiskaugus: 1,3 cm \u2013 36,8 cm (UPC 13 mil ) 1D ribakoodid: Code 39, Code 128, Code 93, Codabar\/NW7, Code 11, MSI Plessey, UPC\/EAN, I 2 of 5, Korean 3 of 5, GS1 DataBar, Base 32 (Italian Pharma) M\u00e4rkus: t\u00e4ielik loetelu kasutusjuhendis 2D ribakoodid: [&hellip;]\" \/>\n<meta property=\"og:url\" content=\"https:\/\/rtt.ee\/en\/toode\/kassatehnika-en\/ribakoodi-skannerid-en\/wiereless-barcode-skanner-zebra-ds2278-black\/\" \/>\n<meta property=\"og:site_name\" content=\"RTT\" \/>\n<meta property=\"article:modified_time\" content=\"2025-07-07T18:20:32+00:00\" \/>\n<meta property=\"og:image\" content=\"https:\/\/rtt.ee\/wp-content\/uploads\/2018\/10\/602_1_s.jpg\" \/>\n\t<meta property=\"og:image:width\" content=\"646\" \/>\n\t<meta property=\"og:image:height\" content=\"454\" \/>\n\t<meta property=\"og:image:type\" content=\"image\/jpeg\" \/>\n<meta name=\"twitter:card\" content=\"summary_large_image\" \/>\n<meta name=\"twitter:label1\" content=\"Est. reading time\" \/>\n\t<meta name=\"twitter:data1\" content=\"1 minute\" \/>\n<script type=\"application\/ld+json\" class=\"yoast-schema-graph\">{\"@context\":\"https:\/\/schema.org\",\"@graph\":[{\"@type\":\"WebPage\",\"@id\":\"https:\/\/rtt.ee\/en\/toode\/kassatehnika-en\/ribakoodi-skannerid-en\/wiereless-barcode-skanner-zebra-ds2278-black\/\",\"url\":\"https:\/\/rtt.ee\/en\/toode\/kassatehnika-en\/ribakoodi-skannerid-en\/wiereless-barcode-skanner-zebra-ds2278-black\/\",\"name\":\"Wireless Barcode reader Zebra DS2278(Black) - RTT\",\"isPartOf\":{\"@id\":\"https:\/\/rtt.ee\/en\/#website\"},\"primaryImageOfPage\":{\"@id\":\"https:\/\/rtt.ee\/en\/toode\/kassatehnika-en\/ribakoodi-skannerid-en\/wiereless-barcode-skanner-zebra-ds2278-black\/#primaryimage\"},\"image\":{\"@id\":\"https:\/\/rtt.ee\/en\/toode\/kassatehnika-en\/ribakoodi-skannerid-en\/wiereless-barcode-skanner-zebra-ds2278-black\/#primaryimage\"},\"thumbnailUrl\":\"https:\/\/rtt.ee\/wp-content\/uploads\/2018\/10\/602_1_s.jpg\",\"datePublished\":\"2018-10-15T23:16:47+00:00\",\"dateModified\":\"2025-07-07T18:20:32+00:00\",\"breadcrumb\":{\"@id\":\"https:\/\/rtt.ee\/en\/toode\/kassatehnika-en\/ribakoodi-skannerid-en\/wiereless-barcode-skanner-zebra-ds2278-black\/#breadcrumb\"},\"inLanguage\":\"en-US\",\"potentialAction\":[{\"@type\":\"ReadAction\",\"target\":[\"https:\/\/rtt.ee\/en\/toode\/kassatehnika-en\/ribakoodi-skannerid-en\/wiereless-barcode-skanner-zebra-ds2278-black\/\"]}]},{\"@type\":\"ImageObject\",\"inLanguage\":\"en-US\",\"@id\":\"https:\/\/rtt.ee\/en\/toode\/kassatehnika-en\/ribakoodi-skannerid-en\/wiereless-barcode-skanner-zebra-ds2278-black\/#primaryimage\",\"url\":\"https:\/\/rtt.ee\/wp-content\/uploads\/2018\/10\/602_1_s.jpg\",\"contentUrl\":\"https:\/\/rtt.ee\/wp-content\/uploads\/2018\/10\/602_1_s.jpg\",\"width\":646,\"height\":454},{\"@type\":\"BreadcrumbList\",\"@id\":\"https:\/\/rtt.ee\/en\/toode\/kassatehnika-en\/ribakoodi-skannerid-en\/wiereless-barcode-skanner-zebra-ds2278-black\/#breadcrumb\",\"itemListElement\":[{\"@type\":\"ListItem\",\"position\":1,\"name\":\"Home\",\"item\":\"https:\/\/rtt.ee\/en\/\"},{\"@type\":\"ListItem\",\"position\":2,\"name\":\"Shop\",\"item\":\"https:\/\/rtt.ee\/en\/shop\/\"},{\"@type\":\"ListItem\",\"position\":3,\"name\":\"Cash register technology\",\"item\":\"https:\/\/rtt.ee\/en\/tootekategooria\/kassatehnika-en\/\"},{\"@type\":\"ListItem\",\"position\":4,\"name\":\"Ribakoodi sk\u00e4nnerid\",\"item\":\"https:\/\/rtt.ee\/tootekategooria\/kassatehnika\/ribakoodi-skannerid\/\"},{\"@type\":\"ListItem\",\"position\":5,\"name\":\"Wireless Barcode reader Zebra DS2278(Black)\"}]},{\"@type\":\"WebSite\",\"@id\":\"https:\/\/rtt.ee\/en\/#website\",\"url\":\"https:\/\/rtt.ee\/en\/\",\"name\":\"RTT\",\"description\":\"Kassaaparaadid ja kontorikaubad\",\"potentialAction\":[{\"@type\":\"SearchAction\",\"target\":{\"@type\":\"EntryPoint\",\"urlTemplate\":\"https:\/\/rtt.ee\/en\/?s={search_term_string}\"},\"query-input\":{\"@type\":\"PropertyValueSpecification\",\"valueRequired\":true,\"valueName\":\"search_term_string\"}}],\"inLanguage\":\"en-US\"}]}<\/script>\n<!-- \/ Yoast SEO plugin. -->","yoast_head_json":{"title":"Wireless Barcode reader Zebra DS2278(Black) - RTT","robots":{"index":"index","follow":"follow","max-snippet":"max-snippet:-1","max-image-preview":"max-image-preview:large","max-video-preview":"max-video-preview:-1"},"canonical":"https:\/\/rtt.ee\/en\/toode\/kassatehnika-en\/ribakoodi-skannerid-en\/wiereless-barcode-skanner-zebra-ds2278-black\/","og_locale":"en_US","og_type":"article","og_title":"Wireless Barcode reader Zebra DS2278(Black) - RTT","og_description":"Ribakoodisk\u00e4nneri DS2278 tehnilised andmed: &nbsp; Sk\u00e4nneri t\u00fc\u00fcp: juhtmevaba\u00a0\u00a02D sk\u00e4nner Valgusallikas: LED Lugemiskaugus: 1,3 cm \u2013 36,8 cm (UPC 13 mil ) 1D ribakoodid: Code 39, Code 128, Code 93, Codabar\/NW7, Code 11, MSI Plessey, UPC\/EAN, I 2 of 5, Korean 3 of 5, GS1 DataBar, Base 32 (Italian Pharma) M\u00e4rkus: t\u00e4ielik loetelu kasutusjuhendis 2D ribakoodid: [&hellip;]","og_url":"https:\/\/rtt.ee\/en\/toode\/kassatehnika-en\/ribakoodi-skannerid-en\/wiereless-barcode-skanner-zebra-ds2278-black\/","og_site_name":"RTT","article_modified_time":"2025-07-07T18:20:32+00:00","og_image":[{"width":646,"height":454,"url":"https:\/\/rtt.ee\/wp-content\/uploads\/2018\/10\/602_1_s.jpg","type":"image\/jpeg"}],"twitter_card":"summary_large_image","twitter_misc":{"Est. reading time":"1 minute"},"schema":{"@context":"https:\/\/schema.org","@graph":[{"@type":"WebPage","@id":"https:\/\/rtt.ee\/en\/toode\/kassatehnika-en\/ribakoodi-skannerid-en\/wiereless-barcode-skanner-zebra-ds2278-black\/","url":"https:\/\/rtt.ee\/en\/toode\/kassatehnika-en\/ribakoodi-skannerid-en\/wiereless-barcode-skanner-zebra-ds2278-black\/","name":"Wireless Barcode reader Zebra DS2278(Black) - RTT","isPartOf":{"@id":"https:\/\/rtt.ee\/en\/#website"},"primaryImageOfPage":{"@id":"https:\/\/rtt.ee\/en\/toode\/kassatehnika-en\/ribakoodi-skannerid-en\/wiereless-barcode-skanner-zebra-ds2278-black\/#primaryimage"},"image":{"@id":"https:\/\/rtt.ee\/en\/toode\/kassatehnika-en\/ribakoodi-skannerid-en\/wiereless-barcode-skanner-zebra-ds2278-black\/#primaryimage"},"thumbnailUrl":"https:\/\/rtt.ee\/wp-content\/uploads\/2018\/10\/602_1_s.jpg","datePublished":"2018-10-15T23:16:47+00:00","dateModified":"2025-07-07T18:20:32+00:00","breadcrumb":{"@id":"https:\/\/rtt.ee\/en\/toode\/kassatehnika-en\/ribakoodi-skannerid-en\/wiereless-barcode-skanner-zebra-ds2278-black\/#breadcrumb"},"inLanguage":"en-US","potentialAction":[{"@type":"ReadAction","target":["https:\/\/rtt.ee\/en\/toode\/kassatehnika-en\/ribakoodi-skannerid-en\/wiereless-barcode-skanner-zebra-ds2278-black\/"]}]},{"@type":"ImageObject","inLanguage":"en-US","@id":"https:\/\/rtt.ee\/en\/toode\/kassatehnika-en\/ribakoodi-skannerid-en\/wiereless-barcode-skanner-zebra-ds2278-black\/#primaryimage","url":"https:\/\/rtt.ee\/wp-content\/uploads\/2018\/10\/602_1_s.jpg","contentUrl":"https:\/\/rtt.ee\/wp-content\/uploads\/2018\/10\/602_1_s.jpg","width":646,"height":454},{"@type":"BreadcrumbList","@id":"https:\/\/rtt.ee\/en\/toode\/kassatehnika-en\/ribakoodi-skannerid-en\/wiereless-barcode-skanner-zebra-ds2278-black\/#breadcrumb","itemListElement":[{"@type":"ListItem","position":1,"name":"Home","item":"https:\/\/rtt.ee\/en\/"},{"@type":"ListItem","position":2,"name":"Shop","item":"https:\/\/rtt.ee\/en\/shop\/"},{"@type":"ListItem","position":3,"name":"Cash register technology","item":"https:\/\/rtt.ee\/en\/tootekategooria\/kassatehnika-en\/"},{"@type":"ListItem","position":4,"name":"Ribakoodi sk\u00e4nnerid","item":"https:\/\/rtt.ee\/tootekategooria\/kassatehnika\/ribakoodi-skannerid\/"},{"@type":"ListItem","position":5,"name":"Wireless Barcode reader Zebra DS2278(Black)"}]},{"@type":"WebSite","@id":"https:\/\/rtt.ee\/en\/#website","url":"https:\/\/rtt.ee\/en\/","name":"RTT","description":"Kassaaparaadid ja kontorikaubad","potentialAction":[{"@type":"SearchAction","target":{"@type":"EntryPoint","urlTemplate":"https:\/\/rtt.ee\/en\/?s={search_term_string}"},"query-input":{"@type":"PropertyValueSpecification","valueRequired":true,"valueName":"search_term_string"}}],"inLanguage":"en-US"}]}},"_links":{"self":[{"href":"https:\/\/rtt.ee\/en\/wp-json\/wp\/v2\/product\/2101","targetHints":{"allow":["GET"]}}],"collection":[{"href":"https:\/\/rtt.ee\/en\/wp-json\/wp\/v2\/product"}],"about":[{"href":"https:\/\/rtt.ee\/en\/wp-json\/wp\/v2\/types\/product"}],"wp:featuredmedia":[{"embeddable":true,"href":"https:\/\/rtt.ee\/en\/wp-json\/wp\/v2\/media\/2102"}],"wp:attachment":[{"href":"https:\/\/rtt.ee\/en\/wp-json\/wp\/v2\/media?parent=2101"}],"wp:term":[{"taxonomy":"product_brand","embeddable":true,"href":"https:\/\/rtt.ee\/en\/wp-json\/wp\/v2\/product_brand?post=2101"},{"taxonomy":"product_cat","embeddable":true,"href":"https:\/\/rtt.ee\/en\/wp-json\/wp\/v2\/product_cat?post=2101"},{"taxonomy":"product_tag","embeddable":true,"href":"https:\/\/rtt.ee\/en\/wp-json\/wp\/v2\/product_tag?post=2101"}],"curies":[{"name":"wp","href":"https:\/\/api.w.org\/{rel}","templated":true}]}}