{"id":2048,"date":"2018-10-16T02:20:38","date_gmt":"2018-10-15T23:20:38","guid":{"rendered":"https:\/\/rtt.ee\/toode\/maaratlemata\/epson-premium-matte-label-continuous-76mm-x-35m\/"},"modified":"2025-07-07T21:20:32","modified_gmt":"2025-07-07T18:20:32","slug":"epson-premium-matte-label-continuous-76mm-x-35m","status":"publish","type":"product","link":"https:\/\/rtt.ee\/en\/toode\/etiketid-ja-termokiled-en\/varvilise-etiketiprinteri-etiketid-en\/epson-premium-matte-label-continuous-76mm-x-35m\/","title":{"rendered":"Epson Premium matte Label Continuous 76mm X 35m"},"content":{"rendered":"<p>1. Sobib printeritele : TM-C3500; TM-C7500;<br \/>\n2. Pool matt<br \/>\n3. Continuous roll ehk v\u00f5imalik ise etiketi k\u00f5rgust m\u00e4\u00e4rata l\u00f5ikuri abiga.<\/p>\n<p><strong>Info: +372 6112 258<\/strong><\/p>\n","protected":false},"excerpt":{"rendered":"<p>1. Sobib printeritele : TM-C3500; TM-C7500; 2. Pool matt 3. Continuous roll ehk v\u00f5imalik ise etiketi k\u00f5rgust m\u00e4\u00e4rata l\u00f5ikuri abiga. Info: +372 6112 258<\/p>\n","protected":false},"featured_media":2049,"template":"","meta":{"_acf_changed":false},"product_brand":[],"product_cat":[148],"product_tag":[],"class_list":{"0":"post-2048","1":"product","2":"type-product","3":"status-publish","4":"has-post-thumbnail","6":"product_cat-varvilise-etiketiprinteri-etiketid-en","7":"product_brands-epson-en","9":"first","10":"instock","11":"taxable","12":"shipping-taxable","13":"purchasable","14":"product-type-simple"},"acf":[],"yoast_head":"<!-- This site is optimized with the Yoast SEO plugin v26.2 - https:\/\/yoast.com\/wordpress\/plugins\/seo\/ -->\n<title>Epson Premium matte Label Continuous 76mm X 35m - RTT<\/title>\n<meta name=\"robots\" content=\"index, follow, max-snippet:-1, max-image-preview:large, max-video-preview:-1\" \/>\n<link rel=\"canonical\" href=\"https:\/\/rtt.ee\/en\/toode\/etiketid-ja-termokiled-en\/varvilise-etiketiprinteri-etiketid-en\/epson-premium-matte-label-continuous-76mm-x-35m\/\" \/>\n<meta property=\"og:locale\" content=\"en_US\" \/>\n<meta property=\"og:type\" content=\"article\" \/>\n<meta property=\"og:title\" content=\"Epson Premium matte Label Continuous 76mm X 35m - RTT\" \/>\n<meta property=\"og:description\" content=\"1. Sobib printeritele : TM-C3500; TM-C7500; 2. Pool matt 3. Continuous roll ehk v\u00f5imalik ise etiketi k\u00f5rgust m\u00e4\u00e4rata l\u00f5ikuri abiga. Info: +372 6112 258\" \/>\n<meta property=\"og:url\" content=\"https:\/\/rtt.ee\/en\/toode\/etiketid-ja-termokiled-en\/varvilise-etiketiprinteri-etiketid-en\/epson-premium-matte-label-continuous-76mm-x-35m\/\" \/>\n<meta property=\"og:site_name\" content=\"RTT\" \/>\n<meta property=\"article:modified_time\" content=\"2025-07-07T18:20:32+00:00\" \/>\n<meta property=\"og:image\" content=\"https:\/\/rtt.ee\/wp-content\/uploads\/2018\/10\/628_1_s.jpg\" \/>\n\t<meta property=\"og:image:width\" content=\"350\" \/>\n\t<meta property=\"og:image:height\" content=\"233\" \/>\n\t<meta property=\"og:image:type\" content=\"image\/jpeg\" \/>\n<meta name=\"twitter:card\" content=\"summary_large_image\" \/>\n<script type=\"application\/ld+json\" class=\"yoast-schema-graph\">{\"@context\":\"https:\/\/schema.org\",\"@graph\":[{\"@type\":\"WebPage\",\"@id\":\"https:\/\/rtt.ee\/en\/toode\/etiketid-ja-termokiled-en\/varvilise-etiketiprinteri-etiketid-en\/epson-premium-matte-label-continuous-76mm-x-35m\/\",\"url\":\"https:\/\/rtt.ee\/en\/toode\/etiketid-ja-termokiled-en\/varvilise-etiketiprinteri-etiketid-en\/epson-premium-matte-label-continuous-76mm-x-35m\/\",\"name\":\"Epson Premium matte Label Continuous 76mm X 35m - RTT\",\"isPartOf\":{\"@id\":\"https:\/\/rtt.ee\/en\/#website\"},\"primaryImageOfPage\":{\"@id\":\"https:\/\/rtt.ee\/en\/toode\/etiketid-ja-termokiled-en\/varvilise-etiketiprinteri-etiketid-en\/epson-premium-matte-label-continuous-76mm-x-35m\/#primaryimage\"},\"image\":{\"@id\":\"https:\/\/rtt.ee\/en\/toode\/etiketid-ja-termokiled-en\/varvilise-etiketiprinteri-etiketid-en\/epson-premium-matte-label-continuous-76mm-x-35m\/#primaryimage\"},\"thumbnailUrl\":\"https:\/\/rtt.ee\/wp-content\/uploads\/2018\/10\/628_1_s.jpg\",\"datePublished\":\"2018-10-15T23:20:38+00:00\",\"dateModified\":\"2025-07-07T18:20:32+00:00\",\"breadcrumb\":{\"@id\":\"https:\/\/rtt.ee\/en\/toode\/etiketid-ja-termokiled-en\/varvilise-etiketiprinteri-etiketid-en\/epson-premium-matte-label-continuous-76mm-x-35m\/#breadcrumb\"},\"inLanguage\":\"en-US\",\"potentialAction\":[{\"@type\":\"ReadAction\",\"target\":[\"https:\/\/rtt.ee\/en\/toode\/etiketid-ja-termokiled-en\/varvilise-etiketiprinteri-etiketid-en\/epson-premium-matte-label-continuous-76mm-x-35m\/\"]}]},{\"@type\":\"ImageObject\",\"inLanguage\":\"en-US\",\"@id\":\"https:\/\/rtt.ee\/en\/toode\/etiketid-ja-termokiled-en\/varvilise-etiketiprinteri-etiketid-en\/epson-premium-matte-label-continuous-76mm-x-35m\/#primaryimage\",\"url\":\"https:\/\/rtt.ee\/wp-content\/uploads\/2018\/10\/628_1_s.jpg\",\"contentUrl\":\"https:\/\/rtt.ee\/wp-content\/uploads\/2018\/10\/628_1_s.jpg\",\"width\":350,\"height\":233},{\"@type\":\"BreadcrumbList\",\"@id\":\"https:\/\/rtt.ee\/en\/toode\/etiketid-ja-termokiled-en\/varvilise-etiketiprinteri-etiketid-en\/epson-premium-matte-label-continuous-76mm-x-35m\/#breadcrumb\",\"itemListElement\":[{\"@type\":\"ListItem\",\"position\":1,\"name\":\"Home\",\"item\":\"https:\/\/rtt.ee\/en\/\"},{\"@type\":\"ListItem\",\"position\":2,\"name\":\"Shop\",\"item\":\"https:\/\/rtt.ee\/en\/shop\/\"},{\"@type\":\"ListItem\",\"position\":3,\"name\":\"Labels and thermal films\",\"item\":\"https:\/\/rtt.ee\/en\/tootekategooria\/etiketid-ja-termokiled-en\/\"},{\"@type\":\"ListItem\",\"position\":4,\"name\":\"Labels for colour printers\",\"item\":\"https:\/\/rtt.ee\/en\/tootekategooria\/etiketid-ja-termokiled-en\/varvilise-etiketiprinteri-etiketid-en\/\"},{\"@type\":\"ListItem\",\"position\":5,\"name\":\"Epson Premium matte Label Continuous 76mm X 35m\"}]},{\"@type\":\"WebSite\",\"@id\":\"https:\/\/rtt.ee\/en\/#website\",\"url\":\"https:\/\/rtt.ee\/en\/\",\"name\":\"RTT\",\"description\":\"Kassaaparaadid ja kontorikaubad\",\"potentialAction\":[{\"@type\":\"SearchAction\",\"target\":{\"@type\":\"EntryPoint\",\"urlTemplate\":\"https:\/\/rtt.ee\/en\/?s={search_term_string}\"},\"query-input\":{\"@type\":\"PropertyValueSpecification\",\"valueRequired\":true,\"valueName\":\"search_term_string\"}}],\"inLanguage\":\"en-US\"}]}<\/script>\n<!-- \/ Yoast SEO plugin. -->","yoast_head_json":{"title":"Epson Premium matte Label Continuous 76mm X 35m - RTT","robots":{"index":"index","follow":"follow","max-snippet":"max-snippet:-1","max-image-preview":"max-image-preview:large","max-video-preview":"max-video-preview:-1"},"canonical":"https:\/\/rtt.ee\/en\/toode\/etiketid-ja-termokiled-en\/varvilise-etiketiprinteri-etiketid-en\/epson-premium-matte-label-continuous-76mm-x-35m\/","og_locale":"en_US","og_type":"article","og_title":"Epson Premium matte Label Continuous 76mm X 35m - RTT","og_description":"1. Sobib printeritele : TM-C3500; TM-C7500; 2. Pool matt 3. Continuous roll ehk v\u00f5imalik ise etiketi k\u00f5rgust m\u00e4\u00e4rata l\u00f5ikuri abiga. Info: +372 6112 258","og_url":"https:\/\/rtt.ee\/en\/toode\/etiketid-ja-termokiled-en\/varvilise-etiketiprinteri-etiketid-en\/epson-premium-matte-label-continuous-76mm-x-35m\/","og_site_name":"RTT","article_modified_time":"2025-07-07T18:20:32+00:00","og_image":[{"width":350,"height":233,"url":"https:\/\/rtt.ee\/wp-content\/uploads\/2018\/10\/628_1_s.jpg","type":"image\/jpeg"}],"twitter_card":"summary_large_image","schema":{"@context":"https:\/\/schema.org","@graph":[{"@type":"WebPage","@id":"https:\/\/rtt.ee\/en\/toode\/etiketid-ja-termokiled-en\/varvilise-etiketiprinteri-etiketid-en\/epson-premium-matte-label-continuous-76mm-x-35m\/","url":"https:\/\/rtt.ee\/en\/toode\/etiketid-ja-termokiled-en\/varvilise-etiketiprinteri-etiketid-en\/epson-premium-matte-label-continuous-76mm-x-35m\/","name":"Epson Premium matte Label Continuous 76mm X 35m - RTT","isPartOf":{"@id":"https:\/\/rtt.ee\/en\/#website"},"primaryImageOfPage":{"@id":"https:\/\/rtt.ee\/en\/toode\/etiketid-ja-termokiled-en\/varvilise-etiketiprinteri-etiketid-en\/epson-premium-matte-label-continuous-76mm-x-35m\/#primaryimage"},"image":{"@id":"https:\/\/rtt.ee\/en\/toode\/etiketid-ja-termokiled-en\/varvilise-etiketiprinteri-etiketid-en\/epson-premium-matte-label-continuous-76mm-x-35m\/#primaryimage"},"thumbnailUrl":"https:\/\/rtt.ee\/wp-content\/uploads\/2018\/10\/628_1_s.jpg","datePublished":"2018-10-15T23:20:38+00:00","dateModified":"2025-07-07T18:20:32+00:00","breadcrumb":{"@id":"https:\/\/rtt.ee\/en\/toode\/etiketid-ja-termokiled-en\/varvilise-etiketiprinteri-etiketid-en\/epson-premium-matte-label-continuous-76mm-x-35m\/#breadcrumb"},"inLanguage":"en-US","potentialAction":[{"@type":"ReadAction","target":["https:\/\/rtt.ee\/en\/toode\/etiketid-ja-termokiled-en\/varvilise-etiketiprinteri-etiketid-en\/epson-premium-matte-label-continuous-76mm-x-35m\/"]}]},{"@type":"ImageObject","inLanguage":"en-US","@id":"https:\/\/rtt.ee\/en\/toode\/etiketid-ja-termokiled-en\/varvilise-etiketiprinteri-etiketid-en\/epson-premium-matte-label-continuous-76mm-x-35m\/#primaryimage","url":"https:\/\/rtt.ee\/wp-content\/uploads\/2018\/10\/628_1_s.jpg","contentUrl":"https:\/\/rtt.ee\/wp-content\/uploads\/2018\/10\/628_1_s.jpg","width":350,"height":233},{"@type":"BreadcrumbList","@id":"https:\/\/rtt.ee\/en\/toode\/etiketid-ja-termokiled-en\/varvilise-etiketiprinteri-etiketid-en\/epson-premium-matte-label-continuous-76mm-x-35m\/#breadcrumb","itemListElement":[{"@type":"ListItem","position":1,"name":"Home","item":"https:\/\/rtt.ee\/en\/"},{"@type":"ListItem","position":2,"name":"Shop","item":"https:\/\/rtt.ee\/en\/shop\/"},{"@type":"ListItem","position":3,"name":"Labels and thermal films","item":"https:\/\/rtt.ee\/en\/tootekategooria\/etiketid-ja-termokiled-en\/"},{"@type":"ListItem","position":4,"name":"Labels for colour printers","item":"https:\/\/rtt.ee\/en\/tootekategooria\/etiketid-ja-termokiled-en\/varvilise-etiketiprinteri-etiketid-en\/"},{"@type":"ListItem","position":5,"name":"Epson Premium matte Label Continuous 76mm X 35m"}]},{"@type":"WebSite","@id":"https:\/\/rtt.ee\/en\/#website","url":"https:\/\/rtt.ee\/en\/","name":"RTT","description":"Kassaaparaadid ja kontorikaubad","potentialAction":[{"@type":"SearchAction","target":{"@type":"EntryPoint","urlTemplate":"https:\/\/rtt.ee\/en\/?s={search_term_string}"},"query-input":{"@type":"PropertyValueSpecification","valueRequired":true,"valueName":"search_term_string"}}],"inLanguage":"en-US"}]}},"_links":{"self":[{"href":"https:\/\/rtt.ee\/en\/wp-json\/wp\/v2\/product\/2048","targetHints":{"allow":["GET"]}}],"collection":[{"href":"https:\/\/rtt.ee\/en\/wp-json\/wp\/v2\/product"}],"about":[{"href":"https:\/\/rtt.ee\/en\/wp-json\/wp\/v2\/types\/product"}],"wp:featuredmedia":[{"embeddable":true,"href":"https:\/\/rtt.ee\/en\/wp-json\/wp\/v2\/media\/2049"}],"wp:attachment":[{"href":"https:\/\/rtt.ee\/en\/wp-json\/wp\/v2\/media?parent=2048"}],"wp:term":[{"taxonomy":"product_brand","embeddable":true,"href":"https:\/\/rtt.ee\/en\/wp-json\/wp\/v2\/product_brand?post=2048"},{"taxonomy":"product_cat","embeddable":true,"href":"https:\/\/rtt.ee\/en\/wp-json\/wp\/v2\/product_cat?post=2048"},{"taxonomy":"product_tag","embeddable":true,"href":"https:\/\/rtt.ee\/en\/wp-json\/wp\/v2\/product_tag?post=2048"}],"curies":[{"name":"wp","href":"https:\/\/api.w.org\/{rel}","templated":true}]}}