{"id":18884,"date":"2026-05-15T10:51:41","date_gmt":"2026-05-15T07:51:41","guid":{"rendered":"https:\/\/rtt.ee\/toode\/uncategorized\/epson-workforce-lameskanner-ds-1760wn\/"},"modified":"2026-05-15T10:51:41","modified_gmt":"2026-05-15T07:51:41","slug":"epson-workforce-lameskanner-ds-1760wn","status":"publish","type":"product","link":"https:\/\/rtt.ee\/en\/toode\/skannerid\/epson-workforce-lameskanner-ds-1760wn\/","title":{"rendered":"Epson WorkForce lameskanner DS-1760WN"},"content":{"rendered":"<p>Skaneerimiskiirus: 30 Lk\/min (must-valge ja v\u00e4rviline)<\/p>\n<p>Resolutsioon: 1200 x 1200dpi; 600 x 600dpi (ADF)<\/p>\n<p>ADF lehes\u00f6\u00f6tur: 60 lehte<\/p>\n<p>Kahepoolne skaneerimine: Jah<\/p>\n<p>Paberi formaadid: A4 (21.0\u00d729,7 cm), A5 (14,8\u00d721,0 cm), A6 (10,5\u00d714,8 cm), B5, B6, Letter, Letter Legal, A7, A8<\/p>\n<p>V\u00e4ljundformaadid: BMP, JPEG, TIFF, PDF, PDF\/A, PNG, docx, xlsx, pptx<\/p>\n<p>Dokumendi t\u00e4iustatud integreerimine: Skannimine e-posti, Skannimine FTP-sse, Skannimine Microsoft SharePoint\u00ae-i jaoks, Skannimine tr\u00fckkimiseks, Skannimine veebikausta, Skannimine v\u00f5rgukausta, Arvuti (Epson Document Capture Pro), Microsoft SharePoint koos Epson Document Capture Pro-ga<\/p>\n<p>Soovitatav sk\u00e4nnimaht: 3000 lk\/p\u00e4eva<\/p>\n<p>Ekraan: 3,5&#8243; v\u00e4rviline puuteekraan, mis v\u00f5imaldab valida sihtkohti (e-post, pilv, v\u00f5rgukaust) otse seadmest.<\/p>\n<p>\u00dchendus: USB 2.0, LAN, WIFI<\/p>\n<div>\n<p>Toetatavad operatsioonis\u00fcsteemid: Windows, Windows Server, MacOS<\/p>\n<p>Lisainfo:\u00a0<a href=\"https:\/\/www.epson.ee\/et_EE\/tooted\/skannerid\/%C3%84riskanner\/workforce-ds-1760wn-kompaktne-lameskanner-koos-integreeritud-v%C3%B5rgu%C3%BChenduse-ja-wi-fi-ga-v%C3%A4ikeettev%C3%B5tetele-ja-kodukontoritele-\/p\/52263\">Tehniline kirjeldus inglise keeles<\/a><\/p>\n<p>Tel: +372 6 112 256<\/p>\n<p>GSM: +372 5 014 470<\/p>\n<div class=\"buy-box__copies\">\n<div class=\"buy-box__badges\">\n<div class=\"product-banner product-banner--pink\">\n<div class=\"product-banner__description\"><strong><span class=\"product-banner__copies\"><span class=\"product-banner__text\">Pikendage selle skanneri garantiid 3 aastale.\u00a0<\/span><\/span><\/strong><\/div>\n<div class=\"product-banner__description\"><strong><span class=\"product-banner__copies\"><span class=\"product-banner__text\">Kehtivad tingimused, aktiveerige oma lisagarantii\u00a0<a href=\"https:\/\/www.epson.ee\/printerwarranty\">siin<\/a>.<\/span><\/span><\/strong><\/div>\n<\/div>\n<\/div>\n<\/div>\n<\/div>\n","protected":false},"excerpt":{"rendered":"<p>Skaneerimiskiirus: 30 Lk\/min (must-valge ja v\u00e4rviline) Resolutsioon: 1200 x 1200dpi; 600 x 600dpi (ADF) ADF lehes\u00f6\u00f6tur: 60 lehte Kahepoolne skaneerimine: Jah Paberi formaadid: A4 (21.0\u00d729,7 cm), A5 (14,8\u00d721,0 cm), A6 (10,5\u00d714,8 cm), B5, B6, Letter, Letter Legal, A7, A8 V\u00e4ljundformaadid: BMP, JPEG, TIFF, PDF, PDF\/A, PNG, docx, xlsx, pptx Dokumendi t\u00e4iustatud integreerimine: Skannimine e-posti, Skannimine [&hellip;]<\/p>\n","protected":false},"featured_media":18876,"template":"","meta":{"_acf_changed":false},"product_brand":[405],"product_cat":[451],"product_tag":[],"class_list":{"0":"post-18884","1":"product","2":"type-product","3":"status-publish","4":"has-post-thumbnail","6":"product_brand-epson","7":"product_cat-skannerid","8":"product_brands-epson-en","10":"first","11":"onbackorder","12":"taxable","13":"shipping-taxable","14":"purchasable","15":"product-type-simple"},"acf":[],"yoast_head":"<!-- This site is optimized with the Yoast SEO plugin v26.2 - https:\/\/yoast.com\/wordpress\/plugins\/seo\/ -->\n<title>Epson WorkForce lameskanner DS-1760WN - RTT<\/title>\n<meta name=\"robots\" content=\"index, follow, max-snippet:-1, max-image-preview:large, max-video-preview:-1\" \/>\n<link rel=\"canonical\" href=\"https:\/\/rtt.ee\/en\/toode\/uncategorized\/epson-workforce-lameskanner-ds-1760wn\/\" \/>\n<meta property=\"og:locale\" content=\"en_US\" \/>\n<meta property=\"og:type\" content=\"article\" \/>\n<meta property=\"og:title\" content=\"Epson WorkForce lameskanner DS-1760WN - RTT\" \/>\n<meta property=\"og:description\" content=\"Skaneerimiskiirus: 30 Lk\/min (must-valge ja v\u00e4rviline) Resolutsioon: 1200 x 1200dpi; 600 x 600dpi (ADF) ADF lehes\u00f6\u00f6tur: 60 lehte Kahepoolne skaneerimine: Jah Paberi formaadid: A4 (21.0\u00d729,7 cm), A5 (14,8\u00d721,0 cm), A6 (10,5\u00d714,8 cm), B5, B6, Letter, Letter Legal, A7, A8 V\u00e4ljundformaadid: BMP, JPEG, TIFF, PDF, PDF\/A, PNG, docx, xlsx, pptx Dokumendi t\u00e4iustatud integreerimine: Skannimine e-posti, Skannimine [&hellip;]\" \/>\n<meta property=\"og:url\" content=\"https:\/\/rtt.ee\/en\/toode\/uncategorized\/epson-workforce-lameskanner-ds-1760wn\/\" \/>\n<meta property=\"og:site_name\" content=\"RTT\" \/>\n<meta property=\"og:image\" content=\"https:\/\/rtt.ee\/wp-content\/uploads\/2022\/01\/rtt_logo_350X350.jpg\" \/>\n\t<meta property=\"og:image:width\" content=\"350\" \/>\n\t<meta property=\"og:image:height\" content=\"350\" \/>\n\t<meta property=\"og:image:type\" content=\"image\/jpeg\" \/>\n<meta name=\"twitter:card\" content=\"summary_large_image\" \/>\n<meta name=\"twitter:label1\" content=\"Est. reading time\" \/>\n\t<meta name=\"twitter:data1\" content=\"1 minute\" \/>\n<script type=\"application\/ld+json\" class=\"yoast-schema-graph\">{\"@context\":\"https:\/\/schema.org\",\"@graph\":[{\"@type\":\"WebPage\",\"@id\":\"https:\/\/rtt.ee\/en\/toode\/uncategorized\/epson-workforce-lameskanner-ds-1760wn\/\",\"url\":\"https:\/\/rtt.ee\/en\/toode\/uncategorized\/epson-workforce-lameskanner-ds-1760wn\/\",\"name\":\"Epson WorkForce lameskanner DS-1760WN - RTT\",\"isPartOf\":{\"@id\":\"https:\/\/rtt.ee\/en\/#website\"},\"primaryImageOfPage\":{\"@id\":\"https:\/\/rtt.ee\/en\/toode\/uncategorized\/epson-workforce-lameskanner-ds-1760wn\/#primaryimage\"},\"image\":{\"@id\":\"https:\/\/rtt.ee\/en\/toode\/uncategorized\/epson-workforce-lameskanner-ds-1760wn\/#primaryimage\"},\"thumbnailUrl\":\"https:\/\/rtt.ee\/wp-content\/uploads\/2026\/05\/fn-no01-jp-scaled-e1778831449156.jpg\",\"datePublished\":\"2026-05-15T07:51:41+00:00\",\"breadcrumb\":{\"@id\":\"https:\/\/rtt.ee\/en\/toode\/uncategorized\/epson-workforce-lameskanner-ds-1760wn\/#breadcrumb\"},\"inLanguage\":\"en-US\",\"potentialAction\":[{\"@type\":\"ReadAction\",\"target\":[\"https:\/\/rtt.ee\/en\/toode\/uncategorized\/epson-workforce-lameskanner-ds-1760wn\/\"]}]},{\"@type\":\"ImageObject\",\"inLanguage\":\"en-US\",\"@id\":\"https:\/\/rtt.ee\/en\/toode\/uncategorized\/epson-workforce-lameskanner-ds-1760wn\/#primaryimage\",\"url\":\"https:\/\/rtt.ee\/wp-content\/uploads\/2026\/05\/fn-no01-jp-scaled-e1778831449156.jpg\",\"contentUrl\":\"https:\/\/rtt.ee\/wp-content\/uploads\/2026\/05\/fn-no01-jp-scaled-e1778831449156.jpg\",\"width\":2560,\"height\":2560},{\"@type\":\"BreadcrumbList\",\"@id\":\"https:\/\/rtt.ee\/en\/toode\/uncategorized\/epson-workforce-lameskanner-ds-1760wn\/#breadcrumb\",\"itemListElement\":[{\"@type\":\"ListItem\",\"position\":1,\"name\":\"Home\",\"item\":\"https:\/\/rtt.ee\/en\/\"},{\"@type\":\"ListItem\",\"position\":2,\"name\":\"Shop\",\"item\":\"https:\/\/rtt.ee\/en\/shop\/\"},{\"@type\":\"ListItem\",\"position\":3,\"name\":\"Epson WorkForce lameskanner DS-1760WN\"}]},{\"@type\":\"WebSite\",\"@id\":\"https:\/\/rtt.ee\/en\/#website\",\"url\":\"https:\/\/rtt.ee\/en\/\",\"name\":\"RTT\",\"description\":\"Kassaaparaadid ja kontorikaubad\",\"potentialAction\":[{\"@type\":\"SearchAction\",\"target\":{\"@type\":\"EntryPoint\",\"urlTemplate\":\"https:\/\/rtt.ee\/en\/?s={search_term_string}\"},\"query-input\":{\"@type\":\"PropertyValueSpecification\",\"valueRequired\":true,\"valueName\":\"search_term_string\"}}],\"inLanguage\":\"en-US\"}]}<\/script>\n<!-- \/ Yoast SEO plugin. -->","yoast_head_json":{"title":"Epson WorkForce lameskanner DS-1760WN - RTT","robots":{"index":"index","follow":"follow","max-snippet":"max-snippet:-1","max-image-preview":"max-image-preview:large","max-video-preview":"max-video-preview:-1"},"canonical":"https:\/\/rtt.ee\/en\/toode\/uncategorized\/epson-workforce-lameskanner-ds-1760wn\/","og_locale":"en_US","og_type":"article","og_title":"Epson WorkForce lameskanner DS-1760WN - RTT","og_description":"Skaneerimiskiirus: 30 Lk\/min (must-valge ja v\u00e4rviline) Resolutsioon: 1200 x 1200dpi; 600 x 600dpi (ADF) ADF lehes\u00f6\u00f6tur: 60 lehte Kahepoolne skaneerimine: Jah Paberi formaadid: A4 (21.0\u00d729,7 cm), A5 (14,8\u00d721,0 cm), A6 (10,5\u00d714,8 cm), B5, B6, Letter, Letter Legal, A7, A8 V\u00e4ljundformaadid: BMP, JPEG, TIFF, PDF, PDF\/A, PNG, docx, xlsx, pptx Dokumendi t\u00e4iustatud integreerimine: Skannimine e-posti, Skannimine [&hellip;]","og_url":"https:\/\/rtt.ee\/en\/toode\/uncategorized\/epson-workforce-lameskanner-ds-1760wn\/","og_site_name":"RTT","og_image":[{"width":350,"height":350,"url":"https:\/\/rtt.ee\/wp-content\/uploads\/2022\/01\/rtt_logo_350X350.jpg","type":"image\/jpeg"}],"twitter_card":"summary_large_image","twitter_misc":{"Est. reading time":"1 minute"},"schema":{"@context":"https:\/\/schema.org","@graph":[{"@type":"WebPage","@id":"https:\/\/rtt.ee\/en\/toode\/uncategorized\/epson-workforce-lameskanner-ds-1760wn\/","url":"https:\/\/rtt.ee\/en\/toode\/uncategorized\/epson-workforce-lameskanner-ds-1760wn\/","name":"Epson WorkForce lameskanner DS-1760WN - RTT","isPartOf":{"@id":"https:\/\/rtt.ee\/en\/#website"},"primaryImageOfPage":{"@id":"https:\/\/rtt.ee\/en\/toode\/uncategorized\/epson-workforce-lameskanner-ds-1760wn\/#primaryimage"},"image":{"@id":"https:\/\/rtt.ee\/en\/toode\/uncategorized\/epson-workforce-lameskanner-ds-1760wn\/#primaryimage"},"thumbnailUrl":"https:\/\/rtt.ee\/wp-content\/uploads\/2026\/05\/fn-no01-jp-scaled-e1778831449156.jpg","datePublished":"2026-05-15T07:51:41+00:00","breadcrumb":{"@id":"https:\/\/rtt.ee\/en\/toode\/uncategorized\/epson-workforce-lameskanner-ds-1760wn\/#breadcrumb"},"inLanguage":"en-US","potentialAction":[{"@type":"ReadAction","target":["https:\/\/rtt.ee\/en\/toode\/uncategorized\/epson-workforce-lameskanner-ds-1760wn\/"]}]},{"@type":"ImageObject","inLanguage":"en-US","@id":"https:\/\/rtt.ee\/en\/toode\/uncategorized\/epson-workforce-lameskanner-ds-1760wn\/#primaryimage","url":"https:\/\/rtt.ee\/wp-content\/uploads\/2026\/05\/fn-no01-jp-scaled-e1778831449156.jpg","contentUrl":"https:\/\/rtt.ee\/wp-content\/uploads\/2026\/05\/fn-no01-jp-scaled-e1778831449156.jpg","width":2560,"height":2560},{"@type":"BreadcrumbList","@id":"https:\/\/rtt.ee\/en\/toode\/uncategorized\/epson-workforce-lameskanner-ds-1760wn\/#breadcrumb","itemListElement":[{"@type":"ListItem","position":1,"name":"Home","item":"https:\/\/rtt.ee\/en\/"},{"@type":"ListItem","position":2,"name":"Shop","item":"https:\/\/rtt.ee\/en\/shop\/"},{"@type":"ListItem","position":3,"name":"Epson WorkForce lameskanner DS-1760WN"}]},{"@type":"WebSite","@id":"https:\/\/rtt.ee\/en\/#website","url":"https:\/\/rtt.ee\/en\/","name":"RTT","description":"Kassaaparaadid ja kontorikaubad","potentialAction":[{"@type":"SearchAction","target":{"@type":"EntryPoint","urlTemplate":"https:\/\/rtt.ee\/en\/?s={search_term_string}"},"query-input":{"@type":"PropertyValueSpecification","valueRequired":true,"valueName":"search_term_string"}}],"inLanguage":"en-US"}]}},"_links":{"self":[{"href":"https:\/\/rtt.ee\/en\/wp-json\/wp\/v2\/product\/18884","targetHints":{"allow":["GET"]}}],"collection":[{"href":"https:\/\/rtt.ee\/en\/wp-json\/wp\/v2\/product"}],"about":[{"href":"https:\/\/rtt.ee\/en\/wp-json\/wp\/v2\/types\/product"}],"wp:featuredmedia":[{"embeddable":true,"href":"https:\/\/rtt.ee\/en\/wp-json\/wp\/v2\/media\/18876"}],"wp:attachment":[{"href":"https:\/\/rtt.ee\/en\/wp-json\/wp\/v2\/media?parent=18884"}],"wp:term":[{"taxonomy":"product_brand","embeddable":true,"href":"https:\/\/rtt.ee\/en\/wp-json\/wp\/v2\/product_brand?post=18884"},{"taxonomy":"product_cat","embeddable":true,"href":"https:\/\/rtt.ee\/en\/wp-json\/wp\/v2\/product_cat?post=18884"},{"taxonomy":"product_tag","embeddable":true,"href":"https:\/\/rtt.ee\/en\/wp-json\/wp\/v2\/product_tag?post=18884"}],"curies":[{"name":"wp","href":"https:\/\/api.w.org\/{rel}","templated":true}]}}