{"id":18844,"date":"2026-05-14T15:29:59","date_gmt":"2026-05-14T12:29:59","guid":{"rendered":"https:\/\/rtt.ee\/toode\/uncategorized\/toshiba-e-studio409as-multifunktsionaalne-a4-must-laserprinter\/"},"modified":"2026-05-14T15:34:04","modified_gmt":"2026-05-14T12:34:04","slug":"toshiba-e-studio409as-multifunktsionaalne-a4-must-laserprinter","status":"publish","type":"product","link":"https:\/\/rtt.ee\/en\/toode\/koopiamasinad-en\/a4-printer-skanner-koopiamasinad-en\/toshiba-e-studio409as-multifunktsionaalne-a4-must-laserprinter\/","title":{"rendered":"Toshiba e-STUDIO409AS multifunktsionaalne A4 must-laserprinter"},"content":{"rendered":"<p>Funktsioonid: printimine, skannimine, kopeerimine<\/p>\n<p>Tr\u00fckikiirus A4: 42 Lk\/min (must-valge)<\/p>\n<p>Tr\u00fckikvaliteet (dpi): 1200 x 1200<\/p>\n<p>M\u00e4lu: 2GB<\/p>\n<p>HDD: 128GB (lisav\u00f5imalus)<\/p>\n<p>Juhtpaneel: 4,3&#8243; puutetundlik, v\u00e4rviline<\/p>\n<p>Paberis\u00f6\u00f6tja maht: 350 lehte (Standard), 900 lehte (lisav\u00f5imalus)<\/p>\n<p>\u00dchendused: USB, Ethernet, WiFi<\/p>\n<p>Toetatavad operatsioonis\u00fcsteemid: Windows, Windows Server, MacOS<\/p>\n<p>Komplektis: Start tooner 3k<\/p>\n<p>Lisainfo:\u00a0<a href=\"https:\/\/business.toshiba.com\/product\/e-studio409as\">Tehniline kirjeldus inglise keeles<\/a><\/p>\n<p>Tel: +372 6 112 256<\/p>\n<p>GSM: +372 5 014 470<\/p>\n","protected":false},"excerpt":{"rendered":"<p>Funktsioonid: printimine, skannimine, kopeerimine Tr\u00fckikiirus A4: 42 Lk\/min (must-valge) Tr\u00fckikvaliteet (dpi): 1200 x 1200 M\u00e4lu: 2GB HDD: 128GB (lisav\u00f5imalus) Juhtpaneel: 4,3&#8243; puutetundlik, v\u00e4rviline Paberis\u00f6\u00f6tja maht: 350 lehte (Standard), 900 lehte (lisav\u00f5imalus) \u00dchendused: USB, Ethernet, WiFi Toetatavad operatsioonis\u00fcsteemid: Windows, Windows Server, MacOS Komplektis: Start tooner 3k Lisainfo:\u00a0Tehniline kirjeldus inglise keeles Tel: +372 6 112 256 GSM: [&hellip;]<\/p>\n","protected":false},"featured_media":18836,"template":"","meta":{"_acf_changed":false},"product_brand":[448],"product_cat":[118],"product_tag":[],"class_list":{"0":"post-18844","1":"product","2":"type-product","3":"status-publish","4":"has-post-thumbnail","6":"product_brand-toshiba","7":"product_cat-a4-printer-skanner-koopiamasinad-en","8":"product_brands-toshiba-en","10":"first","11":"onbackorder","12":"taxable","13":"shipping-taxable","14":"purchasable","15":"product-type-simple"},"acf":[],"yoast_head":"<!-- This site is optimized with the Yoast SEO plugin v26.2 - https:\/\/yoast.com\/wordpress\/plugins\/seo\/ -->\n<title>Toshiba e-STUDIO409AS multifunktsionaalne A4 must-laserprinter - RTT<\/title>\n<meta name=\"description\" content=\"Toshiba e-STUDIO409AS on professionaalne A4-formaadi mustvalge multifunktsionaalne seade, mis on loodud v\u00e4ikestele ja keskmise suurusega kontoritele\" \/>\n<meta name=\"robots\" content=\"index, follow, max-snippet:-1, max-image-preview:large, max-video-preview:-1\" \/>\n<link rel=\"canonical\" href=\"https:\/\/rtt.ee\/en\/toode\/koopiamasinad-en\/a4-printer-skanner-koopiamasinad-en\/toshiba-e-studio409as-multifunktsionaalne-a4-must-laserprinter\/\" \/>\n<meta property=\"og:locale\" content=\"en_US\" \/>\n<meta property=\"og:type\" content=\"article\" \/>\n<meta property=\"og:title\" content=\"Toshiba e-STUDIO409AS multifunktsionaalne A4 must-laserprinter - RTT\" \/>\n<meta property=\"og:description\" content=\"Toshiba e-STUDIO409AS on professionaalne A4-formaadi mustvalge multifunktsionaalne seade, mis on loodud v\u00e4ikestele ja keskmise suurusega kontoritele\" \/>\n<meta property=\"og:url\" content=\"https:\/\/rtt.ee\/en\/toode\/koopiamasinad-en\/a4-printer-skanner-koopiamasinad-en\/toshiba-e-studio409as-multifunktsionaalne-a4-must-laserprinter\/\" \/>\n<meta property=\"og:site_name\" content=\"RTT\" \/>\n<meta property=\"article:modified_time\" content=\"2026-05-14T12:34:04+00:00\" \/>\n<meta property=\"og:image\" content=\"https:\/\/rtt.ee\/wp-content\/uploads\/2026\/05\/E-STUDIO409AS-e1778761759261.webp\" \/>\n\t<meta property=\"og:image:width\" content=\"1080\" \/>\n\t<meta property=\"og:image:height\" content=\"1080\" \/>\n\t<meta property=\"og:image:type\" content=\"image\/webp\" \/>\n<meta name=\"twitter:card\" content=\"summary_large_image\" \/>\n<meta name=\"twitter:label1\" content=\"Est. reading time\" \/>\n\t<meta name=\"twitter:data1\" content=\"1 minute\" \/>\n<script type=\"application\/ld+json\" class=\"yoast-schema-graph\">{\"@context\":\"https:\/\/schema.org\",\"@graph\":[{\"@type\":\"WebPage\",\"@id\":\"https:\/\/rtt.ee\/en\/toode\/koopiamasinad-en\/a4-printer-skanner-koopiamasinad-en\/toshiba-e-studio409as-multifunktsionaalne-a4-must-laserprinter\/\",\"url\":\"https:\/\/rtt.ee\/en\/toode\/koopiamasinad-en\/a4-printer-skanner-koopiamasinad-en\/toshiba-e-studio409as-multifunktsionaalne-a4-must-laserprinter\/\",\"name\":\"Toshiba e-STUDIO409AS multifunktsionaalne A4 must-laserprinter - RTT\",\"isPartOf\":{\"@id\":\"https:\/\/rtt.ee\/en\/#website\"},\"primaryImageOfPage\":{\"@id\":\"https:\/\/rtt.ee\/en\/toode\/koopiamasinad-en\/a4-printer-skanner-koopiamasinad-en\/toshiba-e-studio409as-multifunktsionaalne-a4-must-laserprinter\/#primaryimage\"},\"image\":{\"@id\":\"https:\/\/rtt.ee\/en\/toode\/koopiamasinad-en\/a4-printer-skanner-koopiamasinad-en\/toshiba-e-studio409as-multifunktsionaalne-a4-must-laserprinter\/#primaryimage\"},\"thumbnailUrl\":\"https:\/\/rtt.ee\/wp-content\/uploads\/2026\/05\/E-STUDIO409AS-e1778761759261.webp\",\"datePublished\":\"2026-05-14T12:29:59+00:00\",\"dateModified\":\"2026-05-14T12:34:04+00:00\",\"description\":\"Toshiba e-STUDIO409AS on professionaalne A4-formaadi mustvalge multifunktsionaalne seade, mis on loodud v\u00e4ikestele ja keskmise suurusega kontoritele\",\"breadcrumb\":{\"@id\":\"https:\/\/rtt.ee\/en\/toode\/koopiamasinad-en\/a4-printer-skanner-koopiamasinad-en\/toshiba-e-studio409as-multifunktsionaalne-a4-must-laserprinter\/#breadcrumb\"},\"inLanguage\":\"en-US\",\"potentialAction\":[{\"@type\":\"ReadAction\",\"target\":[\"https:\/\/rtt.ee\/en\/toode\/koopiamasinad-en\/a4-printer-skanner-koopiamasinad-en\/toshiba-e-studio409as-multifunktsionaalne-a4-must-laserprinter\/\"]}]},{\"@type\":\"ImageObject\",\"inLanguage\":\"en-US\",\"@id\":\"https:\/\/rtt.ee\/en\/toode\/koopiamasinad-en\/a4-printer-skanner-koopiamasinad-en\/toshiba-e-studio409as-multifunktsionaalne-a4-must-laserprinter\/#primaryimage\",\"url\":\"https:\/\/rtt.ee\/wp-content\/uploads\/2026\/05\/E-STUDIO409AS-e1778761759261.webp\",\"contentUrl\":\"https:\/\/rtt.ee\/wp-content\/uploads\/2026\/05\/E-STUDIO409AS-e1778761759261.webp\",\"width\":1080,\"height\":1080},{\"@type\":\"BreadcrumbList\",\"@id\":\"https:\/\/rtt.ee\/en\/toode\/koopiamasinad-en\/a4-printer-skanner-koopiamasinad-en\/toshiba-e-studio409as-multifunktsionaalne-a4-must-laserprinter\/#breadcrumb\",\"itemListElement\":[{\"@type\":\"ListItem\",\"position\":1,\"name\":\"Home\",\"item\":\"https:\/\/rtt.ee\/en\/\"},{\"@type\":\"ListItem\",\"position\":2,\"name\":\"Shop\",\"item\":\"https:\/\/rtt.ee\/en\/shop\/\"},{\"@type\":\"ListItem\",\"position\":3,\"name\":\"Koopiamasinad\",\"item\":\"https:\/\/rtt.ee\/tootekategooria\/koopiamasinad\/\"},{\"@type\":\"ListItem\",\"position\":4,\"name\":\"A4 Printer-Sk\u00e4nner-Koopiamasinad\",\"item\":\"https:\/\/rtt.ee\/tootekategooria\/koopiamasinad\/a4-printer-skanner-koopiamasinad\/\"},{\"@type\":\"ListItem\",\"position\":5,\"name\":\"Toshiba e-STUDIO409AS multifunktsionaalne A4 must-laserprinter\"}]},{\"@type\":\"WebSite\",\"@id\":\"https:\/\/rtt.ee\/en\/#website\",\"url\":\"https:\/\/rtt.ee\/en\/\",\"name\":\"RTT\",\"description\":\"Kassaaparaadid ja kontorikaubad\",\"potentialAction\":[{\"@type\":\"SearchAction\",\"target\":{\"@type\":\"EntryPoint\",\"urlTemplate\":\"https:\/\/rtt.ee\/en\/?s={search_term_string}\"},\"query-input\":{\"@type\":\"PropertyValueSpecification\",\"valueRequired\":true,\"valueName\":\"search_term_string\"}}],\"inLanguage\":\"en-US\"}]}<\/script>\n<!-- \/ Yoast SEO plugin. -->","yoast_head_json":{"title":"Toshiba e-STUDIO409AS multifunktsionaalne A4 must-laserprinter - RTT","description":"Toshiba e-STUDIO409AS on professionaalne A4-formaadi mustvalge multifunktsionaalne seade, mis on loodud v\u00e4ikestele ja keskmise suurusega kontoritele","robots":{"index":"index","follow":"follow","max-snippet":"max-snippet:-1","max-image-preview":"max-image-preview:large","max-video-preview":"max-video-preview:-1"},"canonical":"https:\/\/rtt.ee\/en\/toode\/koopiamasinad-en\/a4-printer-skanner-koopiamasinad-en\/toshiba-e-studio409as-multifunktsionaalne-a4-must-laserprinter\/","og_locale":"en_US","og_type":"article","og_title":"Toshiba e-STUDIO409AS multifunktsionaalne A4 must-laserprinter - RTT","og_description":"Toshiba e-STUDIO409AS on professionaalne A4-formaadi mustvalge multifunktsionaalne seade, mis on loodud v\u00e4ikestele ja keskmise suurusega kontoritele","og_url":"https:\/\/rtt.ee\/en\/toode\/koopiamasinad-en\/a4-printer-skanner-koopiamasinad-en\/toshiba-e-studio409as-multifunktsionaalne-a4-must-laserprinter\/","og_site_name":"RTT","article_modified_time":"2026-05-14T12:34:04+00:00","og_image":[{"width":1080,"height":1080,"url":"https:\/\/rtt.ee\/wp-content\/uploads\/2026\/05\/E-STUDIO409AS-e1778761759261.webp","type":"image\/webp"}],"twitter_card":"summary_large_image","twitter_misc":{"Est. reading time":"1 minute"},"schema":{"@context":"https:\/\/schema.org","@graph":[{"@type":"WebPage","@id":"https:\/\/rtt.ee\/en\/toode\/koopiamasinad-en\/a4-printer-skanner-koopiamasinad-en\/toshiba-e-studio409as-multifunktsionaalne-a4-must-laserprinter\/","url":"https:\/\/rtt.ee\/en\/toode\/koopiamasinad-en\/a4-printer-skanner-koopiamasinad-en\/toshiba-e-studio409as-multifunktsionaalne-a4-must-laserprinter\/","name":"Toshiba e-STUDIO409AS multifunktsionaalne A4 must-laserprinter - RTT","isPartOf":{"@id":"https:\/\/rtt.ee\/en\/#website"},"primaryImageOfPage":{"@id":"https:\/\/rtt.ee\/en\/toode\/koopiamasinad-en\/a4-printer-skanner-koopiamasinad-en\/toshiba-e-studio409as-multifunktsionaalne-a4-must-laserprinter\/#primaryimage"},"image":{"@id":"https:\/\/rtt.ee\/en\/toode\/koopiamasinad-en\/a4-printer-skanner-koopiamasinad-en\/toshiba-e-studio409as-multifunktsionaalne-a4-must-laserprinter\/#primaryimage"},"thumbnailUrl":"https:\/\/rtt.ee\/wp-content\/uploads\/2026\/05\/E-STUDIO409AS-e1778761759261.webp","datePublished":"2026-05-14T12:29:59+00:00","dateModified":"2026-05-14T12:34:04+00:00","description":"Toshiba e-STUDIO409AS on professionaalne A4-formaadi mustvalge multifunktsionaalne seade, mis on loodud v\u00e4ikestele ja keskmise suurusega kontoritele","breadcrumb":{"@id":"https:\/\/rtt.ee\/en\/toode\/koopiamasinad-en\/a4-printer-skanner-koopiamasinad-en\/toshiba-e-studio409as-multifunktsionaalne-a4-must-laserprinter\/#breadcrumb"},"inLanguage":"en-US","potentialAction":[{"@type":"ReadAction","target":["https:\/\/rtt.ee\/en\/toode\/koopiamasinad-en\/a4-printer-skanner-koopiamasinad-en\/toshiba-e-studio409as-multifunktsionaalne-a4-must-laserprinter\/"]}]},{"@type":"ImageObject","inLanguage":"en-US","@id":"https:\/\/rtt.ee\/en\/toode\/koopiamasinad-en\/a4-printer-skanner-koopiamasinad-en\/toshiba-e-studio409as-multifunktsionaalne-a4-must-laserprinter\/#primaryimage","url":"https:\/\/rtt.ee\/wp-content\/uploads\/2026\/05\/E-STUDIO409AS-e1778761759261.webp","contentUrl":"https:\/\/rtt.ee\/wp-content\/uploads\/2026\/05\/E-STUDIO409AS-e1778761759261.webp","width":1080,"height":1080},{"@type":"BreadcrumbList","@id":"https:\/\/rtt.ee\/en\/toode\/koopiamasinad-en\/a4-printer-skanner-koopiamasinad-en\/toshiba-e-studio409as-multifunktsionaalne-a4-must-laserprinter\/#breadcrumb","itemListElement":[{"@type":"ListItem","position":1,"name":"Home","item":"https:\/\/rtt.ee\/en\/"},{"@type":"ListItem","position":2,"name":"Shop","item":"https:\/\/rtt.ee\/en\/shop\/"},{"@type":"ListItem","position":3,"name":"Koopiamasinad","item":"https:\/\/rtt.ee\/tootekategooria\/koopiamasinad\/"},{"@type":"ListItem","position":4,"name":"A4 Printer-Sk\u00e4nner-Koopiamasinad","item":"https:\/\/rtt.ee\/tootekategooria\/koopiamasinad\/a4-printer-skanner-koopiamasinad\/"},{"@type":"ListItem","position":5,"name":"Toshiba e-STUDIO409AS multifunktsionaalne A4 must-laserprinter"}]},{"@type":"WebSite","@id":"https:\/\/rtt.ee\/en\/#website","url":"https:\/\/rtt.ee\/en\/","name":"RTT","description":"Kassaaparaadid ja kontorikaubad","potentialAction":[{"@type":"SearchAction","target":{"@type":"EntryPoint","urlTemplate":"https:\/\/rtt.ee\/en\/?s={search_term_string}"},"query-input":{"@type":"PropertyValueSpecification","valueRequired":true,"valueName":"search_term_string"}}],"inLanguage":"en-US"}]}},"_links":{"self":[{"href":"https:\/\/rtt.ee\/en\/wp-json\/wp\/v2\/product\/18844","targetHints":{"allow":["GET"]}}],"collection":[{"href":"https:\/\/rtt.ee\/en\/wp-json\/wp\/v2\/product"}],"about":[{"href":"https:\/\/rtt.ee\/en\/wp-json\/wp\/v2\/types\/product"}],"wp:featuredmedia":[{"embeddable":true,"href":"https:\/\/rtt.ee\/en\/wp-json\/wp\/v2\/media\/18836"}],"wp:attachment":[{"href":"https:\/\/rtt.ee\/en\/wp-json\/wp\/v2\/media?parent=18844"}],"wp:term":[{"taxonomy":"product_brand","embeddable":true,"href":"https:\/\/rtt.ee\/en\/wp-json\/wp\/v2\/product_brand?post=18844"},{"taxonomy":"product_cat","embeddable":true,"href":"https:\/\/rtt.ee\/en\/wp-json\/wp\/v2\/product_cat?post=18844"},{"taxonomy":"product_tag","embeddable":true,"href":"https:\/\/rtt.ee\/en\/wp-json\/wp\/v2\/product_tag?post=18844"}],"curies":[{"name":"wp","href":"https:\/\/api.w.org\/{rel}","templated":true}]}}