{"id":18812,"date":"2026-05-13T10:40:19","date_gmt":"2026-05-13T07:40:19","guid":{"rendered":"https:\/\/rtt.ee\/toode\/uncategorized\/kaardiprinter-evolis-primacy-2-duplex-expert\/"},"modified":"2026-05-13T10:40:19","modified_gmt":"2026-05-13T07:40:19","slug":"kaardiprinter-evolis-primacy-2-duplex-expert","status":"publish","type":"product","link":"https:\/\/rtt.ee\/en\/toode\/printerid-en\/kaardiprinter-en\/kaardiprinter-evolis-primacy-2-duplex-expert\/","title":{"rendered":"Kaardiprinter Evolis Primacy 2 Duplex Expert"},"content":{"rendered":"<p>Printimiskiirus: 280 kaarti\/ h (v\u00e4rvi-\u00fchepoolne), 170 kaarti\/h (v\u00e4rvi-kahepoolne)<\/p>\n<p>Koguja mahutavus: 100 kaarti<\/p>\n<p>S\u00f6\u00f6turi mahutavus: 100 kaarti, 200 kaarti (lisav\u00f5imalus)<\/p>\n<p>Printeri pea 300 dpi (12 punkti\/mm)<\/p>\n<p><strong>Kahepoolne tr\u00fckk<\/strong><\/p>\n<p>Liidesed: USB, LAN<\/p>\n<p>Komplektis: tarkvara ID ALL<\/p>\n<p>Lisainfo:\u00a0<a href=\"https:\/\/www.evolis.com\/solutions\/card-printers\/primacy2-card-printer\/\">Tehniline kirjeldus inglise keeles<\/a><\/p>\n<p>Tel: +372 6 112 256<\/p>\n<p>GSM: +372 5 014 470<\/p>\n","protected":false},"excerpt":{"rendered":"<p>Printimiskiirus: 280 kaarti\/ h (v\u00e4rvi-\u00fchepoolne), 170 kaarti\/h (v\u00e4rvi-kahepoolne) Koguja mahutavus: 100 kaarti S\u00f6\u00f6turi mahutavus: 100 kaarti, 200 kaarti (lisav\u00f5imalus) Printeri pea 300 dpi (12 punkti\/mm) Kahepoolne tr\u00fckk Liidesed: USB, LAN Komplektis: tarkvara ID ALL Lisainfo:\u00a0Tehniline kirjeldus inglise keeles Tel: +372 6 112 256 GSM: +372 5 014 470<\/p>\n","protected":false},"featured_media":17108,"template":"","meta":{"_acf_changed":false},"product_brand":[410],"product_cat":[132],"product_tag":[],"class_list":{"0":"post-18812","1":"product","2":"type-product","3":"status-publish","4":"has-post-thumbnail","6":"product_brand-evolis","7":"product_cat-kaardiprinter-en","8":"product_brands-evolis-en","10":"first","11":"onbackorder","12":"taxable","13":"shipping-taxable","14":"purchasable","15":"product-type-simple"},"acf":[],"yoast_head":"<!-- This site is optimized with the Yoast SEO plugin v26.2 - https:\/\/yoast.com\/wordpress\/plugins\/seo\/ -->\n<title>Kaardiprinter Evolis Primacy 2 Duplex Expert - RTT<\/title>\n<meta name=\"robots\" content=\"index, follow, max-snippet:-1, max-image-preview:large, max-video-preview:-1\" \/>\n<link rel=\"canonical\" href=\"https:\/\/rtt.ee\/en\/toode\/uncategorized\/kaardiprinter-evolis-primacy-2-duplex-expert\/\" \/>\n<meta property=\"og:locale\" content=\"en_US\" \/>\n<meta property=\"og:type\" content=\"article\" \/>\n<meta property=\"og:title\" content=\"Kaardiprinter Evolis Primacy 2 Duplex Expert - RTT\" \/>\n<meta property=\"og:description\" content=\"Printimiskiirus: 280 kaarti\/ h (v\u00e4rvi-\u00fchepoolne), 170 kaarti\/h (v\u00e4rvi-kahepoolne) Koguja mahutavus: 100 kaarti S\u00f6\u00f6turi mahutavus: 100 kaarti, 200 kaarti (lisav\u00f5imalus) Printeri pea 300 dpi (12 punkti\/mm) Kahepoolne tr\u00fckk Liidesed: USB, LAN Komplektis: tarkvara ID ALL Lisainfo:\u00a0Tehniline kirjeldus inglise keeles Tel: +372 6 112 256 GSM: +372 5 014 470\" \/>\n<meta property=\"og:url\" content=\"https:\/\/rtt.ee\/en\/toode\/uncategorized\/kaardiprinter-evolis-primacy-2-duplex-expert\/\" \/>\n<meta property=\"og:site_name\" content=\"RTT\" \/>\n<meta property=\"og:image\" content=\"https:\/\/rtt.ee\/wp-content\/uploads\/2022\/01\/rtt_logo_350X350.jpg\" \/>\n\t<meta property=\"og:image:width\" content=\"350\" \/>\n\t<meta property=\"og:image:height\" content=\"350\" \/>\n\t<meta property=\"og:image:type\" content=\"image\/jpeg\" \/>\n<meta name=\"twitter:card\" content=\"summary_large_image\" \/>\n<script type=\"application\/ld+json\" class=\"yoast-schema-graph\">{\"@context\":\"https:\/\/schema.org\",\"@graph\":[{\"@type\":\"WebPage\",\"@id\":\"https:\/\/rtt.ee\/en\/toode\/uncategorized\/kaardiprinter-evolis-primacy-2-duplex-expert\/\",\"url\":\"https:\/\/rtt.ee\/en\/toode\/uncategorized\/kaardiprinter-evolis-primacy-2-duplex-expert\/\",\"name\":\"Kaardiprinter Evolis Primacy 2 Duplex Expert - RTT\",\"isPartOf\":{\"@id\":\"https:\/\/rtt.ee\/en\/#website\"},\"primaryImageOfPage\":{\"@id\":\"https:\/\/rtt.ee\/en\/toode\/uncategorized\/kaardiprinter-evolis-primacy-2-duplex-expert\/#primaryimage\"},\"image\":{\"@id\":\"https:\/\/rtt.ee\/en\/toode\/uncategorized\/kaardiprinter-evolis-primacy-2-duplex-expert\/#primaryimage\"},\"thumbnailUrl\":\"https:\/\/rtt.ee\/wp-content\/uploads\/2026\/03\/5-1-scaled-e1773668946937.jpg\",\"datePublished\":\"2026-05-13T07:40:19+00:00\",\"breadcrumb\":{\"@id\":\"https:\/\/rtt.ee\/en\/toode\/uncategorized\/kaardiprinter-evolis-primacy-2-duplex-expert\/#breadcrumb\"},\"inLanguage\":\"en-US\",\"potentialAction\":[{\"@type\":\"ReadAction\",\"target\":[\"https:\/\/rtt.ee\/en\/toode\/uncategorized\/kaardiprinter-evolis-primacy-2-duplex-expert\/\"]}]},{\"@type\":\"ImageObject\",\"inLanguage\":\"en-US\",\"@id\":\"https:\/\/rtt.ee\/en\/toode\/uncategorized\/kaardiprinter-evolis-primacy-2-duplex-expert\/#primaryimage\",\"url\":\"https:\/\/rtt.ee\/wp-content\/uploads\/2026\/03\/5-1-scaled-e1773668946937.jpg\",\"contentUrl\":\"https:\/\/rtt.ee\/wp-content\/uploads\/2026\/03\/5-1-scaled-e1773668946937.jpg\",\"width\":2560,\"height\":1920,\"caption\":\"primacy 2\"},{\"@type\":\"BreadcrumbList\",\"@id\":\"https:\/\/rtt.ee\/en\/toode\/uncategorized\/kaardiprinter-evolis-primacy-2-duplex-expert\/#breadcrumb\",\"itemListElement\":[{\"@type\":\"ListItem\",\"position\":1,\"name\":\"Home\",\"item\":\"https:\/\/rtt.ee\/en\/\"},{\"@type\":\"ListItem\",\"position\":2,\"name\":\"Shop\",\"item\":\"https:\/\/rtt.ee\/en\/shop\/\"},{\"@type\":\"ListItem\",\"position\":3,\"name\":\"Kaardiprinter Evolis Primacy 2 Duplex Expert\"}]},{\"@type\":\"WebSite\",\"@id\":\"https:\/\/rtt.ee\/en\/#website\",\"url\":\"https:\/\/rtt.ee\/en\/\",\"name\":\"RTT\",\"description\":\"Kassaaparaadid ja kontorikaubad\",\"potentialAction\":[{\"@type\":\"SearchAction\",\"target\":{\"@type\":\"EntryPoint\",\"urlTemplate\":\"https:\/\/rtt.ee\/en\/?s={search_term_string}\"},\"query-input\":{\"@type\":\"PropertyValueSpecification\",\"valueRequired\":true,\"valueName\":\"search_term_string\"}}],\"inLanguage\":\"en-US\"}]}<\/script>\n<!-- \/ Yoast SEO plugin. -->","yoast_head_json":{"title":"Kaardiprinter Evolis Primacy 2 Duplex Expert - RTT","robots":{"index":"index","follow":"follow","max-snippet":"max-snippet:-1","max-image-preview":"max-image-preview:large","max-video-preview":"max-video-preview:-1"},"canonical":"https:\/\/rtt.ee\/en\/toode\/uncategorized\/kaardiprinter-evolis-primacy-2-duplex-expert\/","og_locale":"en_US","og_type":"article","og_title":"Kaardiprinter Evolis Primacy 2 Duplex Expert - RTT","og_description":"Printimiskiirus: 280 kaarti\/ h (v\u00e4rvi-\u00fchepoolne), 170 kaarti\/h (v\u00e4rvi-kahepoolne) Koguja mahutavus: 100 kaarti S\u00f6\u00f6turi mahutavus: 100 kaarti, 200 kaarti (lisav\u00f5imalus) Printeri pea 300 dpi (12 punkti\/mm) Kahepoolne tr\u00fckk Liidesed: USB, LAN Komplektis: tarkvara ID ALL Lisainfo:\u00a0Tehniline kirjeldus inglise keeles Tel: +372 6 112 256 GSM: +372 5 014 470","og_url":"https:\/\/rtt.ee\/en\/toode\/uncategorized\/kaardiprinter-evolis-primacy-2-duplex-expert\/","og_site_name":"RTT","og_image":[{"width":350,"height":350,"url":"https:\/\/rtt.ee\/wp-content\/uploads\/2022\/01\/rtt_logo_350X350.jpg","type":"image\/jpeg"}],"twitter_card":"summary_large_image","schema":{"@context":"https:\/\/schema.org","@graph":[{"@type":"WebPage","@id":"https:\/\/rtt.ee\/en\/toode\/uncategorized\/kaardiprinter-evolis-primacy-2-duplex-expert\/","url":"https:\/\/rtt.ee\/en\/toode\/uncategorized\/kaardiprinter-evolis-primacy-2-duplex-expert\/","name":"Kaardiprinter Evolis Primacy 2 Duplex Expert - RTT","isPartOf":{"@id":"https:\/\/rtt.ee\/en\/#website"},"primaryImageOfPage":{"@id":"https:\/\/rtt.ee\/en\/toode\/uncategorized\/kaardiprinter-evolis-primacy-2-duplex-expert\/#primaryimage"},"image":{"@id":"https:\/\/rtt.ee\/en\/toode\/uncategorized\/kaardiprinter-evolis-primacy-2-duplex-expert\/#primaryimage"},"thumbnailUrl":"https:\/\/rtt.ee\/wp-content\/uploads\/2026\/03\/5-1-scaled-e1773668946937.jpg","datePublished":"2026-05-13T07:40:19+00:00","breadcrumb":{"@id":"https:\/\/rtt.ee\/en\/toode\/uncategorized\/kaardiprinter-evolis-primacy-2-duplex-expert\/#breadcrumb"},"inLanguage":"en-US","potentialAction":[{"@type":"ReadAction","target":["https:\/\/rtt.ee\/en\/toode\/uncategorized\/kaardiprinter-evolis-primacy-2-duplex-expert\/"]}]},{"@type":"ImageObject","inLanguage":"en-US","@id":"https:\/\/rtt.ee\/en\/toode\/uncategorized\/kaardiprinter-evolis-primacy-2-duplex-expert\/#primaryimage","url":"https:\/\/rtt.ee\/wp-content\/uploads\/2026\/03\/5-1-scaled-e1773668946937.jpg","contentUrl":"https:\/\/rtt.ee\/wp-content\/uploads\/2026\/03\/5-1-scaled-e1773668946937.jpg","width":2560,"height":1920,"caption":"primacy 2"},{"@type":"BreadcrumbList","@id":"https:\/\/rtt.ee\/en\/toode\/uncategorized\/kaardiprinter-evolis-primacy-2-duplex-expert\/#breadcrumb","itemListElement":[{"@type":"ListItem","position":1,"name":"Home","item":"https:\/\/rtt.ee\/en\/"},{"@type":"ListItem","position":2,"name":"Shop","item":"https:\/\/rtt.ee\/en\/shop\/"},{"@type":"ListItem","position":3,"name":"Kaardiprinter Evolis Primacy 2 Duplex Expert"}]},{"@type":"WebSite","@id":"https:\/\/rtt.ee\/en\/#website","url":"https:\/\/rtt.ee\/en\/","name":"RTT","description":"Kassaaparaadid ja kontorikaubad","potentialAction":[{"@type":"SearchAction","target":{"@type":"EntryPoint","urlTemplate":"https:\/\/rtt.ee\/en\/?s={search_term_string}"},"query-input":{"@type":"PropertyValueSpecification","valueRequired":true,"valueName":"search_term_string"}}],"inLanguage":"en-US"}]}},"_links":{"self":[{"href":"https:\/\/rtt.ee\/en\/wp-json\/wp\/v2\/product\/18812","targetHints":{"allow":["GET"]}}],"collection":[{"href":"https:\/\/rtt.ee\/en\/wp-json\/wp\/v2\/product"}],"about":[{"href":"https:\/\/rtt.ee\/en\/wp-json\/wp\/v2\/types\/product"}],"wp:featuredmedia":[{"embeddable":true,"href":"https:\/\/rtt.ee\/en\/wp-json\/wp\/v2\/media\/17108"}],"wp:attachment":[{"href":"https:\/\/rtt.ee\/en\/wp-json\/wp\/v2\/media?parent=18812"}],"wp:term":[{"taxonomy":"product_brand","embeddable":true,"href":"https:\/\/rtt.ee\/en\/wp-json\/wp\/v2\/product_brand?post=18812"},{"taxonomy":"product_cat","embeddable":true,"href":"https:\/\/rtt.ee\/en\/wp-json\/wp\/v2\/product_cat?post=18812"},{"taxonomy":"product_tag","embeddable":true,"href":"https:\/\/rtt.ee\/en\/wp-json\/wp\/v2\/product_tag?post=18812"}],"curies":[{"name":"wp","href":"https:\/\/api.w.org\/{rel}","templated":true}]}}