{"id":18799,"date":"2026-05-12T16:37:23","date_gmt":"2026-05-12T13:37:23","guid":{"rendered":"https:\/\/rtt.ee\/toode\/uncategorized\/toshiba-e-studio2021ac-a3-varvi-koopiamasin\/"},"modified":"2026-05-13T15:24:43","modified_gmt":"2026-05-13T12:24:43","slug":"toshiba-e-studio2021ac-a3-varvi-koopiamasin","status":"publish","type":"product","link":"https:\/\/rtt.ee\/en\/toode\/koopiamasinad-en\/a3-printer-skanner-koopiamasinad-en\/toshiba-e-studio2021ac-a3-varvi-koopiamasin\/","title":{"rendered":"Toshiba E-STUDIO2021AC A3 v\u00e4rvi-koopiamasin"},"content":{"rendered":"<p>Funktsioonid: printimine, skannimine, kopeerimine<\/p>\n<p>Tr\u00fckikiirus A4: 20 Lk\/min (must-valge, v\u00e4rviline)<\/p>\n<p>Tr\u00fckikiirus A3: 10 Lk\/min (must-valge, v\u00e4rviline)<\/p>\n<p>Tr\u00fckikvaliteet (dpi): 600 x 600 dpi; 5 bit 1,200 x 1,200 dpi<\/p>\n<p>M\u00e4lu: 4GB<\/p>\n<p>HDD: 128 SSD (Standard), 512GB SSD (v\u00f5imalus)<\/p>\n<p>Juhtpaneel: 10,1\u2033 v\u00e4rviline, puutetundlik<\/p>\n<p>Paberis\u00f6\u00f6tja maht: 350 lehte (Standard), 2900 lehte (v\u00f5imalus)<\/p>\n<p>\u00dchendused: USB, Ethernet, WiFi (v\u00f5imalus), Bluetooth (v\u00f5imalus)<\/p>\n<p>Toetatavad operatsioonis\u00fcsteemid: Windows, Windows Server, MacOS, Linux<\/p>\n<p>Mobiilne printimine: e-BRIDGE Print &amp; Capture, AirPrint, Mopria Print Service<\/p>\n<p>M\u00f5\u00f5dud (LxSxK): 585 x 586 x 662<\/p>\n<p>Kaal: 58,9 kg<\/p>\n<p>Lisainfo:\u00a0<a href=\"https:\/\/www.toshibatec.com\/cnt\/products_overseas\/MFP\/eS2520AC_series\/\">Tehniline kirjeldus inglise keeles<\/a><\/p>\n<p>Tel: +372 6 112 256<\/p>\n<p>GSM: +372 5 014 470<\/p>\n","protected":false},"excerpt":{"rendered":"<p>Funktsioonid: printimine, skannimine, kopeerimine Tr\u00fckikiirus A4: 20 Lk\/min (must-valge, v\u00e4rviline) Tr\u00fckikiirus A3: 10 Lk\/min (must-valge, v\u00e4rviline) Tr\u00fckikvaliteet (dpi): 600 x 600 dpi; 5 bit 1,200 x 1,200 dpi M\u00e4lu: 4GB HDD: 128 SSD (Standard), 512GB SSD (v\u00f5imalus) Juhtpaneel: 10,1\u2033 v\u00e4rviline, puutetundlik Paberis\u00f6\u00f6tja maht: 350 lehte (Standard), 2900 lehte (v\u00f5imalus) \u00dchendused: USB, Ethernet, WiFi (v\u00f5imalus), Bluetooth [&hellip;]<\/p>\n","protected":false},"featured_media":18797,"template":"","meta":{"_acf_changed":false},"product_brand":[448],"product_cat":[120],"product_tag":[],"class_list":{"0":"post-18799","1":"product","2":"type-product","3":"status-publish","4":"has-post-thumbnail","6":"product_brand-toshiba","7":"product_cat-a3-printer-skanner-koopiamasinad-en","8":"product_brands-toshiba-en","10":"first","11":"onbackorder","12":"sale","13":"taxable","14":"shipping-taxable","15":"purchasable","16":"product-type-simple"},"acf":[],"yoast_head":"<!-- This site is optimized with the Yoast SEO plugin v26.2 - https:\/\/yoast.com\/wordpress\/plugins\/seo\/ -->\n<title>Toshiba E-STUDIO2021AC A3 v\u00e4rvi-koopiamasin - RTT<\/title>\n<meta name=\"description\" content=\"Toshiba e-STUDIO2021AC \u2013 soodne ja kompaktne A3 v\u00e4rviline multifunktsionaalne printer. Ideaalne v\u00e4ikekontorisse. Kiirus 20 lk\/min, mobiilne printimine\" \/>\n<meta name=\"robots\" content=\"index, follow, max-snippet:-1, max-image-preview:large, max-video-preview:-1\" \/>\n<link rel=\"canonical\" href=\"https:\/\/rtt.ee\/en\/toode\/koopiamasinad-en\/a3-printer-skanner-koopiamasinad-en\/toshiba-e-studio2021ac-a3-varvi-koopiamasin\/\" \/>\n<meta property=\"og:locale\" content=\"en_US\" \/>\n<meta property=\"og:type\" content=\"article\" \/>\n<meta property=\"og:title\" content=\"Toshiba E-STUDIO2021AC A3 v\u00e4rvi-koopiamasin - RTT\" \/>\n<meta property=\"og:description\" content=\"Toshiba e-STUDIO2021AC \u2013 soodne ja kompaktne A3 v\u00e4rviline multifunktsionaalne printer. Ideaalne v\u00e4ikekontorisse. Kiirus 20 lk\/min, mobiilne printimine\" \/>\n<meta property=\"og:url\" content=\"https:\/\/rtt.ee\/en\/toode\/koopiamasinad-en\/a3-printer-skanner-koopiamasinad-en\/toshiba-e-studio2021ac-a3-varvi-koopiamasin\/\" \/>\n<meta property=\"og:site_name\" content=\"RTT\" \/>\n<meta property=\"article:modified_time\" content=\"2026-05-13T12:24:43+00:00\" \/>\n<meta property=\"og:image\" content=\"https:\/\/rtt.ee\/wp-content\/uploads\/2026\/05\/E-STUDIO2021AC-e1778593039940.png\" \/>\n\t<meta property=\"og:image:width\" content=\"1000\" \/>\n\t<meta property=\"og:image:height\" content=\"700\" \/>\n\t<meta property=\"og:image:type\" content=\"image\/png\" \/>\n<meta name=\"twitter:card\" content=\"summary_large_image\" \/>\n<meta name=\"twitter:label1\" content=\"Est. reading time\" \/>\n\t<meta name=\"twitter:data1\" content=\"1 minute\" \/>\n<script type=\"application\/ld+json\" class=\"yoast-schema-graph\">{\"@context\":\"https:\/\/schema.org\",\"@graph\":[{\"@type\":\"WebPage\",\"@id\":\"https:\/\/rtt.ee\/en\/toode\/koopiamasinad-en\/a3-printer-skanner-koopiamasinad-en\/toshiba-e-studio2021ac-a3-varvi-koopiamasin\/\",\"url\":\"https:\/\/rtt.ee\/en\/toode\/koopiamasinad-en\/a3-printer-skanner-koopiamasinad-en\/toshiba-e-studio2021ac-a3-varvi-koopiamasin\/\",\"name\":\"Toshiba E-STUDIO2021AC A3 v\u00e4rvi-koopiamasin - RTT\",\"isPartOf\":{\"@id\":\"https:\/\/rtt.ee\/en\/#website\"},\"primaryImageOfPage\":{\"@id\":\"https:\/\/rtt.ee\/en\/toode\/koopiamasinad-en\/a3-printer-skanner-koopiamasinad-en\/toshiba-e-studio2021ac-a3-varvi-koopiamasin\/#primaryimage\"},\"image\":{\"@id\":\"https:\/\/rtt.ee\/en\/toode\/koopiamasinad-en\/a3-printer-skanner-koopiamasinad-en\/toshiba-e-studio2021ac-a3-varvi-koopiamasin\/#primaryimage\"},\"thumbnailUrl\":\"https:\/\/rtt.ee\/wp-content\/uploads\/2026\/05\/E-STUDIO2021AC-e1778593039940.png\",\"datePublished\":\"2026-05-12T13:37:23+00:00\",\"dateModified\":\"2026-05-13T12:24:43+00:00\",\"description\":\"Toshiba e-STUDIO2021AC \u2013 soodne ja kompaktne A3 v\u00e4rviline multifunktsionaalne printer. Ideaalne v\u00e4ikekontorisse. Kiirus 20 lk\/min, mobiilne printimine\",\"breadcrumb\":{\"@id\":\"https:\/\/rtt.ee\/en\/toode\/koopiamasinad-en\/a3-printer-skanner-koopiamasinad-en\/toshiba-e-studio2021ac-a3-varvi-koopiamasin\/#breadcrumb\"},\"inLanguage\":\"en-US\",\"potentialAction\":[{\"@type\":\"ReadAction\",\"target\":[\"https:\/\/rtt.ee\/en\/toode\/koopiamasinad-en\/a3-printer-skanner-koopiamasinad-en\/toshiba-e-studio2021ac-a3-varvi-koopiamasin\/\"]}]},{\"@type\":\"ImageObject\",\"inLanguage\":\"en-US\",\"@id\":\"https:\/\/rtt.ee\/en\/toode\/koopiamasinad-en\/a3-printer-skanner-koopiamasinad-en\/toshiba-e-studio2021ac-a3-varvi-koopiamasin\/#primaryimage\",\"url\":\"https:\/\/rtt.ee\/wp-content\/uploads\/2026\/05\/E-STUDIO2021AC-e1778593039940.png\",\"contentUrl\":\"https:\/\/rtt.ee\/wp-content\/uploads\/2026\/05\/E-STUDIO2021AC-e1778593039940.png\",\"width\":1000,\"height\":700,\"caption\":\"E-STUDIO2021AC\"},{\"@type\":\"BreadcrumbList\",\"@id\":\"https:\/\/rtt.ee\/en\/toode\/koopiamasinad-en\/a3-printer-skanner-koopiamasinad-en\/toshiba-e-studio2021ac-a3-varvi-koopiamasin\/#breadcrumb\",\"itemListElement\":[{\"@type\":\"ListItem\",\"position\":1,\"name\":\"Home\",\"item\":\"https:\/\/rtt.ee\/en\/\"},{\"@type\":\"ListItem\",\"position\":2,\"name\":\"Shop\",\"item\":\"https:\/\/rtt.ee\/en\/shop\/\"},{\"@type\":\"ListItem\",\"position\":3,\"name\":\"Koopiamasinad\",\"item\":\"https:\/\/rtt.ee\/tootekategooria\/koopiamasinad\/\"},{\"@type\":\"ListItem\",\"position\":4,\"name\":\"A3 Printer-Sk\u00e4nner-Koopiamasinad\",\"item\":\"https:\/\/rtt.ee\/tootekategooria\/koopiamasinad\/a3-printer-skanner-koopiamasinad\/\"},{\"@type\":\"ListItem\",\"position\":5,\"name\":\"Toshiba E-STUDIO2021AC A3 v\u00e4rvi-koopiamasin\"}]},{\"@type\":\"WebSite\",\"@id\":\"https:\/\/rtt.ee\/en\/#website\",\"url\":\"https:\/\/rtt.ee\/en\/\",\"name\":\"RTT\",\"description\":\"Kassaaparaadid ja kontorikaubad\",\"potentialAction\":[{\"@type\":\"SearchAction\",\"target\":{\"@type\":\"EntryPoint\",\"urlTemplate\":\"https:\/\/rtt.ee\/en\/?s={search_term_string}\"},\"query-input\":{\"@type\":\"PropertyValueSpecification\",\"valueRequired\":true,\"valueName\":\"search_term_string\"}}],\"inLanguage\":\"en-US\"}]}<\/script>\n<!-- \/ Yoast SEO plugin. -->","yoast_head_json":{"title":"Toshiba E-STUDIO2021AC A3 v\u00e4rvi-koopiamasin - RTT","description":"Toshiba e-STUDIO2021AC \u2013 soodne ja kompaktne A3 v\u00e4rviline multifunktsionaalne printer. Ideaalne v\u00e4ikekontorisse. Kiirus 20 lk\/min, mobiilne printimine","robots":{"index":"index","follow":"follow","max-snippet":"max-snippet:-1","max-image-preview":"max-image-preview:large","max-video-preview":"max-video-preview:-1"},"canonical":"https:\/\/rtt.ee\/en\/toode\/koopiamasinad-en\/a3-printer-skanner-koopiamasinad-en\/toshiba-e-studio2021ac-a3-varvi-koopiamasin\/","og_locale":"en_US","og_type":"article","og_title":"Toshiba E-STUDIO2021AC A3 v\u00e4rvi-koopiamasin - RTT","og_description":"Toshiba e-STUDIO2021AC \u2013 soodne ja kompaktne A3 v\u00e4rviline multifunktsionaalne printer. Ideaalne v\u00e4ikekontorisse. Kiirus 20 lk\/min, mobiilne printimine","og_url":"https:\/\/rtt.ee\/en\/toode\/koopiamasinad-en\/a3-printer-skanner-koopiamasinad-en\/toshiba-e-studio2021ac-a3-varvi-koopiamasin\/","og_site_name":"RTT","article_modified_time":"2026-05-13T12:24:43+00:00","og_image":[{"width":1000,"height":700,"url":"https:\/\/rtt.ee\/wp-content\/uploads\/2026\/05\/E-STUDIO2021AC-e1778593039940.png","type":"image\/png"}],"twitter_card":"summary_large_image","twitter_misc":{"Est. reading time":"1 minute"},"schema":{"@context":"https:\/\/schema.org","@graph":[{"@type":"WebPage","@id":"https:\/\/rtt.ee\/en\/toode\/koopiamasinad-en\/a3-printer-skanner-koopiamasinad-en\/toshiba-e-studio2021ac-a3-varvi-koopiamasin\/","url":"https:\/\/rtt.ee\/en\/toode\/koopiamasinad-en\/a3-printer-skanner-koopiamasinad-en\/toshiba-e-studio2021ac-a3-varvi-koopiamasin\/","name":"Toshiba E-STUDIO2021AC A3 v\u00e4rvi-koopiamasin - RTT","isPartOf":{"@id":"https:\/\/rtt.ee\/en\/#website"},"primaryImageOfPage":{"@id":"https:\/\/rtt.ee\/en\/toode\/koopiamasinad-en\/a3-printer-skanner-koopiamasinad-en\/toshiba-e-studio2021ac-a3-varvi-koopiamasin\/#primaryimage"},"image":{"@id":"https:\/\/rtt.ee\/en\/toode\/koopiamasinad-en\/a3-printer-skanner-koopiamasinad-en\/toshiba-e-studio2021ac-a3-varvi-koopiamasin\/#primaryimage"},"thumbnailUrl":"https:\/\/rtt.ee\/wp-content\/uploads\/2026\/05\/E-STUDIO2021AC-e1778593039940.png","datePublished":"2026-05-12T13:37:23+00:00","dateModified":"2026-05-13T12:24:43+00:00","description":"Toshiba e-STUDIO2021AC \u2013 soodne ja kompaktne A3 v\u00e4rviline multifunktsionaalne printer. Ideaalne v\u00e4ikekontorisse. Kiirus 20 lk\/min, mobiilne printimine","breadcrumb":{"@id":"https:\/\/rtt.ee\/en\/toode\/koopiamasinad-en\/a3-printer-skanner-koopiamasinad-en\/toshiba-e-studio2021ac-a3-varvi-koopiamasin\/#breadcrumb"},"inLanguage":"en-US","potentialAction":[{"@type":"ReadAction","target":["https:\/\/rtt.ee\/en\/toode\/koopiamasinad-en\/a3-printer-skanner-koopiamasinad-en\/toshiba-e-studio2021ac-a3-varvi-koopiamasin\/"]}]},{"@type":"ImageObject","inLanguage":"en-US","@id":"https:\/\/rtt.ee\/en\/toode\/koopiamasinad-en\/a3-printer-skanner-koopiamasinad-en\/toshiba-e-studio2021ac-a3-varvi-koopiamasin\/#primaryimage","url":"https:\/\/rtt.ee\/wp-content\/uploads\/2026\/05\/E-STUDIO2021AC-e1778593039940.png","contentUrl":"https:\/\/rtt.ee\/wp-content\/uploads\/2026\/05\/E-STUDIO2021AC-e1778593039940.png","width":1000,"height":700,"caption":"E-STUDIO2021AC"},{"@type":"BreadcrumbList","@id":"https:\/\/rtt.ee\/en\/toode\/koopiamasinad-en\/a3-printer-skanner-koopiamasinad-en\/toshiba-e-studio2021ac-a3-varvi-koopiamasin\/#breadcrumb","itemListElement":[{"@type":"ListItem","position":1,"name":"Home","item":"https:\/\/rtt.ee\/en\/"},{"@type":"ListItem","position":2,"name":"Shop","item":"https:\/\/rtt.ee\/en\/shop\/"},{"@type":"ListItem","position":3,"name":"Koopiamasinad","item":"https:\/\/rtt.ee\/tootekategooria\/koopiamasinad\/"},{"@type":"ListItem","position":4,"name":"A3 Printer-Sk\u00e4nner-Koopiamasinad","item":"https:\/\/rtt.ee\/tootekategooria\/koopiamasinad\/a3-printer-skanner-koopiamasinad\/"},{"@type":"ListItem","position":5,"name":"Toshiba E-STUDIO2021AC A3 v\u00e4rvi-koopiamasin"}]},{"@type":"WebSite","@id":"https:\/\/rtt.ee\/en\/#website","url":"https:\/\/rtt.ee\/en\/","name":"RTT","description":"Kassaaparaadid ja kontorikaubad","potentialAction":[{"@type":"SearchAction","target":{"@type":"EntryPoint","urlTemplate":"https:\/\/rtt.ee\/en\/?s={search_term_string}"},"query-input":{"@type":"PropertyValueSpecification","valueRequired":true,"valueName":"search_term_string"}}],"inLanguage":"en-US"}]}},"_links":{"self":[{"href":"https:\/\/rtt.ee\/en\/wp-json\/wp\/v2\/product\/18799","targetHints":{"allow":["GET"]}}],"collection":[{"href":"https:\/\/rtt.ee\/en\/wp-json\/wp\/v2\/product"}],"about":[{"href":"https:\/\/rtt.ee\/en\/wp-json\/wp\/v2\/types\/product"}],"wp:featuredmedia":[{"embeddable":true,"href":"https:\/\/rtt.ee\/en\/wp-json\/wp\/v2\/media\/18797"}],"wp:attachment":[{"href":"https:\/\/rtt.ee\/en\/wp-json\/wp\/v2\/media?parent=18799"}],"wp:term":[{"taxonomy":"product_brand","embeddable":true,"href":"https:\/\/rtt.ee\/en\/wp-json\/wp\/v2\/product_brand?post=18799"},{"taxonomy":"product_cat","embeddable":true,"href":"https:\/\/rtt.ee\/en\/wp-json\/wp\/v2\/product_cat?post=18799"},{"taxonomy":"product_tag","embeddable":true,"href":"https:\/\/rtt.ee\/en\/wp-json\/wp\/v2\/product_tag?post=18799"}],"curies":[{"name":"wp","href":"https:\/\/api.w.org\/{rel}","templated":true}]}}