{"id":18773,"date":"2026-05-12T15:08:35","date_gmt":"2026-05-12T12:08:35","guid":{"rendered":"https:\/\/rtt.ee\/toode\/uncategorized\/toshiba-e-studio401ac-a4-varvi-koopiamasin\/"},"modified":"2026-05-12T16:41:41","modified_gmt":"2026-05-12T13:41:41","slug":"toshiba-e-studio401ac-a4-varvi-koopiamasin","status":"publish","type":"product","link":"https:\/\/rtt.ee\/en\/toode\/koopiamasinad-en\/a4-printer-skanner-koopiamasinad-en\/toshiba-e-studio401ac-a4-varvi-koopiamasin\/","title":{"rendered":"TOSHIBA e-STUDIO401AC A4 v\u00e4rvi-koopiamasin"},"content":{"rendered":"<p>Funktsioonid: printimine, skannimine, kopeerimine<\/p>\n<p>Tr\u00fckikiirus A4: 40 Lk\/min (must-valge, v\u00e4rviline)<\/p>\n<p>Tr\u00fckikvaliteet (dpi): 600 x 600 dpi 3bit; 1,200 x 1,200 dpi 1bit PostScript draiver<\/p>\n<p>M\u00e4lu: 4GB<\/p>\n<p>HDD: 256 SSD (Standard), 512GB SSD (v\u00f5imalus)<\/p>\n<p>Sk\u00e4nner: kahepoolne DSPF<\/p>\n<p>Juhtpaneel: 10,1&#8243; v\u00e4rviline, puutetundlik<\/p>\n<p>Paberis\u00f6\u00f6tja maht: 650 lehte (Standard), 3200 lehte (v\u00f5imalus)<\/p>\n<p>\u00dchendused: USB, Ethernet, WiFi (v\u00f5imalus), Bluetooth (v\u00f5imalus)<\/p>\n<p>Toetatavad operatsioonis\u00fcsteemid: Windows, Windows Server, MacOS, Linux<\/p>\n<p>Mobiilne printimine: e-BRIDGE Print &amp; Capture, AirPrint, Mopria Print Service<\/p>\n<p>M\u00f5\u00f5dud (LxSxK): 520x540x634mm<\/p>\n<p>Kaal: 53 kg<\/p>\n<p>Komplektis: toonerid (M: 6k, V: 2k)<\/p>\n<p>Lisainfo:\u00a0<a href=\"https:\/\/www.toshibatec.eu\/products\/multifunctional-systems-and-printers\/e-studio401ac\/\">Tehniline kirjeldus inglise keeles<\/a><\/p>\n<p>Tel: +372 6 112 256<\/p>\n<p>GSM: +372 5 014 470<\/p>\n","protected":false},"excerpt":{"rendered":"<p>Funktsioonid: printimine, skannimine, kopeerimine Tr\u00fckikiirus A4: 40 Lk\/min (must-valge, v\u00e4rviline) Tr\u00fckikvaliteet (dpi): 600 x 600 dpi 3bit; 1,200 x 1,200 dpi 1bit PostScript draiver M\u00e4lu: 4GB HDD: 256 SSD (Standard), 512GB SSD (v\u00f5imalus) Sk\u00e4nner: kahepoolne DSPF Juhtpaneel: 10,1&#8243; v\u00e4rviline, puutetundlik Paberis\u00f6\u00f6tja maht: 650 lehte (Standard), 3200 lehte (v\u00f5imalus) \u00dchendused: USB, Ethernet, WiFi (v\u00f5imalus), Bluetooth (v\u00f5imalus) [&hellip;]<\/p>\n","protected":false},"featured_media":18765,"template":"","meta":{"_acf_changed":false},"product_brand":[448],"product_cat":[115,118],"product_tag":[],"class_list":{"0":"post-18773","1":"product","2":"type-product","3":"status-publish","4":"has-post-thumbnail","6":"product_brand-toshiba","7":"product_cat-koopiamasinad-en","8":"product_cat-a4-printer-skanner-koopiamasinad-en","9":"product_brands-toshiba-en","11":"first","12":"onbackorder","13":"sale","14":"taxable","15":"shipping-taxable","16":"purchasable","17":"product-type-simple"},"acf":[],"yoast_head":"<!-- This site is optimized with the Yoast SEO plugin v26.2 - https:\/\/yoast.com\/wordpress\/plugins\/seo\/ -->\n<title>TOSHIBA e-STUDIO401AC A4 v\u00e4rvi-koopiamasin - RTT<\/title>\n<meta name=\"description\" content=\"TOSHIBA e-STUDIO401AC on kompaktne, kuid v\u00f5imas A4-formaadi v\u00e4rviline multifunktsionaalne seade (MFP), mis on loodud pakkuma suurt j\u00f5udlust keskmise suurusega t\u00f6\u00f6r\u00fchmadele\" \/>\n<meta name=\"robots\" content=\"index, follow, max-snippet:-1, max-image-preview:large, max-video-preview:-1\" \/>\n<link rel=\"canonical\" href=\"https:\/\/rtt.ee\/en\/toode\/koopiamasinad-en\/a4-printer-skanner-koopiamasinad-en\/toshiba-e-studio401ac-a4-varvi-koopiamasin\/\" \/>\n<meta property=\"og:locale\" content=\"en_US\" \/>\n<meta property=\"og:type\" content=\"article\" \/>\n<meta property=\"og:title\" content=\"TOSHIBA e-STUDIO401AC A4 v\u00e4rvi-koopiamasin - RTT\" \/>\n<meta property=\"og:description\" content=\"TOSHIBA e-STUDIO401AC on kompaktne, kuid v\u00f5imas A4-formaadi v\u00e4rviline multifunktsionaalne seade (MFP), mis on loodud pakkuma suurt j\u00f5udlust keskmise suurusega t\u00f6\u00f6r\u00fchmadele\" \/>\n<meta property=\"og:url\" content=\"https:\/\/rtt.ee\/en\/toode\/koopiamasinad-en\/a4-printer-skanner-koopiamasinad-en\/toshiba-e-studio401ac-a4-varvi-koopiamasin\/\" \/>\n<meta property=\"og:site_name\" content=\"RTT\" \/>\n<meta property=\"article:modified_time\" content=\"2026-05-12T13:41:41+00:00\" \/>\n<meta property=\"og:image\" content=\"https:\/\/rtt.ee\/wp-content\/uploads\/2026\/05\/e-STUDIO401AC-e1778587635987.webp\" \/>\n\t<meta property=\"og:image:width\" content=\"1000\" \/>\n\t<meta property=\"og:image:height\" content=\"1000\" \/>\n\t<meta property=\"og:image:type\" content=\"image\/webp\" \/>\n<meta name=\"twitter:card\" content=\"summary_large_image\" \/>\n<meta name=\"twitter:label1\" content=\"Est. reading time\" \/>\n\t<meta name=\"twitter:data1\" content=\"1 minute\" \/>\n<script type=\"application\/ld+json\" class=\"yoast-schema-graph\">{\"@context\":\"https:\/\/schema.org\",\"@graph\":[{\"@type\":\"WebPage\",\"@id\":\"https:\/\/rtt.ee\/en\/toode\/koopiamasinad-en\/a4-printer-skanner-koopiamasinad-en\/toshiba-e-studio401ac-a4-varvi-koopiamasin\/\",\"url\":\"https:\/\/rtt.ee\/en\/toode\/koopiamasinad-en\/a4-printer-skanner-koopiamasinad-en\/toshiba-e-studio401ac-a4-varvi-koopiamasin\/\",\"name\":\"TOSHIBA e-STUDIO401AC A4 v\u00e4rvi-koopiamasin - RTT\",\"isPartOf\":{\"@id\":\"https:\/\/rtt.ee\/en\/#website\"},\"primaryImageOfPage\":{\"@id\":\"https:\/\/rtt.ee\/en\/toode\/koopiamasinad-en\/a4-printer-skanner-koopiamasinad-en\/toshiba-e-studio401ac-a4-varvi-koopiamasin\/#primaryimage\"},\"image\":{\"@id\":\"https:\/\/rtt.ee\/en\/toode\/koopiamasinad-en\/a4-printer-skanner-koopiamasinad-en\/toshiba-e-studio401ac-a4-varvi-koopiamasin\/#primaryimage\"},\"thumbnailUrl\":\"https:\/\/rtt.ee\/wp-content\/uploads\/2026\/05\/e-STUDIO401AC-e1778587635987.webp\",\"datePublished\":\"2026-05-12T12:08:35+00:00\",\"dateModified\":\"2026-05-12T13:41:41+00:00\",\"description\":\"TOSHIBA e-STUDIO401AC on kompaktne, kuid v\u00f5imas A4-formaadi v\u00e4rviline multifunktsionaalne seade (MFP), mis on loodud pakkuma suurt j\u00f5udlust keskmise suurusega t\u00f6\u00f6r\u00fchmadele\",\"breadcrumb\":{\"@id\":\"https:\/\/rtt.ee\/en\/toode\/koopiamasinad-en\/a4-printer-skanner-koopiamasinad-en\/toshiba-e-studio401ac-a4-varvi-koopiamasin\/#breadcrumb\"},\"inLanguage\":\"en-US\",\"potentialAction\":[{\"@type\":\"ReadAction\",\"target\":[\"https:\/\/rtt.ee\/en\/toode\/koopiamasinad-en\/a4-printer-skanner-koopiamasinad-en\/toshiba-e-studio401ac-a4-varvi-koopiamasin\/\"]}]},{\"@type\":\"ImageObject\",\"inLanguage\":\"en-US\",\"@id\":\"https:\/\/rtt.ee\/en\/toode\/koopiamasinad-en\/a4-printer-skanner-koopiamasinad-en\/toshiba-e-studio401ac-a4-varvi-koopiamasin\/#primaryimage\",\"url\":\"https:\/\/rtt.ee\/wp-content\/uploads\/2026\/05\/e-STUDIO401AC-e1778587635987.webp\",\"contentUrl\":\"https:\/\/rtt.ee\/wp-content\/uploads\/2026\/05\/e-STUDIO401AC-e1778587635987.webp\",\"width\":1000,\"height\":1000,\"caption\":\"e-STUDIO401AC\"},{\"@type\":\"BreadcrumbList\",\"@id\":\"https:\/\/rtt.ee\/en\/toode\/koopiamasinad-en\/a4-printer-skanner-koopiamasinad-en\/toshiba-e-studio401ac-a4-varvi-koopiamasin\/#breadcrumb\",\"itemListElement\":[{\"@type\":\"ListItem\",\"position\":1,\"name\":\"Home\",\"item\":\"https:\/\/rtt.ee\/en\/\"},{\"@type\":\"ListItem\",\"position\":2,\"name\":\"Shop\",\"item\":\"https:\/\/rtt.ee\/en\/shop\/\"},{\"@type\":\"ListItem\",\"position\":3,\"name\":\"Koopiamasinad\",\"item\":\"https:\/\/rtt.ee\/tootekategooria\/koopiamasinad\/\"},{\"@type\":\"ListItem\",\"position\":4,\"name\":\"A4 Printer-Sk\u00e4nner-Koopiamasinad\",\"item\":\"https:\/\/rtt.ee\/tootekategooria\/koopiamasinad\/a4-printer-skanner-koopiamasinad\/\"},{\"@type\":\"ListItem\",\"position\":5,\"name\":\"TOSHIBA e-STUDIO401AC A4 v\u00e4rvi-koopiamasin\"}]},{\"@type\":\"WebSite\",\"@id\":\"https:\/\/rtt.ee\/en\/#website\",\"url\":\"https:\/\/rtt.ee\/en\/\",\"name\":\"RTT\",\"description\":\"Kassaaparaadid ja kontorikaubad\",\"potentialAction\":[{\"@type\":\"SearchAction\",\"target\":{\"@type\":\"EntryPoint\",\"urlTemplate\":\"https:\/\/rtt.ee\/en\/?s={search_term_string}\"},\"query-input\":{\"@type\":\"PropertyValueSpecification\",\"valueRequired\":true,\"valueName\":\"search_term_string\"}}],\"inLanguage\":\"en-US\"}]}<\/script>\n<!-- \/ Yoast SEO plugin. -->","yoast_head_json":{"title":"TOSHIBA e-STUDIO401AC A4 v\u00e4rvi-koopiamasin - RTT","description":"TOSHIBA e-STUDIO401AC on kompaktne, kuid v\u00f5imas A4-formaadi v\u00e4rviline multifunktsionaalne seade (MFP), mis on loodud pakkuma suurt j\u00f5udlust keskmise suurusega t\u00f6\u00f6r\u00fchmadele","robots":{"index":"index","follow":"follow","max-snippet":"max-snippet:-1","max-image-preview":"max-image-preview:large","max-video-preview":"max-video-preview:-1"},"canonical":"https:\/\/rtt.ee\/en\/toode\/koopiamasinad-en\/a4-printer-skanner-koopiamasinad-en\/toshiba-e-studio401ac-a4-varvi-koopiamasin\/","og_locale":"en_US","og_type":"article","og_title":"TOSHIBA e-STUDIO401AC A4 v\u00e4rvi-koopiamasin - RTT","og_description":"TOSHIBA e-STUDIO401AC on kompaktne, kuid v\u00f5imas A4-formaadi v\u00e4rviline multifunktsionaalne seade (MFP), mis on loodud pakkuma suurt j\u00f5udlust keskmise suurusega t\u00f6\u00f6r\u00fchmadele","og_url":"https:\/\/rtt.ee\/en\/toode\/koopiamasinad-en\/a4-printer-skanner-koopiamasinad-en\/toshiba-e-studio401ac-a4-varvi-koopiamasin\/","og_site_name":"RTT","article_modified_time":"2026-05-12T13:41:41+00:00","og_image":[{"width":1000,"height":1000,"url":"https:\/\/rtt.ee\/wp-content\/uploads\/2026\/05\/e-STUDIO401AC-e1778587635987.webp","type":"image\/webp"}],"twitter_card":"summary_large_image","twitter_misc":{"Est. reading time":"1 minute"},"schema":{"@context":"https:\/\/schema.org","@graph":[{"@type":"WebPage","@id":"https:\/\/rtt.ee\/en\/toode\/koopiamasinad-en\/a4-printer-skanner-koopiamasinad-en\/toshiba-e-studio401ac-a4-varvi-koopiamasin\/","url":"https:\/\/rtt.ee\/en\/toode\/koopiamasinad-en\/a4-printer-skanner-koopiamasinad-en\/toshiba-e-studio401ac-a4-varvi-koopiamasin\/","name":"TOSHIBA e-STUDIO401AC A4 v\u00e4rvi-koopiamasin - RTT","isPartOf":{"@id":"https:\/\/rtt.ee\/en\/#website"},"primaryImageOfPage":{"@id":"https:\/\/rtt.ee\/en\/toode\/koopiamasinad-en\/a4-printer-skanner-koopiamasinad-en\/toshiba-e-studio401ac-a4-varvi-koopiamasin\/#primaryimage"},"image":{"@id":"https:\/\/rtt.ee\/en\/toode\/koopiamasinad-en\/a4-printer-skanner-koopiamasinad-en\/toshiba-e-studio401ac-a4-varvi-koopiamasin\/#primaryimage"},"thumbnailUrl":"https:\/\/rtt.ee\/wp-content\/uploads\/2026\/05\/e-STUDIO401AC-e1778587635987.webp","datePublished":"2026-05-12T12:08:35+00:00","dateModified":"2026-05-12T13:41:41+00:00","description":"TOSHIBA e-STUDIO401AC on kompaktne, kuid v\u00f5imas A4-formaadi v\u00e4rviline multifunktsionaalne seade (MFP), mis on loodud pakkuma suurt j\u00f5udlust keskmise suurusega t\u00f6\u00f6r\u00fchmadele","breadcrumb":{"@id":"https:\/\/rtt.ee\/en\/toode\/koopiamasinad-en\/a4-printer-skanner-koopiamasinad-en\/toshiba-e-studio401ac-a4-varvi-koopiamasin\/#breadcrumb"},"inLanguage":"en-US","potentialAction":[{"@type":"ReadAction","target":["https:\/\/rtt.ee\/en\/toode\/koopiamasinad-en\/a4-printer-skanner-koopiamasinad-en\/toshiba-e-studio401ac-a4-varvi-koopiamasin\/"]}]},{"@type":"ImageObject","inLanguage":"en-US","@id":"https:\/\/rtt.ee\/en\/toode\/koopiamasinad-en\/a4-printer-skanner-koopiamasinad-en\/toshiba-e-studio401ac-a4-varvi-koopiamasin\/#primaryimage","url":"https:\/\/rtt.ee\/wp-content\/uploads\/2026\/05\/e-STUDIO401AC-e1778587635987.webp","contentUrl":"https:\/\/rtt.ee\/wp-content\/uploads\/2026\/05\/e-STUDIO401AC-e1778587635987.webp","width":1000,"height":1000,"caption":"e-STUDIO401AC"},{"@type":"BreadcrumbList","@id":"https:\/\/rtt.ee\/en\/toode\/koopiamasinad-en\/a4-printer-skanner-koopiamasinad-en\/toshiba-e-studio401ac-a4-varvi-koopiamasin\/#breadcrumb","itemListElement":[{"@type":"ListItem","position":1,"name":"Home","item":"https:\/\/rtt.ee\/en\/"},{"@type":"ListItem","position":2,"name":"Shop","item":"https:\/\/rtt.ee\/en\/shop\/"},{"@type":"ListItem","position":3,"name":"Koopiamasinad","item":"https:\/\/rtt.ee\/tootekategooria\/koopiamasinad\/"},{"@type":"ListItem","position":4,"name":"A4 Printer-Sk\u00e4nner-Koopiamasinad","item":"https:\/\/rtt.ee\/tootekategooria\/koopiamasinad\/a4-printer-skanner-koopiamasinad\/"},{"@type":"ListItem","position":5,"name":"TOSHIBA e-STUDIO401AC A4 v\u00e4rvi-koopiamasin"}]},{"@type":"WebSite","@id":"https:\/\/rtt.ee\/en\/#website","url":"https:\/\/rtt.ee\/en\/","name":"RTT","description":"Kassaaparaadid ja kontorikaubad","potentialAction":[{"@type":"SearchAction","target":{"@type":"EntryPoint","urlTemplate":"https:\/\/rtt.ee\/en\/?s={search_term_string}"},"query-input":{"@type":"PropertyValueSpecification","valueRequired":true,"valueName":"search_term_string"}}],"inLanguage":"en-US"}]}},"_links":{"self":[{"href":"https:\/\/rtt.ee\/en\/wp-json\/wp\/v2\/product\/18773","targetHints":{"allow":["GET"]}}],"collection":[{"href":"https:\/\/rtt.ee\/en\/wp-json\/wp\/v2\/product"}],"about":[{"href":"https:\/\/rtt.ee\/en\/wp-json\/wp\/v2\/types\/product"}],"wp:featuredmedia":[{"embeddable":true,"href":"https:\/\/rtt.ee\/en\/wp-json\/wp\/v2\/media\/18765"}],"wp:attachment":[{"href":"https:\/\/rtt.ee\/en\/wp-json\/wp\/v2\/media?parent=18773"}],"wp:term":[{"taxonomy":"product_brand","embeddable":true,"href":"https:\/\/rtt.ee\/en\/wp-json\/wp\/v2\/product_brand?post=18773"},{"taxonomy":"product_cat","embeddable":true,"href":"https:\/\/rtt.ee\/en\/wp-json\/wp\/v2\/product_cat?post=18773"},{"taxonomy":"product_tag","embeddable":true,"href":"https:\/\/rtt.ee\/en\/wp-json\/wp\/v2\/product_tag?post=18773"}],"curies":[{"name":"wp","href":"https:\/\/api.w.org\/{rel}","templated":true}]}}