{"id":18719,"date":"2026-05-11T11:17:19","date_gmt":"2026-05-11T08:17:19","guid":{"rendered":"https:\/\/rtt.ee\/toode\/uncategorized\/kaardidisaini-tarkvara-id-all-starter-edition\/"},"modified":"2026-05-11T14:48:38","modified_gmt":"2026-05-11T11:48:38","slug":"kaardidisaini-tarkvara-id-all-starter-edition","status":"publish","type":"product","link":"https:\/\/rtt.ee\/en\/toode\/tarkvara-en\/kaardidisaini-tarkvara-id-all-starter-edition\/","title":{"rendered":"Kaardidisaini tarkvara ID-ALL Starter Edition"},"content":{"rendered":"<p><strong>ID-ALL on ideaalne lahendus k\u00f5igile,<\/strong> kes soovivad personaliseerida mis tahes t\u00fc\u00fcpi kaarte. See pakub arvukalt graafilisi ja elektroonilisi isikup\u00e4rastamise v\u00f5imalusi, olles seel\u00e4bi turu k\u00f5ige p\u00f5hjalikum kaartide personaliseerimise tarkvara. Lisaks on see kohandatav: ID-ALL on saadaval neljas versioonis, et katta k\u00f5ik vajadused \u2013 alates k\u00f5ige lihtsamatest kuni k\u00f5ige spetsiifilisemateni.<\/p>\n<p>Jaem\u00fc\u00fck &#8211; Hinnasiltide tr\u00fckkimine, kliendikaardid, kinkekaardid, ettemaksukaardid, t\u00f6\u00f6tajat\u00f5endid<\/p>\n<p>Meditsiin &#8211; Ravikindlustuskaardid, meditsiinit\u00f6\u00f6tajate t\u00f5endid, patsiendikaardid<\/p>\n<p>Ettev\u00f5tlus &#8211; T\u00f6\u00f6tajat\u00f5endid, k\u00fclastajakaardid, \u00fcrituste rinnasildid<\/p>\n<p>Haridus &#8211; \u00dcli\u00f5pilaspiletid, \u00f5pilaspiletid, \u00f5petajate ja t\u00f6\u00f6tajate t\u00f5endid<\/p>\n<p>Transport &#8211; \u00dchistranspordikaardid, t\u00f6\u00f6tajat\u00f5endid<\/p>\n<p>Finants &#8211; Pangakaardid, ettemaksukaardid, t\u00f6\u00f6tajat\u00f5endid<\/p>\n<p>Riigiametid &#8211; Isikutunnistused, juhiload, ravikindlustuskaardid, t\u00f6\u00f6tajat\u00f5endid<\/p>\n","protected":false},"excerpt":{"rendered":"<p>ID-ALL on ideaalne lahendus k\u00f5igile, kes soovivad personaliseerida mis tahes t\u00fc\u00fcpi kaarte. See pakub arvukalt graafilisi ja elektroonilisi isikup\u00e4rastamise v\u00f5imalusi, olles seel\u00e4bi turu k\u00f5ige p\u00f5hjalikum kaartide personaliseerimise tarkvara. Lisaks on see kohandatav: ID-ALL on saadaval neljas versioonis, et katta k\u00f5ik vajadused \u2013 alates k\u00f5ige lihtsamatest kuni k\u00f5ige spetsiifilisemateni. Jaem\u00fc\u00fck &#8211; Hinnasiltide tr\u00fckkimine, kliendikaardid, kinkekaardid, ettemaksukaardid, [&hellip;]<\/p>\n","protected":false},"featured_media":18711,"template":"","meta":{"_acf_changed":false},"product_brand":[],"product_cat":[127],"product_tag":[],"class_list":{"0":"post-18719","1":"product","2":"type-product","3":"status-publish","4":"has-post-thumbnail","6":"product_cat-tarkvara-en","7":"product_brands-id-all","9":"first","10":"instock","11":"taxable","12":"shipping-taxable","13":"purchasable","14":"product-type-simple"},"acf":[],"yoast_head":"<!-- This site is optimized with the Yoast SEO plugin v26.2 - https:\/\/yoast.com\/wordpress\/plugins\/seo\/ -->\n<title>Kaardidisaini tarkvara ID-ALL Starter Edition - RTT<\/title>\n<meta name=\"description\" content=\"ID-ALL on turu terviklikem kaartide personaliseerimise tarkvara. Graafiline ja elektrooniline isikup\u00e4rastamine: QR-koodid, kiibi kodeerimine (MIFARE\u00ae, NFC), magnetribad ja biomeetria. Vali sobiv versioon ja loo professionaalseid kaarte lihtsalt!\" \/>\n<meta name=\"robots\" content=\"index, follow, max-snippet:-1, max-image-preview:large, max-video-preview:-1\" \/>\n<link rel=\"canonical\" href=\"https:\/\/rtt.ee\/en\/toode\/tarkvara-en\/kaardidisaini-tarkvara-id-all-starter-edition\/\" \/>\n<meta property=\"og:locale\" content=\"en_US\" \/>\n<meta property=\"og:type\" content=\"article\" \/>\n<meta property=\"og:title\" content=\"Kaardidisaini tarkvara ID-ALL Starter Edition - RTT\" \/>\n<meta property=\"og:description\" content=\"ID-ALL on turu terviklikem kaartide personaliseerimise tarkvara. Graafiline ja elektrooniline isikup\u00e4rastamine: QR-koodid, kiibi kodeerimine (MIFARE\u00ae, NFC), magnetribad ja biomeetria. Vali sobiv versioon ja loo professionaalseid kaarte lihtsalt!\" \/>\n<meta property=\"og:url\" content=\"https:\/\/rtt.ee\/en\/toode\/tarkvara-en\/kaardidisaini-tarkvara-id-all-starter-edition\/\" \/>\n<meta property=\"og:site_name\" content=\"RTT\" \/>\n<meta property=\"article:modified_time\" content=\"2026-05-11T11:48:38+00:00\" \/>\n<meta property=\"og:image\" content=\"https:\/\/rtt.ee\/wp-content\/uploads\/2026\/05\/1000x1000.png\" \/>\n\t<meta property=\"og:image:width\" content=\"1000\" \/>\n\t<meta property=\"og:image:height\" content=\"317\" \/>\n\t<meta property=\"og:image:type\" content=\"image\/png\" \/>\n<meta name=\"twitter:card\" content=\"summary_large_image\" \/>\n<meta name=\"twitter:label1\" content=\"Est. reading time\" \/>\n\t<meta name=\"twitter:data1\" content=\"1 minute\" \/>\n<script type=\"application\/ld+json\" class=\"yoast-schema-graph\">{\"@context\":\"https:\/\/schema.org\",\"@graph\":[{\"@type\":\"WebPage\",\"@id\":\"https:\/\/rtt.ee\/en\/toode\/tarkvara-en\/kaardidisaini-tarkvara-id-all-starter-edition\/\",\"url\":\"https:\/\/rtt.ee\/en\/toode\/tarkvara-en\/kaardidisaini-tarkvara-id-all-starter-edition\/\",\"name\":\"Kaardidisaini tarkvara ID-ALL Starter Edition - RTT\",\"isPartOf\":{\"@id\":\"https:\/\/rtt.ee\/en\/#website\"},\"primaryImageOfPage\":{\"@id\":\"https:\/\/rtt.ee\/en\/toode\/tarkvara-en\/kaardidisaini-tarkvara-id-all-starter-edition\/#primaryimage\"},\"image\":{\"@id\":\"https:\/\/rtt.ee\/en\/toode\/tarkvara-en\/kaardidisaini-tarkvara-id-all-starter-edition\/#primaryimage\"},\"thumbnailUrl\":\"https:\/\/rtt.ee\/wp-content\/uploads\/2026\/05\/1000x1000.png\",\"datePublished\":\"2026-05-11T08:17:19+00:00\",\"dateModified\":\"2026-05-11T11:48:38+00:00\",\"description\":\"ID-ALL on turu terviklikem kaartide personaliseerimise tarkvara. Graafiline ja elektrooniline isikup\u00e4rastamine: QR-koodid, kiibi kodeerimine (MIFARE\u00ae, NFC), magnetribad ja biomeetria. Vali sobiv versioon ja loo professionaalseid kaarte lihtsalt!\",\"breadcrumb\":{\"@id\":\"https:\/\/rtt.ee\/en\/toode\/tarkvara-en\/kaardidisaini-tarkvara-id-all-starter-edition\/#breadcrumb\"},\"inLanguage\":\"en-US\",\"potentialAction\":[{\"@type\":\"ReadAction\",\"target\":[\"https:\/\/rtt.ee\/en\/toode\/tarkvara-en\/kaardidisaini-tarkvara-id-all-starter-edition\/\"]}]},{\"@type\":\"ImageObject\",\"inLanguage\":\"en-US\",\"@id\":\"https:\/\/rtt.ee\/en\/toode\/tarkvara-en\/kaardidisaini-tarkvara-id-all-starter-edition\/#primaryimage\",\"url\":\"https:\/\/rtt.ee\/wp-content\/uploads\/2026\/05\/1000x1000.png\",\"contentUrl\":\"https:\/\/rtt.ee\/wp-content\/uploads\/2026\/05\/1000x1000.png\",\"width\":1000,\"height\":317,\"caption\":\"ID-ALL\"},{\"@type\":\"BreadcrumbList\",\"@id\":\"https:\/\/rtt.ee\/en\/toode\/tarkvara-en\/kaardidisaini-tarkvara-id-all-starter-edition\/#breadcrumb\",\"itemListElement\":[{\"@type\":\"ListItem\",\"position\":1,\"name\":\"Home\",\"item\":\"https:\/\/rtt.ee\/en\/\"},{\"@type\":\"ListItem\",\"position\":2,\"name\":\"Shop\",\"item\":\"https:\/\/rtt.ee\/en\/shop\/\"},{\"@type\":\"ListItem\",\"position\":3,\"name\":\"Tarkvara\",\"item\":\"https:\/\/rtt.ee\/tootekategooria\/tarkvara\/\"},{\"@type\":\"ListItem\",\"position\":4,\"name\":\"Kaardidisaini tarkvara ID-ALL Starter Edition\"}]},{\"@type\":\"WebSite\",\"@id\":\"https:\/\/rtt.ee\/en\/#website\",\"url\":\"https:\/\/rtt.ee\/en\/\",\"name\":\"RTT\",\"description\":\"Kassaaparaadid ja kontorikaubad\",\"potentialAction\":[{\"@type\":\"SearchAction\",\"target\":{\"@type\":\"EntryPoint\",\"urlTemplate\":\"https:\/\/rtt.ee\/en\/?s={search_term_string}\"},\"query-input\":{\"@type\":\"PropertyValueSpecification\",\"valueRequired\":true,\"valueName\":\"search_term_string\"}}],\"inLanguage\":\"en-US\"}]}<\/script>\n<!-- \/ Yoast SEO plugin. -->","yoast_head_json":{"title":"Kaardidisaini tarkvara ID-ALL Starter Edition - RTT","description":"ID-ALL on turu terviklikem kaartide personaliseerimise tarkvara. Graafiline ja elektrooniline isikup\u00e4rastamine: QR-koodid, kiibi kodeerimine (MIFARE\u00ae, NFC), magnetribad ja biomeetria. Vali sobiv versioon ja loo professionaalseid kaarte lihtsalt!","robots":{"index":"index","follow":"follow","max-snippet":"max-snippet:-1","max-image-preview":"max-image-preview:large","max-video-preview":"max-video-preview:-1"},"canonical":"https:\/\/rtt.ee\/en\/toode\/tarkvara-en\/kaardidisaini-tarkvara-id-all-starter-edition\/","og_locale":"en_US","og_type":"article","og_title":"Kaardidisaini tarkvara ID-ALL Starter Edition - RTT","og_description":"ID-ALL on turu terviklikem kaartide personaliseerimise tarkvara. Graafiline ja elektrooniline isikup\u00e4rastamine: QR-koodid, kiibi kodeerimine (MIFARE\u00ae, NFC), magnetribad ja biomeetria. Vali sobiv versioon ja loo professionaalseid kaarte lihtsalt!","og_url":"https:\/\/rtt.ee\/en\/toode\/tarkvara-en\/kaardidisaini-tarkvara-id-all-starter-edition\/","og_site_name":"RTT","article_modified_time":"2026-05-11T11:48:38+00:00","og_image":[{"width":1000,"height":317,"url":"https:\/\/rtt.ee\/wp-content\/uploads\/2026\/05\/1000x1000.png","type":"image\/png"}],"twitter_card":"summary_large_image","twitter_misc":{"Est. reading time":"1 minute"},"schema":{"@context":"https:\/\/schema.org","@graph":[{"@type":"WebPage","@id":"https:\/\/rtt.ee\/en\/toode\/tarkvara-en\/kaardidisaini-tarkvara-id-all-starter-edition\/","url":"https:\/\/rtt.ee\/en\/toode\/tarkvara-en\/kaardidisaini-tarkvara-id-all-starter-edition\/","name":"Kaardidisaini tarkvara ID-ALL Starter Edition - RTT","isPartOf":{"@id":"https:\/\/rtt.ee\/en\/#website"},"primaryImageOfPage":{"@id":"https:\/\/rtt.ee\/en\/toode\/tarkvara-en\/kaardidisaini-tarkvara-id-all-starter-edition\/#primaryimage"},"image":{"@id":"https:\/\/rtt.ee\/en\/toode\/tarkvara-en\/kaardidisaini-tarkvara-id-all-starter-edition\/#primaryimage"},"thumbnailUrl":"https:\/\/rtt.ee\/wp-content\/uploads\/2026\/05\/1000x1000.png","datePublished":"2026-05-11T08:17:19+00:00","dateModified":"2026-05-11T11:48:38+00:00","description":"ID-ALL on turu terviklikem kaartide personaliseerimise tarkvara. Graafiline ja elektrooniline isikup\u00e4rastamine: QR-koodid, kiibi kodeerimine (MIFARE\u00ae, NFC), magnetribad ja biomeetria. Vali sobiv versioon ja loo professionaalseid kaarte lihtsalt!","breadcrumb":{"@id":"https:\/\/rtt.ee\/en\/toode\/tarkvara-en\/kaardidisaini-tarkvara-id-all-starter-edition\/#breadcrumb"},"inLanguage":"en-US","potentialAction":[{"@type":"ReadAction","target":["https:\/\/rtt.ee\/en\/toode\/tarkvara-en\/kaardidisaini-tarkvara-id-all-starter-edition\/"]}]},{"@type":"ImageObject","inLanguage":"en-US","@id":"https:\/\/rtt.ee\/en\/toode\/tarkvara-en\/kaardidisaini-tarkvara-id-all-starter-edition\/#primaryimage","url":"https:\/\/rtt.ee\/wp-content\/uploads\/2026\/05\/1000x1000.png","contentUrl":"https:\/\/rtt.ee\/wp-content\/uploads\/2026\/05\/1000x1000.png","width":1000,"height":317,"caption":"ID-ALL"},{"@type":"BreadcrumbList","@id":"https:\/\/rtt.ee\/en\/toode\/tarkvara-en\/kaardidisaini-tarkvara-id-all-starter-edition\/#breadcrumb","itemListElement":[{"@type":"ListItem","position":1,"name":"Home","item":"https:\/\/rtt.ee\/en\/"},{"@type":"ListItem","position":2,"name":"Shop","item":"https:\/\/rtt.ee\/en\/shop\/"},{"@type":"ListItem","position":3,"name":"Tarkvara","item":"https:\/\/rtt.ee\/tootekategooria\/tarkvara\/"},{"@type":"ListItem","position":4,"name":"Kaardidisaini tarkvara ID-ALL Starter Edition"}]},{"@type":"WebSite","@id":"https:\/\/rtt.ee\/en\/#website","url":"https:\/\/rtt.ee\/en\/","name":"RTT","description":"Kassaaparaadid ja kontorikaubad","potentialAction":[{"@type":"SearchAction","target":{"@type":"EntryPoint","urlTemplate":"https:\/\/rtt.ee\/en\/?s={search_term_string}"},"query-input":{"@type":"PropertyValueSpecification","valueRequired":true,"valueName":"search_term_string"}}],"inLanguage":"en-US"}]}},"_links":{"self":[{"href":"https:\/\/rtt.ee\/en\/wp-json\/wp\/v2\/product\/18719","targetHints":{"allow":["GET"]}}],"collection":[{"href":"https:\/\/rtt.ee\/en\/wp-json\/wp\/v2\/product"}],"about":[{"href":"https:\/\/rtt.ee\/en\/wp-json\/wp\/v2\/types\/product"}],"wp:featuredmedia":[{"embeddable":true,"href":"https:\/\/rtt.ee\/en\/wp-json\/wp\/v2\/media\/18711"}],"wp:attachment":[{"href":"https:\/\/rtt.ee\/en\/wp-json\/wp\/v2\/media?parent=18719"}],"wp:term":[{"taxonomy":"product_brand","embeddable":true,"href":"https:\/\/rtt.ee\/en\/wp-json\/wp\/v2\/product_brand?post=18719"},{"taxonomy":"product_cat","embeddable":true,"href":"https:\/\/rtt.ee\/en\/wp-json\/wp\/v2\/product_cat?post=18719"},{"taxonomy":"product_tag","embeddable":true,"href":"https:\/\/rtt.ee\/en\/wp-json\/wp\/v2\/product_tag?post=18719"}],"curies":[{"name":"wp","href":"https:\/\/api.w.org\/{rel}","templated":true}]}}