{"id":18546,"date":"2026-05-04T11:42:51","date_gmt":"2026-05-04T08:42:51","guid":{"rendered":"https:\/\/rtt.ee\/toode\/uncategorized\/epson-ecotank-l8160-multifunktsionaalne-varvi-tindiprinter-fotoprinter\/"},"modified":"2026-05-04T16:13:03","modified_gmt":"2026-05-04T13:13:03","slug":"epson-ecotank-l8160","status":"publish","type":"product","link":"https:\/\/rtt.ee\/en\/toode\/koopiamasinad-en\/a4-printer-skanner-koopiamasinad-en\/epson-ecotank-l8160\/","title":{"rendered":"Epson EcoTank L8160 multifunktsionaalne v\u00e4rvi-tindiprinter\/fotoprinter"},"content":{"rendered":"<p>Funktsioonid: Print, Skannimine, Koopia<\/p>\n<p>Tr\u00fckikiirus: 32<span class=\"technical-specifications__specification-value\"> lk\/min (must), 32 lk\/min (v\u00e4rviline)<\/span><\/p>\n<p>Tr\u00fckikvaliteet: 5.760\u00a0x\u00a01.440\u00a0DPI<\/p>\n<p>Paberis\u00f6\u00f6tja maht: 100 lehte (A4), 20 lehte (fotopaber)<\/p>\n<p>\u00dchendused:\u00a0<span class=\"technical-specifications__specification-value\">USB, LAN, WiFi, Wi-Fi Direct<\/span><\/p>\n<p>Meediat\u00f6\u00f6tlus:\u00a0<span class=\"technical-specifications__specification-value\">\u00e4\u00e4risteta tr\u00fckk, CD-le ja DVD-le tr\u00fckkimine<\/span><\/p>\n<p>Mobiilsed ja pilvep\u00f5hised printimisteenused: Apple AirPrint, Mopria Print Service, Epson Smart Panel App, Epson Connect (Email Print, Remote Print Driver), Epson Connect (Email Print, Scan-to-Cloud)<\/p>\n<p>Toetatavad operatsioonis\u00fcsteemid: Windows, Windows Server, MacOS<\/p>\n<p>Lisainfo:\u00a0<a href=\"https:\/\/www.epson.ee\/et_EE\/tooted\/printerid\/inkjet\/ecotank-l8160-a4-wi-fi-tindimahuti-fotoprinter\/p\/29185\">Tehniline kirjeldus eesti keeles<\/a><\/p>\n<p>Tel: +372 6 112 256<\/p>\n<p>GSM: +372 5 014 470<\/p>\n","protected":false},"excerpt":{"rendered":"<p>Funktsioonid: Print, Skannimine, Koopia Tr\u00fckikiirus: 32 lk\/min (must), 32 lk\/min (v\u00e4rviline) Tr\u00fckikvaliteet: 5.760\u00a0x\u00a01.440\u00a0DPI Paberis\u00f6\u00f6tja maht: 100 lehte (A4), 20 lehte (fotopaber) \u00dchendused:\u00a0USB, LAN, WiFi, Wi-Fi Direct Meediat\u00f6\u00f6tlus:\u00a0\u00e4\u00e4risteta tr\u00fckk, CD-le ja DVD-le tr\u00fckkimine Mobiilsed ja pilvep\u00f5hised printimisteenused: Apple AirPrint, Mopria Print Service, Epson Smart Panel App, Epson Connect (Email Print, Remote Print Driver), Epson Connect (Email [&hellip;]<\/p>\n","protected":false},"featured_media":18540,"template":"","meta":{"_acf_changed":false},"product_brand":[405],"product_cat":[118],"product_tag":[],"class_list":{"0":"post-18546","1":"product","2":"type-product","3":"status-publish","4":"has-post-thumbnail","6":"product_brand-epson","7":"product_cat-a4-printer-skanner-koopiamasinad-en","8":"product_brands-epson-en","10":"first","11":"onbackorder","12":"sale","13":"taxable","14":"shipping-taxable","15":"purchasable","16":"product-type-simple"},"acf":[],"yoast_head":"<!-- This site is optimized with the Yoast SEO plugin v26.2 - https:\/\/yoast.com\/wordpress\/plugins\/seo\/ -->\n<title>Epson EcoTank L8160 multifunktsionaalne v\u00e4rvi-tindiprinter\/fotoprinter - RTT<\/title>\n<meta name=\"description\" content=\"Epson EcoTank L8160 \u2013 s\u00e4\u00e4stlik ja kvaliteetne 6-v\u00e4rviline A4 fotoprinter. Prindi fotosid, dokumente ja otse plaatidele. Tipptasemel tulemus, madalad kulud!\" \/>\n<meta name=\"robots\" content=\"index, follow, max-snippet:-1, max-image-preview:large, max-video-preview:-1\" \/>\n<link rel=\"canonical\" href=\"https:\/\/rtt.ee\/en\/toode\/koopiamasinad-en\/a4-printer-skanner-koopiamasinad-en\/epson-ecotank-l8160\/\" \/>\n<meta property=\"og:locale\" content=\"en_US\" \/>\n<meta property=\"og:type\" content=\"article\" \/>\n<meta property=\"og:title\" content=\"Epson EcoTank L8160 multifunktsionaalne v\u00e4rvi-tindiprinter\/fotoprinter - RTT\" \/>\n<meta property=\"og:description\" content=\"Epson EcoTank L8160 \u2013 s\u00e4\u00e4stlik ja kvaliteetne 6-v\u00e4rviline A4 fotoprinter. Prindi fotosid, dokumente ja otse plaatidele. Tipptasemel tulemus, madalad kulud!\" \/>\n<meta property=\"og:url\" content=\"https:\/\/rtt.ee\/en\/toode\/koopiamasinad-en\/a4-printer-skanner-koopiamasinad-en\/epson-ecotank-l8160\/\" \/>\n<meta property=\"og:site_name\" content=\"RTT\" \/>\n<meta property=\"article:modified_time\" content=\"2026-05-04T13:13:03+00:00\" \/>\n<meta property=\"og:image\" content=\"https:\/\/rtt.ee\/wp-content\/uploads\/2026\/05\/C11CJ20402.webp\" \/>\n\t<meta property=\"og:image:width\" content=\"527\" \/>\n\t<meta property=\"og:image:height\" content=\"388\" \/>\n\t<meta property=\"og:image:type\" content=\"image\/webp\" \/>\n<meta name=\"twitter:card\" content=\"summary_large_image\" \/>\n<meta name=\"twitter:label1\" content=\"Est. reading time\" \/>\n\t<meta name=\"twitter:data1\" content=\"1 minute\" \/>\n<script type=\"application\/ld+json\" class=\"yoast-schema-graph\">{\"@context\":\"https:\/\/schema.org\",\"@graph\":[{\"@type\":\"WebPage\",\"@id\":\"https:\/\/rtt.ee\/en\/toode\/koopiamasinad-en\/a4-printer-skanner-koopiamasinad-en\/epson-ecotank-l8160\/\",\"url\":\"https:\/\/rtt.ee\/en\/toode\/koopiamasinad-en\/a4-printer-skanner-koopiamasinad-en\/epson-ecotank-l8160\/\",\"name\":\"Epson EcoTank L8160 multifunktsionaalne v\u00e4rvi-tindiprinter\/fotoprinter - RTT\",\"isPartOf\":{\"@id\":\"https:\/\/rtt.ee\/en\/#website\"},\"primaryImageOfPage\":{\"@id\":\"https:\/\/rtt.ee\/en\/toode\/koopiamasinad-en\/a4-printer-skanner-koopiamasinad-en\/epson-ecotank-l8160\/#primaryimage\"},\"image\":{\"@id\":\"https:\/\/rtt.ee\/en\/toode\/koopiamasinad-en\/a4-printer-skanner-koopiamasinad-en\/epson-ecotank-l8160\/#primaryimage\"},\"thumbnailUrl\":\"https:\/\/rtt.ee\/wp-content\/uploads\/2026\/05\/C11CJ20402.webp\",\"datePublished\":\"2026-05-04T08:42:51+00:00\",\"dateModified\":\"2026-05-04T13:13:03+00:00\",\"description\":\"Epson EcoTank L8160 \u2013 s\u00e4\u00e4stlik ja kvaliteetne 6-v\u00e4rviline A4 fotoprinter. Prindi fotosid, dokumente ja otse plaatidele. Tipptasemel tulemus, madalad kulud!\",\"breadcrumb\":{\"@id\":\"https:\/\/rtt.ee\/en\/toode\/koopiamasinad-en\/a4-printer-skanner-koopiamasinad-en\/epson-ecotank-l8160\/#breadcrumb\"},\"inLanguage\":\"en-US\",\"potentialAction\":[{\"@type\":\"ReadAction\",\"target\":[\"https:\/\/rtt.ee\/en\/toode\/koopiamasinad-en\/a4-printer-skanner-koopiamasinad-en\/epson-ecotank-l8160\/\"]}]},{\"@type\":\"ImageObject\",\"inLanguage\":\"en-US\",\"@id\":\"https:\/\/rtt.ee\/en\/toode\/koopiamasinad-en\/a4-printer-skanner-koopiamasinad-en\/epson-ecotank-l8160\/#primaryimage\",\"url\":\"https:\/\/rtt.ee\/wp-content\/uploads\/2026\/05\/C11CJ20402.webp\",\"contentUrl\":\"https:\/\/rtt.ee\/wp-content\/uploads\/2026\/05\/C11CJ20402.webp\",\"width\":527,\"height\":388,\"caption\":\"C11CJ20402\"},{\"@type\":\"BreadcrumbList\",\"@id\":\"https:\/\/rtt.ee\/en\/toode\/koopiamasinad-en\/a4-printer-skanner-koopiamasinad-en\/epson-ecotank-l8160\/#breadcrumb\",\"itemListElement\":[{\"@type\":\"ListItem\",\"position\":1,\"name\":\"Home\",\"item\":\"https:\/\/rtt.ee\/en\/\"},{\"@type\":\"ListItem\",\"position\":2,\"name\":\"Shop\",\"item\":\"https:\/\/rtt.ee\/en\/shop\/\"},{\"@type\":\"ListItem\",\"position\":3,\"name\":\"Koopiamasinad\",\"item\":\"https:\/\/rtt.ee\/tootekategooria\/koopiamasinad\/\"},{\"@type\":\"ListItem\",\"position\":4,\"name\":\"A4 Printer-Sk\u00e4nner-Koopiamasinad\",\"item\":\"https:\/\/rtt.ee\/tootekategooria\/koopiamasinad\/a4-printer-skanner-koopiamasinad\/\"},{\"@type\":\"ListItem\",\"position\":5,\"name\":\"Epson EcoTank L8160 multifunktsionaalne v\u00e4rvi-tindiprinter\/fotoprinter\"}]},{\"@type\":\"WebSite\",\"@id\":\"https:\/\/rtt.ee\/en\/#website\",\"url\":\"https:\/\/rtt.ee\/en\/\",\"name\":\"RTT\",\"description\":\"Kassaaparaadid ja kontorikaubad\",\"potentialAction\":[{\"@type\":\"SearchAction\",\"target\":{\"@type\":\"EntryPoint\",\"urlTemplate\":\"https:\/\/rtt.ee\/en\/?s={search_term_string}\"},\"query-input\":{\"@type\":\"PropertyValueSpecification\",\"valueRequired\":true,\"valueName\":\"search_term_string\"}}],\"inLanguage\":\"en-US\"}]}<\/script>\n<!-- \/ Yoast SEO plugin. -->","yoast_head_json":{"title":"Epson EcoTank L8160 multifunktsionaalne v\u00e4rvi-tindiprinter\/fotoprinter - RTT","description":"Epson EcoTank L8160 \u2013 s\u00e4\u00e4stlik ja kvaliteetne 6-v\u00e4rviline A4 fotoprinter. Prindi fotosid, dokumente ja otse plaatidele. Tipptasemel tulemus, madalad kulud!","robots":{"index":"index","follow":"follow","max-snippet":"max-snippet:-1","max-image-preview":"max-image-preview:large","max-video-preview":"max-video-preview:-1"},"canonical":"https:\/\/rtt.ee\/en\/toode\/koopiamasinad-en\/a4-printer-skanner-koopiamasinad-en\/epson-ecotank-l8160\/","og_locale":"en_US","og_type":"article","og_title":"Epson EcoTank L8160 multifunktsionaalne v\u00e4rvi-tindiprinter\/fotoprinter - RTT","og_description":"Epson EcoTank L8160 \u2013 s\u00e4\u00e4stlik ja kvaliteetne 6-v\u00e4rviline A4 fotoprinter. Prindi fotosid, dokumente ja otse plaatidele. Tipptasemel tulemus, madalad kulud!","og_url":"https:\/\/rtt.ee\/en\/toode\/koopiamasinad-en\/a4-printer-skanner-koopiamasinad-en\/epson-ecotank-l8160\/","og_site_name":"RTT","article_modified_time":"2026-05-04T13:13:03+00:00","og_image":[{"width":527,"height":388,"url":"https:\/\/rtt.ee\/wp-content\/uploads\/2026\/05\/C11CJ20402.webp","type":"image\/webp"}],"twitter_card":"summary_large_image","twitter_misc":{"Est. reading time":"1 minute"},"schema":{"@context":"https:\/\/schema.org","@graph":[{"@type":"WebPage","@id":"https:\/\/rtt.ee\/en\/toode\/koopiamasinad-en\/a4-printer-skanner-koopiamasinad-en\/epson-ecotank-l8160\/","url":"https:\/\/rtt.ee\/en\/toode\/koopiamasinad-en\/a4-printer-skanner-koopiamasinad-en\/epson-ecotank-l8160\/","name":"Epson EcoTank L8160 multifunktsionaalne v\u00e4rvi-tindiprinter\/fotoprinter - RTT","isPartOf":{"@id":"https:\/\/rtt.ee\/en\/#website"},"primaryImageOfPage":{"@id":"https:\/\/rtt.ee\/en\/toode\/koopiamasinad-en\/a4-printer-skanner-koopiamasinad-en\/epson-ecotank-l8160\/#primaryimage"},"image":{"@id":"https:\/\/rtt.ee\/en\/toode\/koopiamasinad-en\/a4-printer-skanner-koopiamasinad-en\/epson-ecotank-l8160\/#primaryimage"},"thumbnailUrl":"https:\/\/rtt.ee\/wp-content\/uploads\/2026\/05\/C11CJ20402.webp","datePublished":"2026-05-04T08:42:51+00:00","dateModified":"2026-05-04T13:13:03+00:00","description":"Epson EcoTank L8160 \u2013 s\u00e4\u00e4stlik ja kvaliteetne 6-v\u00e4rviline A4 fotoprinter. Prindi fotosid, dokumente ja otse plaatidele. Tipptasemel tulemus, madalad kulud!","breadcrumb":{"@id":"https:\/\/rtt.ee\/en\/toode\/koopiamasinad-en\/a4-printer-skanner-koopiamasinad-en\/epson-ecotank-l8160\/#breadcrumb"},"inLanguage":"en-US","potentialAction":[{"@type":"ReadAction","target":["https:\/\/rtt.ee\/en\/toode\/koopiamasinad-en\/a4-printer-skanner-koopiamasinad-en\/epson-ecotank-l8160\/"]}]},{"@type":"ImageObject","inLanguage":"en-US","@id":"https:\/\/rtt.ee\/en\/toode\/koopiamasinad-en\/a4-printer-skanner-koopiamasinad-en\/epson-ecotank-l8160\/#primaryimage","url":"https:\/\/rtt.ee\/wp-content\/uploads\/2026\/05\/C11CJ20402.webp","contentUrl":"https:\/\/rtt.ee\/wp-content\/uploads\/2026\/05\/C11CJ20402.webp","width":527,"height":388,"caption":"C11CJ20402"},{"@type":"BreadcrumbList","@id":"https:\/\/rtt.ee\/en\/toode\/koopiamasinad-en\/a4-printer-skanner-koopiamasinad-en\/epson-ecotank-l8160\/#breadcrumb","itemListElement":[{"@type":"ListItem","position":1,"name":"Home","item":"https:\/\/rtt.ee\/en\/"},{"@type":"ListItem","position":2,"name":"Shop","item":"https:\/\/rtt.ee\/en\/shop\/"},{"@type":"ListItem","position":3,"name":"Koopiamasinad","item":"https:\/\/rtt.ee\/tootekategooria\/koopiamasinad\/"},{"@type":"ListItem","position":4,"name":"A4 Printer-Sk\u00e4nner-Koopiamasinad","item":"https:\/\/rtt.ee\/tootekategooria\/koopiamasinad\/a4-printer-skanner-koopiamasinad\/"},{"@type":"ListItem","position":5,"name":"Epson EcoTank L8160 multifunktsionaalne v\u00e4rvi-tindiprinter\/fotoprinter"}]},{"@type":"WebSite","@id":"https:\/\/rtt.ee\/en\/#website","url":"https:\/\/rtt.ee\/en\/","name":"RTT","description":"Kassaaparaadid ja kontorikaubad","potentialAction":[{"@type":"SearchAction","target":{"@type":"EntryPoint","urlTemplate":"https:\/\/rtt.ee\/en\/?s={search_term_string}"},"query-input":{"@type":"PropertyValueSpecification","valueRequired":true,"valueName":"search_term_string"}}],"inLanguage":"en-US"}]}},"_links":{"self":[{"href":"https:\/\/rtt.ee\/en\/wp-json\/wp\/v2\/product\/18546","targetHints":{"allow":["GET"]}}],"collection":[{"href":"https:\/\/rtt.ee\/en\/wp-json\/wp\/v2\/product"}],"about":[{"href":"https:\/\/rtt.ee\/en\/wp-json\/wp\/v2\/types\/product"}],"wp:featuredmedia":[{"embeddable":true,"href":"https:\/\/rtt.ee\/en\/wp-json\/wp\/v2\/media\/18540"}],"wp:attachment":[{"href":"https:\/\/rtt.ee\/en\/wp-json\/wp\/v2\/media?parent=18546"}],"wp:term":[{"taxonomy":"product_brand","embeddable":true,"href":"https:\/\/rtt.ee\/en\/wp-json\/wp\/v2\/product_brand?post=18546"},{"taxonomy":"product_cat","embeddable":true,"href":"https:\/\/rtt.ee\/en\/wp-json\/wp\/v2\/product_cat?post=18546"},{"taxonomy":"product_tag","embeddable":true,"href":"https:\/\/rtt.ee\/en\/wp-json\/wp\/v2\/product_tag?post=18546"}],"curies":[{"name":"wp","href":"https:\/\/api.w.org\/{rel}","templated":true}]}}