{"id":17894,"date":"2026-04-01T11:12:07","date_gmt":"2026-04-01T08:12:07","guid":{"rendered":"https:\/\/rtt.ee\/toode\/uncategorized\/tooner-punane-sharp-bpc50gtca-8k\/"},"modified":"2026-04-01T14:03:08","modified_gmt":"2026-04-01T11:03:08","slug":"tooner-punane-sharp-bpc50gtma-8k","status":"publish","type":"product","link":"https:\/\/rtt.ee\/en\/toode\/kulumaterjalid-en\/toonerid-en\/tooner-punane-sharp-bpc50gtma-8k\/","title":{"rendered":"Tooner punane SHARP BPC50GTMA 8k"},"content":{"rendered":"<p>BPC533WR, BPC533WD, BPC542WD, BPC542PW<\/p>\n<p>8 000 lehte<\/p>\n","protected":false},"excerpt":{"rendered":"<p>BPC533WR, BPC533WD, BPC542WD, BPC542PW 8 000 lehte<\/p>\n","protected":false},"featured_media":12524,"template":"","meta":{"_acf_changed":false},"product_brand":[404],"product_cat":[155],"product_tag":[],"class_list":{"0":"post-17894","1":"product","2":"type-product","3":"status-publish","4":"has-post-thumbnail","6":"product_brand-sharp","7":"product_cat-toonerid-en","8":"product_brands-sharp-office-printers","10":"first","11":"onbackorder","12":"taxable","13":"shipping-taxable","14":"purchasable","15":"product-type-simple"},"acf":[],"yoast_head":"<!-- This site is optimized with the Yoast SEO plugin v26.2 - https:\/\/yoast.com\/wordpress\/plugins\/seo\/ -->\n<title>Tooner punane SHARP BPC50GTMA 8k - RTT<\/title>\n<meta name=\"description\" content=\"Lai valik Sharp toonereid (mustad ja v\u00e4rvilised). Originaaltooted tagavad 100% \u00fchilduvuse ja optimaalse lehek\u00fclgede arvu. Leia sobiv mudel ja osta mugavalt!\" \/>\n<meta name=\"robots\" content=\"index, follow, max-snippet:-1, max-image-preview:large, max-video-preview:-1\" \/>\n<link rel=\"canonical\" href=\"https:\/\/rtt.ee\/en\/toode\/kulumaterjalid-en\/toonerid-en\/tooner-punane-sharp-bpc50gtma-8k\/\" \/>\n<meta property=\"og:locale\" content=\"en_US\" \/>\n<meta property=\"og:type\" content=\"article\" \/>\n<meta property=\"og:title\" content=\"Tooner punane SHARP BPC50GTMA 8k - RTT\" \/>\n<meta property=\"og:description\" content=\"Lai valik Sharp toonereid (mustad ja v\u00e4rvilised). Originaaltooted tagavad 100% \u00fchilduvuse ja optimaalse lehek\u00fclgede arvu. Leia sobiv mudel ja osta mugavalt!\" \/>\n<meta property=\"og:url\" content=\"https:\/\/rtt.ee\/en\/toode\/kulumaterjalid-en\/toonerid-en\/tooner-punane-sharp-bpc50gtma-8k\/\" \/>\n<meta property=\"og:site_name\" content=\"RTT\" \/>\n<meta property=\"article:modified_time\" content=\"2026-04-01T11:03:08+00:00\" \/>\n<meta property=\"og:image\" content=\"https:\/\/rtt.ee\/wp-content\/uploads\/2025\/07\/sharp-logo-be-orginal-565x635-1-e1775030892216.jpg\" \/>\n\t<meta property=\"og:image:width\" content=\"565\" \/>\n\t<meta property=\"og:image:height\" content=\"635\" \/>\n\t<meta property=\"og:image:type\" content=\"image\/jpeg\" \/>\n<meta name=\"twitter:card\" content=\"summary_large_image\" \/>\n<meta name=\"twitter:label1\" content=\"Est. reading time\" \/>\n\t<meta name=\"twitter:data1\" content=\"1 minute\" \/>\n<script type=\"application\/ld+json\" class=\"yoast-schema-graph\">{\"@context\":\"https:\/\/schema.org\",\"@graph\":[{\"@type\":\"WebPage\",\"@id\":\"https:\/\/rtt.ee\/en\/toode\/kulumaterjalid-en\/toonerid-en\/tooner-punane-sharp-bpc50gtma-8k\/\",\"url\":\"https:\/\/rtt.ee\/en\/toode\/kulumaterjalid-en\/toonerid-en\/tooner-punane-sharp-bpc50gtma-8k\/\",\"name\":\"Tooner punane SHARP BPC50GTMA 8k - RTT\",\"isPartOf\":{\"@id\":\"https:\/\/rtt.ee\/en\/#website\"},\"primaryImageOfPage\":{\"@id\":\"https:\/\/rtt.ee\/en\/toode\/kulumaterjalid-en\/toonerid-en\/tooner-punane-sharp-bpc50gtma-8k\/#primaryimage\"},\"image\":{\"@id\":\"https:\/\/rtt.ee\/en\/toode\/kulumaterjalid-en\/toonerid-en\/tooner-punane-sharp-bpc50gtma-8k\/#primaryimage\"},\"thumbnailUrl\":\"https:\/\/rtt.ee\/wp-content\/uploads\/2025\/07\/sharp-logo-be-orginal-565x635-1-e1775030892216.jpg\",\"datePublished\":\"2026-04-01T08:12:07+00:00\",\"dateModified\":\"2026-04-01T11:03:08+00:00\",\"description\":\"Lai valik Sharp toonereid (mustad ja v\u00e4rvilised). Originaaltooted tagavad 100% \u00fchilduvuse ja optimaalse lehek\u00fclgede arvu. Leia sobiv mudel ja osta mugavalt!\",\"breadcrumb\":{\"@id\":\"https:\/\/rtt.ee\/en\/toode\/kulumaterjalid-en\/toonerid-en\/tooner-punane-sharp-bpc50gtma-8k\/#breadcrumb\"},\"inLanguage\":\"en-US\",\"potentialAction\":[{\"@type\":\"ReadAction\",\"target\":[\"https:\/\/rtt.ee\/en\/toode\/kulumaterjalid-en\/toonerid-en\/tooner-punane-sharp-bpc50gtma-8k\/\"]}]},{\"@type\":\"ImageObject\",\"inLanguage\":\"en-US\",\"@id\":\"https:\/\/rtt.ee\/en\/toode\/kulumaterjalid-en\/toonerid-en\/tooner-punane-sharp-bpc50gtma-8k\/#primaryimage\",\"url\":\"https:\/\/rtt.ee\/wp-content\/uploads\/2025\/07\/sharp-logo-be-orginal-565x635-1-e1775030892216.jpg\",\"contentUrl\":\"https:\/\/rtt.ee\/wp-content\/uploads\/2025\/07\/sharp-logo-be-orginal-565x635-1-e1775030892216.jpg\",\"width\":565,\"height\":635},{\"@type\":\"BreadcrumbList\",\"@id\":\"https:\/\/rtt.ee\/en\/toode\/kulumaterjalid-en\/toonerid-en\/tooner-punane-sharp-bpc50gtma-8k\/#breadcrumb\",\"itemListElement\":[{\"@type\":\"ListItem\",\"position\":1,\"name\":\"Home\",\"item\":\"https:\/\/rtt.ee\/en\/\"},{\"@type\":\"ListItem\",\"position\":2,\"name\":\"Shop\",\"item\":\"https:\/\/rtt.ee\/en\/shop\/\"},{\"@type\":\"ListItem\",\"position\":3,\"name\":\"Kulumaterjalid\",\"item\":\"https:\/\/rtt.ee\/tootekategooria\/kulumaterjalid\/\"},{\"@type\":\"ListItem\",\"position\":4,\"name\":\"Toonerid\",\"item\":\"https:\/\/rtt.ee\/tootekategooria\/kulumaterjalid\/toonerid\/\"},{\"@type\":\"ListItem\",\"position\":5,\"name\":\"Tooner punane SHARP BPC50GTMA 8k\"}]},{\"@type\":\"WebSite\",\"@id\":\"https:\/\/rtt.ee\/en\/#website\",\"url\":\"https:\/\/rtt.ee\/en\/\",\"name\":\"RTT\",\"description\":\"Kassaaparaadid ja kontorikaubad\",\"potentialAction\":[{\"@type\":\"SearchAction\",\"target\":{\"@type\":\"EntryPoint\",\"urlTemplate\":\"https:\/\/rtt.ee\/en\/?s={search_term_string}\"},\"query-input\":{\"@type\":\"PropertyValueSpecification\",\"valueRequired\":true,\"valueName\":\"search_term_string\"}}],\"inLanguage\":\"en-US\"}]}<\/script>\n<!-- \/ Yoast SEO plugin. -->","yoast_head_json":{"title":"Tooner punane SHARP BPC50GTMA 8k - RTT","description":"Lai valik Sharp toonereid (mustad ja v\u00e4rvilised). Originaaltooted tagavad 100% \u00fchilduvuse ja optimaalse lehek\u00fclgede arvu. Leia sobiv mudel ja osta mugavalt!","robots":{"index":"index","follow":"follow","max-snippet":"max-snippet:-1","max-image-preview":"max-image-preview:large","max-video-preview":"max-video-preview:-1"},"canonical":"https:\/\/rtt.ee\/en\/toode\/kulumaterjalid-en\/toonerid-en\/tooner-punane-sharp-bpc50gtma-8k\/","og_locale":"en_US","og_type":"article","og_title":"Tooner punane SHARP BPC50GTMA 8k - RTT","og_description":"Lai valik Sharp toonereid (mustad ja v\u00e4rvilised). Originaaltooted tagavad 100% \u00fchilduvuse ja optimaalse lehek\u00fclgede arvu. Leia sobiv mudel ja osta mugavalt!","og_url":"https:\/\/rtt.ee\/en\/toode\/kulumaterjalid-en\/toonerid-en\/tooner-punane-sharp-bpc50gtma-8k\/","og_site_name":"RTT","article_modified_time":"2026-04-01T11:03:08+00:00","og_image":[{"width":565,"height":635,"url":"https:\/\/rtt.ee\/wp-content\/uploads\/2025\/07\/sharp-logo-be-orginal-565x635-1-e1775030892216.jpg","type":"image\/jpeg"}],"twitter_card":"summary_large_image","twitter_misc":{"Est. reading time":"1 minute"},"schema":{"@context":"https:\/\/schema.org","@graph":[{"@type":"WebPage","@id":"https:\/\/rtt.ee\/en\/toode\/kulumaterjalid-en\/toonerid-en\/tooner-punane-sharp-bpc50gtma-8k\/","url":"https:\/\/rtt.ee\/en\/toode\/kulumaterjalid-en\/toonerid-en\/tooner-punane-sharp-bpc50gtma-8k\/","name":"Tooner punane SHARP BPC50GTMA 8k - RTT","isPartOf":{"@id":"https:\/\/rtt.ee\/en\/#website"},"primaryImageOfPage":{"@id":"https:\/\/rtt.ee\/en\/toode\/kulumaterjalid-en\/toonerid-en\/tooner-punane-sharp-bpc50gtma-8k\/#primaryimage"},"image":{"@id":"https:\/\/rtt.ee\/en\/toode\/kulumaterjalid-en\/toonerid-en\/tooner-punane-sharp-bpc50gtma-8k\/#primaryimage"},"thumbnailUrl":"https:\/\/rtt.ee\/wp-content\/uploads\/2025\/07\/sharp-logo-be-orginal-565x635-1-e1775030892216.jpg","datePublished":"2026-04-01T08:12:07+00:00","dateModified":"2026-04-01T11:03:08+00:00","description":"Lai valik Sharp toonereid (mustad ja v\u00e4rvilised). Originaaltooted tagavad 100% \u00fchilduvuse ja optimaalse lehek\u00fclgede arvu. Leia sobiv mudel ja osta mugavalt!","breadcrumb":{"@id":"https:\/\/rtt.ee\/en\/toode\/kulumaterjalid-en\/toonerid-en\/tooner-punane-sharp-bpc50gtma-8k\/#breadcrumb"},"inLanguage":"en-US","potentialAction":[{"@type":"ReadAction","target":["https:\/\/rtt.ee\/en\/toode\/kulumaterjalid-en\/toonerid-en\/tooner-punane-sharp-bpc50gtma-8k\/"]}]},{"@type":"ImageObject","inLanguage":"en-US","@id":"https:\/\/rtt.ee\/en\/toode\/kulumaterjalid-en\/toonerid-en\/tooner-punane-sharp-bpc50gtma-8k\/#primaryimage","url":"https:\/\/rtt.ee\/wp-content\/uploads\/2025\/07\/sharp-logo-be-orginal-565x635-1-e1775030892216.jpg","contentUrl":"https:\/\/rtt.ee\/wp-content\/uploads\/2025\/07\/sharp-logo-be-orginal-565x635-1-e1775030892216.jpg","width":565,"height":635},{"@type":"BreadcrumbList","@id":"https:\/\/rtt.ee\/en\/toode\/kulumaterjalid-en\/toonerid-en\/tooner-punane-sharp-bpc50gtma-8k\/#breadcrumb","itemListElement":[{"@type":"ListItem","position":1,"name":"Home","item":"https:\/\/rtt.ee\/en\/"},{"@type":"ListItem","position":2,"name":"Shop","item":"https:\/\/rtt.ee\/en\/shop\/"},{"@type":"ListItem","position":3,"name":"Kulumaterjalid","item":"https:\/\/rtt.ee\/tootekategooria\/kulumaterjalid\/"},{"@type":"ListItem","position":4,"name":"Toonerid","item":"https:\/\/rtt.ee\/tootekategooria\/kulumaterjalid\/toonerid\/"},{"@type":"ListItem","position":5,"name":"Tooner punane SHARP BPC50GTMA 8k"}]},{"@type":"WebSite","@id":"https:\/\/rtt.ee\/en\/#website","url":"https:\/\/rtt.ee\/en\/","name":"RTT","description":"Kassaaparaadid ja kontorikaubad","potentialAction":[{"@type":"SearchAction","target":{"@type":"EntryPoint","urlTemplate":"https:\/\/rtt.ee\/en\/?s={search_term_string}"},"query-input":{"@type":"PropertyValueSpecification","valueRequired":true,"valueName":"search_term_string"}}],"inLanguage":"en-US"}]}},"_links":{"self":[{"href":"https:\/\/rtt.ee\/en\/wp-json\/wp\/v2\/product\/17894","targetHints":{"allow":["GET"]}}],"collection":[{"href":"https:\/\/rtt.ee\/en\/wp-json\/wp\/v2\/product"}],"about":[{"href":"https:\/\/rtt.ee\/en\/wp-json\/wp\/v2\/types\/product"}],"wp:featuredmedia":[{"embeddable":true,"href":"https:\/\/rtt.ee\/en\/wp-json\/wp\/v2\/media\/12524"}],"wp:attachment":[{"href":"https:\/\/rtt.ee\/en\/wp-json\/wp\/v2\/media?parent=17894"}],"wp:term":[{"taxonomy":"product_brand","embeddable":true,"href":"https:\/\/rtt.ee\/en\/wp-json\/wp\/v2\/product_brand?post=17894"},{"taxonomy":"product_cat","embeddable":true,"href":"https:\/\/rtt.ee\/en\/wp-json\/wp\/v2\/product_cat?post=17894"},{"taxonomy":"product_tag","embeddable":true,"href":"https:\/\/rtt.ee\/en\/wp-json\/wp\/v2\/product_tag?post=17894"}],"curies":[{"name":"wp","href":"https:\/\/api.w.org\/{rel}","templated":true}]}}