{"id":17873,"date":"2025-12-22T17:26:06","date_gmt":"2025-12-22T15:26:06","guid":{"rendered":"https:\/\/rtt.ee\/toode\/uncategorized\/rendi-a4-laserprinter-sharp\/"},"modified":"2025-12-22T17:26:06","modified_gmt":"2025-12-22T15:26:06","slug":"rendi-a4-laserprinter-sharp","status":"publish","type":"product","link":"https:\/\/rtt.ee\/en\/toode\/seadmete-rent\/rendi-a4-laserprinter-sharp\/","title":{"rendered":"Rendi taastatud A4 laserprinter SHARP"},"content":{"rendered":"<p style=\"font-weight: 400\">Pakume l\u00fchiajalist renditeenust Sharp MX-B350P mustvalgele laserprinterile.<\/p>\n<p style=\"font-weight: 400\">Sobib ideaalselt ajutiseks kasutuseks kontorites, projektides, koolides v\u00f5i \u00fcritustel, kus on vaja kiiret ja t\u00f6\u00f6kindlat printimist.<\/p>\n<p><a href=\"https:\/\/www.sharp.eu\/sharp-mx-b450p\">Tehniline kirjeldus inglise keeles<\/a><\/p>\n","protected":false},"excerpt":{"rendered":"<p>Pakume l\u00fchiajalist renditeenust Sharp MX-B350P mustvalgele laserprinterile. Sobib ideaalselt ajutiseks kasutuseks kontorites, projektides, koolides v\u00f5i \u00fcritustel, kus on vaja kiiret ja t\u00f6\u00f6kindlat printimist. Tehniline kirjeldus inglise keeles<\/p>\n","protected":false},"featured_media":13586,"template":"","meta":{"_acf_changed":false},"product_brand":[],"product_cat":[420],"product_tag":[],"class_list":{"0":"post-17873","1":"product","2":"type-product","3":"status-publish","4":"has-post-thumbnail","6":"product_cat-seadmete-rent","7":"product_brands-sharp-office-printers","9":"first","10":"instock","11":"taxable","12":"shipping-taxable","13":"purchasable","14":"product-type-simple"},"acf":[],"yoast_head":"<!-- This site is optimized with the Yoast SEO plugin v26.2 - https:\/\/yoast.com\/wordpress\/plugins\/seo\/ -->\n<title>Rendi taastatud A4 laserprinter SHARP - RTT<\/title>\n<meta name=\"robots\" content=\"index, follow, max-snippet:-1, max-image-preview:large, max-video-preview:-1\" \/>\n<link rel=\"canonical\" href=\"https:\/\/rtt.ee\/en\/toode\/uncategorized\/rendi-a4-laserprinter-sharp\/\" \/>\n<meta property=\"og:locale\" content=\"en_US\" \/>\n<meta property=\"og:type\" content=\"article\" \/>\n<meta property=\"og:title\" content=\"Rendi taastatud A4 laserprinter SHARP - RTT\" \/>\n<meta property=\"og:description\" content=\"Pakume l\u00fchiajalist renditeenust Sharp MX-B350P mustvalgele laserprinterile. Sobib ideaalselt ajutiseks kasutuseks kontorites, projektides, koolides v\u00f5i \u00fcritustel, kus on vaja kiiret ja t\u00f6\u00f6kindlat printimist. Tehniline kirjeldus inglise keeles\" \/>\n<meta property=\"og:url\" content=\"https:\/\/rtt.ee\/en\/toode\/uncategorized\/rendi-a4-laserprinter-sharp\/\" \/>\n<meta property=\"og:site_name\" content=\"RTT\" \/>\n<meta property=\"og:image\" content=\"https:\/\/rtt.ee\/wp-content\/uploads\/2022\/01\/rtt_logo_350X350.jpg\" \/>\n\t<meta property=\"og:image:width\" content=\"350\" \/>\n\t<meta property=\"og:image:height\" content=\"350\" \/>\n\t<meta property=\"og:image:type\" content=\"image\/jpeg\" \/>\n<meta name=\"twitter:card\" content=\"summary_large_image\" \/>\n<script type=\"application\/ld+json\" class=\"yoast-schema-graph\">{\"@context\":\"https:\/\/schema.org\",\"@graph\":[{\"@type\":\"WebPage\",\"@id\":\"https:\/\/rtt.ee\/en\/toode\/uncategorized\/rendi-a4-laserprinter-sharp\/\",\"url\":\"https:\/\/rtt.ee\/en\/toode\/uncategorized\/rendi-a4-laserprinter-sharp\/\",\"name\":\"Rendi taastatud A4 laserprinter SHARP - RTT\",\"isPartOf\":{\"@id\":\"https:\/\/rtt.ee\/en\/#website\"},\"primaryImageOfPage\":{\"@id\":\"https:\/\/rtt.ee\/en\/toode\/uncategorized\/rendi-a4-laserprinter-sharp\/#primaryimage\"},\"image\":{\"@id\":\"https:\/\/rtt.ee\/en\/toode\/uncategorized\/rendi-a4-laserprinter-sharp\/#primaryimage\"},\"thumbnailUrl\":\"https:\/\/rtt.ee\/wp-content\/uploads\/2025\/10\/MXB350W.jpg\",\"datePublished\":\"2025-12-22T15:26:06+00:00\",\"breadcrumb\":{\"@id\":\"https:\/\/rtt.ee\/en\/toode\/uncategorized\/rendi-a4-laserprinter-sharp\/#breadcrumb\"},\"inLanguage\":\"en-US\",\"potentialAction\":[{\"@type\":\"ReadAction\",\"target\":[\"https:\/\/rtt.ee\/en\/toode\/uncategorized\/rendi-a4-laserprinter-sharp\/\"]}]},{\"@type\":\"ImageObject\",\"inLanguage\":\"en-US\",\"@id\":\"https:\/\/rtt.ee\/en\/toode\/uncategorized\/rendi-a4-laserprinter-sharp\/#primaryimage\",\"url\":\"https:\/\/rtt.ee\/wp-content\/uploads\/2025\/10\/MXB350W.jpg\",\"contentUrl\":\"https:\/\/rtt.ee\/wp-content\/uploads\/2025\/10\/MXB350W.jpg\",\"width\":810,\"height\":1000,\"caption\":\"MXB350W\"},{\"@type\":\"BreadcrumbList\",\"@id\":\"https:\/\/rtt.ee\/en\/toode\/uncategorized\/rendi-a4-laserprinter-sharp\/#breadcrumb\",\"itemListElement\":[{\"@type\":\"ListItem\",\"position\":1,\"name\":\"Home\",\"item\":\"https:\/\/rtt.ee\/en\/\"},{\"@type\":\"ListItem\",\"position\":2,\"name\":\"Shop\",\"item\":\"https:\/\/rtt.ee\/en\/shop\/\"},{\"@type\":\"ListItem\",\"position\":3,\"name\":\"Rendi taastatud A4 laserprinter SHARP\"}]},{\"@type\":\"WebSite\",\"@id\":\"https:\/\/rtt.ee\/en\/#website\",\"url\":\"https:\/\/rtt.ee\/en\/\",\"name\":\"RTT\",\"description\":\"Kassaaparaadid ja kontorikaubad\",\"potentialAction\":[{\"@type\":\"SearchAction\",\"target\":{\"@type\":\"EntryPoint\",\"urlTemplate\":\"https:\/\/rtt.ee\/en\/?s={search_term_string}\"},\"query-input\":{\"@type\":\"PropertyValueSpecification\",\"valueRequired\":true,\"valueName\":\"search_term_string\"}}],\"inLanguage\":\"en-US\"}]}<\/script>\n<!-- \/ Yoast SEO plugin. -->","yoast_head_json":{"title":"Rendi taastatud A4 laserprinter SHARP - RTT","robots":{"index":"index","follow":"follow","max-snippet":"max-snippet:-1","max-image-preview":"max-image-preview:large","max-video-preview":"max-video-preview:-1"},"canonical":"https:\/\/rtt.ee\/en\/toode\/uncategorized\/rendi-a4-laserprinter-sharp\/","og_locale":"en_US","og_type":"article","og_title":"Rendi taastatud A4 laserprinter SHARP - RTT","og_description":"Pakume l\u00fchiajalist renditeenust Sharp MX-B350P mustvalgele laserprinterile. Sobib ideaalselt ajutiseks kasutuseks kontorites, projektides, koolides v\u00f5i \u00fcritustel, kus on vaja kiiret ja t\u00f6\u00f6kindlat printimist. Tehniline kirjeldus inglise keeles","og_url":"https:\/\/rtt.ee\/en\/toode\/uncategorized\/rendi-a4-laserprinter-sharp\/","og_site_name":"RTT","og_image":[{"width":350,"height":350,"url":"https:\/\/rtt.ee\/wp-content\/uploads\/2022\/01\/rtt_logo_350X350.jpg","type":"image\/jpeg"}],"twitter_card":"summary_large_image","schema":{"@context":"https:\/\/schema.org","@graph":[{"@type":"WebPage","@id":"https:\/\/rtt.ee\/en\/toode\/uncategorized\/rendi-a4-laserprinter-sharp\/","url":"https:\/\/rtt.ee\/en\/toode\/uncategorized\/rendi-a4-laserprinter-sharp\/","name":"Rendi taastatud A4 laserprinter SHARP - RTT","isPartOf":{"@id":"https:\/\/rtt.ee\/en\/#website"},"primaryImageOfPage":{"@id":"https:\/\/rtt.ee\/en\/toode\/uncategorized\/rendi-a4-laserprinter-sharp\/#primaryimage"},"image":{"@id":"https:\/\/rtt.ee\/en\/toode\/uncategorized\/rendi-a4-laserprinter-sharp\/#primaryimage"},"thumbnailUrl":"https:\/\/rtt.ee\/wp-content\/uploads\/2025\/10\/MXB350W.jpg","datePublished":"2025-12-22T15:26:06+00:00","breadcrumb":{"@id":"https:\/\/rtt.ee\/en\/toode\/uncategorized\/rendi-a4-laserprinter-sharp\/#breadcrumb"},"inLanguage":"en-US","potentialAction":[{"@type":"ReadAction","target":["https:\/\/rtt.ee\/en\/toode\/uncategorized\/rendi-a4-laserprinter-sharp\/"]}]},{"@type":"ImageObject","inLanguage":"en-US","@id":"https:\/\/rtt.ee\/en\/toode\/uncategorized\/rendi-a4-laserprinter-sharp\/#primaryimage","url":"https:\/\/rtt.ee\/wp-content\/uploads\/2025\/10\/MXB350W.jpg","contentUrl":"https:\/\/rtt.ee\/wp-content\/uploads\/2025\/10\/MXB350W.jpg","width":810,"height":1000,"caption":"MXB350W"},{"@type":"BreadcrumbList","@id":"https:\/\/rtt.ee\/en\/toode\/uncategorized\/rendi-a4-laserprinter-sharp\/#breadcrumb","itemListElement":[{"@type":"ListItem","position":1,"name":"Home","item":"https:\/\/rtt.ee\/en\/"},{"@type":"ListItem","position":2,"name":"Shop","item":"https:\/\/rtt.ee\/en\/shop\/"},{"@type":"ListItem","position":3,"name":"Rendi taastatud A4 laserprinter SHARP"}]},{"@type":"WebSite","@id":"https:\/\/rtt.ee\/en\/#website","url":"https:\/\/rtt.ee\/en\/","name":"RTT","description":"Kassaaparaadid ja kontorikaubad","potentialAction":[{"@type":"SearchAction","target":{"@type":"EntryPoint","urlTemplate":"https:\/\/rtt.ee\/en\/?s={search_term_string}"},"query-input":{"@type":"PropertyValueSpecification","valueRequired":true,"valueName":"search_term_string"}}],"inLanguage":"en-US"}]}},"_links":{"self":[{"href":"https:\/\/rtt.ee\/en\/wp-json\/wp\/v2\/product\/17873","targetHints":{"allow":["GET"]}}],"collection":[{"href":"https:\/\/rtt.ee\/en\/wp-json\/wp\/v2\/product"}],"about":[{"href":"https:\/\/rtt.ee\/en\/wp-json\/wp\/v2\/types\/product"}],"wp:featuredmedia":[{"embeddable":true,"href":"https:\/\/rtt.ee\/en\/wp-json\/wp\/v2\/media\/13586"}],"wp:attachment":[{"href":"https:\/\/rtt.ee\/en\/wp-json\/wp\/v2\/media?parent=17873"}],"wp:term":[{"taxonomy":"product_brand","embeddable":true,"href":"https:\/\/rtt.ee\/en\/wp-json\/wp\/v2\/product_brand?post=17873"},{"taxonomy":"product_cat","embeddable":true,"href":"https:\/\/rtt.ee\/en\/wp-json\/wp\/v2\/product_cat?post=17873"},{"taxonomy":"product_tag","embeddable":true,"href":"https:\/\/rtt.ee\/en\/wp-json\/wp\/v2\/product_tag?post=17873"}],"curies":[{"name":"wp","href":"https:\/\/api.w.org\/{rel}","templated":true}]}}