{"id":17868,"date":"2025-12-22T17:06:31","date_gmt":"2025-12-22T15:06:31","guid":{"rendered":"https:\/\/rtt.ee\/toode\/uncategorized\/rendi-etiketiprinter-zebra-zt\/"},"modified":"2026-04-01T10:07:26","modified_gmt":"2026-04-01T07:07:26","slug":"rendi-etiketiprinter-zebra-zt","status":"publish","type":"product","link":"https:\/\/rtt.ee\/en\/toode\/seadmete-rent\/rendi-etiketiprinter-zebra-zt\/","title":{"rendered":"Rendi etiketiprinter ZEBRA ZT"},"content":{"rendered":"<p>Pakume renditeenusena v\u00f5imekat Zebra ZT\u2026 t\u00f6\u00f6stuslikku etiketiprinterit, mis sobib ettev\u00f5tetele, kes vajavad ajutiselt usaldusv\u00e4\u00e4rset ja kiiret lahendust logistika-, tootmis- v\u00f5i laot\u00f6\u00f6de jaoks.<\/p>\n<p>ZT&#8230; printer on suure j\u00f5udlusega, t\u00f6\u00f6kindel ning m\u00f5eldud kestma ka intensiivses kasutuses.<\/p>\n","protected":false},"excerpt":{"rendered":"<p>Pakume renditeenusena v\u00f5imekat Zebra ZT\u2026 t\u00f6\u00f6stuslikku etiketiprinterit, mis sobib ettev\u00f5tetele, kes vajavad ajutiselt usaldusv\u00e4\u00e4rset ja kiiret lahendust logistika-, tootmis- v\u00f5i laot\u00f6\u00f6de jaoks. ZT&#8230; printer on suure j\u00f5udlusega, t\u00f6\u00f6kindel ning m\u00f5eldud kestma ka intensiivses kasutuses.<\/p>\n","protected":false},"featured_media":9464,"template":"","meta":{"_acf_changed":false},"product_brand":[],"product_cat":[420],"product_tag":[],"class_list":{"0":"post-17868","1":"product","2":"type-product","3":"status-publish","4":"has-post-thumbnail","6":"product_cat-seadmete-rent","7":"product_brands-zebra-en","9":"first","10":"instock","11":"taxable","12":"shipping-taxable","13":"purchasable","14":"product-type-simple"},"acf":[],"yoast_head":"<!-- This site is optimized with the Yoast SEO plugin v26.2 - https:\/\/yoast.com\/wordpress\/plugins\/seo\/ -->\n<title>Rendi etiketiprinter ZEBRA ZT - RTT<\/title>\n<meta name=\"description\" content=\"ZT printer on suure j\u00f5udlusega, t\u00f6\u00f6kindel ning m\u00f5eldud kestma ka intensiivses kasutuses.\" \/>\n<meta name=\"robots\" content=\"index, follow, max-snippet:-1, max-image-preview:large, max-video-preview:-1\" \/>\n<link rel=\"canonical\" href=\"https:\/\/rtt.ee\/en\/toode\/seadmete-rent\/rendi-etiketiprinter-zebra-zt\/\" \/>\n<meta property=\"og:locale\" content=\"en_US\" \/>\n<meta property=\"og:type\" content=\"article\" \/>\n<meta property=\"og:title\" content=\"Rendi etiketiprinter ZEBRA ZT - RTT\" \/>\n<meta property=\"og:description\" content=\"ZT printer on suure j\u00f5udlusega, t\u00f6\u00f6kindel ning m\u00f5eldud kestma ka intensiivses kasutuses.\" \/>\n<meta property=\"og:url\" content=\"https:\/\/rtt.ee\/en\/toode\/seadmete-rent\/rendi-etiketiprinter-zebra-zt\/\" \/>\n<meta property=\"og:site_name\" content=\"RTT\" \/>\n<meta property=\"article:modified_time\" content=\"2026-04-01T07:07:26+00:00\" \/>\n<meta property=\"og:image\" content=\"https:\/\/rtt.ee\/wp-content\/uploads\/2018\/10\/zt231-e1773905425985.jpg\" \/>\n\t<meta property=\"og:image:width\" content=\"600\" \/>\n\t<meta property=\"og:image:height\" content=\"400\" \/>\n\t<meta property=\"og:image:type\" content=\"image\/jpeg\" \/>\n<meta name=\"twitter:card\" content=\"summary_large_image\" \/>\n<meta name=\"twitter:label1\" content=\"Est. reading time\" \/>\n\t<meta name=\"twitter:data1\" content=\"1 minute\" \/>\n<script type=\"application\/ld+json\" class=\"yoast-schema-graph\">{\"@context\":\"https:\/\/schema.org\",\"@graph\":[{\"@type\":\"WebPage\",\"@id\":\"https:\/\/rtt.ee\/en\/toode\/seadmete-rent\/rendi-etiketiprinter-zebra-zt\/\",\"url\":\"https:\/\/rtt.ee\/en\/toode\/seadmete-rent\/rendi-etiketiprinter-zebra-zt\/\",\"name\":\"Rendi etiketiprinter ZEBRA ZT - RTT\",\"isPartOf\":{\"@id\":\"https:\/\/rtt.ee\/en\/#website\"},\"primaryImageOfPage\":{\"@id\":\"https:\/\/rtt.ee\/en\/toode\/seadmete-rent\/rendi-etiketiprinter-zebra-zt\/#primaryimage\"},\"image\":{\"@id\":\"https:\/\/rtt.ee\/en\/toode\/seadmete-rent\/rendi-etiketiprinter-zebra-zt\/#primaryimage\"},\"thumbnailUrl\":\"https:\/\/rtt.ee\/wp-content\/uploads\/2018\/10\/zt231-e1773905425985.jpg\",\"datePublished\":\"2025-12-22T15:06:31+00:00\",\"dateModified\":\"2026-04-01T07:07:26+00:00\",\"description\":\"ZT printer on suure j\u00f5udlusega, t\u00f6\u00f6kindel ning m\u00f5eldud kestma ka intensiivses kasutuses.\",\"breadcrumb\":{\"@id\":\"https:\/\/rtt.ee\/en\/toode\/seadmete-rent\/rendi-etiketiprinter-zebra-zt\/#breadcrumb\"},\"inLanguage\":\"en-US\",\"potentialAction\":[{\"@type\":\"ReadAction\",\"target\":[\"https:\/\/rtt.ee\/en\/toode\/seadmete-rent\/rendi-etiketiprinter-zebra-zt\/\"]}]},{\"@type\":\"ImageObject\",\"inLanguage\":\"en-US\",\"@id\":\"https:\/\/rtt.ee\/en\/toode\/seadmete-rent\/rendi-etiketiprinter-zebra-zt\/#primaryimage\",\"url\":\"https:\/\/rtt.ee\/wp-content\/uploads\/2018\/10\/zt231-e1773905425985.jpg\",\"contentUrl\":\"https:\/\/rtt.ee\/wp-content\/uploads\/2018\/10\/zt231-e1773905425985.jpg\",\"width\":600,\"height\":400},{\"@type\":\"BreadcrumbList\",\"@id\":\"https:\/\/rtt.ee\/en\/toode\/seadmete-rent\/rendi-etiketiprinter-zebra-zt\/#breadcrumb\",\"itemListElement\":[{\"@type\":\"ListItem\",\"position\":1,\"name\":\"Home\",\"item\":\"https:\/\/rtt.ee\/en\/\"},{\"@type\":\"ListItem\",\"position\":2,\"name\":\"Shop\",\"item\":\"https:\/\/rtt.ee\/en\/shop\/\"},{\"@type\":\"ListItem\",\"position\":3,\"name\":\"Seadmete rent\",\"item\":\"https:\/\/rtt.ee\/tootekategooria\/seadmete-rent\/\"},{\"@type\":\"ListItem\",\"position\":4,\"name\":\"Rendi etiketiprinter ZEBRA ZT\"}]},{\"@type\":\"WebSite\",\"@id\":\"https:\/\/rtt.ee\/en\/#website\",\"url\":\"https:\/\/rtt.ee\/en\/\",\"name\":\"RTT\",\"description\":\"Kassaaparaadid ja kontorikaubad\",\"potentialAction\":[{\"@type\":\"SearchAction\",\"target\":{\"@type\":\"EntryPoint\",\"urlTemplate\":\"https:\/\/rtt.ee\/en\/?s={search_term_string}\"},\"query-input\":{\"@type\":\"PropertyValueSpecification\",\"valueRequired\":true,\"valueName\":\"search_term_string\"}}],\"inLanguage\":\"en-US\"}]}<\/script>\n<!-- \/ Yoast SEO plugin. -->","yoast_head_json":{"title":"Rendi etiketiprinter ZEBRA ZT - RTT","description":"ZT printer on suure j\u00f5udlusega, t\u00f6\u00f6kindel ning m\u00f5eldud kestma ka intensiivses kasutuses.","robots":{"index":"index","follow":"follow","max-snippet":"max-snippet:-1","max-image-preview":"max-image-preview:large","max-video-preview":"max-video-preview:-1"},"canonical":"https:\/\/rtt.ee\/en\/toode\/seadmete-rent\/rendi-etiketiprinter-zebra-zt\/","og_locale":"en_US","og_type":"article","og_title":"Rendi etiketiprinter ZEBRA ZT - RTT","og_description":"ZT printer on suure j\u00f5udlusega, t\u00f6\u00f6kindel ning m\u00f5eldud kestma ka intensiivses kasutuses.","og_url":"https:\/\/rtt.ee\/en\/toode\/seadmete-rent\/rendi-etiketiprinter-zebra-zt\/","og_site_name":"RTT","article_modified_time":"2026-04-01T07:07:26+00:00","og_image":[{"width":600,"height":400,"url":"https:\/\/rtt.ee\/wp-content\/uploads\/2018\/10\/zt231-e1773905425985.jpg","type":"image\/jpeg"}],"twitter_card":"summary_large_image","twitter_misc":{"Est. reading time":"1 minute"},"schema":{"@context":"https:\/\/schema.org","@graph":[{"@type":"WebPage","@id":"https:\/\/rtt.ee\/en\/toode\/seadmete-rent\/rendi-etiketiprinter-zebra-zt\/","url":"https:\/\/rtt.ee\/en\/toode\/seadmete-rent\/rendi-etiketiprinter-zebra-zt\/","name":"Rendi etiketiprinter ZEBRA ZT - RTT","isPartOf":{"@id":"https:\/\/rtt.ee\/en\/#website"},"primaryImageOfPage":{"@id":"https:\/\/rtt.ee\/en\/toode\/seadmete-rent\/rendi-etiketiprinter-zebra-zt\/#primaryimage"},"image":{"@id":"https:\/\/rtt.ee\/en\/toode\/seadmete-rent\/rendi-etiketiprinter-zebra-zt\/#primaryimage"},"thumbnailUrl":"https:\/\/rtt.ee\/wp-content\/uploads\/2018\/10\/zt231-e1773905425985.jpg","datePublished":"2025-12-22T15:06:31+00:00","dateModified":"2026-04-01T07:07:26+00:00","description":"ZT printer on suure j\u00f5udlusega, t\u00f6\u00f6kindel ning m\u00f5eldud kestma ka intensiivses kasutuses.","breadcrumb":{"@id":"https:\/\/rtt.ee\/en\/toode\/seadmete-rent\/rendi-etiketiprinter-zebra-zt\/#breadcrumb"},"inLanguage":"en-US","potentialAction":[{"@type":"ReadAction","target":["https:\/\/rtt.ee\/en\/toode\/seadmete-rent\/rendi-etiketiprinter-zebra-zt\/"]}]},{"@type":"ImageObject","inLanguage":"en-US","@id":"https:\/\/rtt.ee\/en\/toode\/seadmete-rent\/rendi-etiketiprinter-zebra-zt\/#primaryimage","url":"https:\/\/rtt.ee\/wp-content\/uploads\/2018\/10\/zt231-e1773905425985.jpg","contentUrl":"https:\/\/rtt.ee\/wp-content\/uploads\/2018\/10\/zt231-e1773905425985.jpg","width":600,"height":400},{"@type":"BreadcrumbList","@id":"https:\/\/rtt.ee\/en\/toode\/seadmete-rent\/rendi-etiketiprinter-zebra-zt\/#breadcrumb","itemListElement":[{"@type":"ListItem","position":1,"name":"Home","item":"https:\/\/rtt.ee\/en\/"},{"@type":"ListItem","position":2,"name":"Shop","item":"https:\/\/rtt.ee\/en\/shop\/"},{"@type":"ListItem","position":3,"name":"Seadmete rent","item":"https:\/\/rtt.ee\/tootekategooria\/seadmete-rent\/"},{"@type":"ListItem","position":4,"name":"Rendi etiketiprinter ZEBRA ZT"}]},{"@type":"WebSite","@id":"https:\/\/rtt.ee\/en\/#website","url":"https:\/\/rtt.ee\/en\/","name":"RTT","description":"Kassaaparaadid ja kontorikaubad","potentialAction":[{"@type":"SearchAction","target":{"@type":"EntryPoint","urlTemplate":"https:\/\/rtt.ee\/en\/?s={search_term_string}"},"query-input":{"@type":"PropertyValueSpecification","valueRequired":true,"valueName":"search_term_string"}}],"inLanguage":"en-US"}]}},"_links":{"self":[{"href":"https:\/\/rtt.ee\/en\/wp-json\/wp\/v2\/product\/17868","targetHints":{"allow":["GET"]}}],"collection":[{"href":"https:\/\/rtt.ee\/en\/wp-json\/wp\/v2\/product"}],"about":[{"href":"https:\/\/rtt.ee\/en\/wp-json\/wp\/v2\/types\/product"}],"wp:featuredmedia":[{"embeddable":true,"href":"https:\/\/rtt.ee\/en\/wp-json\/wp\/v2\/media\/9464"}],"wp:attachment":[{"href":"https:\/\/rtt.ee\/en\/wp-json\/wp\/v2\/media?parent=17868"}],"wp:term":[{"taxonomy":"product_brand","embeddable":true,"href":"https:\/\/rtt.ee\/en\/wp-json\/wp\/v2\/product_brand?post=17868"},{"taxonomy":"product_cat","embeddable":true,"href":"https:\/\/rtt.ee\/en\/wp-json\/wp\/v2\/product_cat?post=17868"},{"taxonomy":"product_tag","embeddable":true,"href":"https:\/\/rtt.ee\/en\/wp-json\/wp\/v2\/product_tag?post=17868"}],"curies":[{"name":"wp","href":"https:\/\/api.w.org\/{rel}","templated":true}]}}