{"id":17863,"date":"2025-12-22T17:21:32","date_gmt":"2025-12-22T15:21:32","guid":{"rendered":"https:\/\/rtt.ee\/toode\/uncategorized\/rendi-interaktiivne-ekraan-60-sharp\/"},"modified":"2026-04-01T10:01:52","modified_gmt":"2026-04-01T07:01:52","slug":"rendi-interaktiivne-ekraan-60-sharp","status":"publish","type":"product","link":"https:\/\/rtt.ee\/en\/toode\/seadmete-rent\/rendi-interaktiivne-ekraan-60-sharp\/","title":{"rendered":"Rendi interaktiivne ekraan 60&#8243; SHARP"},"content":{"rendered":"<p>Pakume renditeenusena\u00a0<strong>Sharp PN\u201160TA3<\/strong>\u00a0interaktiivset 60\u2011tolline ekraani, mis on ideaalne lahendus koosolekute, koolituste, seminaride, messide ja esitlusteks.<\/p>\n<p>PN\u201160TA3 \u00fchendab\u00a0<strong>k\u00f5rglahutusega pildi<\/strong><b>,\u00a0<\/b><strong>puutefunktsionaalsuse<\/strong><b>\u00a0ja\u00a0<\/b><strong>lihtsa \u00fchenduvuse<\/strong>, v\u00f5imaldades interaktiivset ja kaasahaaravat koost\u00f6\u00f6d.<\/p>\n<p><a href=\"https:\/\/rtt.ee\/en\/toode\/maaramata-en\/sharp-pn-60ta3-whiteboard\/\">Tutvu tootega<\/a><\/p>\n<p>&nbsp;<\/p>\n","protected":false},"excerpt":{"rendered":"<p>Pakume renditeenusena\u00a0Sharp PN\u201160TA3\u00a0interaktiivset 60\u2011tolline ekraani, mis on ideaalne lahendus koosolekute, koolituste, seminaride, messide ja esitlusteks. PN\u201160TA3 \u00fchendab\u00a0k\u00f5rglahutusega pildi,\u00a0puutefunktsionaalsuse\u00a0ja\u00a0lihtsa \u00fchenduvuse, v\u00f5imaldades interaktiivset ja kaasahaaravat koost\u00f6\u00f6d. Tutvu tootega &nbsp;<\/p>\n","protected":false},"featured_media":17866,"template":"","meta":{"_acf_changed":false},"product_brand":[],"product_cat":[420],"product_tag":[],"class_list":{"0":"post-17863","1":"product","2":"type-product","3":"status-publish","4":"has-post-thumbnail","6":"product_cat-seadmete-rent","7":"product_brands-sharp-office-printers","9":"first","10":"instock","11":"taxable","12":"shipping-taxable","13":"purchasable","14":"product-type-simple"},"acf":[],"yoast_head":"<!-- This site is optimized with the Yoast SEO plugin v26.2 - https:\/\/yoast.com\/wordpress\/plugins\/seo\/ -->\n<title>Rendi interaktiivne ekraan 60&quot; SHARP - RTT<\/title>\n<meta name=\"description\" content=\"Pakume renditeenusena Sharp PN\u201160TA3 interaktiivset 60\u2011tolline ekraani, mis on ideaalne lahendus koosolekute, koolituste, seminaride, messide ja esitlusteks\" \/>\n<meta name=\"robots\" content=\"index, follow, max-snippet:-1, max-image-preview:large, max-video-preview:-1\" \/>\n<link rel=\"canonical\" href=\"https:\/\/rtt.ee\/en\/toode\/seadmete-rent\/rendi-interaktiivne-ekraan-60-sharp\/\" \/>\n<meta property=\"og:locale\" content=\"en_US\" \/>\n<meta property=\"og:type\" content=\"article\" \/>\n<meta property=\"og:title\" content=\"Rendi interaktiivne ekraan 60&quot; SHARP - RTT\" \/>\n<meta property=\"og:description\" content=\"Pakume renditeenusena Sharp PN\u201160TA3 interaktiivset 60\u2011tolline ekraani, mis on ideaalne lahendus koosolekute, koolituste, seminaride, messide ja esitlusteks\" \/>\n<meta property=\"og:url\" content=\"https:\/\/rtt.ee\/en\/toode\/seadmete-rent\/rendi-interaktiivne-ekraan-60-sharp\/\" \/>\n<meta property=\"og:site_name\" content=\"RTT\" \/>\n<meta property=\"article:modified_time\" content=\"2026-04-01T07:01:52+00:00\" \/>\n<meta property=\"og:image\" content=\"https:\/\/rtt.ee\/wp-content\/uploads\/2025\/12\/PN60TA3-1.jpg\" \/>\n\t<meta property=\"og:image:width\" content=\"898\" \/>\n\t<meta property=\"og:image:height\" content=\"550\" \/>\n\t<meta property=\"og:image:type\" content=\"image\/jpeg\" \/>\n<meta name=\"twitter:card\" content=\"summary_large_image\" \/>\n<meta name=\"twitter:label1\" content=\"Est. reading time\" \/>\n\t<meta name=\"twitter:data1\" content=\"1 minute\" \/>\n<script type=\"application\/ld+json\" class=\"yoast-schema-graph\">{\"@context\":\"https:\/\/schema.org\",\"@graph\":[{\"@type\":\"WebPage\",\"@id\":\"https:\/\/rtt.ee\/en\/toode\/seadmete-rent\/rendi-interaktiivne-ekraan-60-sharp\/\",\"url\":\"https:\/\/rtt.ee\/en\/toode\/seadmete-rent\/rendi-interaktiivne-ekraan-60-sharp\/\",\"name\":\"Rendi interaktiivne ekraan 60\\\" SHARP - RTT\",\"isPartOf\":{\"@id\":\"https:\/\/rtt.ee\/en\/#website\"},\"primaryImageOfPage\":{\"@id\":\"https:\/\/rtt.ee\/en\/toode\/seadmete-rent\/rendi-interaktiivne-ekraan-60-sharp\/#primaryimage\"},\"image\":{\"@id\":\"https:\/\/rtt.ee\/en\/toode\/seadmete-rent\/rendi-interaktiivne-ekraan-60-sharp\/#primaryimage\"},\"thumbnailUrl\":\"https:\/\/rtt.ee\/wp-content\/uploads\/2025\/12\/PN60TA3-1.jpg\",\"datePublished\":\"2025-12-22T15:21:32+00:00\",\"dateModified\":\"2026-04-01T07:01:52+00:00\",\"description\":\"Pakume renditeenusena Sharp PN\u201160TA3 interaktiivset 60\u2011tolline ekraani, mis on ideaalne lahendus koosolekute, koolituste, seminaride, messide ja esitlusteks\",\"breadcrumb\":{\"@id\":\"https:\/\/rtt.ee\/en\/toode\/seadmete-rent\/rendi-interaktiivne-ekraan-60-sharp\/#breadcrumb\"},\"inLanguage\":\"en-US\",\"potentialAction\":[{\"@type\":\"ReadAction\",\"target\":[\"https:\/\/rtt.ee\/en\/toode\/seadmete-rent\/rendi-interaktiivne-ekraan-60-sharp\/\"]}]},{\"@type\":\"ImageObject\",\"inLanguage\":\"en-US\",\"@id\":\"https:\/\/rtt.ee\/en\/toode\/seadmete-rent\/rendi-interaktiivne-ekraan-60-sharp\/#primaryimage\",\"url\":\"https:\/\/rtt.ee\/wp-content\/uploads\/2025\/12\/PN60TA3-1.jpg\",\"contentUrl\":\"https:\/\/rtt.ee\/wp-content\/uploads\/2025\/12\/PN60TA3-1.jpg\",\"width\":898,\"height\":550},{\"@type\":\"BreadcrumbList\",\"@id\":\"https:\/\/rtt.ee\/en\/toode\/seadmete-rent\/rendi-interaktiivne-ekraan-60-sharp\/#breadcrumb\",\"itemListElement\":[{\"@type\":\"ListItem\",\"position\":1,\"name\":\"Home\",\"item\":\"https:\/\/rtt.ee\/en\/\"},{\"@type\":\"ListItem\",\"position\":2,\"name\":\"Shop\",\"item\":\"https:\/\/rtt.ee\/en\/shop\/\"},{\"@type\":\"ListItem\",\"position\":3,\"name\":\"Seadmete rent\",\"item\":\"https:\/\/rtt.ee\/tootekategooria\/seadmete-rent\/\"},{\"@type\":\"ListItem\",\"position\":4,\"name\":\"Rendi interaktiivne ekraan 60&#8243; SHARP\"}]},{\"@type\":\"WebSite\",\"@id\":\"https:\/\/rtt.ee\/en\/#website\",\"url\":\"https:\/\/rtt.ee\/en\/\",\"name\":\"RTT\",\"description\":\"Kassaaparaadid ja kontorikaubad\",\"potentialAction\":[{\"@type\":\"SearchAction\",\"target\":{\"@type\":\"EntryPoint\",\"urlTemplate\":\"https:\/\/rtt.ee\/en\/?s={search_term_string}\"},\"query-input\":{\"@type\":\"PropertyValueSpecification\",\"valueRequired\":true,\"valueName\":\"search_term_string\"}}],\"inLanguage\":\"en-US\"}]}<\/script>\n<!-- \/ Yoast SEO plugin. -->","yoast_head_json":{"title":"Rendi interaktiivne ekraan 60\" SHARP - RTT","description":"Pakume renditeenusena Sharp PN\u201160TA3 interaktiivset 60\u2011tolline ekraani, mis on ideaalne lahendus koosolekute, koolituste, seminaride, messide ja esitlusteks","robots":{"index":"index","follow":"follow","max-snippet":"max-snippet:-1","max-image-preview":"max-image-preview:large","max-video-preview":"max-video-preview:-1"},"canonical":"https:\/\/rtt.ee\/en\/toode\/seadmete-rent\/rendi-interaktiivne-ekraan-60-sharp\/","og_locale":"en_US","og_type":"article","og_title":"Rendi interaktiivne ekraan 60\" SHARP - RTT","og_description":"Pakume renditeenusena Sharp PN\u201160TA3 interaktiivset 60\u2011tolline ekraani, mis on ideaalne lahendus koosolekute, koolituste, seminaride, messide ja esitlusteks","og_url":"https:\/\/rtt.ee\/en\/toode\/seadmete-rent\/rendi-interaktiivne-ekraan-60-sharp\/","og_site_name":"RTT","article_modified_time":"2026-04-01T07:01:52+00:00","og_image":[{"width":898,"height":550,"url":"https:\/\/rtt.ee\/wp-content\/uploads\/2025\/12\/PN60TA3-1.jpg","type":"image\/jpeg"}],"twitter_card":"summary_large_image","twitter_misc":{"Est. reading time":"1 minute"},"schema":{"@context":"https:\/\/schema.org","@graph":[{"@type":"WebPage","@id":"https:\/\/rtt.ee\/en\/toode\/seadmete-rent\/rendi-interaktiivne-ekraan-60-sharp\/","url":"https:\/\/rtt.ee\/en\/toode\/seadmete-rent\/rendi-interaktiivne-ekraan-60-sharp\/","name":"Rendi interaktiivne ekraan 60\" SHARP - RTT","isPartOf":{"@id":"https:\/\/rtt.ee\/en\/#website"},"primaryImageOfPage":{"@id":"https:\/\/rtt.ee\/en\/toode\/seadmete-rent\/rendi-interaktiivne-ekraan-60-sharp\/#primaryimage"},"image":{"@id":"https:\/\/rtt.ee\/en\/toode\/seadmete-rent\/rendi-interaktiivne-ekraan-60-sharp\/#primaryimage"},"thumbnailUrl":"https:\/\/rtt.ee\/wp-content\/uploads\/2025\/12\/PN60TA3-1.jpg","datePublished":"2025-12-22T15:21:32+00:00","dateModified":"2026-04-01T07:01:52+00:00","description":"Pakume renditeenusena Sharp PN\u201160TA3 interaktiivset 60\u2011tolline ekraani, mis on ideaalne lahendus koosolekute, koolituste, seminaride, messide ja esitlusteks","breadcrumb":{"@id":"https:\/\/rtt.ee\/en\/toode\/seadmete-rent\/rendi-interaktiivne-ekraan-60-sharp\/#breadcrumb"},"inLanguage":"en-US","potentialAction":[{"@type":"ReadAction","target":["https:\/\/rtt.ee\/en\/toode\/seadmete-rent\/rendi-interaktiivne-ekraan-60-sharp\/"]}]},{"@type":"ImageObject","inLanguage":"en-US","@id":"https:\/\/rtt.ee\/en\/toode\/seadmete-rent\/rendi-interaktiivne-ekraan-60-sharp\/#primaryimage","url":"https:\/\/rtt.ee\/wp-content\/uploads\/2025\/12\/PN60TA3-1.jpg","contentUrl":"https:\/\/rtt.ee\/wp-content\/uploads\/2025\/12\/PN60TA3-1.jpg","width":898,"height":550},{"@type":"BreadcrumbList","@id":"https:\/\/rtt.ee\/en\/toode\/seadmete-rent\/rendi-interaktiivne-ekraan-60-sharp\/#breadcrumb","itemListElement":[{"@type":"ListItem","position":1,"name":"Home","item":"https:\/\/rtt.ee\/en\/"},{"@type":"ListItem","position":2,"name":"Shop","item":"https:\/\/rtt.ee\/en\/shop\/"},{"@type":"ListItem","position":3,"name":"Seadmete rent","item":"https:\/\/rtt.ee\/tootekategooria\/seadmete-rent\/"},{"@type":"ListItem","position":4,"name":"Rendi interaktiivne ekraan 60&#8243; SHARP"}]},{"@type":"WebSite","@id":"https:\/\/rtt.ee\/en\/#website","url":"https:\/\/rtt.ee\/en\/","name":"RTT","description":"Kassaaparaadid ja kontorikaubad","potentialAction":[{"@type":"SearchAction","target":{"@type":"EntryPoint","urlTemplate":"https:\/\/rtt.ee\/en\/?s={search_term_string}"},"query-input":{"@type":"PropertyValueSpecification","valueRequired":true,"valueName":"search_term_string"}}],"inLanguage":"en-US"}]}},"_links":{"self":[{"href":"https:\/\/rtt.ee\/en\/wp-json\/wp\/v2\/product\/17863","targetHints":{"allow":["GET"]}}],"collection":[{"href":"https:\/\/rtt.ee\/en\/wp-json\/wp\/v2\/product"}],"about":[{"href":"https:\/\/rtt.ee\/en\/wp-json\/wp\/v2\/types\/product"}],"wp:featuredmedia":[{"embeddable":true,"href":"https:\/\/rtt.ee\/en\/wp-json\/wp\/v2\/media\/17866"}],"wp:attachment":[{"href":"https:\/\/rtt.ee\/en\/wp-json\/wp\/v2\/media?parent=17863"}],"wp:term":[{"taxonomy":"product_brand","embeddable":true,"href":"https:\/\/rtt.ee\/en\/wp-json\/wp\/v2\/product_brand?post=17863"},{"taxonomy":"product_cat","embeddable":true,"href":"https:\/\/rtt.ee\/en\/wp-json\/wp\/v2\/product_cat?post=17863"},{"taxonomy":"product_tag","embeddable":true,"href":"https:\/\/rtt.ee\/en\/wp-json\/wp\/v2\/product_tag?post=17863"}],"curies":[{"name":"wp","href":"https:\/\/api.w.org\/{rel}","templated":true}]}}