{"id":17861,"date":"2025-12-22T17:10:02","date_gmt":"2025-12-22T15:10:02","guid":{"rendered":"https:\/\/rtt.ee\/toode\/uncategorized\/rendi-skanner-zebra-ds\/"},"modified":"2026-04-01T09:59:25","modified_gmt":"2026-04-01T06:59:25","slug":"rendi-skanner-zebra-ds","status":"publish","type":"product","link":"https:\/\/rtt.ee\/en\/toode\/seadmete-rent\/rendi-skanner-zebra-ds\/","title":{"rendered":"Rendi sk\u00e4nner Zebra DS"},"content":{"rendered":"<p>Pakume renditeenusena usaldusv\u00e4\u00e4rset Zebra DS2278 juhtmevaba v\u00f6\u00f6tkoodisk\u00e4nnerit, mis on mugav ja t\u00f5hus lahendus kassas\u00fcsteemidele, laoarvestusele, inventuurile ning \u00fcritustel registreerimiseks.<\/p>\n<p>DS2278 on kiire, t\u00e4pne ja t\u00f6\u00f6tab mugava Bluetooth-\u00fchendusega, mis v\u00f5imaldab skaneerida ilma kaablite ja liikumispiiranguteta.<\/p>\n","protected":false},"excerpt":{"rendered":"<p>Pakume renditeenusena usaldusv\u00e4\u00e4rset Zebra DS2278 juhtmevaba v\u00f6\u00f6tkoodisk\u00e4nnerit, mis on mugav ja t\u00f5hus lahendus kassas\u00fcsteemidele, laoarvestusele, inventuurile ning \u00fcritustel registreerimiseks. DS2278 on kiire, t\u00e4pne ja t\u00f6\u00f6tab mugava Bluetooth-\u00fchendusega, mis v\u00f5imaldab skaneerida ilma kaablite ja liikumispiiranguteta.<\/p>\n","protected":false},"featured_media":17859,"template":"","meta":{"_acf_changed":false},"product_brand":[],"product_cat":[420],"product_tag":[],"class_list":{"0":"post-17861","1":"product","2":"type-product","3":"status-publish","4":"has-post-thumbnail","6":"product_cat-seadmete-rent","7":"product_brands-zebra-en","9":"first","10":"instock","11":"taxable","12":"shipping-taxable","13":"purchasable","14":"product-type-simple"},"acf":[],"yoast_head":"<!-- This site is optimized with the Yoast SEO plugin v26.2 - https:\/\/yoast.com\/wordpress\/plugins\/seo\/ -->\n<title>Rendi sk\u00e4nner Zebra DS - RTT<\/title>\n<meta name=\"description\" content=\"Pakume renditeenusena usaldusv\u00e4\u00e4rset Zebra DS2278 juhtmevaba v\u00f6\u00f6tkoodisk\u00e4nnerit, mis on mugav ja t\u00f5hus lahendus kassas\u00fcsteemidele, laoarvestusele, inventuurile\" \/>\n<meta name=\"robots\" content=\"index, follow, max-snippet:-1, max-image-preview:large, max-video-preview:-1\" \/>\n<link rel=\"canonical\" href=\"https:\/\/rtt.ee\/en\/toode\/seadmete-rent\/rendi-skanner-zebra-ds\/\" \/>\n<meta property=\"og:locale\" content=\"en_US\" \/>\n<meta property=\"og:type\" content=\"article\" \/>\n<meta property=\"og:title\" content=\"Rendi sk\u00e4nner Zebra DS - RTT\" \/>\n<meta property=\"og:description\" content=\"Pakume renditeenusena usaldusv\u00e4\u00e4rset Zebra DS2278 juhtmevaba v\u00f6\u00f6tkoodisk\u00e4nnerit, mis on mugav ja t\u00f5hus lahendus kassas\u00fcsteemidele, laoarvestusele, inventuurile\" \/>\n<meta property=\"og:url\" content=\"https:\/\/rtt.ee\/en\/toode\/seadmete-rent\/rendi-skanner-zebra-ds\/\" \/>\n<meta property=\"og:site_name\" content=\"RTT\" \/>\n<meta property=\"article:modified_time\" content=\"2026-04-01T06:59:25+00:00\" \/>\n<meta property=\"og:image\" content=\"https:\/\/rtt.ee\/wp-content\/uploads\/2025\/12\/ds2278.jpg\" \/>\n\t<meta property=\"og:image:width\" content=\"2067\" \/>\n\t<meta property=\"og:image:height\" content=\"2293\" \/>\n\t<meta property=\"og:image:type\" content=\"image\/jpeg\" \/>\n<meta name=\"twitter:card\" content=\"summary_large_image\" \/>\n<meta name=\"twitter:label1\" content=\"Est. reading time\" \/>\n\t<meta name=\"twitter:data1\" content=\"1 minute\" \/>\n<script type=\"application\/ld+json\" class=\"yoast-schema-graph\">{\"@context\":\"https:\/\/schema.org\",\"@graph\":[{\"@type\":\"WebPage\",\"@id\":\"https:\/\/rtt.ee\/en\/toode\/seadmete-rent\/rendi-skanner-zebra-ds\/\",\"url\":\"https:\/\/rtt.ee\/en\/toode\/seadmete-rent\/rendi-skanner-zebra-ds\/\",\"name\":\"Rendi sk\u00e4nner Zebra DS - RTT\",\"isPartOf\":{\"@id\":\"https:\/\/rtt.ee\/en\/#website\"},\"primaryImageOfPage\":{\"@id\":\"https:\/\/rtt.ee\/en\/toode\/seadmete-rent\/rendi-skanner-zebra-ds\/#primaryimage\"},\"image\":{\"@id\":\"https:\/\/rtt.ee\/en\/toode\/seadmete-rent\/rendi-skanner-zebra-ds\/#primaryimage\"},\"thumbnailUrl\":\"https:\/\/rtt.ee\/wp-content\/uploads\/2025\/12\/ds2278.jpg\",\"datePublished\":\"2025-12-22T15:10:02+00:00\",\"dateModified\":\"2026-04-01T06:59:25+00:00\",\"description\":\"Pakume renditeenusena usaldusv\u00e4\u00e4rset Zebra DS2278 juhtmevaba v\u00f6\u00f6tkoodisk\u00e4nnerit, mis on mugav ja t\u00f5hus lahendus kassas\u00fcsteemidele, laoarvestusele, inventuurile\",\"breadcrumb\":{\"@id\":\"https:\/\/rtt.ee\/en\/toode\/seadmete-rent\/rendi-skanner-zebra-ds\/#breadcrumb\"},\"inLanguage\":\"en-US\",\"potentialAction\":[{\"@type\":\"ReadAction\",\"target\":[\"https:\/\/rtt.ee\/en\/toode\/seadmete-rent\/rendi-skanner-zebra-ds\/\"]}]},{\"@type\":\"ImageObject\",\"inLanguage\":\"en-US\",\"@id\":\"https:\/\/rtt.ee\/en\/toode\/seadmete-rent\/rendi-skanner-zebra-ds\/#primaryimage\",\"url\":\"https:\/\/rtt.ee\/wp-content\/uploads\/2025\/12\/ds2278.jpg\",\"contentUrl\":\"https:\/\/rtt.ee\/wp-content\/uploads\/2025\/12\/ds2278.jpg\",\"width\":2067,\"height\":2293},{\"@type\":\"BreadcrumbList\",\"@id\":\"https:\/\/rtt.ee\/en\/toode\/seadmete-rent\/rendi-skanner-zebra-ds\/#breadcrumb\",\"itemListElement\":[{\"@type\":\"ListItem\",\"position\":1,\"name\":\"Home\",\"item\":\"https:\/\/rtt.ee\/en\/\"},{\"@type\":\"ListItem\",\"position\":2,\"name\":\"Shop\",\"item\":\"https:\/\/rtt.ee\/en\/shop\/\"},{\"@type\":\"ListItem\",\"position\":3,\"name\":\"Seadmete rent\",\"item\":\"https:\/\/rtt.ee\/tootekategooria\/seadmete-rent\/\"},{\"@type\":\"ListItem\",\"position\":4,\"name\":\"Rendi sk\u00e4nner Zebra DS\"}]},{\"@type\":\"WebSite\",\"@id\":\"https:\/\/rtt.ee\/en\/#website\",\"url\":\"https:\/\/rtt.ee\/en\/\",\"name\":\"RTT\",\"description\":\"Kassaaparaadid ja kontorikaubad\",\"potentialAction\":[{\"@type\":\"SearchAction\",\"target\":{\"@type\":\"EntryPoint\",\"urlTemplate\":\"https:\/\/rtt.ee\/en\/?s={search_term_string}\"},\"query-input\":{\"@type\":\"PropertyValueSpecification\",\"valueRequired\":true,\"valueName\":\"search_term_string\"}}],\"inLanguage\":\"en-US\"}]}<\/script>\n<!-- \/ Yoast SEO plugin. -->","yoast_head_json":{"title":"Rendi sk\u00e4nner Zebra DS - RTT","description":"Pakume renditeenusena usaldusv\u00e4\u00e4rset Zebra DS2278 juhtmevaba v\u00f6\u00f6tkoodisk\u00e4nnerit, mis on mugav ja t\u00f5hus lahendus kassas\u00fcsteemidele, laoarvestusele, inventuurile","robots":{"index":"index","follow":"follow","max-snippet":"max-snippet:-1","max-image-preview":"max-image-preview:large","max-video-preview":"max-video-preview:-1"},"canonical":"https:\/\/rtt.ee\/en\/toode\/seadmete-rent\/rendi-skanner-zebra-ds\/","og_locale":"en_US","og_type":"article","og_title":"Rendi sk\u00e4nner Zebra DS - RTT","og_description":"Pakume renditeenusena usaldusv\u00e4\u00e4rset Zebra DS2278 juhtmevaba v\u00f6\u00f6tkoodisk\u00e4nnerit, mis on mugav ja t\u00f5hus lahendus kassas\u00fcsteemidele, laoarvestusele, inventuurile","og_url":"https:\/\/rtt.ee\/en\/toode\/seadmete-rent\/rendi-skanner-zebra-ds\/","og_site_name":"RTT","article_modified_time":"2026-04-01T06:59:25+00:00","og_image":[{"width":2067,"height":2293,"url":"https:\/\/rtt.ee\/wp-content\/uploads\/2025\/12\/ds2278.jpg","type":"image\/jpeg"}],"twitter_card":"summary_large_image","twitter_misc":{"Est. reading time":"1 minute"},"schema":{"@context":"https:\/\/schema.org","@graph":[{"@type":"WebPage","@id":"https:\/\/rtt.ee\/en\/toode\/seadmete-rent\/rendi-skanner-zebra-ds\/","url":"https:\/\/rtt.ee\/en\/toode\/seadmete-rent\/rendi-skanner-zebra-ds\/","name":"Rendi sk\u00e4nner Zebra DS - RTT","isPartOf":{"@id":"https:\/\/rtt.ee\/en\/#website"},"primaryImageOfPage":{"@id":"https:\/\/rtt.ee\/en\/toode\/seadmete-rent\/rendi-skanner-zebra-ds\/#primaryimage"},"image":{"@id":"https:\/\/rtt.ee\/en\/toode\/seadmete-rent\/rendi-skanner-zebra-ds\/#primaryimage"},"thumbnailUrl":"https:\/\/rtt.ee\/wp-content\/uploads\/2025\/12\/ds2278.jpg","datePublished":"2025-12-22T15:10:02+00:00","dateModified":"2026-04-01T06:59:25+00:00","description":"Pakume renditeenusena usaldusv\u00e4\u00e4rset Zebra DS2278 juhtmevaba v\u00f6\u00f6tkoodisk\u00e4nnerit, mis on mugav ja t\u00f5hus lahendus kassas\u00fcsteemidele, laoarvestusele, inventuurile","breadcrumb":{"@id":"https:\/\/rtt.ee\/en\/toode\/seadmete-rent\/rendi-skanner-zebra-ds\/#breadcrumb"},"inLanguage":"en-US","potentialAction":[{"@type":"ReadAction","target":["https:\/\/rtt.ee\/en\/toode\/seadmete-rent\/rendi-skanner-zebra-ds\/"]}]},{"@type":"ImageObject","inLanguage":"en-US","@id":"https:\/\/rtt.ee\/en\/toode\/seadmete-rent\/rendi-skanner-zebra-ds\/#primaryimage","url":"https:\/\/rtt.ee\/wp-content\/uploads\/2025\/12\/ds2278.jpg","contentUrl":"https:\/\/rtt.ee\/wp-content\/uploads\/2025\/12\/ds2278.jpg","width":2067,"height":2293},{"@type":"BreadcrumbList","@id":"https:\/\/rtt.ee\/en\/toode\/seadmete-rent\/rendi-skanner-zebra-ds\/#breadcrumb","itemListElement":[{"@type":"ListItem","position":1,"name":"Home","item":"https:\/\/rtt.ee\/en\/"},{"@type":"ListItem","position":2,"name":"Shop","item":"https:\/\/rtt.ee\/en\/shop\/"},{"@type":"ListItem","position":3,"name":"Seadmete rent","item":"https:\/\/rtt.ee\/tootekategooria\/seadmete-rent\/"},{"@type":"ListItem","position":4,"name":"Rendi sk\u00e4nner Zebra DS"}]},{"@type":"WebSite","@id":"https:\/\/rtt.ee\/en\/#website","url":"https:\/\/rtt.ee\/en\/","name":"RTT","description":"Kassaaparaadid ja kontorikaubad","potentialAction":[{"@type":"SearchAction","target":{"@type":"EntryPoint","urlTemplate":"https:\/\/rtt.ee\/en\/?s={search_term_string}"},"query-input":{"@type":"PropertyValueSpecification","valueRequired":true,"valueName":"search_term_string"}}],"inLanguage":"en-US"}]}},"_links":{"self":[{"href":"https:\/\/rtt.ee\/en\/wp-json\/wp\/v2\/product\/17861","targetHints":{"allow":["GET"]}}],"collection":[{"href":"https:\/\/rtt.ee\/en\/wp-json\/wp\/v2\/product"}],"about":[{"href":"https:\/\/rtt.ee\/en\/wp-json\/wp\/v2\/types\/product"}],"wp:featuredmedia":[{"embeddable":true,"href":"https:\/\/rtt.ee\/en\/wp-json\/wp\/v2\/media\/17859"}],"wp:attachment":[{"href":"https:\/\/rtt.ee\/en\/wp-json\/wp\/v2\/media?parent=17861"}],"wp:term":[{"taxonomy":"product_brand","embeddable":true,"href":"https:\/\/rtt.ee\/en\/wp-json\/wp\/v2\/product_brand?post=17861"},{"taxonomy":"product_cat","embeddable":true,"href":"https:\/\/rtt.ee\/en\/wp-json\/wp\/v2\/product_cat?post=17861"},{"taxonomy":"product_tag","embeddable":true,"href":"https:\/\/rtt.ee\/en\/wp-json\/wp\/v2\/product_tag?post=17861"}],"curies":[{"name":"wp","href":"https:\/\/api.w.org\/{rel}","templated":true}]}}