{"id":17441,"date":"2026-03-20T11:06:05","date_gmt":"2026-03-20T09:06:05","guid":{"rendered":"https:\/\/rtt.ee\/toode\/uncategorized\/pvc-kaardid-evolis-100tk-cr80-30mil-7\/"},"modified":"2026-03-20T11:06:59","modified_gmt":"2026-03-20T09:06:59","slug":"pvc-kaardid-evolis-100tk-cr80-30mil-7","status":"publish","type":"product","link":"https:\/\/rtt.ee\/en\/toode\/kulumaterjalid-en\/card-printer-consumables-en\/pvc-kaardid-evolis-100tk-cr80-30mil-7\/","title":{"rendered":"PVC kaardid Evolis (100tk) REWRITABLE"},"content":{"rendered":"<p>Evolis korduvkasutatavate kaardid<\/p>\n<p><i data-path-to-node=\"5,0,1,0\" data-index-in-node=\"0\">Korduvkasutatav kaart sobib h\u00e4sti ajutiste k\u00fclastajakaartide jaoks.<\/i><\/p>\n<p>See on kliendile kohe arusaadav, kuigi ei t\u00e4psusta, et tegu on just uue pealetr\u00fcki v\u00f5imalusega.<\/p>\n","protected":false},"excerpt":{"rendered":"<p>Evolis korduvkasutatavate kaardid Korduvkasutatav kaart sobib h\u00e4sti ajutiste k\u00fclastajakaartide jaoks. See on kliendile kohe arusaadav, kuigi ei t\u00e4psusta, et tegu on just uue pealetr\u00fcki v\u00f5imalusega.<\/p>\n","protected":false},"featured_media":17439,"template":"","meta":{"_acf_changed":false},"product_brand":[410],"product_cat":[342],"product_tag":[],"class_list":{"0":"post-17441","1":"product","2":"type-product","3":"status-publish","4":"has-post-thumbnail","6":"product_brand-evolis","7":"product_cat-card-printer-consumables-en","8":"product_brands-evolis-en","10":"first","11":"onbackorder","12":"taxable","13":"shipping-taxable","14":"purchasable","15":"product-type-simple"},"acf":[],"yoast_head":"<!-- This site is optimized with the Yoast SEO plugin v26.2 - https:\/\/yoast.com\/wordpress\/plugins\/seo\/ -->\n<title>PVC kaardid Evolis (100tk) REWRITABLE - RTT<\/title>\n<meta name=\"description\" content=\"Evolis korduvtr\u00fckitavad kaardid: tr\u00fcki ilma lindita! Ideaalne lahendus k\u00fclastajakaartideks ja ajutisteks p\u00e4\u00e4smeteks. S\u00e4\u00e4stlik ja looduss\u00f5bralik valik\" \/>\n<meta name=\"robots\" content=\"index, follow, max-snippet:-1, max-image-preview:large, max-video-preview:-1\" \/>\n<link rel=\"canonical\" href=\"https:\/\/rtt.ee\/en\/toode\/kulumaterjalid-en\/card-printer-consumables-en\/pvc-kaardid-evolis-100tk-cr80-30mil-7\/\" \/>\n<meta property=\"og:locale\" content=\"en_US\" \/>\n<meta property=\"og:type\" content=\"article\" \/>\n<meta property=\"og:title\" content=\"PVC kaardid Evolis (100tk) REWRITABLE - RTT\" \/>\n<meta property=\"og:description\" content=\"Evolis korduvtr\u00fckitavad kaardid: tr\u00fcki ilma lindita! Ideaalne lahendus k\u00fclastajakaartideks ja ajutisteks p\u00e4\u00e4smeteks. S\u00e4\u00e4stlik ja looduss\u00f5bralik valik\" \/>\n<meta property=\"og:url\" content=\"https:\/\/rtt.ee\/en\/toode\/kulumaterjalid-en\/card-printer-consumables-en\/pvc-kaardid-evolis-100tk-cr80-30mil-7\/\" \/>\n<meta property=\"og:site_name\" content=\"RTT\" \/>\n<meta property=\"article:modified_time\" content=\"2026-03-20T09:06:59+00:00\" \/>\n<meta property=\"og:image\" content=\"https:\/\/rtt.ee\/wp-content\/uploads\/2026\/03\/C5101.jpg\" \/>\n\t<meta property=\"og:image:width\" content=\"415\" \/>\n\t<meta property=\"og:image:height\" content=\"337\" \/>\n\t<meta property=\"og:image:type\" content=\"image\/jpeg\" \/>\n<meta name=\"twitter:card\" content=\"summary_large_image\" \/>\n<meta name=\"twitter:label1\" content=\"Est. reading time\" \/>\n\t<meta name=\"twitter:data1\" content=\"1 minute\" \/>\n<script type=\"application\/ld+json\" class=\"yoast-schema-graph\">{\"@context\":\"https:\/\/schema.org\",\"@graph\":[{\"@type\":\"WebPage\",\"@id\":\"https:\/\/rtt.ee\/en\/toode\/kulumaterjalid-en\/card-printer-consumables-en\/pvc-kaardid-evolis-100tk-cr80-30mil-7\/\",\"url\":\"https:\/\/rtt.ee\/en\/toode\/kulumaterjalid-en\/card-printer-consumables-en\/pvc-kaardid-evolis-100tk-cr80-30mil-7\/\",\"name\":\"PVC kaardid Evolis (100tk) REWRITABLE - RTT\",\"isPartOf\":{\"@id\":\"https:\/\/rtt.ee\/en\/#website\"},\"primaryImageOfPage\":{\"@id\":\"https:\/\/rtt.ee\/en\/toode\/kulumaterjalid-en\/card-printer-consumables-en\/pvc-kaardid-evolis-100tk-cr80-30mil-7\/#primaryimage\"},\"image\":{\"@id\":\"https:\/\/rtt.ee\/en\/toode\/kulumaterjalid-en\/card-printer-consumables-en\/pvc-kaardid-evolis-100tk-cr80-30mil-7\/#primaryimage\"},\"thumbnailUrl\":\"https:\/\/rtt.ee\/wp-content\/uploads\/2026\/03\/C5101.jpg\",\"datePublished\":\"2026-03-20T09:06:05+00:00\",\"dateModified\":\"2026-03-20T09:06:59+00:00\",\"description\":\"Evolis korduvtr\u00fckitavad kaardid: tr\u00fcki ilma lindita! Ideaalne lahendus k\u00fclastajakaartideks ja ajutisteks p\u00e4\u00e4smeteks. S\u00e4\u00e4stlik ja looduss\u00f5bralik valik\",\"breadcrumb\":{\"@id\":\"https:\/\/rtt.ee\/en\/toode\/kulumaterjalid-en\/card-printer-consumables-en\/pvc-kaardid-evolis-100tk-cr80-30mil-7\/#breadcrumb\"},\"inLanguage\":\"en-US\",\"potentialAction\":[{\"@type\":\"ReadAction\",\"target\":[\"https:\/\/rtt.ee\/en\/toode\/kulumaterjalid-en\/card-printer-consumables-en\/pvc-kaardid-evolis-100tk-cr80-30mil-7\/\"]}]},{\"@type\":\"ImageObject\",\"inLanguage\":\"en-US\",\"@id\":\"https:\/\/rtt.ee\/en\/toode\/kulumaterjalid-en\/card-printer-consumables-en\/pvc-kaardid-evolis-100tk-cr80-30mil-7\/#primaryimage\",\"url\":\"https:\/\/rtt.ee\/wp-content\/uploads\/2026\/03\/C5101.jpg\",\"contentUrl\":\"https:\/\/rtt.ee\/wp-content\/uploads\/2026\/03\/C5101.jpg\",\"width\":415,\"height\":337},{\"@type\":\"BreadcrumbList\",\"@id\":\"https:\/\/rtt.ee\/en\/toode\/kulumaterjalid-en\/card-printer-consumables-en\/pvc-kaardid-evolis-100tk-cr80-30mil-7\/#breadcrumb\",\"itemListElement\":[{\"@type\":\"ListItem\",\"position\":1,\"name\":\"Home\",\"item\":\"https:\/\/rtt.ee\/en\/\"},{\"@type\":\"ListItem\",\"position\":2,\"name\":\"Shop\",\"item\":\"https:\/\/rtt.ee\/en\/shop\/\"},{\"@type\":\"ListItem\",\"position\":3,\"name\":\"Kulumaterjalid\",\"item\":\"https:\/\/rtt.ee\/tootekategooria\/kulumaterjalid\/\"},{\"@type\":\"ListItem\",\"position\":4,\"name\":\"Kaardiprinterite kulumaterjalid\",\"item\":\"https:\/\/rtt.ee\/tootekategooria\/kulumaterjalid\/kaardiprinterite-kulumaterjalid\/\"},{\"@type\":\"ListItem\",\"position\":5,\"name\":\"PVC kaardid Evolis (100tk) REWRITABLE\"}]},{\"@type\":\"WebSite\",\"@id\":\"https:\/\/rtt.ee\/en\/#website\",\"url\":\"https:\/\/rtt.ee\/en\/\",\"name\":\"RTT\",\"description\":\"Kassaaparaadid ja kontorikaubad\",\"potentialAction\":[{\"@type\":\"SearchAction\",\"target\":{\"@type\":\"EntryPoint\",\"urlTemplate\":\"https:\/\/rtt.ee\/en\/?s={search_term_string}\"},\"query-input\":{\"@type\":\"PropertyValueSpecification\",\"valueRequired\":true,\"valueName\":\"search_term_string\"}}],\"inLanguage\":\"en-US\"}]}<\/script>\n<!-- \/ Yoast SEO plugin. -->","yoast_head_json":{"title":"PVC kaardid Evolis (100tk) REWRITABLE - RTT","description":"Evolis korduvtr\u00fckitavad kaardid: tr\u00fcki ilma lindita! Ideaalne lahendus k\u00fclastajakaartideks ja ajutisteks p\u00e4\u00e4smeteks. S\u00e4\u00e4stlik ja looduss\u00f5bralik valik","robots":{"index":"index","follow":"follow","max-snippet":"max-snippet:-1","max-image-preview":"max-image-preview:large","max-video-preview":"max-video-preview:-1"},"canonical":"https:\/\/rtt.ee\/en\/toode\/kulumaterjalid-en\/card-printer-consumables-en\/pvc-kaardid-evolis-100tk-cr80-30mil-7\/","og_locale":"en_US","og_type":"article","og_title":"PVC kaardid Evolis (100tk) REWRITABLE - RTT","og_description":"Evolis korduvtr\u00fckitavad kaardid: tr\u00fcki ilma lindita! Ideaalne lahendus k\u00fclastajakaartideks ja ajutisteks p\u00e4\u00e4smeteks. S\u00e4\u00e4stlik ja looduss\u00f5bralik valik","og_url":"https:\/\/rtt.ee\/en\/toode\/kulumaterjalid-en\/card-printer-consumables-en\/pvc-kaardid-evolis-100tk-cr80-30mil-7\/","og_site_name":"RTT","article_modified_time":"2026-03-20T09:06:59+00:00","og_image":[{"width":415,"height":337,"url":"https:\/\/rtt.ee\/wp-content\/uploads\/2026\/03\/C5101.jpg","type":"image\/jpeg"}],"twitter_card":"summary_large_image","twitter_misc":{"Est. reading time":"1 minute"},"schema":{"@context":"https:\/\/schema.org","@graph":[{"@type":"WebPage","@id":"https:\/\/rtt.ee\/en\/toode\/kulumaterjalid-en\/card-printer-consumables-en\/pvc-kaardid-evolis-100tk-cr80-30mil-7\/","url":"https:\/\/rtt.ee\/en\/toode\/kulumaterjalid-en\/card-printer-consumables-en\/pvc-kaardid-evolis-100tk-cr80-30mil-7\/","name":"PVC kaardid Evolis (100tk) REWRITABLE - RTT","isPartOf":{"@id":"https:\/\/rtt.ee\/en\/#website"},"primaryImageOfPage":{"@id":"https:\/\/rtt.ee\/en\/toode\/kulumaterjalid-en\/card-printer-consumables-en\/pvc-kaardid-evolis-100tk-cr80-30mil-7\/#primaryimage"},"image":{"@id":"https:\/\/rtt.ee\/en\/toode\/kulumaterjalid-en\/card-printer-consumables-en\/pvc-kaardid-evolis-100tk-cr80-30mil-7\/#primaryimage"},"thumbnailUrl":"https:\/\/rtt.ee\/wp-content\/uploads\/2026\/03\/C5101.jpg","datePublished":"2026-03-20T09:06:05+00:00","dateModified":"2026-03-20T09:06:59+00:00","description":"Evolis korduvtr\u00fckitavad kaardid: tr\u00fcki ilma lindita! Ideaalne lahendus k\u00fclastajakaartideks ja ajutisteks p\u00e4\u00e4smeteks. S\u00e4\u00e4stlik ja looduss\u00f5bralik valik","breadcrumb":{"@id":"https:\/\/rtt.ee\/en\/toode\/kulumaterjalid-en\/card-printer-consumables-en\/pvc-kaardid-evolis-100tk-cr80-30mil-7\/#breadcrumb"},"inLanguage":"en-US","potentialAction":[{"@type":"ReadAction","target":["https:\/\/rtt.ee\/en\/toode\/kulumaterjalid-en\/card-printer-consumables-en\/pvc-kaardid-evolis-100tk-cr80-30mil-7\/"]}]},{"@type":"ImageObject","inLanguage":"en-US","@id":"https:\/\/rtt.ee\/en\/toode\/kulumaterjalid-en\/card-printer-consumables-en\/pvc-kaardid-evolis-100tk-cr80-30mil-7\/#primaryimage","url":"https:\/\/rtt.ee\/wp-content\/uploads\/2026\/03\/C5101.jpg","contentUrl":"https:\/\/rtt.ee\/wp-content\/uploads\/2026\/03\/C5101.jpg","width":415,"height":337},{"@type":"BreadcrumbList","@id":"https:\/\/rtt.ee\/en\/toode\/kulumaterjalid-en\/card-printer-consumables-en\/pvc-kaardid-evolis-100tk-cr80-30mil-7\/#breadcrumb","itemListElement":[{"@type":"ListItem","position":1,"name":"Home","item":"https:\/\/rtt.ee\/en\/"},{"@type":"ListItem","position":2,"name":"Shop","item":"https:\/\/rtt.ee\/en\/shop\/"},{"@type":"ListItem","position":3,"name":"Kulumaterjalid","item":"https:\/\/rtt.ee\/tootekategooria\/kulumaterjalid\/"},{"@type":"ListItem","position":4,"name":"Kaardiprinterite kulumaterjalid","item":"https:\/\/rtt.ee\/tootekategooria\/kulumaterjalid\/kaardiprinterite-kulumaterjalid\/"},{"@type":"ListItem","position":5,"name":"PVC kaardid Evolis (100tk) REWRITABLE"}]},{"@type":"WebSite","@id":"https:\/\/rtt.ee\/en\/#website","url":"https:\/\/rtt.ee\/en\/","name":"RTT","description":"Kassaaparaadid ja kontorikaubad","potentialAction":[{"@type":"SearchAction","target":{"@type":"EntryPoint","urlTemplate":"https:\/\/rtt.ee\/en\/?s={search_term_string}"},"query-input":{"@type":"PropertyValueSpecification","valueRequired":true,"valueName":"search_term_string"}}],"inLanguage":"en-US"}]}},"_links":{"self":[{"href":"https:\/\/rtt.ee\/en\/wp-json\/wp\/v2\/product\/17441","targetHints":{"allow":["GET"]}}],"collection":[{"href":"https:\/\/rtt.ee\/en\/wp-json\/wp\/v2\/product"}],"about":[{"href":"https:\/\/rtt.ee\/en\/wp-json\/wp\/v2\/types\/product"}],"wp:featuredmedia":[{"embeddable":true,"href":"https:\/\/rtt.ee\/en\/wp-json\/wp\/v2\/media\/17439"}],"wp:attachment":[{"href":"https:\/\/rtt.ee\/en\/wp-json\/wp\/v2\/media?parent=17441"}],"wp:term":[{"taxonomy":"product_brand","embeddable":true,"href":"https:\/\/rtt.ee\/en\/wp-json\/wp\/v2\/product_brand?post=17441"},{"taxonomy":"product_cat","embeddable":true,"href":"https:\/\/rtt.ee\/en\/wp-json\/wp\/v2\/product_cat?post=17441"},{"taxonomy":"product_tag","embeddable":true,"href":"https:\/\/rtt.ee\/en\/wp-json\/wp\/v2\/product_tag?post=17441"}],"curies":[{"name":"wp","href":"https:\/\/api.w.org\/{rel}","templated":true}]}}