{"id":17384,"date":"2025-10-07T13:19:21","date_gmt":"2025-10-07T10:19:21","guid":{"rendered":"https:\/\/rtt.ee\/toode\/uncategorized\/epson-workforce-pro-wf-c8690dwf-multifunktsionaalne-a3-varvi-tindiprinter\/"},"modified":"2026-04-09T13:15:31","modified_gmt":"2026-04-09T10:15:31","slug":"epson-workforce-pro-wf-c8690dwf-multifunktsionaalne-a3-varvi-tindiprinter","status":"publish","type":"product","link":"https:\/\/rtt.ee\/en\/toode\/koopiamasinad-en\/a3-printer-skanner-koopiamasinad-en\/epson-workforce-pro-wf-c8690dwf-multifunktsionaalne-a3-varvi-tindiprinter\/","title":{"rendered":"EPSON WorkForce Pro WF-C8690DWF multifunktsionaalne A3 v\u00e4rvi-tindiprinter"},"content":{"rendered":"<p>Funktsioonid: printimine, skannimine, kopeerimine, faksimine<\/p>\n<p>Tr\u00fckikiirus A4: 24 lk\/min (must-valge):, 24 lk\/min (v\u00e4rviline)<\/p>\n<p>Tr\u00fckikiirus A3: 13 lk\/min (must-valge):, 13 lk\/min (v\u00e4rviline)<\/p>\n<p>Tr\u00fckirsolutsioon: 4800 x 1200 dpi<\/p>\n<p>Paberis\u00f6\u00f6tja maht: 335 lehte (Standard), 1835 lehte (lisa)<\/p>\n<p>Soovitatud t\u00f6\u00f6ts\u00fckkel: 500 \u2013 5000 Lk\/kuus<\/p>\n<div class=\"key\">\n<div class=\"heightenate\">\u00dchendused: USB 2.0 , LAN liides, WIFI (IEEE 802.11a\/b\/g\/n\/ac)<\/div>\n<\/div>\n<p>Toetatavad operatsioonis\u00fcsteemid: Windows, Windows Server, MacOS<\/p>\n<p>Lisainfo: <a href=\"https:\/\/www.epson.eu\/en_EU\/products\/printers\/inkjet\/business-inkjet\/workforce-pro-wf-c8690dwf\/p\/22781\">Tehniline kirjeldus inglise keeles<\/a><\/p>\n<p>Tel: +372 6 112 256<br \/>\nGSM: +372 5 014 470<\/p>\n","protected":false},"excerpt":{"rendered":"<p>Funktsioonid: printimine, skannimine, kopeerimine, faksimine Tr\u00fckikiirus A4: 24 lk\/min (must-valge):, 24 lk\/min (v\u00e4rviline) Tr\u00fckikiirus A3: 13 lk\/min (must-valge):, 13 lk\/min (v\u00e4rviline) Tr\u00fckirsolutsioon: 4800 x 1200 dpi Paberis\u00f6\u00f6tja maht: 335 lehte (Standard), 1835 lehte (lisa) Soovitatud t\u00f6\u00f6ts\u00fckkel: 500 \u2013 5000 Lk\/kuus \u00dchendused: USB 2.0 , LAN liides, WIFI (IEEE 802.11a\/b\/g\/n\/ac) Toetatavad operatsioonis\u00fcsteemid: Windows, Windows Server, MacOS [&hellip;]<\/p>\n","protected":false},"featured_media":13159,"template":"","meta":{"_acf_changed":false},"product_brand":[405],"product_cat":[120],"product_tag":[],"class_list":{"0":"post-17384","1":"product","2":"type-product","3":"status-publish","4":"has-post-thumbnail","6":"product_brand-epson","7":"product_cat-a3-printer-skanner-koopiamasinad-en","8":"product_brands-epson-en","10":"first","11":"onbackorder","12":"taxable","13":"shipping-taxable","14":"purchasable","15":"product-type-simple"},"acf":[],"yoast_head":"<!-- This site is optimized with the Yoast SEO plugin v26.2 - https:\/\/yoast.com\/wordpress\/plugins\/seo\/ -->\n<title>EPSON WorkForce Pro WF-C8690DWF multifunktsionaalne A3 v\u00e4rvi-tindiprinter - RTT<\/title>\n<meta name=\"description\" content=\"Epson WF-C8690DWF on A3 multifunktsionaalne \u00e4riprinter, mis pakub kiiret ja \u00f6konoomset tindiprintimist ning madalat energiatarvet \u2013 ideaalne kontoritele\" \/>\n<meta name=\"robots\" content=\"index, follow, max-snippet:-1, max-image-preview:large, max-video-preview:-1\" \/>\n<link rel=\"canonical\" href=\"https:\/\/rtt.ee\/toode\/koopiamasinad\/a3-printer-skanner-koopiamasinad\/epson-workforce-pro-wf-c8690dwf-multifunktsionaalne-a3-varvi-tindiprinter\/\" \/>\n<meta property=\"og:locale\" content=\"en_US\" \/>\n<meta property=\"og:type\" content=\"article\" \/>\n<meta property=\"og:title\" content=\"EPSON WorkForce Pro WF-C8690DWF multifunktsionaalne A3 v\u00e4rvi-tindiprinter - RTT\" \/>\n<meta property=\"og:description\" content=\"Epson WF-C8690DWF on A3 multifunktsionaalne \u00e4riprinter, mis pakub kiiret ja \u00f6konoomset tindiprintimist ning madalat energiatarvet \u2013 ideaalne kontoritele\" \/>\n<meta property=\"og:url\" content=\"https:\/\/rtt.ee\/toode\/koopiamasinad\/a3-printer-skanner-koopiamasinad\/epson-workforce-pro-wf-c8690dwf-multifunktsionaalne-a3-varvi-tindiprinter\/\" \/>\n<meta property=\"og:site_name\" content=\"RTT\" \/>\n<meta property=\"article:modified_time\" content=\"2026-04-09T10:15:31+00:00\" \/>\n<meta property=\"og:image\" content=\"https:\/\/rtt.ee\/wp-content\/uploads\/2025\/10\/WF-C8690DWF.png\" \/>\n\t<meta property=\"og:image:width\" content=\"1500\" \/>\n\t<meta property=\"og:image:height\" content=\"1354\" \/>\n\t<meta property=\"og:image:type\" content=\"image\/png\" \/>\n<meta name=\"twitter:card\" content=\"summary_large_image\" \/>\n<meta name=\"twitter:label1\" content=\"Est. reading time\" \/>\n\t<meta name=\"twitter:data1\" content=\"1 minute\" \/>\n<script type=\"application\/ld+json\" class=\"yoast-schema-graph\">{\"@context\":\"https:\/\/schema.org\",\"@graph\":[{\"@type\":\"WebPage\",\"@id\":\"https:\/\/rtt.ee\/toode\/koopiamasinad\/a3-printer-skanner-koopiamasinad\/epson-workforce-pro-wf-c8690dwf-multifunktsionaalne-a3-varvi-tindiprinter\/\",\"url\":\"https:\/\/rtt.ee\/toode\/koopiamasinad\/a3-printer-skanner-koopiamasinad\/epson-workforce-pro-wf-c8690dwf-multifunktsionaalne-a3-varvi-tindiprinter\/\",\"name\":\"EPSON WorkForce Pro WF-C8690DWF multifunktsionaalne A3 v\u00e4rvi-tindiprinter - RTT\",\"isPartOf\":{\"@id\":\"https:\/\/rtt.ee\/en\/#website\"},\"primaryImageOfPage\":{\"@id\":\"https:\/\/rtt.ee\/toode\/koopiamasinad\/a3-printer-skanner-koopiamasinad\/epson-workforce-pro-wf-c8690dwf-multifunktsionaalne-a3-varvi-tindiprinter\/#primaryimage\"},\"image\":{\"@id\":\"https:\/\/rtt.ee\/toode\/koopiamasinad\/a3-printer-skanner-koopiamasinad\/epson-workforce-pro-wf-c8690dwf-multifunktsionaalne-a3-varvi-tindiprinter\/#primaryimage\"},\"thumbnailUrl\":\"https:\/\/rtt.ee\/wp-content\/uploads\/2025\/10\/WF-C8690DWF.png\",\"datePublished\":\"2025-10-07T10:19:21+00:00\",\"dateModified\":\"2026-04-09T10:15:31+00:00\",\"description\":\"Epson WF-C8690DWF on A3 multifunktsionaalne \u00e4riprinter, mis pakub kiiret ja \u00f6konoomset tindiprintimist ning madalat energiatarvet \u2013 ideaalne kontoritele\",\"breadcrumb\":{\"@id\":\"https:\/\/rtt.ee\/toode\/koopiamasinad\/a3-printer-skanner-koopiamasinad\/epson-workforce-pro-wf-c8690dwf-multifunktsionaalne-a3-varvi-tindiprinter\/#breadcrumb\"},\"inLanguage\":\"en-US\",\"potentialAction\":[{\"@type\":\"ReadAction\",\"target\":[\"https:\/\/rtt.ee\/toode\/koopiamasinad\/a3-printer-skanner-koopiamasinad\/epson-workforce-pro-wf-c8690dwf-multifunktsionaalne-a3-varvi-tindiprinter\/\"]}]},{\"@type\":\"ImageObject\",\"inLanguage\":\"en-US\",\"@id\":\"https:\/\/rtt.ee\/toode\/koopiamasinad\/a3-printer-skanner-koopiamasinad\/epson-workforce-pro-wf-c8690dwf-multifunktsionaalne-a3-varvi-tindiprinter\/#primaryimage\",\"url\":\"https:\/\/rtt.ee\/wp-content\/uploads\/2025\/10\/WF-C8690DWF.png\",\"contentUrl\":\"https:\/\/rtt.ee\/wp-content\/uploads\/2025\/10\/WF-C8690DWF.png\",\"width\":1500,\"height\":1354,\"caption\":\"WF-C8690DWF\"},{\"@type\":\"BreadcrumbList\",\"@id\":\"https:\/\/rtt.ee\/toode\/koopiamasinad\/a3-printer-skanner-koopiamasinad\/epson-workforce-pro-wf-c8690dwf-multifunktsionaalne-a3-varvi-tindiprinter\/#breadcrumb\",\"itemListElement\":[{\"@type\":\"ListItem\",\"position\":1,\"name\":\"Home\",\"item\":\"https:\/\/rtt.ee\/en\/\"},{\"@type\":\"ListItem\",\"position\":2,\"name\":\"Shop\",\"item\":\"https:\/\/rtt.ee\/en\/shop\/\"},{\"@type\":\"ListItem\",\"position\":3,\"name\":\"Printers &amp; Multifunctional printers\",\"item\":\"https:\/\/rtt.ee\/en\/tootekategooria\/koopiamasinad-en\/\"},{\"@type\":\"ListItem\",\"position\":4,\"name\":\"A3 Printer-Sk\u00e4nner-Koopiamasinad\",\"item\":\"https:\/\/rtt.ee\/tootekategooria\/koopiamasinad\/a3-printer-skanner-koopiamasinad\/\"},{\"@type\":\"ListItem\",\"position\":5,\"name\":\"EPSON WorkForce Pro WF-C8690DWF multifunktsionaalne A3 v\u00e4rvi-tindiprinter\"}]},{\"@type\":\"WebSite\",\"@id\":\"https:\/\/rtt.ee\/en\/#website\",\"url\":\"https:\/\/rtt.ee\/en\/\",\"name\":\"RTT\",\"description\":\"Kassaaparaadid ja kontorikaubad\",\"potentialAction\":[{\"@type\":\"SearchAction\",\"target\":{\"@type\":\"EntryPoint\",\"urlTemplate\":\"https:\/\/rtt.ee\/en\/?s={search_term_string}\"},\"query-input\":{\"@type\":\"PropertyValueSpecification\",\"valueRequired\":true,\"valueName\":\"search_term_string\"}}],\"inLanguage\":\"en-US\"}]}<\/script>\n<!-- \/ Yoast SEO plugin. -->","yoast_head_json":{"title":"EPSON WorkForce Pro WF-C8690DWF multifunktsionaalne A3 v\u00e4rvi-tindiprinter - RTT","description":"Epson WF-C8690DWF on A3 multifunktsionaalne \u00e4riprinter, mis pakub kiiret ja \u00f6konoomset tindiprintimist ning madalat energiatarvet \u2013 ideaalne kontoritele","robots":{"index":"index","follow":"follow","max-snippet":"max-snippet:-1","max-image-preview":"max-image-preview:large","max-video-preview":"max-video-preview:-1"},"canonical":"https:\/\/rtt.ee\/toode\/koopiamasinad\/a3-printer-skanner-koopiamasinad\/epson-workforce-pro-wf-c8690dwf-multifunktsionaalne-a3-varvi-tindiprinter\/","og_locale":"en_US","og_type":"article","og_title":"EPSON WorkForce Pro WF-C8690DWF multifunktsionaalne A3 v\u00e4rvi-tindiprinter - RTT","og_description":"Epson WF-C8690DWF on A3 multifunktsionaalne \u00e4riprinter, mis pakub kiiret ja \u00f6konoomset tindiprintimist ning madalat energiatarvet \u2013 ideaalne kontoritele","og_url":"https:\/\/rtt.ee\/toode\/koopiamasinad\/a3-printer-skanner-koopiamasinad\/epson-workforce-pro-wf-c8690dwf-multifunktsionaalne-a3-varvi-tindiprinter\/","og_site_name":"RTT","article_modified_time":"2026-04-09T10:15:31+00:00","og_image":[{"width":1500,"height":1354,"url":"https:\/\/rtt.ee\/wp-content\/uploads\/2025\/10\/WF-C8690DWF.png","type":"image\/png"}],"twitter_card":"summary_large_image","twitter_misc":{"Est. reading time":"1 minute"},"schema":{"@context":"https:\/\/schema.org","@graph":[{"@type":"WebPage","@id":"https:\/\/rtt.ee\/toode\/koopiamasinad\/a3-printer-skanner-koopiamasinad\/epson-workforce-pro-wf-c8690dwf-multifunktsionaalne-a3-varvi-tindiprinter\/","url":"https:\/\/rtt.ee\/toode\/koopiamasinad\/a3-printer-skanner-koopiamasinad\/epson-workforce-pro-wf-c8690dwf-multifunktsionaalne-a3-varvi-tindiprinter\/","name":"EPSON WorkForce Pro WF-C8690DWF multifunktsionaalne A3 v\u00e4rvi-tindiprinter - RTT","isPartOf":{"@id":"https:\/\/rtt.ee\/en\/#website"},"primaryImageOfPage":{"@id":"https:\/\/rtt.ee\/toode\/koopiamasinad\/a3-printer-skanner-koopiamasinad\/epson-workforce-pro-wf-c8690dwf-multifunktsionaalne-a3-varvi-tindiprinter\/#primaryimage"},"image":{"@id":"https:\/\/rtt.ee\/toode\/koopiamasinad\/a3-printer-skanner-koopiamasinad\/epson-workforce-pro-wf-c8690dwf-multifunktsionaalne-a3-varvi-tindiprinter\/#primaryimage"},"thumbnailUrl":"https:\/\/rtt.ee\/wp-content\/uploads\/2025\/10\/WF-C8690DWF.png","datePublished":"2025-10-07T10:19:21+00:00","dateModified":"2026-04-09T10:15:31+00:00","description":"Epson WF-C8690DWF on A3 multifunktsionaalne \u00e4riprinter, mis pakub kiiret ja \u00f6konoomset tindiprintimist ning madalat energiatarvet \u2013 ideaalne kontoritele","breadcrumb":{"@id":"https:\/\/rtt.ee\/toode\/koopiamasinad\/a3-printer-skanner-koopiamasinad\/epson-workforce-pro-wf-c8690dwf-multifunktsionaalne-a3-varvi-tindiprinter\/#breadcrumb"},"inLanguage":"en-US","potentialAction":[{"@type":"ReadAction","target":["https:\/\/rtt.ee\/toode\/koopiamasinad\/a3-printer-skanner-koopiamasinad\/epson-workforce-pro-wf-c8690dwf-multifunktsionaalne-a3-varvi-tindiprinter\/"]}]},{"@type":"ImageObject","inLanguage":"en-US","@id":"https:\/\/rtt.ee\/toode\/koopiamasinad\/a3-printer-skanner-koopiamasinad\/epson-workforce-pro-wf-c8690dwf-multifunktsionaalne-a3-varvi-tindiprinter\/#primaryimage","url":"https:\/\/rtt.ee\/wp-content\/uploads\/2025\/10\/WF-C8690DWF.png","contentUrl":"https:\/\/rtt.ee\/wp-content\/uploads\/2025\/10\/WF-C8690DWF.png","width":1500,"height":1354,"caption":"WF-C8690DWF"},{"@type":"BreadcrumbList","@id":"https:\/\/rtt.ee\/toode\/koopiamasinad\/a3-printer-skanner-koopiamasinad\/epson-workforce-pro-wf-c8690dwf-multifunktsionaalne-a3-varvi-tindiprinter\/#breadcrumb","itemListElement":[{"@type":"ListItem","position":1,"name":"Home","item":"https:\/\/rtt.ee\/en\/"},{"@type":"ListItem","position":2,"name":"Shop","item":"https:\/\/rtt.ee\/en\/shop\/"},{"@type":"ListItem","position":3,"name":"Printers &amp; Multifunctional printers","item":"https:\/\/rtt.ee\/en\/tootekategooria\/koopiamasinad-en\/"},{"@type":"ListItem","position":4,"name":"A3 Printer-Sk\u00e4nner-Koopiamasinad","item":"https:\/\/rtt.ee\/tootekategooria\/koopiamasinad\/a3-printer-skanner-koopiamasinad\/"},{"@type":"ListItem","position":5,"name":"EPSON WorkForce Pro WF-C8690DWF multifunktsionaalne A3 v\u00e4rvi-tindiprinter"}]},{"@type":"WebSite","@id":"https:\/\/rtt.ee\/en\/#website","url":"https:\/\/rtt.ee\/en\/","name":"RTT","description":"Kassaaparaadid ja kontorikaubad","potentialAction":[{"@type":"SearchAction","target":{"@type":"EntryPoint","urlTemplate":"https:\/\/rtt.ee\/en\/?s={search_term_string}"},"query-input":{"@type":"PropertyValueSpecification","valueRequired":true,"valueName":"search_term_string"}}],"inLanguage":"en-US"}]}},"_links":{"self":[{"href":"https:\/\/rtt.ee\/en\/wp-json\/wp\/v2\/product\/17384","targetHints":{"allow":["GET"]}}],"collection":[{"href":"https:\/\/rtt.ee\/en\/wp-json\/wp\/v2\/product"}],"about":[{"href":"https:\/\/rtt.ee\/en\/wp-json\/wp\/v2\/types\/product"}],"wp:featuredmedia":[{"embeddable":true,"href":"https:\/\/rtt.ee\/en\/wp-json\/wp\/v2\/media\/13159"}],"wp:attachment":[{"href":"https:\/\/rtt.ee\/en\/wp-json\/wp\/v2\/media?parent=17384"}],"wp:term":[{"taxonomy":"product_brand","embeddable":true,"href":"https:\/\/rtt.ee\/en\/wp-json\/wp\/v2\/product_brand?post=17384"},{"taxonomy":"product_cat","embeddable":true,"href":"https:\/\/rtt.ee\/en\/wp-json\/wp\/v2\/product_cat?post=17384"},{"taxonomy":"product_tag","embeddable":true,"href":"https:\/\/rtt.ee\/en\/wp-json\/wp\/v2\/product_tag?post=17384"}],"curies":[{"name":"wp","href":"https:\/\/api.w.org\/{rel}","templated":true}]}}