{"id":17382,"date":"2025-10-16T14:10:01","date_gmt":"2025-10-16T11:10:01","guid":{"rendered":"https:\/\/rtt.ee\/toode\/uncategorized\/sharp-bp20m24-multifunktsionaalne-a3-must-laserprinter\/"},"modified":"2026-03-26T14:21:51","modified_gmt":"2026-03-26T12:21:51","slug":"sharp-bp20m24-multifunktsionaalne-a3-must-laserprinter","status":"publish","type":"product","link":"https:\/\/rtt.ee\/en\/toode\/koopiamasinad-en\/a3-printer-skanner-koopiamasinad-en\/sharp-bp20m24-multifunktsionaalne-a3-must-laserprinter\/","title":{"rendered":"SHARP BP-20M24 multifunktsionaalne A3 must-laserprinter"},"content":{"rendered":"<p>Funktsioonid: printimine, skannimine, kopeerimine<\/p>\n<p>Tr\u00fckikiirus A4: 24 Lk\/min (must-valge)<\/p>\n<p>Tr\u00fckikiirus A3: 12 Lk\/min (must-valge)<\/p>\n<p>Tr\u00fckikvaliteet (dpi): 600 x 600<\/p>\n<p>M\u00e4lu: 1GB<\/p>\n<p>Paberis\u00f6\u00f6tja maht: 350 lehte (Standard), 1850 lehte (v\u00f5imalus)<\/p>\n<p>\u00dchendused: USB, Ethernet, WiFi (v\u00f5imalus)<\/p>\n<p>Toetatavad operatsioonis\u00fcsteemid: Windows, Windows Server, MacOS (lisav\u00f5imalus)<\/p>\n<p>Lisainfo:\u00a0<a href=\"https:\/\/www.sharp.eu\/sharp-bp-20m24\">Tehniline kirjeldus inglise keeles<\/a><\/p>\n<p>Tel: +372 6 112 256<\/p>\n<p>GSM: +372 5 014 470<!--more--><\/p>\n<p class=\"page-title\"><span style=\"font-size: 14pt;color: #ff0000\"><strong>Pakume Sharp kontoriseadmete rent ja t\u00e4ishooldus lahendused \u2013 lisainfo <a style=\"color: #ff0000\" href=\"http:\/\/kontoriprinter.ee\/\">Kontoriprinter.ee<\/a><\/strong><\/span><\/p>\n","protected":false},"excerpt":{"rendered":"<p>Funktsioonid: printimine, skannimine, kopeerimine Tr\u00fckikiirus A4: 24 Lk\/min (must-valge) Tr\u00fckikiirus A3: 12 Lk\/min (must-valge) Tr\u00fckikvaliteet (dpi): 600 x 600 M\u00e4lu: 1GB Paberis\u00f6\u00f6tja maht: 350 lehte (Standard), 1850 lehte (v\u00f5imalus) \u00dchendused: USB, Ethernet, WiFi (v\u00f5imalus) Toetatavad operatsioonis\u00fcsteemid: Windows, Windows Server, MacOS (lisav\u00f5imalus) Lisainfo:\u00a0Tehniline kirjeldus inglise keeles Tel: +372 6 112 256 GSM: +372 5 014 470<\/p>\n","protected":false},"featured_media":13318,"template":"","meta":{"_acf_changed":false},"product_brand":[404],"product_cat":[120],"product_tag":[],"class_list":{"0":"post-17382","1":"product","2":"type-product","3":"status-publish","4":"has-post-thumbnail","6":"product_brand-sharp","7":"product_cat-a3-printer-skanner-koopiamasinad-en","8":"product_brands-sharp-office-printers","10":"first","11":"onbackorder","12":"featured","13":"taxable","14":"shipping-taxable","15":"purchasable","16":"product-type-simple"},"acf":[],"yoast_head":"<!-- This site is optimized with the Yoast SEO plugin v26.2 - https:\/\/yoast.com\/wordpress\/plugins\/seo\/ -->\n<title>SHARP BP-20M24 multifunktsionaalne A3 must-laserprinter - RTT<\/title>\n<meta name=\"description\" content=\"Sharp BP\u201120M24 \u2013 A3 mustvalge multifunktsionaalne printer koos t\u00e4ishoolduse ja rendiv\u00f5imalusega. Kiire ja t\u00f6\u00f6kindel lahendus kontorisse.\" \/>\n<meta name=\"robots\" content=\"index, follow, max-snippet:-1, max-image-preview:large, max-video-preview:-1\" \/>\n<link rel=\"canonical\" href=\"https:\/\/rtt.ee\/en\/toode\/koopiamasinad-en\/a3-printer-skanner-koopiamasinad-en\/sharp-bp20m24-multifunktsionaalne-a3-must-laserprinter\/\" \/>\n<meta property=\"og:locale\" content=\"en_US\" \/>\n<meta property=\"og:type\" content=\"article\" \/>\n<meta property=\"og:title\" content=\"SHARP BP-20M24 multifunktsionaalne A3 must-laserprinter - RTT\" \/>\n<meta property=\"og:description\" content=\"Sharp BP\u201120M24 \u2013 A3 mustvalge multifunktsionaalne printer koos t\u00e4ishoolduse ja rendiv\u00f5imalusega. Kiire ja t\u00f6\u00f6kindel lahendus kontorisse.\" \/>\n<meta property=\"og:url\" content=\"https:\/\/rtt.ee\/en\/toode\/koopiamasinad-en\/a3-printer-skanner-koopiamasinad-en\/sharp-bp20m24-multifunktsionaalne-a3-must-laserprinter\/\" \/>\n<meta property=\"og:site_name\" content=\"RTT\" \/>\n<meta property=\"article:modified_time\" content=\"2026-03-26T12:21:51+00:00\" \/>\n<meta property=\"og:image\" content=\"https:\/\/rtt.ee\/wp-content\/uploads\/2025\/10\/BP20M24-a.jpg\" \/>\n\t<meta property=\"og:image:width\" content=\"879\" \/>\n\t<meta property=\"og:image:height\" content=\"1000\" \/>\n\t<meta property=\"og:image:type\" content=\"image\/jpeg\" \/>\n<meta name=\"twitter:card\" content=\"summary_large_image\" \/>\n<meta name=\"twitter:label1\" content=\"Est. reading time\" \/>\n\t<meta name=\"twitter:data1\" content=\"1 minute\" \/>\n<script type=\"application\/ld+json\" class=\"yoast-schema-graph\">{\"@context\":\"https:\/\/schema.org\",\"@graph\":[{\"@type\":\"WebPage\",\"@id\":\"https:\/\/rtt.ee\/en\/toode\/koopiamasinad-en\/a3-printer-skanner-koopiamasinad-en\/sharp-bp20m24-multifunktsionaalne-a3-must-laserprinter\/\",\"url\":\"https:\/\/rtt.ee\/en\/toode\/koopiamasinad-en\/a3-printer-skanner-koopiamasinad-en\/sharp-bp20m24-multifunktsionaalne-a3-must-laserprinter\/\",\"name\":\"SHARP BP-20M24 multifunktsionaalne A3 must-laserprinter - RTT\",\"isPartOf\":{\"@id\":\"https:\/\/rtt.ee\/en\/#website\"},\"primaryImageOfPage\":{\"@id\":\"https:\/\/rtt.ee\/en\/toode\/koopiamasinad-en\/a3-printer-skanner-koopiamasinad-en\/sharp-bp20m24-multifunktsionaalne-a3-must-laserprinter\/#primaryimage\"},\"image\":{\"@id\":\"https:\/\/rtt.ee\/en\/toode\/koopiamasinad-en\/a3-printer-skanner-koopiamasinad-en\/sharp-bp20m24-multifunktsionaalne-a3-must-laserprinter\/#primaryimage\"},\"thumbnailUrl\":\"https:\/\/rtt.ee\/wp-content\/uploads\/2025\/10\/BP20M24-a.jpg\",\"datePublished\":\"2025-10-16T11:10:01+00:00\",\"dateModified\":\"2026-03-26T12:21:51+00:00\",\"description\":\"Sharp BP\u201120M24 \u2013 A3 mustvalge multifunktsionaalne printer koos t\u00e4ishoolduse ja rendiv\u00f5imalusega. Kiire ja t\u00f6\u00f6kindel lahendus kontorisse.\",\"breadcrumb\":{\"@id\":\"https:\/\/rtt.ee\/en\/toode\/koopiamasinad-en\/a3-printer-skanner-koopiamasinad-en\/sharp-bp20m24-multifunktsionaalne-a3-must-laserprinter\/#breadcrumb\"},\"inLanguage\":\"en-US\",\"potentialAction\":[{\"@type\":\"ReadAction\",\"target\":[\"https:\/\/rtt.ee\/en\/toode\/koopiamasinad-en\/a3-printer-skanner-koopiamasinad-en\/sharp-bp20m24-multifunktsionaalne-a3-must-laserprinter\/\"]}]},{\"@type\":\"ImageObject\",\"inLanguage\":\"en-US\",\"@id\":\"https:\/\/rtt.ee\/en\/toode\/koopiamasinad-en\/a3-printer-skanner-koopiamasinad-en\/sharp-bp20m24-multifunktsionaalne-a3-must-laserprinter\/#primaryimage\",\"url\":\"https:\/\/rtt.ee\/wp-content\/uploads\/2025\/10\/BP20M24-a.jpg\",\"contentUrl\":\"https:\/\/rtt.ee\/wp-content\/uploads\/2025\/10\/BP20M24-a.jpg\",\"width\":879,\"height\":1000},{\"@type\":\"BreadcrumbList\",\"@id\":\"https:\/\/rtt.ee\/en\/toode\/koopiamasinad-en\/a3-printer-skanner-koopiamasinad-en\/sharp-bp20m24-multifunktsionaalne-a3-must-laserprinter\/#breadcrumb\",\"itemListElement\":[{\"@type\":\"ListItem\",\"position\":1,\"name\":\"Home\",\"item\":\"https:\/\/rtt.ee\/en\/\"},{\"@type\":\"ListItem\",\"position\":2,\"name\":\"Shop\",\"item\":\"https:\/\/rtt.ee\/en\/shop\/\"},{\"@type\":\"ListItem\",\"position\":3,\"name\":\"Koopiamasinad\",\"item\":\"https:\/\/rtt.ee\/tootekategooria\/koopiamasinad\/\"},{\"@type\":\"ListItem\",\"position\":4,\"name\":\"A3 Printer-Sk\u00e4nner-Koopiamasinad\",\"item\":\"https:\/\/rtt.ee\/tootekategooria\/koopiamasinad\/a3-printer-skanner-koopiamasinad\/\"},{\"@type\":\"ListItem\",\"position\":5,\"name\":\"SHARP BP-20M24 multifunktsionaalne A3 must-laserprinter\"}]},{\"@type\":\"WebSite\",\"@id\":\"https:\/\/rtt.ee\/en\/#website\",\"url\":\"https:\/\/rtt.ee\/en\/\",\"name\":\"RTT\",\"description\":\"Kassaaparaadid ja kontorikaubad\",\"potentialAction\":[{\"@type\":\"SearchAction\",\"target\":{\"@type\":\"EntryPoint\",\"urlTemplate\":\"https:\/\/rtt.ee\/en\/?s={search_term_string}\"},\"query-input\":{\"@type\":\"PropertyValueSpecification\",\"valueRequired\":true,\"valueName\":\"search_term_string\"}}],\"inLanguage\":\"en-US\"}]}<\/script>\n<!-- \/ Yoast SEO plugin. -->","yoast_head_json":{"title":"SHARP BP-20M24 multifunktsionaalne A3 must-laserprinter - RTT","description":"Sharp BP\u201120M24 \u2013 A3 mustvalge multifunktsionaalne printer koos t\u00e4ishoolduse ja rendiv\u00f5imalusega. Kiire ja t\u00f6\u00f6kindel lahendus kontorisse.","robots":{"index":"index","follow":"follow","max-snippet":"max-snippet:-1","max-image-preview":"max-image-preview:large","max-video-preview":"max-video-preview:-1"},"canonical":"https:\/\/rtt.ee\/en\/toode\/koopiamasinad-en\/a3-printer-skanner-koopiamasinad-en\/sharp-bp20m24-multifunktsionaalne-a3-must-laserprinter\/","og_locale":"en_US","og_type":"article","og_title":"SHARP BP-20M24 multifunktsionaalne A3 must-laserprinter - RTT","og_description":"Sharp BP\u201120M24 \u2013 A3 mustvalge multifunktsionaalne printer koos t\u00e4ishoolduse ja rendiv\u00f5imalusega. Kiire ja t\u00f6\u00f6kindel lahendus kontorisse.","og_url":"https:\/\/rtt.ee\/en\/toode\/koopiamasinad-en\/a3-printer-skanner-koopiamasinad-en\/sharp-bp20m24-multifunktsionaalne-a3-must-laserprinter\/","og_site_name":"RTT","article_modified_time":"2026-03-26T12:21:51+00:00","og_image":[{"width":879,"height":1000,"url":"https:\/\/rtt.ee\/wp-content\/uploads\/2025\/10\/BP20M24-a.jpg","type":"image\/jpeg"}],"twitter_card":"summary_large_image","twitter_misc":{"Est. reading time":"1 minute"},"schema":{"@context":"https:\/\/schema.org","@graph":[{"@type":"WebPage","@id":"https:\/\/rtt.ee\/en\/toode\/koopiamasinad-en\/a3-printer-skanner-koopiamasinad-en\/sharp-bp20m24-multifunktsionaalne-a3-must-laserprinter\/","url":"https:\/\/rtt.ee\/en\/toode\/koopiamasinad-en\/a3-printer-skanner-koopiamasinad-en\/sharp-bp20m24-multifunktsionaalne-a3-must-laserprinter\/","name":"SHARP BP-20M24 multifunktsionaalne A3 must-laserprinter - RTT","isPartOf":{"@id":"https:\/\/rtt.ee\/en\/#website"},"primaryImageOfPage":{"@id":"https:\/\/rtt.ee\/en\/toode\/koopiamasinad-en\/a3-printer-skanner-koopiamasinad-en\/sharp-bp20m24-multifunktsionaalne-a3-must-laserprinter\/#primaryimage"},"image":{"@id":"https:\/\/rtt.ee\/en\/toode\/koopiamasinad-en\/a3-printer-skanner-koopiamasinad-en\/sharp-bp20m24-multifunktsionaalne-a3-must-laserprinter\/#primaryimage"},"thumbnailUrl":"https:\/\/rtt.ee\/wp-content\/uploads\/2025\/10\/BP20M24-a.jpg","datePublished":"2025-10-16T11:10:01+00:00","dateModified":"2026-03-26T12:21:51+00:00","description":"Sharp BP\u201120M24 \u2013 A3 mustvalge multifunktsionaalne printer koos t\u00e4ishoolduse ja rendiv\u00f5imalusega. Kiire ja t\u00f6\u00f6kindel lahendus kontorisse.","breadcrumb":{"@id":"https:\/\/rtt.ee\/en\/toode\/koopiamasinad-en\/a3-printer-skanner-koopiamasinad-en\/sharp-bp20m24-multifunktsionaalne-a3-must-laserprinter\/#breadcrumb"},"inLanguage":"en-US","potentialAction":[{"@type":"ReadAction","target":["https:\/\/rtt.ee\/en\/toode\/koopiamasinad-en\/a3-printer-skanner-koopiamasinad-en\/sharp-bp20m24-multifunktsionaalne-a3-must-laserprinter\/"]}]},{"@type":"ImageObject","inLanguage":"en-US","@id":"https:\/\/rtt.ee\/en\/toode\/koopiamasinad-en\/a3-printer-skanner-koopiamasinad-en\/sharp-bp20m24-multifunktsionaalne-a3-must-laserprinter\/#primaryimage","url":"https:\/\/rtt.ee\/wp-content\/uploads\/2025\/10\/BP20M24-a.jpg","contentUrl":"https:\/\/rtt.ee\/wp-content\/uploads\/2025\/10\/BP20M24-a.jpg","width":879,"height":1000},{"@type":"BreadcrumbList","@id":"https:\/\/rtt.ee\/en\/toode\/koopiamasinad-en\/a3-printer-skanner-koopiamasinad-en\/sharp-bp20m24-multifunktsionaalne-a3-must-laserprinter\/#breadcrumb","itemListElement":[{"@type":"ListItem","position":1,"name":"Home","item":"https:\/\/rtt.ee\/en\/"},{"@type":"ListItem","position":2,"name":"Shop","item":"https:\/\/rtt.ee\/en\/shop\/"},{"@type":"ListItem","position":3,"name":"Koopiamasinad","item":"https:\/\/rtt.ee\/tootekategooria\/koopiamasinad\/"},{"@type":"ListItem","position":4,"name":"A3 Printer-Sk\u00e4nner-Koopiamasinad","item":"https:\/\/rtt.ee\/tootekategooria\/koopiamasinad\/a3-printer-skanner-koopiamasinad\/"},{"@type":"ListItem","position":5,"name":"SHARP BP-20M24 multifunktsionaalne A3 must-laserprinter"}]},{"@type":"WebSite","@id":"https:\/\/rtt.ee\/en\/#website","url":"https:\/\/rtt.ee\/en\/","name":"RTT","description":"Kassaaparaadid ja kontorikaubad","potentialAction":[{"@type":"SearchAction","target":{"@type":"EntryPoint","urlTemplate":"https:\/\/rtt.ee\/en\/?s={search_term_string}"},"query-input":{"@type":"PropertyValueSpecification","valueRequired":true,"valueName":"search_term_string"}}],"inLanguage":"en-US"}]}},"_links":{"self":[{"href":"https:\/\/rtt.ee\/en\/wp-json\/wp\/v2\/product\/17382","targetHints":{"allow":["GET"]}}],"collection":[{"href":"https:\/\/rtt.ee\/en\/wp-json\/wp\/v2\/product"}],"about":[{"href":"https:\/\/rtt.ee\/en\/wp-json\/wp\/v2\/types\/product"}],"wp:featuredmedia":[{"embeddable":true,"href":"https:\/\/rtt.ee\/en\/wp-json\/wp\/v2\/media\/13318"}],"wp:attachment":[{"href":"https:\/\/rtt.ee\/en\/wp-json\/wp\/v2\/media?parent=17382"}],"wp:term":[{"taxonomy":"product_brand","embeddable":true,"href":"https:\/\/rtt.ee\/en\/wp-json\/wp\/v2\/product_brand?post=17382"},{"taxonomy":"product_cat","embeddable":true,"href":"https:\/\/rtt.ee\/en\/wp-json\/wp\/v2\/product_cat?post=17382"},{"taxonomy":"product_tag","embeddable":true,"href":"https:\/\/rtt.ee\/en\/wp-json\/wp\/v2\/product_tag?post=17382"}],"curies":[{"name":"wp","href":"https:\/\/api.w.org\/{rel}","templated":true}]}}