{"id":17376,"date":"2026-01-06T13:59:31","date_gmt":"2026-01-06T11:59:31","guid":{"rendered":"https:\/\/rtt.ee\/toode\/uncategorized\/sharp-bp61c31eu-a3-varvi-koopiamasin\/"},"modified":"2026-03-26T14:27:13","modified_gmt":"2026-03-26T12:27:13","slug":"sharp-bp61c31eu-a3-varvi-koopiamasin","status":"publish","type":"product","link":"https:\/\/rtt.ee\/en\/toode\/koopiamasinad-en\/a3-printer-skanner-koopiamasinad-en\/sharp-bp61c31eu-a3-varvi-koopiamasin\/","title":{"rendered":"SHARP BP61C31EU A3 v\u00e4rvi-koopiamasin"},"content":{"rendered":"<p>Funktsioonid: printimine, skannimine, kopeerimine, failihaldus<\/p>\n<p>Tr\u00fckikiirus A4: 31 Lk\/min (must-valge, v\u00e4rviline)<\/p>\n<p>Tr\u00fckikiirus A3: 16 Lk\/min (must-valge, v\u00e4rviline)<\/p>\n<p>Tr\u00fckikvaliteet (dpi): 600&#215;600, 1200&#215;1200 (M\/V ainult)<\/p>\n<p>M\u00e4lu: 5GB<\/p>\n<p>HDD: 256 SSD (Standard), 512GB SSD (v\u00f5imalus)<\/p>\n<p>Paberis\u00f6\u00f6tja maht: 650 lehte (Standard), 6300 lehte (v\u00f5imalus)<\/p>\n<p>\u00dchendused: USB, Ethernet, WiFi<\/p>\n<p>Toetatavad operatsioonis\u00fcsteemid: Windows, Windows Server, MacOS<\/p>\n<p>Lisainfo (Standard): Sharp OSA, OCR<\/p>\n<p>Lisainfo:\u00a0<a href=\"https:\/\/www.sharp.eu\/sharp-bp-61c31\">Tehniline kirjeldus inglise keeles<\/a><\/p>\n<p>Tel: +372 6 112 256<\/p>\n<p>GSM: +372 5 014 470<!--more--><\/p>\n<p><span style=\"font-size: 14pt;color: #ff0000\"><strong>Pakume Sharp kontoriseadmete rent ja t\u00e4ishooldus lahendused \u2013 lisainfo <a style=\"color: #ff0000\" href=\"http:\/\/kontoriprinter.ee\/\">Kontoriprinter.ee<\/a><\/strong><\/span><\/p>\n<section id=\"primary\" class=\"content-area shop-content col-sm-12 col-md-12 col-lg-9 full-1200\"><main id=\"main\" class=\"site-main\" role=\"main\">&nbsp;<\/p>\n<p><\/main><\/section>\n","protected":false},"excerpt":{"rendered":"<p>Funktsioonid: printimine, skannimine, kopeerimine, failihaldus Tr\u00fckikiirus A4: 31 Lk\/min (must-valge, v\u00e4rviline) Tr\u00fckikiirus A3: 16 Lk\/min (must-valge, v\u00e4rviline) Tr\u00fckikvaliteet (dpi): 600&#215;600, 1200&#215;1200 (M\/V ainult) M\u00e4lu: 5GB HDD: 256 SSD (Standard), 512GB SSD (v\u00f5imalus) Paberis\u00f6\u00f6tja maht: 650 lehte (Standard), 6300 lehte (v\u00f5imalus) \u00dchendused: USB, Ethernet, WiFi Toetatavad operatsioonis\u00fcsteemid: Windows, Windows Server, MacOS Lisainfo (Standard): Sharp OSA, OCR [&hellip;]<\/p>\n","protected":false},"featured_media":14492,"template":"","meta":{"_acf_changed":false},"product_brand":[404],"product_cat":[115,120],"product_tag":[],"class_list":{"0":"post-17376","1":"product","2":"type-product","3":"status-publish","4":"has-post-thumbnail","6":"product_brand-sharp","7":"product_cat-koopiamasinad-en","8":"product_cat-a3-printer-skanner-koopiamasinad-en","9":"product_brands-sharp-office-printers","11":"first","12":"onbackorder","13":"taxable","14":"shipping-taxable","15":"purchasable","16":"product-type-simple"},"acf":[],"yoast_head":"<!-- This site is optimized with the Yoast SEO plugin v26.2 - https:\/\/yoast.com\/wordpress\/plugins\/seo\/ -->\n<title>SHARP BP61C31EU A3 v\u00e4rvi-koopiamasin - RTT<\/title>\n<meta name=\"description\" content=\"Sharp BP-61C31EU \u2013 nutikas A3 v\u00e4rviline MFP kaasaegsele kontorile. Kiirus 31 lk\/min, sujuv pilveintegratsioon ja parim prindikvaliteet. Muutke t\u00f6\u00f6voog efektiivsemaks!\" \/>\n<meta name=\"robots\" content=\"index, follow, max-snippet:-1, max-image-preview:large, max-video-preview:-1\" \/>\n<link rel=\"canonical\" href=\"https:\/\/rtt.ee\/en\/toode\/koopiamasinad-en\/a3-printer-skanner-koopiamasinad-en\/sharp-bp61c31eu-a3-varvi-koopiamasin\/\" \/>\n<meta property=\"og:locale\" content=\"en_US\" \/>\n<meta property=\"og:type\" content=\"article\" \/>\n<meta property=\"og:title\" content=\"SHARP BP61C31EU A3 v\u00e4rvi-koopiamasin - RTT\" \/>\n<meta property=\"og:description\" content=\"Sharp BP-61C31EU \u2013 nutikas A3 v\u00e4rviline MFP kaasaegsele kontorile. Kiirus 31 lk\/min, sujuv pilveintegratsioon ja parim prindikvaliteet. Muutke t\u00f6\u00f6voog efektiivsemaks!\" \/>\n<meta property=\"og:url\" content=\"https:\/\/rtt.ee\/en\/toode\/koopiamasinad-en\/a3-printer-skanner-koopiamasinad-en\/sharp-bp61c31eu-a3-varvi-koopiamasin\/\" \/>\n<meta property=\"og:site_name\" content=\"RTT\" \/>\n<meta property=\"article:modified_time\" content=\"2026-03-26T12:27:13+00:00\" \/>\n<meta property=\"og:image\" content=\"https:\/\/rtt.ee\/wp-content\/uploads\/2026\/01\/BP61C31.jpg\" \/>\n\t<meta property=\"og:image:width\" content=\"706\" \/>\n\t<meta property=\"og:image:height\" content=\"1000\" \/>\n\t<meta property=\"og:image:type\" content=\"image\/jpeg\" \/>\n<meta name=\"twitter:card\" content=\"summary_large_image\" \/>\n<meta name=\"twitter:label1\" content=\"Est. reading time\" \/>\n\t<meta name=\"twitter:data1\" content=\"1 minute\" \/>\n<script type=\"application\/ld+json\" class=\"yoast-schema-graph\">{\"@context\":\"https:\/\/schema.org\",\"@graph\":[{\"@type\":\"WebPage\",\"@id\":\"https:\/\/rtt.ee\/en\/toode\/koopiamasinad-en\/a3-printer-skanner-koopiamasinad-en\/sharp-bp61c31eu-a3-varvi-koopiamasin\/\",\"url\":\"https:\/\/rtt.ee\/en\/toode\/koopiamasinad-en\/a3-printer-skanner-koopiamasinad-en\/sharp-bp61c31eu-a3-varvi-koopiamasin\/\",\"name\":\"SHARP BP61C31EU A3 v\u00e4rvi-koopiamasin - RTT\",\"isPartOf\":{\"@id\":\"https:\/\/rtt.ee\/en\/#website\"},\"primaryImageOfPage\":{\"@id\":\"https:\/\/rtt.ee\/en\/toode\/koopiamasinad-en\/a3-printer-skanner-koopiamasinad-en\/sharp-bp61c31eu-a3-varvi-koopiamasin\/#primaryimage\"},\"image\":{\"@id\":\"https:\/\/rtt.ee\/en\/toode\/koopiamasinad-en\/a3-printer-skanner-koopiamasinad-en\/sharp-bp61c31eu-a3-varvi-koopiamasin\/#primaryimage\"},\"thumbnailUrl\":\"https:\/\/rtt.ee\/wp-content\/uploads\/2026\/01\/BP61C31.jpg\",\"datePublished\":\"2026-01-06T11:59:31+00:00\",\"dateModified\":\"2026-03-26T12:27:13+00:00\",\"description\":\"Sharp BP-61C31EU \u2013 nutikas A3 v\u00e4rviline MFP kaasaegsele kontorile. Kiirus 31 lk\/min, sujuv pilveintegratsioon ja parim prindikvaliteet. Muutke t\u00f6\u00f6voog efektiivsemaks!\",\"breadcrumb\":{\"@id\":\"https:\/\/rtt.ee\/en\/toode\/koopiamasinad-en\/a3-printer-skanner-koopiamasinad-en\/sharp-bp61c31eu-a3-varvi-koopiamasin\/#breadcrumb\"},\"inLanguage\":\"en-US\",\"potentialAction\":[{\"@type\":\"ReadAction\",\"target\":[\"https:\/\/rtt.ee\/en\/toode\/koopiamasinad-en\/a3-printer-skanner-koopiamasinad-en\/sharp-bp61c31eu-a3-varvi-koopiamasin\/\"]}]},{\"@type\":\"ImageObject\",\"inLanguage\":\"en-US\",\"@id\":\"https:\/\/rtt.ee\/en\/toode\/koopiamasinad-en\/a3-printer-skanner-koopiamasinad-en\/sharp-bp61c31eu-a3-varvi-koopiamasin\/#primaryimage\",\"url\":\"https:\/\/rtt.ee\/wp-content\/uploads\/2026\/01\/BP61C31.jpg\",\"contentUrl\":\"https:\/\/rtt.ee\/wp-content\/uploads\/2026\/01\/BP61C31.jpg\",\"width\":706,\"height\":1000,\"caption\":\"BP61C31\"},{\"@type\":\"BreadcrumbList\",\"@id\":\"https:\/\/rtt.ee\/en\/toode\/koopiamasinad-en\/a3-printer-skanner-koopiamasinad-en\/sharp-bp61c31eu-a3-varvi-koopiamasin\/#breadcrumb\",\"itemListElement\":[{\"@type\":\"ListItem\",\"position\":1,\"name\":\"Home\",\"item\":\"https:\/\/rtt.ee\/en\/\"},{\"@type\":\"ListItem\",\"position\":2,\"name\":\"Shop\",\"item\":\"https:\/\/rtt.ee\/en\/shop\/\"},{\"@type\":\"ListItem\",\"position\":3,\"name\":\"Koopiamasinad\",\"item\":\"https:\/\/rtt.ee\/tootekategooria\/koopiamasinad\/\"},{\"@type\":\"ListItem\",\"position\":4,\"name\":\"A3 Printer-Sk\u00e4nner-Koopiamasinad\",\"item\":\"https:\/\/rtt.ee\/tootekategooria\/koopiamasinad\/a3-printer-skanner-koopiamasinad\/\"},{\"@type\":\"ListItem\",\"position\":5,\"name\":\"SHARP BP61C31EU A3 v\u00e4rvi-koopiamasin\"}]},{\"@type\":\"WebSite\",\"@id\":\"https:\/\/rtt.ee\/en\/#website\",\"url\":\"https:\/\/rtt.ee\/en\/\",\"name\":\"RTT\",\"description\":\"Kassaaparaadid ja kontorikaubad\",\"potentialAction\":[{\"@type\":\"SearchAction\",\"target\":{\"@type\":\"EntryPoint\",\"urlTemplate\":\"https:\/\/rtt.ee\/en\/?s={search_term_string}\"},\"query-input\":{\"@type\":\"PropertyValueSpecification\",\"valueRequired\":true,\"valueName\":\"search_term_string\"}}],\"inLanguage\":\"en-US\"}]}<\/script>\n<!-- \/ Yoast SEO plugin. -->","yoast_head_json":{"title":"SHARP BP61C31EU A3 v\u00e4rvi-koopiamasin - RTT","description":"Sharp BP-61C31EU \u2013 nutikas A3 v\u00e4rviline MFP kaasaegsele kontorile. Kiirus 31 lk\/min, sujuv pilveintegratsioon ja parim prindikvaliteet. Muutke t\u00f6\u00f6voog efektiivsemaks!","robots":{"index":"index","follow":"follow","max-snippet":"max-snippet:-1","max-image-preview":"max-image-preview:large","max-video-preview":"max-video-preview:-1"},"canonical":"https:\/\/rtt.ee\/en\/toode\/koopiamasinad-en\/a3-printer-skanner-koopiamasinad-en\/sharp-bp61c31eu-a3-varvi-koopiamasin\/","og_locale":"en_US","og_type":"article","og_title":"SHARP BP61C31EU A3 v\u00e4rvi-koopiamasin - RTT","og_description":"Sharp BP-61C31EU \u2013 nutikas A3 v\u00e4rviline MFP kaasaegsele kontorile. Kiirus 31 lk\/min, sujuv pilveintegratsioon ja parim prindikvaliteet. Muutke t\u00f6\u00f6voog efektiivsemaks!","og_url":"https:\/\/rtt.ee\/en\/toode\/koopiamasinad-en\/a3-printer-skanner-koopiamasinad-en\/sharp-bp61c31eu-a3-varvi-koopiamasin\/","og_site_name":"RTT","article_modified_time":"2026-03-26T12:27:13+00:00","og_image":[{"width":706,"height":1000,"url":"https:\/\/rtt.ee\/wp-content\/uploads\/2026\/01\/BP61C31.jpg","type":"image\/jpeg"}],"twitter_card":"summary_large_image","twitter_misc":{"Est. reading time":"1 minute"},"schema":{"@context":"https:\/\/schema.org","@graph":[{"@type":"WebPage","@id":"https:\/\/rtt.ee\/en\/toode\/koopiamasinad-en\/a3-printer-skanner-koopiamasinad-en\/sharp-bp61c31eu-a3-varvi-koopiamasin\/","url":"https:\/\/rtt.ee\/en\/toode\/koopiamasinad-en\/a3-printer-skanner-koopiamasinad-en\/sharp-bp61c31eu-a3-varvi-koopiamasin\/","name":"SHARP BP61C31EU A3 v\u00e4rvi-koopiamasin - RTT","isPartOf":{"@id":"https:\/\/rtt.ee\/en\/#website"},"primaryImageOfPage":{"@id":"https:\/\/rtt.ee\/en\/toode\/koopiamasinad-en\/a3-printer-skanner-koopiamasinad-en\/sharp-bp61c31eu-a3-varvi-koopiamasin\/#primaryimage"},"image":{"@id":"https:\/\/rtt.ee\/en\/toode\/koopiamasinad-en\/a3-printer-skanner-koopiamasinad-en\/sharp-bp61c31eu-a3-varvi-koopiamasin\/#primaryimage"},"thumbnailUrl":"https:\/\/rtt.ee\/wp-content\/uploads\/2026\/01\/BP61C31.jpg","datePublished":"2026-01-06T11:59:31+00:00","dateModified":"2026-03-26T12:27:13+00:00","description":"Sharp BP-61C31EU \u2013 nutikas A3 v\u00e4rviline MFP kaasaegsele kontorile. Kiirus 31 lk\/min, sujuv pilveintegratsioon ja parim prindikvaliteet. Muutke t\u00f6\u00f6voog efektiivsemaks!","breadcrumb":{"@id":"https:\/\/rtt.ee\/en\/toode\/koopiamasinad-en\/a3-printer-skanner-koopiamasinad-en\/sharp-bp61c31eu-a3-varvi-koopiamasin\/#breadcrumb"},"inLanguage":"en-US","potentialAction":[{"@type":"ReadAction","target":["https:\/\/rtt.ee\/en\/toode\/koopiamasinad-en\/a3-printer-skanner-koopiamasinad-en\/sharp-bp61c31eu-a3-varvi-koopiamasin\/"]}]},{"@type":"ImageObject","inLanguage":"en-US","@id":"https:\/\/rtt.ee\/en\/toode\/koopiamasinad-en\/a3-printer-skanner-koopiamasinad-en\/sharp-bp61c31eu-a3-varvi-koopiamasin\/#primaryimage","url":"https:\/\/rtt.ee\/wp-content\/uploads\/2026\/01\/BP61C31.jpg","contentUrl":"https:\/\/rtt.ee\/wp-content\/uploads\/2026\/01\/BP61C31.jpg","width":706,"height":1000,"caption":"BP61C31"},{"@type":"BreadcrumbList","@id":"https:\/\/rtt.ee\/en\/toode\/koopiamasinad-en\/a3-printer-skanner-koopiamasinad-en\/sharp-bp61c31eu-a3-varvi-koopiamasin\/#breadcrumb","itemListElement":[{"@type":"ListItem","position":1,"name":"Home","item":"https:\/\/rtt.ee\/en\/"},{"@type":"ListItem","position":2,"name":"Shop","item":"https:\/\/rtt.ee\/en\/shop\/"},{"@type":"ListItem","position":3,"name":"Koopiamasinad","item":"https:\/\/rtt.ee\/tootekategooria\/koopiamasinad\/"},{"@type":"ListItem","position":4,"name":"A3 Printer-Sk\u00e4nner-Koopiamasinad","item":"https:\/\/rtt.ee\/tootekategooria\/koopiamasinad\/a3-printer-skanner-koopiamasinad\/"},{"@type":"ListItem","position":5,"name":"SHARP BP61C31EU A3 v\u00e4rvi-koopiamasin"}]},{"@type":"WebSite","@id":"https:\/\/rtt.ee\/en\/#website","url":"https:\/\/rtt.ee\/en\/","name":"RTT","description":"Kassaaparaadid ja kontorikaubad","potentialAction":[{"@type":"SearchAction","target":{"@type":"EntryPoint","urlTemplate":"https:\/\/rtt.ee\/en\/?s={search_term_string}"},"query-input":{"@type":"PropertyValueSpecification","valueRequired":true,"valueName":"search_term_string"}}],"inLanguage":"en-US"}]}},"_links":{"self":[{"href":"https:\/\/rtt.ee\/en\/wp-json\/wp\/v2\/product\/17376","targetHints":{"allow":["GET"]}}],"collection":[{"href":"https:\/\/rtt.ee\/en\/wp-json\/wp\/v2\/product"}],"about":[{"href":"https:\/\/rtt.ee\/en\/wp-json\/wp\/v2\/types\/product"}],"wp:featuredmedia":[{"embeddable":true,"href":"https:\/\/rtt.ee\/en\/wp-json\/wp\/v2\/media\/14492"}],"wp:attachment":[{"href":"https:\/\/rtt.ee\/en\/wp-json\/wp\/v2\/media?parent=17376"}],"wp:term":[{"taxonomy":"product_brand","embeddable":true,"href":"https:\/\/rtt.ee\/en\/wp-json\/wp\/v2\/product_brand?post=17376"},{"taxonomy":"product_cat","embeddable":true,"href":"https:\/\/rtt.ee\/en\/wp-json\/wp\/v2\/product_cat?post=17376"},{"taxonomy":"product_tag","embeddable":true,"href":"https:\/\/rtt.ee\/en\/wp-json\/wp\/v2\/product_tag?post=17376"}],"curies":[{"name":"wp","href":"https:\/\/api.w.org\/{rel}","templated":true}]}}