{"id":17374,"date":"2025-08-27T12:04:34","date_gmt":"2025-08-27T09:04:34","guid":{"rendered":"https:\/\/rtt.ee\/toode\/uncategorized\/etiketiprinter-zebra-zd220-termo-usb\/"},"modified":"2026-03-24T15:57:48","modified_gmt":"2026-03-24T13:57:48","slug":"etiketiprinter-zebra-zd220-termo-usb","status":"publish","type":"product","link":"https:\/\/rtt.ee\/en\/toode\/printerid-en\/etiketiprinter-en\/etiketiprinter-zebra-zd220-termo-usb\/","title":{"rendered":"Etiketiprinter Zebra ZD220 203dpi, Termo, USB"},"content":{"rendered":"<p>Tr\u00fckitehnoloogia: termo<\/p>\n<p>Resolutsioon: 203dpi (8 dots\/mm)<\/p>\n<p>Tr\u00fckikiirus (max): max 102 mm\/sek<\/p>\n<p>Tr\u00fcki laius (max): 104mm<\/p>\n<p>Meedia laus (max.): 112mm<\/p>\n<p>Rulli diameeter (max): 127mm<\/p>\n<p>\u00dchendused: USB 2.0<\/p>\n","protected":false},"excerpt":{"rendered":"<p>Tr\u00fckitehnoloogia: termo Resolutsioon: 203dpi (8 dots\/mm) Tr\u00fckikiirus (max): max 102 mm\/sek Tr\u00fcki laius (max): 104mm Meedia laus (max.): 112mm Rulli diameeter (max): 127mm \u00dchendused: USB 2.0<\/p>\n","protected":false},"featured_media":12752,"template":"","meta":{"_acf_changed":false},"product_brand":[408],"product_cat":[129],"product_tag":[],"class_list":{"0":"post-17374","1":"product","2":"type-product","3":"status-publish","4":"has-post-thumbnail","6":"product_brand-zebra","7":"product_cat-etiketiprinter-en","8":"product_brands-zebra-en","10":"first","11":"onbackorder","12":"taxable","13":"shipping-taxable","14":"purchasable","15":"product-type-simple"},"acf":[],"yoast_head":"<!-- This site is optimized with the Yoast SEO plugin v26.2 - https:\/\/yoast.com\/wordpress\/plugins\/seo\/ -->\n<title>Etiketiprinter Zebra ZD220 203dpi, Termo, USB - RTT<\/title>\n<meta name=\"description\" content=\"Zebra ZD220 on soodne ja usaldusv\u00e4\u00e4rne lauaprinter, mis pakub lihtsat etikettide ja v\u00f6\u00f6tkoodide printimist. Sobib v\u00e4iksematele ettev\u00f5tetele logistikast jaekaubanduseni\" \/>\n<meta name=\"robots\" content=\"index, follow, max-snippet:-1, max-image-preview:large, max-video-preview:-1\" \/>\n<link rel=\"canonical\" href=\"https:\/\/rtt.ee\/en\/toode\/printerid-en\/etiketiprinter-en\/etiketiprinter-zebra-zd220-termo-usb\/\" \/>\n<meta property=\"og:locale\" content=\"en_US\" \/>\n<meta property=\"og:type\" content=\"article\" \/>\n<meta property=\"og:title\" content=\"Etiketiprinter Zebra ZD220 203dpi, Termo, USB - RTT\" \/>\n<meta property=\"og:description\" content=\"Zebra ZD220 on soodne ja usaldusv\u00e4\u00e4rne lauaprinter, mis pakub lihtsat etikettide ja v\u00f6\u00f6tkoodide printimist. Sobib v\u00e4iksematele ettev\u00f5tetele logistikast jaekaubanduseni\" \/>\n<meta property=\"og:url\" content=\"https:\/\/rtt.ee\/en\/toode\/printerid-en\/etiketiprinter-en\/etiketiprinter-zebra-zd220-termo-usb\/\" \/>\n<meta property=\"og:site_name\" content=\"RTT\" \/>\n<meta property=\"article:modified_time\" content=\"2026-03-24T13:57:48+00:00\" \/>\n<meta property=\"og:image\" content=\"https:\/\/rtt.ee\/wp-content\/uploads\/2025\/08\/zd220-photography-website-right-1x1-300x300.jpg.imgo_.jpg\" \/>\n\t<meta property=\"og:image:width\" content=\"300\" \/>\n\t<meta property=\"og:image:height\" content=\"300\" \/>\n\t<meta property=\"og:image:type\" content=\"image\/jpeg\" \/>\n<meta name=\"twitter:card\" content=\"summary_large_image\" \/>\n<meta name=\"twitter:label1\" content=\"Est. reading time\" \/>\n\t<meta name=\"twitter:data1\" content=\"1 minute\" \/>\n<script type=\"application\/ld+json\" class=\"yoast-schema-graph\">{\"@context\":\"https:\/\/schema.org\",\"@graph\":[{\"@type\":\"WebPage\",\"@id\":\"https:\/\/rtt.ee\/en\/toode\/printerid-en\/etiketiprinter-en\/etiketiprinter-zebra-zd220-termo-usb\/\",\"url\":\"https:\/\/rtt.ee\/en\/toode\/printerid-en\/etiketiprinter-en\/etiketiprinter-zebra-zd220-termo-usb\/\",\"name\":\"Etiketiprinter Zebra ZD220 203dpi, Termo, USB - RTT\",\"isPartOf\":{\"@id\":\"https:\/\/rtt.ee\/en\/#website\"},\"primaryImageOfPage\":{\"@id\":\"https:\/\/rtt.ee\/en\/toode\/printerid-en\/etiketiprinter-en\/etiketiprinter-zebra-zd220-termo-usb\/#primaryimage\"},\"image\":{\"@id\":\"https:\/\/rtt.ee\/en\/toode\/printerid-en\/etiketiprinter-en\/etiketiprinter-zebra-zd220-termo-usb\/#primaryimage\"},\"thumbnailUrl\":\"https:\/\/rtt.ee\/wp-content\/uploads\/2025\/08\/zd220-photography-website-right-1x1-300x300.jpg.imgo_.jpg\",\"datePublished\":\"2025-08-27T09:04:34+00:00\",\"dateModified\":\"2026-03-24T13:57:48+00:00\",\"description\":\"Zebra ZD220 on soodne ja usaldusv\u00e4\u00e4rne lauaprinter, mis pakub lihtsat etikettide ja v\u00f6\u00f6tkoodide printimist. Sobib v\u00e4iksematele ettev\u00f5tetele logistikast jaekaubanduseni\",\"breadcrumb\":{\"@id\":\"https:\/\/rtt.ee\/en\/toode\/printerid-en\/etiketiprinter-en\/etiketiprinter-zebra-zd220-termo-usb\/#breadcrumb\"},\"inLanguage\":\"en-US\",\"potentialAction\":[{\"@type\":\"ReadAction\",\"target\":[\"https:\/\/rtt.ee\/en\/toode\/printerid-en\/etiketiprinter-en\/etiketiprinter-zebra-zd220-termo-usb\/\"]}]},{\"@type\":\"ImageObject\",\"inLanguage\":\"en-US\",\"@id\":\"https:\/\/rtt.ee\/en\/toode\/printerid-en\/etiketiprinter-en\/etiketiprinter-zebra-zd220-termo-usb\/#primaryimage\",\"url\":\"https:\/\/rtt.ee\/wp-content\/uploads\/2025\/08\/zd220-photography-website-right-1x1-300x300.jpg.imgo_.jpg\",\"contentUrl\":\"https:\/\/rtt.ee\/wp-content\/uploads\/2025\/08\/zd220-photography-website-right-1x1-300x300.jpg.imgo_.jpg\",\"width\":300,\"height\":300,\"caption\":\"ZD220\"},{\"@type\":\"BreadcrumbList\",\"@id\":\"https:\/\/rtt.ee\/en\/toode\/printerid-en\/etiketiprinter-en\/etiketiprinter-zebra-zd220-termo-usb\/#breadcrumb\",\"itemListElement\":[{\"@type\":\"ListItem\",\"position\":1,\"name\":\"Home\",\"item\":\"https:\/\/rtt.ee\/en\/\"},{\"@type\":\"ListItem\",\"position\":2,\"name\":\"Shop\",\"item\":\"https:\/\/rtt.ee\/en\/shop\/\"},{\"@type\":\"ListItem\",\"position\":3,\"name\":\"Printerid\",\"item\":\"https:\/\/rtt.ee\/tootekategooria\/printerid\/\"},{\"@type\":\"ListItem\",\"position\":4,\"name\":\"Etiketiprinter\",\"item\":\"https:\/\/rtt.ee\/tootekategooria\/printerid\/etiketiprinter\/\"},{\"@type\":\"ListItem\",\"position\":5,\"name\":\"Etiketiprinter Zebra ZD220 203dpi, Termo, USB\"}]},{\"@type\":\"WebSite\",\"@id\":\"https:\/\/rtt.ee\/en\/#website\",\"url\":\"https:\/\/rtt.ee\/en\/\",\"name\":\"RTT\",\"description\":\"Kassaaparaadid ja kontorikaubad\",\"potentialAction\":[{\"@type\":\"SearchAction\",\"target\":{\"@type\":\"EntryPoint\",\"urlTemplate\":\"https:\/\/rtt.ee\/en\/?s={search_term_string}\"},\"query-input\":{\"@type\":\"PropertyValueSpecification\",\"valueRequired\":true,\"valueName\":\"search_term_string\"}}],\"inLanguage\":\"en-US\"}]}<\/script>\n<!-- \/ Yoast SEO plugin. -->","yoast_head_json":{"title":"Etiketiprinter Zebra ZD220 203dpi, Termo, USB - RTT","description":"Zebra ZD220 on soodne ja usaldusv\u00e4\u00e4rne lauaprinter, mis pakub lihtsat etikettide ja v\u00f6\u00f6tkoodide printimist. Sobib v\u00e4iksematele ettev\u00f5tetele logistikast jaekaubanduseni","robots":{"index":"index","follow":"follow","max-snippet":"max-snippet:-1","max-image-preview":"max-image-preview:large","max-video-preview":"max-video-preview:-1"},"canonical":"https:\/\/rtt.ee\/en\/toode\/printerid-en\/etiketiprinter-en\/etiketiprinter-zebra-zd220-termo-usb\/","og_locale":"en_US","og_type":"article","og_title":"Etiketiprinter Zebra ZD220 203dpi, Termo, USB - RTT","og_description":"Zebra ZD220 on soodne ja usaldusv\u00e4\u00e4rne lauaprinter, mis pakub lihtsat etikettide ja v\u00f6\u00f6tkoodide printimist. Sobib v\u00e4iksematele ettev\u00f5tetele logistikast jaekaubanduseni","og_url":"https:\/\/rtt.ee\/en\/toode\/printerid-en\/etiketiprinter-en\/etiketiprinter-zebra-zd220-termo-usb\/","og_site_name":"RTT","article_modified_time":"2026-03-24T13:57:48+00:00","og_image":[{"width":300,"height":300,"url":"https:\/\/rtt.ee\/wp-content\/uploads\/2025\/08\/zd220-photography-website-right-1x1-300x300.jpg.imgo_.jpg","type":"image\/jpeg"}],"twitter_card":"summary_large_image","twitter_misc":{"Est. reading time":"1 minute"},"schema":{"@context":"https:\/\/schema.org","@graph":[{"@type":"WebPage","@id":"https:\/\/rtt.ee\/en\/toode\/printerid-en\/etiketiprinter-en\/etiketiprinter-zebra-zd220-termo-usb\/","url":"https:\/\/rtt.ee\/en\/toode\/printerid-en\/etiketiprinter-en\/etiketiprinter-zebra-zd220-termo-usb\/","name":"Etiketiprinter Zebra ZD220 203dpi, Termo, USB - RTT","isPartOf":{"@id":"https:\/\/rtt.ee\/en\/#website"},"primaryImageOfPage":{"@id":"https:\/\/rtt.ee\/en\/toode\/printerid-en\/etiketiprinter-en\/etiketiprinter-zebra-zd220-termo-usb\/#primaryimage"},"image":{"@id":"https:\/\/rtt.ee\/en\/toode\/printerid-en\/etiketiprinter-en\/etiketiprinter-zebra-zd220-termo-usb\/#primaryimage"},"thumbnailUrl":"https:\/\/rtt.ee\/wp-content\/uploads\/2025\/08\/zd220-photography-website-right-1x1-300x300.jpg.imgo_.jpg","datePublished":"2025-08-27T09:04:34+00:00","dateModified":"2026-03-24T13:57:48+00:00","description":"Zebra ZD220 on soodne ja usaldusv\u00e4\u00e4rne lauaprinter, mis pakub lihtsat etikettide ja v\u00f6\u00f6tkoodide printimist. Sobib v\u00e4iksematele ettev\u00f5tetele logistikast jaekaubanduseni","breadcrumb":{"@id":"https:\/\/rtt.ee\/en\/toode\/printerid-en\/etiketiprinter-en\/etiketiprinter-zebra-zd220-termo-usb\/#breadcrumb"},"inLanguage":"en-US","potentialAction":[{"@type":"ReadAction","target":["https:\/\/rtt.ee\/en\/toode\/printerid-en\/etiketiprinter-en\/etiketiprinter-zebra-zd220-termo-usb\/"]}]},{"@type":"ImageObject","inLanguage":"en-US","@id":"https:\/\/rtt.ee\/en\/toode\/printerid-en\/etiketiprinter-en\/etiketiprinter-zebra-zd220-termo-usb\/#primaryimage","url":"https:\/\/rtt.ee\/wp-content\/uploads\/2025\/08\/zd220-photography-website-right-1x1-300x300.jpg.imgo_.jpg","contentUrl":"https:\/\/rtt.ee\/wp-content\/uploads\/2025\/08\/zd220-photography-website-right-1x1-300x300.jpg.imgo_.jpg","width":300,"height":300,"caption":"ZD220"},{"@type":"BreadcrumbList","@id":"https:\/\/rtt.ee\/en\/toode\/printerid-en\/etiketiprinter-en\/etiketiprinter-zebra-zd220-termo-usb\/#breadcrumb","itemListElement":[{"@type":"ListItem","position":1,"name":"Home","item":"https:\/\/rtt.ee\/en\/"},{"@type":"ListItem","position":2,"name":"Shop","item":"https:\/\/rtt.ee\/en\/shop\/"},{"@type":"ListItem","position":3,"name":"Printerid","item":"https:\/\/rtt.ee\/tootekategooria\/printerid\/"},{"@type":"ListItem","position":4,"name":"Etiketiprinter","item":"https:\/\/rtt.ee\/tootekategooria\/printerid\/etiketiprinter\/"},{"@type":"ListItem","position":5,"name":"Etiketiprinter Zebra ZD220 203dpi, Termo, USB"}]},{"@type":"WebSite","@id":"https:\/\/rtt.ee\/en\/#website","url":"https:\/\/rtt.ee\/en\/","name":"RTT","description":"Kassaaparaadid ja kontorikaubad","potentialAction":[{"@type":"SearchAction","target":{"@type":"EntryPoint","urlTemplate":"https:\/\/rtt.ee\/en\/?s={search_term_string}"},"query-input":{"@type":"PropertyValueSpecification","valueRequired":true,"valueName":"search_term_string"}}],"inLanguage":"en-US"}]}},"_links":{"self":[{"href":"https:\/\/rtt.ee\/en\/wp-json\/wp\/v2\/product\/17374","targetHints":{"allow":["GET"]}}],"collection":[{"href":"https:\/\/rtt.ee\/en\/wp-json\/wp\/v2\/product"}],"about":[{"href":"https:\/\/rtt.ee\/en\/wp-json\/wp\/v2\/types\/product"}],"wp:featuredmedia":[{"embeddable":true,"href":"https:\/\/rtt.ee\/en\/wp-json\/wp\/v2\/media\/12752"}],"wp:attachment":[{"href":"https:\/\/rtt.ee\/en\/wp-json\/wp\/v2\/media?parent=17374"}],"wp:term":[{"taxonomy":"product_brand","embeddable":true,"href":"https:\/\/rtt.ee\/en\/wp-json\/wp\/v2\/product_brand?post=17374"},{"taxonomy":"product_cat","embeddable":true,"href":"https:\/\/rtt.ee\/en\/wp-json\/wp\/v2\/product_cat?post=17374"},{"taxonomy":"product_tag","embeddable":true,"href":"https:\/\/rtt.ee\/en\/wp-json\/wp\/v2\/product_tag?post=17374"}],"curies":[{"name":"wp","href":"https:\/\/api.w.org\/{rel}","templated":true}]}}