{"id":17371,"date":"2025-08-27T11:45:02","date_gmt":"2025-08-27T08:45:02","guid":{"rendered":"https:\/\/rtt.ee\/toode\/uncategorized\/etiketiprinter-zebra-zd411-termo-termsiire-usb\/"},"modified":"2026-03-24T15:55:23","modified_gmt":"2026-03-24T13:55:23","slug":"etiketiprinter-zebra-zd411-termo-termsiire-usb","status":"publish","type":"product","link":"https:\/\/rtt.ee\/en\/toode\/printerid-en\/etiketiprinter-en\/etiketiprinter-zebra-zd411-termo-termsiire-usb\/","title":{"rendered":"Etiketiprinter Zebra ZD411 203dpi, TERMO\/TERMOSIIRE, USB"},"content":{"rendered":"<p>Tr\u00fckitehnoloogia: termo, termosiire<\/p>\n<p>Resolutsioon: 203dpi<\/p>\n<p>Tr\u00fckikiirus (max): max 152 mm\/sek<\/p>\n<p>Meedia laisu (max): 58mm<\/p>\n<p>Tr\u00fcki laius (max): 56mm<\/p>\n<p>Rulli diameeter (max): 127mm<\/p>\n<p>RAM: 256MB<\/p>\n<p>\u00dchendused: USB 2.0<\/p>\n<p>Komplektis: USB kaabel<\/p>\n<div class=\"d-none d-xl-flex flex-column\">\n<div class=\"flex-column text-start text-xl-end \">M\u00f5\u00f5dud: 220mm x 115mm x 151mm<\/div>\n<\/div>\n","protected":false},"excerpt":{"rendered":"<p>Tr\u00fckitehnoloogia: termo, termosiire Resolutsioon: 203dpi Tr\u00fckikiirus (max): max 152 mm\/sek Meedia laisu (max): 58mm Tr\u00fcki laius (max): 56mm Rulli diameeter (max): 127mm RAM: 256MB \u00dchendused: USB 2.0 Komplektis: USB kaabel M\u00f5\u00f5dud: 220mm x 115mm x 151mm<\/p>\n","protected":false},"featured_media":2348,"template":"","meta":{"_acf_changed":false},"product_brand":[408],"product_cat":[129],"product_tag":[],"class_list":{"0":"post-17371","1":"product","2":"type-product","3":"status-publish","4":"has-post-thumbnail","6":"product_brand-zebra","7":"product_cat-etiketiprinter-en","8":"product_brands-zebra-en","10":"first","11":"onbackorder","12":"taxable","13":"shipping-taxable","14":"purchasable","15":"product-type-simple"},"acf":[],"yoast_head":"<!-- This site is optimized with the Yoast SEO plugin v26.2 - https:\/\/yoast.com\/wordpress\/plugins\/seo\/ -->\n<title>Etiketiprinter Zebra ZD411 203dpi, TERMO\/TERMOSIIRE, USB - RTT<\/title>\n<meta name=\"description\" content=\"Zebra ZD411 on kompaktne lauaprinter, mis pakub usaldusv\u00e4\u00e4rset ja kvaliteetset etikettide printimist. Sobib logistikale, tervishoiule ja jaekaubandusele\" \/>\n<meta name=\"robots\" content=\"index, follow, max-snippet:-1, max-image-preview:large, max-video-preview:-1\" \/>\n<link rel=\"canonical\" href=\"https:\/\/rtt.ee\/en\/toode\/printerid-en\/etiketiprinter-en\/etiketiprinter-zebra-zd411-termo-termsiire-usb\/\" \/>\n<meta property=\"og:locale\" content=\"en_US\" \/>\n<meta property=\"og:type\" content=\"article\" \/>\n<meta property=\"og:title\" content=\"Etiketiprinter Zebra ZD411 203dpi, TERMO\/TERMOSIIRE, USB - RTT\" \/>\n<meta property=\"og:description\" content=\"Zebra ZD411 on kompaktne lauaprinter, mis pakub usaldusv\u00e4\u00e4rset ja kvaliteetset etikettide printimist. Sobib logistikale, tervishoiule ja jaekaubandusele\" \/>\n<meta property=\"og:url\" content=\"https:\/\/rtt.ee\/en\/toode\/printerid-en\/etiketiprinter-en\/etiketiprinter-zebra-zd411-termo-termsiire-usb\/\" \/>\n<meta property=\"og:site_name\" content=\"RTT\" \/>\n<meta property=\"article:modified_time\" content=\"2026-03-24T13:55:23+00:00\" \/>\n<meta property=\"og:image\" content=\"https:\/\/rtt.ee\/wp-content\/uploads\/2018\/10\/499_1_s-e1774359238619.jpg\" \/>\n\t<meta property=\"og:image:width\" content=\"1192\" \/>\n\t<meta property=\"og:image:height\" content=\"896\" \/>\n\t<meta property=\"og:image:type\" content=\"image\/jpeg\" \/>\n<meta name=\"twitter:card\" content=\"summary_large_image\" \/>\n<meta name=\"twitter:label1\" content=\"Est. reading time\" \/>\n\t<meta name=\"twitter:data1\" content=\"1 minute\" \/>\n<script type=\"application\/ld+json\" class=\"yoast-schema-graph\">{\"@context\":\"https:\/\/schema.org\",\"@graph\":[{\"@type\":\"WebPage\",\"@id\":\"https:\/\/rtt.ee\/en\/toode\/printerid-en\/etiketiprinter-en\/etiketiprinter-zebra-zd411-termo-termsiire-usb\/\",\"url\":\"https:\/\/rtt.ee\/en\/toode\/printerid-en\/etiketiprinter-en\/etiketiprinter-zebra-zd411-termo-termsiire-usb\/\",\"name\":\"Etiketiprinter Zebra ZD411 203dpi, TERMO\/TERMOSIIRE, USB - RTT\",\"isPartOf\":{\"@id\":\"https:\/\/rtt.ee\/en\/#website\"},\"primaryImageOfPage\":{\"@id\":\"https:\/\/rtt.ee\/en\/toode\/printerid-en\/etiketiprinter-en\/etiketiprinter-zebra-zd411-termo-termsiire-usb\/#primaryimage\"},\"image\":{\"@id\":\"https:\/\/rtt.ee\/en\/toode\/printerid-en\/etiketiprinter-en\/etiketiprinter-zebra-zd411-termo-termsiire-usb\/#primaryimage\"},\"thumbnailUrl\":\"https:\/\/rtt.ee\/wp-content\/uploads\/2018\/10\/499_1_s-e1774359238619.jpg\",\"datePublished\":\"2025-08-27T08:45:02+00:00\",\"dateModified\":\"2026-03-24T13:55:23+00:00\",\"description\":\"Zebra ZD411 on kompaktne lauaprinter, mis pakub usaldusv\u00e4\u00e4rset ja kvaliteetset etikettide printimist. Sobib logistikale, tervishoiule ja jaekaubandusele\",\"breadcrumb\":{\"@id\":\"https:\/\/rtt.ee\/en\/toode\/printerid-en\/etiketiprinter-en\/etiketiprinter-zebra-zd411-termo-termsiire-usb\/#breadcrumb\"},\"inLanguage\":\"en-US\",\"potentialAction\":[{\"@type\":\"ReadAction\",\"target\":[\"https:\/\/rtt.ee\/en\/toode\/printerid-en\/etiketiprinter-en\/etiketiprinter-zebra-zd411-termo-termsiire-usb\/\"]}]},{\"@type\":\"ImageObject\",\"inLanguage\":\"en-US\",\"@id\":\"https:\/\/rtt.ee\/en\/toode\/printerid-en\/etiketiprinter-en\/etiketiprinter-zebra-zd411-termo-termsiire-usb\/#primaryimage\",\"url\":\"https:\/\/rtt.ee\/wp-content\/uploads\/2018\/10\/499_1_s-e1774359238619.jpg\",\"contentUrl\":\"https:\/\/rtt.ee\/wp-content\/uploads\/2018\/10\/499_1_s-e1774359238619.jpg\",\"width\":1192,\"height\":896,\"caption\":\"ZD41\"},{\"@type\":\"BreadcrumbList\",\"@id\":\"https:\/\/rtt.ee\/en\/toode\/printerid-en\/etiketiprinter-en\/etiketiprinter-zebra-zd411-termo-termsiire-usb\/#breadcrumb\",\"itemListElement\":[{\"@type\":\"ListItem\",\"position\":1,\"name\":\"Home\",\"item\":\"https:\/\/rtt.ee\/en\/\"},{\"@type\":\"ListItem\",\"position\":2,\"name\":\"Shop\",\"item\":\"https:\/\/rtt.ee\/en\/shop\/\"},{\"@type\":\"ListItem\",\"position\":3,\"name\":\"Printerid\",\"item\":\"https:\/\/rtt.ee\/tootekategooria\/printerid\/\"},{\"@type\":\"ListItem\",\"position\":4,\"name\":\"Etiketiprinter\",\"item\":\"https:\/\/rtt.ee\/tootekategooria\/printerid\/etiketiprinter\/\"},{\"@type\":\"ListItem\",\"position\":5,\"name\":\"Etiketiprinter Zebra ZD411 203dpi, TERMO\/TERMOSIIRE, USB\"}]},{\"@type\":\"WebSite\",\"@id\":\"https:\/\/rtt.ee\/en\/#website\",\"url\":\"https:\/\/rtt.ee\/en\/\",\"name\":\"RTT\",\"description\":\"Kassaaparaadid ja kontorikaubad\",\"potentialAction\":[{\"@type\":\"SearchAction\",\"target\":{\"@type\":\"EntryPoint\",\"urlTemplate\":\"https:\/\/rtt.ee\/en\/?s={search_term_string}\"},\"query-input\":{\"@type\":\"PropertyValueSpecification\",\"valueRequired\":true,\"valueName\":\"search_term_string\"}}],\"inLanguage\":\"en-US\"}]}<\/script>\n<!-- \/ Yoast SEO plugin. -->","yoast_head_json":{"title":"Etiketiprinter Zebra ZD411 203dpi, TERMO\/TERMOSIIRE, USB - RTT","description":"Zebra ZD411 on kompaktne lauaprinter, mis pakub usaldusv\u00e4\u00e4rset ja kvaliteetset etikettide printimist. Sobib logistikale, tervishoiule ja jaekaubandusele","robots":{"index":"index","follow":"follow","max-snippet":"max-snippet:-1","max-image-preview":"max-image-preview:large","max-video-preview":"max-video-preview:-1"},"canonical":"https:\/\/rtt.ee\/en\/toode\/printerid-en\/etiketiprinter-en\/etiketiprinter-zebra-zd411-termo-termsiire-usb\/","og_locale":"en_US","og_type":"article","og_title":"Etiketiprinter Zebra ZD411 203dpi, TERMO\/TERMOSIIRE, USB - RTT","og_description":"Zebra ZD411 on kompaktne lauaprinter, mis pakub usaldusv\u00e4\u00e4rset ja kvaliteetset etikettide printimist. Sobib logistikale, tervishoiule ja jaekaubandusele","og_url":"https:\/\/rtt.ee\/en\/toode\/printerid-en\/etiketiprinter-en\/etiketiprinter-zebra-zd411-termo-termsiire-usb\/","og_site_name":"RTT","article_modified_time":"2026-03-24T13:55:23+00:00","og_image":[{"width":1192,"height":896,"url":"https:\/\/rtt.ee\/wp-content\/uploads\/2018\/10\/499_1_s-e1774359238619.jpg","type":"image\/jpeg"}],"twitter_card":"summary_large_image","twitter_misc":{"Est. reading time":"1 minute"},"schema":{"@context":"https:\/\/schema.org","@graph":[{"@type":"WebPage","@id":"https:\/\/rtt.ee\/en\/toode\/printerid-en\/etiketiprinter-en\/etiketiprinter-zebra-zd411-termo-termsiire-usb\/","url":"https:\/\/rtt.ee\/en\/toode\/printerid-en\/etiketiprinter-en\/etiketiprinter-zebra-zd411-termo-termsiire-usb\/","name":"Etiketiprinter Zebra ZD411 203dpi, TERMO\/TERMOSIIRE, USB - RTT","isPartOf":{"@id":"https:\/\/rtt.ee\/en\/#website"},"primaryImageOfPage":{"@id":"https:\/\/rtt.ee\/en\/toode\/printerid-en\/etiketiprinter-en\/etiketiprinter-zebra-zd411-termo-termsiire-usb\/#primaryimage"},"image":{"@id":"https:\/\/rtt.ee\/en\/toode\/printerid-en\/etiketiprinter-en\/etiketiprinter-zebra-zd411-termo-termsiire-usb\/#primaryimage"},"thumbnailUrl":"https:\/\/rtt.ee\/wp-content\/uploads\/2018\/10\/499_1_s-e1774359238619.jpg","datePublished":"2025-08-27T08:45:02+00:00","dateModified":"2026-03-24T13:55:23+00:00","description":"Zebra ZD411 on kompaktne lauaprinter, mis pakub usaldusv\u00e4\u00e4rset ja kvaliteetset etikettide printimist. Sobib logistikale, tervishoiule ja jaekaubandusele","breadcrumb":{"@id":"https:\/\/rtt.ee\/en\/toode\/printerid-en\/etiketiprinter-en\/etiketiprinter-zebra-zd411-termo-termsiire-usb\/#breadcrumb"},"inLanguage":"en-US","potentialAction":[{"@type":"ReadAction","target":["https:\/\/rtt.ee\/en\/toode\/printerid-en\/etiketiprinter-en\/etiketiprinter-zebra-zd411-termo-termsiire-usb\/"]}]},{"@type":"ImageObject","inLanguage":"en-US","@id":"https:\/\/rtt.ee\/en\/toode\/printerid-en\/etiketiprinter-en\/etiketiprinter-zebra-zd411-termo-termsiire-usb\/#primaryimage","url":"https:\/\/rtt.ee\/wp-content\/uploads\/2018\/10\/499_1_s-e1774359238619.jpg","contentUrl":"https:\/\/rtt.ee\/wp-content\/uploads\/2018\/10\/499_1_s-e1774359238619.jpg","width":1192,"height":896,"caption":"ZD41"},{"@type":"BreadcrumbList","@id":"https:\/\/rtt.ee\/en\/toode\/printerid-en\/etiketiprinter-en\/etiketiprinter-zebra-zd411-termo-termsiire-usb\/#breadcrumb","itemListElement":[{"@type":"ListItem","position":1,"name":"Home","item":"https:\/\/rtt.ee\/en\/"},{"@type":"ListItem","position":2,"name":"Shop","item":"https:\/\/rtt.ee\/en\/shop\/"},{"@type":"ListItem","position":3,"name":"Printerid","item":"https:\/\/rtt.ee\/tootekategooria\/printerid\/"},{"@type":"ListItem","position":4,"name":"Etiketiprinter","item":"https:\/\/rtt.ee\/tootekategooria\/printerid\/etiketiprinter\/"},{"@type":"ListItem","position":5,"name":"Etiketiprinter Zebra ZD411 203dpi, TERMO\/TERMOSIIRE, USB"}]},{"@type":"WebSite","@id":"https:\/\/rtt.ee\/en\/#website","url":"https:\/\/rtt.ee\/en\/","name":"RTT","description":"Kassaaparaadid ja kontorikaubad","potentialAction":[{"@type":"SearchAction","target":{"@type":"EntryPoint","urlTemplate":"https:\/\/rtt.ee\/en\/?s={search_term_string}"},"query-input":{"@type":"PropertyValueSpecification","valueRequired":true,"valueName":"search_term_string"}}],"inLanguage":"en-US"}]}},"_links":{"self":[{"href":"https:\/\/rtt.ee\/en\/wp-json\/wp\/v2\/product\/17371","targetHints":{"allow":["GET"]}}],"collection":[{"href":"https:\/\/rtt.ee\/en\/wp-json\/wp\/v2\/product"}],"about":[{"href":"https:\/\/rtt.ee\/en\/wp-json\/wp\/v2\/types\/product"}],"wp:featuredmedia":[{"embeddable":true,"href":"https:\/\/rtt.ee\/en\/wp-json\/wp\/v2\/media\/2348"}],"wp:attachment":[{"href":"https:\/\/rtt.ee\/en\/wp-json\/wp\/v2\/media?parent=17371"}],"wp:term":[{"taxonomy":"product_brand","embeddable":true,"href":"https:\/\/rtt.ee\/en\/wp-json\/wp\/v2\/product_brand?post=17371"},{"taxonomy":"product_cat","embeddable":true,"href":"https:\/\/rtt.ee\/en\/wp-json\/wp\/v2\/product_cat?post=17371"},{"taxonomy":"product_tag","embeddable":true,"href":"https:\/\/rtt.ee\/en\/wp-json\/wp\/v2\/product_tag?post=17371"}],"curies":[{"name":"wp","href":"https:\/\/api.w.org\/{rel}","templated":true}]}}