{"id":17360,"date":"2025-12-22T16:55:46","date_gmt":"2025-12-22T14:55:46","guid":{"rendered":"https:\/\/rtt.ee\/toode\/uncategorized\/etiketiprinter-zebra-zd421\/"},"modified":"2026-04-01T10:03:22","modified_gmt":"2026-04-01T07:03:22","slug":"etiketiprinter-zebra-zd421","status":"publish","type":"product","link":"https:\/\/rtt.ee\/en\/toode\/seadmete-rent\/etiketiprinter-zebra-zd421\/","title":{"rendered":"Rendi etiketiprinter ZEBRA ZD421"},"content":{"rendered":"<p>Pakume renditeenusena kvaliteetset Zebra etiketiprinterit, mis on ideaalne lahendus ettev\u00f5tetele, kes vajavad ajutiselt silte, etikette, hinnasilte v\u00f5i triipkoodetikette.<\/p>\n<p>ZD421 on usaldusv\u00e4\u00e4rne, kiire ja lihtsalt kasutatav printer, mis sobib nii l\u00fchiajalisteks projektideks kui ka \u00fcritusteks.<\/p>\n<p><a href=\"https:\/\/www.zebra.com\/us\/en\/products\/printers\/desktop\/zd400-series\/zd421.html\">Tehnilne kirjeldus inglise keeles<\/a><\/p>\n","protected":false},"excerpt":{"rendered":"<p>Pakume renditeenusena kvaliteetset Zebra etiketiprinterit, mis on ideaalne lahendus ettev\u00f5tetele, kes vajavad ajutiselt silte, etikette, hinnasilte v\u00f5i triipkoodetikette. ZD421 on usaldusv\u00e4\u00e4rne, kiire ja lihtsalt kasutatav printer, mis sobib nii l\u00fchiajalisteks projektideks kui ka \u00fcritusteks. Tehnilne kirjeldus inglise keeles<\/p>\n","protected":false},"featured_media":14079,"template":"","meta":{"_acf_changed":false},"product_brand":[],"product_cat":[420],"product_tag":[],"class_list":{"0":"post-17360","1":"product","2":"type-product","3":"status-publish","4":"has-post-thumbnail","6":"product_cat-seadmete-rent","7":"product_brands-rent","8":"product_brands-zebra-en","10":"first","11":"instock","12":"taxable","13":"shipping-taxable","14":"purchasable","15":"product-type-simple"},"acf":[],"yoast_head":"<!-- This site is optimized with the Yoast SEO plugin v26.2 - https:\/\/yoast.com\/wordpress\/plugins\/seo\/ -->\n<title>Rendi etiketiprinter ZEBRA ZD421 - RTT<\/title>\n<meta name=\"description\" content=\"Zebra ZD421 on kompaktne ja t\u00f6\u00f6kindel 4\u2033 etikettide sildiprinter kiire tr\u00fckikiirusega, mitme \u00fchendusv\u00f5imalusega (USB, Bluetooth, valikuline Wi\u2011Fi\/ Ethernet) ning sobib ideaalselt lao\u2011, logistika\u2011 ja tootmist\u00f6\u00f6de etikettide printimiseks\" \/>\n<meta name=\"robots\" content=\"index, follow, max-snippet:-1, max-image-preview:large, max-video-preview:-1\" \/>\n<link rel=\"canonical\" href=\"https:\/\/rtt.ee\/en\/toode\/seadmete-rent\/etiketiprinter-zebra-zd421\/\" \/>\n<meta property=\"og:locale\" content=\"en_US\" \/>\n<meta property=\"og:type\" content=\"article\" \/>\n<meta property=\"og:title\" content=\"Rendi etiketiprinter ZEBRA ZD421 - RTT\" \/>\n<meta property=\"og:description\" content=\"Zebra ZD421 on kompaktne ja t\u00f6\u00f6kindel 4\u2033 etikettide sildiprinter kiire tr\u00fckikiirusega, mitme \u00fchendusv\u00f5imalusega (USB, Bluetooth, valikuline Wi\u2011Fi\/ Ethernet) ning sobib ideaalselt lao\u2011, logistika\u2011 ja tootmist\u00f6\u00f6de etikettide printimiseks\" \/>\n<meta property=\"og:url\" content=\"https:\/\/rtt.ee\/en\/toode\/seadmete-rent\/etiketiprinter-zebra-zd421\/\" \/>\n<meta property=\"og:site_name\" content=\"RTT\" \/>\n<meta property=\"article:modified_time\" content=\"2026-04-01T07:03:22+00:00\" \/>\n<meta property=\"og:image\" content=\"https:\/\/rtt.ee\/wp-content\/uploads\/2025\/08\/ZD4A043-2-scaled-e1775026962285.jpg\" \/>\n\t<meta property=\"og:image:width\" content=\"2560\" \/>\n\t<meta property=\"og:image:height\" content=\"1707\" \/>\n\t<meta property=\"og:image:type\" content=\"image\/jpeg\" \/>\n<meta name=\"twitter:card\" content=\"summary_large_image\" \/>\n<meta name=\"twitter:label1\" content=\"Est. reading time\" \/>\n\t<meta name=\"twitter:data1\" content=\"1 minute\" \/>\n<script type=\"application\/ld+json\" class=\"yoast-schema-graph\">{\"@context\":\"https:\/\/schema.org\",\"@graph\":[{\"@type\":\"WebPage\",\"@id\":\"https:\/\/rtt.ee\/en\/toode\/seadmete-rent\/etiketiprinter-zebra-zd421\/\",\"url\":\"https:\/\/rtt.ee\/en\/toode\/seadmete-rent\/etiketiprinter-zebra-zd421\/\",\"name\":\"Rendi etiketiprinter ZEBRA ZD421 - RTT\",\"isPartOf\":{\"@id\":\"https:\/\/rtt.ee\/en\/#website\"},\"primaryImageOfPage\":{\"@id\":\"https:\/\/rtt.ee\/en\/toode\/seadmete-rent\/etiketiprinter-zebra-zd421\/#primaryimage\"},\"image\":{\"@id\":\"https:\/\/rtt.ee\/en\/toode\/seadmete-rent\/etiketiprinter-zebra-zd421\/#primaryimage\"},\"thumbnailUrl\":\"https:\/\/rtt.ee\/wp-content\/uploads\/2025\/08\/ZD4A043-2-scaled-e1775026962285.jpg\",\"datePublished\":\"2025-12-22T14:55:46+00:00\",\"dateModified\":\"2026-04-01T07:03:22+00:00\",\"description\":\"Zebra ZD421 on kompaktne ja t\u00f6\u00f6kindel 4\u2033 etikettide sildiprinter kiire tr\u00fckikiirusega, mitme \u00fchendusv\u00f5imalusega (USB, Bluetooth, valikuline Wi\u2011Fi\/ Ethernet) ning sobib ideaalselt lao\u2011, logistika\u2011 ja tootmist\u00f6\u00f6de etikettide printimiseks\",\"breadcrumb\":{\"@id\":\"https:\/\/rtt.ee\/en\/toode\/seadmete-rent\/etiketiprinter-zebra-zd421\/#breadcrumb\"},\"inLanguage\":\"en-US\",\"potentialAction\":[{\"@type\":\"ReadAction\",\"target\":[\"https:\/\/rtt.ee\/en\/toode\/seadmete-rent\/etiketiprinter-zebra-zd421\/\"]}]},{\"@type\":\"ImageObject\",\"inLanguage\":\"en-US\",\"@id\":\"https:\/\/rtt.ee\/en\/toode\/seadmete-rent\/etiketiprinter-zebra-zd421\/#primaryimage\",\"url\":\"https:\/\/rtt.ee\/wp-content\/uploads\/2025\/08\/ZD4A043-2-scaled-e1775026962285.jpg\",\"contentUrl\":\"https:\/\/rtt.ee\/wp-content\/uploads\/2025\/08\/ZD4A043-2-scaled-e1775026962285.jpg\",\"width\":2560,\"height\":1707},{\"@type\":\"BreadcrumbList\",\"@id\":\"https:\/\/rtt.ee\/en\/toode\/seadmete-rent\/etiketiprinter-zebra-zd421\/#breadcrumb\",\"itemListElement\":[{\"@type\":\"ListItem\",\"position\":1,\"name\":\"Home\",\"item\":\"https:\/\/rtt.ee\/en\/\"},{\"@type\":\"ListItem\",\"position\":2,\"name\":\"Shop\",\"item\":\"https:\/\/rtt.ee\/en\/shop\/\"},{\"@type\":\"ListItem\",\"position\":3,\"name\":\"Seadmete rent\",\"item\":\"https:\/\/rtt.ee\/tootekategooria\/seadmete-rent\/\"},{\"@type\":\"ListItem\",\"position\":4,\"name\":\"Rendi etiketiprinter ZEBRA ZD421\"}]},{\"@type\":\"WebSite\",\"@id\":\"https:\/\/rtt.ee\/en\/#website\",\"url\":\"https:\/\/rtt.ee\/en\/\",\"name\":\"RTT\",\"description\":\"Kassaaparaadid ja kontorikaubad\",\"potentialAction\":[{\"@type\":\"SearchAction\",\"target\":{\"@type\":\"EntryPoint\",\"urlTemplate\":\"https:\/\/rtt.ee\/en\/?s={search_term_string}\"},\"query-input\":{\"@type\":\"PropertyValueSpecification\",\"valueRequired\":true,\"valueName\":\"search_term_string\"}}],\"inLanguage\":\"en-US\"}]}<\/script>\n<!-- \/ Yoast SEO plugin. -->","yoast_head_json":{"title":"Rendi etiketiprinter ZEBRA ZD421 - RTT","description":"Zebra ZD421 on kompaktne ja t\u00f6\u00f6kindel 4\u2033 etikettide sildiprinter kiire tr\u00fckikiirusega, mitme \u00fchendusv\u00f5imalusega (USB, Bluetooth, valikuline Wi\u2011Fi\/ Ethernet) ning sobib ideaalselt lao\u2011, logistika\u2011 ja tootmist\u00f6\u00f6de etikettide printimiseks","robots":{"index":"index","follow":"follow","max-snippet":"max-snippet:-1","max-image-preview":"max-image-preview:large","max-video-preview":"max-video-preview:-1"},"canonical":"https:\/\/rtt.ee\/en\/toode\/seadmete-rent\/etiketiprinter-zebra-zd421\/","og_locale":"en_US","og_type":"article","og_title":"Rendi etiketiprinter ZEBRA ZD421 - RTT","og_description":"Zebra ZD421 on kompaktne ja t\u00f6\u00f6kindel 4\u2033 etikettide sildiprinter kiire tr\u00fckikiirusega, mitme \u00fchendusv\u00f5imalusega (USB, Bluetooth, valikuline Wi\u2011Fi\/ Ethernet) ning sobib ideaalselt lao\u2011, logistika\u2011 ja tootmist\u00f6\u00f6de etikettide printimiseks","og_url":"https:\/\/rtt.ee\/en\/toode\/seadmete-rent\/etiketiprinter-zebra-zd421\/","og_site_name":"RTT","article_modified_time":"2026-04-01T07:03:22+00:00","og_image":[{"width":2560,"height":1707,"url":"https:\/\/rtt.ee\/wp-content\/uploads\/2025\/08\/ZD4A043-2-scaled-e1775026962285.jpg","type":"image\/jpeg"}],"twitter_card":"summary_large_image","twitter_misc":{"Est. reading time":"1 minute"},"schema":{"@context":"https:\/\/schema.org","@graph":[{"@type":"WebPage","@id":"https:\/\/rtt.ee\/en\/toode\/seadmete-rent\/etiketiprinter-zebra-zd421\/","url":"https:\/\/rtt.ee\/en\/toode\/seadmete-rent\/etiketiprinter-zebra-zd421\/","name":"Rendi etiketiprinter ZEBRA ZD421 - RTT","isPartOf":{"@id":"https:\/\/rtt.ee\/en\/#website"},"primaryImageOfPage":{"@id":"https:\/\/rtt.ee\/en\/toode\/seadmete-rent\/etiketiprinter-zebra-zd421\/#primaryimage"},"image":{"@id":"https:\/\/rtt.ee\/en\/toode\/seadmete-rent\/etiketiprinter-zebra-zd421\/#primaryimage"},"thumbnailUrl":"https:\/\/rtt.ee\/wp-content\/uploads\/2025\/08\/ZD4A043-2-scaled-e1775026962285.jpg","datePublished":"2025-12-22T14:55:46+00:00","dateModified":"2026-04-01T07:03:22+00:00","description":"Zebra ZD421 on kompaktne ja t\u00f6\u00f6kindel 4\u2033 etikettide sildiprinter kiire tr\u00fckikiirusega, mitme \u00fchendusv\u00f5imalusega (USB, Bluetooth, valikuline Wi\u2011Fi\/ Ethernet) ning sobib ideaalselt lao\u2011, logistika\u2011 ja tootmist\u00f6\u00f6de etikettide printimiseks","breadcrumb":{"@id":"https:\/\/rtt.ee\/en\/toode\/seadmete-rent\/etiketiprinter-zebra-zd421\/#breadcrumb"},"inLanguage":"en-US","potentialAction":[{"@type":"ReadAction","target":["https:\/\/rtt.ee\/en\/toode\/seadmete-rent\/etiketiprinter-zebra-zd421\/"]}]},{"@type":"ImageObject","inLanguage":"en-US","@id":"https:\/\/rtt.ee\/en\/toode\/seadmete-rent\/etiketiprinter-zebra-zd421\/#primaryimage","url":"https:\/\/rtt.ee\/wp-content\/uploads\/2025\/08\/ZD4A043-2-scaled-e1775026962285.jpg","contentUrl":"https:\/\/rtt.ee\/wp-content\/uploads\/2025\/08\/ZD4A043-2-scaled-e1775026962285.jpg","width":2560,"height":1707},{"@type":"BreadcrumbList","@id":"https:\/\/rtt.ee\/en\/toode\/seadmete-rent\/etiketiprinter-zebra-zd421\/#breadcrumb","itemListElement":[{"@type":"ListItem","position":1,"name":"Home","item":"https:\/\/rtt.ee\/en\/"},{"@type":"ListItem","position":2,"name":"Shop","item":"https:\/\/rtt.ee\/en\/shop\/"},{"@type":"ListItem","position":3,"name":"Seadmete rent","item":"https:\/\/rtt.ee\/tootekategooria\/seadmete-rent\/"},{"@type":"ListItem","position":4,"name":"Rendi etiketiprinter ZEBRA ZD421"}]},{"@type":"WebSite","@id":"https:\/\/rtt.ee\/en\/#website","url":"https:\/\/rtt.ee\/en\/","name":"RTT","description":"Kassaaparaadid ja kontorikaubad","potentialAction":[{"@type":"SearchAction","target":{"@type":"EntryPoint","urlTemplate":"https:\/\/rtt.ee\/en\/?s={search_term_string}"},"query-input":{"@type":"PropertyValueSpecification","valueRequired":true,"valueName":"search_term_string"}}],"inLanguage":"en-US"}]}},"_links":{"self":[{"href":"https:\/\/rtt.ee\/en\/wp-json\/wp\/v2\/product\/17360","targetHints":{"allow":["GET"]}}],"collection":[{"href":"https:\/\/rtt.ee\/en\/wp-json\/wp\/v2\/product"}],"about":[{"href":"https:\/\/rtt.ee\/en\/wp-json\/wp\/v2\/types\/product"}],"wp:featuredmedia":[{"embeddable":true,"href":"https:\/\/rtt.ee\/en\/wp-json\/wp\/v2\/media\/14079"}],"wp:attachment":[{"href":"https:\/\/rtt.ee\/en\/wp-json\/wp\/v2\/media?parent=17360"}],"wp:term":[{"taxonomy":"product_brand","embeddable":true,"href":"https:\/\/rtt.ee\/en\/wp-json\/wp\/v2\/product_brand?post=17360"},{"taxonomy":"product_cat","embeddable":true,"href":"https:\/\/rtt.ee\/en\/wp-json\/wp\/v2\/product_cat?post=17360"},{"taxonomy":"product_tag","embeddable":true,"href":"https:\/\/rtt.ee\/en\/wp-json\/wp\/v2\/product_tag?post=17360"}],"curies":[{"name":"wp","href":"https:\/\/api.w.org\/{rel}","templated":true}]}}