{"id":17275,"date":"2024-03-14T11:08:01","date_gmt":"2024-03-14T09:08:01","guid":{"rendered":"https:\/\/rtt.ee\/toode\/uncategorized\/hp-149x-must-originaal-laserjet-tooner-cartridge-w1490x\/"},"modified":"2026-03-31T16:58:26","modified_gmt":"2026-03-31T13:58:26","slug":"hp-149x-must-originaal-laserjet-tooner-cartridge-w1490x","status":"publish","type":"product","link":"https:\/\/rtt.ee\/en\/toode\/kulumaterjalid-en\/toonerid-en\/hp-149x-must-originaal-laserjet-tooner-cartridge-w1490x\/","title":{"rendered":"Tooner must HP 149X (W1490X) 9,5k"},"content":{"rendered":"<p>Sobivus: HP LaserJet Pro 4002d, 4002dn, 4002dne, 4002dw, 4002dwe, 4002n, 4002ne, 4102dw MFP, 4102dwe MFP, 4102fdn MFP, 4102fdne MFP, 4102fdw MFP, 4102fdwe MFP<\/p>\n<p>Tr\u00fckkide arv kuni 9500 lehte<\/p>\n","protected":false},"excerpt":{"rendered":"<p>Sobivus: HP LaserJet Pro 4002d, 4002dn, 4002dne, 4002dw, 4002dwe, 4002n, 4002ne, 4102dw MFP, 4102dwe MFP, 4102fdn MFP, 4102fdne MFP, 4102fdw MFP, 4102fdwe MFP Tr\u00fckkide arv kuni 9500 lehte<\/p>\n","protected":false},"featured_media":10666,"template":"","meta":{"_acf_changed":false},"product_brand":[390],"product_cat":[155],"product_tag":[],"class_list":{"0":"post-17275","1":"product","2":"type-product","3":"status-publish","4":"has-post-thumbnail","6":"product_brand-hp","7":"product_cat-toonerid-en","8":"product_brands-hp-en","10":"first","11":"onbackorder","12":"taxable","13":"shipping-taxable","14":"purchasable","15":"product-type-simple"},"acf":[],"yoast_head":"<!-- This site is optimized with the Yoast SEO plugin v26.2 - https:\/\/yoast.com\/wordpress\/plugins\/seo\/ -->\n<title>Tooner must HP 149X (W1490X) 9,5k - RTT<\/title>\n<meta name=\"description\" content=\"Lai valik HP toonereid laserprinteritele. Originaalid ja soodsad analoogid kohe laos. Kiire tarne \u00fcle Eesti ja garantii. Telli usaldusv\u00e4\u00e4rne tooner siit!\" \/>\n<meta name=\"robots\" content=\"index, follow, max-snippet:-1, max-image-preview:large, max-video-preview:-1\" \/>\n<link rel=\"canonical\" href=\"https:\/\/rtt.ee\/en\/toode\/kulumaterjalid-en\/toonerid-en\/hp-149x-must-originaal-laserjet-tooner-cartridge-w1490x\/\" \/>\n<meta property=\"og:locale\" content=\"en_US\" \/>\n<meta property=\"og:type\" content=\"article\" \/>\n<meta property=\"og:title\" content=\"Tooner must HP 149X (W1490X) 9,5k - RTT\" \/>\n<meta property=\"og:description\" content=\"Lai valik HP toonereid laserprinteritele. Originaalid ja soodsad analoogid kohe laos. Kiire tarne \u00fcle Eesti ja garantii. Telli usaldusv\u00e4\u00e4rne tooner siit!\" \/>\n<meta property=\"og:url\" content=\"https:\/\/rtt.ee\/en\/toode\/kulumaterjalid-en\/toonerid-en\/hp-149x-must-originaal-laserjet-tooner-cartridge-w1490x\/\" \/>\n<meta property=\"og:site_name\" content=\"RTT\" \/>\n<meta property=\"article:modified_time\" content=\"2026-03-31T13:58:26+00:00\" \/>\n<meta property=\"og:image\" content=\"https:\/\/rtt.ee\/wp-content\/uploads\/2024\/03\/hp.png\" \/>\n\t<meta property=\"og:image:width\" content=\"1200\" \/>\n\t<meta property=\"og:image:height\" content=\"1200\" \/>\n\t<meta property=\"og:image:type\" content=\"image\/png\" \/>\n<meta name=\"twitter:card\" content=\"summary_large_image\" \/>\n<meta name=\"twitter:label1\" content=\"Est. reading time\" \/>\n\t<meta name=\"twitter:data1\" content=\"1 minute\" \/>\n<script type=\"application\/ld+json\" class=\"yoast-schema-graph\">{\"@context\":\"https:\/\/schema.org\",\"@graph\":[{\"@type\":\"WebPage\",\"@id\":\"https:\/\/rtt.ee\/en\/toode\/kulumaterjalid-en\/toonerid-en\/hp-149x-must-originaal-laserjet-tooner-cartridge-w1490x\/\",\"url\":\"https:\/\/rtt.ee\/en\/toode\/kulumaterjalid-en\/toonerid-en\/hp-149x-must-originaal-laserjet-tooner-cartridge-w1490x\/\",\"name\":\"Tooner must HP 149X (W1490X) 9,5k - RTT\",\"isPartOf\":{\"@id\":\"https:\/\/rtt.ee\/en\/#website\"},\"primaryImageOfPage\":{\"@id\":\"https:\/\/rtt.ee\/en\/toode\/kulumaterjalid-en\/toonerid-en\/hp-149x-must-originaal-laserjet-tooner-cartridge-w1490x\/#primaryimage\"},\"image\":{\"@id\":\"https:\/\/rtt.ee\/en\/toode\/kulumaterjalid-en\/toonerid-en\/hp-149x-must-originaal-laserjet-tooner-cartridge-w1490x\/#primaryimage\"},\"thumbnailUrl\":\"https:\/\/rtt.ee\/wp-content\/uploads\/2024\/03\/hp.png\",\"datePublished\":\"2024-03-14T09:08:01+00:00\",\"dateModified\":\"2026-03-31T13:58:26+00:00\",\"description\":\"Lai valik HP toonereid laserprinteritele. Originaalid ja soodsad analoogid kohe laos. Kiire tarne \u00fcle Eesti ja garantii. Telli usaldusv\u00e4\u00e4rne tooner siit!\",\"breadcrumb\":{\"@id\":\"https:\/\/rtt.ee\/en\/toode\/kulumaterjalid-en\/toonerid-en\/hp-149x-must-originaal-laserjet-tooner-cartridge-w1490x\/#breadcrumb\"},\"inLanguage\":\"en-US\",\"potentialAction\":[{\"@type\":\"ReadAction\",\"target\":[\"https:\/\/rtt.ee\/en\/toode\/kulumaterjalid-en\/toonerid-en\/hp-149x-must-originaal-laserjet-tooner-cartridge-w1490x\/\"]}]},{\"@type\":\"ImageObject\",\"inLanguage\":\"en-US\",\"@id\":\"https:\/\/rtt.ee\/en\/toode\/kulumaterjalid-en\/toonerid-en\/hp-149x-must-originaal-laserjet-tooner-cartridge-w1490x\/#primaryimage\",\"url\":\"https:\/\/rtt.ee\/wp-content\/uploads\/2024\/03\/hp.png\",\"contentUrl\":\"https:\/\/rtt.ee\/wp-content\/uploads\/2024\/03\/hp.png\",\"width\":1200,\"height\":1200},{\"@type\":\"BreadcrumbList\",\"@id\":\"https:\/\/rtt.ee\/en\/toode\/kulumaterjalid-en\/toonerid-en\/hp-149x-must-originaal-laserjet-tooner-cartridge-w1490x\/#breadcrumb\",\"itemListElement\":[{\"@type\":\"ListItem\",\"position\":1,\"name\":\"Home\",\"item\":\"https:\/\/rtt.ee\/en\/\"},{\"@type\":\"ListItem\",\"position\":2,\"name\":\"Shop\",\"item\":\"https:\/\/rtt.ee\/en\/shop\/\"},{\"@type\":\"ListItem\",\"position\":3,\"name\":\"Consumables\",\"item\":\"https:\/\/rtt.ee\/en\/tootekategooria\/kulumaterjalid-en\/\"},{\"@type\":\"ListItem\",\"position\":4,\"name\":\"Toners\",\"item\":\"https:\/\/rtt.ee\/en\/tootekategooria\/kulumaterjalid-en\/toonerid-en\/\"},{\"@type\":\"ListItem\",\"position\":5,\"name\":\"Tooner must HP 149X (W1490X) 9,5k\"}]},{\"@type\":\"WebSite\",\"@id\":\"https:\/\/rtt.ee\/en\/#website\",\"url\":\"https:\/\/rtt.ee\/en\/\",\"name\":\"RTT\",\"description\":\"Kassaaparaadid ja kontorikaubad\",\"potentialAction\":[{\"@type\":\"SearchAction\",\"target\":{\"@type\":\"EntryPoint\",\"urlTemplate\":\"https:\/\/rtt.ee\/en\/?s={search_term_string}\"},\"query-input\":{\"@type\":\"PropertyValueSpecification\",\"valueRequired\":true,\"valueName\":\"search_term_string\"}}],\"inLanguage\":\"en-US\"}]}<\/script>\n<!-- \/ Yoast SEO plugin. -->","yoast_head_json":{"title":"Tooner must HP 149X (W1490X) 9,5k - RTT","description":"Lai valik HP toonereid laserprinteritele. Originaalid ja soodsad analoogid kohe laos. Kiire tarne \u00fcle Eesti ja garantii. Telli usaldusv\u00e4\u00e4rne tooner siit!","robots":{"index":"index","follow":"follow","max-snippet":"max-snippet:-1","max-image-preview":"max-image-preview:large","max-video-preview":"max-video-preview:-1"},"canonical":"https:\/\/rtt.ee\/en\/toode\/kulumaterjalid-en\/toonerid-en\/hp-149x-must-originaal-laserjet-tooner-cartridge-w1490x\/","og_locale":"en_US","og_type":"article","og_title":"Tooner must HP 149X (W1490X) 9,5k - RTT","og_description":"Lai valik HP toonereid laserprinteritele. Originaalid ja soodsad analoogid kohe laos. Kiire tarne \u00fcle Eesti ja garantii. Telli usaldusv\u00e4\u00e4rne tooner siit!","og_url":"https:\/\/rtt.ee\/en\/toode\/kulumaterjalid-en\/toonerid-en\/hp-149x-must-originaal-laserjet-tooner-cartridge-w1490x\/","og_site_name":"RTT","article_modified_time":"2026-03-31T13:58:26+00:00","og_image":[{"width":1200,"height":1200,"url":"https:\/\/rtt.ee\/wp-content\/uploads\/2024\/03\/hp.png","type":"image\/png"}],"twitter_card":"summary_large_image","twitter_misc":{"Est. reading time":"1 minute"},"schema":{"@context":"https:\/\/schema.org","@graph":[{"@type":"WebPage","@id":"https:\/\/rtt.ee\/en\/toode\/kulumaterjalid-en\/toonerid-en\/hp-149x-must-originaal-laserjet-tooner-cartridge-w1490x\/","url":"https:\/\/rtt.ee\/en\/toode\/kulumaterjalid-en\/toonerid-en\/hp-149x-must-originaal-laserjet-tooner-cartridge-w1490x\/","name":"Tooner must HP 149X (W1490X) 9,5k - RTT","isPartOf":{"@id":"https:\/\/rtt.ee\/en\/#website"},"primaryImageOfPage":{"@id":"https:\/\/rtt.ee\/en\/toode\/kulumaterjalid-en\/toonerid-en\/hp-149x-must-originaal-laserjet-tooner-cartridge-w1490x\/#primaryimage"},"image":{"@id":"https:\/\/rtt.ee\/en\/toode\/kulumaterjalid-en\/toonerid-en\/hp-149x-must-originaal-laserjet-tooner-cartridge-w1490x\/#primaryimage"},"thumbnailUrl":"https:\/\/rtt.ee\/wp-content\/uploads\/2024\/03\/hp.png","datePublished":"2024-03-14T09:08:01+00:00","dateModified":"2026-03-31T13:58:26+00:00","description":"Lai valik HP toonereid laserprinteritele. Originaalid ja soodsad analoogid kohe laos. Kiire tarne \u00fcle Eesti ja garantii. Telli usaldusv\u00e4\u00e4rne tooner siit!","breadcrumb":{"@id":"https:\/\/rtt.ee\/en\/toode\/kulumaterjalid-en\/toonerid-en\/hp-149x-must-originaal-laserjet-tooner-cartridge-w1490x\/#breadcrumb"},"inLanguage":"en-US","potentialAction":[{"@type":"ReadAction","target":["https:\/\/rtt.ee\/en\/toode\/kulumaterjalid-en\/toonerid-en\/hp-149x-must-originaal-laserjet-tooner-cartridge-w1490x\/"]}]},{"@type":"ImageObject","inLanguage":"en-US","@id":"https:\/\/rtt.ee\/en\/toode\/kulumaterjalid-en\/toonerid-en\/hp-149x-must-originaal-laserjet-tooner-cartridge-w1490x\/#primaryimage","url":"https:\/\/rtt.ee\/wp-content\/uploads\/2024\/03\/hp.png","contentUrl":"https:\/\/rtt.ee\/wp-content\/uploads\/2024\/03\/hp.png","width":1200,"height":1200},{"@type":"BreadcrumbList","@id":"https:\/\/rtt.ee\/en\/toode\/kulumaterjalid-en\/toonerid-en\/hp-149x-must-originaal-laserjet-tooner-cartridge-w1490x\/#breadcrumb","itemListElement":[{"@type":"ListItem","position":1,"name":"Home","item":"https:\/\/rtt.ee\/en\/"},{"@type":"ListItem","position":2,"name":"Shop","item":"https:\/\/rtt.ee\/en\/shop\/"},{"@type":"ListItem","position":3,"name":"Consumables","item":"https:\/\/rtt.ee\/en\/tootekategooria\/kulumaterjalid-en\/"},{"@type":"ListItem","position":4,"name":"Toners","item":"https:\/\/rtt.ee\/en\/tootekategooria\/kulumaterjalid-en\/toonerid-en\/"},{"@type":"ListItem","position":5,"name":"Tooner must HP 149X (W1490X) 9,5k"}]},{"@type":"WebSite","@id":"https:\/\/rtt.ee\/en\/#website","url":"https:\/\/rtt.ee\/en\/","name":"RTT","description":"Kassaaparaadid ja kontorikaubad","potentialAction":[{"@type":"SearchAction","target":{"@type":"EntryPoint","urlTemplate":"https:\/\/rtt.ee\/en\/?s={search_term_string}"},"query-input":{"@type":"PropertyValueSpecification","valueRequired":true,"valueName":"search_term_string"}}],"inLanguage":"en-US"}]}},"_links":{"self":[{"href":"https:\/\/rtt.ee\/en\/wp-json\/wp\/v2\/product\/17275","targetHints":{"allow":["GET"]}}],"collection":[{"href":"https:\/\/rtt.ee\/en\/wp-json\/wp\/v2\/product"}],"about":[{"href":"https:\/\/rtt.ee\/en\/wp-json\/wp\/v2\/types\/product"}],"wp:featuredmedia":[{"embeddable":true,"href":"https:\/\/rtt.ee\/en\/wp-json\/wp\/v2\/media\/10666"}],"wp:attachment":[{"href":"https:\/\/rtt.ee\/en\/wp-json\/wp\/v2\/media?parent=17275"}],"wp:term":[{"taxonomy":"product_brand","embeddable":true,"href":"https:\/\/rtt.ee\/en\/wp-json\/wp\/v2\/product_brand?post=17275"},{"taxonomy":"product_cat","embeddable":true,"href":"https:\/\/rtt.ee\/en\/wp-json\/wp\/v2\/product_cat?post=17275"},{"taxonomy":"product_tag","embeddable":true,"href":"https:\/\/rtt.ee\/en\/wp-json\/wp\/v2\/product_tag?post=17275"}],"curies":[{"name":"wp","href":"https:\/\/api.w.org\/{rel}","templated":true}]}}