{"id":17082,"date":"2026-03-13T13:40:58","date_gmt":"2026-03-13T11:40:58","guid":{"rendered":"https:\/\/rtt.ee\/toode\/uncategorized\/kasutatud-sharp-mx-b350p-a4-must-laserprinter\/"},"modified":"2026-03-13T13:40:58","modified_gmt":"2026-03-13T11:40:58","slug":"kasutatud-sharp-mx-b350p-a4-must-laserprinter","status":"publish","type":"product","link":"https:\/\/rtt.ee\/en\/toode\/maaramata-en\/kasutatud-sharp-mx-b350p-a4-must-laserprinter\/","title":{"rendered":"Kasutatud SHARP MX-B350P A4 must-laserprinter"},"content":{"rendered":"<p>Tootekood: MXB350P-8F03565600<\/p>\n<p>V\u00e4he kasutatud must-laserprinter v\u00e4ike v\u00f5i keskmise suurusega kontorisse.<\/p>\n<p>Funktsioonid: Printimine<\/p>\n<p>Tr\u00fckikiirus: 35 lk\/min<\/p>\n<p>Tr\u00fckiresolutsioon: 600 \u00d7 600 dpi<\/p>\n<p>Paberimahutavus: standard 550 lehte<\/p>\n<p>M\u00e4lu: 1GB<\/p>\n<p>\u00dchendused: USB, LAN, WIFI<\/p>\n<p>\u00dchilduvus: Windows, Windows Server, Mac OS X<\/p>\n<p>Seadme seisukord: tehtud v\u00e4ljatr\u00fckke 46183 lehte (must-valge); tooneri j\u00e4\u00e4k 50% (ca. 15 000 lehte)<\/p>\n<p>Seadmele kehtib\u00a06 kuu\u00a0pikkune garantii.<\/p>\n<p>RENDI PAKKUMUS:<\/p>\n<p>Rendiperiood\u00a048 kuud, ilma sissemakseta igakuine makse\u00a0<strong>15+KM<\/strong><\/p>\n<p>Soovitame juurde\u00a0T\u00c4ISHOOLDUSLEPING:<\/p>\n<p>Sharp kontoriseadmete rent ja t\u00e4ishooldus lahendused \u2013 lisainfo\u00a0<a href=\"https:\/\/kontoriprinter.ee\/\">Kontoriprinter.ee<\/a><\/p>\n<p>Maksmine k\u00e4ib igakuiselt reaalselt tehtud v\u00e4ljatr\u00fckkide\/koopiate eest.<\/p>\n<p>V\u00e4ljatr\u00fckkide\/koopiate hinnad sisaldavad:<\/p>\n<ul>\n<li>Seadme hooldust<\/li>\n<li>Seadme remonti<\/li>\n<li>Seadme varuosasid<\/li>\n<li>Toonerid<\/li>\n<li>V\u00e4ljakutseid<\/li>\n<\/ul>\n<p>Lisainfo:\u00a0<a href=\"https:\/\/www.sharp.eu\/sharp-mx-b350p\">Tehniline kirjeldus inglise keeles<\/a><\/p>\n<p>Tel: +372 6 112 256<\/p>\n<p>GSM: +372 5 014 470<\/p>\n","protected":false},"excerpt":{"rendered":"<p>Tootekood: MXB350P-8F03565600 V\u00e4he kasutatud must-laserprinter v\u00e4ike v\u00f5i keskmise suurusega kontorisse. Funktsioonid: Printimine Tr\u00fckikiirus: 35 lk\/min Tr\u00fckiresolutsioon: 600 \u00d7 600 dpi Paberimahutavus: standard 550 lehte M\u00e4lu: 1GB \u00dchendused: USB, LAN, WIFI \u00dchilduvus: Windows, Windows Server, Mac OS X Seadme seisukord: tehtud v\u00e4ljatr\u00fckke 46183 lehte (must-valge); tooneri j\u00e4\u00e4k 50% (ca. 15 000 lehte) Seadmele kehtib\u00a06 kuu\u00a0pikkune garantii. [&hellip;]<\/p>\n","protected":false},"featured_media":17080,"template":"","meta":{"_acf_changed":false},"product_brand":[404],"product_cat":[257],"product_tag":[],"class_list":{"0":"post-17082","1":"product","2":"type-product","3":"status-publish","4":"has-post-thumbnail","6":"product_brand-sharp","7":"product_cat-maaramata-en","8":"product_brands-sharp-office-printers","10":"first","11":"instock","12":"taxable","13":"shipping-taxable","14":"purchasable","15":"product-type-simple"},"acf":[],"yoast_head":"<!-- This site is optimized with the Yoast SEO plugin v26.2 - https:\/\/yoast.com\/wordpress\/plugins\/seo\/ -->\n<title>Kasutatud SHARP MX-B350P A4 must-laserprinter - RTT<\/title>\n<meta name=\"robots\" content=\"index, follow, max-snippet:-1, max-image-preview:large, max-video-preview:-1\" \/>\n<link rel=\"canonical\" href=\"https:\/\/rtt.ee\/en\/toode\/uncategorized\/kasutatud-sharp-mx-b350p-a4-must-laserprinter\/\" \/>\n<meta property=\"og:locale\" content=\"en_US\" \/>\n<meta property=\"og:type\" content=\"article\" \/>\n<meta property=\"og:title\" content=\"Kasutatud SHARP MX-B350P A4 must-laserprinter - RTT\" \/>\n<meta property=\"og:description\" content=\"Tootekood: MXB350P-8F03565600 V\u00e4he kasutatud must-laserprinter v\u00e4ike v\u00f5i keskmise suurusega kontorisse. Funktsioonid: Printimine Tr\u00fckikiirus: 35 lk\/min Tr\u00fckiresolutsioon: 600 \u00d7 600 dpi Paberimahutavus: standard 550 lehte M\u00e4lu: 1GB \u00dchendused: USB, LAN, WIFI \u00dchilduvus: Windows, Windows Server, Mac OS X Seadme seisukord: tehtud v\u00e4ljatr\u00fckke 46183 lehte (must-valge); tooneri j\u00e4\u00e4k 50% (ca. 15 000 lehte) Seadmele kehtib\u00a06 kuu\u00a0pikkune garantii. [&hellip;]\" \/>\n<meta property=\"og:url\" content=\"https:\/\/rtt.ee\/en\/toode\/uncategorized\/kasutatud-sharp-mx-b350p-a4-must-laserprinter\/\" \/>\n<meta property=\"og:site_name\" content=\"RTT\" \/>\n<meta property=\"og:image\" content=\"https:\/\/rtt.ee\/wp-content\/uploads\/2022\/01\/rtt_logo_350X350.jpg\" \/>\n\t<meta property=\"og:image:width\" content=\"350\" \/>\n\t<meta property=\"og:image:height\" content=\"350\" \/>\n\t<meta property=\"og:image:type\" content=\"image\/jpeg\" \/>\n<meta name=\"twitter:card\" content=\"summary_large_image\" \/>\n<meta name=\"twitter:label1\" content=\"Est. reading time\" \/>\n\t<meta name=\"twitter:data1\" content=\"1 minute\" \/>\n<script type=\"application\/ld+json\" class=\"yoast-schema-graph\">{\"@context\":\"https:\/\/schema.org\",\"@graph\":[{\"@type\":\"WebPage\",\"@id\":\"https:\/\/rtt.ee\/en\/toode\/uncategorized\/kasutatud-sharp-mx-b350p-a4-must-laserprinter\/\",\"url\":\"https:\/\/rtt.ee\/en\/toode\/uncategorized\/kasutatud-sharp-mx-b350p-a4-must-laserprinter\/\",\"name\":\"Kasutatud SHARP MX-B350P A4 must-laserprinter - RTT\",\"isPartOf\":{\"@id\":\"https:\/\/rtt.ee\/en\/#website\"},\"primaryImageOfPage\":{\"@id\":\"https:\/\/rtt.ee\/en\/toode\/uncategorized\/kasutatud-sharp-mx-b350p-a4-must-laserprinter\/#primaryimage\"},\"image\":{\"@id\":\"https:\/\/rtt.ee\/en\/toode\/uncategorized\/kasutatud-sharp-mx-b350p-a4-must-laserprinter\/#primaryimage\"},\"thumbnailUrl\":\"https:\/\/rtt.ee\/wp-content\/uploads\/2026\/03\/MXB350P.jpg\",\"datePublished\":\"2026-03-13T11:40:58+00:00\",\"breadcrumb\":{\"@id\":\"https:\/\/rtt.ee\/en\/toode\/uncategorized\/kasutatud-sharp-mx-b350p-a4-must-laserprinter\/#breadcrumb\"},\"inLanguage\":\"en-US\",\"potentialAction\":[{\"@type\":\"ReadAction\",\"target\":[\"https:\/\/rtt.ee\/en\/toode\/uncategorized\/kasutatud-sharp-mx-b350p-a4-must-laserprinter\/\"]}]},{\"@type\":\"ImageObject\",\"inLanguage\":\"en-US\",\"@id\":\"https:\/\/rtt.ee\/en\/toode\/uncategorized\/kasutatud-sharp-mx-b350p-a4-must-laserprinter\/#primaryimage\",\"url\":\"https:\/\/rtt.ee\/wp-content\/uploads\/2026\/03\/MXB350P.jpg\",\"contentUrl\":\"https:\/\/rtt.ee\/wp-content\/uploads\/2026\/03\/MXB350P.jpg\",\"width\":957,\"height\":1000},{\"@type\":\"BreadcrumbList\",\"@id\":\"https:\/\/rtt.ee\/en\/toode\/uncategorized\/kasutatud-sharp-mx-b350p-a4-must-laserprinter\/#breadcrumb\",\"itemListElement\":[{\"@type\":\"ListItem\",\"position\":1,\"name\":\"Home\",\"item\":\"https:\/\/rtt.ee\/en\/\"},{\"@type\":\"ListItem\",\"position\":2,\"name\":\"Shop\",\"item\":\"https:\/\/rtt.ee\/en\/shop\/\"},{\"@type\":\"ListItem\",\"position\":3,\"name\":\"Kasutatud SHARP MX-B350P A4 must-laserprinter\"}]},{\"@type\":\"WebSite\",\"@id\":\"https:\/\/rtt.ee\/en\/#website\",\"url\":\"https:\/\/rtt.ee\/en\/\",\"name\":\"RTT\",\"description\":\"Kassaaparaadid ja kontorikaubad\",\"potentialAction\":[{\"@type\":\"SearchAction\",\"target\":{\"@type\":\"EntryPoint\",\"urlTemplate\":\"https:\/\/rtt.ee\/en\/?s={search_term_string}\"},\"query-input\":{\"@type\":\"PropertyValueSpecification\",\"valueRequired\":true,\"valueName\":\"search_term_string\"}}],\"inLanguage\":\"en-US\"}]}<\/script>\n<!-- \/ Yoast SEO plugin. -->","yoast_head_json":{"title":"Kasutatud SHARP MX-B350P A4 must-laserprinter - RTT","robots":{"index":"index","follow":"follow","max-snippet":"max-snippet:-1","max-image-preview":"max-image-preview:large","max-video-preview":"max-video-preview:-1"},"canonical":"https:\/\/rtt.ee\/en\/toode\/uncategorized\/kasutatud-sharp-mx-b350p-a4-must-laserprinter\/","og_locale":"en_US","og_type":"article","og_title":"Kasutatud SHARP MX-B350P A4 must-laserprinter - RTT","og_description":"Tootekood: MXB350P-8F03565600 V\u00e4he kasutatud must-laserprinter v\u00e4ike v\u00f5i keskmise suurusega kontorisse. Funktsioonid: Printimine Tr\u00fckikiirus: 35 lk\/min Tr\u00fckiresolutsioon: 600 \u00d7 600 dpi Paberimahutavus: standard 550 lehte M\u00e4lu: 1GB \u00dchendused: USB, LAN, WIFI \u00dchilduvus: Windows, Windows Server, Mac OS X Seadme seisukord: tehtud v\u00e4ljatr\u00fckke 46183 lehte (must-valge); tooneri j\u00e4\u00e4k 50% (ca. 15 000 lehte) Seadmele kehtib\u00a06 kuu\u00a0pikkune garantii. [&hellip;]","og_url":"https:\/\/rtt.ee\/en\/toode\/uncategorized\/kasutatud-sharp-mx-b350p-a4-must-laserprinter\/","og_site_name":"RTT","og_image":[{"width":350,"height":350,"url":"https:\/\/rtt.ee\/wp-content\/uploads\/2022\/01\/rtt_logo_350X350.jpg","type":"image\/jpeg"}],"twitter_card":"summary_large_image","twitter_misc":{"Est. reading time":"1 minute"},"schema":{"@context":"https:\/\/schema.org","@graph":[{"@type":"WebPage","@id":"https:\/\/rtt.ee\/en\/toode\/uncategorized\/kasutatud-sharp-mx-b350p-a4-must-laserprinter\/","url":"https:\/\/rtt.ee\/en\/toode\/uncategorized\/kasutatud-sharp-mx-b350p-a4-must-laserprinter\/","name":"Kasutatud SHARP MX-B350P A4 must-laserprinter - RTT","isPartOf":{"@id":"https:\/\/rtt.ee\/en\/#website"},"primaryImageOfPage":{"@id":"https:\/\/rtt.ee\/en\/toode\/uncategorized\/kasutatud-sharp-mx-b350p-a4-must-laserprinter\/#primaryimage"},"image":{"@id":"https:\/\/rtt.ee\/en\/toode\/uncategorized\/kasutatud-sharp-mx-b350p-a4-must-laserprinter\/#primaryimage"},"thumbnailUrl":"https:\/\/rtt.ee\/wp-content\/uploads\/2026\/03\/MXB350P.jpg","datePublished":"2026-03-13T11:40:58+00:00","breadcrumb":{"@id":"https:\/\/rtt.ee\/en\/toode\/uncategorized\/kasutatud-sharp-mx-b350p-a4-must-laserprinter\/#breadcrumb"},"inLanguage":"en-US","potentialAction":[{"@type":"ReadAction","target":["https:\/\/rtt.ee\/en\/toode\/uncategorized\/kasutatud-sharp-mx-b350p-a4-must-laserprinter\/"]}]},{"@type":"ImageObject","inLanguage":"en-US","@id":"https:\/\/rtt.ee\/en\/toode\/uncategorized\/kasutatud-sharp-mx-b350p-a4-must-laserprinter\/#primaryimage","url":"https:\/\/rtt.ee\/wp-content\/uploads\/2026\/03\/MXB350P.jpg","contentUrl":"https:\/\/rtt.ee\/wp-content\/uploads\/2026\/03\/MXB350P.jpg","width":957,"height":1000},{"@type":"BreadcrumbList","@id":"https:\/\/rtt.ee\/en\/toode\/uncategorized\/kasutatud-sharp-mx-b350p-a4-must-laserprinter\/#breadcrumb","itemListElement":[{"@type":"ListItem","position":1,"name":"Home","item":"https:\/\/rtt.ee\/en\/"},{"@type":"ListItem","position":2,"name":"Shop","item":"https:\/\/rtt.ee\/en\/shop\/"},{"@type":"ListItem","position":3,"name":"Kasutatud SHARP MX-B350P A4 must-laserprinter"}]},{"@type":"WebSite","@id":"https:\/\/rtt.ee\/en\/#website","url":"https:\/\/rtt.ee\/en\/","name":"RTT","description":"Kassaaparaadid ja kontorikaubad","potentialAction":[{"@type":"SearchAction","target":{"@type":"EntryPoint","urlTemplate":"https:\/\/rtt.ee\/en\/?s={search_term_string}"},"query-input":{"@type":"PropertyValueSpecification","valueRequired":true,"valueName":"search_term_string"}}],"inLanguage":"en-US"}]}},"_links":{"self":[{"href":"https:\/\/rtt.ee\/en\/wp-json\/wp\/v2\/product\/17082","targetHints":{"allow":["GET"]}}],"collection":[{"href":"https:\/\/rtt.ee\/en\/wp-json\/wp\/v2\/product"}],"about":[{"href":"https:\/\/rtt.ee\/en\/wp-json\/wp\/v2\/types\/product"}],"wp:featuredmedia":[{"embeddable":true,"href":"https:\/\/rtt.ee\/en\/wp-json\/wp\/v2\/media\/17080"}],"wp:attachment":[{"href":"https:\/\/rtt.ee\/en\/wp-json\/wp\/v2\/media?parent=17082"}],"wp:term":[{"taxonomy":"product_brand","embeddable":true,"href":"https:\/\/rtt.ee\/en\/wp-json\/wp\/v2\/product_brand?post=17082"},{"taxonomy":"product_cat","embeddable":true,"href":"https:\/\/rtt.ee\/en\/wp-json\/wp\/v2\/product_cat?post=17082"},{"taxonomy":"product_tag","embeddable":true,"href":"https:\/\/rtt.ee\/en\/wp-json\/wp\/v2\/product_tag?post=17082"}],"curies":[{"name":"wp","href":"https:\/\/api.w.org\/{rel}","templated":true}]}}