{"id":16938,"date":"2026-03-10T16:51:28","date_gmt":"2026-03-10T14:51:28","guid":{"rendered":"https:\/\/rtt.ee\/toode\/uncategorized\/trukilint-evolis-hobedane-primacy-2-zenius-2\/"},"modified":"2026-03-11T16:12:31","modified_gmt":"2026-03-11T14:12:31","slug":"trukilint-evolis-hobedane-primacy-2-zenius-2","status":"publish","type":"product","link":"https:\/\/rtt.ee\/en\/toode\/kulumaterjalid-en\/card-printer-consumables-en\/trukilint-evolis-hobedane-primacy-2-zenius-2\/","title":{"rendered":"Tr\u00fckilint Evolis h\u00f5bedane (1000 printi) &#8211; RCT217NAAA"},"content":{"rendered":"<p>Tr\u00fckimaht kuni 1000 printi<\/p>\n<p>Sobivus: Primacy 2 \/ Zenius 2<\/p>\n","protected":false},"excerpt":{"rendered":"<p>Tr\u00fckimaht kuni 1000 printi Sobivus: Primacy 2 \/ Zenius 2<\/p>\n","protected":false},"featured_media":16936,"template":"","meta":{"_acf_changed":false},"product_brand":[410],"product_cat":[342],"product_tag":[],"class_list":{"0":"post-16938","1":"product","2":"type-product","3":"status-publish","4":"has-post-thumbnail","6":"product_brand-evolis","7":"product_cat-card-printer-consumables-en","8":"product_brands-evolis-en","10":"first","11":"onbackorder","12":"taxable","13":"shipping-taxable","14":"purchasable","15":"product-type-simple"},"acf":[],"yoast_head":"<!-- This site is optimized with the Yoast SEO plugin v26.2 - https:\/\/yoast.com\/wordpress\/plugins\/seo\/ -->\n<title>Tr\u00fckilint Evolis h\u00f5bedane (1000 printi) - RCT217NAAA - RTT<\/title>\n<meta name=\"description\" content=\"Evolis RCT217NAAA: h\u00f5bedane v\u00e4rv t\u00e4helepanu t\u00f5mbamiseks. 1000 tr\u00fckki rullis, \u00fchildub Primacy 2 ja Zenius 2 mudelitega. Vaata hinda ja telli kvaliteetne lint siit!\" \/>\n<meta name=\"robots\" content=\"index, follow, max-snippet:-1, max-image-preview:large, max-video-preview:-1\" \/>\n<link rel=\"canonical\" href=\"https:\/\/rtt.ee\/en\/toode\/kulumaterjalid-en\/card-printer-consumables-en\/trukilint-evolis-hobedane-primacy-2-zenius-2\/\" \/>\n<meta property=\"og:locale\" content=\"en_US\" \/>\n<meta property=\"og:type\" content=\"article\" \/>\n<meta property=\"og:title\" content=\"Tr\u00fckilint Evolis h\u00f5bedane (1000 printi) - RCT217NAAA - RTT\" \/>\n<meta property=\"og:description\" content=\"Evolis RCT217NAAA: h\u00f5bedane v\u00e4rv t\u00e4helepanu t\u00f5mbamiseks. 1000 tr\u00fckki rullis, \u00fchildub Primacy 2 ja Zenius 2 mudelitega. Vaata hinda ja telli kvaliteetne lint siit!\" \/>\n<meta property=\"og:url\" content=\"https:\/\/rtt.ee\/en\/toode\/kulumaterjalid-en\/card-printer-consumables-en\/trukilint-evolis-hobedane-primacy-2-zenius-2\/\" \/>\n<meta property=\"og:site_name\" content=\"RTT\" \/>\n<meta property=\"article:modified_time\" content=\"2026-03-11T14:12:31+00:00\" \/>\n<meta property=\"og:image\" content=\"https:\/\/rtt.ee\/wp-content\/uploads\/2026\/03\/Metallic_Silver_Ribbon_-_RCT217NAAA__21619.jpg\" \/>\n\t<meta property=\"og:image:width\" content=\"386\" \/>\n\t<meta property=\"og:image:height\" content=\"258\" \/>\n\t<meta property=\"og:image:type\" content=\"image\/jpeg\" \/>\n<meta name=\"twitter:card\" content=\"summary_large_image\" \/>\n<meta name=\"twitter:label1\" content=\"Est. reading time\" \/>\n\t<meta name=\"twitter:data1\" content=\"1 minute\" \/>\n<script type=\"application\/ld+json\" class=\"yoast-schema-graph\">{\"@context\":\"https:\/\/schema.org\",\"@graph\":[{\"@type\":\"WebPage\",\"@id\":\"https:\/\/rtt.ee\/en\/toode\/kulumaterjalid-en\/card-printer-consumables-en\/trukilint-evolis-hobedane-primacy-2-zenius-2\/\",\"url\":\"https:\/\/rtt.ee\/en\/toode\/kulumaterjalid-en\/card-printer-consumables-en\/trukilint-evolis-hobedane-primacy-2-zenius-2\/\",\"name\":\"Tr\u00fckilint Evolis h\u00f5bedane (1000 printi) - RCT217NAAA - RTT\",\"isPartOf\":{\"@id\":\"https:\/\/rtt.ee\/en\/#website\"},\"primaryImageOfPage\":{\"@id\":\"https:\/\/rtt.ee\/en\/toode\/kulumaterjalid-en\/card-printer-consumables-en\/trukilint-evolis-hobedane-primacy-2-zenius-2\/#primaryimage\"},\"image\":{\"@id\":\"https:\/\/rtt.ee\/en\/toode\/kulumaterjalid-en\/card-printer-consumables-en\/trukilint-evolis-hobedane-primacy-2-zenius-2\/#primaryimage\"},\"thumbnailUrl\":\"https:\/\/rtt.ee\/wp-content\/uploads\/2026\/03\/Metallic_Silver_Ribbon_-_RCT217NAAA__21619.jpg\",\"datePublished\":\"2026-03-10T14:51:28+00:00\",\"dateModified\":\"2026-03-11T14:12:31+00:00\",\"description\":\"Evolis RCT217NAAA: h\u00f5bedane v\u00e4rv t\u00e4helepanu t\u00f5mbamiseks. 1000 tr\u00fckki rullis, \u00fchildub Primacy 2 ja Zenius 2 mudelitega. Vaata hinda ja telli kvaliteetne lint siit!\",\"breadcrumb\":{\"@id\":\"https:\/\/rtt.ee\/en\/toode\/kulumaterjalid-en\/card-printer-consumables-en\/trukilint-evolis-hobedane-primacy-2-zenius-2\/#breadcrumb\"},\"inLanguage\":\"en-US\",\"potentialAction\":[{\"@type\":\"ReadAction\",\"target\":[\"https:\/\/rtt.ee\/en\/toode\/kulumaterjalid-en\/card-printer-consumables-en\/trukilint-evolis-hobedane-primacy-2-zenius-2\/\"]}]},{\"@type\":\"ImageObject\",\"inLanguage\":\"en-US\",\"@id\":\"https:\/\/rtt.ee\/en\/toode\/kulumaterjalid-en\/card-printer-consumables-en\/trukilint-evolis-hobedane-primacy-2-zenius-2\/#primaryimage\",\"url\":\"https:\/\/rtt.ee\/wp-content\/uploads\/2026\/03\/Metallic_Silver_Ribbon_-_RCT217NAAA__21619.jpg\",\"contentUrl\":\"https:\/\/rtt.ee\/wp-content\/uploads\/2026\/03\/Metallic_Silver_Ribbon_-_RCT217NAAA__21619.jpg\",\"width\":386,\"height\":258},{\"@type\":\"BreadcrumbList\",\"@id\":\"https:\/\/rtt.ee\/en\/toode\/kulumaterjalid-en\/card-printer-consumables-en\/trukilint-evolis-hobedane-primacy-2-zenius-2\/#breadcrumb\",\"itemListElement\":[{\"@type\":\"ListItem\",\"position\":1,\"name\":\"Home\",\"item\":\"https:\/\/rtt.ee\/en\/\"},{\"@type\":\"ListItem\",\"position\":2,\"name\":\"Shop\",\"item\":\"https:\/\/rtt.ee\/en\/shop\/\"},{\"@type\":\"ListItem\",\"position\":3,\"name\":\"Kulumaterjalid\",\"item\":\"https:\/\/rtt.ee\/tootekategooria\/kulumaterjalid\/\"},{\"@type\":\"ListItem\",\"position\":4,\"name\":\"Kaardiprinterite kulumaterjalid\",\"item\":\"https:\/\/rtt.ee\/tootekategooria\/kulumaterjalid\/kaardiprinterite-kulumaterjalid\/\"},{\"@type\":\"ListItem\",\"position\":5,\"name\":\"Tr\u00fckilint Evolis h\u00f5bedane (1000 printi) &#8211; RCT217NAAA\"}]},{\"@type\":\"WebSite\",\"@id\":\"https:\/\/rtt.ee\/en\/#website\",\"url\":\"https:\/\/rtt.ee\/en\/\",\"name\":\"RTT\",\"description\":\"Kassaaparaadid ja kontorikaubad\",\"potentialAction\":[{\"@type\":\"SearchAction\",\"target\":{\"@type\":\"EntryPoint\",\"urlTemplate\":\"https:\/\/rtt.ee\/en\/?s={search_term_string}\"},\"query-input\":{\"@type\":\"PropertyValueSpecification\",\"valueRequired\":true,\"valueName\":\"search_term_string\"}}],\"inLanguage\":\"en-US\"}]}<\/script>\n<!-- \/ Yoast SEO plugin. -->","yoast_head_json":{"title":"Tr\u00fckilint Evolis h\u00f5bedane (1000 printi) - RCT217NAAA - RTT","description":"Evolis RCT217NAAA: h\u00f5bedane v\u00e4rv t\u00e4helepanu t\u00f5mbamiseks. 1000 tr\u00fckki rullis, \u00fchildub Primacy 2 ja Zenius 2 mudelitega. Vaata hinda ja telli kvaliteetne lint siit!","robots":{"index":"index","follow":"follow","max-snippet":"max-snippet:-1","max-image-preview":"max-image-preview:large","max-video-preview":"max-video-preview:-1"},"canonical":"https:\/\/rtt.ee\/en\/toode\/kulumaterjalid-en\/card-printer-consumables-en\/trukilint-evolis-hobedane-primacy-2-zenius-2\/","og_locale":"en_US","og_type":"article","og_title":"Tr\u00fckilint Evolis h\u00f5bedane (1000 printi) - RCT217NAAA - RTT","og_description":"Evolis RCT217NAAA: h\u00f5bedane v\u00e4rv t\u00e4helepanu t\u00f5mbamiseks. 1000 tr\u00fckki rullis, \u00fchildub Primacy 2 ja Zenius 2 mudelitega. Vaata hinda ja telli kvaliteetne lint siit!","og_url":"https:\/\/rtt.ee\/en\/toode\/kulumaterjalid-en\/card-printer-consumables-en\/trukilint-evolis-hobedane-primacy-2-zenius-2\/","og_site_name":"RTT","article_modified_time":"2026-03-11T14:12:31+00:00","og_image":[{"width":386,"height":258,"url":"https:\/\/rtt.ee\/wp-content\/uploads\/2026\/03\/Metallic_Silver_Ribbon_-_RCT217NAAA__21619.jpg","type":"image\/jpeg"}],"twitter_card":"summary_large_image","twitter_misc":{"Est. reading time":"1 minute"},"schema":{"@context":"https:\/\/schema.org","@graph":[{"@type":"WebPage","@id":"https:\/\/rtt.ee\/en\/toode\/kulumaterjalid-en\/card-printer-consumables-en\/trukilint-evolis-hobedane-primacy-2-zenius-2\/","url":"https:\/\/rtt.ee\/en\/toode\/kulumaterjalid-en\/card-printer-consumables-en\/trukilint-evolis-hobedane-primacy-2-zenius-2\/","name":"Tr\u00fckilint Evolis h\u00f5bedane (1000 printi) - RCT217NAAA - RTT","isPartOf":{"@id":"https:\/\/rtt.ee\/en\/#website"},"primaryImageOfPage":{"@id":"https:\/\/rtt.ee\/en\/toode\/kulumaterjalid-en\/card-printer-consumables-en\/trukilint-evolis-hobedane-primacy-2-zenius-2\/#primaryimage"},"image":{"@id":"https:\/\/rtt.ee\/en\/toode\/kulumaterjalid-en\/card-printer-consumables-en\/trukilint-evolis-hobedane-primacy-2-zenius-2\/#primaryimage"},"thumbnailUrl":"https:\/\/rtt.ee\/wp-content\/uploads\/2026\/03\/Metallic_Silver_Ribbon_-_RCT217NAAA__21619.jpg","datePublished":"2026-03-10T14:51:28+00:00","dateModified":"2026-03-11T14:12:31+00:00","description":"Evolis RCT217NAAA: h\u00f5bedane v\u00e4rv t\u00e4helepanu t\u00f5mbamiseks. 1000 tr\u00fckki rullis, \u00fchildub Primacy 2 ja Zenius 2 mudelitega. Vaata hinda ja telli kvaliteetne lint siit!","breadcrumb":{"@id":"https:\/\/rtt.ee\/en\/toode\/kulumaterjalid-en\/card-printer-consumables-en\/trukilint-evolis-hobedane-primacy-2-zenius-2\/#breadcrumb"},"inLanguage":"en-US","potentialAction":[{"@type":"ReadAction","target":["https:\/\/rtt.ee\/en\/toode\/kulumaterjalid-en\/card-printer-consumables-en\/trukilint-evolis-hobedane-primacy-2-zenius-2\/"]}]},{"@type":"ImageObject","inLanguage":"en-US","@id":"https:\/\/rtt.ee\/en\/toode\/kulumaterjalid-en\/card-printer-consumables-en\/trukilint-evolis-hobedane-primacy-2-zenius-2\/#primaryimage","url":"https:\/\/rtt.ee\/wp-content\/uploads\/2026\/03\/Metallic_Silver_Ribbon_-_RCT217NAAA__21619.jpg","contentUrl":"https:\/\/rtt.ee\/wp-content\/uploads\/2026\/03\/Metallic_Silver_Ribbon_-_RCT217NAAA__21619.jpg","width":386,"height":258},{"@type":"BreadcrumbList","@id":"https:\/\/rtt.ee\/en\/toode\/kulumaterjalid-en\/card-printer-consumables-en\/trukilint-evolis-hobedane-primacy-2-zenius-2\/#breadcrumb","itemListElement":[{"@type":"ListItem","position":1,"name":"Home","item":"https:\/\/rtt.ee\/en\/"},{"@type":"ListItem","position":2,"name":"Shop","item":"https:\/\/rtt.ee\/en\/shop\/"},{"@type":"ListItem","position":3,"name":"Kulumaterjalid","item":"https:\/\/rtt.ee\/tootekategooria\/kulumaterjalid\/"},{"@type":"ListItem","position":4,"name":"Kaardiprinterite kulumaterjalid","item":"https:\/\/rtt.ee\/tootekategooria\/kulumaterjalid\/kaardiprinterite-kulumaterjalid\/"},{"@type":"ListItem","position":5,"name":"Tr\u00fckilint Evolis h\u00f5bedane (1000 printi) &#8211; RCT217NAAA"}]},{"@type":"WebSite","@id":"https:\/\/rtt.ee\/en\/#website","url":"https:\/\/rtt.ee\/en\/","name":"RTT","description":"Kassaaparaadid ja kontorikaubad","potentialAction":[{"@type":"SearchAction","target":{"@type":"EntryPoint","urlTemplate":"https:\/\/rtt.ee\/en\/?s={search_term_string}"},"query-input":{"@type":"PropertyValueSpecification","valueRequired":true,"valueName":"search_term_string"}}],"inLanguage":"en-US"}]}},"_links":{"self":[{"href":"https:\/\/rtt.ee\/en\/wp-json\/wp\/v2\/product\/16938","targetHints":{"allow":["GET"]}}],"collection":[{"href":"https:\/\/rtt.ee\/en\/wp-json\/wp\/v2\/product"}],"about":[{"href":"https:\/\/rtt.ee\/en\/wp-json\/wp\/v2\/types\/product"}],"wp:featuredmedia":[{"embeddable":true,"href":"https:\/\/rtt.ee\/en\/wp-json\/wp\/v2\/media\/16936"}],"wp:attachment":[{"href":"https:\/\/rtt.ee\/en\/wp-json\/wp\/v2\/media?parent=16938"}],"wp:term":[{"taxonomy":"product_brand","embeddable":true,"href":"https:\/\/rtt.ee\/en\/wp-json\/wp\/v2\/product_brand?post=16938"},{"taxonomy":"product_cat","embeddable":true,"href":"https:\/\/rtt.ee\/en\/wp-json\/wp\/v2\/product_cat?post=16938"},{"taxonomy":"product_tag","embeddable":true,"href":"https:\/\/rtt.ee\/en\/wp-json\/wp\/v2\/product_tag?post=16938"}],"curies":[{"name":"wp","href":"https:\/\/api.w.org\/{rel}","templated":true}]}}