{"id":16902,"date":"2026-03-10T16:16:39","date_gmt":"2026-03-10T14:16:39","guid":{"rendered":"https:\/\/rtt.ee\/toode\/uncategorized\/evolis-trukipea-puhastuspliiatsid-acl005\/"},"modified":"2026-03-20T10:41:57","modified_gmt":"2026-03-20T08:41:57","slug":"evolis-trukipea-puhastuspliiatsid-acl005","status":"publish","type":"product","link":"https:\/\/rtt.ee\/en\/toode\/kulumaterjalid-en\/card-printer-consumables-en\/evolis-trukipea-puhastuspliiatsid-acl005\/","title":{"rendered":"EVOLIS tr\u00fckipea puhastuspliiatsid ACL005"},"content":{"rendered":"<p>Komplektis 3tk<\/p>\n<p>Sobib: Zenius ja Primacy seeriatele<\/p>\n","protected":false},"excerpt":{"rendered":"<p>Komplektis 3tk Sobib: Zenius ja Primacy seeriatele<\/p>\n","protected":false},"featured_media":16900,"template":"","meta":{"_acf_changed":false},"product_brand":[410],"product_cat":[342],"product_tag":[],"class_list":{"0":"post-16902","1":"product","2":"type-product","3":"status-publish","4":"has-post-thumbnail","6":"product_brand-evolis","7":"product_cat-card-printer-consumables-en","8":"product_brands-evolis-en","10":"first","11":"onbackorder","12":"taxable","13":"shipping-taxable","14":"purchasable","15":"product-type-simple"},"acf":[],"yoast_head":"<!-- This site is optimized with the Yoast SEO plugin v26.2 - https:\/\/yoast.com\/wordpress\/plugins\/seo\/ -->\n<title>EVOLIS tr\u00fckipea puhastuspliiatsid ACL005 - RTT<\/title>\n<meta name=\"description\" content=\"Evolis ACL005 originaal puhastuspliiats tr\u00fckipea hoolduseks. Sobib Zenius, Primacy ja teistele Evolis printeritele. Pikendage kalli tr\u00fckipea eluiga\" \/>\n<meta name=\"robots\" content=\"index, follow, max-snippet:-1, max-image-preview:large, max-video-preview:-1\" \/>\n<link rel=\"canonical\" href=\"https:\/\/rtt.ee\/en\/toode\/kulumaterjalid-en\/card-printer-consumables-en\/evolis-trukipea-puhastuspliiatsid-acl005\/\" \/>\n<meta property=\"og:locale\" content=\"en_US\" \/>\n<meta property=\"og:type\" content=\"article\" \/>\n<meta property=\"og:title\" content=\"EVOLIS tr\u00fckipea puhastuspliiatsid ACL005 - RTT\" \/>\n<meta property=\"og:description\" content=\"Evolis ACL005 originaal puhastuspliiats tr\u00fckipea hoolduseks. Sobib Zenius, Primacy ja teistele Evolis printeritele. Pikendage kalli tr\u00fckipea eluiga\" \/>\n<meta property=\"og:url\" content=\"https:\/\/rtt.ee\/en\/toode\/kulumaterjalid-en\/card-printer-consumables-en\/evolis-trukipea-puhastuspliiatsid-acl005\/\" \/>\n<meta property=\"og:site_name\" content=\"RTT\" \/>\n<meta property=\"article:modified_time\" content=\"2026-03-20T08:41:57+00:00\" \/>\n<meta property=\"og:image\" content=\"https:\/\/rtt.ee\/wp-content\/uploads\/2026\/03\/Evolis-ACL005.webp\" \/>\n\t<meta property=\"og:image:width\" content=\"450\" \/>\n\t<meta property=\"og:image:height\" content=\"486\" \/>\n\t<meta property=\"og:image:type\" content=\"image\/webp\" \/>\n<meta name=\"twitter:card\" content=\"summary_large_image\" \/>\n<meta name=\"twitter:label1\" content=\"Est. reading time\" \/>\n\t<meta name=\"twitter:data1\" content=\"1 minute\" \/>\n<script type=\"application\/ld+json\" class=\"yoast-schema-graph\">{\"@context\":\"https:\/\/schema.org\",\"@graph\":[{\"@type\":\"WebPage\",\"@id\":\"https:\/\/rtt.ee\/en\/toode\/kulumaterjalid-en\/card-printer-consumables-en\/evolis-trukipea-puhastuspliiatsid-acl005\/\",\"url\":\"https:\/\/rtt.ee\/en\/toode\/kulumaterjalid-en\/card-printer-consumables-en\/evolis-trukipea-puhastuspliiatsid-acl005\/\",\"name\":\"EVOLIS tr\u00fckipea puhastuspliiatsid ACL005 - RTT\",\"isPartOf\":{\"@id\":\"https:\/\/rtt.ee\/en\/#website\"},\"primaryImageOfPage\":{\"@id\":\"https:\/\/rtt.ee\/en\/toode\/kulumaterjalid-en\/card-printer-consumables-en\/evolis-trukipea-puhastuspliiatsid-acl005\/#primaryimage\"},\"image\":{\"@id\":\"https:\/\/rtt.ee\/en\/toode\/kulumaterjalid-en\/card-printer-consumables-en\/evolis-trukipea-puhastuspliiatsid-acl005\/#primaryimage\"},\"thumbnailUrl\":\"https:\/\/rtt.ee\/wp-content\/uploads\/2026\/03\/Evolis-ACL005.webp\",\"datePublished\":\"2026-03-10T14:16:39+00:00\",\"dateModified\":\"2026-03-20T08:41:57+00:00\",\"description\":\"Evolis ACL005 originaal puhastuspliiats tr\u00fckipea hoolduseks. Sobib Zenius, Primacy ja teistele Evolis printeritele. Pikendage kalli tr\u00fckipea eluiga\",\"breadcrumb\":{\"@id\":\"https:\/\/rtt.ee\/en\/toode\/kulumaterjalid-en\/card-printer-consumables-en\/evolis-trukipea-puhastuspliiatsid-acl005\/#breadcrumb\"},\"inLanguage\":\"en-US\",\"potentialAction\":[{\"@type\":\"ReadAction\",\"target\":[\"https:\/\/rtt.ee\/en\/toode\/kulumaterjalid-en\/card-printer-consumables-en\/evolis-trukipea-puhastuspliiatsid-acl005\/\"]}]},{\"@type\":\"ImageObject\",\"inLanguage\":\"en-US\",\"@id\":\"https:\/\/rtt.ee\/en\/toode\/kulumaterjalid-en\/card-printer-consumables-en\/evolis-trukipea-puhastuspliiatsid-acl005\/#primaryimage\",\"url\":\"https:\/\/rtt.ee\/wp-content\/uploads\/2026\/03\/Evolis-ACL005.webp\",\"contentUrl\":\"https:\/\/rtt.ee\/wp-content\/uploads\/2026\/03\/Evolis-ACL005.webp\",\"width\":450,\"height\":486},{\"@type\":\"BreadcrumbList\",\"@id\":\"https:\/\/rtt.ee\/en\/toode\/kulumaterjalid-en\/card-printer-consumables-en\/evolis-trukipea-puhastuspliiatsid-acl005\/#breadcrumb\",\"itemListElement\":[{\"@type\":\"ListItem\",\"position\":1,\"name\":\"Home\",\"item\":\"https:\/\/rtt.ee\/en\/\"},{\"@type\":\"ListItem\",\"position\":2,\"name\":\"Shop\",\"item\":\"https:\/\/rtt.ee\/en\/shop\/\"},{\"@type\":\"ListItem\",\"position\":3,\"name\":\"Kulumaterjalid\",\"item\":\"https:\/\/rtt.ee\/tootekategooria\/kulumaterjalid\/\"},{\"@type\":\"ListItem\",\"position\":4,\"name\":\"Kaardiprinterite kulumaterjalid\",\"item\":\"https:\/\/rtt.ee\/tootekategooria\/kulumaterjalid\/kaardiprinterite-kulumaterjalid\/\"},{\"@type\":\"ListItem\",\"position\":5,\"name\":\"EVOLIS tr\u00fckipea puhastuspliiatsid ACL005\"}]},{\"@type\":\"WebSite\",\"@id\":\"https:\/\/rtt.ee\/en\/#website\",\"url\":\"https:\/\/rtt.ee\/en\/\",\"name\":\"RTT\",\"description\":\"Kassaaparaadid ja kontorikaubad\",\"potentialAction\":[{\"@type\":\"SearchAction\",\"target\":{\"@type\":\"EntryPoint\",\"urlTemplate\":\"https:\/\/rtt.ee\/en\/?s={search_term_string}\"},\"query-input\":{\"@type\":\"PropertyValueSpecification\",\"valueRequired\":true,\"valueName\":\"search_term_string\"}}],\"inLanguage\":\"en-US\"}]}<\/script>\n<!-- \/ Yoast SEO plugin. -->","yoast_head_json":{"title":"EVOLIS tr\u00fckipea puhastuspliiatsid ACL005 - RTT","description":"Evolis ACL005 originaal puhastuspliiats tr\u00fckipea hoolduseks. Sobib Zenius, Primacy ja teistele Evolis printeritele. Pikendage kalli tr\u00fckipea eluiga","robots":{"index":"index","follow":"follow","max-snippet":"max-snippet:-1","max-image-preview":"max-image-preview:large","max-video-preview":"max-video-preview:-1"},"canonical":"https:\/\/rtt.ee\/en\/toode\/kulumaterjalid-en\/card-printer-consumables-en\/evolis-trukipea-puhastuspliiatsid-acl005\/","og_locale":"en_US","og_type":"article","og_title":"EVOLIS tr\u00fckipea puhastuspliiatsid ACL005 - RTT","og_description":"Evolis ACL005 originaal puhastuspliiats tr\u00fckipea hoolduseks. Sobib Zenius, Primacy ja teistele Evolis printeritele. Pikendage kalli tr\u00fckipea eluiga","og_url":"https:\/\/rtt.ee\/en\/toode\/kulumaterjalid-en\/card-printer-consumables-en\/evolis-trukipea-puhastuspliiatsid-acl005\/","og_site_name":"RTT","article_modified_time":"2026-03-20T08:41:57+00:00","og_image":[{"width":450,"height":486,"url":"https:\/\/rtt.ee\/wp-content\/uploads\/2026\/03\/Evolis-ACL005.webp","type":"image\/webp"}],"twitter_card":"summary_large_image","twitter_misc":{"Est. reading time":"1 minute"},"schema":{"@context":"https:\/\/schema.org","@graph":[{"@type":"WebPage","@id":"https:\/\/rtt.ee\/en\/toode\/kulumaterjalid-en\/card-printer-consumables-en\/evolis-trukipea-puhastuspliiatsid-acl005\/","url":"https:\/\/rtt.ee\/en\/toode\/kulumaterjalid-en\/card-printer-consumables-en\/evolis-trukipea-puhastuspliiatsid-acl005\/","name":"EVOLIS tr\u00fckipea puhastuspliiatsid ACL005 - RTT","isPartOf":{"@id":"https:\/\/rtt.ee\/en\/#website"},"primaryImageOfPage":{"@id":"https:\/\/rtt.ee\/en\/toode\/kulumaterjalid-en\/card-printer-consumables-en\/evolis-trukipea-puhastuspliiatsid-acl005\/#primaryimage"},"image":{"@id":"https:\/\/rtt.ee\/en\/toode\/kulumaterjalid-en\/card-printer-consumables-en\/evolis-trukipea-puhastuspliiatsid-acl005\/#primaryimage"},"thumbnailUrl":"https:\/\/rtt.ee\/wp-content\/uploads\/2026\/03\/Evolis-ACL005.webp","datePublished":"2026-03-10T14:16:39+00:00","dateModified":"2026-03-20T08:41:57+00:00","description":"Evolis ACL005 originaal puhastuspliiats tr\u00fckipea hoolduseks. Sobib Zenius, Primacy ja teistele Evolis printeritele. Pikendage kalli tr\u00fckipea eluiga","breadcrumb":{"@id":"https:\/\/rtt.ee\/en\/toode\/kulumaterjalid-en\/card-printer-consumables-en\/evolis-trukipea-puhastuspliiatsid-acl005\/#breadcrumb"},"inLanguage":"en-US","potentialAction":[{"@type":"ReadAction","target":["https:\/\/rtt.ee\/en\/toode\/kulumaterjalid-en\/card-printer-consumables-en\/evolis-trukipea-puhastuspliiatsid-acl005\/"]}]},{"@type":"ImageObject","inLanguage":"en-US","@id":"https:\/\/rtt.ee\/en\/toode\/kulumaterjalid-en\/card-printer-consumables-en\/evolis-trukipea-puhastuspliiatsid-acl005\/#primaryimage","url":"https:\/\/rtt.ee\/wp-content\/uploads\/2026\/03\/Evolis-ACL005.webp","contentUrl":"https:\/\/rtt.ee\/wp-content\/uploads\/2026\/03\/Evolis-ACL005.webp","width":450,"height":486},{"@type":"BreadcrumbList","@id":"https:\/\/rtt.ee\/en\/toode\/kulumaterjalid-en\/card-printer-consumables-en\/evolis-trukipea-puhastuspliiatsid-acl005\/#breadcrumb","itemListElement":[{"@type":"ListItem","position":1,"name":"Home","item":"https:\/\/rtt.ee\/en\/"},{"@type":"ListItem","position":2,"name":"Shop","item":"https:\/\/rtt.ee\/en\/shop\/"},{"@type":"ListItem","position":3,"name":"Kulumaterjalid","item":"https:\/\/rtt.ee\/tootekategooria\/kulumaterjalid\/"},{"@type":"ListItem","position":4,"name":"Kaardiprinterite kulumaterjalid","item":"https:\/\/rtt.ee\/tootekategooria\/kulumaterjalid\/kaardiprinterite-kulumaterjalid\/"},{"@type":"ListItem","position":5,"name":"EVOLIS tr\u00fckipea puhastuspliiatsid ACL005"}]},{"@type":"WebSite","@id":"https:\/\/rtt.ee\/en\/#website","url":"https:\/\/rtt.ee\/en\/","name":"RTT","description":"Kassaaparaadid ja kontorikaubad","potentialAction":[{"@type":"SearchAction","target":{"@type":"EntryPoint","urlTemplate":"https:\/\/rtt.ee\/en\/?s={search_term_string}"},"query-input":{"@type":"PropertyValueSpecification","valueRequired":true,"valueName":"search_term_string"}}],"inLanguage":"en-US"}]}},"_links":{"self":[{"href":"https:\/\/rtt.ee\/en\/wp-json\/wp\/v2\/product\/16902","targetHints":{"allow":["GET"]}}],"collection":[{"href":"https:\/\/rtt.ee\/en\/wp-json\/wp\/v2\/product"}],"about":[{"href":"https:\/\/rtt.ee\/en\/wp-json\/wp\/v2\/types\/product"}],"wp:featuredmedia":[{"embeddable":true,"href":"https:\/\/rtt.ee\/en\/wp-json\/wp\/v2\/media\/16900"}],"wp:attachment":[{"href":"https:\/\/rtt.ee\/en\/wp-json\/wp\/v2\/media?parent=16902"}],"wp:term":[{"taxonomy":"product_brand","embeddable":true,"href":"https:\/\/rtt.ee\/en\/wp-json\/wp\/v2\/product_brand?post=16902"},{"taxonomy":"product_cat","embeddable":true,"href":"https:\/\/rtt.ee\/en\/wp-json\/wp\/v2\/product_cat?post=16902"},{"taxonomy":"product_tag","embeddable":true,"href":"https:\/\/rtt.ee\/en\/wp-json\/wp\/v2\/product_tag?post=16902"}],"curies":[{"name":"wp","href":"https:\/\/api.w.org\/{rel}","templated":true}]}}