{"id":16041,"date":"2026-02-26T16:05:52","date_gmt":"2026-02-26T14:05:52","guid":{"rendered":"https:\/\/rtt.ee\/toode\/uncategorized\/epson-ecotank-l8050-a4-varvi-tindiprinter\/"},"modified":"2026-04-09T09:46:09","modified_gmt":"2026-04-09T06:46:09","slug":"epson-ecotank-l8050-a4-varvi-tindiprinter","status":"publish","type":"product","link":"https:\/\/rtt.ee\/en\/toode\/koopiamasinad-en\/a4-printer-en\/epson-ecotank-l8050-a4-varvi-tindiprinter\/","title":{"rendered":"Epson EcoTank L8050 A4 v\u00e4rvi-tindiprinter"},"content":{"rendered":"<p>Funktsioonid: printimine<\/p>\n<p>Tr\u00fckikiirus (ISO\/IEC 24734):\u00a0<span class=\"technical-specifications__specification-value\">8 lk\/min (must), 8 lk\/min (v\u00e4rviline)<\/span><\/p>\n<p>Tr\u00fckikvaliteet: 5.760\u00a0x\u00a01.440\u00a0DPI<\/p>\n<p>Paberis\u00f6\u00f6tja maht: 100 lehte (Standardne)<\/p>\n<p>\u00dchendused:\u00a0<span class=\"technical-specifications__specification-value\">USB, WiFi, Wi-Fi Direct<\/span><\/p>\n<p>Mobiilsed ja pilvep\u00f5hised printimisteenused: Epson Connect (iPrint, Email Print, Remote Print Driver)<\/p>\n<p class=\"technical-specifications__specification-heading\">Meediat\u00f6\u00f6tlus:\u00a0<span class=\"technical-specifications__specification-value\">\u00e4\u00e4risteta tr\u00fckk (PVC kaardid), CD-le ja DVD-le tr\u00fckkimine<\/span><\/p>\n<p>Toetatavad operatsioonis\u00fcsteemid: Windows, Windows Server, MacOS<\/p>\n<p>Lisainfo:\u00a0<a href=\"https:\/\/www.epson.ee\/et_EE\/tooted\/printerid\/inkjet\/tarbija\/ecotank-l8050-a4-wi-fi-tindimahutiga-fotoprinter\/p\/34296#tech-specs\">Tehniline kirjeldus eesti keeles<\/a><\/p>\n<p>Tel: +372 6 112 256<\/p>\n<p>GSM: +372 5 014 470<\/p>\n","protected":false},"excerpt":{"rendered":"<p>Funktsioonid: printimine Tr\u00fckikiirus (ISO\/IEC 24734):\u00a08 lk\/min (must), 8 lk\/min (v\u00e4rviline) Tr\u00fckikvaliteet: 5.760\u00a0x\u00a01.440\u00a0DPI Paberis\u00f6\u00f6tja maht: 100 lehte (Standardne) \u00dchendused:\u00a0USB, WiFi, Wi-Fi Direct Mobiilsed ja pilvep\u00f5hised printimisteenused: Epson Connect (iPrint, Email Print, Remote Print Driver) Meediat\u00f6\u00f6tlus:\u00a0\u00e4\u00e4risteta tr\u00fckk (PVC kaardid), CD-le ja DVD-le tr\u00fckkimine Toetatavad operatsioonis\u00fcsteemid: Windows, Windows Server, MacOS Lisainfo:\u00a0Tehniline kirjeldus eesti keeles Tel: +372 6 112 [&hellip;]<\/p>\n","protected":false},"featured_media":16036,"template":"","meta":{"_acf_changed":false},"product_brand":[405],"product_cat":[128,329],"product_tag":[],"class_list":{"0":"post-16041","1":"product","2":"type-product","3":"status-publish","4":"has-post-thumbnail","6":"product_brand-epson","7":"product_cat-printerid-en","8":"product_cat-a4-printer-en","9":"product_brands-epson-en","11":"first","12":"onbackorder","13":"taxable","14":"shipping-taxable","15":"purchasable","16":"product-type-simple"},"acf":[],"yoast_head":"<!-- This site is optimized with the Yoast SEO plugin v26.2 - https:\/\/yoast.com\/wordpress\/plugins\/seo\/ -->\n<title>Epson EcoTank L8050 A4 v\u00e4rvi-tindiprinter - RTT<\/title>\n<meta name=\"description\" content=\"Professionaalne A4 fotoprinter Epson L8050. Kvaliteetne 6-v\u00e4rviline tindis\u00fcsteem, Wi-Fi tugi ja PVC-kaartide printimine. Ideaalne lahendus n\u00f5udlikule kasutajale.\" \/>\n<meta name=\"robots\" content=\"index, follow, max-snippet:-1, max-image-preview:large, max-video-preview:-1\" \/>\n<link rel=\"canonical\" href=\"https:\/\/rtt.ee\/en\/toode\/koopiamasinad-en\/a4-printer-en\/epson-ecotank-l8050-a4-varvi-tindiprinter\/\" \/>\n<meta property=\"og:locale\" content=\"en_US\" \/>\n<meta property=\"og:type\" content=\"article\" \/>\n<meta property=\"og:title\" content=\"Epson EcoTank L8050 A4 v\u00e4rvi-tindiprinter - RTT\" \/>\n<meta property=\"og:description\" content=\"Professionaalne A4 fotoprinter Epson L8050. Kvaliteetne 6-v\u00e4rviline tindis\u00fcsteem, Wi-Fi tugi ja PVC-kaartide printimine. Ideaalne lahendus n\u00f5udlikule kasutajale.\" \/>\n<meta property=\"og:url\" content=\"https:\/\/rtt.ee\/en\/toode\/koopiamasinad-en\/a4-printer-en\/epson-ecotank-l8050-a4-varvi-tindiprinter\/\" \/>\n<meta property=\"og:site_name\" content=\"RTT\" \/>\n<meta property=\"article:modified_time\" content=\"2026-04-09T06:46:09+00:00\" \/>\n<meta property=\"og:image\" content=\"https:\/\/rtt.ee\/wp-content\/uploads\/2026\/02\/L8050.jpg\" \/>\n\t<meta property=\"og:image:width\" content=\"2000\" \/>\n\t<meta property=\"og:image:height\" content=\"2000\" \/>\n\t<meta property=\"og:image:type\" content=\"image\/jpeg\" \/>\n<meta name=\"twitter:card\" content=\"summary_large_image\" \/>\n<meta name=\"twitter:label1\" content=\"Est. reading time\" \/>\n\t<meta name=\"twitter:data1\" content=\"1 minute\" \/>\n<script type=\"application\/ld+json\" class=\"yoast-schema-graph\">{\"@context\":\"https:\/\/schema.org\",\"@graph\":[{\"@type\":\"WebPage\",\"@id\":\"https:\/\/rtt.ee\/en\/toode\/koopiamasinad-en\/a4-printer-en\/epson-ecotank-l8050-a4-varvi-tindiprinter\/\",\"url\":\"https:\/\/rtt.ee\/en\/toode\/koopiamasinad-en\/a4-printer-en\/epson-ecotank-l8050-a4-varvi-tindiprinter\/\",\"name\":\"Epson EcoTank L8050 A4 v\u00e4rvi-tindiprinter - RTT\",\"isPartOf\":{\"@id\":\"https:\/\/rtt.ee\/en\/#website\"},\"primaryImageOfPage\":{\"@id\":\"https:\/\/rtt.ee\/en\/toode\/koopiamasinad-en\/a4-printer-en\/epson-ecotank-l8050-a4-varvi-tindiprinter\/#primaryimage\"},\"image\":{\"@id\":\"https:\/\/rtt.ee\/en\/toode\/koopiamasinad-en\/a4-printer-en\/epson-ecotank-l8050-a4-varvi-tindiprinter\/#primaryimage\"},\"thumbnailUrl\":\"https:\/\/rtt.ee\/wp-content\/uploads\/2026\/02\/L8050.jpg\",\"datePublished\":\"2026-02-26T14:05:52+00:00\",\"dateModified\":\"2026-04-09T06:46:09+00:00\",\"description\":\"Professionaalne A4 fotoprinter Epson L8050. Kvaliteetne 6-v\u00e4rviline tindis\u00fcsteem, Wi-Fi tugi ja PVC-kaartide printimine. Ideaalne lahendus n\u00f5udlikule kasutajale.\",\"breadcrumb\":{\"@id\":\"https:\/\/rtt.ee\/en\/toode\/koopiamasinad-en\/a4-printer-en\/epson-ecotank-l8050-a4-varvi-tindiprinter\/#breadcrumb\"},\"inLanguage\":\"en-US\",\"potentialAction\":[{\"@type\":\"ReadAction\",\"target\":[\"https:\/\/rtt.ee\/en\/toode\/koopiamasinad-en\/a4-printer-en\/epson-ecotank-l8050-a4-varvi-tindiprinter\/\"]}]},{\"@type\":\"ImageObject\",\"inLanguage\":\"en-US\",\"@id\":\"https:\/\/rtt.ee\/en\/toode\/koopiamasinad-en\/a4-printer-en\/epson-ecotank-l8050-a4-varvi-tindiprinter\/#primaryimage\",\"url\":\"https:\/\/rtt.ee\/wp-content\/uploads\/2026\/02\/L8050.jpg\",\"contentUrl\":\"https:\/\/rtt.ee\/wp-content\/uploads\/2026\/02\/L8050.jpg\",\"width\":2000,\"height\":2000},{\"@type\":\"BreadcrumbList\",\"@id\":\"https:\/\/rtt.ee\/en\/toode\/koopiamasinad-en\/a4-printer-en\/epson-ecotank-l8050-a4-varvi-tindiprinter\/#breadcrumb\",\"itemListElement\":[{\"@type\":\"ListItem\",\"position\":1,\"name\":\"Home\",\"item\":\"https:\/\/rtt.ee\/en\/\"},{\"@type\":\"ListItem\",\"position\":2,\"name\":\"Shop\",\"item\":\"https:\/\/rtt.ee\/en\/shop\/\"},{\"@type\":\"ListItem\",\"position\":3,\"name\":\"Printerid\",\"item\":\"https:\/\/rtt.ee\/tootekategooria\/printerid\/\"},{\"@type\":\"ListItem\",\"position\":4,\"name\":\"A3 ja A4 Printer\",\"item\":\"https:\/\/rtt.ee\/tootekategooria\/printerid\/a4-printer\/\"},{\"@type\":\"ListItem\",\"position\":5,\"name\":\"Epson EcoTank L8050 A4 v\u00e4rvi-tindiprinter\"}]},{\"@type\":\"WebSite\",\"@id\":\"https:\/\/rtt.ee\/en\/#website\",\"url\":\"https:\/\/rtt.ee\/en\/\",\"name\":\"RTT\",\"description\":\"Kassaaparaadid ja kontorikaubad\",\"potentialAction\":[{\"@type\":\"SearchAction\",\"target\":{\"@type\":\"EntryPoint\",\"urlTemplate\":\"https:\/\/rtt.ee\/en\/?s={search_term_string}\"},\"query-input\":{\"@type\":\"PropertyValueSpecification\",\"valueRequired\":true,\"valueName\":\"search_term_string\"}}],\"inLanguage\":\"en-US\"}]}<\/script>\n<!-- \/ Yoast SEO plugin. -->","yoast_head_json":{"title":"Epson EcoTank L8050 A4 v\u00e4rvi-tindiprinter - RTT","description":"Professionaalne A4 fotoprinter Epson L8050. Kvaliteetne 6-v\u00e4rviline tindis\u00fcsteem, Wi-Fi tugi ja PVC-kaartide printimine. Ideaalne lahendus n\u00f5udlikule kasutajale.","robots":{"index":"index","follow":"follow","max-snippet":"max-snippet:-1","max-image-preview":"max-image-preview:large","max-video-preview":"max-video-preview:-1"},"canonical":"https:\/\/rtt.ee\/en\/toode\/koopiamasinad-en\/a4-printer-en\/epson-ecotank-l8050-a4-varvi-tindiprinter\/","og_locale":"en_US","og_type":"article","og_title":"Epson EcoTank L8050 A4 v\u00e4rvi-tindiprinter - RTT","og_description":"Professionaalne A4 fotoprinter Epson L8050. Kvaliteetne 6-v\u00e4rviline tindis\u00fcsteem, Wi-Fi tugi ja PVC-kaartide printimine. Ideaalne lahendus n\u00f5udlikule kasutajale.","og_url":"https:\/\/rtt.ee\/en\/toode\/koopiamasinad-en\/a4-printer-en\/epson-ecotank-l8050-a4-varvi-tindiprinter\/","og_site_name":"RTT","article_modified_time":"2026-04-09T06:46:09+00:00","og_image":[{"width":2000,"height":2000,"url":"https:\/\/rtt.ee\/wp-content\/uploads\/2026\/02\/L8050.jpg","type":"image\/jpeg"}],"twitter_card":"summary_large_image","twitter_misc":{"Est. reading time":"1 minute"},"schema":{"@context":"https:\/\/schema.org","@graph":[{"@type":"WebPage","@id":"https:\/\/rtt.ee\/en\/toode\/koopiamasinad-en\/a4-printer-en\/epson-ecotank-l8050-a4-varvi-tindiprinter\/","url":"https:\/\/rtt.ee\/en\/toode\/koopiamasinad-en\/a4-printer-en\/epson-ecotank-l8050-a4-varvi-tindiprinter\/","name":"Epson EcoTank L8050 A4 v\u00e4rvi-tindiprinter - RTT","isPartOf":{"@id":"https:\/\/rtt.ee\/en\/#website"},"primaryImageOfPage":{"@id":"https:\/\/rtt.ee\/en\/toode\/koopiamasinad-en\/a4-printer-en\/epson-ecotank-l8050-a4-varvi-tindiprinter\/#primaryimage"},"image":{"@id":"https:\/\/rtt.ee\/en\/toode\/koopiamasinad-en\/a4-printer-en\/epson-ecotank-l8050-a4-varvi-tindiprinter\/#primaryimage"},"thumbnailUrl":"https:\/\/rtt.ee\/wp-content\/uploads\/2026\/02\/L8050.jpg","datePublished":"2026-02-26T14:05:52+00:00","dateModified":"2026-04-09T06:46:09+00:00","description":"Professionaalne A4 fotoprinter Epson L8050. Kvaliteetne 6-v\u00e4rviline tindis\u00fcsteem, Wi-Fi tugi ja PVC-kaartide printimine. Ideaalne lahendus n\u00f5udlikule kasutajale.","breadcrumb":{"@id":"https:\/\/rtt.ee\/en\/toode\/koopiamasinad-en\/a4-printer-en\/epson-ecotank-l8050-a4-varvi-tindiprinter\/#breadcrumb"},"inLanguage":"en-US","potentialAction":[{"@type":"ReadAction","target":["https:\/\/rtt.ee\/en\/toode\/koopiamasinad-en\/a4-printer-en\/epson-ecotank-l8050-a4-varvi-tindiprinter\/"]}]},{"@type":"ImageObject","inLanguage":"en-US","@id":"https:\/\/rtt.ee\/en\/toode\/koopiamasinad-en\/a4-printer-en\/epson-ecotank-l8050-a4-varvi-tindiprinter\/#primaryimage","url":"https:\/\/rtt.ee\/wp-content\/uploads\/2026\/02\/L8050.jpg","contentUrl":"https:\/\/rtt.ee\/wp-content\/uploads\/2026\/02\/L8050.jpg","width":2000,"height":2000},{"@type":"BreadcrumbList","@id":"https:\/\/rtt.ee\/en\/toode\/koopiamasinad-en\/a4-printer-en\/epson-ecotank-l8050-a4-varvi-tindiprinter\/#breadcrumb","itemListElement":[{"@type":"ListItem","position":1,"name":"Home","item":"https:\/\/rtt.ee\/en\/"},{"@type":"ListItem","position":2,"name":"Shop","item":"https:\/\/rtt.ee\/en\/shop\/"},{"@type":"ListItem","position":3,"name":"Printerid","item":"https:\/\/rtt.ee\/tootekategooria\/printerid\/"},{"@type":"ListItem","position":4,"name":"A3 ja A4 Printer","item":"https:\/\/rtt.ee\/tootekategooria\/printerid\/a4-printer\/"},{"@type":"ListItem","position":5,"name":"Epson EcoTank L8050 A4 v\u00e4rvi-tindiprinter"}]},{"@type":"WebSite","@id":"https:\/\/rtt.ee\/en\/#website","url":"https:\/\/rtt.ee\/en\/","name":"RTT","description":"Kassaaparaadid ja kontorikaubad","potentialAction":[{"@type":"SearchAction","target":{"@type":"EntryPoint","urlTemplate":"https:\/\/rtt.ee\/en\/?s={search_term_string}"},"query-input":{"@type":"PropertyValueSpecification","valueRequired":true,"valueName":"search_term_string"}}],"inLanguage":"en-US"}]}},"_links":{"self":[{"href":"https:\/\/rtt.ee\/en\/wp-json\/wp\/v2\/product\/16041","targetHints":{"allow":["GET"]}}],"collection":[{"href":"https:\/\/rtt.ee\/en\/wp-json\/wp\/v2\/product"}],"about":[{"href":"https:\/\/rtt.ee\/en\/wp-json\/wp\/v2\/types\/product"}],"wp:featuredmedia":[{"embeddable":true,"href":"https:\/\/rtt.ee\/en\/wp-json\/wp\/v2\/media\/16036"}],"wp:attachment":[{"href":"https:\/\/rtt.ee\/en\/wp-json\/wp\/v2\/media?parent=16041"}],"wp:term":[{"taxonomy":"product_brand","embeddable":true,"href":"https:\/\/rtt.ee\/en\/wp-json\/wp\/v2\/product_brand?post=16041"},{"taxonomy":"product_cat","embeddable":true,"href":"https:\/\/rtt.ee\/en\/wp-json\/wp\/v2\/product_cat?post=16041"},{"taxonomy":"product_tag","embeddable":true,"href":"https:\/\/rtt.ee\/en\/wp-json\/wp\/v2\/product_tag?post=16041"}],"curies":[{"name":"wp","href":"https:\/\/api.w.org\/{rel}","templated":true}]}}