{"id":16030,"date":"2026-02-26T15:45:18","date_gmt":"2026-02-26T13:45:18","guid":{"rendered":"https:\/\/rtt.ee\/toode\/uncategorized\/epson-ecotank-l6490-multifunktsionaalne-a4-varvi-tindiprinter\/"},"modified":"2026-04-09T13:27:03","modified_gmt":"2026-04-09T10:27:03","slug":"epson-ecotank-l6490-multifunktsionaalne-a4-varvi-tindiprinter","status":"publish","type":"product","link":"https:\/\/rtt.ee\/en\/toode\/koopiamasinad-en\/a4-printer-skanner-koopiamasinad-en\/epson-ecotank-l6490-multifunktsionaalne-a4-varvi-tindiprinter\/","title":{"rendered":"Epson EcoTank L6490 multifunktsionaalne A4 v\u00e4rvi-tindiprinter"},"content":{"rendered":"<p>Funktsioonid: printimine, skannimine, kopeerimine, faksimine<\/p>\n<p>Tr\u00fckikiirus: 17 Lk\/min (must), 9,5 Lk\/min (v\u00e4rviline)<\/p>\n<p>Tr\u00fckikvaliteet: 1.200 x 2.400 DPI<\/p>\n<p>Paberis\u00f6\u00f6tja maht: 250 lehte (Standardne)<\/p>\n<div class=\"spec-pair\">\n<div class=\"key\">\u00dchendused: USB, LAN liides, WIFI, WIFI Direct<\/div>\n<\/div>\n<p>Toetatavad operatsioonis\u00fcsteemid:\u00a0 Windows, Windows Server, MacOS<\/p>\n<p>Lisafunktsioonid: kahepoolne printimine, otseprintimine USB-lt, puutetundlik ekraan<\/p>\n<p>Lisainfo:\u00a0<a href=\"https:\/\/www.epson.ee\/et_EE\/search\/allproducts?text=L6490\">Tehniline kirjeldus eesti keeles<\/a><\/p>\n<p>Tel: +372 6 112 256<\/p>\n<p>GSM: +372 5 014 470<\/p>\n","protected":false},"excerpt":{"rendered":"<p>Funktsioonid: printimine, skannimine, kopeerimine, faksimine Tr\u00fckikiirus: 17 Lk\/min (must), 9,5 Lk\/min (v\u00e4rviline) Tr\u00fckikvaliteet: 1.200 x 2.400 DPI Paberis\u00f6\u00f6tja maht: 250 lehte (Standardne) \u00dchendused: USB, LAN liides, WIFI, WIFI Direct Toetatavad operatsioonis\u00fcsteemid:\u00a0 Windows, Windows Server, MacOS Lisafunktsioonid: kahepoolne printimine, otseprintimine USB-lt, puutetundlik ekraan Lisainfo:\u00a0Tehniline kirjeldus eesti keeles Tel: +372 6 112 256 GSM: +372 5 014 [&hellip;]<\/p>\n","protected":false},"featured_media":16028,"template":"","meta":{"_acf_changed":false},"product_brand":[405],"product_cat":[118],"product_tag":[],"class_list":{"0":"post-16030","1":"product","2":"type-product","3":"status-publish","4":"has-post-thumbnail","6":"product_brand-epson","7":"product_cat-a4-printer-skanner-koopiamasinad-en","8":"product_brands-epson-en","10":"first","11":"onbackorder","12":"taxable","13":"shipping-taxable","14":"purchasable","15":"product-type-simple"},"acf":[],"yoast_head":"<!-- This site is optimized with the Yoast SEO plugin v26.2 - https:\/\/yoast.com\/wordpress\/plugins\/seo\/ -->\n<title>Epson EcoTank L6490 multifunktsionaalne A4 v\u00e4rvi-tindiprinter - RTT<\/title>\n<meta name=\"description\" content=\"Epson EcoTank L6490 \u2013 kiire ja \u00f6konoomne 4-\u00fches \u00e4riprinter. WiFi, automaatne dokumenditootja (ADF) ja \u00fclimadal lehek\u00fclje hind.\" \/>\n<meta name=\"robots\" content=\"index, follow, max-snippet:-1, max-image-preview:large, max-video-preview:-1\" \/>\n<link rel=\"canonical\" href=\"https:\/\/rtt.ee\/toode\/koopiamasinad\/a4-printer-skanner-koopiamasinad\/epson-ecotank-l6490-multifunktsionaalne-a4-varvi-tindiprinter\/\" \/>\n<meta property=\"og:locale\" content=\"en_US\" \/>\n<meta property=\"og:type\" content=\"article\" \/>\n<meta property=\"og:title\" content=\"Epson EcoTank L6490 multifunktsionaalne A4 v\u00e4rvi-tindiprinter - RTT\" \/>\n<meta property=\"og:description\" content=\"Epson EcoTank L6490 \u2013 kiire ja \u00f6konoomne 4-\u00fches \u00e4riprinter. WiFi, automaatne dokumenditootja (ADF) ja \u00fclimadal lehek\u00fclje hind.\" \/>\n<meta property=\"og:url\" content=\"https:\/\/rtt.ee\/toode\/koopiamasinad\/a4-printer-skanner-koopiamasinad\/epson-ecotank-l6490-multifunktsionaalne-a4-varvi-tindiprinter\/\" \/>\n<meta property=\"og:site_name\" content=\"RTT\" \/>\n<meta property=\"article:modified_time\" content=\"2026-04-09T10:27:03+00:00\" \/>\n<meta property=\"og:image\" content=\"https:\/\/rtt.ee\/wp-content\/uploads\/2026\/02\/L6490.jpg\" \/>\n\t<meta property=\"og:image:width\" content=\"2000\" \/>\n\t<meta property=\"og:image:height\" content=\"2000\" \/>\n\t<meta property=\"og:image:type\" content=\"image\/jpeg\" \/>\n<meta name=\"twitter:card\" content=\"summary_large_image\" \/>\n<meta name=\"twitter:label1\" content=\"Est. reading time\" \/>\n\t<meta name=\"twitter:data1\" content=\"1 minute\" \/>\n<script type=\"application\/ld+json\" class=\"yoast-schema-graph\">{\"@context\":\"https:\/\/schema.org\",\"@graph\":[{\"@type\":\"WebPage\",\"@id\":\"https:\/\/rtt.ee\/toode\/koopiamasinad\/a4-printer-skanner-koopiamasinad\/epson-ecotank-l6490-multifunktsionaalne-a4-varvi-tindiprinter\/\",\"url\":\"https:\/\/rtt.ee\/toode\/koopiamasinad\/a4-printer-skanner-koopiamasinad\/epson-ecotank-l6490-multifunktsionaalne-a4-varvi-tindiprinter\/\",\"name\":\"Epson EcoTank L6490 multifunktsionaalne A4 v\u00e4rvi-tindiprinter - RTT\",\"isPartOf\":{\"@id\":\"https:\/\/rtt.ee\/en\/#website\"},\"primaryImageOfPage\":{\"@id\":\"https:\/\/rtt.ee\/toode\/koopiamasinad\/a4-printer-skanner-koopiamasinad\/epson-ecotank-l6490-multifunktsionaalne-a4-varvi-tindiprinter\/#primaryimage\"},\"image\":{\"@id\":\"https:\/\/rtt.ee\/toode\/koopiamasinad\/a4-printer-skanner-koopiamasinad\/epson-ecotank-l6490-multifunktsionaalne-a4-varvi-tindiprinter\/#primaryimage\"},\"thumbnailUrl\":\"https:\/\/rtt.ee\/wp-content\/uploads\/2026\/02\/L6490.jpg\",\"datePublished\":\"2026-02-26T13:45:18+00:00\",\"dateModified\":\"2026-04-09T10:27:03+00:00\",\"description\":\"Epson EcoTank L6490 \u2013 kiire ja \u00f6konoomne 4-\u00fches \u00e4riprinter. WiFi, automaatne dokumenditootja (ADF) ja \u00fclimadal lehek\u00fclje hind.\",\"breadcrumb\":{\"@id\":\"https:\/\/rtt.ee\/toode\/koopiamasinad\/a4-printer-skanner-koopiamasinad\/epson-ecotank-l6490-multifunktsionaalne-a4-varvi-tindiprinter\/#breadcrumb\"},\"inLanguage\":\"en-US\",\"potentialAction\":[{\"@type\":\"ReadAction\",\"target\":[\"https:\/\/rtt.ee\/toode\/koopiamasinad\/a4-printer-skanner-koopiamasinad\/epson-ecotank-l6490-multifunktsionaalne-a4-varvi-tindiprinter\/\"]}]},{\"@type\":\"ImageObject\",\"inLanguage\":\"en-US\",\"@id\":\"https:\/\/rtt.ee\/toode\/koopiamasinad\/a4-printer-skanner-koopiamasinad\/epson-ecotank-l6490-multifunktsionaalne-a4-varvi-tindiprinter\/#primaryimage\",\"url\":\"https:\/\/rtt.ee\/wp-content\/uploads\/2026\/02\/L6490.jpg\",\"contentUrl\":\"https:\/\/rtt.ee\/wp-content\/uploads\/2026\/02\/L6490.jpg\",\"width\":2000,\"height\":2000},{\"@type\":\"BreadcrumbList\",\"@id\":\"https:\/\/rtt.ee\/toode\/koopiamasinad\/a4-printer-skanner-koopiamasinad\/epson-ecotank-l6490-multifunktsionaalne-a4-varvi-tindiprinter\/#breadcrumb\",\"itemListElement\":[{\"@type\":\"ListItem\",\"position\":1,\"name\":\"Home\",\"item\":\"https:\/\/rtt.ee\/en\/\"},{\"@type\":\"ListItem\",\"position\":2,\"name\":\"Shop\",\"item\":\"https:\/\/rtt.ee\/en\/shop\/\"},{\"@type\":\"ListItem\",\"position\":3,\"name\":\"Printers &amp; Multifunctional printers\",\"item\":\"https:\/\/rtt.ee\/en\/tootekategooria\/koopiamasinad-en\/\"},{\"@type\":\"ListItem\",\"position\":4,\"name\":\"A4 Printer-Sk\u00e4nner-Koopiamasinad\",\"item\":\"https:\/\/rtt.ee\/tootekategooria\/koopiamasinad\/a4-printer-skanner-koopiamasinad\/\"},{\"@type\":\"ListItem\",\"position\":5,\"name\":\"Epson EcoTank L6490 multifunktsionaalne A4 v\u00e4rvi-tindiprinter\"}]},{\"@type\":\"WebSite\",\"@id\":\"https:\/\/rtt.ee\/en\/#website\",\"url\":\"https:\/\/rtt.ee\/en\/\",\"name\":\"RTT\",\"description\":\"Kassaaparaadid ja kontorikaubad\",\"potentialAction\":[{\"@type\":\"SearchAction\",\"target\":{\"@type\":\"EntryPoint\",\"urlTemplate\":\"https:\/\/rtt.ee\/en\/?s={search_term_string}\"},\"query-input\":{\"@type\":\"PropertyValueSpecification\",\"valueRequired\":true,\"valueName\":\"search_term_string\"}}],\"inLanguage\":\"en-US\"}]}<\/script>\n<!-- \/ Yoast SEO plugin. -->","yoast_head_json":{"title":"Epson EcoTank L6490 multifunktsionaalne A4 v\u00e4rvi-tindiprinter - RTT","description":"Epson EcoTank L6490 \u2013 kiire ja \u00f6konoomne 4-\u00fches \u00e4riprinter. WiFi, automaatne dokumenditootja (ADF) ja \u00fclimadal lehek\u00fclje hind.","robots":{"index":"index","follow":"follow","max-snippet":"max-snippet:-1","max-image-preview":"max-image-preview:large","max-video-preview":"max-video-preview:-1"},"canonical":"https:\/\/rtt.ee\/toode\/koopiamasinad\/a4-printer-skanner-koopiamasinad\/epson-ecotank-l6490-multifunktsionaalne-a4-varvi-tindiprinter\/","og_locale":"en_US","og_type":"article","og_title":"Epson EcoTank L6490 multifunktsionaalne A4 v\u00e4rvi-tindiprinter - RTT","og_description":"Epson EcoTank L6490 \u2013 kiire ja \u00f6konoomne 4-\u00fches \u00e4riprinter. WiFi, automaatne dokumenditootja (ADF) ja \u00fclimadal lehek\u00fclje hind.","og_url":"https:\/\/rtt.ee\/toode\/koopiamasinad\/a4-printer-skanner-koopiamasinad\/epson-ecotank-l6490-multifunktsionaalne-a4-varvi-tindiprinter\/","og_site_name":"RTT","article_modified_time":"2026-04-09T10:27:03+00:00","og_image":[{"width":2000,"height":2000,"url":"https:\/\/rtt.ee\/wp-content\/uploads\/2026\/02\/L6490.jpg","type":"image\/jpeg"}],"twitter_card":"summary_large_image","twitter_misc":{"Est. reading time":"1 minute"},"schema":{"@context":"https:\/\/schema.org","@graph":[{"@type":"WebPage","@id":"https:\/\/rtt.ee\/toode\/koopiamasinad\/a4-printer-skanner-koopiamasinad\/epson-ecotank-l6490-multifunktsionaalne-a4-varvi-tindiprinter\/","url":"https:\/\/rtt.ee\/toode\/koopiamasinad\/a4-printer-skanner-koopiamasinad\/epson-ecotank-l6490-multifunktsionaalne-a4-varvi-tindiprinter\/","name":"Epson EcoTank L6490 multifunktsionaalne A4 v\u00e4rvi-tindiprinter - RTT","isPartOf":{"@id":"https:\/\/rtt.ee\/en\/#website"},"primaryImageOfPage":{"@id":"https:\/\/rtt.ee\/toode\/koopiamasinad\/a4-printer-skanner-koopiamasinad\/epson-ecotank-l6490-multifunktsionaalne-a4-varvi-tindiprinter\/#primaryimage"},"image":{"@id":"https:\/\/rtt.ee\/toode\/koopiamasinad\/a4-printer-skanner-koopiamasinad\/epson-ecotank-l6490-multifunktsionaalne-a4-varvi-tindiprinter\/#primaryimage"},"thumbnailUrl":"https:\/\/rtt.ee\/wp-content\/uploads\/2026\/02\/L6490.jpg","datePublished":"2026-02-26T13:45:18+00:00","dateModified":"2026-04-09T10:27:03+00:00","description":"Epson EcoTank L6490 \u2013 kiire ja \u00f6konoomne 4-\u00fches \u00e4riprinter. WiFi, automaatne dokumenditootja (ADF) ja \u00fclimadal lehek\u00fclje hind.","breadcrumb":{"@id":"https:\/\/rtt.ee\/toode\/koopiamasinad\/a4-printer-skanner-koopiamasinad\/epson-ecotank-l6490-multifunktsionaalne-a4-varvi-tindiprinter\/#breadcrumb"},"inLanguage":"en-US","potentialAction":[{"@type":"ReadAction","target":["https:\/\/rtt.ee\/toode\/koopiamasinad\/a4-printer-skanner-koopiamasinad\/epson-ecotank-l6490-multifunktsionaalne-a4-varvi-tindiprinter\/"]}]},{"@type":"ImageObject","inLanguage":"en-US","@id":"https:\/\/rtt.ee\/toode\/koopiamasinad\/a4-printer-skanner-koopiamasinad\/epson-ecotank-l6490-multifunktsionaalne-a4-varvi-tindiprinter\/#primaryimage","url":"https:\/\/rtt.ee\/wp-content\/uploads\/2026\/02\/L6490.jpg","contentUrl":"https:\/\/rtt.ee\/wp-content\/uploads\/2026\/02\/L6490.jpg","width":2000,"height":2000},{"@type":"BreadcrumbList","@id":"https:\/\/rtt.ee\/toode\/koopiamasinad\/a4-printer-skanner-koopiamasinad\/epson-ecotank-l6490-multifunktsionaalne-a4-varvi-tindiprinter\/#breadcrumb","itemListElement":[{"@type":"ListItem","position":1,"name":"Home","item":"https:\/\/rtt.ee\/en\/"},{"@type":"ListItem","position":2,"name":"Shop","item":"https:\/\/rtt.ee\/en\/shop\/"},{"@type":"ListItem","position":3,"name":"Printers &amp; Multifunctional printers","item":"https:\/\/rtt.ee\/en\/tootekategooria\/koopiamasinad-en\/"},{"@type":"ListItem","position":4,"name":"A4 Printer-Sk\u00e4nner-Koopiamasinad","item":"https:\/\/rtt.ee\/tootekategooria\/koopiamasinad\/a4-printer-skanner-koopiamasinad\/"},{"@type":"ListItem","position":5,"name":"Epson EcoTank L6490 multifunktsionaalne A4 v\u00e4rvi-tindiprinter"}]},{"@type":"WebSite","@id":"https:\/\/rtt.ee\/en\/#website","url":"https:\/\/rtt.ee\/en\/","name":"RTT","description":"Kassaaparaadid ja kontorikaubad","potentialAction":[{"@type":"SearchAction","target":{"@type":"EntryPoint","urlTemplate":"https:\/\/rtt.ee\/en\/?s={search_term_string}"},"query-input":{"@type":"PropertyValueSpecification","valueRequired":true,"valueName":"search_term_string"}}],"inLanguage":"en-US"}]}},"_links":{"self":[{"href":"https:\/\/rtt.ee\/en\/wp-json\/wp\/v2\/product\/16030","targetHints":{"allow":["GET"]}}],"collection":[{"href":"https:\/\/rtt.ee\/en\/wp-json\/wp\/v2\/product"}],"about":[{"href":"https:\/\/rtt.ee\/en\/wp-json\/wp\/v2\/types\/product"}],"wp:featuredmedia":[{"embeddable":true,"href":"https:\/\/rtt.ee\/en\/wp-json\/wp\/v2\/media\/16028"}],"wp:attachment":[{"href":"https:\/\/rtt.ee\/en\/wp-json\/wp\/v2\/media?parent=16030"}],"wp:term":[{"taxonomy":"product_brand","embeddable":true,"href":"https:\/\/rtt.ee\/en\/wp-json\/wp\/v2\/product_brand?post=16030"},{"taxonomy":"product_cat","embeddable":true,"href":"https:\/\/rtt.ee\/en\/wp-json\/wp\/v2\/product_cat?post=16030"},{"taxonomy":"product_tag","embeddable":true,"href":"https:\/\/rtt.ee\/en\/wp-json\/wp\/v2\/product_tag?post=16030"}],"curies":[{"name":"wp","href":"https:\/\/api.w.org\/{rel}","templated":true}]}}