{"id":15725,"date":"2026-02-19T09:52:51","date_gmt":"2026-02-19T07:52:51","guid":{"rendered":"https:\/\/rtt.ee\/toode\/uncategorized\/hp-color-laserjet-pro-4202dw-a4-varvi-laserprinter\/"},"modified":"2026-04-09T09:41:00","modified_gmt":"2026-04-09T06:41:00","slug":"hp-color-laserjet-pro-4202dw-a4-varvi-laserprinter","status":"publish","type":"product","link":"https:\/\/rtt.ee\/en\/toode\/koopiamasinad-en\/a4-printer-en\/hp-color-laserjet-pro-4202dw-a4-varvi-laserprinter\/","title":{"rendered":"HP Color LaserJet Pro 4202dw A4 v\u00e4rvi-laserprinter"},"content":{"rendered":"<p>Funktsioonid: printimine<\/p>\n<p>Tr\u00fckikiirus A4: 33 Lk\/min (must-valge ja v\u00e4rviline)<\/p>\n<p>Tr\u00fckikvaliteet (dpi): 600 x 600<\/p>\n<p>M\u00e4lu: 512MB<\/p>\n<p>Paberis\u00f6\u00f6tja maht: 300 lehte (Standard), 850 lehte (lisav\u00f5imalus)<\/p>\n<p>\u00dchendused: USB, Ethernet, WiFi, BT<\/p>\n<p>Toetatavad operatsioonis\u00fcsteemid: Windows, Windows Server, MacOS, Android, iOS<\/p>\n<p>Lisainfo:\u00a0<a href=\"https:\/\/support.hp.com\/us-en\/product\/product-specs\/hp-color-laserjet-pro-4201-4203cdn-dn-dw-printer-series\/model\/38348058\">Tehniline kirjeldus inglise keeles<\/a><\/p>\n<p>Tel: +372 6 112 256<\/p>\n<p>GSM: +372 5 014 470<\/p>\n<p><span style=\"color: #ff0000\">KAMPAANIA! <span class=\"text-4xl\">HP LaserJet Pro Cashback<\/span><\/span><\/p>\n<p><span style=\"color: #ff0000\">Periood: 01.02.2026 \u2013 30.04.2026<\/span><\/p>\n<p><span style=\"color: #ff0000\">Lisainfo:<\/span> <a href=\"https:\/\/h41201.www4.hp.com\/WMCF.Web\/ee\/et\/promotion\/13490\/Home\/\">HP LaserJet Pro Cashback<\/a><\/p>\n","protected":false},"excerpt":{"rendered":"<p>Funktsioonid: printimine Tr\u00fckikiirus A4: 33 Lk\/min (must-valge ja v\u00e4rviline) Tr\u00fckikvaliteet (dpi): 600 x 600 M\u00e4lu: 512MB Paberis\u00f6\u00f6tja maht: 300 lehte (Standard), 850 lehte (lisav\u00f5imalus) \u00dchendused: USB, Ethernet, WiFi, BT Toetatavad operatsioonis\u00fcsteemid: Windows, Windows Server, MacOS, Android, iOS Lisainfo:\u00a0Tehniline kirjeldus inglise keeles Tel: +372 6 112 256 GSM: +372 5 014 470 KAMPAANIA! HP LaserJet Pro [&hellip;]<\/p>\n","protected":false},"featured_media":15728,"template":"","meta":{"_acf_changed":false},"product_brand":[390],"product_cat":[128,329],"product_tag":[],"class_list":{"0":"post-15725","1":"product","2":"type-product","3":"status-publish","4":"has-post-thumbnail","6":"product_brand-hp","7":"product_cat-printerid-en","8":"product_cat-a4-printer-en","9":"product_brands-hp-en","11":"first","12":"onbackorder","13":"taxable","14":"shipping-taxable","15":"purchasable","16":"product-type-simple"},"acf":[],"yoast_head":"<!-- This site is optimized with the Yoast SEO plugin v26.2 - https:\/\/yoast.com\/wordpress\/plugins\/seo\/ -->\n<title>HP Color LaserJet Pro 4202dw A4 v\u00e4rvi-laserprinter - RTT<\/title>\n<meta name=\"description\" content=\"HP Color LaserJet Pro 4202dw pakub kiirust kuni 33 lk\/min, automaatset kahepoolset printimist. Ideaalne valik n\u00f5udlikule v\u00e4ikekontorile\" \/>\n<meta name=\"robots\" content=\"index, follow, max-snippet:-1, max-image-preview:large, max-video-preview:-1\" \/>\n<link rel=\"canonical\" href=\"https:\/\/rtt.ee\/en\/toode\/koopiamasinad-en\/a4-printer-en\/hp-color-laserjet-pro-4202dw-a4-varvi-laserprinter\/\" \/>\n<meta property=\"og:locale\" content=\"en_US\" \/>\n<meta property=\"og:type\" content=\"article\" \/>\n<meta property=\"og:title\" content=\"HP Color LaserJet Pro 4202dw A4 v\u00e4rvi-laserprinter - RTT\" \/>\n<meta property=\"og:description\" content=\"HP Color LaserJet Pro 4202dw pakub kiirust kuni 33 lk\/min, automaatset kahepoolset printimist. Ideaalne valik n\u00f5udlikule v\u00e4ikekontorile\" \/>\n<meta property=\"og:url\" content=\"https:\/\/rtt.ee\/en\/toode\/koopiamasinad-en\/a4-printer-en\/hp-color-laserjet-pro-4202dw-a4-varvi-laserprinter\/\" \/>\n<meta property=\"og:site_name\" content=\"RTT\" \/>\n<meta property=\"article:modified_time\" content=\"2026-04-09T06:41:00+00:00\" \/>\n<meta property=\"og:image\" content=\"https:\/\/rtt.ee\/wp-content\/uploads\/2026\/02\/HP-4202DW.jpg\" \/>\n\t<meta property=\"og:image:width\" content=\"1432\" \/>\n\t<meta property=\"og:image:height\" content=\"1107\" \/>\n\t<meta property=\"og:image:type\" content=\"image\/jpeg\" \/>\n<meta name=\"twitter:card\" content=\"summary_large_image\" \/>\n<meta name=\"twitter:label1\" content=\"Est. reading time\" \/>\n\t<meta name=\"twitter:data1\" content=\"1 minute\" \/>\n<script type=\"application\/ld+json\" class=\"yoast-schema-graph\">{\"@context\":\"https:\/\/schema.org\",\"@graph\":[{\"@type\":\"WebPage\",\"@id\":\"https:\/\/rtt.ee\/en\/toode\/koopiamasinad-en\/a4-printer-en\/hp-color-laserjet-pro-4202dw-a4-varvi-laserprinter\/\",\"url\":\"https:\/\/rtt.ee\/en\/toode\/koopiamasinad-en\/a4-printer-en\/hp-color-laserjet-pro-4202dw-a4-varvi-laserprinter\/\",\"name\":\"HP Color LaserJet Pro 4202dw A4 v\u00e4rvi-laserprinter - RTT\",\"isPartOf\":{\"@id\":\"https:\/\/rtt.ee\/en\/#website\"},\"primaryImageOfPage\":{\"@id\":\"https:\/\/rtt.ee\/en\/toode\/koopiamasinad-en\/a4-printer-en\/hp-color-laserjet-pro-4202dw-a4-varvi-laserprinter\/#primaryimage\"},\"image\":{\"@id\":\"https:\/\/rtt.ee\/en\/toode\/koopiamasinad-en\/a4-printer-en\/hp-color-laserjet-pro-4202dw-a4-varvi-laserprinter\/#primaryimage\"},\"thumbnailUrl\":\"https:\/\/rtt.ee\/wp-content\/uploads\/2026\/02\/HP-4202DW.jpg\",\"datePublished\":\"2026-02-19T07:52:51+00:00\",\"dateModified\":\"2026-04-09T06:41:00+00:00\",\"description\":\"HP Color LaserJet Pro 4202dw pakub kiirust kuni 33 lk\/min, automaatset kahepoolset printimist. Ideaalne valik n\u00f5udlikule v\u00e4ikekontorile\",\"breadcrumb\":{\"@id\":\"https:\/\/rtt.ee\/en\/toode\/koopiamasinad-en\/a4-printer-en\/hp-color-laserjet-pro-4202dw-a4-varvi-laserprinter\/#breadcrumb\"},\"inLanguage\":\"en-US\",\"potentialAction\":[{\"@type\":\"ReadAction\",\"target\":[\"https:\/\/rtt.ee\/en\/toode\/koopiamasinad-en\/a4-printer-en\/hp-color-laserjet-pro-4202dw-a4-varvi-laserprinter\/\"]}]},{\"@type\":\"ImageObject\",\"inLanguage\":\"en-US\",\"@id\":\"https:\/\/rtt.ee\/en\/toode\/koopiamasinad-en\/a4-printer-en\/hp-color-laserjet-pro-4202dw-a4-varvi-laserprinter\/#primaryimage\",\"url\":\"https:\/\/rtt.ee\/wp-content\/uploads\/2026\/02\/HP-4202DW.jpg\",\"contentUrl\":\"https:\/\/rtt.ee\/wp-content\/uploads\/2026\/02\/HP-4202DW.jpg\",\"width\":1432,\"height\":1107},{\"@type\":\"BreadcrumbList\",\"@id\":\"https:\/\/rtt.ee\/en\/toode\/koopiamasinad-en\/a4-printer-en\/hp-color-laserjet-pro-4202dw-a4-varvi-laserprinter\/#breadcrumb\",\"itemListElement\":[{\"@type\":\"ListItem\",\"position\":1,\"name\":\"Home\",\"item\":\"https:\/\/rtt.ee\/en\/\"},{\"@type\":\"ListItem\",\"position\":2,\"name\":\"Shop\",\"item\":\"https:\/\/rtt.ee\/en\/shop\/\"},{\"@type\":\"ListItem\",\"position\":3,\"name\":\"Printerid\",\"item\":\"https:\/\/rtt.ee\/tootekategooria\/printerid\/\"},{\"@type\":\"ListItem\",\"position\":4,\"name\":\"A3 ja A4 Printer\",\"item\":\"https:\/\/rtt.ee\/tootekategooria\/printerid\/a4-printer\/\"},{\"@type\":\"ListItem\",\"position\":5,\"name\":\"HP Color LaserJet Pro 4202dw A4 v\u00e4rvi-laserprinter\"}]},{\"@type\":\"WebSite\",\"@id\":\"https:\/\/rtt.ee\/en\/#website\",\"url\":\"https:\/\/rtt.ee\/en\/\",\"name\":\"RTT\",\"description\":\"Kassaaparaadid ja kontorikaubad\",\"potentialAction\":[{\"@type\":\"SearchAction\",\"target\":{\"@type\":\"EntryPoint\",\"urlTemplate\":\"https:\/\/rtt.ee\/en\/?s={search_term_string}\"},\"query-input\":{\"@type\":\"PropertyValueSpecification\",\"valueRequired\":true,\"valueName\":\"search_term_string\"}}],\"inLanguage\":\"en-US\"}]}<\/script>\n<!-- \/ Yoast SEO plugin. -->","yoast_head_json":{"title":"HP Color LaserJet Pro 4202dw A4 v\u00e4rvi-laserprinter - RTT","description":"HP Color LaserJet Pro 4202dw pakub kiirust kuni 33 lk\/min, automaatset kahepoolset printimist. Ideaalne valik n\u00f5udlikule v\u00e4ikekontorile","robots":{"index":"index","follow":"follow","max-snippet":"max-snippet:-1","max-image-preview":"max-image-preview:large","max-video-preview":"max-video-preview:-1"},"canonical":"https:\/\/rtt.ee\/en\/toode\/koopiamasinad-en\/a4-printer-en\/hp-color-laserjet-pro-4202dw-a4-varvi-laserprinter\/","og_locale":"en_US","og_type":"article","og_title":"HP Color LaserJet Pro 4202dw A4 v\u00e4rvi-laserprinter - RTT","og_description":"HP Color LaserJet Pro 4202dw pakub kiirust kuni 33 lk\/min, automaatset kahepoolset printimist. Ideaalne valik n\u00f5udlikule v\u00e4ikekontorile","og_url":"https:\/\/rtt.ee\/en\/toode\/koopiamasinad-en\/a4-printer-en\/hp-color-laserjet-pro-4202dw-a4-varvi-laserprinter\/","og_site_name":"RTT","article_modified_time":"2026-04-09T06:41:00+00:00","og_image":[{"width":1432,"height":1107,"url":"https:\/\/rtt.ee\/wp-content\/uploads\/2026\/02\/HP-4202DW.jpg","type":"image\/jpeg"}],"twitter_card":"summary_large_image","twitter_misc":{"Est. reading time":"1 minute"},"schema":{"@context":"https:\/\/schema.org","@graph":[{"@type":"WebPage","@id":"https:\/\/rtt.ee\/en\/toode\/koopiamasinad-en\/a4-printer-en\/hp-color-laserjet-pro-4202dw-a4-varvi-laserprinter\/","url":"https:\/\/rtt.ee\/en\/toode\/koopiamasinad-en\/a4-printer-en\/hp-color-laserjet-pro-4202dw-a4-varvi-laserprinter\/","name":"HP Color LaserJet Pro 4202dw A4 v\u00e4rvi-laserprinter - RTT","isPartOf":{"@id":"https:\/\/rtt.ee\/en\/#website"},"primaryImageOfPage":{"@id":"https:\/\/rtt.ee\/en\/toode\/koopiamasinad-en\/a4-printer-en\/hp-color-laserjet-pro-4202dw-a4-varvi-laserprinter\/#primaryimage"},"image":{"@id":"https:\/\/rtt.ee\/en\/toode\/koopiamasinad-en\/a4-printer-en\/hp-color-laserjet-pro-4202dw-a4-varvi-laserprinter\/#primaryimage"},"thumbnailUrl":"https:\/\/rtt.ee\/wp-content\/uploads\/2026\/02\/HP-4202DW.jpg","datePublished":"2026-02-19T07:52:51+00:00","dateModified":"2026-04-09T06:41:00+00:00","description":"HP Color LaserJet Pro 4202dw pakub kiirust kuni 33 lk\/min, automaatset kahepoolset printimist. Ideaalne valik n\u00f5udlikule v\u00e4ikekontorile","breadcrumb":{"@id":"https:\/\/rtt.ee\/en\/toode\/koopiamasinad-en\/a4-printer-en\/hp-color-laserjet-pro-4202dw-a4-varvi-laserprinter\/#breadcrumb"},"inLanguage":"en-US","potentialAction":[{"@type":"ReadAction","target":["https:\/\/rtt.ee\/en\/toode\/koopiamasinad-en\/a4-printer-en\/hp-color-laserjet-pro-4202dw-a4-varvi-laserprinter\/"]}]},{"@type":"ImageObject","inLanguage":"en-US","@id":"https:\/\/rtt.ee\/en\/toode\/koopiamasinad-en\/a4-printer-en\/hp-color-laserjet-pro-4202dw-a4-varvi-laserprinter\/#primaryimage","url":"https:\/\/rtt.ee\/wp-content\/uploads\/2026\/02\/HP-4202DW.jpg","contentUrl":"https:\/\/rtt.ee\/wp-content\/uploads\/2026\/02\/HP-4202DW.jpg","width":1432,"height":1107},{"@type":"BreadcrumbList","@id":"https:\/\/rtt.ee\/en\/toode\/koopiamasinad-en\/a4-printer-en\/hp-color-laserjet-pro-4202dw-a4-varvi-laserprinter\/#breadcrumb","itemListElement":[{"@type":"ListItem","position":1,"name":"Home","item":"https:\/\/rtt.ee\/en\/"},{"@type":"ListItem","position":2,"name":"Shop","item":"https:\/\/rtt.ee\/en\/shop\/"},{"@type":"ListItem","position":3,"name":"Printerid","item":"https:\/\/rtt.ee\/tootekategooria\/printerid\/"},{"@type":"ListItem","position":4,"name":"A3 ja A4 Printer","item":"https:\/\/rtt.ee\/tootekategooria\/printerid\/a4-printer\/"},{"@type":"ListItem","position":5,"name":"HP Color LaserJet Pro 4202dw A4 v\u00e4rvi-laserprinter"}]},{"@type":"WebSite","@id":"https:\/\/rtt.ee\/en\/#website","url":"https:\/\/rtt.ee\/en\/","name":"RTT","description":"Kassaaparaadid ja kontorikaubad","potentialAction":[{"@type":"SearchAction","target":{"@type":"EntryPoint","urlTemplate":"https:\/\/rtt.ee\/en\/?s={search_term_string}"},"query-input":{"@type":"PropertyValueSpecification","valueRequired":true,"valueName":"search_term_string"}}],"inLanguage":"en-US"}]}},"_links":{"self":[{"href":"https:\/\/rtt.ee\/en\/wp-json\/wp\/v2\/product\/15725","targetHints":{"allow":["GET"]}}],"collection":[{"href":"https:\/\/rtt.ee\/en\/wp-json\/wp\/v2\/product"}],"about":[{"href":"https:\/\/rtt.ee\/en\/wp-json\/wp\/v2\/types\/product"}],"wp:featuredmedia":[{"embeddable":true,"href":"https:\/\/rtt.ee\/en\/wp-json\/wp\/v2\/media\/15728"}],"wp:attachment":[{"href":"https:\/\/rtt.ee\/en\/wp-json\/wp\/v2\/media?parent=15725"}],"wp:term":[{"taxonomy":"product_brand","embeddable":true,"href":"https:\/\/rtt.ee\/en\/wp-json\/wp\/v2\/product_brand?post=15725"},{"taxonomy":"product_cat","embeddable":true,"href":"https:\/\/rtt.ee\/en\/wp-json\/wp\/v2\/product_cat?post=15725"},{"taxonomy":"product_tag","embeddable":true,"href":"https:\/\/rtt.ee\/en\/wp-json\/wp\/v2\/product_tag?post=15725"}],"curies":[{"name":"wp","href":"https:\/\/api.w.org\/{rel}","templated":true}]}}